{"id":13634,"date":"2020-12-08T21:43:56","date_gmt":"2020-12-08T20:43:56","guid":{"rendered":"https:\/\/la-ptite-cerise.be\/produit\/fleur-de-sagesse\/"},"modified":"2020-12-08T21:43:56","modified_gmt":"2020-12-08T20:43:56","slug":"fleur-de-sagesse","status":"publish","type":"product","link":"https:\/\/la-ptite-cerise.be\/en\/produit\/fleur-de-sagesse\/","title":{"rendered":"Fleur de sagesse"},"content":{"rendered":"<h3 class=\"\" data-start=\"1694\" data-end=\"1749\"><strong data-start=\"1703\" data-end=\"1733\">Green Tea \u2013 Wisdom Blossom<\/strong> (100 g pouch)<\/h3>\n<p class=\"\" data-start=\"1750\" data-end=\"1806\"><strong data-start=\"1750\" data-end=\"1806\">A refined green tea with floral and red berry notes.<\/strong><\/p>\n<p class=\"\" data-start=\"1808\" data-end=\"2049\">This graceful blend features China Sencha green tea and naturally sweet date, enriched with natural raspberry, strawberry, rose and blackcurrant flavourings. Rose petals and immortelle flowers complete the bouquet for a smooth, fragrant cup.<\/p>\n<p class=\"\" data-start=\"2051\" data-end=\"2100\">\ud83d\udcac <em data-start=\"2054\" data-end=\"2100\">Perfect for a gentle and aromatic tea break.<\/em><\/p>\n<hr class=\"\" data-start=\"2102\" data-end=\"2105\" \/>\n<h3 class=\"\" data-start=\"2107\" data-end=\"2127\">\u2705 <strong data-start=\"2113\" data-end=\"2127\">Highlights<\/strong><\/h3>\n<ul data-start=\"2128\" data-end=\"2295\">\n<li class=\"\" data-start=\"2128\" data-end=\"2206\">\n<p class=\"\" data-start=\"2130\" data-end=\"2206\">Premium blend with sustainably sourced ingredients and natural flavourings<\/p>\n<\/li>\n<li class=\"\" data-start=\"2207\" data-end=\"2251\">\n<p class=\"\" data-start=\"2209\" data-end=\"2251\">Green tea with floral and berry flavours<\/p>\n<\/li>\n<li class=\"\" data-start=\"2252\" data-end=\"2295\">\n<p class=\"\" data-start=\"2254\" data-end=\"2295\">Ideal for relaxing moments, hot or iced<\/p>\n<\/li>\n<\/ul>\n<hr class=\"\" data-start=\"2297\" data-end=\"2300\" \/>\n<h3 class=\"\" data-start=\"2302\" data-end=\"2326\">\ud83e\uddfe <strong data-start=\"2309\" data-end=\"2324\">Ingredients<\/strong><\/h3>\n<p class=\"\" data-start=\"2327\" data-end=\"2580\">China Sencha green tea (77%), date (date, rice flour) (22%), natural raspberry flavour, natural blackcurrant flavour, immortelle flowers, rose petals, natural strawberry flavour, natural rose flavour<br data-start=\"2526\" data-end=\"2529\" \/><strong data-start=\"2529\" data-end=\"2542\">Allergens<\/strong>: May contain traces of milk and nuts.<\/p>\n<hr class=\"\" data-start=\"2582\" data-end=\"2585\" \/>\n<h3 class=\"\" data-start=\"2587\" data-end=\"2611\">\ud83c\udf7d\ufe0f <strong data-start=\"2595\" data-end=\"2611\">Brewing tips<\/strong><\/h3>\n<ul data-start=\"2612\" data-end=\"2830\">\n<li class=\"\" data-start=\"2612\" data-end=\"2647\">\n<p class=\"\" data-start=\"2614\" data-end=\"2647\"><strong data-start=\"2614\" data-end=\"2635\">Water temperature<\/strong>: 70\u201380\u202f\u00b0C<\/p>\n<\/li>\n<li class=\"\" data-start=\"2648\" data-end=\"2682\">\n<p class=\"\" data-start=\"2650\" data-end=\"2682\"><strong data-start=\"2650\" data-end=\"2667\">Steeping time<\/strong>: 2\u20133 minutes<\/p>\n<\/li>\n<li class=\"\" data-start=\"2683\" data-end=\"2747\">\n<p class=\"\" data-start=\"2685\" data-end=\"2698\"><strong data-start=\"2685\" data-end=\"2697\">Quantity<\/strong>:<\/p>\n<ul data-start=\"2701\" data-end=\"2747\">\n<li class=\"\" data-start=\"2701\" data-end=\"2719\">\n<p class=\"\" data-start=\"2703\" data-end=\"2719\">3 g per 200 ml<\/p>\n<\/li>\n<li class=\"\" data-start=\"2722\" data-end=\"2747\">\n<p class=\"\" data-start=\"2724\" data-end=\"2747\"><strong data-start=\"2724\" data-end=\"2745\">12\u201315 g per litre<\/strong><\/p>\n<\/li>\n<\/ul>\n<\/li>\n<li class=\"\" data-start=\"2748\" data-end=\"2830\">\n<p class=\"\" data-start=\"2750\" data-end=\"2830\"><strong data-start=\"2750\" data-end=\"2772\">Serving suggestion<\/strong>: Enjoy plain or sweetened for a more intense fruity touch<\/p>\n<\/li>\n<\/ul>\n","protected":false},"excerpt":{"rendered":"<p>Floral green tea with rose and berries. 100 g pouch \u2013 delicate and fragrant.<\/p>\n","protected":false},"featured_media":13633,"template":"","meta":[],"product_brand":[],"product_cat":[143],"product_tag":[],"class_list":{"0":"post-13634","1":"product","2":"type-product","3":"status-publish","4":"has-post-thumbnail","6":"product_cat-tea","8":"first","9":"instock","10":"taxable","11":"shipping-taxable","12":"purchasable","13":"product-type-simple"},"yoast_head":"<!-- This site is optimized with the Yoast SEO plugin v25.7 - https:\/\/yoast.com\/wordpress\/plugins\/seo\/ -->\n<title>Fleur de sagesse - La P&#039;tite Cerise<\/title>\n<meta name=\"robots\" content=\"index, follow, max-snippet:-1, max-image-preview:large, max-video-preview:-1\" \/>\n<link rel=\"canonical\" href=\"https:\/\/la-ptite-cerise.be\/produit\/fleur-de-sagesse\/\" \/>\n<meta property=\"og:locale\" content=\"en_US\" \/>\n<meta property=\"og:type\" content=\"article\" \/>\n<meta property=\"og:title\" content=\"Fleur de sagesse - La P&#039;tite Cerise\" \/>\n<meta property=\"og:description\" content=\"Floral green tea with rose and berries. 100 g pouch \u2013 delicate and fragrant.\" \/>\n<meta property=\"og:url\" content=\"https:\/\/la-ptite-cerise.be\/produit\/fleur-de-sagesse\/\" \/>\n<meta property=\"og:site_name\" content=\"La P&#039;tite Cerise\" \/>\n<meta property=\"article:publisher\" content=\"https:\/\/www.facebook.com\/laptitecerise\/\" \/>\n<meta property=\"og:image\" content=\"https:\/\/la-ptite-cerise.be\/wp-content\/uploads\/2020\/12\/83466_1.jpeg\" \/>\n\t<meta property=\"og:image:width\" content=\"500\" \/>\n\t<meta property=\"og:image:height\" content=\"500\" \/>\n\t<meta property=\"og:image:type\" content=\"image\/jpeg\" \/>\n<meta name=\"twitter:card\" content=\"summary_large_image\" \/>\n<meta name=\"twitter:label1\" content=\"Est. reading time\" \/>\n\t<meta name=\"twitter:data1\" content=\"1 minute\" \/>\n<script type=\"application\/ld+json\" class=\"yoast-schema-graph\">{\"@context\":\"https:\/\/schema.org\",\"@graph\":[{\"@type\":\"WebPage\",\"@id\":\"https:\/\/la-ptite-cerise.be\/produit\/fleur-de-sagesse\/\",\"url\":\"https:\/\/la-ptite-cerise.be\/produit\/fleur-de-sagesse\/\",\"name\":\"Fleur de sagesse - La P&#039;tite Cerise\",\"isPartOf\":{\"@id\":\"https:\/\/la-ptite-cerise.be\/#website\"},\"primaryImageOfPage\":{\"@id\":\"https:\/\/la-ptite-cerise.be\/produit\/fleur-de-sagesse\/#primaryimage\"},\"image\":{\"@id\":\"https:\/\/la-ptite-cerise.be\/produit\/fleur-de-sagesse\/#primaryimage\"},\"thumbnailUrl\":\"https:\/\/la-ptite-cerise.be\/wp-content\/uploads\/2020\/12\/83466_1.jpeg\",\"datePublished\":\"2020-12-08T20:43:56+00:00\",\"breadcrumb\":{\"@id\":\"https:\/\/la-ptite-cerise.be\/produit\/fleur-de-sagesse\/#breadcrumb\"},\"inLanguage\":\"en-US\",\"potentialAction\":[{\"@type\":\"ReadAction\",\"target\":[\"https:\/\/la-ptite-cerise.be\/produit\/fleur-de-sagesse\/\"]}]},{\"@type\":\"ImageObject\",\"inLanguage\":\"en-US\",\"@id\":\"https:\/\/la-ptite-cerise.be\/produit\/fleur-de-sagesse\/#primaryimage\",\"url\":\"https:\/\/la-ptite-cerise.be\/wp-content\/uploads\/2020\/12\/83466_1.jpeg\",\"contentUrl\":\"https:\/\/la-ptite-cerise.be\/wp-content\/uploads\/2020\/12\/83466_1.jpeg\",\"width\":500,\"height\":500},{\"@type\":\"BreadcrumbList\",\"@id\":\"https:\/\/la-ptite-cerise.be\/produit\/fleur-de-sagesse\/#breadcrumb\",\"itemListElement\":[{\"@type\":\"ListItem\",\"position\":1,\"name\":\"Accueil\",\"item\":\"https:\/\/la-ptite-cerise.be\/en\/\"},{\"@type\":\"ListItem\",\"position\":2,\"name\":\"Store\",\"item\":\"https:\/\/la-ptite-cerise.be\/boutique\/\"},{\"@type\":\"ListItem\",\"position\":3,\"name\":\"Fleur de sagesse\"}]},{\"@type\":\"WebSite\",\"@id\":\"https:\/\/la-ptite-cerise.be\/#website\",\"url\":\"https:\/\/la-ptite-cerise.be\/\",\"name\":\"La P'tite Cerise\",\"description\":\"Artisan torr\u00e9facteur de caf\u00e9 de sp\u00e9cialit\u00e9. S\u00e9lection de th\u00e9s &amp; tisanes.\",\"publisher\":{\"@id\":\"https:\/\/la-ptite-cerise.be\/#organization\"},\"potentialAction\":[{\"@type\":\"SearchAction\",\"target\":{\"@type\":\"EntryPoint\",\"urlTemplate\":\"https:\/\/la-ptite-cerise.be\/?s={search_term_string}\"},\"query-input\":{\"@type\":\"PropertyValueSpecification\",\"valueRequired\":true,\"valueName\":\"search_term_string\"}}],\"inLanguage\":\"en-US\"},{\"@type\":\"Organization\",\"@id\":\"https:\/\/la-ptite-cerise.be\/#organization\",\"name\":\"La P'tite Cerise\",\"url\":\"https:\/\/la-ptite-cerise.be\/\",\"logo\":{\"@type\":\"ImageObject\",\"inLanguage\":\"en-US\",\"@id\":\"https:\/\/la-ptite-cerise.be\/#\/schema\/logo\/image\/\",\"url\":\"https:\/\/la-ptite-cerise.be\/wp-content\/uploads\/2020\/10\/logo-header-01.jpg\",\"contentUrl\":\"https:\/\/la-ptite-cerise.be\/wp-content\/uploads\/2020\/10\/logo-header-01.jpg\",\"width\":176,\"height\":100,\"caption\":\"La P'tite Cerise\"},\"image\":{\"@id\":\"https:\/\/la-ptite-cerise.be\/#\/schema\/logo\/image\/\"},\"sameAs\":[\"https:\/\/www.facebook.com\/laptitecerise\/\",\"https:\/\/www.instagram.com\/la.ptite_cerise\/\"]}]}<\/script>\n<!-- \/ Yoast SEO plugin. -->","yoast_head_json":{"title":"Fleur de sagesse - La P&#039;tite Cerise","robots":{"index":"index","follow":"follow","max-snippet":"max-snippet:-1","max-image-preview":"max-image-preview:large","max-video-preview":"max-video-preview:-1"},"canonical":"https:\/\/la-ptite-cerise.be\/produit\/fleur-de-sagesse\/","og_locale":"en_US","og_type":"article","og_title":"Fleur de sagesse - La P&#039;tite Cerise","og_description":"Floral green tea with rose and berries. 100 g pouch \u2013 delicate and fragrant.","og_url":"https:\/\/la-ptite-cerise.be\/produit\/fleur-de-sagesse\/","og_site_name":"La P&#039;tite Cerise","article_publisher":"https:\/\/www.facebook.com\/laptitecerise\/","og_image":[{"width":500,"height":500,"url":"https:\/\/la-ptite-cerise.be\/wp-content\/uploads\/2020\/12\/83466_1.jpeg","type":"image\/jpeg"}],"twitter_card":"summary_large_image","twitter_misc":{"Est. reading time":"1 minute"},"schema":{"@context":"https:\/\/schema.org","@graph":[{"@type":"WebPage","@id":"https:\/\/la-ptite-cerise.be\/produit\/fleur-de-sagesse\/","url":"https:\/\/la-ptite-cerise.be\/produit\/fleur-de-sagesse\/","name":"Fleur de sagesse - La P&#039;tite Cerise","isPartOf":{"@id":"https:\/\/la-ptite-cerise.be\/#website"},"primaryImageOfPage":{"@id":"https:\/\/la-ptite-cerise.be\/produit\/fleur-de-sagesse\/#primaryimage"},"image":{"@id":"https:\/\/la-ptite-cerise.be\/produit\/fleur-de-sagesse\/#primaryimage"},"thumbnailUrl":"https:\/\/la-ptite-cerise.be\/wp-content\/uploads\/2020\/12\/83466_1.jpeg","datePublished":"2020-12-08T20:43:56+00:00","breadcrumb":{"@id":"https:\/\/la-ptite-cerise.be\/produit\/fleur-de-sagesse\/#breadcrumb"},"inLanguage":"en-US","potentialAction":[{"@type":"ReadAction","target":["https:\/\/la-ptite-cerise.be\/produit\/fleur-de-sagesse\/"]}]},{"@type":"ImageObject","inLanguage":"en-US","@id":"https:\/\/la-ptite-cerise.be\/produit\/fleur-de-sagesse\/#primaryimage","url":"https:\/\/la-ptite-cerise.be\/wp-content\/uploads\/2020\/12\/83466_1.jpeg","contentUrl":"https:\/\/la-ptite-cerise.be\/wp-content\/uploads\/2020\/12\/83466_1.jpeg","width":500,"height":500},{"@type":"BreadcrumbList","@id":"https:\/\/la-ptite-cerise.be\/produit\/fleur-de-sagesse\/#breadcrumb","itemListElement":[{"@type":"ListItem","position":1,"name":"Accueil","item":"https:\/\/la-ptite-cerise.be\/en\/"},{"@type":"ListItem","position":2,"name":"Store","item":"https:\/\/la-ptite-cerise.be\/boutique\/"},{"@type":"ListItem","position":3,"name":"Fleur de sagesse"}]},{"@type":"WebSite","@id":"https:\/\/la-ptite-cerise.be\/#website","url":"https:\/\/la-ptite-cerise.be\/","name":"La P'tite Cerise","description":"Artisan torr\u00e9facteur de caf\u00e9 de sp\u00e9cialit\u00e9. S\u00e9lection de th\u00e9s &amp; tisanes.","publisher":{"@id":"https:\/\/la-ptite-cerise.be\/#organization"},"potentialAction":[{"@type":"SearchAction","target":{"@type":"EntryPoint","urlTemplate":"https:\/\/la-ptite-cerise.be\/?s={search_term_string}"},"query-input":{"@type":"PropertyValueSpecification","valueRequired":true,"valueName":"search_term_string"}}],"inLanguage":"en-US"},{"@type":"Organization","@id":"https:\/\/la-ptite-cerise.be\/#organization","name":"La P'tite Cerise","url":"https:\/\/la-ptite-cerise.be\/","logo":{"@type":"ImageObject","inLanguage":"en-US","@id":"https:\/\/la-ptite-cerise.be\/#\/schema\/logo\/image\/","url":"https:\/\/la-ptite-cerise.be\/wp-content\/uploads\/2020\/10\/logo-header-01.jpg","contentUrl":"https:\/\/la-ptite-cerise.be\/wp-content\/uploads\/2020\/10\/logo-header-01.jpg","width":176,"height":100,"caption":"La P'tite Cerise"},"image":{"@id":"https:\/\/la-ptite-cerise.be\/#\/schema\/logo\/image\/"},"sameAs":["https:\/\/www.facebook.com\/laptitecerise\/","https:\/\/www.instagram.com\/la.ptite_cerise\/"]}]}},"_links":{"self":[{"href":"https:\/\/la-ptite-cerise.be\/en\/wp-json\/wp\/v2\/product\/13634","targetHints":{"allow":["GET"]}}],"collection":[{"href":"https:\/\/la-ptite-cerise.be\/en\/wp-json\/wp\/v2\/product"}],"about":[{"href":"https:\/\/la-ptite-cerise.be\/en\/wp-json\/wp\/v2\/types\/product"}],"wp:featuredmedia":[{"embeddable":true,"href":"https:\/\/la-ptite-cerise.be\/en\/wp-json\/wp\/v2\/media\/13633"}],"wp:attachment":[{"href":"https:\/\/la-ptite-cerise.be\/en\/wp-json\/wp\/v2\/media?parent=13634"}],"wp:term":[{"taxonomy":"product_brand","embeddable":true,"href":"https:\/\/la-ptite-cerise.be\/en\/wp-json\/wp\/v2\/product_brand?post=13634"},{"taxonomy":"product_cat","embeddable":true,"href":"https:\/\/la-ptite-cerise.be\/en\/wp-json\/wp\/v2\/product_cat?post=13634"},{"taxonomy":"product_tag","embeddable":true,"href":"https:\/\/la-ptite-cerise.be\/en\/wp-json\/wp\/v2\/product_tag?post=13634"}],"curies":[{"name":"wp","href":"https:\/\/api.w.org\/{rel}","templated":true}]}}