{"id":13640,"date":"2020-12-08T21:39:55","date_gmt":"2020-12-08T20:39:55","guid":{"rendered":"https:\/\/la-ptite-cerise.be\/produit\/from-paris-with-love\/"},"modified":"2020-12-08T21:39:55","modified_gmt":"2020-12-08T20:39:55","slug":"from-paris-with-love","status":"publish","type":"product","link":"https:\/\/la-ptite-cerise.be\/en\/produit\/from-paris-with-love\/","title":{"rendered":"From Paris with Love"},"content":{"rendered":"<h3 class=\"\" data-start=\"1633\" data-end=\"1694\"><strong data-start=\"1642\" data-end=\"1678\">Green Tea \u2013 From Paris with Love<\/strong> (100 g pouch)<\/h3>\n<p class=\"\" data-start=\"1695\" data-end=\"1775\"><strong data-start=\"1695\" data-end=\"1775\">A delicate green and white tea blend with floral violet and red berry notes.<\/strong><\/p>\n<p class=\"\" data-start=\"1777\" data-end=\"2026\">This elegant infusion combines China Sencha green tea with Pai Mu Tan and China White Monkey white teas. Natural raspberry, strawberry and violet flavourings, along with real raspberry pieces and mallow flowers, create a smooth and romantic bouquet.<\/p>\n<p class=\"\" data-start=\"2028\" data-end=\"2087\">\ud83d\udcac <em data-start=\"2031\" data-end=\"2087\">A charming and aromatic tea for any moment of the day.<\/em><\/p>\n<hr class=\"\" data-start=\"2089\" data-end=\"2092\" \/>\n<h3 class=\"\" data-start=\"2094\" data-end=\"2114\">\u2705 <strong data-start=\"2100\" data-end=\"2114\">Highlights<\/strong><\/h3>\n<ul data-start=\"2115\" data-end=\"2303\">\n<li class=\"\" data-start=\"2115\" data-end=\"2193\">\n<p class=\"\" data-start=\"2117\" data-end=\"2193\">Premium blend with sustainably sourced ingredients and natural flavourings<\/p>\n<\/li>\n<li class=\"\" data-start=\"2194\" data-end=\"2250\">\n<p class=\"\" data-start=\"2196\" data-end=\"2250\">Floral and fruity, with violet and red berry accents<\/p>\n<\/li>\n<li class=\"\" data-start=\"2251\" data-end=\"2303\">\n<p class=\"\" data-start=\"2253\" data-end=\"2303\">Light and elegant, ideal for relaxed tea moments<\/p>\n<\/li>\n<\/ul>\n<hr class=\"\" data-start=\"2305\" data-end=\"2308\" \/>\n<h3 class=\"\" data-start=\"2310\" data-end=\"2334\">\ud83e\uddfe <strong data-start=\"2317\" data-end=\"2332\">Ingredients<\/strong><\/h3>\n<p class=\"\" data-start=\"2335\" data-end=\"2575\">China Sencha green tea, Pai Mu Tan white tea, China White Monkey white tea, natural raspberry flavouring, raspberry (3%), natural violet flavouring, mallow, natural strawberry flavouring<br data-start=\"2521\" data-end=\"2524\" \/><strong data-start=\"2524\" data-end=\"2537\">Allergens<\/strong>: May contain traces of milk and nuts.<\/p>\n<hr class=\"\" data-start=\"2577\" data-end=\"2580\" \/>\n<h3 class=\"\" data-start=\"2582\" data-end=\"2606\">\ud83c\udf7d\ufe0f <strong data-start=\"2590\" data-end=\"2606\">Brewing tips<\/strong><\/h3>\n<ul data-start=\"2607\" data-end=\"2816\">\n<li class=\"\" data-start=\"2607\" data-end=\"2642\">\n<p class=\"\" data-start=\"2609\" data-end=\"2642\"><strong data-start=\"2609\" data-end=\"2630\">Water temperature<\/strong>: 75\u201380\u202f\u00b0C<\/p>\n<\/li>\n<li class=\"\" data-start=\"2643\" data-end=\"2677\">\n<p class=\"\" data-start=\"2645\" data-end=\"2677\"><strong data-start=\"2645\" data-end=\"2662\">Steeping time<\/strong>: 2\u20133 minutes<\/p>\n<\/li>\n<li class=\"\" data-start=\"2678\" data-end=\"2742\">\n<p class=\"\" data-start=\"2680\" data-end=\"2693\"><strong data-start=\"2680\" data-end=\"2692\">Quantity<\/strong>:<\/p>\n<ul data-start=\"2696\" data-end=\"2742\">\n<li class=\"\" data-start=\"2696\" data-end=\"2714\">\n<p class=\"\" data-start=\"2698\" data-end=\"2714\">3 g per 200 ml<\/p>\n<\/li>\n<li class=\"\" data-start=\"2717\" data-end=\"2742\">\n<p class=\"\" data-start=\"2719\" data-end=\"2742\"><strong data-start=\"2719\" data-end=\"2740\">12\u201315 g per litre<\/strong><\/p>\n<\/li>\n<\/ul>\n<\/li>\n<li class=\"\" data-start=\"2743\" data-end=\"2816\">\n<p class=\"\" data-start=\"2745\" data-end=\"2816\"><strong data-start=\"2745\" data-end=\"2767\">Serving suggestion<\/strong>: Enjoy warm or iced for a fragrant floral escape<\/p>\n<\/li>\n<\/ul>\n","protected":false},"excerpt":{"rendered":"<p class=\"\" data-start=\"2998\" data-end=\"3086\">Green and white tea with violet and raspberry. 100 g pouch \u2013 refined, floral and smooth.<\/p>\n","protected":false},"featured_media":8221,"template":"","meta":[],"product_brand":[],"product_cat":[143],"product_tag":[],"class_list":{"0":"post-13640","1":"product","2":"type-product","3":"status-publish","4":"has-post-thumbnail","6":"product_cat-tea","8":"first","9":"instock","10":"taxable","11":"shipping-taxable","12":"purchasable","13":"product-type-simple"},"yoast_head":"<!-- This site is optimized with the Yoast SEO plugin v25.7 - https:\/\/yoast.com\/wordpress\/plugins\/seo\/ -->\n<title>From Paris with Love - La P&#039;tite Cerise<\/title>\n<meta name=\"robots\" content=\"index, follow, max-snippet:-1, max-image-preview:large, max-video-preview:-1\" \/>\n<link rel=\"canonical\" href=\"https:\/\/la-ptite-cerise.be\/produit\/from-paris-with-love\/\" \/>\n<meta property=\"og:locale\" content=\"en_US\" \/>\n<meta property=\"og:type\" content=\"article\" \/>\n<meta property=\"og:title\" content=\"From Paris with Love - La P&#039;tite Cerise\" \/>\n<meta property=\"og:description\" content=\"Green and white tea with violet and raspberry. 100 g pouch \u2013 refined, floral and smooth.\" \/>\n<meta property=\"og:url\" content=\"https:\/\/la-ptite-cerise.be\/produit\/from-paris-with-love\/\" \/>\n<meta property=\"og:site_name\" content=\"La P&#039;tite Cerise\" \/>\n<meta property=\"article:publisher\" content=\"https:\/\/www.facebook.com\/laptitecerise\/\" \/>\n<meta property=\"og:image\" content=\"https:\/\/la-ptite-cerise.be\/wp-content\/uploads\/2020\/12\/83059_From_Paris_With_Love_BIO.jpg\" \/>\n\t<meta property=\"og:image:width\" content=\"500\" \/>\n\t<meta property=\"og:image:height\" content=\"500\" \/>\n\t<meta property=\"og:image:type\" content=\"image\/jpeg\" \/>\n<meta name=\"twitter:card\" content=\"summary_large_image\" \/>\n<meta name=\"twitter:label1\" content=\"Est. reading time\" \/>\n\t<meta name=\"twitter:data1\" content=\"1 minute\" \/>\n<script type=\"application\/ld+json\" class=\"yoast-schema-graph\">{\"@context\":\"https:\/\/schema.org\",\"@graph\":[{\"@type\":\"WebPage\",\"@id\":\"https:\/\/la-ptite-cerise.be\/produit\/from-paris-with-love\/\",\"url\":\"https:\/\/la-ptite-cerise.be\/produit\/from-paris-with-love\/\",\"name\":\"From Paris with Love - La P&#039;tite Cerise\",\"isPartOf\":{\"@id\":\"https:\/\/la-ptite-cerise.be\/#website\"},\"primaryImageOfPage\":{\"@id\":\"https:\/\/la-ptite-cerise.be\/produit\/from-paris-with-love\/#primaryimage\"},\"image\":{\"@id\":\"https:\/\/la-ptite-cerise.be\/produit\/from-paris-with-love\/#primaryimage\"},\"thumbnailUrl\":\"https:\/\/la-ptite-cerise.be\/wp-content\/uploads\/2020\/12\/83059_From_Paris_With_Love_BIO.jpg\",\"datePublished\":\"2020-12-08T20:39:55+00:00\",\"breadcrumb\":{\"@id\":\"https:\/\/la-ptite-cerise.be\/produit\/from-paris-with-love\/#breadcrumb\"},\"inLanguage\":\"en-US\",\"potentialAction\":[{\"@type\":\"ReadAction\",\"target\":[\"https:\/\/la-ptite-cerise.be\/produit\/from-paris-with-love\/\"]}]},{\"@type\":\"ImageObject\",\"inLanguage\":\"en-US\",\"@id\":\"https:\/\/la-ptite-cerise.be\/produit\/from-paris-with-love\/#primaryimage\",\"url\":\"https:\/\/la-ptite-cerise.be\/wp-content\/uploads\/2020\/12\/83059_From_Paris_With_Love_BIO.jpg\",\"contentUrl\":\"https:\/\/la-ptite-cerise.be\/wp-content\/uploads\/2020\/12\/83059_From_Paris_With_Love_BIO.jpg\",\"width\":500,\"height\":500},{\"@type\":\"BreadcrumbList\",\"@id\":\"https:\/\/la-ptite-cerise.be\/produit\/from-paris-with-love\/#breadcrumb\",\"itemListElement\":[{\"@type\":\"ListItem\",\"position\":1,\"name\":\"Accueil\",\"item\":\"https:\/\/la-ptite-cerise.be\/en\/\"},{\"@type\":\"ListItem\",\"position\":2,\"name\":\"Store\",\"item\":\"https:\/\/la-ptite-cerise.be\/boutique\/\"},{\"@type\":\"ListItem\",\"position\":3,\"name\":\"From Paris with Love\"}]},{\"@type\":\"WebSite\",\"@id\":\"https:\/\/la-ptite-cerise.be\/#website\",\"url\":\"https:\/\/la-ptite-cerise.be\/\",\"name\":\"La P'tite Cerise\",\"description\":\"Artisan torr\u00e9facteur de caf\u00e9 de sp\u00e9cialit\u00e9. S\u00e9lection de th\u00e9s &amp; tisanes.\",\"publisher\":{\"@id\":\"https:\/\/la-ptite-cerise.be\/#organization\"},\"potentialAction\":[{\"@type\":\"SearchAction\",\"target\":{\"@type\":\"EntryPoint\",\"urlTemplate\":\"https:\/\/la-ptite-cerise.be\/?s={search_term_string}\"},\"query-input\":{\"@type\":\"PropertyValueSpecification\",\"valueRequired\":true,\"valueName\":\"search_term_string\"}}],\"inLanguage\":\"en-US\"},{\"@type\":\"Organization\",\"@id\":\"https:\/\/la-ptite-cerise.be\/#organization\",\"name\":\"La P'tite Cerise\",\"url\":\"https:\/\/la-ptite-cerise.be\/\",\"logo\":{\"@type\":\"ImageObject\",\"inLanguage\":\"en-US\",\"@id\":\"https:\/\/la-ptite-cerise.be\/#\/schema\/logo\/image\/\",\"url\":\"https:\/\/la-ptite-cerise.be\/wp-content\/uploads\/2020\/10\/logo-header-01.jpg\",\"contentUrl\":\"https:\/\/la-ptite-cerise.be\/wp-content\/uploads\/2020\/10\/logo-header-01.jpg\",\"width\":176,\"height\":100,\"caption\":\"La P'tite Cerise\"},\"image\":{\"@id\":\"https:\/\/la-ptite-cerise.be\/#\/schema\/logo\/image\/\"},\"sameAs\":[\"https:\/\/www.facebook.com\/laptitecerise\/\",\"https:\/\/www.instagram.com\/la.ptite_cerise\/\"]}]}<\/script>\n<!-- \/ Yoast SEO plugin. -->","yoast_head_json":{"title":"From Paris with Love - La P&#039;tite Cerise","robots":{"index":"index","follow":"follow","max-snippet":"max-snippet:-1","max-image-preview":"max-image-preview:large","max-video-preview":"max-video-preview:-1"},"canonical":"https:\/\/la-ptite-cerise.be\/produit\/from-paris-with-love\/","og_locale":"en_US","og_type":"article","og_title":"From Paris with Love - La P&#039;tite Cerise","og_description":"Green and white tea with violet and raspberry. 100 g pouch \u2013 refined, floral and smooth.","og_url":"https:\/\/la-ptite-cerise.be\/produit\/from-paris-with-love\/","og_site_name":"La P&#039;tite Cerise","article_publisher":"https:\/\/www.facebook.com\/laptitecerise\/","og_image":[{"width":500,"height":500,"url":"https:\/\/la-ptite-cerise.be\/wp-content\/uploads\/2020\/12\/83059_From_Paris_With_Love_BIO.jpg","type":"image\/jpeg"}],"twitter_card":"summary_large_image","twitter_misc":{"Est. reading time":"1 minute"},"schema":{"@context":"https:\/\/schema.org","@graph":[{"@type":"WebPage","@id":"https:\/\/la-ptite-cerise.be\/produit\/from-paris-with-love\/","url":"https:\/\/la-ptite-cerise.be\/produit\/from-paris-with-love\/","name":"From Paris with Love - La P&#039;tite Cerise","isPartOf":{"@id":"https:\/\/la-ptite-cerise.be\/#website"},"primaryImageOfPage":{"@id":"https:\/\/la-ptite-cerise.be\/produit\/from-paris-with-love\/#primaryimage"},"image":{"@id":"https:\/\/la-ptite-cerise.be\/produit\/from-paris-with-love\/#primaryimage"},"thumbnailUrl":"https:\/\/la-ptite-cerise.be\/wp-content\/uploads\/2020\/12\/83059_From_Paris_With_Love_BIO.jpg","datePublished":"2020-12-08T20:39:55+00:00","breadcrumb":{"@id":"https:\/\/la-ptite-cerise.be\/produit\/from-paris-with-love\/#breadcrumb"},"inLanguage":"en-US","potentialAction":[{"@type":"ReadAction","target":["https:\/\/la-ptite-cerise.be\/produit\/from-paris-with-love\/"]}]},{"@type":"ImageObject","inLanguage":"en-US","@id":"https:\/\/la-ptite-cerise.be\/produit\/from-paris-with-love\/#primaryimage","url":"https:\/\/la-ptite-cerise.be\/wp-content\/uploads\/2020\/12\/83059_From_Paris_With_Love_BIO.jpg","contentUrl":"https:\/\/la-ptite-cerise.be\/wp-content\/uploads\/2020\/12\/83059_From_Paris_With_Love_BIO.jpg","width":500,"height":500},{"@type":"BreadcrumbList","@id":"https:\/\/la-ptite-cerise.be\/produit\/from-paris-with-love\/#breadcrumb","itemListElement":[{"@type":"ListItem","position":1,"name":"Accueil","item":"https:\/\/la-ptite-cerise.be\/en\/"},{"@type":"ListItem","position":2,"name":"Store","item":"https:\/\/la-ptite-cerise.be\/boutique\/"},{"@type":"ListItem","position":3,"name":"From Paris with Love"}]},{"@type":"WebSite","@id":"https:\/\/la-ptite-cerise.be\/#website","url":"https:\/\/la-ptite-cerise.be\/","name":"La P'tite Cerise","description":"Artisan torr\u00e9facteur de caf\u00e9 de sp\u00e9cialit\u00e9. S\u00e9lection de th\u00e9s &amp; tisanes.","publisher":{"@id":"https:\/\/la-ptite-cerise.be\/#organization"},"potentialAction":[{"@type":"SearchAction","target":{"@type":"EntryPoint","urlTemplate":"https:\/\/la-ptite-cerise.be\/?s={search_term_string}"},"query-input":{"@type":"PropertyValueSpecification","valueRequired":true,"valueName":"search_term_string"}}],"inLanguage":"en-US"},{"@type":"Organization","@id":"https:\/\/la-ptite-cerise.be\/#organization","name":"La P'tite Cerise","url":"https:\/\/la-ptite-cerise.be\/","logo":{"@type":"ImageObject","inLanguage":"en-US","@id":"https:\/\/la-ptite-cerise.be\/#\/schema\/logo\/image\/","url":"https:\/\/la-ptite-cerise.be\/wp-content\/uploads\/2020\/10\/logo-header-01.jpg","contentUrl":"https:\/\/la-ptite-cerise.be\/wp-content\/uploads\/2020\/10\/logo-header-01.jpg","width":176,"height":100,"caption":"La P'tite Cerise"},"image":{"@id":"https:\/\/la-ptite-cerise.be\/#\/schema\/logo\/image\/"},"sameAs":["https:\/\/www.facebook.com\/laptitecerise\/","https:\/\/www.instagram.com\/la.ptite_cerise\/"]}]}},"_links":{"self":[{"href":"https:\/\/la-ptite-cerise.be\/en\/wp-json\/wp\/v2\/product\/13640","targetHints":{"allow":["GET"]}}],"collection":[{"href":"https:\/\/la-ptite-cerise.be\/en\/wp-json\/wp\/v2\/product"}],"about":[{"href":"https:\/\/la-ptite-cerise.be\/en\/wp-json\/wp\/v2\/types\/product"}],"wp:featuredmedia":[{"embeddable":true,"href":"https:\/\/la-ptite-cerise.be\/en\/wp-json\/wp\/v2\/media\/8221"}],"wp:attachment":[{"href":"https:\/\/la-ptite-cerise.be\/en\/wp-json\/wp\/v2\/media?parent=13640"}],"wp:term":[{"taxonomy":"product_brand","embeddable":true,"href":"https:\/\/la-ptite-cerise.be\/en\/wp-json\/wp\/v2\/product_brand?post=13640"},{"taxonomy":"product_cat","embeddable":true,"href":"https:\/\/la-ptite-cerise.be\/en\/wp-json\/wp\/v2\/product_cat?post=13640"},{"taxonomy":"product_tag","embeddable":true,"href":"https:\/\/la-ptite-cerise.be\/en\/wp-json\/wp\/v2\/product_tag?post=13640"}],"curies":[{"name":"wp","href":"https:\/\/api.w.org\/{rel}","templated":true}]}}