{"id":13645,"date":"2020-12-08T21:19:42","date_gmt":"2020-12-08T20:19:42","guid":{"rendered":"https:\/\/la-ptite-cerise.be\/produit\/china-sencha\/"},"modified":"2020-12-08T21:19:42","modified_gmt":"2020-12-08T20:19:42","slug":"china-sencha","status":"publish","type":"product","link":"https:\/\/la-ptite-cerise.be\/en\/produit\/china-sencha\/","title":{"rendered":"China Sencha"},"content":{"rendered":"<h3 class=\"\" data-start=\"1402\" data-end=\"1455\"><strong data-start=\"1411\" data-end=\"1439\">Green Tea \u2013 China Sencha<\/strong> (100 g pouch)<\/h3>\n<p class=\"\" data-start=\"1456\" data-end=\"1533\"><strong data-start=\"1456\" data-end=\"1533\">A smooth and classic green tea with large leaves and a golden-yellow cup.<\/strong><\/p>\n<p class=\"\" data-start=\"1535\" data-end=\"1768\">This traditional China Sencha delivers a light, clean flavour with a soft vegetal finish. Low in caffeine and easy to enjoy throughout the day, it\u2019s perfect for daily drinking, whether you&#8217;re new to green tea or a seasoned tea lover.<\/p>\n<p class=\"\" data-start=\"1770\" data-end=\"1838\">\ud83d\udcac <em data-start=\"1773\" data-end=\"1838\">Naturally refreshing and balanced \u2013 a staple for any tea shelf.<\/em><\/p>\n<hr class=\"\" data-start=\"1840\" data-end=\"1843\" \/>\n<h3 class=\"\" data-start=\"1845\" data-end=\"1865\">\u2705 <strong data-start=\"1851\" data-end=\"1865\">Highlights<\/strong><\/h3>\n<ul data-start=\"1866\" data-end=\"1979\">\n<li class=\"\" data-start=\"1866\" data-end=\"1902\">\n<p class=\"\" data-start=\"1868\" data-end=\"1902\">Premium, non-flavoured green tea<\/p>\n<\/li>\n<li class=\"\" data-start=\"1903\" data-end=\"1942\">\n<p class=\"\" data-start=\"1905\" data-end=\"1942\">Large-leaf Sencha with gentle taste<\/p>\n<\/li>\n<li class=\"\" data-start=\"1943\" data-end=\"1979\">\n<p class=\"\" data-start=\"1945\" data-end=\"1979\">Mild and suitable for any moment<\/p>\n<\/li>\n<\/ul>\n<hr class=\"\" data-start=\"1981\" data-end=\"1984\" \/>\n<h3 class=\"\" data-start=\"1986\" data-end=\"2010\">\ud83e\uddfe <strong data-start=\"1993\" data-end=\"2008\">Ingredients<\/strong><\/h3>\n<p class=\"\" data-start=\"2011\" data-end=\"2087\">China Sencha green tea<br data-start=\"2033\" data-end=\"2036\" \/><strong data-start=\"2036\" data-end=\"2049\">Allergens<\/strong>: May contain traces of milk and nuts.<\/p>\n<hr class=\"\" data-start=\"2089\" data-end=\"2092\" \/>\n<h3 class=\"\" data-start=\"2094\" data-end=\"2118\">\ud83c\udf7d\ufe0f <strong data-start=\"2102\" data-end=\"2118\">Brewing tips<\/strong><\/h3>\n<ul data-start=\"2119\" data-end=\"2328\">\n<li class=\"\" data-start=\"2119\" data-end=\"2154\">\n<p class=\"\" data-start=\"2121\" data-end=\"2154\"><strong data-start=\"2121\" data-end=\"2142\">Water temperature<\/strong>: 70\u201380\u202f\u00b0C<\/p>\n<\/li>\n<li class=\"\" data-start=\"2155\" data-end=\"2189\">\n<p class=\"\" data-start=\"2157\" data-end=\"2189\"><strong data-start=\"2157\" data-end=\"2174\">Steeping time<\/strong>: 2\u20133 minutes<\/p>\n<\/li>\n<li class=\"\" data-start=\"2190\" data-end=\"2254\">\n<p class=\"\" data-start=\"2192\" data-end=\"2205\"><strong data-start=\"2192\" data-end=\"2204\">Quantity<\/strong>:<\/p>\n<ul data-start=\"2208\" data-end=\"2254\">\n<li class=\"\" data-start=\"2208\" data-end=\"2226\">\n<p class=\"\" data-start=\"2210\" data-end=\"2226\">3 g per 200 ml<\/p>\n<\/li>\n<li class=\"\" data-start=\"2229\" data-end=\"2254\">\n<p class=\"\" data-start=\"2231\" data-end=\"2254\"><strong data-start=\"2231\" data-end=\"2252\">12\u201315 g per litre<\/strong><\/p>\n<\/li>\n<\/ul>\n<\/li>\n<li class=\"\" data-start=\"2255\" data-end=\"2328\">\n<p class=\"\" data-start=\"2257\" data-end=\"2328\"><strong data-start=\"2257\" data-end=\"2279\">Serving suggestion<\/strong>: Enjoy plain to savour its light vegetal flavour<\/p>\n<\/li>\n<\/ul>\n","protected":false},"excerpt":{"rendered":"<p>Classic China Sencha green tea. 100 g pouch \u2013 smooth, golden and balanced.<\/p>\n","protected":false},"featured_media":8208,"template":"","meta":[],"product_brand":[],"product_cat":[143],"product_tag":[],"class_list":{"0":"post-13645","1":"product","2":"type-product","3":"status-publish","4":"has-post-thumbnail","6":"product_cat-tea","8":"first","9":"instock","10":"taxable","11":"shipping-taxable","12":"purchasable","13":"product-type-simple"},"yoast_head":"<!-- This site is optimized with the Yoast SEO plugin v25.7 - https:\/\/yoast.com\/wordpress\/plugins\/seo\/ -->\n<title>China Sencha - La P&#039;tite Cerise<\/title>\n<meta name=\"robots\" content=\"index, follow, max-snippet:-1, max-image-preview:large, max-video-preview:-1\" \/>\n<link rel=\"canonical\" href=\"https:\/\/la-ptite-cerise.be\/produit\/china-sencha\/\" \/>\n<meta property=\"og:locale\" content=\"en_US\" \/>\n<meta property=\"og:type\" content=\"article\" \/>\n<meta property=\"og:title\" content=\"China Sencha - La P&#039;tite Cerise\" \/>\n<meta property=\"og:description\" content=\"Classic China Sencha green tea. 100 g pouch \u2013 smooth, golden and balanced.\" \/>\n<meta property=\"og:url\" content=\"https:\/\/la-ptite-cerise.be\/produit\/china-sencha\/\" \/>\n<meta property=\"og:site_name\" content=\"La P&#039;tite Cerise\" \/>\n<meta property=\"article:publisher\" content=\"https:\/\/www.facebook.com\/laptitecerise\/\" \/>\n<meta property=\"og:image\" content=\"https:\/\/la-ptite-cerise.be\/wp-content\/uploads\/2020\/12\/82501_China_Sencha_BIO.jpg\" \/>\n\t<meta property=\"og:image:width\" content=\"500\" \/>\n\t<meta property=\"og:image:height\" content=\"500\" \/>\n\t<meta property=\"og:image:type\" content=\"image\/jpeg\" \/>\n<meta name=\"twitter:card\" content=\"summary_large_image\" \/>\n<meta name=\"twitter:label1\" content=\"Est. reading time\" \/>\n\t<meta name=\"twitter:data1\" content=\"1 minute\" \/>\n<script type=\"application\/ld+json\" class=\"yoast-schema-graph\">{\"@context\":\"https:\/\/schema.org\",\"@graph\":[{\"@type\":\"WebPage\",\"@id\":\"https:\/\/la-ptite-cerise.be\/produit\/china-sencha\/\",\"url\":\"https:\/\/la-ptite-cerise.be\/produit\/china-sencha\/\",\"name\":\"China Sencha - La P&#039;tite Cerise\",\"isPartOf\":{\"@id\":\"https:\/\/la-ptite-cerise.be\/#website\"},\"primaryImageOfPage\":{\"@id\":\"https:\/\/la-ptite-cerise.be\/produit\/china-sencha\/#primaryimage\"},\"image\":{\"@id\":\"https:\/\/la-ptite-cerise.be\/produit\/china-sencha\/#primaryimage\"},\"thumbnailUrl\":\"https:\/\/la-ptite-cerise.be\/wp-content\/uploads\/2020\/12\/82501_China_Sencha_BIO.jpg\",\"datePublished\":\"2020-12-08T20:19:42+00:00\",\"breadcrumb\":{\"@id\":\"https:\/\/la-ptite-cerise.be\/produit\/china-sencha\/#breadcrumb\"},\"inLanguage\":\"en-US\",\"potentialAction\":[{\"@type\":\"ReadAction\",\"target\":[\"https:\/\/la-ptite-cerise.be\/produit\/china-sencha\/\"]}]},{\"@type\":\"ImageObject\",\"inLanguage\":\"en-US\",\"@id\":\"https:\/\/la-ptite-cerise.be\/produit\/china-sencha\/#primaryimage\",\"url\":\"https:\/\/la-ptite-cerise.be\/wp-content\/uploads\/2020\/12\/82501_China_Sencha_BIO.jpg\",\"contentUrl\":\"https:\/\/la-ptite-cerise.be\/wp-content\/uploads\/2020\/12\/82501_China_Sencha_BIO.jpg\",\"width\":500,\"height\":500},{\"@type\":\"BreadcrumbList\",\"@id\":\"https:\/\/la-ptite-cerise.be\/produit\/china-sencha\/#breadcrumb\",\"itemListElement\":[{\"@type\":\"ListItem\",\"position\":1,\"name\":\"Accueil\",\"item\":\"https:\/\/la-ptite-cerise.be\/en\/\"},{\"@type\":\"ListItem\",\"position\":2,\"name\":\"Store\",\"item\":\"https:\/\/la-ptite-cerise.be\/boutique\/\"},{\"@type\":\"ListItem\",\"position\":3,\"name\":\"China Sencha\"}]},{\"@type\":\"WebSite\",\"@id\":\"https:\/\/la-ptite-cerise.be\/#website\",\"url\":\"https:\/\/la-ptite-cerise.be\/\",\"name\":\"La P'tite Cerise\",\"description\":\"Artisan torr\u00e9facteur de caf\u00e9 de sp\u00e9cialit\u00e9. S\u00e9lection de th\u00e9s &amp; tisanes.\",\"publisher\":{\"@id\":\"https:\/\/la-ptite-cerise.be\/#organization\"},\"potentialAction\":[{\"@type\":\"SearchAction\",\"target\":{\"@type\":\"EntryPoint\",\"urlTemplate\":\"https:\/\/la-ptite-cerise.be\/?s={search_term_string}\"},\"query-input\":{\"@type\":\"PropertyValueSpecification\",\"valueRequired\":true,\"valueName\":\"search_term_string\"}}],\"inLanguage\":\"en-US\"},{\"@type\":\"Organization\",\"@id\":\"https:\/\/la-ptite-cerise.be\/#organization\",\"name\":\"La P'tite Cerise\",\"url\":\"https:\/\/la-ptite-cerise.be\/\",\"logo\":{\"@type\":\"ImageObject\",\"inLanguage\":\"en-US\",\"@id\":\"https:\/\/la-ptite-cerise.be\/#\/schema\/logo\/image\/\",\"url\":\"https:\/\/la-ptite-cerise.be\/wp-content\/uploads\/2020\/10\/logo-header-01.jpg\",\"contentUrl\":\"https:\/\/la-ptite-cerise.be\/wp-content\/uploads\/2020\/10\/logo-header-01.jpg\",\"width\":176,\"height\":100,\"caption\":\"La P'tite Cerise\"},\"image\":{\"@id\":\"https:\/\/la-ptite-cerise.be\/#\/schema\/logo\/image\/\"},\"sameAs\":[\"https:\/\/www.facebook.com\/laptitecerise\/\",\"https:\/\/www.instagram.com\/la.ptite_cerise\/\"]}]}<\/script>\n<!-- \/ Yoast SEO plugin. -->","yoast_head_json":{"title":"China Sencha - La P&#039;tite Cerise","robots":{"index":"index","follow":"follow","max-snippet":"max-snippet:-1","max-image-preview":"max-image-preview:large","max-video-preview":"max-video-preview:-1"},"canonical":"https:\/\/la-ptite-cerise.be\/produit\/china-sencha\/","og_locale":"en_US","og_type":"article","og_title":"China Sencha - La P&#039;tite Cerise","og_description":"Classic China Sencha green tea. 100 g pouch \u2013 smooth, golden and balanced.","og_url":"https:\/\/la-ptite-cerise.be\/produit\/china-sencha\/","og_site_name":"La P&#039;tite Cerise","article_publisher":"https:\/\/www.facebook.com\/laptitecerise\/","og_image":[{"width":500,"height":500,"url":"https:\/\/la-ptite-cerise.be\/wp-content\/uploads\/2020\/12\/82501_China_Sencha_BIO.jpg","type":"image\/jpeg"}],"twitter_card":"summary_large_image","twitter_misc":{"Est. reading time":"1 minute"},"schema":{"@context":"https:\/\/schema.org","@graph":[{"@type":"WebPage","@id":"https:\/\/la-ptite-cerise.be\/produit\/china-sencha\/","url":"https:\/\/la-ptite-cerise.be\/produit\/china-sencha\/","name":"China Sencha - La P&#039;tite Cerise","isPartOf":{"@id":"https:\/\/la-ptite-cerise.be\/#website"},"primaryImageOfPage":{"@id":"https:\/\/la-ptite-cerise.be\/produit\/china-sencha\/#primaryimage"},"image":{"@id":"https:\/\/la-ptite-cerise.be\/produit\/china-sencha\/#primaryimage"},"thumbnailUrl":"https:\/\/la-ptite-cerise.be\/wp-content\/uploads\/2020\/12\/82501_China_Sencha_BIO.jpg","datePublished":"2020-12-08T20:19:42+00:00","breadcrumb":{"@id":"https:\/\/la-ptite-cerise.be\/produit\/china-sencha\/#breadcrumb"},"inLanguage":"en-US","potentialAction":[{"@type":"ReadAction","target":["https:\/\/la-ptite-cerise.be\/produit\/china-sencha\/"]}]},{"@type":"ImageObject","inLanguage":"en-US","@id":"https:\/\/la-ptite-cerise.be\/produit\/china-sencha\/#primaryimage","url":"https:\/\/la-ptite-cerise.be\/wp-content\/uploads\/2020\/12\/82501_China_Sencha_BIO.jpg","contentUrl":"https:\/\/la-ptite-cerise.be\/wp-content\/uploads\/2020\/12\/82501_China_Sencha_BIO.jpg","width":500,"height":500},{"@type":"BreadcrumbList","@id":"https:\/\/la-ptite-cerise.be\/produit\/china-sencha\/#breadcrumb","itemListElement":[{"@type":"ListItem","position":1,"name":"Accueil","item":"https:\/\/la-ptite-cerise.be\/en\/"},{"@type":"ListItem","position":2,"name":"Store","item":"https:\/\/la-ptite-cerise.be\/boutique\/"},{"@type":"ListItem","position":3,"name":"China Sencha"}]},{"@type":"WebSite","@id":"https:\/\/la-ptite-cerise.be\/#website","url":"https:\/\/la-ptite-cerise.be\/","name":"La P'tite Cerise","description":"Artisan torr\u00e9facteur de caf\u00e9 de sp\u00e9cialit\u00e9. S\u00e9lection de th\u00e9s &amp; tisanes.","publisher":{"@id":"https:\/\/la-ptite-cerise.be\/#organization"},"potentialAction":[{"@type":"SearchAction","target":{"@type":"EntryPoint","urlTemplate":"https:\/\/la-ptite-cerise.be\/?s={search_term_string}"},"query-input":{"@type":"PropertyValueSpecification","valueRequired":true,"valueName":"search_term_string"}}],"inLanguage":"en-US"},{"@type":"Organization","@id":"https:\/\/la-ptite-cerise.be\/#organization","name":"La P'tite Cerise","url":"https:\/\/la-ptite-cerise.be\/","logo":{"@type":"ImageObject","inLanguage":"en-US","@id":"https:\/\/la-ptite-cerise.be\/#\/schema\/logo\/image\/","url":"https:\/\/la-ptite-cerise.be\/wp-content\/uploads\/2020\/10\/logo-header-01.jpg","contentUrl":"https:\/\/la-ptite-cerise.be\/wp-content\/uploads\/2020\/10\/logo-header-01.jpg","width":176,"height":100,"caption":"La P'tite Cerise"},"image":{"@id":"https:\/\/la-ptite-cerise.be\/#\/schema\/logo\/image\/"},"sameAs":["https:\/\/www.facebook.com\/laptitecerise\/","https:\/\/www.instagram.com\/la.ptite_cerise\/"]}]}},"_links":{"self":[{"href":"https:\/\/la-ptite-cerise.be\/en\/wp-json\/wp\/v2\/product\/13645","targetHints":{"allow":["GET"]}}],"collection":[{"href":"https:\/\/la-ptite-cerise.be\/en\/wp-json\/wp\/v2\/product"}],"about":[{"href":"https:\/\/la-ptite-cerise.be\/en\/wp-json\/wp\/v2\/types\/product"}],"wp:featuredmedia":[{"embeddable":true,"href":"https:\/\/la-ptite-cerise.be\/en\/wp-json\/wp\/v2\/media\/8208"}],"wp:attachment":[{"href":"https:\/\/la-ptite-cerise.be\/en\/wp-json\/wp\/v2\/media?parent=13645"}],"wp:term":[{"taxonomy":"product_brand","embeddable":true,"href":"https:\/\/la-ptite-cerise.be\/en\/wp-json\/wp\/v2\/product_brand?post=13645"},{"taxonomy":"product_cat","embeddable":true,"href":"https:\/\/la-ptite-cerise.be\/en\/wp-json\/wp\/v2\/product_cat?post=13645"},{"taxonomy":"product_tag","embeddable":true,"href":"https:\/\/la-ptite-cerise.be\/en\/wp-json\/wp\/v2\/product_tag?post=13645"}],"curies":[{"name":"wp","href":"https:\/\/api.w.org\/{rel}","templated":true}]}}