{"id":13648,"date":"2020-12-08T21:17:02","date_gmt":"2020-12-08T20:17:02","guid":{"rendered":"https:\/\/la-ptite-cerise.be\/produit\/amandine-cookie\/"},"modified":"2020-12-08T21:17:02","modified_gmt":"2020-12-08T20:17:02","slug":"amandine-cookie","status":"publish","type":"product","link":"https:\/\/la-ptite-cerise.be\/en\/produit\/amandine-cookie\/","title":{"rendered":"Amandine Cookie"},"content":{"rendered":"<h3 class=\"\" data-start=\"1509\" data-end=\"1565\"><strong data-start=\"1518\" data-end=\"1549\">Green Tea \u2013 Amandine Cookie<\/strong> (100 g pouch)<\/h3>\n<p class=\"\" data-start=\"1566\" data-end=\"1634\"><strong data-start=\"1566\" data-end=\"1634\">A cosy green tea with notes of almond, vanilla and gentle spice.<\/strong><\/p>\n<p class=\"\" data-start=\"1636\" data-end=\"1863\">This comforting blend features China Sencha green tea, apple pieces, cinnamon sticks and ginger, topped off with natural almond and vanilla flavours. Marigold petals add a soft golden touch to this smooth, dessert-inspired tea.<\/p>\n<p class=\"\" data-start=\"1865\" data-end=\"1926\">\ud83d\udcac <em data-start=\"1868\" data-end=\"1926\">Perfect for tea time or a sweet break without the guilt.<\/em><\/p>\n<hr class=\"\" data-start=\"1928\" data-end=\"1931\" \/>\n<h3 class=\"\" data-start=\"1933\" data-end=\"1953\">\u2705 <strong data-start=\"1939\" data-end=\"1953\">Highlights<\/strong><\/h3>\n<ul data-start=\"1954\" data-end=\"2145\">\n<li class=\"\" data-start=\"1954\" data-end=\"2032\">\n<p class=\"\" data-start=\"1956\" data-end=\"2032\">Premium blend with sustainably sourced ingredients and natural flavourings<\/p>\n<\/li>\n<li class=\"\" data-start=\"2033\" data-end=\"2092\">\n<p class=\"\" data-start=\"2035\" data-end=\"2092\">Biscuit-like flavour with warm vanilla and almond notes<\/p>\n<\/li>\n<li class=\"\" data-start=\"2093\" data-end=\"2145\">\n<p class=\"\" data-start=\"2095\" data-end=\"2145\">Great for relaxing moments or afternoon cravings<\/p>\n<\/li>\n<\/ul>\n<hr class=\"\" data-start=\"2147\" data-end=\"2150\" \/>\n<h3 class=\"\" data-start=\"2152\" data-end=\"2176\">\ud83e\uddfe <strong data-start=\"2159\" data-end=\"2174\">Ingredients<\/strong><\/h3>\n<p class=\"\" data-start=\"2177\" data-end=\"2331\">China Sencha green tea, apple, cinnamon sticks, ginger, natural flavouring, marigold petals, vanilla<br data-start=\"2277\" data-end=\"2280\" \/><strong data-start=\"2280\" data-end=\"2293\">Allergens<\/strong>: May contain traces of milk and nuts.<\/p>\n<hr class=\"\" data-start=\"2333\" data-end=\"2336\" \/>\n<h3 class=\"\" data-start=\"2338\" data-end=\"2362\">\ud83c\udf7d\ufe0f <strong data-start=\"2346\" data-end=\"2362\">Brewing tips<\/strong><\/h3>\n<ul data-start=\"2363\" data-end=\"2592\">\n<li class=\"\" data-start=\"2363\" data-end=\"2398\">\n<p class=\"\" data-start=\"2365\" data-end=\"2398\"><strong data-start=\"2365\" data-end=\"2386\">Water temperature<\/strong>: 75\u201380\u202f\u00b0C<\/p>\n<\/li>\n<li class=\"\" data-start=\"2399\" data-end=\"2433\">\n<p class=\"\" data-start=\"2401\" data-end=\"2433\"><strong data-start=\"2401\" data-end=\"2418\">Steeping time<\/strong>: 2\u20133 minutes<\/p>\n<\/li>\n<li class=\"\" data-start=\"2434\" data-end=\"2498\">\n<p class=\"\" data-start=\"2436\" data-end=\"2449\"><strong data-start=\"2436\" data-end=\"2448\">Quantity<\/strong>:<\/p>\n<ul data-start=\"2452\" data-end=\"2498\">\n<li class=\"\" data-start=\"2452\" data-end=\"2470\">\n<p class=\"\" data-start=\"2454\" data-end=\"2470\">3 g per 200 ml<\/p>\n<\/li>\n<li class=\"\" data-start=\"2473\" data-end=\"2498\">\n<p class=\"\" data-start=\"2475\" data-end=\"2498\"><strong data-start=\"2475\" data-end=\"2496\">12\u201315 g per litre<\/strong><\/p>\n<\/li>\n<\/ul>\n<\/li>\n<li class=\"\" data-start=\"2499\" data-end=\"2592\">\n<p class=\"\" data-start=\"2501\" data-end=\"2592\"><strong data-start=\"2501\" data-end=\"2523\">Serving suggestion<\/strong>: Lovely with a splash of plant-based milk or plain for a light treat<\/p>\n<\/li>\n<\/ul>\n","protected":false},"excerpt":{"rendered":"<p class=\"\" data-start=\"2776\" data-end=\"2847\">Almond &amp; vanilla green tea. 100 g pouch \u2013 sweet, smooth and comforting.<\/p>\n","protected":false},"featured_media":13647,"template":"","meta":[],"product_brand":[],"product_cat":[143],"product_tag":[],"class_list":{"0":"post-13648","1":"product","2":"type-product","3":"status-publish","4":"has-post-thumbnail","6":"product_cat-tea","8":"first","9":"instock","10":"taxable","11":"shipping-taxable","12":"purchasable","13":"product-type-simple"},"yoast_head":"<!-- This site is optimized with the Yoast SEO plugin v25.7 - https:\/\/yoast.com\/wordpress\/plugins\/seo\/ -->\n<title>Amandine Cookie - La P&#039;tite Cerise<\/title>\n<meta name=\"robots\" content=\"index, follow, max-snippet:-1, max-image-preview:large, max-video-preview:-1\" \/>\n<link rel=\"canonical\" href=\"https:\/\/la-ptite-cerise.be\/produit\/amandine-cookie\/\" \/>\n<meta property=\"og:locale\" content=\"en_US\" \/>\n<meta property=\"og:type\" content=\"article\" \/>\n<meta property=\"og:title\" content=\"Amandine Cookie - La P&#039;tite Cerise\" \/>\n<meta property=\"og:description\" content=\"Almond &amp; vanilla green tea. 100 g pouch \u2013 sweet, smooth and comforting.\" \/>\n<meta property=\"og:url\" content=\"https:\/\/la-ptite-cerise.be\/produit\/amandine-cookie\/\" \/>\n<meta property=\"og:site_name\" content=\"La P&#039;tite Cerise\" \/>\n<meta property=\"article:publisher\" content=\"https:\/\/www.facebook.com\/laptitecerise\/\" \/>\n<meta property=\"og:image\" content=\"https:\/\/la-ptite-cerise.be\/wp-content\/uploads\/2020\/12\/83176_1.jpeg\" \/>\n\t<meta property=\"og:image:width\" content=\"500\" \/>\n\t<meta property=\"og:image:height\" content=\"500\" \/>\n\t<meta property=\"og:image:type\" content=\"image\/jpeg\" \/>\n<meta name=\"twitter:card\" content=\"summary_large_image\" \/>\n<meta name=\"twitter:label1\" content=\"Est. reading time\" \/>\n\t<meta name=\"twitter:data1\" content=\"1 minute\" \/>\n<script type=\"application\/ld+json\" class=\"yoast-schema-graph\">{\"@context\":\"https:\/\/schema.org\",\"@graph\":[{\"@type\":\"WebPage\",\"@id\":\"https:\/\/la-ptite-cerise.be\/produit\/amandine-cookie\/\",\"url\":\"https:\/\/la-ptite-cerise.be\/produit\/amandine-cookie\/\",\"name\":\"Amandine Cookie - La P&#039;tite Cerise\",\"isPartOf\":{\"@id\":\"https:\/\/la-ptite-cerise.be\/#website\"},\"primaryImageOfPage\":{\"@id\":\"https:\/\/la-ptite-cerise.be\/produit\/amandine-cookie\/#primaryimage\"},\"image\":{\"@id\":\"https:\/\/la-ptite-cerise.be\/produit\/amandine-cookie\/#primaryimage\"},\"thumbnailUrl\":\"https:\/\/la-ptite-cerise.be\/wp-content\/uploads\/2020\/12\/83176_1.jpeg\",\"datePublished\":\"2020-12-08T20:17:02+00:00\",\"breadcrumb\":{\"@id\":\"https:\/\/la-ptite-cerise.be\/produit\/amandine-cookie\/#breadcrumb\"},\"inLanguage\":\"en-US\",\"potentialAction\":[{\"@type\":\"ReadAction\",\"target\":[\"https:\/\/la-ptite-cerise.be\/produit\/amandine-cookie\/\"]}]},{\"@type\":\"ImageObject\",\"inLanguage\":\"en-US\",\"@id\":\"https:\/\/la-ptite-cerise.be\/produit\/amandine-cookie\/#primaryimage\",\"url\":\"https:\/\/la-ptite-cerise.be\/wp-content\/uploads\/2020\/12\/83176_1.jpeg\",\"contentUrl\":\"https:\/\/la-ptite-cerise.be\/wp-content\/uploads\/2020\/12\/83176_1.jpeg\",\"width\":500,\"height\":500},{\"@type\":\"BreadcrumbList\",\"@id\":\"https:\/\/la-ptite-cerise.be\/produit\/amandine-cookie\/#breadcrumb\",\"itemListElement\":[{\"@type\":\"ListItem\",\"position\":1,\"name\":\"Accueil\",\"item\":\"https:\/\/la-ptite-cerise.be\/en\/\"},{\"@type\":\"ListItem\",\"position\":2,\"name\":\"Store\",\"item\":\"https:\/\/la-ptite-cerise.be\/boutique\/\"},{\"@type\":\"ListItem\",\"position\":3,\"name\":\"Amandine Cookie\"}]},{\"@type\":\"WebSite\",\"@id\":\"https:\/\/la-ptite-cerise.be\/#website\",\"url\":\"https:\/\/la-ptite-cerise.be\/\",\"name\":\"La P'tite Cerise\",\"description\":\"Artisan torr\u00e9facteur de caf\u00e9 de sp\u00e9cialit\u00e9. S\u00e9lection de th\u00e9s &amp; tisanes.\",\"publisher\":{\"@id\":\"https:\/\/la-ptite-cerise.be\/#organization\"},\"potentialAction\":[{\"@type\":\"SearchAction\",\"target\":{\"@type\":\"EntryPoint\",\"urlTemplate\":\"https:\/\/la-ptite-cerise.be\/?s={search_term_string}\"},\"query-input\":{\"@type\":\"PropertyValueSpecification\",\"valueRequired\":true,\"valueName\":\"search_term_string\"}}],\"inLanguage\":\"en-US\"},{\"@type\":\"Organization\",\"@id\":\"https:\/\/la-ptite-cerise.be\/#organization\",\"name\":\"La P'tite Cerise\",\"url\":\"https:\/\/la-ptite-cerise.be\/\",\"logo\":{\"@type\":\"ImageObject\",\"inLanguage\":\"en-US\",\"@id\":\"https:\/\/la-ptite-cerise.be\/#\/schema\/logo\/image\/\",\"url\":\"https:\/\/la-ptite-cerise.be\/wp-content\/uploads\/2020\/10\/logo-header-01.jpg\",\"contentUrl\":\"https:\/\/la-ptite-cerise.be\/wp-content\/uploads\/2020\/10\/logo-header-01.jpg\",\"width\":176,\"height\":100,\"caption\":\"La P'tite Cerise\"},\"image\":{\"@id\":\"https:\/\/la-ptite-cerise.be\/#\/schema\/logo\/image\/\"},\"sameAs\":[\"https:\/\/www.facebook.com\/laptitecerise\/\",\"https:\/\/www.instagram.com\/la.ptite_cerise\/\"]}]}<\/script>\n<!-- \/ Yoast SEO plugin. -->","yoast_head_json":{"title":"Amandine Cookie - La P&#039;tite Cerise","robots":{"index":"index","follow":"follow","max-snippet":"max-snippet:-1","max-image-preview":"max-image-preview:large","max-video-preview":"max-video-preview:-1"},"canonical":"https:\/\/la-ptite-cerise.be\/produit\/amandine-cookie\/","og_locale":"en_US","og_type":"article","og_title":"Amandine Cookie - La P&#039;tite Cerise","og_description":"Almond &amp; vanilla green tea. 100 g pouch \u2013 sweet, smooth and comforting.","og_url":"https:\/\/la-ptite-cerise.be\/produit\/amandine-cookie\/","og_site_name":"La P&#039;tite Cerise","article_publisher":"https:\/\/www.facebook.com\/laptitecerise\/","og_image":[{"width":500,"height":500,"url":"https:\/\/la-ptite-cerise.be\/wp-content\/uploads\/2020\/12\/83176_1.jpeg","type":"image\/jpeg"}],"twitter_card":"summary_large_image","twitter_misc":{"Est. reading time":"1 minute"},"schema":{"@context":"https:\/\/schema.org","@graph":[{"@type":"WebPage","@id":"https:\/\/la-ptite-cerise.be\/produit\/amandine-cookie\/","url":"https:\/\/la-ptite-cerise.be\/produit\/amandine-cookie\/","name":"Amandine Cookie - La P&#039;tite Cerise","isPartOf":{"@id":"https:\/\/la-ptite-cerise.be\/#website"},"primaryImageOfPage":{"@id":"https:\/\/la-ptite-cerise.be\/produit\/amandine-cookie\/#primaryimage"},"image":{"@id":"https:\/\/la-ptite-cerise.be\/produit\/amandine-cookie\/#primaryimage"},"thumbnailUrl":"https:\/\/la-ptite-cerise.be\/wp-content\/uploads\/2020\/12\/83176_1.jpeg","datePublished":"2020-12-08T20:17:02+00:00","breadcrumb":{"@id":"https:\/\/la-ptite-cerise.be\/produit\/amandine-cookie\/#breadcrumb"},"inLanguage":"en-US","potentialAction":[{"@type":"ReadAction","target":["https:\/\/la-ptite-cerise.be\/produit\/amandine-cookie\/"]}]},{"@type":"ImageObject","inLanguage":"en-US","@id":"https:\/\/la-ptite-cerise.be\/produit\/amandine-cookie\/#primaryimage","url":"https:\/\/la-ptite-cerise.be\/wp-content\/uploads\/2020\/12\/83176_1.jpeg","contentUrl":"https:\/\/la-ptite-cerise.be\/wp-content\/uploads\/2020\/12\/83176_1.jpeg","width":500,"height":500},{"@type":"BreadcrumbList","@id":"https:\/\/la-ptite-cerise.be\/produit\/amandine-cookie\/#breadcrumb","itemListElement":[{"@type":"ListItem","position":1,"name":"Accueil","item":"https:\/\/la-ptite-cerise.be\/en\/"},{"@type":"ListItem","position":2,"name":"Store","item":"https:\/\/la-ptite-cerise.be\/boutique\/"},{"@type":"ListItem","position":3,"name":"Amandine Cookie"}]},{"@type":"WebSite","@id":"https:\/\/la-ptite-cerise.be\/#website","url":"https:\/\/la-ptite-cerise.be\/","name":"La P'tite Cerise","description":"Artisan torr\u00e9facteur de caf\u00e9 de sp\u00e9cialit\u00e9. S\u00e9lection de th\u00e9s &amp; tisanes.","publisher":{"@id":"https:\/\/la-ptite-cerise.be\/#organization"},"potentialAction":[{"@type":"SearchAction","target":{"@type":"EntryPoint","urlTemplate":"https:\/\/la-ptite-cerise.be\/?s={search_term_string}"},"query-input":{"@type":"PropertyValueSpecification","valueRequired":true,"valueName":"search_term_string"}}],"inLanguage":"en-US"},{"@type":"Organization","@id":"https:\/\/la-ptite-cerise.be\/#organization","name":"La P'tite Cerise","url":"https:\/\/la-ptite-cerise.be\/","logo":{"@type":"ImageObject","inLanguage":"en-US","@id":"https:\/\/la-ptite-cerise.be\/#\/schema\/logo\/image\/","url":"https:\/\/la-ptite-cerise.be\/wp-content\/uploads\/2020\/10\/logo-header-01.jpg","contentUrl":"https:\/\/la-ptite-cerise.be\/wp-content\/uploads\/2020\/10\/logo-header-01.jpg","width":176,"height":100,"caption":"La P'tite Cerise"},"image":{"@id":"https:\/\/la-ptite-cerise.be\/#\/schema\/logo\/image\/"},"sameAs":["https:\/\/www.facebook.com\/laptitecerise\/","https:\/\/www.instagram.com\/la.ptite_cerise\/"]}]}},"_links":{"self":[{"href":"https:\/\/la-ptite-cerise.be\/en\/wp-json\/wp\/v2\/product\/13648","targetHints":{"allow":["GET"]}}],"collection":[{"href":"https:\/\/la-ptite-cerise.be\/en\/wp-json\/wp\/v2\/product"}],"about":[{"href":"https:\/\/la-ptite-cerise.be\/en\/wp-json\/wp\/v2\/types\/product"}],"wp:featuredmedia":[{"embeddable":true,"href":"https:\/\/la-ptite-cerise.be\/en\/wp-json\/wp\/v2\/media\/13647"}],"wp:attachment":[{"href":"https:\/\/la-ptite-cerise.be\/en\/wp-json\/wp\/v2\/media?parent=13648"}],"wp:term":[{"taxonomy":"product_brand","embeddable":true,"href":"https:\/\/la-ptite-cerise.be\/en\/wp-json\/wp\/v2\/product_brand?post=13648"},{"taxonomy":"product_cat","embeddable":true,"href":"https:\/\/la-ptite-cerise.be\/en\/wp-json\/wp\/v2\/product_cat?post=13648"},{"taxonomy":"product_tag","embeddable":true,"href":"https:\/\/la-ptite-cerise.be\/en\/wp-json\/wp\/v2\/product_tag?post=13648"}],"curies":[{"name":"wp","href":"https:\/\/api.w.org\/{rel}","templated":true}]}}