{"id":13652,"date":"2020-12-08T21:14:59","date_gmt":"2020-12-08T20:14:59","guid":{"rendered":"https:\/\/la-ptite-cerise.be\/produit\/supergreen\/"},"modified":"2020-12-08T21:14:59","modified_gmt":"2020-12-08T20:14:59","slug":"supergreen","status":"publish","type":"product","link":"https:\/\/la-ptite-cerise.be\/en\/produit\/supergreen\/","title":{"rendered":"Supergreen"},"content":{"rendered":"<h3 class=\"\" data-start=\"1664\" data-end=\"1715\"><strong data-start=\"1673\" data-end=\"1699\">Green Tea \u2013 Supergreen<\/strong> (100 g pouch)<\/h3>\n<p class=\"\" data-start=\"1716\" data-end=\"1775\"><strong data-start=\"1716\" data-end=\"1775\">An energising green tea blend with a fresh lemon twist.<\/strong><\/p>\n<p class=\"\" data-start=\"1777\" data-end=\"2041\">This invigorating blend combines China Sencha, white tea, matcha and green mate with herbs like nettle and ginger. Lemon peel, natural lemon flavour and lime essential oil give it a vibrant citrus character. A bold and balanced tea for your daily wellness routine.<\/p>\n<p class=\"\" data-start=\"2043\" data-end=\"2082\">\ud83d\udcac <em data-start=\"2046\" data-end=\"2082\">A perfect pick-me-up, hot or iced.<\/em><\/p>\n<hr class=\"\" data-start=\"2084\" data-end=\"2087\" \/>\n<h3 class=\"\" data-start=\"2089\" data-end=\"2109\">\u2705 <strong data-start=\"2095\" data-end=\"2109\">Highlights<\/strong><\/h3>\n<ul data-start=\"2110\" data-end=\"2289\">\n<li class=\"\" data-start=\"2110\" data-end=\"2188\">\n<p class=\"\" data-start=\"2112\" data-end=\"2188\">Premium blend with sustainably sourced ingredients and natural flavourings<\/p>\n<\/li>\n<li class=\"\" data-start=\"2189\" data-end=\"2243\">\n<p class=\"\" data-start=\"2191\" data-end=\"2243\">Green tea, matcha and mate for natural stimulation<\/p>\n<\/li>\n<li class=\"\" data-start=\"2244\" data-end=\"2289\">\n<p class=\"\" data-start=\"2246\" data-end=\"2289\">Refreshing lemony taste with herbal depth<\/p>\n<\/li>\n<\/ul>\n<hr class=\"\" data-start=\"2291\" data-end=\"2294\" \/>\n<h3 class=\"\" data-start=\"2296\" data-end=\"2320\">\ud83e\uddfe <strong data-start=\"2303\" data-end=\"2318\">Ingredients<\/strong><\/h3>\n<p class=\"\" data-start=\"2321\" data-end=\"2550\">China Sencha green tea (43%), lemongrass, green mate (16%), nettle (11%), ginger, Pai Mu Tan white tea, lemon peel, natural lemon flavour, lime essential oil, matcha green tea<br data-start=\"2496\" data-end=\"2499\" \/><strong data-start=\"2499\" data-end=\"2512\">Allergens<\/strong>: May contain traces of milk and nuts.<\/p>\n<hr class=\"\" data-start=\"2552\" data-end=\"2555\" \/>\n<h3 class=\"\" data-start=\"2557\" data-end=\"2581\">\ud83c\udf7d\ufe0f <strong data-start=\"2565\" data-end=\"2581\">Brewing tips<\/strong><\/h3>\n<ul data-start=\"2582\" data-end=\"2806\">\n<li class=\"\" data-start=\"2582\" data-end=\"2617\">\n<p class=\"\" data-start=\"2584\" data-end=\"2617\"><strong data-start=\"2584\" data-end=\"2605\">Water temperature<\/strong>: 70\u201380\u202f\u00b0C<\/p>\n<\/li>\n<li class=\"\" data-start=\"2618\" data-end=\"2652\">\n<p class=\"\" data-start=\"2620\" data-end=\"2652\"><strong data-start=\"2620\" data-end=\"2637\">Steeping time<\/strong>: 2\u20133 minutes<\/p>\n<\/li>\n<li class=\"\" data-start=\"2653\" data-end=\"2717\">\n<p class=\"\" data-start=\"2655\" data-end=\"2668\"><strong data-start=\"2655\" data-end=\"2667\">Quantity<\/strong>:<\/p>\n<ul data-start=\"2671\" data-end=\"2717\">\n<li class=\"\" data-start=\"2671\" data-end=\"2689\">\n<p class=\"\" data-start=\"2673\" data-end=\"2689\">3 g per 200 ml<\/p>\n<\/li>\n<li class=\"\" data-start=\"2692\" data-end=\"2717\">\n<p class=\"\" data-start=\"2694\" data-end=\"2717\"><strong data-start=\"2694\" data-end=\"2715\">12\u201315 g per litre<\/strong><\/p>\n<\/li>\n<\/ul>\n<\/li>\n<li class=\"\" data-start=\"2718\" data-end=\"2806\">\n<p class=\"\" data-start=\"2720\" data-end=\"2806\"><strong data-start=\"2720\" data-end=\"2742\">Serving suggestion<\/strong>: Great hot in the morning or iced for a fresh, energising break<\/p>\n<\/li>\n<\/ul>\n","protected":false},"excerpt":{"rendered":"<p>Lemon-flavoured green tea with matcha and mate. 100 g pouch \u2013 fresh, energising and balanced.<\/p>\n","protected":false},"featured_media":13650,"template":"","meta":[],"product_brand":[],"product_cat":[143],"product_tag":[],"class_list":{"0":"post-13652","1":"product","2":"type-product","3":"status-publish","4":"has-post-thumbnail","6":"product_cat-tea","8":"first","9":"instock","10":"taxable","11":"shipping-taxable","12":"purchasable","13":"product-type-simple"},"yoast_head":"<!-- This site is optimized with the Yoast SEO plugin v25.7 - https:\/\/yoast.com\/wordpress\/plugins\/seo\/ -->\n<title>Supergreen - La P&#039;tite Cerise<\/title>\n<meta name=\"robots\" content=\"index, follow, max-snippet:-1, max-image-preview:large, max-video-preview:-1\" \/>\n<link rel=\"canonical\" href=\"https:\/\/la-ptite-cerise.be\/produit\/supergreen\/\" \/>\n<meta property=\"og:locale\" content=\"en_US\" \/>\n<meta property=\"og:type\" content=\"article\" \/>\n<meta property=\"og:title\" content=\"Supergreen - La P&#039;tite Cerise\" \/>\n<meta property=\"og:description\" content=\"Lemon-flavoured green tea with matcha and mate. 100 g pouch \u2013 fresh, energising and balanced.\" \/>\n<meta property=\"og:url\" content=\"https:\/\/la-ptite-cerise.be\/produit\/supergreen\/\" \/>\n<meta property=\"og:site_name\" content=\"La P&#039;tite Cerise\" \/>\n<meta property=\"article:publisher\" content=\"https:\/\/www.facebook.com\/laptitecerise\/\" \/>\n<meta property=\"og:image\" content=\"https:\/\/la-ptite-cerise.be\/wp-content\/uploads\/2020\/12\/83115_1.jpeg\" \/>\n\t<meta property=\"og:image:width\" content=\"500\" \/>\n\t<meta property=\"og:image:height\" content=\"500\" \/>\n\t<meta property=\"og:image:type\" content=\"image\/jpeg\" \/>\n<meta name=\"twitter:card\" content=\"summary_large_image\" \/>\n<meta name=\"twitter:label1\" content=\"Est. reading time\" \/>\n\t<meta name=\"twitter:data1\" content=\"1 minute\" \/>\n<script type=\"application\/ld+json\" class=\"yoast-schema-graph\">{\"@context\":\"https:\/\/schema.org\",\"@graph\":[{\"@type\":\"WebPage\",\"@id\":\"https:\/\/la-ptite-cerise.be\/produit\/supergreen\/\",\"url\":\"https:\/\/la-ptite-cerise.be\/produit\/supergreen\/\",\"name\":\"Supergreen - La P&#039;tite Cerise\",\"isPartOf\":{\"@id\":\"https:\/\/la-ptite-cerise.be\/#website\"},\"primaryImageOfPage\":{\"@id\":\"https:\/\/la-ptite-cerise.be\/produit\/supergreen\/#primaryimage\"},\"image\":{\"@id\":\"https:\/\/la-ptite-cerise.be\/produit\/supergreen\/#primaryimage\"},\"thumbnailUrl\":\"https:\/\/la-ptite-cerise.be\/wp-content\/uploads\/2020\/12\/83115_1.jpeg\",\"datePublished\":\"2020-12-08T20:14:59+00:00\",\"breadcrumb\":{\"@id\":\"https:\/\/la-ptite-cerise.be\/produit\/supergreen\/#breadcrumb\"},\"inLanguage\":\"en-US\",\"potentialAction\":[{\"@type\":\"ReadAction\",\"target\":[\"https:\/\/la-ptite-cerise.be\/produit\/supergreen\/\"]}]},{\"@type\":\"ImageObject\",\"inLanguage\":\"en-US\",\"@id\":\"https:\/\/la-ptite-cerise.be\/produit\/supergreen\/#primaryimage\",\"url\":\"https:\/\/la-ptite-cerise.be\/wp-content\/uploads\/2020\/12\/83115_1.jpeg\",\"contentUrl\":\"https:\/\/la-ptite-cerise.be\/wp-content\/uploads\/2020\/12\/83115_1.jpeg\",\"width\":500,\"height\":500},{\"@type\":\"BreadcrumbList\",\"@id\":\"https:\/\/la-ptite-cerise.be\/produit\/supergreen\/#breadcrumb\",\"itemListElement\":[{\"@type\":\"ListItem\",\"position\":1,\"name\":\"Accueil\",\"item\":\"https:\/\/la-ptite-cerise.be\/en\/\"},{\"@type\":\"ListItem\",\"position\":2,\"name\":\"Store\",\"item\":\"https:\/\/la-ptite-cerise.be\/boutique\/\"},{\"@type\":\"ListItem\",\"position\":3,\"name\":\"Supergreen\"}]},{\"@type\":\"WebSite\",\"@id\":\"https:\/\/la-ptite-cerise.be\/#website\",\"url\":\"https:\/\/la-ptite-cerise.be\/\",\"name\":\"La P'tite Cerise\",\"description\":\"Artisan torr\u00e9facteur de caf\u00e9 de sp\u00e9cialit\u00e9. S\u00e9lection de th\u00e9s &amp; tisanes.\",\"publisher\":{\"@id\":\"https:\/\/la-ptite-cerise.be\/#organization\"},\"potentialAction\":[{\"@type\":\"SearchAction\",\"target\":{\"@type\":\"EntryPoint\",\"urlTemplate\":\"https:\/\/la-ptite-cerise.be\/?s={search_term_string}\"},\"query-input\":{\"@type\":\"PropertyValueSpecification\",\"valueRequired\":true,\"valueName\":\"search_term_string\"}}],\"inLanguage\":\"en-US\"},{\"@type\":\"Organization\",\"@id\":\"https:\/\/la-ptite-cerise.be\/#organization\",\"name\":\"La P'tite Cerise\",\"url\":\"https:\/\/la-ptite-cerise.be\/\",\"logo\":{\"@type\":\"ImageObject\",\"inLanguage\":\"en-US\",\"@id\":\"https:\/\/la-ptite-cerise.be\/#\/schema\/logo\/image\/\",\"url\":\"https:\/\/la-ptite-cerise.be\/wp-content\/uploads\/2020\/10\/logo-header-01.jpg\",\"contentUrl\":\"https:\/\/la-ptite-cerise.be\/wp-content\/uploads\/2020\/10\/logo-header-01.jpg\",\"width\":176,\"height\":100,\"caption\":\"La P'tite Cerise\"},\"image\":{\"@id\":\"https:\/\/la-ptite-cerise.be\/#\/schema\/logo\/image\/\"},\"sameAs\":[\"https:\/\/www.facebook.com\/laptitecerise\/\",\"https:\/\/www.instagram.com\/la.ptite_cerise\/\"]}]}<\/script>\n<!-- \/ Yoast SEO plugin. -->","yoast_head_json":{"title":"Supergreen - La P&#039;tite Cerise","robots":{"index":"index","follow":"follow","max-snippet":"max-snippet:-1","max-image-preview":"max-image-preview:large","max-video-preview":"max-video-preview:-1"},"canonical":"https:\/\/la-ptite-cerise.be\/produit\/supergreen\/","og_locale":"en_US","og_type":"article","og_title":"Supergreen - La P&#039;tite Cerise","og_description":"Lemon-flavoured green tea with matcha and mate. 100 g pouch \u2013 fresh, energising and balanced.","og_url":"https:\/\/la-ptite-cerise.be\/produit\/supergreen\/","og_site_name":"La P&#039;tite Cerise","article_publisher":"https:\/\/www.facebook.com\/laptitecerise\/","og_image":[{"width":500,"height":500,"url":"https:\/\/la-ptite-cerise.be\/wp-content\/uploads\/2020\/12\/83115_1.jpeg","type":"image\/jpeg"}],"twitter_card":"summary_large_image","twitter_misc":{"Est. reading time":"1 minute"},"schema":{"@context":"https:\/\/schema.org","@graph":[{"@type":"WebPage","@id":"https:\/\/la-ptite-cerise.be\/produit\/supergreen\/","url":"https:\/\/la-ptite-cerise.be\/produit\/supergreen\/","name":"Supergreen - La P&#039;tite Cerise","isPartOf":{"@id":"https:\/\/la-ptite-cerise.be\/#website"},"primaryImageOfPage":{"@id":"https:\/\/la-ptite-cerise.be\/produit\/supergreen\/#primaryimage"},"image":{"@id":"https:\/\/la-ptite-cerise.be\/produit\/supergreen\/#primaryimage"},"thumbnailUrl":"https:\/\/la-ptite-cerise.be\/wp-content\/uploads\/2020\/12\/83115_1.jpeg","datePublished":"2020-12-08T20:14:59+00:00","breadcrumb":{"@id":"https:\/\/la-ptite-cerise.be\/produit\/supergreen\/#breadcrumb"},"inLanguage":"en-US","potentialAction":[{"@type":"ReadAction","target":["https:\/\/la-ptite-cerise.be\/produit\/supergreen\/"]}]},{"@type":"ImageObject","inLanguage":"en-US","@id":"https:\/\/la-ptite-cerise.be\/produit\/supergreen\/#primaryimage","url":"https:\/\/la-ptite-cerise.be\/wp-content\/uploads\/2020\/12\/83115_1.jpeg","contentUrl":"https:\/\/la-ptite-cerise.be\/wp-content\/uploads\/2020\/12\/83115_1.jpeg","width":500,"height":500},{"@type":"BreadcrumbList","@id":"https:\/\/la-ptite-cerise.be\/produit\/supergreen\/#breadcrumb","itemListElement":[{"@type":"ListItem","position":1,"name":"Accueil","item":"https:\/\/la-ptite-cerise.be\/en\/"},{"@type":"ListItem","position":2,"name":"Store","item":"https:\/\/la-ptite-cerise.be\/boutique\/"},{"@type":"ListItem","position":3,"name":"Supergreen"}]},{"@type":"WebSite","@id":"https:\/\/la-ptite-cerise.be\/#website","url":"https:\/\/la-ptite-cerise.be\/","name":"La P'tite Cerise","description":"Artisan torr\u00e9facteur de caf\u00e9 de sp\u00e9cialit\u00e9. S\u00e9lection de th\u00e9s &amp; tisanes.","publisher":{"@id":"https:\/\/la-ptite-cerise.be\/#organization"},"potentialAction":[{"@type":"SearchAction","target":{"@type":"EntryPoint","urlTemplate":"https:\/\/la-ptite-cerise.be\/?s={search_term_string}"},"query-input":{"@type":"PropertyValueSpecification","valueRequired":true,"valueName":"search_term_string"}}],"inLanguage":"en-US"},{"@type":"Organization","@id":"https:\/\/la-ptite-cerise.be\/#organization","name":"La P'tite Cerise","url":"https:\/\/la-ptite-cerise.be\/","logo":{"@type":"ImageObject","inLanguage":"en-US","@id":"https:\/\/la-ptite-cerise.be\/#\/schema\/logo\/image\/","url":"https:\/\/la-ptite-cerise.be\/wp-content\/uploads\/2020\/10\/logo-header-01.jpg","contentUrl":"https:\/\/la-ptite-cerise.be\/wp-content\/uploads\/2020\/10\/logo-header-01.jpg","width":176,"height":100,"caption":"La P'tite Cerise"},"image":{"@id":"https:\/\/la-ptite-cerise.be\/#\/schema\/logo\/image\/"},"sameAs":["https:\/\/www.facebook.com\/laptitecerise\/","https:\/\/www.instagram.com\/la.ptite_cerise\/"]}]}},"_links":{"self":[{"href":"https:\/\/la-ptite-cerise.be\/en\/wp-json\/wp\/v2\/product\/13652","targetHints":{"allow":["GET"]}}],"collection":[{"href":"https:\/\/la-ptite-cerise.be\/en\/wp-json\/wp\/v2\/product"}],"about":[{"href":"https:\/\/la-ptite-cerise.be\/en\/wp-json\/wp\/v2\/types\/product"}],"wp:featuredmedia":[{"embeddable":true,"href":"https:\/\/la-ptite-cerise.be\/en\/wp-json\/wp\/v2\/media\/13650"}],"wp:attachment":[{"href":"https:\/\/la-ptite-cerise.be\/en\/wp-json\/wp\/v2\/media?parent=13652"}],"wp:term":[{"taxonomy":"product_brand","embeddable":true,"href":"https:\/\/la-ptite-cerise.be\/en\/wp-json\/wp\/v2\/product_brand?post=13652"},{"taxonomy":"product_cat","embeddable":true,"href":"https:\/\/la-ptite-cerise.be\/en\/wp-json\/wp\/v2\/product_cat?post=13652"},{"taxonomy":"product_tag","embeddable":true,"href":"https:\/\/la-ptite-cerise.be\/en\/wp-json\/wp\/v2\/product_tag?post=13652"}],"curies":[{"name":"wp","href":"https:\/\/api.w.org\/{rel}","templated":true}]}}