{"id":13656,"date":"2020-12-08T21:12:53","date_gmt":"2020-12-08T20:12:53","guid":{"rendered":"https:\/\/la-ptite-cerise.be\/produit\/13656\/"},"modified":"2025-04-18T17:44:07","modified_gmt":"2025-04-18T15:44:07","slug":"13656","status":"publish","type":"product","link":"https:\/\/la-ptite-cerise.be\/en\/produit\/13656\/","title":{"rendered":"Baies sauvages"},"content":{"rendered":"<h3 class=\"\" data-start=\"1492\" data-end=\"1545\"><strong data-start=\"1501\" data-end=\"1529\">Green Tea \u2013 Wild Berries<\/strong> (100 g pouch)<\/h3>\n<p class=\"\" data-start=\"1546\" data-end=\"1612\"><strong data-start=\"1546\" data-end=\"1612\">A fruity and smooth green tea with delicious wild berry notes.<\/strong><\/p>\n<p class=\"\" data-start=\"1614\" data-end=\"1829\">This vibrant blend features China Sencha green tea with strawberry, elderberry, blackberry and redcurrant. Naturally flavoured, it offers a refreshing, sweet and slightly tangy profile \u2014 perfect for daily enjoyment.<\/p>\n<p class=\"\" data-start=\"1831\" data-end=\"1889\">\ud83d\udcac <em data-start=\"1834\" data-end=\"1889\">A feel-good tea, to enjoy hot or iced all year round.<\/em><\/p>\n<hr class=\"\" data-start=\"1891\" data-end=\"1894\" \/>\n<h3 class=\"\" data-start=\"1896\" data-end=\"1916\">\u2705 <strong data-start=\"1902\" data-end=\"1916\">Highlights<\/strong><\/h3>\n<ul data-start=\"1917\" data-end=\"2105\">\n<li class=\"\" data-start=\"1917\" data-end=\"1995\">\n<p class=\"\" data-start=\"1919\" data-end=\"1995\">Premium blend with sustainably sourced ingredients and natural flavourings<\/p>\n<\/li>\n<li class=\"\" data-start=\"1996\" data-end=\"2048\">\n<p class=\"\" data-start=\"1998\" data-end=\"2048\">Fruity and refreshing, with a mix of red berries<\/p>\n<\/li>\n<li class=\"\" data-start=\"2049\" data-end=\"2105\">\n<p class=\"\" data-start=\"2051\" data-end=\"2105\">Ideal for afternoon tea or as a chilled summer drink<\/p>\n<\/li>\n<\/ul>\n<hr class=\"\" data-start=\"2107\" data-end=\"2110\" \/>\n<h3 class=\"\" data-start=\"2112\" data-end=\"2136\">\ud83e\uddfe <strong data-start=\"2119\" data-end=\"2134\">Ingredients<\/strong><\/h3>\n<p class=\"\" data-start=\"2137\" data-end=\"2300\">China Sencha green tea, natural flavouring, strawberry, blackberry leaves, elderberry, blackberry, redcurrant<br data-start=\"2246\" data-end=\"2249\" \/><strong data-start=\"2249\" data-end=\"2262\">Allergens<\/strong>: May contain traces of milk and nuts.<\/p>\n<hr class=\"\" data-start=\"2302\" data-end=\"2305\" \/>\n<h3 class=\"\" data-start=\"2307\" data-end=\"2331\">\ud83c\udf7d\ufe0f <strong data-start=\"2315\" data-end=\"2331\">Brewing tips<\/strong><\/h3>\n<ul data-start=\"2332\" data-end=\"2543\">\n<li class=\"\" data-start=\"2332\" data-end=\"2367\">\n<p class=\"\" data-start=\"2334\" data-end=\"2367\"><strong data-start=\"2334\" data-end=\"2355\">Water temperature<\/strong>: 70\u201380\u202f\u00b0C<\/p>\n<\/li>\n<li class=\"\" data-start=\"2368\" data-end=\"2402\">\n<p class=\"\" data-start=\"2370\" data-end=\"2402\"><strong data-start=\"2370\" data-end=\"2387\">Steeping time<\/strong>: 2\u20133 minutes<\/p>\n<\/li>\n<li class=\"\" data-start=\"2403\" data-end=\"2467\">\n<p class=\"\" data-start=\"2405\" data-end=\"2418\"><strong data-start=\"2405\" data-end=\"2417\">Quantity<\/strong>:<\/p>\n<ul data-start=\"2421\" data-end=\"2467\">\n<li class=\"\" data-start=\"2421\" data-end=\"2439\">\n<p class=\"\" data-start=\"2423\" data-end=\"2439\">3 g per 200 ml<\/p>\n<\/li>\n<li class=\"\" data-start=\"2442\" data-end=\"2467\">\n<p class=\"\" data-start=\"2444\" data-end=\"2467\"><strong data-start=\"2444\" data-end=\"2465\">12\u201315 g per litre<\/strong><\/p>\n<\/li>\n<\/ul>\n<\/li>\n<li class=\"\" data-start=\"2468\" data-end=\"2543\">\n<p class=\"\" data-start=\"2470\" data-end=\"2543\"><strong data-start=\"2470\" data-end=\"2492\">Serving suggestion<\/strong>: Try it iced with fresh berries for a fruity twist<\/p>\n<\/li>\n<\/ul>\n","protected":false},"excerpt":{"rendered":"<p>Green tea with wild berries. 100 g pouch \u2013 fruity, smooth and refreshing.<\/p>\n","protected":false},"featured_media":13654,"template":"","meta":[],"product_brand":[],"product_cat":[143],"product_tag":[],"class_list":{"0":"post-13656","1":"product","2":"type-product","3":"status-publish","4":"has-post-thumbnail","6":"product_cat-tea","8":"first","9":"instock","10":"taxable","11":"shipping-taxable","12":"purchasable","13":"product-type-simple"},"yoast_head":"<!-- This site is optimized with the Yoast SEO plugin v25.7 - https:\/\/yoast.com\/wordpress\/plugins\/seo\/ -->\n<title>Baies sauvages - La P&#039;tite Cerise<\/title>\n<meta name=\"robots\" content=\"index, follow, max-snippet:-1, max-image-preview:large, max-video-preview:-1\" \/>\n<link rel=\"canonical\" href=\"https:\/\/la-ptite-cerise.be\/produit\/baies-sauvages\/\" \/>\n<meta property=\"og:locale\" content=\"en_US\" \/>\n<meta property=\"og:type\" content=\"article\" \/>\n<meta property=\"og:title\" content=\"Baies sauvages - La P&#039;tite Cerise\" \/>\n<meta property=\"og:description\" content=\"Green tea with wild berries. 100 g pouch \u2013 fruity, smooth and refreshing.\" \/>\n<meta property=\"og:url\" content=\"https:\/\/la-ptite-cerise.be\/produit\/baies-sauvages\/\" \/>\n<meta property=\"og:site_name\" content=\"La P&#039;tite Cerise\" \/>\n<meta property=\"article:publisher\" content=\"https:\/\/www.facebook.com\/laptitecerise\/\" \/>\n<meta property=\"article:modified_time\" content=\"2025-04-18T15:44:07+00:00\" \/>\n<meta property=\"og:image\" content=\"https:\/\/la-ptite-cerise.be\/wp-content\/uploads\/2020\/12\/82901_1.jpeg\" \/>\n\t<meta property=\"og:image:width\" content=\"500\" \/>\n\t<meta property=\"og:image:height\" content=\"500\" \/>\n\t<meta property=\"og:image:type\" content=\"image\/jpeg\" \/>\n<meta name=\"twitter:card\" content=\"summary_large_image\" \/>\n<meta name=\"twitter:label1\" content=\"Est. reading time\" \/>\n\t<meta name=\"twitter:data1\" content=\"1 minute\" \/>\n<script type=\"application\/ld+json\" class=\"yoast-schema-graph\">{\"@context\":\"https:\/\/schema.org\",\"@graph\":[{\"@type\":\"WebPage\",\"@id\":\"https:\/\/la-ptite-cerise.be\/produit\/baies-sauvages\/\",\"url\":\"https:\/\/la-ptite-cerise.be\/produit\/baies-sauvages\/\",\"name\":\"Baies sauvages - La P&#039;tite Cerise\",\"isPartOf\":{\"@id\":\"https:\/\/la-ptite-cerise.be\/#website\"},\"primaryImageOfPage\":{\"@id\":\"https:\/\/la-ptite-cerise.be\/produit\/baies-sauvages\/#primaryimage\"},\"image\":{\"@id\":\"https:\/\/la-ptite-cerise.be\/produit\/baies-sauvages\/#primaryimage\"},\"thumbnailUrl\":\"https:\/\/la-ptite-cerise.be\/wp-content\/uploads\/2020\/12\/82901_1.jpeg\",\"datePublished\":\"2020-12-08T20:12:53+00:00\",\"dateModified\":\"2025-04-18T15:44:07+00:00\",\"breadcrumb\":{\"@id\":\"https:\/\/la-ptite-cerise.be\/produit\/baies-sauvages\/#breadcrumb\"},\"inLanguage\":\"en-US\",\"potentialAction\":[{\"@type\":\"ReadAction\",\"target\":[\"https:\/\/la-ptite-cerise.be\/produit\/baies-sauvages\/\"]}]},{\"@type\":\"ImageObject\",\"inLanguage\":\"en-US\",\"@id\":\"https:\/\/la-ptite-cerise.be\/produit\/baies-sauvages\/#primaryimage\",\"url\":\"https:\/\/la-ptite-cerise.be\/wp-content\/uploads\/2020\/12\/82901_1.jpeg\",\"contentUrl\":\"https:\/\/la-ptite-cerise.be\/wp-content\/uploads\/2020\/12\/82901_1.jpeg\",\"width\":500,\"height\":500},{\"@type\":\"BreadcrumbList\",\"@id\":\"https:\/\/la-ptite-cerise.be\/produit\/baies-sauvages\/#breadcrumb\",\"itemListElement\":[{\"@type\":\"ListItem\",\"position\":1,\"name\":\"Accueil\",\"item\":\"https:\/\/la-ptite-cerise.be\/en\/\"},{\"@type\":\"ListItem\",\"position\":2,\"name\":\"Store\",\"item\":\"https:\/\/la-ptite-cerise.be\/boutique\/\"},{\"@type\":\"ListItem\",\"position\":3,\"name\":\"Baies sauvages\"}]},{\"@type\":\"WebSite\",\"@id\":\"https:\/\/la-ptite-cerise.be\/#website\",\"url\":\"https:\/\/la-ptite-cerise.be\/\",\"name\":\"La P'tite Cerise\",\"description\":\"Artisan torr\u00e9facteur de caf\u00e9 de sp\u00e9cialit\u00e9. S\u00e9lection de th\u00e9s &amp; tisanes.\",\"publisher\":{\"@id\":\"https:\/\/la-ptite-cerise.be\/#organization\"},\"potentialAction\":[{\"@type\":\"SearchAction\",\"target\":{\"@type\":\"EntryPoint\",\"urlTemplate\":\"https:\/\/la-ptite-cerise.be\/?s={search_term_string}\"},\"query-input\":{\"@type\":\"PropertyValueSpecification\",\"valueRequired\":true,\"valueName\":\"search_term_string\"}}],\"inLanguage\":\"en-US\"},{\"@type\":\"Organization\",\"@id\":\"https:\/\/la-ptite-cerise.be\/#organization\",\"name\":\"La P'tite Cerise\",\"url\":\"https:\/\/la-ptite-cerise.be\/\",\"logo\":{\"@type\":\"ImageObject\",\"inLanguage\":\"en-US\",\"@id\":\"https:\/\/la-ptite-cerise.be\/#\/schema\/logo\/image\/\",\"url\":\"https:\/\/la-ptite-cerise.be\/wp-content\/uploads\/2020\/10\/logo-header-01.jpg\",\"contentUrl\":\"https:\/\/la-ptite-cerise.be\/wp-content\/uploads\/2020\/10\/logo-header-01.jpg\",\"width\":176,\"height\":100,\"caption\":\"La P'tite Cerise\"},\"image\":{\"@id\":\"https:\/\/la-ptite-cerise.be\/#\/schema\/logo\/image\/\"},\"sameAs\":[\"https:\/\/www.facebook.com\/laptitecerise\/\",\"https:\/\/www.instagram.com\/la.ptite_cerise\/\"]}]}<\/script>\n<!-- \/ Yoast SEO plugin. -->","yoast_head_json":{"title":"Baies sauvages - La P&#039;tite Cerise","robots":{"index":"index","follow":"follow","max-snippet":"max-snippet:-1","max-image-preview":"max-image-preview:large","max-video-preview":"max-video-preview:-1"},"canonical":"https:\/\/la-ptite-cerise.be\/produit\/baies-sauvages\/","og_locale":"en_US","og_type":"article","og_title":"Baies sauvages - La P&#039;tite Cerise","og_description":"Green tea with wild berries. 100 g pouch \u2013 fruity, smooth and refreshing.","og_url":"https:\/\/la-ptite-cerise.be\/produit\/baies-sauvages\/","og_site_name":"La P&#039;tite Cerise","article_publisher":"https:\/\/www.facebook.com\/laptitecerise\/","article_modified_time":"2025-04-18T15:44:07+00:00","og_image":[{"width":500,"height":500,"url":"https:\/\/la-ptite-cerise.be\/wp-content\/uploads\/2020\/12\/82901_1.jpeg","type":"image\/jpeg"}],"twitter_card":"summary_large_image","twitter_misc":{"Est. reading time":"1 minute"},"schema":{"@context":"https:\/\/schema.org","@graph":[{"@type":"WebPage","@id":"https:\/\/la-ptite-cerise.be\/produit\/baies-sauvages\/","url":"https:\/\/la-ptite-cerise.be\/produit\/baies-sauvages\/","name":"Baies sauvages - La P&#039;tite Cerise","isPartOf":{"@id":"https:\/\/la-ptite-cerise.be\/#website"},"primaryImageOfPage":{"@id":"https:\/\/la-ptite-cerise.be\/produit\/baies-sauvages\/#primaryimage"},"image":{"@id":"https:\/\/la-ptite-cerise.be\/produit\/baies-sauvages\/#primaryimage"},"thumbnailUrl":"https:\/\/la-ptite-cerise.be\/wp-content\/uploads\/2020\/12\/82901_1.jpeg","datePublished":"2020-12-08T20:12:53+00:00","dateModified":"2025-04-18T15:44:07+00:00","breadcrumb":{"@id":"https:\/\/la-ptite-cerise.be\/produit\/baies-sauvages\/#breadcrumb"},"inLanguage":"en-US","potentialAction":[{"@type":"ReadAction","target":["https:\/\/la-ptite-cerise.be\/produit\/baies-sauvages\/"]}]},{"@type":"ImageObject","inLanguage":"en-US","@id":"https:\/\/la-ptite-cerise.be\/produit\/baies-sauvages\/#primaryimage","url":"https:\/\/la-ptite-cerise.be\/wp-content\/uploads\/2020\/12\/82901_1.jpeg","contentUrl":"https:\/\/la-ptite-cerise.be\/wp-content\/uploads\/2020\/12\/82901_1.jpeg","width":500,"height":500},{"@type":"BreadcrumbList","@id":"https:\/\/la-ptite-cerise.be\/produit\/baies-sauvages\/#breadcrumb","itemListElement":[{"@type":"ListItem","position":1,"name":"Accueil","item":"https:\/\/la-ptite-cerise.be\/en\/"},{"@type":"ListItem","position":2,"name":"Store","item":"https:\/\/la-ptite-cerise.be\/boutique\/"},{"@type":"ListItem","position":3,"name":"Baies sauvages"}]},{"@type":"WebSite","@id":"https:\/\/la-ptite-cerise.be\/#website","url":"https:\/\/la-ptite-cerise.be\/","name":"La P'tite Cerise","description":"Artisan torr\u00e9facteur de caf\u00e9 de sp\u00e9cialit\u00e9. S\u00e9lection de th\u00e9s &amp; tisanes.","publisher":{"@id":"https:\/\/la-ptite-cerise.be\/#organization"},"potentialAction":[{"@type":"SearchAction","target":{"@type":"EntryPoint","urlTemplate":"https:\/\/la-ptite-cerise.be\/?s={search_term_string}"},"query-input":{"@type":"PropertyValueSpecification","valueRequired":true,"valueName":"search_term_string"}}],"inLanguage":"en-US"},{"@type":"Organization","@id":"https:\/\/la-ptite-cerise.be\/#organization","name":"La P'tite Cerise","url":"https:\/\/la-ptite-cerise.be\/","logo":{"@type":"ImageObject","inLanguage":"en-US","@id":"https:\/\/la-ptite-cerise.be\/#\/schema\/logo\/image\/","url":"https:\/\/la-ptite-cerise.be\/wp-content\/uploads\/2020\/10\/logo-header-01.jpg","contentUrl":"https:\/\/la-ptite-cerise.be\/wp-content\/uploads\/2020\/10\/logo-header-01.jpg","width":176,"height":100,"caption":"La P'tite Cerise"},"image":{"@id":"https:\/\/la-ptite-cerise.be\/#\/schema\/logo\/image\/"},"sameAs":["https:\/\/www.facebook.com\/laptitecerise\/","https:\/\/www.instagram.com\/la.ptite_cerise\/"]}]}},"_links":{"self":[{"href":"https:\/\/la-ptite-cerise.be\/en\/wp-json\/wp\/v2\/product\/13656","targetHints":{"allow":["GET"]}}],"collection":[{"href":"https:\/\/la-ptite-cerise.be\/en\/wp-json\/wp\/v2\/product"}],"about":[{"href":"https:\/\/la-ptite-cerise.be\/en\/wp-json\/wp\/v2\/types\/product"}],"wp:featuredmedia":[{"embeddable":true,"href":"https:\/\/la-ptite-cerise.be\/en\/wp-json\/wp\/v2\/media\/13654"}],"wp:attachment":[{"href":"https:\/\/la-ptite-cerise.be\/en\/wp-json\/wp\/v2\/media?parent=13656"}],"wp:term":[{"taxonomy":"product_brand","embeddable":true,"href":"https:\/\/la-ptite-cerise.be\/en\/wp-json\/wp\/v2\/product_brand?post=13656"},{"taxonomy":"product_cat","embeddable":true,"href":"https:\/\/la-ptite-cerise.be\/en\/wp-json\/wp\/v2\/product_cat?post=13656"},{"taxonomy":"product_tag","embeddable":true,"href":"https:\/\/la-ptite-cerise.be\/en\/wp-json\/wp\/v2\/product_tag?post=13656"}],"curies":[{"name":"wp","href":"https:\/\/api.w.org\/{rel}","templated":true}]}}