{"id":13662,"date":"2020-12-08T21:10:45","date_gmt":"2020-12-08T20:10:45","guid":{"rendered":"https:\/\/la-ptite-cerise.be\/produit\/bonne-humeur\/"},"modified":"2020-12-08T21:10:45","modified_gmt":"2020-12-08T20:10:45","slug":"bonne-humeur","status":"publish","type":"product","link":"https:\/\/la-ptite-cerise.be\/en\/produit\/bonne-humeur\/","title":{"rendered":"Bonne Humeur"},"content":{"rendered":"<h3 class=\"\" data-start=\"1595\" data-end=\"1645\"><strong data-start=\"1604\" data-end=\"1629\">Green Tea \u2013 Good Mood<\/strong> (100 g pouch)<\/h3>\n<p class=\"\" data-start=\"1646\" data-end=\"1714\"><strong data-start=\"1646\" data-end=\"1714\">A cheerful green tea with sweet orange and smooth vanilla notes.<\/strong><\/p>\n<p class=\"\" data-start=\"1716\" data-end=\"1963\">This bright and aromatic blend features China Sencha green tea, orange peel and a soft touch of vanilla. Natural orange flavouring and vanilla extract bring warmth and balance, while rose, marigold and cornflower petals add a joyful floral finish.<\/p>\n<p class=\"\" data-start=\"1965\" data-end=\"2024\">\ud83d\udcac <em data-start=\"1968\" data-end=\"2024\">A delightful tea to lift your spirits any time of day.<\/em><\/p>\n<hr class=\"\" data-start=\"2026\" data-end=\"2029\" \/>\n<h3 class=\"\" data-start=\"2031\" data-end=\"2051\">\u2705 <strong data-start=\"2037\" data-end=\"2051\">Highlights<\/strong><\/h3>\n<ul data-start=\"2052\" data-end=\"2214\">\n<li class=\"\" data-start=\"2052\" data-end=\"2130\">\n<p class=\"\" data-start=\"2054\" data-end=\"2130\">Premium blend with sustainably sourced ingredients and natural flavourings<\/p>\n<\/li>\n<li class=\"\" data-start=\"2131\" data-end=\"2180\">\n<p class=\"\" data-start=\"2133\" data-end=\"2180\">Citrus and vanilla on a smooth green tea base<\/p>\n<\/li>\n<li class=\"\" data-start=\"2181\" data-end=\"2214\">\n<p class=\"\" data-start=\"2183\" data-end=\"2214\">Uplifting and gently aromatic<\/p>\n<\/li>\n<\/ul>\n<hr class=\"\" data-start=\"2216\" data-end=\"2219\" \/>\n<h3 class=\"\" data-start=\"2221\" data-end=\"2245\">\ud83e\uddfe <strong data-start=\"2228\" data-end=\"2243\">Ingredients<\/strong><\/h3>\n<p class=\"\" data-start=\"2246\" data-end=\"2437\">China Sencha green tea, orange peel, natural orange flavouring, marigold petals, vanilla extract, rose petals, cornflower petals, vanilla<br data-start=\"2383\" data-end=\"2386\" \/><strong data-start=\"2386\" data-end=\"2399\">Allergens<\/strong>: May contain traces of milk and nuts.<\/p>\n<hr class=\"\" data-start=\"2439\" data-end=\"2442\" \/>\n<h3 class=\"\" data-start=\"2444\" data-end=\"2468\">\ud83c\udf7d\ufe0f <strong data-start=\"2452\" data-end=\"2468\">Brewing tips<\/strong><\/h3>\n<ul data-start=\"2469\" data-end=\"2689\">\n<li class=\"\" data-start=\"2469\" data-end=\"2504\">\n<p class=\"\" data-start=\"2471\" data-end=\"2504\"><strong data-start=\"2471\" data-end=\"2492\">Water temperature<\/strong>: 70\u201380\u202f\u00b0C<\/p>\n<\/li>\n<li class=\"\" data-start=\"2505\" data-end=\"2539\">\n<p class=\"\" data-start=\"2507\" data-end=\"2539\"><strong data-start=\"2507\" data-end=\"2524\">Steeping time<\/strong>: 2\u20133 minutes<\/p>\n<\/li>\n<li class=\"\" data-start=\"2540\" data-end=\"2604\">\n<p class=\"\" data-start=\"2542\" data-end=\"2555\"><strong data-start=\"2542\" data-end=\"2554\">Quantity<\/strong>:<\/p>\n<ul data-start=\"2558\" data-end=\"2604\">\n<li class=\"\" data-start=\"2558\" data-end=\"2576\">\n<p class=\"\" data-start=\"2560\" data-end=\"2576\">3 g per 200 ml<\/p>\n<\/li>\n<li class=\"\" data-start=\"2579\" data-end=\"2604\">\n<p class=\"\" data-start=\"2581\" data-end=\"2604\"><strong data-start=\"2581\" data-end=\"2602\">12\u201315 g per litre<\/strong><\/p>\n<\/li>\n<\/ul>\n<\/li>\n<li class=\"\" data-start=\"2605\" data-end=\"2689\">\n<p class=\"\" data-start=\"2607\" data-end=\"2689\"><strong data-start=\"2607\" data-end=\"2629\">Serving suggestion<\/strong>: Try it hot to relax or iced for a joyful, refreshing treat<\/p>\n<\/li>\n<\/ul>\n","protected":false},"excerpt":{"rendered":"<p>Green tea with orange &amp; vanilla. 100 g pouch \u2013 smooth, floral and uplifting.<\/p>\n","protected":false},"featured_media":13660,"template":"","meta":[],"product_brand":[],"product_cat":[143],"product_tag":[],"class_list":{"0":"post-13662","1":"product","2":"type-product","3":"status-publish","4":"has-post-thumbnail","6":"product_cat-tea","8":"first","9":"instock","10":"taxable","11":"shipping-taxable","12":"purchasable","13":"product-type-simple"},"yoast_head":"<!-- This site is optimized with the Yoast SEO plugin v25.7 - https:\/\/yoast.com\/wordpress\/plugins\/seo\/ -->\n<title>Bonne Humeur - La P&#039;tite Cerise<\/title>\n<meta name=\"robots\" content=\"index, follow, max-snippet:-1, max-image-preview:large, max-video-preview:-1\" \/>\n<link rel=\"canonical\" href=\"https:\/\/la-ptite-cerise.be\/produit\/bonne-humeur\/\" \/>\n<meta property=\"og:locale\" content=\"en_US\" \/>\n<meta property=\"og:type\" content=\"article\" \/>\n<meta property=\"og:title\" content=\"Bonne Humeur - La P&#039;tite Cerise\" \/>\n<meta property=\"og:description\" content=\"Green tea with orange &amp; vanilla. 100 g pouch \u2013 smooth, floral and uplifting.\" \/>\n<meta property=\"og:url\" content=\"https:\/\/la-ptite-cerise.be\/produit\/bonne-humeur\/\" \/>\n<meta property=\"og:site_name\" content=\"La P&#039;tite Cerise\" \/>\n<meta property=\"article:publisher\" content=\"https:\/\/www.facebook.com\/laptitecerise\/\" \/>\n<meta property=\"og:image\" content=\"https:\/\/la-ptite-cerise.be\/wp-content\/uploads\/2020\/12\/83054_1.jpeg\" \/>\n\t<meta property=\"og:image:width\" content=\"500\" \/>\n\t<meta property=\"og:image:height\" content=\"500\" \/>\n\t<meta property=\"og:image:type\" content=\"image\/jpeg\" \/>\n<meta name=\"twitter:card\" content=\"summary_large_image\" \/>\n<meta name=\"twitter:label1\" content=\"Est. reading time\" \/>\n\t<meta name=\"twitter:data1\" content=\"1 minute\" \/>\n<script type=\"application\/ld+json\" class=\"yoast-schema-graph\">{\"@context\":\"https:\/\/schema.org\",\"@graph\":[{\"@type\":\"WebPage\",\"@id\":\"https:\/\/la-ptite-cerise.be\/produit\/bonne-humeur\/\",\"url\":\"https:\/\/la-ptite-cerise.be\/produit\/bonne-humeur\/\",\"name\":\"Bonne Humeur - La P&#039;tite Cerise\",\"isPartOf\":{\"@id\":\"https:\/\/la-ptite-cerise.be\/#website\"},\"primaryImageOfPage\":{\"@id\":\"https:\/\/la-ptite-cerise.be\/produit\/bonne-humeur\/#primaryimage\"},\"image\":{\"@id\":\"https:\/\/la-ptite-cerise.be\/produit\/bonne-humeur\/#primaryimage\"},\"thumbnailUrl\":\"https:\/\/la-ptite-cerise.be\/wp-content\/uploads\/2020\/12\/83054_1.jpeg\",\"datePublished\":\"2020-12-08T20:10:45+00:00\",\"breadcrumb\":{\"@id\":\"https:\/\/la-ptite-cerise.be\/produit\/bonne-humeur\/#breadcrumb\"},\"inLanguage\":\"en-US\",\"potentialAction\":[{\"@type\":\"ReadAction\",\"target\":[\"https:\/\/la-ptite-cerise.be\/produit\/bonne-humeur\/\"]}]},{\"@type\":\"ImageObject\",\"inLanguage\":\"en-US\",\"@id\":\"https:\/\/la-ptite-cerise.be\/produit\/bonne-humeur\/#primaryimage\",\"url\":\"https:\/\/la-ptite-cerise.be\/wp-content\/uploads\/2020\/12\/83054_1.jpeg\",\"contentUrl\":\"https:\/\/la-ptite-cerise.be\/wp-content\/uploads\/2020\/12\/83054_1.jpeg\",\"width\":500,\"height\":500},{\"@type\":\"BreadcrumbList\",\"@id\":\"https:\/\/la-ptite-cerise.be\/produit\/bonne-humeur\/#breadcrumb\",\"itemListElement\":[{\"@type\":\"ListItem\",\"position\":1,\"name\":\"Accueil\",\"item\":\"https:\/\/la-ptite-cerise.be\/en\/\"},{\"@type\":\"ListItem\",\"position\":2,\"name\":\"Store\",\"item\":\"https:\/\/la-ptite-cerise.be\/boutique\/\"},{\"@type\":\"ListItem\",\"position\":3,\"name\":\"Bonne Humeur\"}]},{\"@type\":\"WebSite\",\"@id\":\"https:\/\/la-ptite-cerise.be\/#website\",\"url\":\"https:\/\/la-ptite-cerise.be\/\",\"name\":\"La P'tite Cerise\",\"description\":\"Artisan torr\u00e9facteur de caf\u00e9 de sp\u00e9cialit\u00e9. S\u00e9lection de th\u00e9s &amp; tisanes.\",\"publisher\":{\"@id\":\"https:\/\/la-ptite-cerise.be\/#organization\"},\"potentialAction\":[{\"@type\":\"SearchAction\",\"target\":{\"@type\":\"EntryPoint\",\"urlTemplate\":\"https:\/\/la-ptite-cerise.be\/?s={search_term_string}\"},\"query-input\":{\"@type\":\"PropertyValueSpecification\",\"valueRequired\":true,\"valueName\":\"search_term_string\"}}],\"inLanguage\":\"en-US\"},{\"@type\":\"Organization\",\"@id\":\"https:\/\/la-ptite-cerise.be\/#organization\",\"name\":\"La P'tite Cerise\",\"url\":\"https:\/\/la-ptite-cerise.be\/\",\"logo\":{\"@type\":\"ImageObject\",\"inLanguage\":\"en-US\",\"@id\":\"https:\/\/la-ptite-cerise.be\/#\/schema\/logo\/image\/\",\"url\":\"https:\/\/la-ptite-cerise.be\/wp-content\/uploads\/2020\/10\/logo-header-01.jpg\",\"contentUrl\":\"https:\/\/la-ptite-cerise.be\/wp-content\/uploads\/2020\/10\/logo-header-01.jpg\",\"width\":176,\"height\":100,\"caption\":\"La P'tite Cerise\"},\"image\":{\"@id\":\"https:\/\/la-ptite-cerise.be\/#\/schema\/logo\/image\/\"},\"sameAs\":[\"https:\/\/www.facebook.com\/laptitecerise\/\",\"https:\/\/www.instagram.com\/la.ptite_cerise\/\"]}]}<\/script>\n<!-- \/ Yoast SEO plugin. -->","yoast_head_json":{"title":"Bonne Humeur - La P&#039;tite Cerise","robots":{"index":"index","follow":"follow","max-snippet":"max-snippet:-1","max-image-preview":"max-image-preview:large","max-video-preview":"max-video-preview:-1"},"canonical":"https:\/\/la-ptite-cerise.be\/produit\/bonne-humeur\/","og_locale":"en_US","og_type":"article","og_title":"Bonne Humeur - La P&#039;tite Cerise","og_description":"Green tea with orange &amp; vanilla. 100 g pouch \u2013 smooth, floral and uplifting.","og_url":"https:\/\/la-ptite-cerise.be\/produit\/bonne-humeur\/","og_site_name":"La P&#039;tite Cerise","article_publisher":"https:\/\/www.facebook.com\/laptitecerise\/","og_image":[{"width":500,"height":500,"url":"https:\/\/la-ptite-cerise.be\/wp-content\/uploads\/2020\/12\/83054_1.jpeg","type":"image\/jpeg"}],"twitter_card":"summary_large_image","twitter_misc":{"Est. reading time":"1 minute"},"schema":{"@context":"https:\/\/schema.org","@graph":[{"@type":"WebPage","@id":"https:\/\/la-ptite-cerise.be\/produit\/bonne-humeur\/","url":"https:\/\/la-ptite-cerise.be\/produit\/bonne-humeur\/","name":"Bonne Humeur - La P&#039;tite Cerise","isPartOf":{"@id":"https:\/\/la-ptite-cerise.be\/#website"},"primaryImageOfPage":{"@id":"https:\/\/la-ptite-cerise.be\/produit\/bonne-humeur\/#primaryimage"},"image":{"@id":"https:\/\/la-ptite-cerise.be\/produit\/bonne-humeur\/#primaryimage"},"thumbnailUrl":"https:\/\/la-ptite-cerise.be\/wp-content\/uploads\/2020\/12\/83054_1.jpeg","datePublished":"2020-12-08T20:10:45+00:00","breadcrumb":{"@id":"https:\/\/la-ptite-cerise.be\/produit\/bonne-humeur\/#breadcrumb"},"inLanguage":"en-US","potentialAction":[{"@type":"ReadAction","target":["https:\/\/la-ptite-cerise.be\/produit\/bonne-humeur\/"]}]},{"@type":"ImageObject","inLanguage":"en-US","@id":"https:\/\/la-ptite-cerise.be\/produit\/bonne-humeur\/#primaryimage","url":"https:\/\/la-ptite-cerise.be\/wp-content\/uploads\/2020\/12\/83054_1.jpeg","contentUrl":"https:\/\/la-ptite-cerise.be\/wp-content\/uploads\/2020\/12\/83054_1.jpeg","width":500,"height":500},{"@type":"BreadcrumbList","@id":"https:\/\/la-ptite-cerise.be\/produit\/bonne-humeur\/#breadcrumb","itemListElement":[{"@type":"ListItem","position":1,"name":"Accueil","item":"https:\/\/la-ptite-cerise.be\/en\/"},{"@type":"ListItem","position":2,"name":"Store","item":"https:\/\/la-ptite-cerise.be\/boutique\/"},{"@type":"ListItem","position":3,"name":"Bonne Humeur"}]},{"@type":"WebSite","@id":"https:\/\/la-ptite-cerise.be\/#website","url":"https:\/\/la-ptite-cerise.be\/","name":"La P'tite Cerise","description":"Artisan torr\u00e9facteur de caf\u00e9 de sp\u00e9cialit\u00e9. S\u00e9lection de th\u00e9s &amp; tisanes.","publisher":{"@id":"https:\/\/la-ptite-cerise.be\/#organization"},"potentialAction":[{"@type":"SearchAction","target":{"@type":"EntryPoint","urlTemplate":"https:\/\/la-ptite-cerise.be\/?s={search_term_string}"},"query-input":{"@type":"PropertyValueSpecification","valueRequired":true,"valueName":"search_term_string"}}],"inLanguage":"en-US"},{"@type":"Organization","@id":"https:\/\/la-ptite-cerise.be\/#organization","name":"La P'tite Cerise","url":"https:\/\/la-ptite-cerise.be\/","logo":{"@type":"ImageObject","inLanguage":"en-US","@id":"https:\/\/la-ptite-cerise.be\/#\/schema\/logo\/image\/","url":"https:\/\/la-ptite-cerise.be\/wp-content\/uploads\/2020\/10\/logo-header-01.jpg","contentUrl":"https:\/\/la-ptite-cerise.be\/wp-content\/uploads\/2020\/10\/logo-header-01.jpg","width":176,"height":100,"caption":"La P'tite Cerise"},"image":{"@id":"https:\/\/la-ptite-cerise.be\/#\/schema\/logo\/image\/"},"sameAs":["https:\/\/www.facebook.com\/laptitecerise\/","https:\/\/www.instagram.com\/la.ptite_cerise\/"]}]}},"_links":{"self":[{"href":"https:\/\/la-ptite-cerise.be\/en\/wp-json\/wp\/v2\/product\/13662","targetHints":{"allow":["GET"]}}],"collection":[{"href":"https:\/\/la-ptite-cerise.be\/en\/wp-json\/wp\/v2\/product"}],"about":[{"href":"https:\/\/la-ptite-cerise.be\/en\/wp-json\/wp\/v2\/types\/product"}],"wp:featuredmedia":[{"embeddable":true,"href":"https:\/\/la-ptite-cerise.be\/en\/wp-json\/wp\/v2\/media\/13660"}],"wp:attachment":[{"href":"https:\/\/la-ptite-cerise.be\/en\/wp-json\/wp\/v2\/media?parent=13662"}],"wp:term":[{"taxonomy":"product_brand","embeddable":true,"href":"https:\/\/la-ptite-cerise.be\/en\/wp-json\/wp\/v2\/product_brand?post=13662"},{"taxonomy":"product_cat","embeddable":true,"href":"https:\/\/la-ptite-cerise.be\/en\/wp-json\/wp\/v2\/product_cat?post=13662"},{"taxonomy":"product_tag","embeddable":true,"href":"https:\/\/la-ptite-cerise.be\/en\/wp-json\/wp\/v2\/product_tag?post=13662"}],"curies":[{"name":"wp","href":"https:\/\/api.w.org\/{rel}","templated":true}]}}