{"id":13677,"date":"2020-12-08T21:00:59","date_gmt":"2020-12-08T20:00:59","guid":{"rendered":"https:\/\/la-ptite-cerise.be\/produit\/marrakesh-nights\/"},"modified":"2020-12-08T21:00:59","modified_gmt":"2020-12-08T20:00:59","slug":"marrakesh-nights","status":"publish","type":"product","link":"https:\/\/la-ptite-cerise.be\/en\/produit\/marrakesh-nights\/","title":{"rendered":"Marrakesh Nights"},"content":{"rendered":"<h3 class=\"\" data-start=\"1502\" data-end=\"1559\"><strong data-start=\"1511\" data-end=\"1543\">Green Tea \u2013 Marrakesh Nights<\/strong> (100 g pouch)<\/h3>\n<p class=\"\" data-start=\"1560\" data-end=\"1648\"><strong data-start=\"1560\" data-end=\"1648\">A refreshing green tea inspired by Moroccan tradition, with pure peppermint flavour.<\/strong><\/p>\n<p class=\"\" data-start=\"1650\" data-end=\"1856\">This vibrant blend combines China Gunpowder green tea with whole peppermint leaves and natural peppermint flavouring. Bold, cooling and aromatic, it\u2019s a delightful tea to enjoy hot or cold, any time of day.<\/p>\n<p class=\"\" data-start=\"1858\" data-end=\"1902\">\ud83d\udcac <em data-start=\"1861\" data-end=\"1902\">A modern twist on a timeless favourite.<\/em><\/p>\n<hr class=\"\" data-start=\"1904\" data-end=\"1907\" \/>\n<h3 class=\"\" data-start=\"1909\" data-end=\"1929\">\u2705 <strong data-start=\"1915\" data-end=\"1929\">Highlights<\/strong><\/h3>\n<ul data-start=\"1930\" data-end=\"2114\">\n<li class=\"\" data-start=\"1930\" data-end=\"2007\">\n<p class=\"\" data-start=\"1932\" data-end=\"2007\">Premium blend with sustainably sourced ingredients and natural flavouring<\/p>\n<\/li>\n<li class=\"\" data-start=\"2008\" data-end=\"2069\">\n<p class=\"\" data-start=\"2010\" data-end=\"2069\">Strong peppermint flavour on a traditional green tea base<\/p>\n<\/li>\n<li class=\"\" data-start=\"2070\" data-end=\"2114\">\n<p class=\"\" data-start=\"2072\" data-end=\"2114\">Ideal hot or iced, with or without sugar<\/p>\n<\/li>\n<\/ul>\n<hr class=\"\" data-start=\"2116\" data-end=\"2119\" \/>\n<h3 class=\"\" data-start=\"2121\" data-end=\"2145\">\ud83e\uddfe <strong data-start=\"2128\" data-end=\"2143\">Ingredients<\/strong><\/h3>\n<p class=\"\" data-start=\"2146\" data-end=\"2274\">China Gunpowder green tea, whole peppermint, natural peppermint flavouring<br data-start=\"2220\" data-end=\"2223\" \/><strong data-start=\"2223\" data-end=\"2236\">Allergens<\/strong>: May contain traces of milk and nuts.<\/p>\n<hr class=\"\" data-start=\"2276\" data-end=\"2279\" \/>\n<h3 class=\"\" data-start=\"2281\" data-end=\"2305\">\ud83c\udf7d\ufe0f <strong data-start=\"2289\" data-end=\"2305\">Brewing tips<\/strong><\/h3>\n<ul data-start=\"2306\" data-end=\"2529\">\n<li class=\"\" data-start=\"2306\" data-end=\"2341\">\n<p class=\"\" data-start=\"2308\" data-end=\"2341\"><strong data-start=\"2308\" data-end=\"2329\">Water temperature<\/strong>: 70\u201380\u202f\u00b0C<\/p>\n<\/li>\n<li class=\"\" data-start=\"2342\" data-end=\"2376\">\n<p class=\"\" data-start=\"2344\" data-end=\"2376\"><strong data-start=\"2344\" data-end=\"2361\">Steeping time<\/strong>: 2\u20133 minutes<\/p>\n<\/li>\n<li class=\"\" data-start=\"2377\" data-end=\"2441\">\n<p class=\"\" data-start=\"2379\" data-end=\"2392\"><strong data-start=\"2379\" data-end=\"2391\">Quantity<\/strong>:<\/p>\n<ul data-start=\"2395\" data-end=\"2441\">\n<li class=\"\" data-start=\"2395\" data-end=\"2413\">\n<p class=\"\" data-start=\"2397\" data-end=\"2413\">3 g per 200 ml<\/p>\n<\/li>\n<li class=\"\" data-start=\"2416\" data-end=\"2441\">\n<p class=\"\" data-start=\"2418\" data-end=\"2441\"><strong data-start=\"2418\" data-end=\"2439\">12\u201315 g per litre<\/strong><\/p>\n<\/li>\n<\/ul>\n<\/li>\n<li class=\"\" data-start=\"2442\" data-end=\"2529\">\n<p class=\"\" data-start=\"2444\" data-end=\"2529\"><strong data-start=\"2444\" data-end=\"2466\">Serving suggestion<\/strong>: Serve hot or iced with fresh mint leaves and a touch of sugar<\/p>\n<\/li>\n<\/ul>\n","protected":false},"excerpt":{"rendered":"<p>Green tea with peppermint. 100 g pouch \u2013 refreshing, bold and aromatic.<\/p>\n","protected":false},"featured_media":13675,"template":"","meta":[],"product_brand":[],"product_cat":[143],"product_tag":[],"class_list":{"0":"post-13677","1":"product","2":"type-product","3":"status-publish","4":"has-post-thumbnail","6":"product_cat-tea","8":"first","9":"instock","10":"taxable","11":"shipping-taxable","12":"purchasable","13":"product-type-simple"},"yoast_head":"<!-- This site is optimized with the Yoast SEO plugin v25.7 - https:\/\/yoast.com\/wordpress\/plugins\/seo\/ -->\n<title>Marrakesh Nights - La P&#039;tite Cerise<\/title>\n<meta name=\"robots\" content=\"index, follow, max-snippet:-1, max-image-preview:large, max-video-preview:-1\" \/>\n<link rel=\"canonical\" href=\"https:\/\/la-ptite-cerise.be\/en\/produit\/marrakesh-nights\/\" \/>\n<meta property=\"og:locale\" content=\"en_US\" \/>\n<meta property=\"og:type\" content=\"article\" \/>\n<meta property=\"og:title\" content=\"Marrakesh Nights - La P&#039;tite Cerise\" \/>\n<meta property=\"og:description\" content=\"Green tea with peppermint. 100 g pouch \u2013 refreshing, bold and aromatic.\" \/>\n<meta property=\"og:url\" content=\"https:\/\/la-ptite-cerise.be\/en\/produit\/marrakesh-nights\/\" \/>\n<meta property=\"og:site_name\" content=\"La P&#039;tite Cerise\" \/>\n<meta property=\"article:publisher\" content=\"https:\/\/www.facebook.com\/laptitecerise\/\" \/>\n<meta property=\"og:image\" content=\"https:\/\/la-ptite-cerise.be\/wp-content\/uploads\/2020\/12\/83109_1.jpeg\" \/>\n\t<meta property=\"og:image:width\" content=\"500\" \/>\n\t<meta property=\"og:image:height\" content=\"500\" \/>\n\t<meta property=\"og:image:type\" content=\"image\/jpeg\" \/>\n<meta name=\"twitter:card\" content=\"summary_large_image\" \/>\n<meta name=\"twitter:label1\" content=\"Est. reading time\" \/>\n\t<meta name=\"twitter:data1\" content=\"1 minute\" \/>\n<script type=\"application\/ld+json\" class=\"yoast-schema-graph\">{\"@context\":\"https:\/\/schema.org\",\"@graph\":[{\"@type\":\"WebPage\",\"@id\":\"https:\/\/la-ptite-cerise.be\/en\/produit\/marrakesh-nights\/\",\"url\":\"https:\/\/la-ptite-cerise.be\/en\/produit\/marrakesh-nights\/\",\"name\":\"Marrakesh Nights - La P&#039;tite Cerise\",\"isPartOf\":{\"@id\":\"https:\/\/la-ptite-cerise.be\/#website\"},\"primaryImageOfPage\":{\"@id\":\"https:\/\/la-ptite-cerise.be\/en\/produit\/marrakesh-nights\/#primaryimage\"},\"image\":{\"@id\":\"https:\/\/la-ptite-cerise.be\/en\/produit\/marrakesh-nights\/#primaryimage\"},\"thumbnailUrl\":\"https:\/\/la-ptite-cerise.be\/wp-content\/uploads\/2020\/12\/83109_1.jpeg\",\"datePublished\":\"2020-12-08T20:00:59+00:00\",\"breadcrumb\":{\"@id\":\"https:\/\/la-ptite-cerise.be\/en\/produit\/marrakesh-nights\/#breadcrumb\"},\"inLanguage\":\"en-US\",\"potentialAction\":[{\"@type\":\"ReadAction\",\"target\":[\"https:\/\/la-ptite-cerise.be\/en\/produit\/marrakesh-nights\/\"]}]},{\"@type\":\"ImageObject\",\"inLanguage\":\"en-US\",\"@id\":\"https:\/\/la-ptite-cerise.be\/en\/produit\/marrakesh-nights\/#primaryimage\",\"url\":\"https:\/\/la-ptite-cerise.be\/wp-content\/uploads\/2020\/12\/83109_1.jpeg\",\"contentUrl\":\"https:\/\/la-ptite-cerise.be\/wp-content\/uploads\/2020\/12\/83109_1.jpeg\",\"width\":500,\"height\":500},{\"@type\":\"BreadcrumbList\",\"@id\":\"https:\/\/la-ptite-cerise.be\/en\/produit\/marrakesh-nights\/#breadcrumb\",\"itemListElement\":[{\"@type\":\"ListItem\",\"position\":1,\"name\":\"Accueil\",\"item\":\"https:\/\/la-ptite-cerise.be\/en\/\"},{\"@type\":\"ListItem\",\"position\":2,\"name\":\"Store\",\"item\":\"https:\/\/la-ptite-cerise.be\/boutique\/\"},{\"@type\":\"ListItem\",\"position\":3,\"name\":\"Marrakesh Nights\"}]},{\"@type\":\"WebSite\",\"@id\":\"https:\/\/la-ptite-cerise.be\/#website\",\"url\":\"https:\/\/la-ptite-cerise.be\/\",\"name\":\"La P'tite Cerise\",\"description\":\"Artisan torr\u00e9facteur de caf\u00e9 de sp\u00e9cialit\u00e9. S\u00e9lection de th\u00e9s &amp; tisanes.\",\"publisher\":{\"@id\":\"https:\/\/la-ptite-cerise.be\/#organization\"},\"potentialAction\":[{\"@type\":\"SearchAction\",\"target\":{\"@type\":\"EntryPoint\",\"urlTemplate\":\"https:\/\/la-ptite-cerise.be\/?s={search_term_string}\"},\"query-input\":{\"@type\":\"PropertyValueSpecification\",\"valueRequired\":true,\"valueName\":\"search_term_string\"}}],\"inLanguage\":\"en-US\"},{\"@type\":\"Organization\",\"@id\":\"https:\/\/la-ptite-cerise.be\/#organization\",\"name\":\"La P'tite Cerise\",\"url\":\"https:\/\/la-ptite-cerise.be\/\",\"logo\":{\"@type\":\"ImageObject\",\"inLanguage\":\"en-US\",\"@id\":\"https:\/\/la-ptite-cerise.be\/#\/schema\/logo\/image\/\",\"url\":\"https:\/\/la-ptite-cerise.be\/wp-content\/uploads\/2020\/10\/logo-header-01.jpg\",\"contentUrl\":\"https:\/\/la-ptite-cerise.be\/wp-content\/uploads\/2020\/10\/logo-header-01.jpg\",\"width\":176,\"height\":100,\"caption\":\"La P'tite Cerise\"},\"image\":{\"@id\":\"https:\/\/la-ptite-cerise.be\/#\/schema\/logo\/image\/\"},\"sameAs\":[\"https:\/\/www.facebook.com\/laptitecerise\/\",\"https:\/\/www.instagram.com\/la.ptite_cerise\/\"]}]}<\/script>\n<!-- \/ Yoast SEO plugin. -->","yoast_head_json":{"title":"Marrakesh Nights - La P&#039;tite Cerise","robots":{"index":"index","follow":"follow","max-snippet":"max-snippet:-1","max-image-preview":"max-image-preview:large","max-video-preview":"max-video-preview:-1"},"canonical":"https:\/\/la-ptite-cerise.be\/en\/produit\/marrakesh-nights\/","og_locale":"en_US","og_type":"article","og_title":"Marrakesh Nights - La P&#039;tite Cerise","og_description":"Green tea with peppermint. 100 g pouch \u2013 refreshing, bold and aromatic.","og_url":"https:\/\/la-ptite-cerise.be\/en\/produit\/marrakesh-nights\/","og_site_name":"La P&#039;tite Cerise","article_publisher":"https:\/\/www.facebook.com\/laptitecerise\/","og_image":[{"width":500,"height":500,"url":"https:\/\/la-ptite-cerise.be\/wp-content\/uploads\/2020\/12\/83109_1.jpeg","type":"image\/jpeg"}],"twitter_card":"summary_large_image","twitter_misc":{"Est. reading time":"1 minute"},"schema":{"@context":"https:\/\/schema.org","@graph":[{"@type":"WebPage","@id":"https:\/\/la-ptite-cerise.be\/en\/produit\/marrakesh-nights\/","url":"https:\/\/la-ptite-cerise.be\/en\/produit\/marrakesh-nights\/","name":"Marrakesh Nights - La P&#039;tite Cerise","isPartOf":{"@id":"https:\/\/la-ptite-cerise.be\/#website"},"primaryImageOfPage":{"@id":"https:\/\/la-ptite-cerise.be\/en\/produit\/marrakesh-nights\/#primaryimage"},"image":{"@id":"https:\/\/la-ptite-cerise.be\/en\/produit\/marrakesh-nights\/#primaryimage"},"thumbnailUrl":"https:\/\/la-ptite-cerise.be\/wp-content\/uploads\/2020\/12\/83109_1.jpeg","datePublished":"2020-12-08T20:00:59+00:00","breadcrumb":{"@id":"https:\/\/la-ptite-cerise.be\/en\/produit\/marrakesh-nights\/#breadcrumb"},"inLanguage":"en-US","potentialAction":[{"@type":"ReadAction","target":["https:\/\/la-ptite-cerise.be\/en\/produit\/marrakesh-nights\/"]}]},{"@type":"ImageObject","inLanguage":"en-US","@id":"https:\/\/la-ptite-cerise.be\/en\/produit\/marrakesh-nights\/#primaryimage","url":"https:\/\/la-ptite-cerise.be\/wp-content\/uploads\/2020\/12\/83109_1.jpeg","contentUrl":"https:\/\/la-ptite-cerise.be\/wp-content\/uploads\/2020\/12\/83109_1.jpeg","width":500,"height":500},{"@type":"BreadcrumbList","@id":"https:\/\/la-ptite-cerise.be\/en\/produit\/marrakesh-nights\/#breadcrumb","itemListElement":[{"@type":"ListItem","position":1,"name":"Accueil","item":"https:\/\/la-ptite-cerise.be\/en\/"},{"@type":"ListItem","position":2,"name":"Store","item":"https:\/\/la-ptite-cerise.be\/boutique\/"},{"@type":"ListItem","position":3,"name":"Marrakesh Nights"}]},{"@type":"WebSite","@id":"https:\/\/la-ptite-cerise.be\/#website","url":"https:\/\/la-ptite-cerise.be\/","name":"La P'tite Cerise","description":"Artisan torr\u00e9facteur de caf\u00e9 de sp\u00e9cialit\u00e9. S\u00e9lection de th\u00e9s &amp; tisanes.","publisher":{"@id":"https:\/\/la-ptite-cerise.be\/#organization"},"potentialAction":[{"@type":"SearchAction","target":{"@type":"EntryPoint","urlTemplate":"https:\/\/la-ptite-cerise.be\/?s={search_term_string}"},"query-input":{"@type":"PropertyValueSpecification","valueRequired":true,"valueName":"search_term_string"}}],"inLanguage":"en-US"},{"@type":"Organization","@id":"https:\/\/la-ptite-cerise.be\/#organization","name":"La P'tite Cerise","url":"https:\/\/la-ptite-cerise.be\/","logo":{"@type":"ImageObject","inLanguage":"en-US","@id":"https:\/\/la-ptite-cerise.be\/#\/schema\/logo\/image\/","url":"https:\/\/la-ptite-cerise.be\/wp-content\/uploads\/2020\/10\/logo-header-01.jpg","contentUrl":"https:\/\/la-ptite-cerise.be\/wp-content\/uploads\/2020\/10\/logo-header-01.jpg","width":176,"height":100,"caption":"La P'tite Cerise"},"image":{"@id":"https:\/\/la-ptite-cerise.be\/#\/schema\/logo\/image\/"},"sameAs":["https:\/\/www.facebook.com\/laptitecerise\/","https:\/\/www.instagram.com\/la.ptite_cerise\/"]}]}},"_links":{"self":[{"href":"https:\/\/la-ptite-cerise.be\/en\/wp-json\/wp\/v2\/product\/13677","targetHints":{"allow":["GET"]}}],"collection":[{"href":"https:\/\/la-ptite-cerise.be\/en\/wp-json\/wp\/v2\/product"}],"about":[{"href":"https:\/\/la-ptite-cerise.be\/en\/wp-json\/wp\/v2\/types\/product"}],"wp:featuredmedia":[{"embeddable":true,"href":"https:\/\/la-ptite-cerise.be\/en\/wp-json\/wp\/v2\/media\/13675"}],"wp:attachment":[{"href":"https:\/\/la-ptite-cerise.be\/en\/wp-json\/wp\/v2\/media?parent=13677"}],"wp:term":[{"taxonomy":"product_brand","embeddable":true,"href":"https:\/\/la-ptite-cerise.be\/en\/wp-json\/wp\/v2\/product_brand?post=13677"},{"taxonomy":"product_cat","embeddable":true,"href":"https:\/\/la-ptite-cerise.be\/en\/wp-json\/wp\/v2\/product_cat?post=13677"},{"taxonomy":"product_tag","embeddable":true,"href":"https:\/\/la-ptite-cerise.be\/en\/wp-json\/wp\/v2\/product_tag?post=13677"}],"curies":[{"name":"wp","href":"https:\/\/api.w.org\/{rel}","templated":true}]}}