{"id":13685,"date":"2020-12-08T20:53:50","date_gmt":"2020-12-08T19:53:50","guid":{"rendered":"https:\/\/la-ptite-cerise.be\/produit\/earl-grey-white-monkey\/"},"modified":"2020-12-08T20:53:50","modified_gmt":"2020-12-08T19:53:50","slug":"earl-grey-white-monkey","status":"publish","type":"product","link":"https:\/\/la-ptite-cerise.be\/en\/produit\/earl-grey-white-monkey\/","title":{"rendered":"Earl grey white monkey"},"content":{"rendered":"<h3 class=\"\" data-start=\"1621\" data-end=\"1684\"><strong data-start=\"1630\" data-end=\"1668\">Green Tea \u2013 Earl Grey White Monkey<\/strong> (100 g pouch)<\/h3>\n<p class=\"\" data-start=\"1685\" data-end=\"1757\"><strong data-start=\"1685\" data-end=\"1757\">A refined green tea version of Earl Grey with smooth bergamot notes.<\/strong><\/p>\n<p class=\"\" data-start=\"1759\" data-end=\"1965\">Made from high-quality China White Monkey green tea, this blend offers a delicate citrus aroma with a gentle, naturally vegetal base. A softer alternative to classic Earl Grey, perfect for everyday sipping.<\/p>\n<blockquote data-start=\"1967\" data-end=\"2106\">\n<p class=\"\" data-start=\"1969\" data-end=\"2106\">\ud83d\udca1 Despite its name, <strong data-start=\"1990\" data-end=\"2006\">White Monkey<\/strong> is in fact a <strong data-start=\"2020\" data-end=\"2033\">green tea<\/strong>, with slightly oxidised leaves typical of high-grade Chinese green teas.<\/p>\n<\/blockquote>\n<p class=\"\" data-start=\"2108\" data-end=\"2173\">\ud83d\udcac <em data-start=\"2111\" data-end=\"2173\">Elegant and refreshing, whether in the morning or afternoon.<\/em><\/p>\n<hr class=\"\" data-start=\"2175\" data-end=\"2178\" \/>\n<h3 class=\"\" data-start=\"2180\" data-end=\"2200\">\u2705 <strong data-start=\"2186\" data-end=\"2200\">Highlights<\/strong><\/h3>\n<ul data-start=\"2201\" data-end=\"2323\">\n<li class=\"\" data-start=\"2201\" data-end=\"2252\">\n<p class=\"\" data-start=\"2203\" data-end=\"2252\">Premium green tea with natural bergamot flavour<\/p>\n<\/li>\n<li class=\"\" data-start=\"2253\" data-end=\"2290\">\n<p class=\"\" data-start=\"2255\" data-end=\"2290\">Smooth, light and low in caffeine<\/p>\n<\/li>\n<li class=\"\" data-start=\"2291\" data-end=\"2323\">\n<p class=\"\" data-start=\"2293\" data-end=\"2323\">A delicate take on a classic<\/p>\n<\/li>\n<\/ul>\n<hr class=\"\" data-start=\"2325\" data-end=\"2328\" \/>\n<h3 class=\"\" data-start=\"2330\" data-end=\"2354\">\ud83e\uddfe <strong data-start=\"2337\" data-end=\"2352\">Ingredients<\/strong><\/h3>\n<p class=\"\" data-start=\"2355\" data-end=\"2469\">China White Monkey green tea (99%), natural bergamot flavour<br data-start=\"2415\" data-end=\"2418\" \/><strong data-start=\"2418\" data-end=\"2431\">Allergens<\/strong>: May contain traces of milk and nuts.<\/p>\n<hr class=\"\" data-start=\"2471\" data-end=\"2474\" \/>\n<h3 class=\"\" data-start=\"2476\" data-end=\"2500\">\ud83c\udf7d\ufe0f <strong data-start=\"2484\" data-end=\"2500\">Brewing tips<\/strong><\/h3>\n<ul data-start=\"2501\" data-end=\"2720\">\n<li class=\"\" data-start=\"2501\" data-end=\"2536\">\n<p class=\"\" data-start=\"2503\" data-end=\"2536\"><strong data-start=\"2503\" data-end=\"2524\">Water temperature<\/strong>: 70\u201380\u202f\u00b0C<\/p>\n<\/li>\n<li class=\"\" data-start=\"2537\" data-end=\"2571\">\n<p class=\"\" data-start=\"2539\" data-end=\"2571\"><strong data-start=\"2539\" data-end=\"2556\">Steeping time<\/strong>: 2\u20133 minutes<\/p>\n<\/li>\n<li class=\"\" data-start=\"2572\" data-end=\"2636\">\n<p class=\"\" data-start=\"2574\" data-end=\"2587\"><strong data-start=\"2574\" data-end=\"2586\">Quantity<\/strong>:<\/p>\n<ul data-start=\"2590\" data-end=\"2636\">\n<li class=\"\" data-start=\"2590\" data-end=\"2608\">\n<p class=\"\" data-start=\"2592\" data-end=\"2608\">3 g per 200 ml<\/p>\n<\/li>\n<li class=\"\" data-start=\"2611\" data-end=\"2636\">\n<p class=\"\" data-start=\"2613\" data-end=\"2636\"><strong data-start=\"2613\" data-end=\"2634\">12\u201315 g per litre<\/strong><\/p>\n<\/li>\n<\/ul>\n<\/li>\n<li class=\"\" data-start=\"2637\" data-end=\"2720\">\n<p class=\"\" data-start=\"2639\" data-end=\"2720\"><strong data-start=\"2639\" data-end=\"2661\">Serving suggestion<\/strong>: Best served plain to fully appreciate its citrus elegance<\/p>\n<\/li>\n<\/ul>\n","protected":false},"excerpt":{"rendered":"<p>Green tea with bergamot. 100 g pouch \u2013 light, elegant and delicately citrusy.<\/p>\n","protected":false},"featured_media":13683,"template":"","meta":[],"product_brand":[],"product_cat":[143],"product_tag":[],"class_list":{"0":"post-13685","1":"product","2":"type-product","3":"status-publish","4":"has-post-thumbnail","6":"product_cat-tea","8":"first","9":"instock","10":"taxable","11":"shipping-taxable","12":"purchasable","13":"product-type-simple"},"yoast_head":"<!-- This site is optimized with the Yoast SEO plugin v25.7 - https:\/\/yoast.com\/wordpress\/plugins\/seo\/ -->\n<title>Earl grey white monkey - La P&#039;tite Cerise<\/title>\n<meta name=\"robots\" content=\"index, follow, max-snippet:-1, max-image-preview:large, max-video-preview:-1\" \/>\n<link rel=\"canonical\" href=\"https:\/\/la-ptite-cerise.be\/produit\/earl-grey-white-monkey\/\" \/>\n<meta property=\"og:locale\" content=\"en_US\" \/>\n<meta property=\"og:type\" content=\"article\" \/>\n<meta property=\"og:title\" content=\"Earl grey white monkey - La P&#039;tite Cerise\" \/>\n<meta property=\"og:description\" content=\"Green tea with bergamot. 100 g pouch \u2013 light, elegant and delicately citrusy.\" \/>\n<meta property=\"og:url\" content=\"https:\/\/la-ptite-cerise.be\/produit\/earl-grey-white-monkey\/\" \/>\n<meta property=\"og:site_name\" content=\"La P&#039;tite Cerise\" \/>\n<meta property=\"article:publisher\" content=\"https:\/\/www.facebook.com\/laptitecerise\/\" \/>\n<meta property=\"og:image\" content=\"https:\/\/la-ptite-cerise.be\/wp-content\/uploads\/2020\/12\/83069_1.jpeg\" \/>\n\t<meta property=\"og:image:width\" content=\"500\" \/>\n\t<meta property=\"og:image:height\" content=\"500\" \/>\n\t<meta property=\"og:image:type\" content=\"image\/jpeg\" \/>\n<meta name=\"twitter:card\" content=\"summary_large_image\" \/>\n<meta name=\"twitter:label1\" content=\"Est. reading time\" \/>\n\t<meta name=\"twitter:data1\" content=\"1 minute\" \/>\n<script type=\"application\/ld+json\" class=\"yoast-schema-graph\">{\"@context\":\"https:\/\/schema.org\",\"@graph\":[{\"@type\":\"WebPage\",\"@id\":\"https:\/\/la-ptite-cerise.be\/produit\/earl-grey-white-monkey\/\",\"url\":\"https:\/\/la-ptite-cerise.be\/produit\/earl-grey-white-monkey\/\",\"name\":\"Earl grey white monkey - La P&#039;tite Cerise\",\"isPartOf\":{\"@id\":\"https:\/\/la-ptite-cerise.be\/#website\"},\"primaryImageOfPage\":{\"@id\":\"https:\/\/la-ptite-cerise.be\/produit\/earl-grey-white-monkey\/#primaryimage\"},\"image\":{\"@id\":\"https:\/\/la-ptite-cerise.be\/produit\/earl-grey-white-monkey\/#primaryimage\"},\"thumbnailUrl\":\"https:\/\/la-ptite-cerise.be\/wp-content\/uploads\/2020\/12\/83069_1.jpeg\",\"datePublished\":\"2020-12-08T19:53:50+00:00\",\"breadcrumb\":{\"@id\":\"https:\/\/la-ptite-cerise.be\/produit\/earl-grey-white-monkey\/#breadcrumb\"},\"inLanguage\":\"en-US\",\"potentialAction\":[{\"@type\":\"ReadAction\",\"target\":[\"https:\/\/la-ptite-cerise.be\/produit\/earl-grey-white-monkey\/\"]}]},{\"@type\":\"ImageObject\",\"inLanguage\":\"en-US\",\"@id\":\"https:\/\/la-ptite-cerise.be\/produit\/earl-grey-white-monkey\/#primaryimage\",\"url\":\"https:\/\/la-ptite-cerise.be\/wp-content\/uploads\/2020\/12\/83069_1.jpeg\",\"contentUrl\":\"https:\/\/la-ptite-cerise.be\/wp-content\/uploads\/2020\/12\/83069_1.jpeg\",\"width\":500,\"height\":500},{\"@type\":\"BreadcrumbList\",\"@id\":\"https:\/\/la-ptite-cerise.be\/produit\/earl-grey-white-monkey\/#breadcrumb\",\"itemListElement\":[{\"@type\":\"ListItem\",\"position\":1,\"name\":\"Accueil\",\"item\":\"https:\/\/la-ptite-cerise.be\/en\/\"},{\"@type\":\"ListItem\",\"position\":2,\"name\":\"Store\",\"item\":\"https:\/\/la-ptite-cerise.be\/boutique\/\"},{\"@type\":\"ListItem\",\"position\":3,\"name\":\"Earl grey white monkey\"}]},{\"@type\":\"WebSite\",\"@id\":\"https:\/\/la-ptite-cerise.be\/#website\",\"url\":\"https:\/\/la-ptite-cerise.be\/\",\"name\":\"La P'tite Cerise\",\"description\":\"Artisan torr\u00e9facteur de caf\u00e9 de sp\u00e9cialit\u00e9. S\u00e9lection de th\u00e9s &amp; tisanes.\",\"publisher\":{\"@id\":\"https:\/\/la-ptite-cerise.be\/#organization\"},\"potentialAction\":[{\"@type\":\"SearchAction\",\"target\":{\"@type\":\"EntryPoint\",\"urlTemplate\":\"https:\/\/la-ptite-cerise.be\/?s={search_term_string}\"},\"query-input\":{\"@type\":\"PropertyValueSpecification\",\"valueRequired\":true,\"valueName\":\"search_term_string\"}}],\"inLanguage\":\"en-US\"},{\"@type\":\"Organization\",\"@id\":\"https:\/\/la-ptite-cerise.be\/#organization\",\"name\":\"La P'tite Cerise\",\"url\":\"https:\/\/la-ptite-cerise.be\/\",\"logo\":{\"@type\":\"ImageObject\",\"inLanguage\":\"en-US\",\"@id\":\"https:\/\/la-ptite-cerise.be\/#\/schema\/logo\/image\/\",\"url\":\"https:\/\/la-ptite-cerise.be\/wp-content\/uploads\/2020\/10\/logo-header-01.jpg\",\"contentUrl\":\"https:\/\/la-ptite-cerise.be\/wp-content\/uploads\/2020\/10\/logo-header-01.jpg\",\"width\":176,\"height\":100,\"caption\":\"La P'tite Cerise\"},\"image\":{\"@id\":\"https:\/\/la-ptite-cerise.be\/#\/schema\/logo\/image\/\"},\"sameAs\":[\"https:\/\/www.facebook.com\/laptitecerise\/\",\"https:\/\/www.instagram.com\/la.ptite_cerise\/\"]}]}<\/script>\n<!-- \/ Yoast SEO plugin. -->","yoast_head_json":{"title":"Earl grey white monkey - La P&#039;tite Cerise","robots":{"index":"index","follow":"follow","max-snippet":"max-snippet:-1","max-image-preview":"max-image-preview:large","max-video-preview":"max-video-preview:-1"},"canonical":"https:\/\/la-ptite-cerise.be\/produit\/earl-grey-white-monkey\/","og_locale":"en_US","og_type":"article","og_title":"Earl grey white monkey - La P&#039;tite Cerise","og_description":"Green tea with bergamot. 100 g pouch \u2013 light, elegant and delicately citrusy.","og_url":"https:\/\/la-ptite-cerise.be\/produit\/earl-grey-white-monkey\/","og_site_name":"La P&#039;tite Cerise","article_publisher":"https:\/\/www.facebook.com\/laptitecerise\/","og_image":[{"width":500,"height":500,"url":"https:\/\/la-ptite-cerise.be\/wp-content\/uploads\/2020\/12\/83069_1.jpeg","type":"image\/jpeg"}],"twitter_card":"summary_large_image","twitter_misc":{"Est. reading time":"1 minute"},"schema":{"@context":"https:\/\/schema.org","@graph":[{"@type":"WebPage","@id":"https:\/\/la-ptite-cerise.be\/produit\/earl-grey-white-monkey\/","url":"https:\/\/la-ptite-cerise.be\/produit\/earl-grey-white-monkey\/","name":"Earl grey white monkey - La P&#039;tite Cerise","isPartOf":{"@id":"https:\/\/la-ptite-cerise.be\/#website"},"primaryImageOfPage":{"@id":"https:\/\/la-ptite-cerise.be\/produit\/earl-grey-white-monkey\/#primaryimage"},"image":{"@id":"https:\/\/la-ptite-cerise.be\/produit\/earl-grey-white-monkey\/#primaryimage"},"thumbnailUrl":"https:\/\/la-ptite-cerise.be\/wp-content\/uploads\/2020\/12\/83069_1.jpeg","datePublished":"2020-12-08T19:53:50+00:00","breadcrumb":{"@id":"https:\/\/la-ptite-cerise.be\/produit\/earl-grey-white-monkey\/#breadcrumb"},"inLanguage":"en-US","potentialAction":[{"@type":"ReadAction","target":["https:\/\/la-ptite-cerise.be\/produit\/earl-grey-white-monkey\/"]}]},{"@type":"ImageObject","inLanguage":"en-US","@id":"https:\/\/la-ptite-cerise.be\/produit\/earl-grey-white-monkey\/#primaryimage","url":"https:\/\/la-ptite-cerise.be\/wp-content\/uploads\/2020\/12\/83069_1.jpeg","contentUrl":"https:\/\/la-ptite-cerise.be\/wp-content\/uploads\/2020\/12\/83069_1.jpeg","width":500,"height":500},{"@type":"BreadcrumbList","@id":"https:\/\/la-ptite-cerise.be\/produit\/earl-grey-white-monkey\/#breadcrumb","itemListElement":[{"@type":"ListItem","position":1,"name":"Accueil","item":"https:\/\/la-ptite-cerise.be\/en\/"},{"@type":"ListItem","position":2,"name":"Store","item":"https:\/\/la-ptite-cerise.be\/boutique\/"},{"@type":"ListItem","position":3,"name":"Earl grey white monkey"}]},{"@type":"WebSite","@id":"https:\/\/la-ptite-cerise.be\/#website","url":"https:\/\/la-ptite-cerise.be\/","name":"La P'tite Cerise","description":"Artisan torr\u00e9facteur de caf\u00e9 de sp\u00e9cialit\u00e9. S\u00e9lection de th\u00e9s &amp; tisanes.","publisher":{"@id":"https:\/\/la-ptite-cerise.be\/#organization"},"potentialAction":[{"@type":"SearchAction","target":{"@type":"EntryPoint","urlTemplate":"https:\/\/la-ptite-cerise.be\/?s={search_term_string}"},"query-input":{"@type":"PropertyValueSpecification","valueRequired":true,"valueName":"search_term_string"}}],"inLanguage":"en-US"},{"@type":"Organization","@id":"https:\/\/la-ptite-cerise.be\/#organization","name":"La P'tite Cerise","url":"https:\/\/la-ptite-cerise.be\/","logo":{"@type":"ImageObject","inLanguage":"en-US","@id":"https:\/\/la-ptite-cerise.be\/#\/schema\/logo\/image\/","url":"https:\/\/la-ptite-cerise.be\/wp-content\/uploads\/2020\/10\/logo-header-01.jpg","contentUrl":"https:\/\/la-ptite-cerise.be\/wp-content\/uploads\/2020\/10\/logo-header-01.jpg","width":176,"height":100,"caption":"La P'tite Cerise"},"image":{"@id":"https:\/\/la-ptite-cerise.be\/#\/schema\/logo\/image\/"},"sameAs":["https:\/\/www.facebook.com\/laptitecerise\/","https:\/\/www.instagram.com\/la.ptite_cerise\/"]}]}},"_links":{"self":[{"href":"https:\/\/la-ptite-cerise.be\/en\/wp-json\/wp\/v2\/product\/13685","targetHints":{"allow":["GET"]}}],"collection":[{"href":"https:\/\/la-ptite-cerise.be\/en\/wp-json\/wp\/v2\/product"}],"about":[{"href":"https:\/\/la-ptite-cerise.be\/en\/wp-json\/wp\/v2\/types\/product"}],"wp:featuredmedia":[{"embeddable":true,"href":"https:\/\/la-ptite-cerise.be\/en\/wp-json\/wp\/v2\/media\/13683"}],"wp:attachment":[{"href":"https:\/\/la-ptite-cerise.be\/en\/wp-json\/wp\/v2\/media?parent=13685"}],"wp:term":[{"taxonomy":"product_brand","embeddable":true,"href":"https:\/\/la-ptite-cerise.be\/en\/wp-json\/wp\/v2\/product_brand?post=13685"},{"taxonomy":"product_cat","embeddable":true,"href":"https:\/\/la-ptite-cerise.be\/en\/wp-json\/wp\/v2\/product_cat?post=13685"},{"taxonomy":"product_tag","embeddable":true,"href":"https:\/\/la-ptite-cerise.be\/en\/wp-json\/wp\/v2\/product_tag?post=13685"}],"curies":[{"name":"wp","href":"https:\/\/api.w.org\/{rel}","templated":true}]}}