{"id":13688,"date":"2020-12-08T20:46:55","date_gmt":"2020-12-08T19:46:55","guid":{"rendered":"https:\/\/la-ptite-cerise.be\/produit\/boost-energy\/"},"modified":"2020-12-08T20:46:55","modified_gmt":"2020-12-08T19:46:55","slug":"boost-energy","status":"publish","type":"product","link":"https:\/\/la-ptite-cerise.be\/en\/produit\/boost-energy\/","title":{"rendered":"Boost &#038; Energy"},"content":{"rendered":"<h3 class=\"\" data-start=\"1741\" data-end=\"1796\"><strong data-start=\"1750\" data-end=\"1780\">Green Tea \u2013 Boost &amp; Energy<\/strong> (100 g pouch)<\/h3>\n<p class=\"\" data-start=\"1797\" data-end=\"1876\"><strong data-start=\"1797\" data-end=\"1876\">A vibrant, energising green tea with refreshing notes of lemon and apricot.<\/strong><\/p>\n<p class=\"\" data-start=\"1878\" data-end=\"2128\">This stimulating blend combines China Gunpowder green tea, mate, matcha and guarana for a natural boost. Enhanced with Mao Feng white tea, Yunnan black tea, spirulina, lemon peel and natural fruit flavourings, it\u2019s a lively and revitalising infusion.<\/p>\n<p class=\"\" data-start=\"2130\" data-end=\"2188\">\ud83d\udcac <em data-start=\"2133\" data-end=\"2188\">Perfect for an energetic start or a mid-day recharge.<\/em><\/p>\n<hr class=\"\" data-start=\"2190\" data-end=\"2193\" \/>\n<h3 class=\"\" data-start=\"2195\" data-end=\"2215\">\u2705 <strong data-start=\"2201\" data-end=\"2215\">Highlights<\/strong><\/h3>\n<ul data-start=\"2216\" data-end=\"2404\">\n<li class=\"\" data-start=\"2216\" data-end=\"2294\">\n<p class=\"\" data-start=\"2218\" data-end=\"2294\">Premium blend with sustainably sourced ingredients and natural flavourings<\/p>\n<\/li>\n<li class=\"\" data-start=\"2295\" data-end=\"2356\">\n<p class=\"\" data-start=\"2297\" data-end=\"2356\">With matcha, guarana, spirulina &amp; mate for natural energy<\/p>\n<\/li>\n<li class=\"\" data-start=\"2357\" data-end=\"2404\">\n<p class=\"\" data-start=\"2359\" data-end=\"2404\">Fruity and citrusy taste, ideal hot or iced<\/p>\n<\/li>\n<\/ul>\n<hr class=\"\" data-start=\"2406\" data-end=\"2409\" \/>\n<h3 class=\"\" data-start=\"2411\" data-end=\"2435\">\ud83e\uddfe <strong data-start=\"2418\" data-end=\"2433\">Ingredients<\/strong><\/h3>\n<p class=\"\" data-start=\"2436\" data-end=\"2748\">China Gunpowder green tea (75%), lemongrass (10%), green mate (6%), Mao Feng white tea, Golden Yunnan OP black tea, natural lemon flavouring, lemon peel, mallow, natural apricot flavouring, dandelion, horsetail, matcha green tea (1%), spirulina, guarana (1%)<br data-start=\"2694\" data-end=\"2697\" \/><strong data-start=\"2697\" data-end=\"2710\">Allergens<\/strong>: May contain traces of milk and nuts.<\/p>\n<hr class=\"\" data-start=\"2750\" data-end=\"2753\" \/>\n<h3 class=\"\" data-start=\"2755\" data-end=\"2779\">\ud83c\udf7d\ufe0f <strong data-start=\"2763\" data-end=\"2779\">Brewing tips<\/strong><\/h3>\n<ul data-start=\"2780\" data-end=\"2998\">\n<li class=\"\" data-start=\"2780\" data-end=\"2815\">\n<p class=\"\" data-start=\"2782\" data-end=\"2815\"><strong data-start=\"2782\" data-end=\"2803\">Water temperature<\/strong>: 75\u201380\u202f\u00b0C<\/p>\n<\/li>\n<li class=\"\" data-start=\"2816\" data-end=\"2850\">\n<p class=\"\" data-start=\"2818\" data-end=\"2850\"><strong data-start=\"2818\" data-end=\"2835\">Steeping time<\/strong>: 2\u20133 minutes<\/p>\n<\/li>\n<li class=\"\" data-start=\"2851\" data-end=\"2915\">\n<p class=\"\" data-start=\"2853\" data-end=\"2866\"><strong data-start=\"2853\" data-end=\"2865\">Quantity<\/strong>:<\/p>\n<ul data-start=\"2869\" data-end=\"2915\">\n<li class=\"\" data-start=\"2869\" data-end=\"2887\">\n<p class=\"\" data-start=\"2871\" data-end=\"2887\">3 g per 200 ml<\/p>\n<\/li>\n<li class=\"\" data-start=\"2890\" data-end=\"2915\">\n<p class=\"\" data-start=\"2892\" data-end=\"2915\"><strong data-start=\"2892\" data-end=\"2913\">12\u201315 g per litre<\/strong><\/p>\n<\/li>\n<\/ul>\n<\/li>\n<li class=\"\" data-start=\"2916\" data-end=\"2998\">\n<p class=\"\" data-start=\"2918\" data-end=\"2998\"><strong data-start=\"2918\" data-end=\"2940\">Serving suggestion<\/strong>: Great hot in the morning or iced for an energising break<\/p>\n<\/li>\n<\/ul>\n","protected":false},"excerpt":{"rendered":"<p>Green tea with lemon &amp; apricot. 100 g pouch \u2013 naturally energising and fruity.<\/p>\n","protected":false},"featured_media":13687,"template":"","meta":[],"product_brand":[],"product_cat":[143],"product_tag":[],"class_list":{"0":"post-13688","1":"product","2":"type-product","3":"status-publish","4":"has-post-thumbnail","6":"product_cat-tea","8":"first","9":"instock","10":"taxable","11":"shipping-taxable","12":"purchasable","13":"product-type-simple"},"yoast_head":"<!-- This site is optimized with the Yoast SEO plugin v25.7 - https:\/\/yoast.com\/wordpress\/plugins\/seo\/ -->\n<title>Boost &amp; Energy - La P&#039;tite Cerise<\/title>\n<meta name=\"robots\" content=\"index, follow, max-snippet:-1, max-image-preview:large, max-video-preview:-1\" \/>\n<link rel=\"canonical\" href=\"https:\/\/la-ptite-cerise.be\/produit\/boost-energy\/\" \/>\n<meta property=\"og:locale\" content=\"en_US\" \/>\n<meta property=\"og:type\" content=\"article\" \/>\n<meta property=\"og:title\" content=\"Boost &amp; Energy - La P&#039;tite Cerise\" \/>\n<meta property=\"og:description\" content=\"Green tea with lemon &amp; apricot. 100 g pouch \u2013 naturally energising and fruity.\" \/>\n<meta property=\"og:url\" content=\"https:\/\/la-ptite-cerise.be\/produit\/boost-energy\/\" \/>\n<meta property=\"og:site_name\" content=\"La P&#039;tite Cerise\" \/>\n<meta property=\"article:publisher\" content=\"https:\/\/www.facebook.com\/laptitecerise\/\" \/>\n<meta property=\"og:image\" content=\"https:\/\/la-ptite-cerise.be\/wp-content\/uploads\/2020\/12\/83435_1.jpeg\" \/>\n\t<meta property=\"og:image:width\" content=\"500\" \/>\n\t<meta property=\"og:image:height\" content=\"500\" \/>\n\t<meta property=\"og:image:type\" content=\"image\/jpeg\" \/>\n<meta name=\"twitter:card\" content=\"summary_large_image\" \/>\n<meta name=\"twitter:label1\" content=\"Est. reading time\" \/>\n\t<meta name=\"twitter:data1\" content=\"1 minute\" \/>\n<script type=\"application\/ld+json\" class=\"yoast-schema-graph\">{\"@context\":\"https:\/\/schema.org\",\"@graph\":[{\"@type\":\"WebPage\",\"@id\":\"https:\/\/la-ptite-cerise.be\/produit\/boost-energy\/\",\"url\":\"https:\/\/la-ptite-cerise.be\/produit\/boost-energy\/\",\"name\":\"Boost & Energy - La P&#039;tite Cerise\",\"isPartOf\":{\"@id\":\"https:\/\/la-ptite-cerise.be\/#website\"},\"primaryImageOfPage\":{\"@id\":\"https:\/\/la-ptite-cerise.be\/produit\/boost-energy\/#primaryimage\"},\"image\":{\"@id\":\"https:\/\/la-ptite-cerise.be\/produit\/boost-energy\/#primaryimage\"},\"thumbnailUrl\":\"https:\/\/la-ptite-cerise.be\/wp-content\/uploads\/2020\/12\/83435_1.jpeg\",\"datePublished\":\"2020-12-08T19:46:55+00:00\",\"breadcrumb\":{\"@id\":\"https:\/\/la-ptite-cerise.be\/produit\/boost-energy\/#breadcrumb\"},\"inLanguage\":\"en-US\",\"potentialAction\":[{\"@type\":\"ReadAction\",\"target\":[\"https:\/\/la-ptite-cerise.be\/produit\/boost-energy\/\"]}]},{\"@type\":\"ImageObject\",\"inLanguage\":\"en-US\",\"@id\":\"https:\/\/la-ptite-cerise.be\/produit\/boost-energy\/#primaryimage\",\"url\":\"https:\/\/la-ptite-cerise.be\/wp-content\/uploads\/2020\/12\/83435_1.jpeg\",\"contentUrl\":\"https:\/\/la-ptite-cerise.be\/wp-content\/uploads\/2020\/12\/83435_1.jpeg\",\"width\":500,\"height\":500},{\"@type\":\"BreadcrumbList\",\"@id\":\"https:\/\/la-ptite-cerise.be\/produit\/boost-energy\/#breadcrumb\",\"itemListElement\":[{\"@type\":\"ListItem\",\"position\":1,\"name\":\"Accueil\",\"item\":\"https:\/\/la-ptite-cerise.be\/en\/\"},{\"@type\":\"ListItem\",\"position\":2,\"name\":\"Store\",\"item\":\"https:\/\/la-ptite-cerise.be\/boutique\/\"},{\"@type\":\"ListItem\",\"position\":3,\"name\":\"Boost &#038; Energy\"}]},{\"@type\":\"WebSite\",\"@id\":\"https:\/\/la-ptite-cerise.be\/#website\",\"url\":\"https:\/\/la-ptite-cerise.be\/\",\"name\":\"La P'tite Cerise\",\"description\":\"Artisan torr\u00e9facteur de caf\u00e9 de sp\u00e9cialit\u00e9. S\u00e9lection de th\u00e9s &amp; tisanes.\",\"publisher\":{\"@id\":\"https:\/\/la-ptite-cerise.be\/#organization\"},\"potentialAction\":[{\"@type\":\"SearchAction\",\"target\":{\"@type\":\"EntryPoint\",\"urlTemplate\":\"https:\/\/la-ptite-cerise.be\/?s={search_term_string}\"},\"query-input\":{\"@type\":\"PropertyValueSpecification\",\"valueRequired\":true,\"valueName\":\"search_term_string\"}}],\"inLanguage\":\"en-US\"},{\"@type\":\"Organization\",\"@id\":\"https:\/\/la-ptite-cerise.be\/#organization\",\"name\":\"La P'tite Cerise\",\"url\":\"https:\/\/la-ptite-cerise.be\/\",\"logo\":{\"@type\":\"ImageObject\",\"inLanguage\":\"en-US\",\"@id\":\"https:\/\/la-ptite-cerise.be\/#\/schema\/logo\/image\/\",\"url\":\"https:\/\/la-ptite-cerise.be\/wp-content\/uploads\/2020\/10\/logo-header-01.jpg\",\"contentUrl\":\"https:\/\/la-ptite-cerise.be\/wp-content\/uploads\/2020\/10\/logo-header-01.jpg\",\"width\":176,\"height\":100,\"caption\":\"La P'tite Cerise\"},\"image\":{\"@id\":\"https:\/\/la-ptite-cerise.be\/#\/schema\/logo\/image\/\"},\"sameAs\":[\"https:\/\/www.facebook.com\/laptitecerise\/\",\"https:\/\/www.instagram.com\/la.ptite_cerise\/\"]}]}<\/script>\n<!-- \/ Yoast SEO plugin. -->","yoast_head_json":{"title":"Boost & Energy - La P&#039;tite Cerise","robots":{"index":"index","follow":"follow","max-snippet":"max-snippet:-1","max-image-preview":"max-image-preview:large","max-video-preview":"max-video-preview:-1"},"canonical":"https:\/\/la-ptite-cerise.be\/produit\/boost-energy\/","og_locale":"en_US","og_type":"article","og_title":"Boost & Energy - La P&#039;tite Cerise","og_description":"Green tea with lemon &amp; apricot. 100 g pouch \u2013 naturally energising and fruity.","og_url":"https:\/\/la-ptite-cerise.be\/produit\/boost-energy\/","og_site_name":"La P&#039;tite Cerise","article_publisher":"https:\/\/www.facebook.com\/laptitecerise\/","og_image":[{"width":500,"height":500,"url":"https:\/\/la-ptite-cerise.be\/wp-content\/uploads\/2020\/12\/83435_1.jpeg","type":"image\/jpeg"}],"twitter_card":"summary_large_image","twitter_misc":{"Est. reading time":"1 minute"},"schema":{"@context":"https:\/\/schema.org","@graph":[{"@type":"WebPage","@id":"https:\/\/la-ptite-cerise.be\/produit\/boost-energy\/","url":"https:\/\/la-ptite-cerise.be\/produit\/boost-energy\/","name":"Boost & Energy - La P&#039;tite Cerise","isPartOf":{"@id":"https:\/\/la-ptite-cerise.be\/#website"},"primaryImageOfPage":{"@id":"https:\/\/la-ptite-cerise.be\/produit\/boost-energy\/#primaryimage"},"image":{"@id":"https:\/\/la-ptite-cerise.be\/produit\/boost-energy\/#primaryimage"},"thumbnailUrl":"https:\/\/la-ptite-cerise.be\/wp-content\/uploads\/2020\/12\/83435_1.jpeg","datePublished":"2020-12-08T19:46:55+00:00","breadcrumb":{"@id":"https:\/\/la-ptite-cerise.be\/produit\/boost-energy\/#breadcrumb"},"inLanguage":"en-US","potentialAction":[{"@type":"ReadAction","target":["https:\/\/la-ptite-cerise.be\/produit\/boost-energy\/"]}]},{"@type":"ImageObject","inLanguage":"en-US","@id":"https:\/\/la-ptite-cerise.be\/produit\/boost-energy\/#primaryimage","url":"https:\/\/la-ptite-cerise.be\/wp-content\/uploads\/2020\/12\/83435_1.jpeg","contentUrl":"https:\/\/la-ptite-cerise.be\/wp-content\/uploads\/2020\/12\/83435_1.jpeg","width":500,"height":500},{"@type":"BreadcrumbList","@id":"https:\/\/la-ptite-cerise.be\/produit\/boost-energy\/#breadcrumb","itemListElement":[{"@type":"ListItem","position":1,"name":"Accueil","item":"https:\/\/la-ptite-cerise.be\/en\/"},{"@type":"ListItem","position":2,"name":"Store","item":"https:\/\/la-ptite-cerise.be\/boutique\/"},{"@type":"ListItem","position":3,"name":"Boost &#038; Energy"}]},{"@type":"WebSite","@id":"https:\/\/la-ptite-cerise.be\/#website","url":"https:\/\/la-ptite-cerise.be\/","name":"La P'tite Cerise","description":"Artisan torr\u00e9facteur de caf\u00e9 de sp\u00e9cialit\u00e9. S\u00e9lection de th\u00e9s &amp; tisanes.","publisher":{"@id":"https:\/\/la-ptite-cerise.be\/#organization"},"potentialAction":[{"@type":"SearchAction","target":{"@type":"EntryPoint","urlTemplate":"https:\/\/la-ptite-cerise.be\/?s={search_term_string}"},"query-input":{"@type":"PropertyValueSpecification","valueRequired":true,"valueName":"search_term_string"}}],"inLanguage":"en-US"},{"@type":"Organization","@id":"https:\/\/la-ptite-cerise.be\/#organization","name":"La P'tite Cerise","url":"https:\/\/la-ptite-cerise.be\/","logo":{"@type":"ImageObject","inLanguage":"en-US","@id":"https:\/\/la-ptite-cerise.be\/#\/schema\/logo\/image\/","url":"https:\/\/la-ptite-cerise.be\/wp-content\/uploads\/2020\/10\/logo-header-01.jpg","contentUrl":"https:\/\/la-ptite-cerise.be\/wp-content\/uploads\/2020\/10\/logo-header-01.jpg","width":176,"height":100,"caption":"La P'tite Cerise"},"image":{"@id":"https:\/\/la-ptite-cerise.be\/#\/schema\/logo\/image\/"},"sameAs":["https:\/\/www.facebook.com\/laptitecerise\/","https:\/\/www.instagram.com\/la.ptite_cerise\/"]}]}},"_links":{"self":[{"href":"https:\/\/la-ptite-cerise.be\/en\/wp-json\/wp\/v2\/product\/13688","targetHints":{"allow":["GET"]}}],"collection":[{"href":"https:\/\/la-ptite-cerise.be\/en\/wp-json\/wp\/v2\/product"}],"about":[{"href":"https:\/\/la-ptite-cerise.be\/en\/wp-json\/wp\/v2\/types\/product"}],"wp:featuredmedia":[{"embeddable":true,"href":"https:\/\/la-ptite-cerise.be\/en\/wp-json\/wp\/v2\/media\/13687"}],"wp:attachment":[{"href":"https:\/\/la-ptite-cerise.be\/en\/wp-json\/wp\/v2\/media?parent=13688"}],"wp:term":[{"taxonomy":"product_brand","embeddable":true,"href":"https:\/\/la-ptite-cerise.be\/en\/wp-json\/wp\/v2\/product_brand?post=13688"},{"taxonomy":"product_cat","embeddable":true,"href":"https:\/\/la-ptite-cerise.be\/en\/wp-json\/wp\/v2\/product_cat?post=13688"},{"taxonomy":"product_tag","embeddable":true,"href":"https:\/\/la-ptite-cerise.be\/en\/wp-json\/wp\/v2\/product_tag?post=13688"}],"curies":[{"name":"wp","href":"https:\/\/api.w.org\/{rel}","templated":true}]}}