{"id":13703,"date":"2020-12-08T20:36:08","date_gmt":"2020-12-08T19:36:08","guid":{"rendered":"https:\/\/la-ptite-cerise.be\/produit\/chai-the-noir\/"},"modified":"2020-12-08T20:36:08","modified_gmt":"2020-12-08T19:36:08","slug":"chai-the-noir","status":"publish","type":"product","link":"https:\/\/la-ptite-cerise.be\/en\/produit\/chai-the-noir\/","title":{"rendered":"Chai th\u00e9 noir"},"content":{"rendered":"<h3 class=\"\" data-start=\"1533\" data-end=\"1578\"><strong data-start=\"1542\" data-end=\"1562\">Black Tea \u2013 Chai<\/strong> (100 g pouch)<\/h3>\n<p class=\"\" data-start=\"1579\" data-end=\"1660\"><strong data-start=\"1579\" data-end=\"1660\">A bold and authentic Indian chai with a rich black tea base and whole spices.<\/strong><\/p>\n<p class=\"\" data-start=\"1662\" data-end=\"1869\">This traditional blend features strong Assam and South Indian black teas infused with warming spices like cinnamon, ginger, clove, fennel and cardamom. No added flavourings \u2013 just pure, comforting intensity.<\/p>\n<p class=\"\" data-start=\"1871\" data-end=\"1942\">\ud83d\udcac <em data-start=\"1874\" data-end=\"1942\">Delicious brewed strong and served plain or as a spicy chai latte.<\/em><\/p>\n<hr class=\"\" data-start=\"1944\" data-end=\"1947\" \/>\n<h3 class=\"\" data-start=\"1949\" data-end=\"1969\">\u2705 <strong data-start=\"1955\" data-end=\"1969\">Highlights<\/strong><\/h3>\n<ul data-start=\"1970\" data-end=\"2133\">\n<li class=\"\" data-start=\"1970\" data-end=\"2024\">\n<p class=\"\" data-start=\"1972\" data-end=\"2024\">Premium blend with sustainably sourced ingredients<\/p>\n<\/li>\n<li class=\"\" data-start=\"2025\" data-end=\"2076\">\n<p class=\"\" data-start=\"2027\" data-end=\"2076\">Non-flavoured black tea with bold spice profile<\/p>\n<\/li>\n<li class=\"\" data-start=\"2077\" data-end=\"2133\">\n<p class=\"\" data-start=\"2079\" data-end=\"2133\">Great for traditional chai or spicy black tea lovers<\/p>\n<\/li>\n<\/ul>\n<hr class=\"\" data-start=\"2135\" data-end=\"2138\" \/>\n<h3 class=\"\" data-start=\"2140\" data-end=\"2164\">\ud83e\uddfe <strong data-start=\"2147\" data-end=\"2162\">Ingredients<\/strong><\/h3>\n<p class=\"\" data-start=\"2165\" data-end=\"2327\">Assam black tea, South India black tea (54%), cinnamon sticks, fennel, ginger, anise, clove, ground cardamom<br data-start=\"2273\" data-end=\"2276\" \/><strong data-start=\"2276\" data-end=\"2289\">Allergens<\/strong>: May contain traces of milk and nuts.<\/p>\n<hr class=\"\" data-start=\"2329\" data-end=\"2332\" \/>\n<h3 class=\"\" data-start=\"2334\" data-end=\"2358\">\ud83c\udf7d\ufe0f <strong data-start=\"2342\" data-end=\"2358\">Brewing tips<\/strong><\/h3>\n<ul data-start=\"2359\" data-end=\"2583\">\n<li class=\"\" data-start=\"2359\" data-end=\"2392\">\n<p class=\"\" data-start=\"2361\" data-end=\"2392\"><strong data-start=\"2361\" data-end=\"2382\">Water temperature<\/strong>: 100\u202f\u00b0C<\/p>\n<\/li>\n<li class=\"\" data-start=\"2393\" data-end=\"2428\">\n<p class=\"\" data-start=\"2395\" data-end=\"2428\"><strong data-start=\"2395\" data-end=\"2412\">Steeping time<\/strong>: 7\u201310 minutes<\/p>\n<\/li>\n<li class=\"\" data-start=\"2429\" data-end=\"2495\">\n<p class=\"\" data-start=\"2431\" data-end=\"2444\"><strong data-start=\"2431\" data-end=\"2443\">Quantity<\/strong>:<\/p>\n<ul data-start=\"2447\" data-end=\"2495\">\n<li class=\"\" data-start=\"2447\" data-end=\"2467\">\n<p class=\"\" data-start=\"2449\" data-end=\"2467\">3\u20134 g per 200 ml<\/p>\n<\/li>\n<li class=\"\" data-start=\"2470\" data-end=\"2495\">\n<p class=\"\" data-start=\"2472\" data-end=\"2495\"><strong data-start=\"2472\" data-end=\"2493\">15\u201320 g per litre<\/strong><\/p>\n<\/li>\n<\/ul>\n<\/li>\n<li class=\"\" data-start=\"2496\" data-end=\"2583\">\n<p class=\"\" data-start=\"2498\" data-end=\"2583\"><strong data-start=\"2498\" data-end=\"2520\">Serving suggestion<\/strong>: Best served strong, with milk and a touch of honey if desired<\/p>\n<\/li>\n<\/ul>\n","protected":false},"excerpt":{"rendered":"<p>Spiced black chai tea. 100 g pouch \u2013 bold, warming and naturally flavoured.<\/p>\n","protected":false},"featured_media":13702,"template":"","meta":[],"product_brand":[],"product_cat":[143],"product_tag":[],"class_list":{"0":"post-13703","1":"product","2":"type-product","3":"status-publish","4":"has-post-thumbnail","6":"product_cat-tea","8":"first","9":"instock","10":"taxable","11":"shipping-taxable","12":"purchasable","13":"product-type-simple"},"yoast_head":"<!-- This site is optimized with the Yoast SEO plugin v25.7 - https:\/\/yoast.com\/wordpress\/plugins\/seo\/ -->\n<title>Chai th\u00e9 noir - La P&#039;tite Cerise<\/title>\n<meta name=\"robots\" content=\"index, follow, max-snippet:-1, max-image-preview:large, max-video-preview:-1\" \/>\n<link rel=\"canonical\" href=\"https:\/\/la-ptite-cerise.be\/produit\/chai-the-noir\/\" \/>\n<meta property=\"og:locale\" content=\"en_US\" \/>\n<meta property=\"og:type\" content=\"article\" \/>\n<meta property=\"og:title\" content=\"Chai th\u00e9 noir - La P&#039;tite Cerise\" \/>\n<meta property=\"og:description\" content=\"Spiced black chai tea. 100 g pouch \u2013 bold, warming and naturally flavoured.\" \/>\n<meta property=\"og:url\" content=\"https:\/\/la-ptite-cerise.be\/produit\/chai-the-noir\/\" \/>\n<meta property=\"og:site_name\" content=\"La P&#039;tite Cerise\" \/>\n<meta property=\"article:publisher\" content=\"https:\/\/www.facebook.com\/laptitecerise\/\" \/>\n<meta property=\"og:image\" content=\"https:\/\/la-ptite-cerise.be\/wp-content\/uploads\/2020\/12\/82629_1.jpeg\" \/>\n\t<meta property=\"og:image:width\" content=\"500\" \/>\n\t<meta property=\"og:image:height\" content=\"500\" \/>\n\t<meta property=\"og:image:type\" content=\"image\/jpeg\" \/>\n<meta name=\"twitter:card\" content=\"summary_large_image\" \/>\n<meta name=\"twitter:label1\" content=\"Est. reading time\" \/>\n\t<meta name=\"twitter:data1\" content=\"1 minute\" \/>\n<script type=\"application\/ld+json\" class=\"yoast-schema-graph\">{\"@context\":\"https:\/\/schema.org\",\"@graph\":[{\"@type\":\"WebPage\",\"@id\":\"https:\/\/la-ptite-cerise.be\/produit\/chai-the-noir\/\",\"url\":\"https:\/\/la-ptite-cerise.be\/produit\/chai-the-noir\/\",\"name\":\"Chai th\u00e9 noir - La P&#039;tite Cerise\",\"isPartOf\":{\"@id\":\"https:\/\/la-ptite-cerise.be\/#website\"},\"primaryImageOfPage\":{\"@id\":\"https:\/\/la-ptite-cerise.be\/produit\/chai-the-noir\/#primaryimage\"},\"image\":{\"@id\":\"https:\/\/la-ptite-cerise.be\/produit\/chai-the-noir\/#primaryimage\"},\"thumbnailUrl\":\"https:\/\/la-ptite-cerise.be\/wp-content\/uploads\/2020\/12\/82629_1.jpeg\",\"datePublished\":\"2020-12-08T19:36:08+00:00\",\"breadcrumb\":{\"@id\":\"https:\/\/la-ptite-cerise.be\/produit\/chai-the-noir\/#breadcrumb\"},\"inLanguage\":\"en-US\",\"potentialAction\":[{\"@type\":\"ReadAction\",\"target\":[\"https:\/\/la-ptite-cerise.be\/produit\/chai-the-noir\/\"]}]},{\"@type\":\"ImageObject\",\"inLanguage\":\"en-US\",\"@id\":\"https:\/\/la-ptite-cerise.be\/produit\/chai-the-noir\/#primaryimage\",\"url\":\"https:\/\/la-ptite-cerise.be\/wp-content\/uploads\/2020\/12\/82629_1.jpeg\",\"contentUrl\":\"https:\/\/la-ptite-cerise.be\/wp-content\/uploads\/2020\/12\/82629_1.jpeg\",\"width\":500,\"height\":500},{\"@type\":\"BreadcrumbList\",\"@id\":\"https:\/\/la-ptite-cerise.be\/produit\/chai-the-noir\/#breadcrumb\",\"itemListElement\":[{\"@type\":\"ListItem\",\"position\":1,\"name\":\"Accueil\",\"item\":\"https:\/\/la-ptite-cerise.be\/en\/\"},{\"@type\":\"ListItem\",\"position\":2,\"name\":\"Store\",\"item\":\"https:\/\/la-ptite-cerise.be\/boutique\/\"},{\"@type\":\"ListItem\",\"position\":3,\"name\":\"Chai th\u00e9 noir\"}]},{\"@type\":\"WebSite\",\"@id\":\"https:\/\/la-ptite-cerise.be\/#website\",\"url\":\"https:\/\/la-ptite-cerise.be\/\",\"name\":\"La P'tite Cerise\",\"description\":\"Artisan torr\u00e9facteur de caf\u00e9 de sp\u00e9cialit\u00e9. S\u00e9lection de th\u00e9s &amp; tisanes.\",\"publisher\":{\"@id\":\"https:\/\/la-ptite-cerise.be\/#organization\"},\"potentialAction\":[{\"@type\":\"SearchAction\",\"target\":{\"@type\":\"EntryPoint\",\"urlTemplate\":\"https:\/\/la-ptite-cerise.be\/?s={search_term_string}\"},\"query-input\":{\"@type\":\"PropertyValueSpecification\",\"valueRequired\":true,\"valueName\":\"search_term_string\"}}],\"inLanguage\":\"en-US\"},{\"@type\":\"Organization\",\"@id\":\"https:\/\/la-ptite-cerise.be\/#organization\",\"name\":\"La P'tite Cerise\",\"url\":\"https:\/\/la-ptite-cerise.be\/\",\"logo\":{\"@type\":\"ImageObject\",\"inLanguage\":\"en-US\",\"@id\":\"https:\/\/la-ptite-cerise.be\/#\/schema\/logo\/image\/\",\"url\":\"https:\/\/la-ptite-cerise.be\/wp-content\/uploads\/2020\/10\/logo-header-01.jpg\",\"contentUrl\":\"https:\/\/la-ptite-cerise.be\/wp-content\/uploads\/2020\/10\/logo-header-01.jpg\",\"width\":176,\"height\":100,\"caption\":\"La P'tite Cerise\"},\"image\":{\"@id\":\"https:\/\/la-ptite-cerise.be\/#\/schema\/logo\/image\/\"},\"sameAs\":[\"https:\/\/www.facebook.com\/laptitecerise\/\",\"https:\/\/www.instagram.com\/la.ptite_cerise\/\"]}]}<\/script>\n<!-- \/ Yoast SEO plugin. -->","yoast_head_json":{"title":"Chai th\u00e9 noir - La P&#039;tite Cerise","robots":{"index":"index","follow":"follow","max-snippet":"max-snippet:-1","max-image-preview":"max-image-preview:large","max-video-preview":"max-video-preview:-1"},"canonical":"https:\/\/la-ptite-cerise.be\/produit\/chai-the-noir\/","og_locale":"en_US","og_type":"article","og_title":"Chai th\u00e9 noir - La P&#039;tite Cerise","og_description":"Spiced black chai tea. 100 g pouch \u2013 bold, warming and naturally flavoured.","og_url":"https:\/\/la-ptite-cerise.be\/produit\/chai-the-noir\/","og_site_name":"La P&#039;tite Cerise","article_publisher":"https:\/\/www.facebook.com\/laptitecerise\/","og_image":[{"width":500,"height":500,"url":"https:\/\/la-ptite-cerise.be\/wp-content\/uploads\/2020\/12\/82629_1.jpeg","type":"image\/jpeg"}],"twitter_card":"summary_large_image","twitter_misc":{"Est. reading time":"1 minute"},"schema":{"@context":"https:\/\/schema.org","@graph":[{"@type":"WebPage","@id":"https:\/\/la-ptite-cerise.be\/produit\/chai-the-noir\/","url":"https:\/\/la-ptite-cerise.be\/produit\/chai-the-noir\/","name":"Chai th\u00e9 noir - La P&#039;tite Cerise","isPartOf":{"@id":"https:\/\/la-ptite-cerise.be\/#website"},"primaryImageOfPage":{"@id":"https:\/\/la-ptite-cerise.be\/produit\/chai-the-noir\/#primaryimage"},"image":{"@id":"https:\/\/la-ptite-cerise.be\/produit\/chai-the-noir\/#primaryimage"},"thumbnailUrl":"https:\/\/la-ptite-cerise.be\/wp-content\/uploads\/2020\/12\/82629_1.jpeg","datePublished":"2020-12-08T19:36:08+00:00","breadcrumb":{"@id":"https:\/\/la-ptite-cerise.be\/produit\/chai-the-noir\/#breadcrumb"},"inLanguage":"en-US","potentialAction":[{"@type":"ReadAction","target":["https:\/\/la-ptite-cerise.be\/produit\/chai-the-noir\/"]}]},{"@type":"ImageObject","inLanguage":"en-US","@id":"https:\/\/la-ptite-cerise.be\/produit\/chai-the-noir\/#primaryimage","url":"https:\/\/la-ptite-cerise.be\/wp-content\/uploads\/2020\/12\/82629_1.jpeg","contentUrl":"https:\/\/la-ptite-cerise.be\/wp-content\/uploads\/2020\/12\/82629_1.jpeg","width":500,"height":500},{"@type":"BreadcrumbList","@id":"https:\/\/la-ptite-cerise.be\/produit\/chai-the-noir\/#breadcrumb","itemListElement":[{"@type":"ListItem","position":1,"name":"Accueil","item":"https:\/\/la-ptite-cerise.be\/en\/"},{"@type":"ListItem","position":2,"name":"Store","item":"https:\/\/la-ptite-cerise.be\/boutique\/"},{"@type":"ListItem","position":3,"name":"Chai th\u00e9 noir"}]},{"@type":"WebSite","@id":"https:\/\/la-ptite-cerise.be\/#website","url":"https:\/\/la-ptite-cerise.be\/","name":"La P'tite Cerise","description":"Artisan torr\u00e9facteur de caf\u00e9 de sp\u00e9cialit\u00e9. S\u00e9lection de th\u00e9s &amp; tisanes.","publisher":{"@id":"https:\/\/la-ptite-cerise.be\/#organization"},"potentialAction":[{"@type":"SearchAction","target":{"@type":"EntryPoint","urlTemplate":"https:\/\/la-ptite-cerise.be\/?s={search_term_string}"},"query-input":{"@type":"PropertyValueSpecification","valueRequired":true,"valueName":"search_term_string"}}],"inLanguage":"en-US"},{"@type":"Organization","@id":"https:\/\/la-ptite-cerise.be\/#organization","name":"La P'tite Cerise","url":"https:\/\/la-ptite-cerise.be\/","logo":{"@type":"ImageObject","inLanguage":"en-US","@id":"https:\/\/la-ptite-cerise.be\/#\/schema\/logo\/image\/","url":"https:\/\/la-ptite-cerise.be\/wp-content\/uploads\/2020\/10\/logo-header-01.jpg","contentUrl":"https:\/\/la-ptite-cerise.be\/wp-content\/uploads\/2020\/10\/logo-header-01.jpg","width":176,"height":100,"caption":"La P'tite Cerise"},"image":{"@id":"https:\/\/la-ptite-cerise.be\/#\/schema\/logo\/image\/"},"sameAs":["https:\/\/www.facebook.com\/laptitecerise\/","https:\/\/www.instagram.com\/la.ptite_cerise\/"]}]}},"_links":{"self":[{"href":"https:\/\/la-ptite-cerise.be\/en\/wp-json\/wp\/v2\/product\/13703","targetHints":{"allow":["GET"]}}],"collection":[{"href":"https:\/\/la-ptite-cerise.be\/en\/wp-json\/wp\/v2\/product"}],"about":[{"href":"https:\/\/la-ptite-cerise.be\/en\/wp-json\/wp\/v2\/types\/product"}],"wp:featuredmedia":[{"embeddable":true,"href":"https:\/\/la-ptite-cerise.be\/en\/wp-json\/wp\/v2\/media\/13702"}],"wp:attachment":[{"href":"https:\/\/la-ptite-cerise.be\/en\/wp-json\/wp\/v2\/media?parent=13703"}],"wp:term":[{"taxonomy":"product_brand","embeddable":true,"href":"https:\/\/la-ptite-cerise.be\/en\/wp-json\/wp\/v2\/product_brand?post=13703"},{"taxonomy":"product_cat","embeddable":true,"href":"https:\/\/la-ptite-cerise.be\/en\/wp-json\/wp\/v2\/product_cat?post=13703"},{"taxonomy":"product_tag","embeddable":true,"href":"https:\/\/la-ptite-cerise.be\/en\/wp-json\/wp\/v2\/product_tag?post=13703"}],"curies":[{"name":"wp","href":"https:\/\/api.w.org\/{rel}","templated":true}]}}