{"id":13710,"date":"2020-12-08T20:29:28","date_gmt":"2020-12-08T19:29:28","guid":{"rendered":"https:\/\/la-ptite-cerise.be\/produit\/china-oolong-shui-xian\/"},"modified":"2020-12-08T20:29:28","modified_gmt":"2020-12-08T19:29:28","slug":"china-oolong-shui-xian","status":"publish","type":"product","link":"https:\/\/la-ptite-cerise.be\/en\/produit\/china-oolong-shui-xian\/","title":{"rendered":"China Oolong Shui Xian"},"content":{"rendered":"<h3 class=\"\" data-start=\"1592\" data-end=\"1649\"><strong data-start=\"1601\" data-end=\"1633\">Oolong Tea \u2013 China Shui Xian<\/strong> (100 g pouch)<\/h3>\n<p class=\"\" data-start=\"1650\" data-end=\"1725\"><strong data-start=\"1650\" data-end=\"1725\">A refined semi-oxidised Chinese tea with gentle floral and woody notes.<\/strong><\/p>\n<p class=\"\" data-start=\"1727\" data-end=\"1955\">This premium-quality Oolong offers a clear, smooth infusion with naturally aromatic floral and woody tones. Gently oxidised, it bridges the gap between green and black teas, providing a delicate and balanced cup low in caffeine.<\/p>\n<p class=\"\" data-start=\"1957\" data-end=\"2011\">\ud83d\udcac <em data-start=\"1960\" data-end=\"2011\">Ideal for slow sipping or thoughtful tea rituals.<\/em><\/p>\n<hr class=\"\" data-start=\"2013\" data-end=\"2016\" \/>\n<h3 class=\"\" data-start=\"2018\" data-end=\"2038\">\u2705 <strong data-start=\"2024\" data-end=\"2038\">Highlights<\/strong><\/h3>\n<ul data-start=\"2039\" data-end=\"2163\">\n<li class=\"\" data-start=\"2039\" data-end=\"2076\">\n<p class=\"\" data-start=\"2041\" data-end=\"2076\">Premium, non-flavoured Oolong tea<\/p>\n<\/li>\n<li class=\"\" data-start=\"2077\" data-end=\"2125\">\n<p class=\"\" data-start=\"2079\" data-end=\"2125\">Naturally floral with a soft woody character<\/p>\n<\/li>\n<li class=\"\" data-start=\"2126\" data-end=\"2163\">\n<p class=\"\" data-start=\"2128\" data-end=\"2163\">Semi-oxidised and low in caffeine<\/p>\n<\/li>\n<\/ul>\n<hr class=\"\" data-start=\"2165\" data-end=\"2168\" \/>\n<h3 class=\"\" data-start=\"2170\" data-end=\"2194\">\ud83e\uddfe <strong data-start=\"2177\" data-end=\"2192\">Ingredients<\/strong><\/h3>\n<p class=\"\" data-start=\"2195\" data-end=\"2275\">China Shui Xian Oolong tea<br data-start=\"2221\" data-end=\"2224\" \/><strong data-start=\"2224\" data-end=\"2237\">Allergens<\/strong>: May contain traces of milk and nuts.<\/p>\n<hr class=\"\" data-start=\"2277\" data-end=\"2280\" \/>\n<h3 class=\"\" data-start=\"2282\" data-end=\"2306\">\ud83c\udf7d\ufe0f <strong data-start=\"2290\" data-end=\"2306\">Brewing tips<\/strong><\/h3>\n<ul data-start=\"2307\" data-end=\"2536\">\n<li class=\"\" data-start=\"2307\" data-end=\"2339\">\n<p class=\"\" data-start=\"2309\" data-end=\"2339\"><strong data-start=\"2309\" data-end=\"2330\">Water temperature<\/strong>: 80\u202f\u00b0C<\/p>\n<\/li>\n<li class=\"\" data-start=\"2340\" data-end=\"2374\">\n<p class=\"\" data-start=\"2342\" data-end=\"2374\"><strong data-start=\"2342\" data-end=\"2359\">Steeping time<\/strong>: 1\u20133 minutes<\/p>\n<\/li>\n<li class=\"\" data-start=\"2375\" data-end=\"2439\">\n<p class=\"\" data-start=\"2377\" data-end=\"2390\"><strong data-start=\"2377\" data-end=\"2389\">Quantity<\/strong>:<\/p>\n<ul data-start=\"2393\" data-end=\"2439\">\n<li class=\"\" data-start=\"2393\" data-end=\"2411\">\n<p class=\"\" data-start=\"2395\" data-end=\"2411\">3 g per 200 ml<\/p>\n<\/li>\n<li class=\"\" data-start=\"2414\" data-end=\"2439\">\n<p class=\"\" data-start=\"2416\" data-end=\"2439\"><strong data-start=\"2416\" data-end=\"2437\">12\u201315 g per litre<\/strong><\/p>\n<\/li>\n<\/ul>\n<\/li>\n<li class=\"\" data-start=\"2440\" data-end=\"2536\">\n<p class=\"\" data-start=\"2442\" data-end=\"2536\"><strong data-start=\"2442\" data-end=\"2464\">Serving suggestion<\/strong>: Enjoy multiple short infusions to explore the tea\u2019s evolving character<\/p>\n<\/li>\n<\/ul>\n","protected":false},"excerpt":{"rendered":"<p>Chinese Oolong tea. 100 g pouch \u2013 light, floral and semi-oxidised.<\/p>\n","protected":false},"featured_media":13709,"template":"","meta":[],"product_brand":[],"product_cat":[143],"product_tag":[],"class_list":{"0":"post-13710","1":"product","2":"type-product","3":"status-publish","4":"has-post-thumbnail","6":"product_cat-tea","8":"first","9":"instock","10":"taxable","11":"shipping-taxable","12":"purchasable","13":"product-type-simple"},"yoast_head":"<!-- This site is optimized with the Yoast SEO plugin v25.7 - https:\/\/yoast.com\/wordpress\/plugins\/seo\/ -->\n<title>China Oolong Shui Xian - La P&#039;tite Cerise<\/title>\n<meta name=\"robots\" content=\"index, follow, max-snippet:-1, max-image-preview:large, max-video-preview:-1\" \/>\n<link rel=\"canonical\" href=\"https:\/\/la-ptite-cerise.be\/produit\/china-oolong-shui-xian\/\" \/>\n<meta property=\"og:locale\" content=\"en_US\" \/>\n<meta property=\"og:type\" content=\"article\" \/>\n<meta property=\"og:title\" content=\"China Oolong Shui Xian - La P&#039;tite Cerise\" \/>\n<meta property=\"og:description\" content=\"Chinese Oolong tea. 100 g pouch \u2013 light, floral and semi-oxidised.\" \/>\n<meta property=\"og:url\" content=\"https:\/\/la-ptite-cerise.be\/produit\/china-oolong-shui-xian\/\" \/>\n<meta property=\"og:site_name\" content=\"La P&#039;tite Cerise\" \/>\n<meta property=\"article:publisher\" content=\"https:\/\/www.facebook.com\/laptitecerise\/\" \/>\n<meta property=\"og:image\" content=\"https:\/\/la-ptite-cerise.be\/wp-content\/uploads\/2020\/12\/89731_1.jpeg\" \/>\n\t<meta property=\"og:image:width\" content=\"500\" \/>\n\t<meta property=\"og:image:height\" content=\"500\" \/>\n\t<meta property=\"og:image:type\" content=\"image\/jpeg\" \/>\n<meta name=\"twitter:card\" content=\"summary_large_image\" \/>\n<meta name=\"twitter:label1\" content=\"Est. reading time\" \/>\n\t<meta name=\"twitter:data1\" content=\"1 minute\" \/>\n<script type=\"application\/ld+json\" class=\"yoast-schema-graph\">{\"@context\":\"https:\/\/schema.org\",\"@graph\":[{\"@type\":\"WebPage\",\"@id\":\"https:\/\/la-ptite-cerise.be\/produit\/china-oolong-shui-xian\/\",\"url\":\"https:\/\/la-ptite-cerise.be\/produit\/china-oolong-shui-xian\/\",\"name\":\"China Oolong Shui Xian - La P&#039;tite Cerise\",\"isPartOf\":{\"@id\":\"https:\/\/la-ptite-cerise.be\/#website\"},\"primaryImageOfPage\":{\"@id\":\"https:\/\/la-ptite-cerise.be\/produit\/china-oolong-shui-xian\/#primaryimage\"},\"image\":{\"@id\":\"https:\/\/la-ptite-cerise.be\/produit\/china-oolong-shui-xian\/#primaryimage\"},\"thumbnailUrl\":\"https:\/\/la-ptite-cerise.be\/wp-content\/uploads\/2020\/12\/89731_1.jpeg\",\"datePublished\":\"2020-12-08T19:29:28+00:00\",\"breadcrumb\":{\"@id\":\"https:\/\/la-ptite-cerise.be\/produit\/china-oolong-shui-xian\/#breadcrumb\"},\"inLanguage\":\"en-US\",\"potentialAction\":[{\"@type\":\"ReadAction\",\"target\":[\"https:\/\/la-ptite-cerise.be\/produit\/china-oolong-shui-xian\/\"]}]},{\"@type\":\"ImageObject\",\"inLanguage\":\"en-US\",\"@id\":\"https:\/\/la-ptite-cerise.be\/produit\/china-oolong-shui-xian\/#primaryimage\",\"url\":\"https:\/\/la-ptite-cerise.be\/wp-content\/uploads\/2020\/12\/89731_1.jpeg\",\"contentUrl\":\"https:\/\/la-ptite-cerise.be\/wp-content\/uploads\/2020\/12\/89731_1.jpeg\",\"width\":500,\"height\":500},{\"@type\":\"BreadcrumbList\",\"@id\":\"https:\/\/la-ptite-cerise.be\/produit\/china-oolong-shui-xian\/#breadcrumb\",\"itemListElement\":[{\"@type\":\"ListItem\",\"position\":1,\"name\":\"Accueil\",\"item\":\"https:\/\/la-ptite-cerise.be\/en\/\"},{\"@type\":\"ListItem\",\"position\":2,\"name\":\"Store\",\"item\":\"https:\/\/la-ptite-cerise.be\/boutique\/\"},{\"@type\":\"ListItem\",\"position\":3,\"name\":\"China Oolong Shui Xian\"}]},{\"@type\":\"WebSite\",\"@id\":\"https:\/\/la-ptite-cerise.be\/#website\",\"url\":\"https:\/\/la-ptite-cerise.be\/\",\"name\":\"La P'tite Cerise\",\"description\":\"Artisan torr\u00e9facteur de caf\u00e9 de sp\u00e9cialit\u00e9. S\u00e9lection de th\u00e9s &amp; tisanes.\",\"publisher\":{\"@id\":\"https:\/\/la-ptite-cerise.be\/#organization\"},\"potentialAction\":[{\"@type\":\"SearchAction\",\"target\":{\"@type\":\"EntryPoint\",\"urlTemplate\":\"https:\/\/la-ptite-cerise.be\/?s={search_term_string}\"},\"query-input\":{\"@type\":\"PropertyValueSpecification\",\"valueRequired\":true,\"valueName\":\"search_term_string\"}}],\"inLanguage\":\"en-US\"},{\"@type\":\"Organization\",\"@id\":\"https:\/\/la-ptite-cerise.be\/#organization\",\"name\":\"La P'tite Cerise\",\"url\":\"https:\/\/la-ptite-cerise.be\/\",\"logo\":{\"@type\":\"ImageObject\",\"inLanguage\":\"en-US\",\"@id\":\"https:\/\/la-ptite-cerise.be\/#\/schema\/logo\/image\/\",\"url\":\"https:\/\/la-ptite-cerise.be\/wp-content\/uploads\/2020\/10\/logo-header-01.jpg\",\"contentUrl\":\"https:\/\/la-ptite-cerise.be\/wp-content\/uploads\/2020\/10\/logo-header-01.jpg\",\"width\":176,\"height\":100,\"caption\":\"La P'tite Cerise\"},\"image\":{\"@id\":\"https:\/\/la-ptite-cerise.be\/#\/schema\/logo\/image\/\"},\"sameAs\":[\"https:\/\/www.facebook.com\/laptitecerise\/\",\"https:\/\/www.instagram.com\/la.ptite_cerise\/\"]}]}<\/script>\n<!-- \/ Yoast SEO plugin. -->","yoast_head_json":{"title":"China Oolong Shui Xian - La P&#039;tite Cerise","robots":{"index":"index","follow":"follow","max-snippet":"max-snippet:-1","max-image-preview":"max-image-preview:large","max-video-preview":"max-video-preview:-1"},"canonical":"https:\/\/la-ptite-cerise.be\/produit\/china-oolong-shui-xian\/","og_locale":"en_US","og_type":"article","og_title":"China Oolong Shui Xian - La P&#039;tite Cerise","og_description":"Chinese Oolong tea. 100 g pouch \u2013 light, floral and semi-oxidised.","og_url":"https:\/\/la-ptite-cerise.be\/produit\/china-oolong-shui-xian\/","og_site_name":"La P&#039;tite Cerise","article_publisher":"https:\/\/www.facebook.com\/laptitecerise\/","og_image":[{"width":500,"height":500,"url":"https:\/\/la-ptite-cerise.be\/wp-content\/uploads\/2020\/12\/89731_1.jpeg","type":"image\/jpeg"}],"twitter_card":"summary_large_image","twitter_misc":{"Est. reading time":"1 minute"},"schema":{"@context":"https:\/\/schema.org","@graph":[{"@type":"WebPage","@id":"https:\/\/la-ptite-cerise.be\/produit\/china-oolong-shui-xian\/","url":"https:\/\/la-ptite-cerise.be\/produit\/china-oolong-shui-xian\/","name":"China Oolong Shui Xian - La P&#039;tite Cerise","isPartOf":{"@id":"https:\/\/la-ptite-cerise.be\/#website"},"primaryImageOfPage":{"@id":"https:\/\/la-ptite-cerise.be\/produit\/china-oolong-shui-xian\/#primaryimage"},"image":{"@id":"https:\/\/la-ptite-cerise.be\/produit\/china-oolong-shui-xian\/#primaryimage"},"thumbnailUrl":"https:\/\/la-ptite-cerise.be\/wp-content\/uploads\/2020\/12\/89731_1.jpeg","datePublished":"2020-12-08T19:29:28+00:00","breadcrumb":{"@id":"https:\/\/la-ptite-cerise.be\/produit\/china-oolong-shui-xian\/#breadcrumb"},"inLanguage":"en-US","potentialAction":[{"@type":"ReadAction","target":["https:\/\/la-ptite-cerise.be\/produit\/china-oolong-shui-xian\/"]}]},{"@type":"ImageObject","inLanguage":"en-US","@id":"https:\/\/la-ptite-cerise.be\/produit\/china-oolong-shui-xian\/#primaryimage","url":"https:\/\/la-ptite-cerise.be\/wp-content\/uploads\/2020\/12\/89731_1.jpeg","contentUrl":"https:\/\/la-ptite-cerise.be\/wp-content\/uploads\/2020\/12\/89731_1.jpeg","width":500,"height":500},{"@type":"BreadcrumbList","@id":"https:\/\/la-ptite-cerise.be\/produit\/china-oolong-shui-xian\/#breadcrumb","itemListElement":[{"@type":"ListItem","position":1,"name":"Accueil","item":"https:\/\/la-ptite-cerise.be\/en\/"},{"@type":"ListItem","position":2,"name":"Store","item":"https:\/\/la-ptite-cerise.be\/boutique\/"},{"@type":"ListItem","position":3,"name":"China Oolong Shui Xian"}]},{"@type":"WebSite","@id":"https:\/\/la-ptite-cerise.be\/#website","url":"https:\/\/la-ptite-cerise.be\/","name":"La P'tite Cerise","description":"Artisan torr\u00e9facteur de caf\u00e9 de sp\u00e9cialit\u00e9. S\u00e9lection de th\u00e9s &amp; tisanes.","publisher":{"@id":"https:\/\/la-ptite-cerise.be\/#organization"},"potentialAction":[{"@type":"SearchAction","target":{"@type":"EntryPoint","urlTemplate":"https:\/\/la-ptite-cerise.be\/?s={search_term_string}"},"query-input":{"@type":"PropertyValueSpecification","valueRequired":true,"valueName":"search_term_string"}}],"inLanguage":"en-US"},{"@type":"Organization","@id":"https:\/\/la-ptite-cerise.be\/#organization","name":"La P'tite Cerise","url":"https:\/\/la-ptite-cerise.be\/","logo":{"@type":"ImageObject","inLanguage":"en-US","@id":"https:\/\/la-ptite-cerise.be\/#\/schema\/logo\/image\/","url":"https:\/\/la-ptite-cerise.be\/wp-content\/uploads\/2020\/10\/logo-header-01.jpg","contentUrl":"https:\/\/la-ptite-cerise.be\/wp-content\/uploads\/2020\/10\/logo-header-01.jpg","width":176,"height":100,"caption":"La P'tite Cerise"},"image":{"@id":"https:\/\/la-ptite-cerise.be\/#\/schema\/logo\/image\/"},"sameAs":["https:\/\/www.facebook.com\/laptitecerise\/","https:\/\/www.instagram.com\/la.ptite_cerise\/"]}]}},"_links":{"self":[{"href":"https:\/\/la-ptite-cerise.be\/en\/wp-json\/wp\/v2\/product\/13710","targetHints":{"allow":["GET"]}}],"collection":[{"href":"https:\/\/la-ptite-cerise.be\/en\/wp-json\/wp\/v2\/product"}],"about":[{"href":"https:\/\/la-ptite-cerise.be\/en\/wp-json\/wp\/v2\/types\/product"}],"wp:featuredmedia":[{"embeddable":true,"href":"https:\/\/la-ptite-cerise.be\/en\/wp-json\/wp\/v2\/media\/13709"}],"wp:attachment":[{"href":"https:\/\/la-ptite-cerise.be\/en\/wp-json\/wp\/v2\/media?parent=13710"}],"wp:term":[{"taxonomy":"product_brand","embeddable":true,"href":"https:\/\/la-ptite-cerise.be\/en\/wp-json\/wp\/v2\/product_brand?post=13710"},{"taxonomy":"product_cat","embeddable":true,"href":"https:\/\/la-ptite-cerise.be\/en\/wp-json\/wp\/v2\/product_cat?post=13710"},{"taxonomy":"product_tag","embeddable":true,"href":"https:\/\/la-ptite-cerise.be\/en\/wp-json\/wp\/v2\/product_tag?post=13710"}],"curies":[{"name":"wp","href":"https:\/\/api.w.org\/{rel}","templated":true}]}}