{"id":13726,"date":"2020-12-08T20:09:31","date_gmt":"2020-12-08T19:09:31","guid":{"rendered":"https:\/\/la-ptite-cerise.be\/produit\/lile-aux-tresors\/"},"modified":"2020-12-08T20:09:31","modified_gmt":"2020-12-08T19:09:31","slug":"lile-aux-tresors","status":"publish","type":"product","link":"https:\/\/la-ptite-cerise.be\/en\/produit\/lile-aux-tresors\/","title":{"rendered":"L&#8217;\u00eele aux tr\u00e9sors"},"content":{"rendered":"<h3 class=\"\" data-start=\"1600\" data-end=\"1656\"><strong data-start=\"1609\" data-end=\"1640\">Tea Blend \u2013 Treasure Island<\/strong> (100 g pouch)<\/h3>\n<p class=\"\" data-start=\"1657\" data-end=\"1735\"><strong data-start=\"1657\" data-end=\"1735\">A vibrant black and green tea blend with mango, papaya and tropical notes.<\/strong><\/p>\n<p class=\"\" data-start=\"1737\" data-end=\"1994\">This exotic blend combines bold black teas (Assam and South India) with refreshing China Sencha green tea. Dried mango, papaya and cranberries add juicy sweetness, while natural flavourings and marigold petals round out the profile for a smooth, fruity cup.<\/p>\n<p class=\"\" data-start=\"1996\" data-end=\"2048\">\ud83d\udcac <em data-start=\"1999\" data-end=\"2048\">A flavour adventure in every sip \u2013 hot or iced.<\/em><\/p>\n<hr class=\"\" data-start=\"2050\" data-end=\"2053\" \/>\n<h3 class=\"\" data-start=\"2055\" data-end=\"2075\">\u2705 <strong data-start=\"2061\" data-end=\"2075\">Highlights<\/strong><\/h3>\n<ul data-start=\"2076\" data-end=\"2212\">\n<li class=\"\" data-start=\"2076\" data-end=\"2122\">\n<p class=\"\" data-start=\"2078\" data-end=\"2122\">Premium tea blend with natural flavourings<\/p>\n<\/li>\n<li class=\"\" data-start=\"2123\" data-end=\"2170\">\n<p class=\"\" data-start=\"2125\" data-end=\"2170\">Tropical mango and papaya with citrus notes<\/p>\n<\/li>\n<li class=\"\" data-start=\"2171\" data-end=\"2212\">\n<p class=\"\" data-start=\"2173\" data-end=\"2212\">Great hot or as a refreshing iced tea<\/p>\n<\/li>\n<\/ul>\n<hr class=\"\" data-start=\"2214\" data-end=\"2217\" \/>\n<h3 class=\"\" data-start=\"2219\" data-end=\"2243\">\ud83e\uddfe <strong data-start=\"2226\" data-end=\"2241\">Ingredients<\/strong><\/h3>\n<p class=\"\" data-start=\"2244\" data-end=\"2466\">Assam black tea, South Indian black tea, China Sencha green tea, natural flavourings, mango pieces, papaya, cranberry, marigold petals, mango, natural orange flavouring<br data-start=\"2412\" data-end=\"2415\" \/><strong data-start=\"2415\" data-end=\"2428\">Allergens<\/strong>: May contain traces of milk and nuts.<\/p>\n<hr class=\"\" data-start=\"2468\" data-end=\"2471\" \/>\n<h3 class=\"\" data-start=\"2473\" data-end=\"2497\">\ud83c\udf7d\ufe0f <strong data-start=\"2481\" data-end=\"2497\">Brewing tips<\/strong><\/h3>\n<ul data-start=\"2498\" data-end=\"2720\">\n<li class=\"\" data-start=\"2498\" data-end=\"2531\">\n<p class=\"\" data-start=\"2500\" data-end=\"2531\"><strong data-start=\"2500\" data-end=\"2521\">Water temperature<\/strong>: 100\u202f\u00b0C<\/p>\n<\/li>\n<li class=\"\" data-start=\"2532\" data-end=\"2566\">\n<p class=\"\" data-start=\"2534\" data-end=\"2566\"><strong data-start=\"2534\" data-end=\"2551\">Steeping time<\/strong>: 3\u20135 minutes<\/p>\n<\/li>\n<li class=\"\" data-start=\"2567\" data-end=\"2631\">\n<p class=\"\" data-start=\"2569\" data-end=\"2582\"><strong data-start=\"2569\" data-end=\"2581\">Quantity<\/strong>:<\/p>\n<ul data-start=\"2585\" data-end=\"2631\">\n<li class=\"\" data-start=\"2585\" data-end=\"2603\">\n<p class=\"\" data-start=\"2587\" data-end=\"2603\">3 g per 200 ml<\/p>\n<\/li>\n<li class=\"\" data-start=\"2606\" data-end=\"2631\">\n<p class=\"\" data-start=\"2608\" data-end=\"2631\"><strong data-start=\"2608\" data-end=\"2629\">12\u201315 g per litre<\/strong><\/p>\n<\/li>\n<\/ul>\n<\/li>\n<li class=\"\" data-start=\"2632\" data-end=\"2720\">\n<p class=\"\" data-start=\"2634\" data-end=\"2720\"><strong data-start=\"2634\" data-end=\"2656\">Serving suggestion<\/strong>: Perfect iced with fresh fruit, or hot for a tropical tea break<\/p>\n<\/li>\n<\/ul>\n","protected":false},"excerpt":{"rendered":"<p>Black &amp; green tea with exotic fruits. 100 g pouch \u2013 mango, papaya &amp; citrus.<\/p>\n","protected":false},"featured_media":13725,"template":"","meta":[],"product_brand":[],"product_cat":[143],"product_tag":[],"class_list":{"0":"post-13726","1":"product","2":"type-product","3":"status-publish","4":"has-post-thumbnail","6":"product_cat-tea","8":"first","9":"instock","10":"taxable","11":"shipping-taxable","12":"purchasable","13":"product-type-simple"},"yoast_head":"<!-- This site is optimized with the Yoast SEO plugin v25.7 - https:\/\/yoast.com\/wordpress\/plugins\/seo\/ -->\n<title>L&#039;\u00eele aux tr\u00e9sors - La P&#039;tite Cerise<\/title>\n<meta name=\"robots\" content=\"index, follow, max-snippet:-1, max-image-preview:large, max-video-preview:-1\" \/>\n<link rel=\"canonical\" href=\"https:\/\/la-ptite-cerise.be\/en\/produit\/lile-aux-tresors\/\" \/>\n<meta property=\"og:locale\" content=\"en_US\" \/>\n<meta property=\"og:type\" content=\"article\" \/>\n<meta property=\"og:title\" content=\"L&#039;\u00eele aux tr\u00e9sors - La P&#039;tite Cerise\" \/>\n<meta property=\"og:description\" content=\"Black &amp; green tea with exotic fruits. 100 g pouch \u2013 mango, papaya &amp; citrus.\" \/>\n<meta property=\"og:url\" content=\"https:\/\/la-ptite-cerise.be\/en\/produit\/lile-aux-tresors\/\" \/>\n<meta property=\"og:site_name\" content=\"La P&#039;tite Cerise\" \/>\n<meta property=\"article:publisher\" content=\"https:\/\/www.facebook.com\/laptitecerise\/\" \/>\n<meta property=\"og:image\" content=\"https:\/\/la-ptite-cerise.be\/wp-content\/uploads\/2020\/12\/82915_1.jpeg\" \/>\n\t<meta property=\"og:image:width\" content=\"500\" \/>\n\t<meta property=\"og:image:height\" content=\"500\" \/>\n\t<meta property=\"og:image:type\" content=\"image\/jpeg\" \/>\n<meta name=\"twitter:card\" content=\"summary_large_image\" \/>\n<meta name=\"twitter:label1\" content=\"Est. reading time\" \/>\n\t<meta name=\"twitter:data1\" content=\"1 minute\" \/>\n<script type=\"application\/ld+json\" class=\"yoast-schema-graph\">{\"@context\":\"https:\/\/schema.org\",\"@graph\":[{\"@type\":\"WebPage\",\"@id\":\"https:\/\/la-ptite-cerise.be\/en\/produit\/lile-aux-tresors\/\",\"url\":\"https:\/\/la-ptite-cerise.be\/en\/produit\/lile-aux-tresors\/\",\"name\":\"L'\u00eele aux tr\u00e9sors - La P&#039;tite Cerise\",\"isPartOf\":{\"@id\":\"https:\/\/la-ptite-cerise.be\/#website\"},\"primaryImageOfPage\":{\"@id\":\"https:\/\/la-ptite-cerise.be\/en\/produit\/lile-aux-tresors\/#primaryimage\"},\"image\":{\"@id\":\"https:\/\/la-ptite-cerise.be\/en\/produit\/lile-aux-tresors\/#primaryimage\"},\"thumbnailUrl\":\"https:\/\/la-ptite-cerise.be\/wp-content\/uploads\/2020\/12\/82915_1.jpeg\",\"datePublished\":\"2020-12-08T19:09:31+00:00\",\"breadcrumb\":{\"@id\":\"https:\/\/la-ptite-cerise.be\/en\/produit\/lile-aux-tresors\/#breadcrumb\"},\"inLanguage\":\"en-US\",\"potentialAction\":[{\"@type\":\"ReadAction\",\"target\":[\"https:\/\/la-ptite-cerise.be\/en\/produit\/lile-aux-tresors\/\"]}]},{\"@type\":\"ImageObject\",\"inLanguage\":\"en-US\",\"@id\":\"https:\/\/la-ptite-cerise.be\/en\/produit\/lile-aux-tresors\/#primaryimage\",\"url\":\"https:\/\/la-ptite-cerise.be\/wp-content\/uploads\/2020\/12\/82915_1.jpeg\",\"contentUrl\":\"https:\/\/la-ptite-cerise.be\/wp-content\/uploads\/2020\/12\/82915_1.jpeg\",\"width\":500,\"height\":500},{\"@type\":\"BreadcrumbList\",\"@id\":\"https:\/\/la-ptite-cerise.be\/en\/produit\/lile-aux-tresors\/#breadcrumb\",\"itemListElement\":[{\"@type\":\"ListItem\",\"position\":1,\"name\":\"Accueil\",\"item\":\"https:\/\/la-ptite-cerise.be\/en\/\"},{\"@type\":\"ListItem\",\"position\":2,\"name\":\"Store\",\"item\":\"https:\/\/la-ptite-cerise.be\/boutique\/\"},{\"@type\":\"ListItem\",\"position\":3,\"name\":\"L&#8217;\u00eele aux tr\u00e9sors\"}]},{\"@type\":\"WebSite\",\"@id\":\"https:\/\/la-ptite-cerise.be\/#website\",\"url\":\"https:\/\/la-ptite-cerise.be\/\",\"name\":\"La P'tite Cerise\",\"description\":\"Artisan torr\u00e9facteur de caf\u00e9 de sp\u00e9cialit\u00e9. S\u00e9lection de th\u00e9s &amp; tisanes.\",\"publisher\":{\"@id\":\"https:\/\/la-ptite-cerise.be\/#organization\"},\"potentialAction\":[{\"@type\":\"SearchAction\",\"target\":{\"@type\":\"EntryPoint\",\"urlTemplate\":\"https:\/\/la-ptite-cerise.be\/?s={search_term_string}\"},\"query-input\":{\"@type\":\"PropertyValueSpecification\",\"valueRequired\":true,\"valueName\":\"search_term_string\"}}],\"inLanguage\":\"en-US\"},{\"@type\":\"Organization\",\"@id\":\"https:\/\/la-ptite-cerise.be\/#organization\",\"name\":\"La P'tite Cerise\",\"url\":\"https:\/\/la-ptite-cerise.be\/\",\"logo\":{\"@type\":\"ImageObject\",\"inLanguage\":\"en-US\",\"@id\":\"https:\/\/la-ptite-cerise.be\/#\/schema\/logo\/image\/\",\"url\":\"https:\/\/la-ptite-cerise.be\/wp-content\/uploads\/2020\/10\/logo-header-01.jpg\",\"contentUrl\":\"https:\/\/la-ptite-cerise.be\/wp-content\/uploads\/2020\/10\/logo-header-01.jpg\",\"width\":176,\"height\":100,\"caption\":\"La P'tite Cerise\"},\"image\":{\"@id\":\"https:\/\/la-ptite-cerise.be\/#\/schema\/logo\/image\/\"},\"sameAs\":[\"https:\/\/www.facebook.com\/laptitecerise\/\",\"https:\/\/www.instagram.com\/la.ptite_cerise\/\"]}]}<\/script>\n<!-- \/ Yoast SEO plugin. -->","yoast_head_json":{"title":"L'\u00eele aux tr\u00e9sors - La P&#039;tite Cerise","robots":{"index":"index","follow":"follow","max-snippet":"max-snippet:-1","max-image-preview":"max-image-preview:large","max-video-preview":"max-video-preview:-1"},"canonical":"https:\/\/la-ptite-cerise.be\/en\/produit\/lile-aux-tresors\/","og_locale":"en_US","og_type":"article","og_title":"L'\u00eele aux tr\u00e9sors - La P&#039;tite Cerise","og_description":"Black &amp; green tea with exotic fruits. 100 g pouch \u2013 mango, papaya &amp; citrus.","og_url":"https:\/\/la-ptite-cerise.be\/en\/produit\/lile-aux-tresors\/","og_site_name":"La P&#039;tite Cerise","article_publisher":"https:\/\/www.facebook.com\/laptitecerise\/","og_image":[{"width":500,"height":500,"url":"https:\/\/la-ptite-cerise.be\/wp-content\/uploads\/2020\/12\/82915_1.jpeg","type":"image\/jpeg"}],"twitter_card":"summary_large_image","twitter_misc":{"Est. reading time":"1 minute"},"schema":{"@context":"https:\/\/schema.org","@graph":[{"@type":"WebPage","@id":"https:\/\/la-ptite-cerise.be\/en\/produit\/lile-aux-tresors\/","url":"https:\/\/la-ptite-cerise.be\/en\/produit\/lile-aux-tresors\/","name":"L'\u00eele aux tr\u00e9sors - La P&#039;tite Cerise","isPartOf":{"@id":"https:\/\/la-ptite-cerise.be\/#website"},"primaryImageOfPage":{"@id":"https:\/\/la-ptite-cerise.be\/en\/produit\/lile-aux-tresors\/#primaryimage"},"image":{"@id":"https:\/\/la-ptite-cerise.be\/en\/produit\/lile-aux-tresors\/#primaryimage"},"thumbnailUrl":"https:\/\/la-ptite-cerise.be\/wp-content\/uploads\/2020\/12\/82915_1.jpeg","datePublished":"2020-12-08T19:09:31+00:00","breadcrumb":{"@id":"https:\/\/la-ptite-cerise.be\/en\/produit\/lile-aux-tresors\/#breadcrumb"},"inLanguage":"en-US","potentialAction":[{"@type":"ReadAction","target":["https:\/\/la-ptite-cerise.be\/en\/produit\/lile-aux-tresors\/"]}]},{"@type":"ImageObject","inLanguage":"en-US","@id":"https:\/\/la-ptite-cerise.be\/en\/produit\/lile-aux-tresors\/#primaryimage","url":"https:\/\/la-ptite-cerise.be\/wp-content\/uploads\/2020\/12\/82915_1.jpeg","contentUrl":"https:\/\/la-ptite-cerise.be\/wp-content\/uploads\/2020\/12\/82915_1.jpeg","width":500,"height":500},{"@type":"BreadcrumbList","@id":"https:\/\/la-ptite-cerise.be\/en\/produit\/lile-aux-tresors\/#breadcrumb","itemListElement":[{"@type":"ListItem","position":1,"name":"Accueil","item":"https:\/\/la-ptite-cerise.be\/en\/"},{"@type":"ListItem","position":2,"name":"Store","item":"https:\/\/la-ptite-cerise.be\/boutique\/"},{"@type":"ListItem","position":3,"name":"L&#8217;\u00eele aux tr\u00e9sors"}]},{"@type":"WebSite","@id":"https:\/\/la-ptite-cerise.be\/#website","url":"https:\/\/la-ptite-cerise.be\/","name":"La P'tite Cerise","description":"Artisan torr\u00e9facteur de caf\u00e9 de sp\u00e9cialit\u00e9. S\u00e9lection de th\u00e9s &amp; tisanes.","publisher":{"@id":"https:\/\/la-ptite-cerise.be\/#organization"},"potentialAction":[{"@type":"SearchAction","target":{"@type":"EntryPoint","urlTemplate":"https:\/\/la-ptite-cerise.be\/?s={search_term_string}"},"query-input":{"@type":"PropertyValueSpecification","valueRequired":true,"valueName":"search_term_string"}}],"inLanguage":"en-US"},{"@type":"Organization","@id":"https:\/\/la-ptite-cerise.be\/#organization","name":"La P'tite Cerise","url":"https:\/\/la-ptite-cerise.be\/","logo":{"@type":"ImageObject","inLanguage":"en-US","@id":"https:\/\/la-ptite-cerise.be\/#\/schema\/logo\/image\/","url":"https:\/\/la-ptite-cerise.be\/wp-content\/uploads\/2020\/10\/logo-header-01.jpg","contentUrl":"https:\/\/la-ptite-cerise.be\/wp-content\/uploads\/2020\/10\/logo-header-01.jpg","width":176,"height":100,"caption":"La P'tite Cerise"},"image":{"@id":"https:\/\/la-ptite-cerise.be\/#\/schema\/logo\/image\/"},"sameAs":["https:\/\/www.facebook.com\/laptitecerise\/","https:\/\/www.instagram.com\/la.ptite_cerise\/"]}]}},"_links":{"self":[{"href":"https:\/\/la-ptite-cerise.be\/en\/wp-json\/wp\/v2\/product\/13726","targetHints":{"allow":["GET"]}}],"collection":[{"href":"https:\/\/la-ptite-cerise.be\/en\/wp-json\/wp\/v2\/product"}],"about":[{"href":"https:\/\/la-ptite-cerise.be\/en\/wp-json\/wp\/v2\/types\/product"}],"wp:featuredmedia":[{"embeddable":true,"href":"https:\/\/la-ptite-cerise.be\/en\/wp-json\/wp\/v2\/media\/13725"}],"wp:attachment":[{"href":"https:\/\/la-ptite-cerise.be\/en\/wp-json\/wp\/v2\/media?parent=13726"}],"wp:term":[{"taxonomy":"product_brand","embeddable":true,"href":"https:\/\/la-ptite-cerise.be\/en\/wp-json\/wp\/v2\/product_brand?post=13726"},{"taxonomy":"product_cat","embeddable":true,"href":"https:\/\/la-ptite-cerise.be\/en\/wp-json\/wp\/v2\/product_cat?post=13726"},{"taxonomy":"product_tag","embeddable":true,"href":"https:\/\/la-ptite-cerise.be\/en\/wp-json\/wp\/v2\/product_tag?post=13726"}],"curies":[{"name":"wp","href":"https:\/\/api.w.org\/{rel}","templated":true}]}}