{"id":13738,"date":"2020-12-08T19:41:54","date_gmt":"2020-12-08T18:41:54","guid":{"rendered":"https:\/\/la-ptite-cerise.be\/produit\/english-breakfast-broken\/"},"modified":"2020-12-08T19:41:54","modified_gmt":"2020-12-08T18:41:54","slug":"english-breakfast-broken","status":"publish","type":"product","link":"https:\/\/la-ptite-cerise.be\/en\/produit\/english-breakfast-broken\/","title":{"rendered":"English Breakfast Broken"},"content":{"rendered":"<h3 class=\"\" data-start=\"1406\" data-end=\"1471\"><strong data-start=\"1415\" data-end=\"1455\">Black Tea \u2013 English Breakfast Broken<\/strong> (100 g pouch)<\/h3>\n<p class=\"\" data-start=\"1472\" data-end=\"1553\"><strong data-start=\"1472\" data-end=\"1553\">A bold and brisk blend of Assam and Ceylon black teas, perfect for breakfast.<\/strong><\/p>\n<p class=\"\" data-start=\"1555\" data-end=\"1752\">This traditional morning tea delivers a bright golden cup with full-bodied flavour. Made with Broken leaf teas for a faster, stronger brew, it\u2019s the perfect companion for your first cup of the day.<\/p>\n<p class=\"\" data-start=\"1754\" data-end=\"1812\">\ud83d\udcac <em data-start=\"1757\" data-end=\"1812\">Strong, smooth and satisfying \u2013 with or without milk.<\/em><\/p>\n<hr class=\"\" data-start=\"1814\" data-end=\"1817\" \/>\n<h3 class=\"\" data-start=\"1819\" data-end=\"1839\">\u2705 <strong data-start=\"1825\" data-end=\"1839\">Highlights<\/strong><\/h3>\n<ul data-start=\"1840\" data-end=\"1952\">\n<li class=\"\" data-start=\"1840\" data-end=\"1890\">\n<p class=\"\" data-start=\"1842\" data-end=\"1890\">Traditional blend of Assam &amp; Ceylon black teas<\/p>\n<\/li>\n<li class=\"\" data-start=\"1891\" data-end=\"1921\">\n<p class=\"\" data-start=\"1893\" data-end=\"1921\">Quick infusion, bold taste<\/p>\n<\/li>\n<li class=\"\" data-start=\"1922\" data-end=\"1952\">\n<p class=\"\" data-start=\"1924\" data-end=\"1952\">Perfect as a breakfast tea<\/p>\n<\/li>\n<\/ul>\n<hr class=\"\" data-start=\"1954\" data-end=\"1957\" \/>\n<h3 class=\"\" data-start=\"1959\" data-end=\"1983\">\ud83e\uddfe <strong data-start=\"1966\" data-end=\"1981\">Ingredients<\/strong><\/h3>\n<p class=\"\" data-start=\"1984\" data-end=\"2070\">Assam and Ceylon black tea blend<br data-start=\"2016\" data-end=\"2019\" \/><strong data-start=\"2019\" data-end=\"2032\">Allergens<\/strong>: May contain traces of milk and nuts.<\/p>\n<hr class=\"\" data-start=\"2072\" data-end=\"2075\" \/>\n<h3 class=\"\" data-start=\"2077\" data-end=\"2101\">\ud83c\udf7d\ufe0f <strong data-start=\"2085\" data-end=\"2101\">Brewing tips<\/strong><\/h3>\n<ul data-start=\"2102\" data-end=\"2315\">\n<li class=\"\" data-start=\"2102\" data-end=\"2135\">\n<p class=\"\" data-start=\"2104\" data-end=\"2135\"><strong data-start=\"2104\" data-end=\"2125\">Water temperature<\/strong>: 100\u202f\u00b0C<\/p>\n<\/li>\n<li class=\"\" data-start=\"2136\" data-end=\"2170\">\n<p class=\"\" data-start=\"2138\" data-end=\"2170\"><strong data-start=\"2138\" data-end=\"2155\">Steeping time<\/strong>: 3\u20135 minutes<\/p>\n<\/li>\n<li class=\"\" data-start=\"2171\" data-end=\"2234\">\n<p class=\"\" data-start=\"2173\" data-end=\"2186\"><strong data-start=\"2173\" data-end=\"2185\">Quantity<\/strong>:<\/p>\n<ul data-start=\"2189\" data-end=\"2234\">\n<li class=\"\" data-start=\"2189\" data-end=\"2209\">\n<p class=\"\" data-start=\"2191\" data-end=\"2209\">2.5 g per 200 ml<\/p>\n<\/li>\n<li class=\"\" data-start=\"2212\" data-end=\"2234\">\n<p class=\"\" data-start=\"2214\" data-end=\"2234\"><strong data-start=\"2214\" data-end=\"2232\">12 g per litre<\/strong><\/p>\n<\/li>\n<\/ul>\n<\/li>\n<li class=\"\" data-start=\"2235\" data-end=\"2315\">\n<p class=\"\" data-start=\"2237\" data-end=\"2315\"><strong data-start=\"2237\" data-end=\"2259\">Serving suggestion<\/strong>: Delicious plain or with milk for a rich breakfast brew<\/p>\n<\/li>\n<\/ul>\n","protected":false},"excerpt":{"rendered":"<p>Assam &amp; Ceylon black tea blend. 100 g pouch \u2013 bold, brisk and breakfast-ready.<\/p>\n","protected":false},"featured_media":13737,"template":"","meta":[],"product_brand":[],"product_cat":[143],"product_tag":[],"class_list":{"0":"post-13738","1":"product","2":"type-product","3":"status-publish","4":"has-post-thumbnail","6":"product_cat-tea","8":"first","9":"instock","10":"taxable","11":"shipping-taxable","12":"purchasable","13":"product-type-simple"},"yoast_head":"<!-- This site is optimized with the Yoast SEO plugin v25.7 - https:\/\/yoast.com\/wordpress\/plugins\/seo\/ -->\n<title>English Breakfast Broken - La P&#039;tite Cerise<\/title>\n<meta name=\"robots\" content=\"index, follow, max-snippet:-1, max-image-preview:large, max-video-preview:-1\" \/>\n<link rel=\"canonical\" href=\"https:\/\/la-ptite-cerise.be\/produit\/english-breakfast-broken\/\" \/>\n<meta property=\"og:locale\" content=\"en_US\" \/>\n<meta property=\"og:type\" content=\"article\" \/>\n<meta property=\"og:title\" content=\"English Breakfast Broken - La P&#039;tite Cerise\" \/>\n<meta property=\"og:description\" content=\"Assam &amp; Ceylon black tea blend. 100 g pouch \u2013 bold, brisk and breakfast-ready.\" \/>\n<meta property=\"og:url\" content=\"https:\/\/la-ptite-cerise.be\/produit\/english-breakfast-broken\/\" \/>\n<meta property=\"og:site_name\" content=\"La P&#039;tite Cerise\" \/>\n<meta property=\"article:publisher\" content=\"https:\/\/www.facebook.com\/laptitecerise\/\" \/>\n<meta property=\"og:image\" content=\"https:\/\/la-ptite-cerise.be\/wp-content\/uploads\/2020\/12\/82420_1.jpeg\" \/>\n\t<meta property=\"og:image:width\" content=\"500\" \/>\n\t<meta property=\"og:image:height\" content=\"500\" \/>\n\t<meta property=\"og:image:type\" content=\"image\/jpeg\" \/>\n<meta name=\"twitter:card\" content=\"summary_large_image\" \/>\n<meta name=\"twitter:label1\" content=\"Est. reading time\" \/>\n\t<meta name=\"twitter:data1\" content=\"1 minute\" \/>\n<script type=\"application\/ld+json\" class=\"yoast-schema-graph\">{\"@context\":\"https:\/\/schema.org\",\"@graph\":[{\"@type\":\"WebPage\",\"@id\":\"https:\/\/la-ptite-cerise.be\/produit\/english-breakfast-broken\/\",\"url\":\"https:\/\/la-ptite-cerise.be\/produit\/english-breakfast-broken\/\",\"name\":\"English Breakfast Broken - La P&#039;tite Cerise\",\"isPartOf\":{\"@id\":\"https:\/\/la-ptite-cerise.be\/#website\"},\"primaryImageOfPage\":{\"@id\":\"https:\/\/la-ptite-cerise.be\/produit\/english-breakfast-broken\/#primaryimage\"},\"image\":{\"@id\":\"https:\/\/la-ptite-cerise.be\/produit\/english-breakfast-broken\/#primaryimage\"},\"thumbnailUrl\":\"https:\/\/la-ptite-cerise.be\/wp-content\/uploads\/2020\/12\/82420_1.jpeg\",\"datePublished\":\"2020-12-08T18:41:54+00:00\",\"breadcrumb\":{\"@id\":\"https:\/\/la-ptite-cerise.be\/produit\/english-breakfast-broken\/#breadcrumb\"},\"inLanguage\":\"en-US\",\"potentialAction\":[{\"@type\":\"ReadAction\",\"target\":[\"https:\/\/la-ptite-cerise.be\/produit\/english-breakfast-broken\/\"]}]},{\"@type\":\"ImageObject\",\"inLanguage\":\"en-US\",\"@id\":\"https:\/\/la-ptite-cerise.be\/produit\/english-breakfast-broken\/#primaryimage\",\"url\":\"https:\/\/la-ptite-cerise.be\/wp-content\/uploads\/2020\/12\/82420_1.jpeg\",\"contentUrl\":\"https:\/\/la-ptite-cerise.be\/wp-content\/uploads\/2020\/12\/82420_1.jpeg\",\"width\":500,\"height\":500},{\"@type\":\"BreadcrumbList\",\"@id\":\"https:\/\/la-ptite-cerise.be\/produit\/english-breakfast-broken\/#breadcrumb\",\"itemListElement\":[{\"@type\":\"ListItem\",\"position\":1,\"name\":\"Accueil\",\"item\":\"https:\/\/la-ptite-cerise.be\/en\/\"},{\"@type\":\"ListItem\",\"position\":2,\"name\":\"Store\",\"item\":\"https:\/\/la-ptite-cerise.be\/boutique\/\"},{\"@type\":\"ListItem\",\"position\":3,\"name\":\"English Breakfast Broken\"}]},{\"@type\":\"WebSite\",\"@id\":\"https:\/\/la-ptite-cerise.be\/#website\",\"url\":\"https:\/\/la-ptite-cerise.be\/\",\"name\":\"La P'tite Cerise\",\"description\":\"Artisan torr\u00e9facteur de caf\u00e9 de sp\u00e9cialit\u00e9. S\u00e9lection de th\u00e9s &amp; tisanes.\",\"publisher\":{\"@id\":\"https:\/\/la-ptite-cerise.be\/#organization\"},\"potentialAction\":[{\"@type\":\"SearchAction\",\"target\":{\"@type\":\"EntryPoint\",\"urlTemplate\":\"https:\/\/la-ptite-cerise.be\/?s={search_term_string}\"},\"query-input\":{\"@type\":\"PropertyValueSpecification\",\"valueRequired\":true,\"valueName\":\"search_term_string\"}}],\"inLanguage\":\"en-US\"},{\"@type\":\"Organization\",\"@id\":\"https:\/\/la-ptite-cerise.be\/#organization\",\"name\":\"La P'tite Cerise\",\"url\":\"https:\/\/la-ptite-cerise.be\/\",\"logo\":{\"@type\":\"ImageObject\",\"inLanguage\":\"en-US\",\"@id\":\"https:\/\/la-ptite-cerise.be\/#\/schema\/logo\/image\/\",\"url\":\"https:\/\/la-ptite-cerise.be\/wp-content\/uploads\/2020\/10\/logo-header-01.jpg\",\"contentUrl\":\"https:\/\/la-ptite-cerise.be\/wp-content\/uploads\/2020\/10\/logo-header-01.jpg\",\"width\":176,\"height\":100,\"caption\":\"La P'tite Cerise\"},\"image\":{\"@id\":\"https:\/\/la-ptite-cerise.be\/#\/schema\/logo\/image\/\"},\"sameAs\":[\"https:\/\/www.facebook.com\/laptitecerise\/\",\"https:\/\/www.instagram.com\/la.ptite_cerise\/\"]}]}<\/script>\n<!-- \/ Yoast SEO plugin. -->","yoast_head_json":{"title":"English Breakfast Broken - La P&#039;tite Cerise","robots":{"index":"index","follow":"follow","max-snippet":"max-snippet:-1","max-image-preview":"max-image-preview:large","max-video-preview":"max-video-preview:-1"},"canonical":"https:\/\/la-ptite-cerise.be\/produit\/english-breakfast-broken\/","og_locale":"en_US","og_type":"article","og_title":"English Breakfast Broken - La P&#039;tite Cerise","og_description":"Assam &amp; Ceylon black tea blend. 100 g pouch \u2013 bold, brisk and breakfast-ready.","og_url":"https:\/\/la-ptite-cerise.be\/produit\/english-breakfast-broken\/","og_site_name":"La P&#039;tite Cerise","article_publisher":"https:\/\/www.facebook.com\/laptitecerise\/","og_image":[{"width":500,"height":500,"url":"https:\/\/la-ptite-cerise.be\/wp-content\/uploads\/2020\/12\/82420_1.jpeg","type":"image\/jpeg"}],"twitter_card":"summary_large_image","twitter_misc":{"Est. reading time":"1 minute"},"schema":{"@context":"https:\/\/schema.org","@graph":[{"@type":"WebPage","@id":"https:\/\/la-ptite-cerise.be\/produit\/english-breakfast-broken\/","url":"https:\/\/la-ptite-cerise.be\/produit\/english-breakfast-broken\/","name":"English Breakfast Broken - La P&#039;tite Cerise","isPartOf":{"@id":"https:\/\/la-ptite-cerise.be\/#website"},"primaryImageOfPage":{"@id":"https:\/\/la-ptite-cerise.be\/produit\/english-breakfast-broken\/#primaryimage"},"image":{"@id":"https:\/\/la-ptite-cerise.be\/produit\/english-breakfast-broken\/#primaryimage"},"thumbnailUrl":"https:\/\/la-ptite-cerise.be\/wp-content\/uploads\/2020\/12\/82420_1.jpeg","datePublished":"2020-12-08T18:41:54+00:00","breadcrumb":{"@id":"https:\/\/la-ptite-cerise.be\/produit\/english-breakfast-broken\/#breadcrumb"},"inLanguage":"en-US","potentialAction":[{"@type":"ReadAction","target":["https:\/\/la-ptite-cerise.be\/produit\/english-breakfast-broken\/"]}]},{"@type":"ImageObject","inLanguage":"en-US","@id":"https:\/\/la-ptite-cerise.be\/produit\/english-breakfast-broken\/#primaryimage","url":"https:\/\/la-ptite-cerise.be\/wp-content\/uploads\/2020\/12\/82420_1.jpeg","contentUrl":"https:\/\/la-ptite-cerise.be\/wp-content\/uploads\/2020\/12\/82420_1.jpeg","width":500,"height":500},{"@type":"BreadcrumbList","@id":"https:\/\/la-ptite-cerise.be\/produit\/english-breakfast-broken\/#breadcrumb","itemListElement":[{"@type":"ListItem","position":1,"name":"Accueil","item":"https:\/\/la-ptite-cerise.be\/en\/"},{"@type":"ListItem","position":2,"name":"Store","item":"https:\/\/la-ptite-cerise.be\/boutique\/"},{"@type":"ListItem","position":3,"name":"English Breakfast Broken"}]},{"@type":"WebSite","@id":"https:\/\/la-ptite-cerise.be\/#website","url":"https:\/\/la-ptite-cerise.be\/","name":"La P'tite Cerise","description":"Artisan torr\u00e9facteur de caf\u00e9 de sp\u00e9cialit\u00e9. S\u00e9lection de th\u00e9s &amp; tisanes.","publisher":{"@id":"https:\/\/la-ptite-cerise.be\/#organization"},"potentialAction":[{"@type":"SearchAction","target":{"@type":"EntryPoint","urlTemplate":"https:\/\/la-ptite-cerise.be\/?s={search_term_string}"},"query-input":{"@type":"PropertyValueSpecification","valueRequired":true,"valueName":"search_term_string"}}],"inLanguage":"en-US"},{"@type":"Organization","@id":"https:\/\/la-ptite-cerise.be\/#organization","name":"La P'tite Cerise","url":"https:\/\/la-ptite-cerise.be\/","logo":{"@type":"ImageObject","inLanguage":"en-US","@id":"https:\/\/la-ptite-cerise.be\/#\/schema\/logo\/image\/","url":"https:\/\/la-ptite-cerise.be\/wp-content\/uploads\/2020\/10\/logo-header-01.jpg","contentUrl":"https:\/\/la-ptite-cerise.be\/wp-content\/uploads\/2020\/10\/logo-header-01.jpg","width":176,"height":100,"caption":"La P'tite Cerise"},"image":{"@id":"https:\/\/la-ptite-cerise.be\/#\/schema\/logo\/image\/"},"sameAs":["https:\/\/www.facebook.com\/laptitecerise\/","https:\/\/www.instagram.com\/la.ptite_cerise\/"]}]}},"_links":{"self":[{"href":"https:\/\/la-ptite-cerise.be\/en\/wp-json\/wp\/v2\/product\/13738","targetHints":{"allow":["GET"]}}],"collection":[{"href":"https:\/\/la-ptite-cerise.be\/en\/wp-json\/wp\/v2\/product"}],"about":[{"href":"https:\/\/la-ptite-cerise.be\/en\/wp-json\/wp\/v2\/types\/product"}],"wp:featuredmedia":[{"embeddable":true,"href":"https:\/\/la-ptite-cerise.be\/en\/wp-json\/wp\/v2\/media\/13737"}],"wp:attachment":[{"href":"https:\/\/la-ptite-cerise.be\/en\/wp-json\/wp\/v2\/media?parent=13738"}],"wp:term":[{"taxonomy":"product_brand","embeddable":true,"href":"https:\/\/la-ptite-cerise.be\/en\/wp-json\/wp\/v2\/product_brand?post=13738"},{"taxonomy":"product_cat","embeddable":true,"href":"https:\/\/la-ptite-cerise.be\/en\/wp-json\/wp\/v2\/product_cat?post=13738"},{"taxonomy":"product_tag","embeddable":true,"href":"https:\/\/la-ptite-cerise.be\/en\/wp-json\/wp\/v2\/product_tag?post=13738"}],"curies":[{"name":"wp","href":"https:\/\/api.w.org\/{rel}","templated":true}]}}