{"id":13742,"date":"2020-12-08T19:39:10","date_gmt":"2020-12-08T18:39:10","guid":{"rendered":"https:\/\/la-ptite-cerise.be\/produit\/lady-violette\/"},"modified":"2020-12-08T19:39:10","modified_gmt":"2020-12-08T18:39:10","slug":"lady-violette","status":"publish","type":"product","link":"https:\/\/la-ptite-cerise.be\/en\/produit\/lady-violette\/","title":{"rendered":"Lady Violette"},"content":{"rendered":"<h3 class=\"\" data-start=\"1478\" data-end=\"1530\"><strong data-start=\"1487\" data-end=\"1514\">Black Tea \u2013 Lady Violet<\/strong> (100 g pouch)<\/h3>\n<p class=\"\" data-start=\"1531\" data-end=\"1604\"><strong data-start=\"1531\" data-end=\"1604\">A charming black tea with natural violet flavour and a floral finish.<\/strong><\/p>\n<p class=\"\" data-start=\"1606\" data-end=\"1845\">This graceful blend of Assam and South Indian black teas is delicately scented with natural violet flavour and accented with pretty mauve petals. It\u2019s a floral twist on a classic black tea, ideal for quiet afternoons or elegant tea breaks.<\/p>\n<p class=\"\" data-start=\"1847\" data-end=\"1892\">\ud83d\udcac <em data-start=\"1850\" data-end=\"1892\">Soft, aromatic and beautifully balanced.<\/em><\/p>\n<hr class=\"\" data-start=\"1894\" data-end=\"1897\" \/>\n<h3 class=\"\" data-start=\"1899\" data-end=\"1919\">\u2705 <strong data-start=\"1905\" data-end=\"1919\">Highlights<\/strong><\/h3>\n<ul data-start=\"1920\" data-end=\"2053\">\n<li class=\"\" data-start=\"1920\" data-end=\"1969\">\n<p class=\"\" data-start=\"1922\" data-end=\"1969\">Premium black tea with natural violet flavour<\/p>\n<\/li>\n<li class=\"\" data-start=\"1970\" data-end=\"2011\">\n<p class=\"\" data-start=\"1972\" data-end=\"2011\">Elegant floral notes and mauve petals<\/p>\n<\/li>\n<li class=\"\" data-start=\"2012\" data-end=\"2053\">\n<p class=\"\" data-start=\"2014\" data-end=\"2053\">Lovely plain or with a splash of milk<\/p>\n<\/li>\n<\/ul>\n<hr class=\"\" data-start=\"2055\" data-end=\"2058\" \/>\n<h3 class=\"\" data-start=\"2060\" data-end=\"2084\">\ud83e\uddfe <strong data-start=\"2067\" data-end=\"2082\">Ingredients<\/strong><\/h3>\n<p class=\"\" data-start=\"2085\" data-end=\"2216\">Assam black tea, South Indian black tea, natural violet flavour, mauve petals<br data-start=\"2162\" data-end=\"2165\" \/><strong data-start=\"2165\" data-end=\"2178\">Allergens<\/strong>: May contain traces of milk and nuts.<\/p>\n<hr class=\"\" data-start=\"2218\" data-end=\"2221\" \/>\n<h3 class=\"\" data-start=\"2223\" data-end=\"2247\">\ud83c\udf7d\ufe0f <strong data-start=\"2231\" data-end=\"2247\">Brewing tips<\/strong><\/h3>\n<ul data-start=\"2248\" data-end=\"2458\">\n<li class=\"\" data-start=\"2248\" data-end=\"2281\">\n<p class=\"\" data-start=\"2250\" data-end=\"2281\"><strong data-start=\"2250\" data-end=\"2271\">Water temperature<\/strong>: 100\u202f\u00b0C<\/p>\n<\/li>\n<li class=\"\" data-start=\"2282\" data-end=\"2316\">\n<p class=\"\" data-start=\"2284\" data-end=\"2316\"><strong data-start=\"2284\" data-end=\"2301\">Steeping time<\/strong>: 3\u20135 minutes<\/p>\n<\/li>\n<li class=\"\" data-start=\"2317\" data-end=\"2382\">\n<p class=\"\" data-start=\"2319\" data-end=\"2332\"><strong data-start=\"2319\" data-end=\"2331\">Quantity<\/strong>:<\/p>\n<ul data-start=\"2335\" data-end=\"2382\">\n<li class=\"\" data-start=\"2335\" data-end=\"2357\">\n<p class=\"\" data-start=\"2337\" data-end=\"2357\">2.5\u20133 g per 200 ml<\/p>\n<\/li>\n<li class=\"\" data-start=\"2360\" data-end=\"2382\">\n<p class=\"\" data-start=\"2362\" data-end=\"2382\"><strong data-start=\"2362\" data-end=\"2380\">13 g per litre<\/strong><\/p>\n<\/li>\n<\/ul>\n<\/li>\n<li class=\"\" data-start=\"2383\" data-end=\"2458\">\n<p class=\"\" data-start=\"2385\" data-end=\"2458\"><strong data-start=\"2385\" data-end=\"2407\">Serving suggestion<\/strong>: Enjoy hot with or without milk \u2013 a floral delight<\/p>\n<\/li>\n<\/ul>\n","protected":false},"excerpt":{"rendered":"<p>Black tea with violet &amp; mauve. 100 g pouch \u2013 floral, refined and aromatic.<\/p>\n","protected":false},"featured_media":13740,"template":"","meta":[],"product_brand":[],"product_cat":[143],"product_tag":[],"class_list":{"0":"post-13742","1":"product","2":"type-product","3":"status-publish","4":"has-post-thumbnail","6":"product_cat-tea","8":"first","9":"instock","10":"taxable","11":"shipping-taxable","12":"purchasable","13":"product-type-simple"},"yoast_head":"<!-- This site is optimized with the Yoast SEO plugin v25.7 - https:\/\/yoast.com\/wordpress\/plugins\/seo\/ -->\n<title>Lady Violette - La P&#039;tite Cerise<\/title>\n<meta name=\"robots\" content=\"index, follow, max-snippet:-1, max-image-preview:large, max-video-preview:-1\" \/>\n<link rel=\"canonical\" href=\"https:\/\/la-ptite-cerise.be\/produit\/lady-violette\/\" \/>\n<meta property=\"og:locale\" content=\"en_US\" \/>\n<meta property=\"og:type\" content=\"article\" \/>\n<meta property=\"og:title\" content=\"Lady Violette - La P&#039;tite Cerise\" \/>\n<meta property=\"og:description\" content=\"Black tea with violet &amp; mauve. 100 g pouch \u2013 floral, refined and aromatic.\" \/>\n<meta property=\"og:url\" content=\"https:\/\/la-ptite-cerise.be\/produit\/lady-violette\/\" \/>\n<meta property=\"og:site_name\" content=\"La P&#039;tite Cerise\" \/>\n<meta property=\"article:publisher\" content=\"https:\/\/www.facebook.com\/laptitecerise\/\" \/>\n<meta property=\"og:image\" content=\"https:\/\/la-ptite-cerise.be\/wp-content\/uploads\/2020\/12\/83432_1.jpeg\" \/>\n\t<meta property=\"og:image:width\" content=\"500\" \/>\n\t<meta property=\"og:image:height\" content=\"500\" \/>\n\t<meta property=\"og:image:type\" content=\"image\/jpeg\" \/>\n<meta name=\"twitter:card\" content=\"summary_large_image\" \/>\n<meta name=\"twitter:label1\" content=\"Est. reading time\" \/>\n\t<meta name=\"twitter:data1\" content=\"1 minute\" \/>\n<script type=\"application\/ld+json\" class=\"yoast-schema-graph\">{\"@context\":\"https:\/\/schema.org\",\"@graph\":[{\"@type\":\"WebPage\",\"@id\":\"https:\/\/la-ptite-cerise.be\/produit\/lady-violette\/\",\"url\":\"https:\/\/la-ptite-cerise.be\/produit\/lady-violette\/\",\"name\":\"Lady Violette - La P&#039;tite Cerise\",\"isPartOf\":{\"@id\":\"https:\/\/la-ptite-cerise.be\/#website\"},\"primaryImageOfPage\":{\"@id\":\"https:\/\/la-ptite-cerise.be\/produit\/lady-violette\/#primaryimage\"},\"image\":{\"@id\":\"https:\/\/la-ptite-cerise.be\/produit\/lady-violette\/#primaryimage\"},\"thumbnailUrl\":\"https:\/\/la-ptite-cerise.be\/wp-content\/uploads\/2020\/12\/83432_1.jpeg\",\"datePublished\":\"2020-12-08T18:39:10+00:00\",\"breadcrumb\":{\"@id\":\"https:\/\/la-ptite-cerise.be\/produit\/lady-violette\/#breadcrumb\"},\"inLanguage\":\"en-US\",\"potentialAction\":[{\"@type\":\"ReadAction\",\"target\":[\"https:\/\/la-ptite-cerise.be\/produit\/lady-violette\/\"]}]},{\"@type\":\"ImageObject\",\"inLanguage\":\"en-US\",\"@id\":\"https:\/\/la-ptite-cerise.be\/produit\/lady-violette\/#primaryimage\",\"url\":\"https:\/\/la-ptite-cerise.be\/wp-content\/uploads\/2020\/12\/83432_1.jpeg\",\"contentUrl\":\"https:\/\/la-ptite-cerise.be\/wp-content\/uploads\/2020\/12\/83432_1.jpeg\",\"width\":500,\"height\":500},{\"@type\":\"BreadcrumbList\",\"@id\":\"https:\/\/la-ptite-cerise.be\/produit\/lady-violette\/#breadcrumb\",\"itemListElement\":[{\"@type\":\"ListItem\",\"position\":1,\"name\":\"Accueil\",\"item\":\"https:\/\/la-ptite-cerise.be\/en\/\"},{\"@type\":\"ListItem\",\"position\":2,\"name\":\"Store\",\"item\":\"https:\/\/la-ptite-cerise.be\/boutique\/\"},{\"@type\":\"ListItem\",\"position\":3,\"name\":\"Lady Violette\"}]},{\"@type\":\"WebSite\",\"@id\":\"https:\/\/la-ptite-cerise.be\/#website\",\"url\":\"https:\/\/la-ptite-cerise.be\/\",\"name\":\"La P'tite Cerise\",\"description\":\"Artisan torr\u00e9facteur de caf\u00e9 de sp\u00e9cialit\u00e9. S\u00e9lection de th\u00e9s &amp; tisanes.\",\"publisher\":{\"@id\":\"https:\/\/la-ptite-cerise.be\/#organization\"},\"potentialAction\":[{\"@type\":\"SearchAction\",\"target\":{\"@type\":\"EntryPoint\",\"urlTemplate\":\"https:\/\/la-ptite-cerise.be\/?s={search_term_string}\"},\"query-input\":{\"@type\":\"PropertyValueSpecification\",\"valueRequired\":true,\"valueName\":\"search_term_string\"}}],\"inLanguage\":\"en-US\"},{\"@type\":\"Organization\",\"@id\":\"https:\/\/la-ptite-cerise.be\/#organization\",\"name\":\"La P'tite Cerise\",\"url\":\"https:\/\/la-ptite-cerise.be\/\",\"logo\":{\"@type\":\"ImageObject\",\"inLanguage\":\"en-US\",\"@id\":\"https:\/\/la-ptite-cerise.be\/#\/schema\/logo\/image\/\",\"url\":\"https:\/\/la-ptite-cerise.be\/wp-content\/uploads\/2020\/10\/logo-header-01.jpg\",\"contentUrl\":\"https:\/\/la-ptite-cerise.be\/wp-content\/uploads\/2020\/10\/logo-header-01.jpg\",\"width\":176,\"height\":100,\"caption\":\"La P'tite Cerise\"},\"image\":{\"@id\":\"https:\/\/la-ptite-cerise.be\/#\/schema\/logo\/image\/\"},\"sameAs\":[\"https:\/\/www.facebook.com\/laptitecerise\/\",\"https:\/\/www.instagram.com\/la.ptite_cerise\/\"]}]}<\/script>\n<!-- \/ Yoast SEO plugin. -->","yoast_head_json":{"title":"Lady Violette - La P&#039;tite Cerise","robots":{"index":"index","follow":"follow","max-snippet":"max-snippet:-1","max-image-preview":"max-image-preview:large","max-video-preview":"max-video-preview:-1"},"canonical":"https:\/\/la-ptite-cerise.be\/produit\/lady-violette\/","og_locale":"en_US","og_type":"article","og_title":"Lady Violette - La P&#039;tite Cerise","og_description":"Black tea with violet &amp; mauve. 100 g pouch \u2013 floral, refined and aromatic.","og_url":"https:\/\/la-ptite-cerise.be\/produit\/lady-violette\/","og_site_name":"La P&#039;tite Cerise","article_publisher":"https:\/\/www.facebook.com\/laptitecerise\/","og_image":[{"width":500,"height":500,"url":"https:\/\/la-ptite-cerise.be\/wp-content\/uploads\/2020\/12\/83432_1.jpeg","type":"image\/jpeg"}],"twitter_card":"summary_large_image","twitter_misc":{"Est. reading time":"1 minute"},"schema":{"@context":"https:\/\/schema.org","@graph":[{"@type":"WebPage","@id":"https:\/\/la-ptite-cerise.be\/produit\/lady-violette\/","url":"https:\/\/la-ptite-cerise.be\/produit\/lady-violette\/","name":"Lady Violette - La P&#039;tite Cerise","isPartOf":{"@id":"https:\/\/la-ptite-cerise.be\/#website"},"primaryImageOfPage":{"@id":"https:\/\/la-ptite-cerise.be\/produit\/lady-violette\/#primaryimage"},"image":{"@id":"https:\/\/la-ptite-cerise.be\/produit\/lady-violette\/#primaryimage"},"thumbnailUrl":"https:\/\/la-ptite-cerise.be\/wp-content\/uploads\/2020\/12\/83432_1.jpeg","datePublished":"2020-12-08T18:39:10+00:00","breadcrumb":{"@id":"https:\/\/la-ptite-cerise.be\/produit\/lady-violette\/#breadcrumb"},"inLanguage":"en-US","potentialAction":[{"@type":"ReadAction","target":["https:\/\/la-ptite-cerise.be\/produit\/lady-violette\/"]}]},{"@type":"ImageObject","inLanguage":"en-US","@id":"https:\/\/la-ptite-cerise.be\/produit\/lady-violette\/#primaryimage","url":"https:\/\/la-ptite-cerise.be\/wp-content\/uploads\/2020\/12\/83432_1.jpeg","contentUrl":"https:\/\/la-ptite-cerise.be\/wp-content\/uploads\/2020\/12\/83432_1.jpeg","width":500,"height":500},{"@type":"BreadcrumbList","@id":"https:\/\/la-ptite-cerise.be\/produit\/lady-violette\/#breadcrumb","itemListElement":[{"@type":"ListItem","position":1,"name":"Accueil","item":"https:\/\/la-ptite-cerise.be\/en\/"},{"@type":"ListItem","position":2,"name":"Store","item":"https:\/\/la-ptite-cerise.be\/boutique\/"},{"@type":"ListItem","position":3,"name":"Lady Violette"}]},{"@type":"WebSite","@id":"https:\/\/la-ptite-cerise.be\/#website","url":"https:\/\/la-ptite-cerise.be\/","name":"La P'tite Cerise","description":"Artisan torr\u00e9facteur de caf\u00e9 de sp\u00e9cialit\u00e9. S\u00e9lection de th\u00e9s &amp; tisanes.","publisher":{"@id":"https:\/\/la-ptite-cerise.be\/#organization"},"potentialAction":[{"@type":"SearchAction","target":{"@type":"EntryPoint","urlTemplate":"https:\/\/la-ptite-cerise.be\/?s={search_term_string}"},"query-input":{"@type":"PropertyValueSpecification","valueRequired":true,"valueName":"search_term_string"}}],"inLanguage":"en-US"},{"@type":"Organization","@id":"https:\/\/la-ptite-cerise.be\/#organization","name":"La P'tite Cerise","url":"https:\/\/la-ptite-cerise.be\/","logo":{"@type":"ImageObject","inLanguage":"en-US","@id":"https:\/\/la-ptite-cerise.be\/#\/schema\/logo\/image\/","url":"https:\/\/la-ptite-cerise.be\/wp-content\/uploads\/2020\/10\/logo-header-01.jpg","contentUrl":"https:\/\/la-ptite-cerise.be\/wp-content\/uploads\/2020\/10\/logo-header-01.jpg","width":176,"height":100,"caption":"La P'tite Cerise"},"image":{"@id":"https:\/\/la-ptite-cerise.be\/#\/schema\/logo\/image\/"},"sameAs":["https:\/\/www.facebook.com\/laptitecerise\/","https:\/\/www.instagram.com\/la.ptite_cerise\/"]}]}},"_links":{"self":[{"href":"https:\/\/la-ptite-cerise.be\/en\/wp-json\/wp\/v2\/product\/13742","targetHints":{"allow":["GET"]}}],"collection":[{"href":"https:\/\/la-ptite-cerise.be\/en\/wp-json\/wp\/v2\/product"}],"about":[{"href":"https:\/\/la-ptite-cerise.be\/en\/wp-json\/wp\/v2\/types\/product"}],"wp:featuredmedia":[{"embeddable":true,"href":"https:\/\/la-ptite-cerise.be\/en\/wp-json\/wp\/v2\/media\/13740"}],"wp:attachment":[{"href":"https:\/\/la-ptite-cerise.be\/en\/wp-json\/wp\/v2\/media?parent=13742"}],"wp:term":[{"taxonomy":"product_brand","embeddable":true,"href":"https:\/\/la-ptite-cerise.be\/en\/wp-json\/wp\/v2\/product_brand?post=13742"},{"taxonomy":"product_cat","embeddable":true,"href":"https:\/\/la-ptite-cerise.be\/en\/wp-json\/wp\/v2\/product_cat?post=13742"},{"taxonomy":"product_tag","embeddable":true,"href":"https:\/\/la-ptite-cerise.be\/en\/wp-json\/wp\/v2\/product_tag?post=13742"}],"curies":[{"name":"wp","href":"https:\/\/api.w.org\/{rel}","templated":true}]}}