{"id":13749,"date":"2020-12-08T18:02:13","date_gmt":"2020-12-08T17:02:13","guid":{"rendered":"https:\/\/la-ptite-cerise.be\/produit\/the-blanc-exotique\/"},"modified":"2020-12-08T18:02:13","modified_gmt":"2020-12-08T17:02:13","slug":"the-blanc-exotique","status":"publish","type":"product","link":"https:\/\/la-ptite-cerise.be\/en\/produit\/the-blanc-exotique\/","title":{"rendered":"Th\u00e9 blanc exotique"},"content":{"rendered":"<h3 class=\"\" data-start=\"1709\" data-end=\"1756\"><strong data-start=\"1718\" data-end=\"1740\">Tea Blend \u2013 Exotic<\/strong> (100 g pouch)<\/h3>\n<p class=\"\" data-start=\"1757\" data-end=\"1819\"><strong data-start=\"1757\" data-end=\"1819\">A tropical fruit blend on a soft green and white tea base.<\/strong><\/p>\n<p class=\"\" data-start=\"1821\" data-end=\"2040\">This vibrant blend combines China Sencha green tea and Pai Mu Tan white tea with dried mango, papaya, pineapple and apricot. Natural flavourings and citrus peels bring a bright, juicy finish for a perfect fruity escape.<\/p>\n<p class=\"\" data-start=\"2042\" data-end=\"2085\">\ud83d\udcac <em data-start=\"2045\" data-end=\"2085\">A fresh, exotic delight \u2013 hot or iced.<\/em><\/p>\n<hr class=\"\" data-start=\"2087\" data-end=\"2090\" \/>\n<h3 class=\"\" data-start=\"2092\" data-end=\"2112\">\u2705 <strong data-start=\"2098\" data-end=\"2112\">Highlights<\/strong><\/h3>\n<ul data-start=\"2113\" data-end=\"2249\">\n<li class=\"\" data-start=\"2113\" data-end=\"2172\">\n<p class=\"\" data-start=\"2115\" data-end=\"2172\">Green and white tea base with natural tropical flavours<\/p>\n<\/li>\n<li class=\"\" data-start=\"2173\" data-end=\"2223\">\n<p class=\"\" data-start=\"2175\" data-end=\"2223\">Notes of mango, passion fruit, orange and lime<\/p>\n<\/li>\n<li class=\"\" data-start=\"2224\" data-end=\"2249\">\n<p class=\"\" data-start=\"2226\" data-end=\"2249\">Excellent hot or iced<\/p>\n<\/li>\n<\/ul>\n<hr class=\"\" data-start=\"2251\" data-end=\"2254\" \/>\n<h3 class=\"\" data-start=\"2256\" data-end=\"2280\">\ud83e\uddfe <strong data-start=\"2263\" data-end=\"2278\">Ingredients<\/strong><\/h3>\n<p class=\"\" data-start=\"2281\" data-end=\"2549\">China Sencha green tea, Pai Mu Tan white tea, orange peel, mango pieces, papaya, natural orange flavour, natural passion fruit flavour, natural mango flavour, pineapple, apricot, marigold petals, lime essential oil<br data-start=\"2495\" data-end=\"2498\" \/><strong data-start=\"2498\" data-end=\"2511\">Allergens<\/strong>: May contain traces of milk and nuts.<\/p>\n<hr class=\"\" data-start=\"2551\" data-end=\"2554\" \/>\n<h3 class=\"\" data-start=\"2556\" data-end=\"2580\">\ud83c\udf7d\ufe0f <strong data-start=\"2564\" data-end=\"2580\">Brewing tips<\/strong><\/h3>\n<ul data-start=\"2581\" data-end=\"2796\">\n<li class=\"\" data-start=\"2581\" data-end=\"2616\">\n<p class=\"\" data-start=\"2583\" data-end=\"2616\"><strong data-start=\"2583\" data-end=\"2604\">Water temperature<\/strong>: 70\u201380\u202f\u00b0C<\/p>\n<\/li>\n<li class=\"\" data-start=\"2617\" data-end=\"2651\">\n<p class=\"\" data-start=\"2619\" data-end=\"2651\"><strong data-start=\"2619\" data-end=\"2636\">Steeping time<\/strong>: 2\u20133 minutes<\/p>\n<\/li>\n<li class=\"\" data-start=\"2652\" data-end=\"2716\">\n<p class=\"\" data-start=\"2654\" data-end=\"2667\"><strong data-start=\"2654\" data-end=\"2666\">Quantity<\/strong>:<\/p>\n<ul data-start=\"2670\" data-end=\"2716\">\n<li class=\"\" data-start=\"2670\" data-end=\"2688\">\n<p class=\"\" data-start=\"2672\" data-end=\"2688\">3 g per 200 ml<\/p>\n<\/li>\n<li class=\"\" data-start=\"2691\" data-end=\"2716\">\n<p class=\"\" data-start=\"2693\" data-end=\"2716\"><strong data-start=\"2693\" data-end=\"2714\">12\u201315 g per litre<\/strong><\/p>\n<\/li>\n<\/ul>\n<\/li>\n<li class=\"\" data-start=\"2717\" data-end=\"2796\">\n<p class=\"\" data-start=\"2719\" data-end=\"2796\"><strong data-start=\"2719\" data-end=\"2741\">Serving suggestion<\/strong>: Best enjoyed iced or warm with tropical fruit garnish<\/p>\n<\/li>\n<\/ul>\n","protected":false},"excerpt":{"rendered":"<p>Green &amp; white tea with tropical fruits. 100 g pouch \u2013 mango, passion fruit &amp; citrus.<\/p>\n","protected":false},"featured_media":13747,"template":"","meta":[],"product_brand":[],"product_cat":[143],"product_tag":[],"class_list":{"0":"post-13749","1":"product","2":"type-product","3":"status-publish","4":"has-post-thumbnail","6":"product_cat-tea","8":"first","9":"instock","10":"taxable","11":"shipping-taxable","12":"purchasable","13":"product-type-simple"},"yoast_head":"<!-- This site is optimized with the Yoast SEO plugin v25.7 - https:\/\/yoast.com\/wordpress\/plugins\/seo\/ -->\n<title>Th\u00e9 blanc exotique - La P&#039;tite Cerise<\/title>\n<meta name=\"robots\" content=\"index, follow, max-snippet:-1, max-image-preview:large, max-video-preview:-1\" \/>\n<link rel=\"canonical\" href=\"https:\/\/la-ptite-cerise.be\/produit\/the-blanc-exotique\/\" \/>\n<meta property=\"og:locale\" content=\"en_US\" \/>\n<meta property=\"og:type\" content=\"article\" \/>\n<meta property=\"og:title\" content=\"Th\u00e9 blanc exotique - La P&#039;tite Cerise\" \/>\n<meta property=\"og:description\" content=\"Green &amp; white tea with tropical fruits. 100 g pouch \u2013 mango, passion fruit &amp; citrus.\" \/>\n<meta property=\"og:url\" content=\"https:\/\/la-ptite-cerise.be\/produit\/the-blanc-exotique\/\" \/>\n<meta property=\"og:site_name\" content=\"La P&#039;tite Cerise\" \/>\n<meta property=\"article:publisher\" content=\"https:\/\/www.facebook.com\/laptitecerise\/\" \/>\n<meta property=\"og:image\" content=\"https:\/\/la-ptite-cerise.be\/wp-content\/uploads\/2020\/12\/81136_1.jpeg\" \/>\n\t<meta property=\"og:image:width\" content=\"500\" \/>\n\t<meta property=\"og:image:height\" content=\"500\" \/>\n\t<meta property=\"og:image:type\" content=\"image\/jpeg\" \/>\n<meta name=\"twitter:card\" content=\"summary_large_image\" \/>\n<meta name=\"twitter:label1\" content=\"Est. reading time\" \/>\n\t<meta name=\"twitter:data1\" content=\"1 minute\" \/>\n<script type=\"application\/ld+json\" class=\"yoast-schema-graph\">{\"@context\":\"https:\/\/schema.org\",\"@graph\":[{\"@type\":\"WebPage\",\"@id\":\"https:\/\/la-ptite-cerise.be\/produit\/the-blanc-exotique\/\",\"url\":\"https:\/\/la-ptite-cerise.be\/produit\/the-blanc-exotique\/\",\"name\":\"Th\u00e9 blanc exotique - La P&#039;tite Cerise\",\"isPartOf\":{\"@id\":\"https:\/\/la-ptite-cerise.be\/#website\"},\"primaryImageOfPage\":{\"@id\":\"https:\/\/la-ptite-cerise.be\/produit\/the-blanc-exotique\/#primaryimage\"},\"image\":{\"@id\":\"https:\/\/la-ptite-cerise.be\/produit\/the-blanc-exotique\/#primaryimage\"},\"thumbnailUrl\":\"https:\/\/la-ptite-cerise.be\/wp-content\/uploads\/2020\/12\/81136_1.jpeg\",\"datePublished\":\"2020-12-08T17:02:13+00:00\",\"breadcrumb\":{\"@id\":\"https:\/\/la-ptite-cerise.be\/produit\/the-blanc-exotique\/#breadcrumb\"},\"inLanguage\":\"en-US\",\"potentialAction\":[{\"@type\":\"ReadAction\",\"target\":[\"https:\/\/la-ptite-cerise.be\/produit\/the-blanc-exotique\/\"]}]},{\"@type\":\"ImageObject\",\"inLanguage\":\"en-US\",\"@id\":\"https:\/\/la-ptite-cerise.be\/produit\/the-blanc-exotique\/#primaryimage\",\"url\":\"https:\/\/la-ptite-cerise.be\/wp-content\/uploads\/2020\/12\/81136_1.jpeg\",\"contentUrl\":\"https:\/\/la-ptite-cerise.be\/wp-content\/uploads\/2020\/12\/81136_1.jpeg\",\"width\":500,\"height\":500},{\"@type\":\"BreadcrumbList\",\"@id\":\"https:\/\/la-ptite-cerise.be\/produit\/the-blanc-exotique\/#breadcrumb\",\"itemListElement\":[{\"@type\":\"ListItem\",\"position\":1,\"name\":\"Accueil\",\"item\":\"https:\/\/la-ptite-cerise.be\/en\/\"},{\"@type\":\"ListItem\",\"position\":2,\"name\":\"Store\",\"item\":\"https:\/\/la-ptite-cerise.be\/boutique\/\"},{\"@type\":\"ListItem\",\"position\":3,\"name\":\"Th\u00e9 blanc exotique\"}]},{\"@type\":\"WebSite\",\"@id\":\"https:\/\/la-ptite-cerise.be\/#website\",\"url\":\"https:\/\/la-ptite-cerise.be\/\",\"name\":\"La P'tite Cerise\",\"description\":\"Artisan torr\u00e9facteur de caf\u00e9 de sp\u00e9cialit\u00e9. S\u00e9lection de th\u00e9s &amp; tisanes.\",\"publisher\":{\"@id\":\"https:\/\/la-ptite-cerise.be\/#organization\"},\"potentialAction\":[{\"@type\":\"SearchAction\",\"target\":{\"@type\":\"EntryPoint\",\"urlTemplate\":\"https:\/\/la-ptite-cerise.be\/?s={search_term_string}\"},\"query-input\":{\"@type\":\"PropertyValueSpecification\",\"valueRequired\":true,\"valueName\":\"search_term_string\"}}],\"inLanguage\":\"en-US\"},{\"@type\":\"Organization\",\"@id\":\"https:\/\/la-ptite-cerise.be\/#organization\",\"name\":\"La P'tite Cerise\",\"url\":\"https:\/\/la-ptite-cerise.be\/\",\"logo\":{\"@type\":\"ImageObject\",\"inLanguage\":\"en-US\",\"@id\":\"https:\/\/la-ptite-cerise.be\/#\/schema\/logo\/image\/\",\"url\":\"https:\/\/la-ptite-cerise.be\/wp-content\/uploads\/2020\/10\/logo-header-01.jpg\",\"contentUrl\":\"https:\/\/la-ptite-cerise.be\/wp-content\/uploads\/2020\/10\/logo-header-01.jpg\",\"width\":176,\"height\":100,\"caption\":\"La P'tite Cerise\"},\"image\":{\"@id\":\"https:\/\/la-ptite-cerise.be\/#\/schema\/logo\/image\/\"},\"sameAs\":[\"https:\/\/www.facebook.com\/laptitecerise\/\",\"https:\/\/www.instagram.com\/la.ptite_cerise\/\"]}]}<\/script>\n<!-- \/ Yoast SEO plugin. -->","yoast_head_json":{"title":"Th\u00e9 blanc exotique - La P&#039;tite Cerise","robots":{"index":"index","follow":"follow","max-snippet":"max-snippet:-1","max-image-preview":"max-image-preview:large","max-video-preview":"max-video-preview:-1"},"canonical":"https:\/\/la-ptite-cerise.be\/produit\/the-blanc-exotique\/","og_locale":"en_US","og_type":"article","og_title":"Th\u00e9 blanc exotique - La P&#039;tite Cerise","og_description":"Green &amp; white tea with tropical fruits. 100 g pouch \u2013 mango, passion fruit &amp; citrus.","og_url":"https:\/\/la-ptite-cerise.be\/produit\/the-blanc-exotique\/","og_site_name":"La P&#039;tite Cerise","article_publisher":"https:\/\/www.facebook.com\/laptitecerise\/","og_image":[{"width":500,"height":500,"url":"https:\/\/la-ptite-cerise.be\/wp-content\/uploads\/2020\/12\/81136_1.jpeg","type":"image\/jpeg"}],"twitter_card":"summary_large_image","twitter_misc":{"Est. reading time":"1 minute"},"schema":{"@context":"https:\/\/schema.org","@graph":[{"@type":"WebPage","@id":"https:\/\/la-ptite-cerise.be\/produit\/the-blanc-exotique\/","url":"https:\/\/la-ptite-cerise.be\/produit\/the-blanc-exotique\/","name":"Th\u00e9 blanc exotique - La P&#039;tite Cerise","isPartOf":{"@id":"https:\/\/la-ptite-cerise.be\/#website"},"primaryImageOfPage":{"@id":"https:\/\/la-ptite-cerise.be\/produit\/the-blanc-exotique\/#primaryimage"},"image":{"@id":"https:\/\/la-ptite-cerise.be\/produit\/the-blanc-exotique\/#primaryimage"},"thumbnailUrl":"https:\/\/la-ptite-cerise.be\/wp-content\/uploads\/2020\/12\/81136_1.jpeg","datePublished":"2020-12-08T17:02:13+00:00","breadcrumb":{"@id":"https:\/\/la-ptite-cerise.be\/produit\/the-blanc-exotique\/#breadcrumb"},"inLanguage":"en-US","potentialAction":[{"@type":"ReadAction","target":["https:\/\/la-ptite-cerise.be\/produit\/the-blanc-exotique\/"]}]},{"@type":"ImageObject","inLanguage":"en-US","@id":"https:\/\/la-ptite-cerise.be\/produit\/the-blanc-exotique\/#primaryimage","url":"https:\/\/la-ptite-cerise.be\/wp-content\/uploads\/2020\/12\/81136_1.jpeg","contentUrl":"https:\/\/la-ptite-cerise.be\/wp-content\/uploads\/2020\/12\/81136_1.jpeg","width":500,"height":500},{"@type":"BreadcrumbList","@id":"https:\/\/la-ptite-cerise.be\/produit\/the-blanc-exotique\/#breadcrumb","itemListElement":[{"@type":"ListItem","position":1,"name":"Accueil","item":"https:\/\/la-ptite-cerise.be\/en\/"},{"@type":"ListItem","position":2,"name":"Store","item":"https:\/\/la-ptite-cerise.be\/boutique\/"},{"@type":"ListItem","position":3,"name":"Th\u00e9 blanc exotique"}]},{"@type":"WebSite","@id":"https:\/\/la-ptite-cerise.be\/#website","url":"https:\/\/la-ptite-cerise.be\/","name":"La P'tite Cerise","description":"Artisan torr\u00e9facteur de caf\u00e9 de sp\u00e9cialit\u00e9. S\u00e9lection de th\u00e9s &amp; tisanes.","publisher":{"@id":"https:\/\/la-ptite-cerise.be\/#organization"},"potentialAction":[{"@type":"SearchAction","target":{"@type":"EntryPoint","urlTemplate":"https:\/\/la-ptite-cerise.be\/?s={search_term_string}"},"query-input":{"@type":"PropertyValueSpecification","valueRequired":true,"valueName":"search_term_string"}}],"inLanguage":"en-US"},{"@type":"Organization","@id":"https:\/\/la-ptite-cerise.be\/#organization","name":"La P'tite Cerise","url":"https:\/\/la-ptite-cerise.be\/","logo":{"@type":"ImageObject","inLanguage":"en-US","@id":"https:\/\/la-ptite-cerise.be\/#\/schema\/logo\/image\/","url":"https:\/\/la-ptite-cerise.be\/wp-content\/uploads\/2020\/10\/logo-header-01.jpg","contentUrl":"https:\/\/la-ptite-cerise.be\/wp-content\/uploads\/2020\/10\/logo-header-01.jpg","width":176,"height":100,"caption":"La P'tite Cerise"},"image":{"@id":"https:\/\/la-ptite-cerise.be\/#\/schema\/logo\/image\/"},"sameAs":["https:\/\/www.facebook.com\/laptitecerise\/","https:\/\/www.instagram.com\/la.ptite_cerise\/"]}]}},"_links":{"self":[{"href":"https:\/\/la-ptite-cerise.be\/en\/wp-json\/wp\/v2\/product\/13749","targetHints":{"allow":["GET"]}}],"collection":[{"href":"https:\/\/la-ptite-cerise.be\/en\/wp-json\/wp\/v2\/product"}],"about":[{"href":"https:\/\/la-ptite-cerise.be\/en\/wp-json\/wp\/v2\/types\/product"}],"wp:featuredmedia":[{"embeddable":true,"href":"https:\/\/la-ptite-cerise.be\/en\/wp-json\/wp\/v2\/media\/13747"}],"wp:attachment":[{"href":"https:\/\/la-ptite-cerise.be\/en\/wp-json\/wp\/v2\/media?parent=13749"}],"wp:term":[{"taxonomy":"product_brand","embeddable":true,"href":"https:\/\/la-ptite-cerise.be\/en\/wp-json\/wp\/v2\/product_brand?post=13749"},{"taxonomy":"product_cat","embeddable":true,"href":"https:\/\/la-ptite-cerise.be\/en\/wp-json\/wp\/v2\/product_cat?post=13749"},{"taxonomy":"product_tag","embeddable":true,"href":"https:\/\/la-ptite-cerise.be\/en\/wp-json\/wp\/v2\/product_tag?post=13749"}],"curies":[{"name":"wp","href":"https:\/\/api.w.org\/{rel}","templated":true}]}}