{"id":13758,"date":"2020-12-08T17:37:59","date_gmt":"2020-12-08T16:37:59","guid":{"rendered":"https:\/\/la-ptite-cerise.be\/produit\/pour-toi-et-moi\/"},"modified":"2020-12-08T17:37:59","modified_gmt":"2020-12-08T16:37:59","slug":"pour-toi-et-moi","status":"publish","type":"product","link":"https:\/\/la-ptite-cerise.be\/en\/produit\/pour-toi-et-moi\/","title":{"rendered":"Pour toi et moi"},"content":{"rendered":"<h3 class=\"\" data-start=\"1466\" data-end=\"1516\"><strong data-start=\"1475\" data-end=\"1500\">Rooibos \u2013 Just for Us<\/strong> (100 g pouch)<\/h3>\n<p class=\"\" data-start=\"1517\" data-end=\"1586\"><strong data-start=\"1517\" data-end=\"1586\">A fruity and mellow infusion with strawberry and raspberry notes.<\/strong><\/p>\n<p class=\"\" data-start=\"1588\" data-end=\"1805\">This naturally caffeine-free rooibos is gently flavoured with natural strawberry and raspberry, enhanced with real fruit pieces and blackberry leaves. A smooth and soothing cup for any moment shared or savoured alone.<\/p>\n<p class=\"\" data-start=\"1807\" data-end=\"1863\">\ud83d\udcac <em data-start=\"1810\" data-end=\"1863\">A loving infusion for any time of day, hot or iced.<\/em><\/p>\n<hr class=\"\" data-start=\"1865\" data-end=\"1868\" \/>\n<h3 class=\"\" data-start=\"1870\" data-end=\"1890\">\u2705 <strong data-start=\"1876\" data-end=\"1890\">Highlights<\/strong><\/h3>\n<ul data-start=\"1891\" data-end=\"2001\">\n<li class=\"\" data-start=\"1891\" data-end=\"1939\">\n<p class=\"\" data-start=\"1893\" data-end=\"1939\">Rooibos blend with natural fruit flavourings<\/p>\n<\/li>\n<li class=\"\" data-start=\"1940\" data-end=\"1977\">\n<p class=\"\" data-start=\"1942\" data-end=\"1977\">Naturally sweet and caffeine-free<\/p>\n<\/li>\n<li class=\"\" data-start=\"1978\" data-end=\"2001\">\n<p class=\"\" data-start=\"1980\" data-end=\"2001\">Perfect hot or iced<\/p>\n<\/li>\n<\/ul>\n<hr class=\"\" data-start=\"2003\" data-end=\"2006\" \/>\n<h3 class=\"\" data-start=\"2008\" data-end=\"2032\">\ud83e\uddfe <strong data-start=\"2015\" data-end=\"2030\">Ingredients<\/strong><\/h3>\n<p class=\"\" data-start=\"2033\" data-end=\"2199\">Natural rooibos, natural strawberry flavour, strawberry, natural raspberry flavour, raspberry, blackberry leaves<br data-start=\"2145\" data-end=\"2148\" \/><strong data-start=\"2148\" data-end=\"2161\">Allergens<\/strong>: May contain traces of milk and nuts.<\/p>\n<hr class=\"\" data-start=\"2201\" data-end=\"2204\" \/>\n<h3 class=\"\" data-start=\"2206\" data-end=\"2230\">\ud83c\udf7d\ufe0f <strong data-start=\"2214\" data-end=\"2230\">Brewing tips<\/strong><\/h3>\n<ul data-start=\"2231\" data-end=\"2448\">\n<li class=\"\" data-start=\"2231\" data-end=\"2264\">\n<p class=\"\" data-start=\"2233\" data-end=\"2264\"><strong data-start=\"2233\" data-end=\"2254\">Water temperature<\/strong>: 100\u202f\u00b0C<\/p>\n<\/li>\n<li class=\"\" data-start=\"2265\" data-end=\"2300\">\n<p class=\"\" data-start=\"2267\" data-end=\"2300\"><strong data-start=\"2267\" data-end=\"2284\">Steeping time<\/strong>: 7\u201310 minutes<\/p>\n<\/li>\n<li class=\"\" data-start=\"2301\" data-end=\"2367\">\n<p class=\"\" data-start=\"2303\" data-end=\"2316\"><strong data-start=\"2303\" data-end=\"2315\">Quantity<\/strong>:<\/p>\n<ul data-start=\"2319\" data-end=\"2367\">\n<li class=\"\" data-start=\"2319\" data-end=\"2339\">\n<p class=\"\" data-start=\"2321\" data-end=\"2339\">3\u20134 g per 200 ml<\/p>\n<\/li>\n<li class=\"\" data-start=\"2342\" data-end=\"2367\">\n<p class=\"\" data-start=\"2344\" data-end=\"2367\"><strong data-start=\"2344\" data-end=\"2365\">15\u201320 g per litre<\/strong><\/p>\n<\/li>\n<\/ul>\n<\/li>\n<li class=\"\" data-start=\"2368\" data-end=\"2448\">\n<p class=\"\" data-start=\"2370\" data-end=\"2448\"><strong data-start=\"2370\" data-end=\"2392\">Serving suggestion<\/strong>: Serve hot or cold with fresh berries for a sweet treat<\/p>\n<\/li>\n<\/ul>\n","protected":false},"excerpt":{"rendered":"<p>Rooibos with strawberry &amp; raspberry. 100 g pouch \u2013 fruity, mellow and caffeine-free.<\/p>\n","protected":false},"featured_media":13757,"template":"","meta":[],"product_brand":[],"product_cat":[143],"product_tag":[],"class_list":{"0":"post-13758","1":"product","2":"type-product","3":"status-publish","4":"has-post-thumbnail","6":"product_cat-tea","8":"first","9":"instock","10":"taxable","11":"shipping-taxable","12":"purchasable","13":"product-type-simple"},"yoast_head":"<!-- This site is optimized with the Yoast SEO plugin v25.7 - https:\/\/yoast.com\/wordpress\/plugins\/seo\/ -->\n<title>Pour toi et moi - La P&#039;tite Cerise<\/title>\n<meta name=\"robots\" content=\"index, follow, max-snippet:-1, max-image-preview:large, max-video-preview:-1\" \/>\n<link rel=\"canonical\" href=\"https:\/\/la-ptite-cerise.be\/produit\/pour-toi-et-moi\/\" \/>\n<meta property=\"og:locale\" content=\"en_US\" \/>\n<meta property=\"og:type\" content=\"article\" \/>\n<meta property=\"og:title\" content=\"Pour toi et moi - La P&#039;tite Cerise\" \/>\n<meta property=\"og:description\" content=\"Rooibos with strawberry &amp; raspberry. 100 g pouch \u2013 fruity, mellow and caffeine-free.\" \/>\n<meta property=\"og:url\" content=\"https:\/\/la-ptite-cerise.be\/produit\/pour-toi-et-moi\/\" \/>\n<meta property=\"og:site_name\" content=\"La P&#039;tite Cerise\" \/>\n<meta property=\"article:publisher\" content=\"https:\/\/www.facebook.com\/laptitecerise\/\" \/>\n<meta property=\"og:image\" content=\"https:\/\/la-ptite-cerise.be\/wp-content\/uploads\/2020\/12\/83352_1.png\" \/>\n\t<meta property=\"og:image:width\" content=\"500\" \/>\n\t<meta property=\"og:image:height\" content=\"500\" \/>\n\t<meta property=\"og:image:type\" content=\"image\/png\" \/>\n<meta name=\"twitter:card\" content=\"summary_large_image\" \/>\n<meta name=\"twitter:label1\" content=\"Est. reading time\" \/>\n\t<meta name=\"twitter:data1\" content=\"1 minute\" \/>\n<script type=\"application\/ld+json\" class=\"yoast-schema-graph\">{\"@context\":\"https:\/\/schema.org\",\"@graph\":[{\"@type\":\"WebPage\",\"@id\":\"https:\/\/la-ptite-cerise.be\/produit\/pour-toi-et-moi\/\",\"url\":\"https:\/\/la-ptite-cerise.be\/produit\/pour-toi-et-moi\/\",\"name\":\"Pour toi et moi - La P&#039;tite Cerise\",\"isPartOf\":{\"@id\":\"https:\/\/la-ptite-cerise.be\/#website\"},\"primaryImageOfPage\":{\"@id\":\"https:\/\/la-ptite-cerise.be\/produit\/pour-toi-et-moi\/#primaryimage\"},\"image\":{\"@id\":\"https:\/\/la-ptite-cerise.be\/produit\/pour-toi-et-moi\/#primaryimage\"},\"thumbnailUrl\":\"https:\/\/la-ptite-cerise.be\/wp-content\/uploads\/2020\/12\/83352_1.png\",\"datePublished\":\"2020-12-08T16:37:59+00:00\",\"breadcrumb\":{\"@id\":\"https:\/\/la-ptite-cerise.be\/produit\/pour-toi-et-moi\/#breadcrumb\"},\"inLanguage\":\"en-US\",\"potentialAction\":[{\"@type\":\"ReadAction\",\"target\":[\"https:\/\/la-ptite-cerise.be\/produit\/pour-toi-et-moi\/\"]}]},{\"@type\":\"ImageObject\",\"inLanguage\":\"en-US\",\"@id\":\"https:\/\/la-ptite-cerise.be\/produit\/pour-toi-et-moi\/#primaryimage\",\"url\":\"https:\/\/la-ptite-cerise.be\/wp-content\/uploads\/2020\/12\/83352_1.png\",\"contentUrl\":\"https:\/\/la-ptite-cerise.be\/wp-content\/uploads\/2020\/12\/83352_1.png\",\"width\":500,\"height\":500},{\"@type\":\"BreadcrumbList\",\"@id\":\"https:\/\/la-ptite-cerise.be\/produit\/pour-toi-et-moi\/#breadcrumb\",\"itemListElement\":[{\"@type\":\"ListItem\",\"position\":1,\"name\":\"Accueil\",\"item\":\"https:\/\/la-ptite-cerise.be\/en\/\"},{\"@type\":\"ListItem\",\"position\":2,\"name\":\"Store\",\"item\":\"https:\/\/la-ptite-cerise.be\/boutique\/\"},{\"@type\":\"ListItem\",\"position\":3,\"name\":\"Pour toi et moi\"}]},{\"@type\":\"WebSite\",\"@id\":\"https:\/\/la-ptite-cerise.be\/#website\",\"url\":\"https:\/\/la-ptite-cerise.be\/\",\"name\":\"La P'tite Cerise\",\"description\":\"Artisan torr\u00e9facteur de caf\u00e9 de sp\u00e9cialit\u00e9. S\u00e9lection de th\u00e9s &amp; tisanes.\",\"publisher\":{\"@id\":\"https:\/\/la-ptite-cerise.be\/#organization\"},\"potentialAction\":[{\"@type\":\"SearchAction\",\"target\":{\"@type\":\"EntryPoint\",\"urlTemplate\":\"https:\/\/la-ptite-cerise.be\/?s={search_term_string}\"},\"query-input\":{\"@type\":\"PropertyValueSpecification\",\"valueRequired\":true,\"valueName\":\"search_term_string\"}}],\"inLanguage\":\"en-US\"},{\"@type\":\"Organization\",\"@id\":\"https:\/\/la-ptite-cerise.be\/#organization\",\"name\":\"La P'tite Cerise\",\"url\":\"https:\/\/la-ptite-cerise.be\/\",\"logo\":{\"@type\":\"ImageObject\",\"inLanguage\":\"en-US\",\"@id\":\"https:\/\/la-ptite-cerise.be\/#\/schema\/logo\/image\/\",\"url\":\"https:\/\/la-ptite-cerise.be\/wp-content\/uploads\/2020\/10\/logo-header-01.jpg\",\"contentUrl\":\"https:\/\/la-ptite-cerise.be\/wp-content\/uploads\/2020\/10\/logo-header-01.jpg\",\"width\":176,\"height\":100,\"caption\":\"La P'tite Cerise\"},\"image\":{\"@id\":\"https:\/\/la-ptite-cerise.be\/#\/schema\/logo\/image\/\"},\"sameAs\":[\"https:\/\/www.facebook.com\/laptitecerise\/\",\"https:\/\/www.instagram.com\/la.ptite_cerise\/\"]}]}<\/script>\n<!-- \/ Yoast SEO plugin. -->","yoast_head_json":{"title":"Pour toi et moi - La P&#039;tite Cerise","robots":{"index":"index","follow":"follow","max-snippet":"max-snippet:-1","max-image-preview":"max-image-preview:large","max-video-preview":"max-video-preview:-1"},"canonical":"https:\/\/la-ptite-cerise.be\/produit\/pour-toi-et-moi\/","og_locale":"en_US","og_type":"article","og_title":"Pour toi et moi - La P&#039;tite Cerise","og_description":"Rooibos with strawberry &amp; raspberry. 100 g pouch \u2013 fruity, mellow and caffeine-free.","og_url":"https:\/\/la-ptite-cerise.be\/produit\/pour-toi-et-moi\/","og_site_name":"La P&#039;tite Cerise","article_publisher":"https:\/\/www.facebook.com\/laptitecerise\/","og_image":[{"width":500,"height":500,"url":"https:\/\/la-ptite-cerise.be\/wp-content\/uploads\/2020\/12\/83352_1.png","type":"image\/png"}],"twitter_card":"summary_large_image","twitter_misc":{"Est. reading time":"1 minute"},"schema":{"@context":"https:\/\/schema.org","@graph":[{"@type":"WebPage","@id":"https:\/\/la-ptite-cerise.be\/produit\/pour-toi-et-moi\/","url":"https:\/\/la-ptite-cerise.be\/produit\/pour-toi-et-moi\/","name":"Pour toi et moi - La P&#039;tite Cerise","isPartOf":{"@id":"https:\/\/la-ptite-cerise.be\/#website"},"primaryImageOfPage":{"@id":"https:\/\/la-ptite-cerise.be\/produit\/pour-toi-et-moi\/#primaryimage"},"image":{"@id":"https:\/\/la-ptite-cerise.be\/produit\/pour-toi-et-moi\/#primaryimage"},"thumbnailUrl":"https:\/\/la-ptite-cerise.be\/wp-content\/uploads\/2020\/12\/83352_1.png","datePublished":"2020-12-08T16:37:59+00:00","breadcrumb":{"@id":"https:\/\/la-ptite-cerise.be\/produit\/pour-toi-et-moi\/#breadcrumb"},"inLanguage":"en-US","potentialAction":[{"@type":"ReadAction","target":["https:\/\/la-ptite-cerise.be\/produit\/pour-toi-et-moi\/"]}]},{"@type":"ImageObject","inLanguage":"en-US","@id":"https:\/\/la-ptite-cerise.be\/produit\/pour-toi-et-moi\/#primaryimage","url":"https:\/\/la-ptite-cerise.be\/wp-content\/uploads\/2020\/12\/83352_1.png","contentUrl":"https:\/\/la-ptite-cerise.be\/wp-content\/uploads\/2020\/12\/83352_1.png","width":500,"height":500},{"@type":"BreadcrumbList","@id":"https:\/\/la-ptite-cerise.be\/produit\/pour-toi-et-moi\/#breadcrumb","itemListElement":[{"@type":"ListItem","position":1,"name":"Accueil","item":"https:\/\/la-ptite-cerise.be\/en\/"},{"@type":"ListItem","position":2,"name":"Store","item":"https:\/\/la-ptite-cerise.be\/boutique\/"},{"@type":"ListItem","position":3,"name":"Pour toi et moi"}]},{"@type":"WebSite","@id":"https:\/\/la-ptite-cerise.be\/#website","url":"https:\/\/la-ptite-cerise.be\/","name":"La P'tite Cerise","description":"Artisan torr\u00e9facteur de caf\u00e9 de sp\u00e9cialit\u00e9. S\u00e9lection de th\u00e9s &amp; tisanes.","publisher":{"@id":"https:\/\/la-ptite-cerise.be\/#organization"},"potentialAction":[{"@type":"SearchAction","target":{"@type":"EntryPoint","urlTemplate":"https:\/\/la-ptite-cerise.be\/?s={search_term_string}"},"query-input":{"@type":"PropertyValueSpecification","valueRequired":true,"valueName":"search_term_string"}}],"inLanguage":"en-US"},{"@type":"Organization","@id":"https:\/\/la-ptite-cerise.be\/#organization","name":"La P'tite Cerise","url":"https:\/\/la-ptite-cerise.be\/","logo":{"@type":"ImageObject","inLanguage":"en-US","@id":"https:\/\/la-ptite-cerise.be\/#\/schema\/logo\/image\/","url":"https:\/\/la-ptite-cerise.be\/wp-content\/uploads\/2020\/10\/logo-header-01.jpg","contentUrl":"https:\/\/la-ptite-cerise.be\/wp-content\/uploads\/2020\/10\/logo-header-01.jpg","width":176,"height":100,"caption":"La P'tite Cerise"},"image":{"@id":"https:\/\/la-ptite-cerise.be\/#\/schema\/logo\/image\/"},"sameAs":["https:\/\/www.facebook.com\/laptitecerise\/","https:\/\/www.instagram.com\/la.ptite_cerise\/"]}]}},"_links":{"self":[{"href":"https:\/\/la-ptite-cerise.be\/en\/wp-json\/wp\/v2\/product\/13758","targetHints":{"allow":["GET"]}}],"collection":[{"href":"https:\/\/la-ptite-cerise.be\/en\/wp-json\/wp\/v2\/product"}],"about":[{"href":"https:\/\/la-ptite-cerise.be\/en\/wp-json\/wp\/v2\/types\/product"}],"wp:featuredmedia":[{"embeddable":true,"href":"https:\/\/la-ptite-cerise.be\/en\/wp-json\/wp\/v2\/media\/13757"}],"wp:attachment":[{"href":"https:\/\/la-ptite-cerise.be\/en\/wp-json\/wp\/v2\/media?parent=13758"}],"wp:term":[{"taxonomy":"product_brand","embeddable":true,"href":"https:\/\/la-ptite-cerise.be\/en\/wp-json\/wp\/v2\/product_brand?post=13758"},{"taxonomy":"product_cat","embeddable":true,"href":"https:\/\/la-ptite-cerise.be\/en\/wp-json\/wp\/v2\/product_cat?post=13758"},{"taxonomy":"product_tag","embeddable":true,"href":"https:\/\/la-ptite-cerise.be\/en\/wp-json\/wp\/v2\/product_tag?post=13758"}],"curies":[{"name":"wp","href":"https:\/\/api.w.org\/{rel}","templated":true}]}}