{"id":13762,"date":"2020-12-08T16:54:34","date_gmt":"2020-12-08T15:54:34","guid":{"rendered":"https:\/\/la-ptite-cerise.be\/produit\/mate-vert\/"},"modified":"2020-12-08T16:54:34","modified_gmt":"2020-12-08T15:54:34","slug":"mate-vert","status":"publish","type":"product","link":"https:\/\/la-ptite-cerise.be\/en\/produit\/mate-vert\/","title":{"rendered":"Mat\u00e9 vert"},"content":{"rendered":"<h3 class=\"\" data-start=\"1977\" data-end=\"2016\"><strong data-start=\"1986\" data-end=\"2000\">Green Mat\u00e9<\/strong> (100 g pouch)<\/h3>\n<p class=\"\" data-start=\"2017\" data-end=\"2078\"><strong data-start=\"2017\" data-end=\"2078\">A naturally energising infusion with fresh, herbal notes.<\/strong><\/p>\n<p class=\"\" data-start=\"2080\" data-end=\"2281\">Green mat\u00e9 is a South American classic, known for its high antioxidant content and stimulating effects. Smooth, grassy and caffeine-rich, it brews into a vibrant, clean-tasting tea \u2013 ideal hot or iced.<\/p>\n<p class=\"\" data-start=\"2283\" data-end=\"2360\">\ud83d\udcac <em data-start=\"2286\" data-end=\"2360\">Perfect for a natural energy boost \u2013 solo or shared the traditional way.<\/em><\/p>\n<hr class=\"\" data-start=\"2362\" data-end=\"2365\" \/>\n<h3 class=\"\" data-start=\"2367\" data-end=\"2387\">\u2705 <strong data-start=\"2373\" data-end=\"2387\">Highlights<\/strong><\/h3>\n<ul data-start=\"2388\" data-end=\"2521\">\n<li class=\"\" data-start=\"2388\" data-end=\"2422\">\n<p class=\"\" data-start=\"2390\" data-end=\"2422\">Pure, non-flavoured green mat\u00e9<\/p>\n<\/li>\n<li class=\"\" data-start=\"2423\" data-end=\"2473\">\n<p class=\"\" data-start=\"2425\" data-end=\"2473\">Naturally stimulating and rich in antioxidants<\/p>\n<\/li>\n<li class=\"\" data-start=\"2474\" data-end=\"2521\">\n<p class=\"\" data-start=\"2476\" data-end=\"2521\">Great for traditional or casual preparation<\/p>\n<\/li>\n<\/ul>\n<hr class=\"\" data-start=\"2523\" data-end=\"2526\" \/>\n<h3 class=\"\" data-start=\"2528\" data-end=\"2552\">\ud83e\uddfe <strong data-start=\"2535\" data-end=\"2550\">Ingredients<\/strong><\/h3>\n<p class=\"\" data-start=\"2553\" data-end=\"2617\">Green mat\u00e9<br data-start=\"2563\" data-end=\"2566\" \/><strong data-start=\"2566\" data-end=\"2579\">Allergens<\/strong>: May contain traces of milk and nuts.<\/p>\n<hr class=\"\" data-start=\"2619\" data-end=\"2622\" \/>\n<h3 class=\"\" data-start=\"2624\" data-end=\"2648\">\ud83c\udf7d\ufe0f <strong data-start=\"2632\" data-end=\"2648\">Brewing tips<\/strong><\/h3>\n<h4 class=\"\" data-start=\"2650\" data-end=\"2699\">\ud83d\udd39 <em data-start=\"2658\" data-end=\"2697\">Traditional method (gourd &amp; bombilla)<\/em><\/h4>\n<ol data-start=\"2700\" data-end=\"2972\">\n<li class=\"\" data-start=\"2700\" data-end=\"2737\">\n<p class=\"\" data-start=\"2703\" data-end=\"2737\">Fill the gourd \u2154 full with mat\u00e9.<\/p>\n<\/li>\n<li class=\"\" data-start=\"2738\" data-end=\"2811\">\n<p class=\"\" data-start=\"2741\" data-end=\"2811\">Tilt to create a slope and pour a little cold water into the hollow.<\/p>\n<\/li>\n<li class=\"\" data-start=\"2812\" data-end=\"2837\">\n<p class=\"\" data-start=\"2815\" data-end=\"2837\">Insert the bombilla.<\/p>\n<\/li>\n<li class=\"\" data-start=\"2838\" data-end=\"2911\">\n<p class=\"\" data-start=\"2841\" data-end=\"2911\">Pour hot water (<strong data-start=\"2857\" data-end=\"2869\">70\u201380\u202f\u00b0C<\/strong>) near the bombilla and sip until empty.<\/p>\n<\/li>\n<li class=\"\" data-start=\"2912\" data-end=\"2972\">\n<p class=\"\" data-start=\"2915\" data-end=\"2972\">Refill with hot water and repeat until the flavour fades.<\/p>\n<\/li>\n<\/ol>\n<h4 class=\"\" data-start=\"2974\" data-end=\"3017\">\ud83d\udd39 <em data-start=\"2982\" data-end=\"3015\">Standard method (teapot or mug)<\/em><\/h4>\n<ul data-start=\"3018\" data-end=\"3229\">\n<li class=\"\" data-start=\"3018\" data-end=\"3051\">\n<p class=\"\" data-start=\"3020\" data-end=\"3051\"><strong data-start=\"3020\" data-end=\"3041\">Water temperature<\/strong>: 100\u202f\u00b0C<\/p>\n<\/li>\n<li class=\"\" data-start=\"3052\" data-end=\"3087\">\n<p class=\"\" data-start=\"3054\" data-end=\"3087\"><strong data-start=\"3054\" data-end=\"3071\">Steeping time<\/strong>: 5\u201310 minutes<\/p>\n<\/li>\n<li class=\"\" data-start=\"3088\" data-end=\"3156\">\n<p class=\"\" data-start=\"3090\" data-end=\"3103\"><strong data-start=\"3090\" data-end=\"3102\">Quantity<\/strong>:<\/p>\n<ul data-start=\"3106\" data-end=\"3156\">\n<li class=\"\" data-start=\"3106\" data-end=\"3128\">\n<p class=\"\" data-start=\"3108\" data-end=\"3128\">3\u20133.5 g per 200 ml<\/p>\n<\/li>\n<li class=\"\" data-start=\"3131\" data-end=\"3156\">\n<p class=\"\" data-start=\"3133\" data-end=\"3156\"><strong data-start=\"3133\" data-end=\"3154\">14\u201317 g per litre<\/strong><\/p>\n<\/li>\n<\/ul>\n<\/li>\n<li class=\"\" data-start=\"3157\" data-end=\"3229\">\n<p class=\"\" data-start=\"3159\" data-end=\"3229\"><strong data-start=\"3159\" data-end=\"3181\">Serving suggestion<\/strong>: Delicious plain, sweetened, with lemon or iced<\/p>\n<\/li>\n<\/ul>\n","protected":false},"excerpt":{"rendered":"<p>Pure green mat\u00e9. 100 g pouch \u2013 herbal, energising and naturally stimulating.<\/p>\n","protected":false},"featured_media":13760,"template":"","meta":[],"product_brand":[],"product_cat":[143],"product_tag":[],"class_list":{"0":"post-13762","1":"product","2":"type-product","3":"status-publish","4":"has-post-thumbnail","6":"product_cat-tea","8":"first","9":"instock","10":"taxable","11":"shipping-taxable","12":"purchasable","13":"product-type-simple"},"yoast_head":"<!-- This site is optimized with the Yoast SEO plugin v25.7 - https:\/\/yoast.com\/wordpress\/plugins\/seo\/ -->\n<title>Mat\u00e9 vert - La P&#039;tite Cerise<\/title>\n<meta name=\"robots\" content=\"index, follow, max-snippet:-1, max-image-preview:large, max-video-preview:-1\" \/>\n<link rel=\"canonical\" href=\"https:\/\/la-ptite-cerise.be\/produit\/mate-vert\/\" \/>\n<meta property=\"og:locale\" content=\"en_US\" \/>\n<meta property=\"og:type\" content=\"article\" \/>\n<meta property=\"og:title\" content=\"Mat\u00e9 vert - La P&#039;tite Cerise\" \/>\n<meta property=\"og:description\" content=\"Pure green mat\u00e9. 100 g pouch \u2013 herbal, energising and naturally stimulating.\" \/>\n<meta property=\"og:url\" content=\"https:\/\/la-ptite-cerise.be\/produit\/mate-vert\/\" \/>\n<meta property=\"og:site_name\" content=\"La P&#039;tite Cerise\" \/>\n<meta property=\"article:publisher\" content=\"https:\/\/www.facebook.com\/laptitecerise\/\" \/>\n<meta property=\"og:image\" content=\"https:\/\/la-ptite-cerise.be\/wp-content\/uploads\/2020\/12\/82583_1.jpeg\" \/>\n\t<meta property=\"og:image:width\" content=\"500\" \/>\n\t<meta property=\"og:image:height\" content=\"500\" \/>\n\t<meta property=\"og:image:type\" content=\"image\/jpeg\" \/>\n<meta name=\"twitter:card\" content=\"summary_large_image\" \/>\n<meta name=\"twitter:label1\" content=\"Est. reading time\" \/>\n\t<meta name=\"twitter:data1\" content=\"1 minute\" \/>\n<script type=\"application\/ld+json\" class=\"yoast-schema-graph\">{\"@context\":\"https:\/\/schema.org\",\"@graph\":[{\"@type\":\"WebPage\",\"@id\":\"https:\/\/la-ptite-cerise.be\/produit\/mate-vert\/\",\"url\":\"https:\/\/la-ptite-cerise.be\/produit\/mate-vert\/\",\"name\":\"Mat\u00e9 vert - La P&#039;tite Cerise\",\"isPartOf\":{\"@id\":\"https:\/\/la-ptite-cerise.be\/#website\"},\"primaryImageOfPage\":{\"@id\":\"https:\/\/la-ptite-cerise.be\/produit\/mate-vert\/#primaryimage\"},\"image\":{\"@id\":\"https:\/\/la-ptite-cerise.be\/produit\/mate-vert\/#primaryimage\"},\"thumbnailUrl\":\"https:\/\/la-ptite-cerise.be\/wp-content\/uploads\/2020\/12\/82583_1.jpeg\",\"datePublished\":\"2020-12-08T15:54:34+00:00\",\"breadcrumb\":{\"@id\":\"https:\/\/la-ptite-cerise.be\/produit\/mate-vert\/#breadcrumb\"},\"inLanguage\":\"en-US\",\"potentialAction\":[{\"@type\":\"ReadAction\",\"target\":[\"https:\/\/la-ptite-cerise.be\/produit\/mate-vert\/\"]}]},{\"@type\":\"ImageObject\",\"inLanguage\":\"en-US\",\"@id\":\"https:\/\/la-ptite-cerise.be\/produit\/mate-vert\/#primaryimage\",\"url\":\"https:\/\/la-ptite-cerise.be\/wp-content\/uploads\/2020\/12\/82583_1.jpeg\",\"contentUrl\":\"https:\/\/la-ptite-cerise.be\/wp-content\/uploads\/2020\/12\/82583_1.jpeg\",\"width\":500,\"height\":500},{\"@type\":\"BreadcrumbList\",\"@id\":\"https:\/\/la-ptite-cerise.be\/produit\/mate-vert\/#breadcrumb\",\"itemListElement\":[{\"@type\":\"ListItem\",\"position\":1,\"name\":\"Accueil\",\"item\":\"https:\/\/la-ptite-cerise.be\/en\/\"},{\"@type\":\"ListItem\",\"position\":2,\"name\":\"Store\",\"item\":\"https:\/\/la-ptite-cerise.be\/boutique\/\"},{\"@type\":\"ListItem\",\"position\":3,\"name\":\"Mat\u00e9 vert\"}]},{\"@type\":\"WebSite\",\"@id\":\"https:\/\/la-ptite-cerise.be\/#website\",\"url\":\"https:\/\/la-ptite-cerise.be\/\",\"name\":\"La P'tite Cerise\",\"description\":\"Artisan torr\u00e9facteur de caf\u00e9 de sp\u00e9cialit\u00e9. S\u00e9lection de th\u00e9s &amp; tisanes.\",\"publisher\":{\"@id\":\"https:\/\/la-ptite-cerise.be\/#organization\"},\"potentialAction\":[{\"@type\":\"SearchAction\",\"target\":{\"@type\":\"EntryPoint\",\"urlTemplate\":\"https:\/\/la-ptite-cerise.be\/?s={search_term_string}\"},\"query-input\":{\"@type\":\"PropertyValueSpecification\",\"valueRequired\":true,\"valueName\":\"search_term_string\"}}],\"inLanguage\":\"en-US\"},{\"@type\":\"Organization\",\"@id\":\"https:\/\/la-ptite-cerise.be\/#organization\",\"name\":\"La P'tite Cerise\",\"url\":\"https:\/\/la-ptite-cerise.be\/\",\"logo\":{\"@type\":\"ImageObject\",\"inLanguage\":\"en-US\",\"@id\":\"https:\/\/la-ptite-cerise.be\/#\/schema\/logo\/image\/\",\"url\":\"https:\/\/la-ptite-cerise.be\/wp-content\/uploads\/2020\/10\/logo-header-01.jpg\",\"contentUrl\":\"https:\/\/la-ptite-cerise.be\/wp-content\/uploads\/2020\/10\/logo-header-01.jpg\",\"width\":176,\"height\":100,\"caption\":\"La P'tite Cerise\"},\"image\":{\"@id\":\"https:\/\/la-ptite-cerise.be\/#\/schema\/logo\/image\/\"},\"sameAs\":[\"https:\/\/www.facebook.com\/laptitecerise\/\",\"https:\/\/www.instagram.com\/la.ptite_cerise\/\"]}]}<\/script>\n<!-- \/ Yoast SEO plugin. -->","yoast_head_json":{"title":"Mat\u00e9 vert - La P&#039;tite Cerise","robots":{"index":"index","follow":"follow","max-snippet":"max-snippet:-1","max-image-preview":"max-image-preview:large","max-video-preview":"max-video-preview:-1"},"canonical":"https:\/\/la-ptite-cerise.be\/produit\/mate-vert\/","og_locale":"en_US","og_type":"article","og_title":"Mat\u00e9 vert - La P&#039;tite Cerise","og_description":"Pure green mat\u00e9. 100 g pouch \u2013 herbal, energising and naturally stimulating.","og_url":"https:\/\/la-ptite-cerise.be\/produit\/mate-vert\/","og_site_name":"La P&#039;tite Cerise","article_publisher":"https:\/\/www.facebook.com\/laptitecerise\/","og_image":[{"width":500,"height":500,"url":"https:\/\/la-ptite-cerise.be\/wp-content\/uploads\/2020\/12\/82583_1.jpeg","type":"image\/jpeg"}],"twitter_card":"summary_large_image","twitter_misc":{"Est. reading time":"1 minute"},"schema":{"@context":"https:\/\/schema.org","@graph":[{"@type":"WebPage","@id":"https:\/\/la-ptite-cerise.be\/produit\/mate-vert\/","url":"https:\/\/la-ptite-cerise.be\/produit\/mate-vert\/","name":"Mat\u00e9 vert - La P&#039;tite Cerise","isPartOf":{"@id":"https:\/\/la-ptite-cerise.be\/#website"},"primaryImageOfPage":{"@id":"https:\/\/la-ptite-cerise.be\/produit\/mate-vert\/#primaryimage"},"image":{"@id":"https:\/\/la-ptite-cerise.be\/produit\/mate-vert\/#primaryimage"},"thumbnailUrl":"https:\/\/la-ptite-cerise.be\/wp-content\/uploads\/2020\/12\/82583_1.jpeg","datePublished":"2020-12-08T15:54:34+00:00","breadcrumb":{"@id":"https:\/\/la-ptite-cerise.be\/produit\/mate-vert\/#breadcrumb"},"inLanguage":"en-US","potentialAction":[{"@type":"ReadAction","target":["https:\/\/la-ptite-cerise.be\/produit\/mate-vert\/"]}]},{"@type":"ImageObject","inLanguage":"en-US","@id":"https:\/\/la-ptite-cerise.be\/produit\/mate-vert\/#primaryimage","url":"https:\/\/la-ptite-cerise.be\/wp-content\/uploads\/2020\/12\/82583_1.jpeg","contentUrl":"https:\/\/la-ptite-cerise.be\/wp-content\/uploads\/2020\/12\/82583_1.jpeg","width":500,"height":500},{"@type":"BreadcrumbList","@id":"https:\/\/la-ptite-cerise.be\/produit\/mate-vert\/#breadcrumb","itemListElement":[{"@type":"ListItem","position":1,"name":"Accueil","item":"https:\/\/la-ptite-cerise.be\/en\/"},{"@type":"ListItem","position":2,"name":"Store","item":"https:\/\/la-ptite-cerise.be\/boutique\/"},{"@type":"ListItem","position":3,"name":"Mat\u00e9 vert"}]},{"@type":"WebSite","@id":"https:\/\/la-ptite-cerise.be\/#website","url":"https:\/\/la-ptite-cerise.be\/","name":"La P'tite Cerise","description":"Artisan torr\u00e9facteur de caf\u00e9 de sp\u00e9cialit\u00e9. S\u00e9lection de th\u00e9s &amp; tisanes.","publisher":{"@id":"https:\/\/la-ptite-cerise.be\/#organization"},"potentialAction":[{"@type":"SearchAction","target":{"@type":"EntryPoint","urlTemplate":"https:\/\/la-ptite-cerise.be\/?s={search_term_string}"},"query-input":{"@type":"PropertyValueSpecification","valueRequired":true,"valueName":"search_term_string"}}],"inLanguage":"en-US"},{"@type":"Organization","@id":"https:\/\/la-ptite-cerise.be\/#organization","name":"La P'tite Cerise","url":"https:\/\/la-ptite-cerise.be\/","logo":{"@type":"ImageObject","inLanguage":"en-US","@id":"https:\/\/la-ptite-cerise.be\/#\/schema\/logo\/image\/","url":"https:\/\/la-ptite-cerise.be\/wp-content\/uploads\/2020\/10\/logo-header-01.jpg","contentUrl":"https:\/\/la-ptite-cerise.be\/wp-content\/uploads\/2020\/10\/logo-header-01.jpg","width":176,"height":100,"caption":"La P'tite Cerise"},"image":{"@id":"https:\/\/la-ptite-cerise.be\/#\/schema\/logo\/image\/"},"sameAs":["https:\/\/www.facebook.com\/laptitecerise\/","https:\/\/www.instagram.com\/la.ptite_cerise\/"]}]}},"_links":{"self":[{"href":"https:\/\/la-ptite-cerise.be\/en\/wp-json\/wp\/v2\/product\/13762","targetHints":{"allow":["GET"]}}],"collection":[{"href":"https:\/\/la-ptite-cerise.be\/en\/wp-json\/wp\/v2\/product"}],"about":[{"href":"https:\/\/la-ptite-cerise.be\/en\/wp-json\/wp\/v2\/types\/product"}],"wp:featuredmedia":[{"embeddable":true,"href":"https:\/\/la-ptite-cerise.be\/en\/wp-json\/wp\/v2\/media\/13760"}],"wp:attachment":[{"href":"https:\/\/la-ptite-cerise.be\/en\/wp-json\/wp\/v2\/media?parent=13762"}],"wp:term":[{"taxonomy":"product_brand","embeddable":true,"href":"https:\/\/la-ptite-cerise.be\/en\/wp-json\/wp\/v2\/product_brand?post=13762"},{"taxonomy":"product_cat","embeddable":true,"href":"https:\/\/la-ptite-cerise.be\/en\/wp-json\/wp\/v2\/product_cat?post=13762"},{"taxonomy":"product_tag","embeddable":true,"href":"https:\/\/la-ptite-cerise.be\/en\/wp-json\/wp\/v2\/product_tag?post=13762"}],"curies":[{"name":"wp","href":"https:\/\/api.w.org\/{rel}","templated":true}]}}