{"id":13770,"date":"2020-12-08T16:48:45","date_gmt":"2020-12-08T15:48:45","guid":{"rendered":"https:\/\/la-ptite-cerise.be\/produit\/dragon-fruite\/"},"modified":"2020-12-08T16:48:45","modified_gmt":"2020-12-08T15:48:45","slug":"dragon-fruite","status":"publish","type":"product","link":"https:\/\/la-ptite-cerise.be\/en\/produit\/dragon-fruite\/","title":{"rendered":"Dragon fruit\u00e9"},"content":{"rendered":"<h3 class=\"\" data-start=\"1610\" data-end=\"1663\"><strong data-start=\"1619\" data-end=\"1647\">Infusion \u2013 Fruity Dragon<\/strong> (100 g pouch)<\/h3>\n<p class=\"\" data-start=\"1664\" data-end=\"1730\"><strong data-start=\"1664\" data-end=\"1730\">A sweet and tangy fruit blend with citrus, berries and banana.<\/strong><\/p>\n<p class=\"\" data-start=\"1732\" data-end=\"1934\">This colourful infusion combines apple, lemon peel, strawberry, raspberry, banana and hibiscus for a vibrant and naturally sweet flavour. A family-friendly drink, caffeine-free and perfect for iced tea.<\/p>\n<p class=\"\" data-start=\"1936\" data-end=\"1993\">\ud83d\udcac <em data-start=\"1939\" data-end=\"1993\">A fruity, tropical treat for all ages \u2013 hot or cold.<\/em><\/p>\n<hr class=\"\" data-start=\"1995\" data-end=\"1998\" \/>\n<h3 class=\"\" data-start=\"2000\" data-end=\"2020\">\u2705 <strong data-start=\"2006\" data-end=\"2020\">Highlights<\/strong><\/h3>\n<ul data-start=\"2021\" data-end=\"2143\">\n<li class=\"\" data-start=\"2021\" data-end=\"2073\">\n<p class=\"\" data-start=\"2023\" data-end=\"2073\">Fruit and citrus infusion with natural sweetness<\/p>\n<\/li>\n<li class=\"\" data-start=\"2074\" data-end=\"2120\">\n<p class=\"\" data-start=\"2076\" data-end=\"2120\">No caffeine \u2013 suitable for kids and adults<\/p>\n<\/li>\n<li class=\"\" data-start=\"2121\" data-end=\"2143\">\n<p class=\"\" data-start=\"2123\" data-end=\"2143\">Great iced or warm<\/p>\n<\/li>\n<\/ul>\n<hr class=\"\" data-start=\"2145\" data-end=\"2148\" \/>\n<h3 class=\"\" data-start=\"2150\" data-end=\"2174\">\ud83e\uddfe <strong data-start=\"2157\" data-end=\"2172\">Ingredients<\/strong><\/h3>\n<p class=\"\" data-start=\"2175\" data-end=\"2368\">Apple, lemongrass, lemon peel, hibiscus, banana (banana, coconut oil, cane sugar, honey), mint, strawberry, raspberry, apple pieces, stevia<br data-start=\"2314\" data-end=\"2317\" \/><strong data-start=\"2317\" data-end=\"2330\">Allergens<\/strong>: May contain traces of milk and nuts.<\/p>\n<hr class=\"\" data-start=\"2370\" data-end=\"2373\" \/>\n<h3 class=\"\" data-start=\"2375\" data-end=\"2399\">\ud83c\udf7d\ufe0f <strong data-start=\"2383\" data-end=\"2399\">Brewing tips<\/strong><\/h3>\n<ul data-start=\"2400\" data-end=\"2609\">\n<li class=\"\" data-start=\"2400\" data-end=\"2433\">\n<p class=\"\" data-start=\"2402\" data-end=\"2433\"><strong data-start=\"2402\" data-end=\"2423\">Water temperature<\/strong>: 100\u202f\u00b0C<\/p>\n<\/li>\n<li class=\"\" data-start=\"2434\" data-end=\"2470\">\n<p class=\"\" data-start=\"2436\" data-end=\"2470\"><strong data-start=\"2436\" data-end=\"2453\">Steeping time<\/strong>: 10\u201312 minutes<\/p>\n<\/li>\n<li class=\"\" data-start=\"2471\" data-end=\"2537\">\n<p class=\"\" data-start=\"2473\" data-end=\"2486\"><strong data-start=\"2473\" data-end=\"2485\">Quantity<\/strong>:<\/p>\n<ul data-start=\"2489\" data-end=\"2537\">\n<li class=\"\" data-start=\"2489\" data-end=\"2509\">\n<p class=\"\" data-start=\"2491\" data-end=\"2509\">3\u20134 g per 200 ml<\/p>\n<\/li>\n<li class=\"\" data-start=\"2512\" data-end=\"2537\">\n<p class=\"\" data-start=\"2514\" data-end=\"2537\"><strong data-start=\"2514\" data-end=\"2535\">15\u201320 g per litre<\/strong><\/p>\n<\/li>\n<\/ul>\n<\/li>\n<li class=\"\" data-start=\"2538\" data-end=\"2609\">\n<p class=\"\" data-start=\"2540\" data-end=\"2609\"><strong data-start=\"2540\" data-end=\"2562\">Serving suggestion<\/strong>: Delicious over ice with slices of fresh fruit<\/p>\n<\/li>\n<\/ul>\n","protected":false},"excerpt":{"rendered":"<p>Fruit &amp; citrus infusion. 100 g pouch \u2013 strawberry, raspberry, lemon &amp; banana.<\/p>\n","protected":false},"featured_media":13768,"template":"","meta":[],"product_brand":[],"product_cat":[143],"product_tag":[],"class_list":{"0":"post-13770","1":"product","2":"type-product","3":"status-publish","4":"has-post-thumbnail","6":"product_cat-tea","8":"first","9":"instock","10":"taxable","11":"shipping-taxable","12":"purchasable","13":"product-type-simple"},"yoast_head":"<!-- This site is optimized with the Yoast SEO plugin v25.7 - https:\/\/yoast.com\/wordpress\/plugins\/seo\/ -->\n<title>Dragon fruit\u00e9 - La P&#039;tite Cerise<\/title>\n<meta name=\"robots\" content=\"index, follow, max-snippet:-1, max-image-preview:large, max-video-preview:-1\" \/>\n<link rel=\"canonical\" href=\"https:\/\/la-ptite-cerise.be\/produit\/dragon-fruite\/\" \/>\n<meta property=\"og:locale\" content=\"en_US\" \/>\n<meta property=\"og:type\" content=\"article\" \/>\n<meta property=\"og:title\" content=\"Dragon fruit\u00e9 - La P&#039;tite Cerise\" \/>\n<meta property=\"og:description\" content=\"Fruit &amp; citrus infusion. 100 g pouch \u2013 strawberry, raspberry, lemon &amp; banana.\" \/>\n<meta property=\"og:url\" content=\"https:\/\/la-ptite-cerise.be\/produit\/dragon-fruite\/\" \/>\n<meta property=\"og:site_name\" content=\"La P&#039;tite Cerise\" \/>\n<meta property=\"article:publisher\" content=\"https:\/\/www.facebook.com\/laptitecerise\/\" \/>\n<meta property=\"og:image\" content=\"https:\/\/la-ptite-cerise.be\/wp-content\/uploads\/2020\/12\/86125_1.jpeg\" \/>\n\t<meta property=\"og:image:width\" content=\"500\" \/>\n\t<meta property=\"og:image:height\" content=\"500\" \/>\n\t<meta property=\"og:image:type\" content=\"image\/jpeg\" \/>\n<meta name=\"twitter:card\" content=\"summary_large_image\" \/>\n<meta name=\"twitter:label1\" content=\"Est. reading time\" \/>\n\t<meta name=\"twitter:data1\" content=\"1 minute\" \/>\n<script type=\"application\/ld+json\" class=\"yoast-schema-graph\">{\"@context\":\"https:\/\/schema.org\",\"@graph\":[{\"@type\":\"WebPage\",\"@id\":\"https:\/\/la-ptite-cerise.be\/produit\/dragon-fruite\/\",\"url\":\"https:\/\/la-ptite-cerise.be\/produit\/dragon-fruite\/\",\"name\":\"Dragon fruit\u00e9 - La P&#039;tite Cerise\",\"isPartOf\":{\"@id\":\"https:\/\/la-ptite-cerise.be\/#website\"},\"primaryImageOfPage\":{\"@id\":\"https:\/\/la-ptite-cerise.be\/produit\/dragon-fruite\/#primaryimage\"},\"image\":{\"@id\":\"https:\/\/la-ptite-cerise.be\/produit\/dragon-fruite\/#primaryimage\"},\"thumbnailUrl\":\"https:\/\/la-ptite-cerise.be\/wp-content\/uploads\/2020\/12\/86125_1.jpeg\",\"datePublished\":\"2020-12-08T15:48:45+00:00\",\"breadcrumb\":{\"@id\":\"https:\/\/la-ptite-cerise.be\/produit\/dragon-fruite\/#breadcrumb\"},\"inLanguage\":\"en-US\",\"potentialAction\":[{\"@type\":\"ReadAction\",\"target\":[\"https:\/\/la-ptite-cerise.be\/produit\/dragon-fruite\/\"]}]},{\"@type\":\"ImageObject\",\"inLanguage\":\"en-US\",\"@id\":\"https:\/\/la-ptite-cerise.be\/produit\/dragon-fruite\/#primaryimage\",\"url\":\"https:\/\/la-ptite-cerise.be\/wp-content\/uploads\/2020\/12\/86125_1.jpeg\",\"contentUrl\":\"https:\/\/la-ptite-cerise.be\/wp-content\/uploads\/2020\/12\/86125_1.jpeg\",\"width\":500,\"height\":500},{\"@type\":\"BreadcrumbList\",\"@id\":\"https:\/\/la-ptite-cerise.be\/produit\/dragon-fruite\/#breadcrumb\",\"itemListElement\":[{\"@type\":\"ListItem\",\"position\":1,\"name\":\"Accueil\",\"item\":\"https:\/\/la-ptite-cerise.be\/en\/\"},{\"@type\":\"ListItem\",\"position\":2,\"name\":\"Store\",\"item\":\"https:\/\/la-ptite-cerise.be\/boutique\/\"},{\"@type\":\"ListItem\",\"position\":3,\"name\":\"Dragon fruit\u00e9\"}]},{\"@type\":\"WebSite\",\"@id\":\"https:\/\/la-ptite-cerise.be\/#website\",\"url\":\"https:\/\/la-ptite-cerise.be\/\",\"name\":\"La P'tite Cerise\",\"description\":\"Artisan torr\u00e9facteur de caf\u00e9 de sp\u00e9cialit\u00e9. S\u00e9lection de th\u00e9s &amp; tisanes.\",\"publisher\":{\"@id\":\"https:\/\/la-ptite-cerise.be\/#organization\"},\"potentialAction\":[{\"@type\":\"SearchAction\",\"target\":{\"@type\":\"EntryPoint\",\"urlTemplate\":\"https:\/\/la-ptite-cerise.be\/?s={search_term_string}\"},\"query-input\":{\"@type\":\"PropertyValueSpecification\",\"valueRequired\":true,\"valueName\":\"search_term_string\"}}],\"inLanguage\":\"en-US\"},{\"@type\":\"Organization\",\"@id\":\"https:\/\/la-ptite-cerise.be\/#organization\",\"name\":\"La P'tite Cerise\",\"url\":\"https:\/\/la-ptite-cerise.be\/\",\"logo\":{\"@type\":\"ImageObject\",\"inLanguage\":\"en-US\",\"@id\":\"https:\/\/la-ptite-cerise.be\/#\/schema\/logo\/image\/\",\"url\":\"https:\/\/la-ptite-cerise.be\/wp-content\/uploads\/2020\/10\/logo-header-01.jpg\",\"contentUrl\":\"https:\/\/la-ptite-cerise.be\/wp-content\/uploads\/2020\/10\/logo-header-01.jpg\",\"width\":176,\"height\":100,\"caption\":\"La P'tite Cerise\"},\"image\":{\"@id\":\"https:\/\/la-ptite-cerise.be\/#\/schema\/logo\/image\/\"},\"sameAs\":[\"https:\/\/www.facebook.com\/laptitecerise\/\",\"https:\/\/www.instagram.com\/la.ptite_cerise\/\"]}]}<\/script>\n<!-- \/ Yoast SEO plugin. -->","yoast_head_json":{"title":"Dragon fruit\u00e9 - La P&#039;tite Cerise","robots":{"index":"index","follow":"follow","max-snippet":"max-snippet:-1","max-image-preview":"max-image-preview:large","max-video-preview":"max-video-preview:-1"},"canonical":"https:\/\/la-ptite-cerise.be\/produit\/dragon-fruite\/","og_locale":"en_US","og_type":"article","og_title":"Dragon fruit\u00e9 - La P&#039;tite Cerise","og_description":"Fruit &amp; citrus infusion. 100 g pouch \u2013 strawberry, raspberry, lemon &amp; banana.","og_url":"https:\/\/la-ptite-cerise.be\/produit\/dragon-fruite\/","og_site_name":"La P&#039;tite Cerise","article_publisher":"https:\/\/www.facebook.com\/laptitecerise\/","og_image":[{"width":500,"height":500,"url":"https:\/\/la-ptite-cerise.be\/wp-content\/uploads\/2020\/12\/86125_1.jpeg","type":"image\/jpeg"}],"twitter_card":"summary_large_image","twitter_misc":{"Est. reading time":"1 minute"},"schema":{"@context":"https:\/\/schema.org","@graph":[{"@type":"WebPage","@id":"https:\/\/la-ptite-cerise.be\/produit\/dragon-fruite\/","url":"https:\/\/la-ptite-cerise.be\/produit\/dragon-fruite\/","name":"Dragon fruit\u00e9 - La P&#039;tite Cerise","isPartOf":{"@id":"https:\/\/la-ptite-cerise.be\/#website"},"primaryImageOfPage":{"@id":"https:\/\/la-ptite-cerise.be\/produit\/dragon-fruite\/#primaryimage"},"image":{"@id":"https:\/\/la-ptite-cerise.be\/produit\/dragon-fruite\/#primaryimage"},"thumbnailUrl":"https:\/\/la-ptite-cerise.be\/wp-content\/uploads\/2020\/12\/86125_1.jpeg","datePublished":"2020-12-08T15:48:45+00:00","breadcrumb":{"@id":"https:\/\/la-ptite-cerise.be\/produit\/dragon-fruite\/#breadcrumb"},"inLanguage":"en-US","potentialAction":[{"@type":"ReadAction","target":["https:\/\/la-ptite-cerise.be\/produit\/dragon-fruite\/"]}]},{"@type":"ImageObject","inLanguage":"en-US","@id":"https:\/\/la-ptite-cerise.be\/produit\/dragon-fruite\/#primaryimage","url":"https:\/\/la-ptite-cerise.be\/wp-content\/uploads\/2020\/12\/86125_1.jpeg","contentUrl":"https:\/\/la-ptite-cerise.be\/wp-content\/uploads\/2020\/12\/86125_1.jpeg","width":500,"height":500},{"@type":"BreadcrumbList","@id":"https:\/\/la-ptite-cerise.be\/produit\/dragon-fruite\/#breadcrumb","itemListElement":[{"@type":"ListItem","position":1,"name":"Accueil","item":"https:\/\/la-ptite-cerise.be\/en\/"},{"@type":"ListItem","position":2,"name":"Store","item":"https:\/\/la-ptite-cerise.be\/boutique\/"},{"@type":"ListItem","position":3,"name":"Dragon fruit\u00e9"}]},{"@type":"WebSite","@id":"https:\/\/la-ptite-cerise.be\/#website","url":"https:\/\/la-ptite-cerise.be\/","name":"La P'tite Cerise","description":"Artisan torr\u00e9facteur de caf\u00e9 de sp\u00e9cialit\u00e9. S\u00e9lection de th\u00e9s &amp; tisanes.","publisher":{"@id":"https:\/\/la-ptite-cerise.be\/#organization"},"potentialAction":[{"@type":"SearchAction","target":{"@type":"EntryPoint","urlTemplate":"https:\/\/la-ptite-cerise.be\/?s={search_term_string}"},"query-input":{"@type":"PropertyValueSpecification","valueRequired":true,"valueName":"search_term_string"}}],"inLanguage":"en-US"},{"@type":"Organization","@id":"https:\/\/la-ptite-cerise.be\/#organization","name":"La P'tite Cerise","url":"https:\/\/la-ptite-cerise.be\/","logo":{"@type":"ImageObject","inLanguage":"en-US","@id":"https:\/\/la-ptite-cerise.be\/#\/schema\/logo\/image\/","url":"https:\/\/la-ptite-cerise.be\/wp-content\/uploads\/2020\/10\/logo-header-01.jpg","contentUrl":"https:\/\/la-ptite-cerise.be\/wp-content\/uploads\/2020\/10\/logo-header-01.jpg","width":176,"height":100,"caption":"La P'tite Cerise"},"image":{"@id":"https:\/\/la-ptite-cerise.be\/#\/schema\/logo\/image\/"},"sameAs":["https:\/\/www.facebook.com\/laptitecerise\/","https:\/\/www.instagram.com\/la.ptite_cerise\/"]}]}},"_links":{"self":[{"href":"https:\/\/la-ptite-cerise.be\/en\/wp-json\/wp\/v2\/product\/13770","targetHints":{"allow":["GET"]}}],"collection":[{"href":"https:\/\/la-ptite-cerise.be\/en\/wp-json\/wp\/v2\/product"}],"about":[{"href":"https:\/\/la-ptite-cerise.be\/en\/wp-json\/wp\/v2\/types\/product"}],"wp:featuredmedia":[{"embeddable":true,"href":"https:\/\/la-ptite-cerise.be\/en\/wp-json\/wp\/v2\/media\/13768"}],"wp:attachment":[{"href":"https:\/\/la-ptite-cerise.be\/en\/wp-json\/wp\/v2\/media?parent=13770"}],"wp:term":[{"taxonomy":"product_brand","embeddable":true,"href":"https:\/\/la-ptite-cerise.be\/en\/wp-json\/wp\/v2\/product_brand?post=13770"},{"taxonomy":"product_cat","embeddable":true,"href":"https:\/\/la-ptite-cerise.be\/en\/wp-json\/wp\/v2\/product_cat?post=13770"},{"taxonomy":"product_tag","embeddable":true,"href":"https:\/\/la-ptite-cerise.be\/en\/wp-json\/wp\/v2\/product_tag?post=13770"}],"curies":[{"name":"wp","href":"https:\/\/api.w.org\/{rel}","templated":true}]}}