{"id":13773,"date":"2020-12-08T16:45:32","date_gmt":"2020-12-08T15:45:32","guid":{"rendered":"https:\/\/la-ptite-cerise.be\/produit\/mangue-chili\/"},"modified":"2020-12-08T16:45:32","modified_gmt":"2020-12-08T15:45:32","slug":"mangue-chili","status":"publish","type":"product","link":"https:\/\/la-ptite-cerise.be\/en\/produit\/mangue-chili\/","title":{"rendered":"Mangue-chili"},"content":{"rendered":"<h3 class=\"\" data-start=\"1722\" data-end=\"1775\"><strong data-start=\"1731\" data-end=\"1759\">Infusion \u2013 Mango &amp; Chili<\/strong> (100 g pouch)<\/h3>\n<p class=\"\" data-start=\"1776\" data-end=\"1830\"><strong data-start=\"1776\" data-end=\"1830\">A tropical fruit infusion with a bold chili twist.<\/strong><\/p>\n<p class=\"\" data-start=\"1832\" data-end=\"2019\">This unique blend combines mango and passion fruit with apple, hibiscus, rosehip and a hint of chili and pepper. Naturally caffeine-free, it\u2019s a sweet yet spicy brew with a lively finish.<\/p>\n<p class=\"\" data-start=\"2021\" data-end=\"2075\">\ud83d\udcac <em data-start=\"2024\" data-end=\"2075\">Sweet, fruity and fiery \u2013 a real taste adventure.<\/em><\/p>\n<hr class=\"\" data-start=\"2077\" data-end=\"2080\" \/>\n<h3 class=\"\" data-start=\"2082\" data-end=\"2102\">\u2705 <strong data-start=\"2088\" data-end=\"2102\">Highlights<\/strong><\/h3>\n<ul data-start=\"2103\" data-end=\"2192\">\n<li class=\"\" data-start=\"2103\" data-end=\"2138\">\n<p class=\"\" data-start=\"2105\" data-end=\"2138\">Exotic fruit and spice infusion<\/p>\n<\/li>\n<li class=\"\" data-start=\"2139\" data-end=\"2166\">\n<p class=\"\" data-start=\"2141\" data-end=\"2166\">Naturally caffeine-free<\/p>\n<\/li>\n<li class=\"\" data-start=\"2167\" data-end=\"2192\">\n<p class=\"\" data-start=\"2169\" data-end=\"2192\">Delicious hot or iced<\/p>\n<\/li>\n<\/ul>\n<hr class=\"\" data-start=\"2194\" data-end=\"2197\" \/>\n<h3 class=\"\" data-start=\"2199\" data-end=\"2223\">\ud83e\uddfe <strong data-start=\"2206\" data-end=\"2221\">Ingredients<\/strong><\/h3>\n<p class=\"\" data-start=\"2224\" data-end=\"2493\">Apple, date (date, rice flour), rosehip, hibiscus, meadowsweet, quince, natural mango flavour, black pepper, pink pepper, marigold petals, natural passion fruit flavour, chili (1%), mango (1%), natural lemon flavour<br data-start=\"2439\" data-end=\"2442\" \/><strong data-start=\"2442\" data-end=\"2455\">Allergens<\/strong>: May contain traces of milk and nuts.<\/p>\n<hr class=\"\" data-start=\"2495\" data-end=\"2498\" \/>\n<h3 class=\"\" data-start=\"2500\" data-end=\"2524\">\ud83c\udf7d\ufe0f <strong data-start=\"2508\" data-end=\"2524\">Brewing tips<\/strong><\/h3>\n<ul data-start=\"2525\" data-end=\"2761\">\n<li class=\"\" data-start=\"2525\" data-end=\"2558\">\n<p class=\"\" data-start=\"2527\" data-end=\"2558\"><strong data-start=\"2527\" data-end=\"2548\">Water temperature<\/strong>: 100\u202f\u00b0C<\/p>\n<\/li>\n<li class=\"\" data-start=\"2559\" data-end=\"2594\">\n<p class=\"\" data-start=\"2561\" data-end=\"2594\"><strong data-start=\"2561\" data-end=\"2578\">Steeping time<\/strong>: 7\u201310 minutes<\/p>\n<\/li>\n<li class=\"\" data-start=\"2595\" data-end=\"2659\">\n<p class=\"\" data-start=\"2597\" data-end=\"2610\"><strong data-start=\"2597\" data-end=\"2609\">Quantity<\/strong>:<\/p>\n<ul data-start=\"2613\" data-end=\"2659\">\n<li class=\"\" data-start=\"2613\" data-end=\"2631\">\n<p class=\"\" data-start=\"2615\" data-end=\"2631\">3 g per 200 ml<\/p>\n<\/li>\n<li class=\"\" data-start=\"2634\" data-end=\"2659\">\n<p class=\"\" data-start=\"2636\" data-end=\"2659\"><strong data-start=\"2636\" data-end=\"2657\">12\u201315 g per litre<\/strong><\/p>\n<\/li>\n<\/ul>\n<\/li>\n<li class=\"\" data-start=\"2660\" data-end=\"2761\">\n<p class=\"\" data-start=\"2662\" data-end=\"2761\"><strong data-start=\"2662\" data-end=\"2684\">Serving suggestion<\/strong>: Try it iced for a spicy tropical cooler, or hot for a warming, fruity twist<\/p>\n<\/li>\n<\/ul>\n","protected":false},"excerpt":{"rendered":"<p>Mango &amp; chili infusion. 100 g pouch \u2013 tropical, sweet and lightly spicy.<\/p>\n","protected":false},"featured_media":13772,"template":"","meta":[],"product_brand":[],"product_cat":[143],"product_tag":[],"class_list":{"0":"post-13773","1":"product","2":"type-product","3":"status-publish","4":"has-post-thumbnail","6":"product_cat-tea","8":"first","9":"instock","10":"taxable","11":"shipping-taxable","12":"purchasable","13":"product-type-simple"},"yoast_head":"<!-- This site is optimized with the Yoast SEO plugin v25.7 - https:\/\/yoast.com\/wordpress\/plugins\/seo\/ -->\n<title>Mangue-chili - La P&#039;tite Cerise<\/title>\n<meta name=\"robots\" content=\"index, follow, max-snippet:-1, max-image-preview:large, max-video-preview:-1\" \/>\n<link rel=\"canonical\" href=\"https:\/\/la-ptite-cerise.be\/produit\/mangue-chili\/\" \/>\n<meta property=\"og:locale\" content=\"en_US\" \/>\n<meta property=\"og:type\" content=\"article\" \/>\n<meta property=\"og:title\" content=\"Mangue-chili - La P&#039;tite Cerise\" \/>\n<meta property=\"og:description\" content=\"Mango &amp; chili infusion. 100 g pouch \u2013 tropical, sweet and lightly spicy.\" \/>\n<meta property=\"og:url\" content=\"https:\/\/la-ptite-cerise.be\/produit\/mangue-chili\/\" \/>\n<meta property=\"og:site_name\" content=\"La P&#039;tite Cerise\" \/>\n<meta property=\"article:publisher\" content=\"https:\/\/www.facebook.com\/laptitecerise\/\" \/>\n<meta property=\"og:image\" content=\"https:\/\/la-ptite-cerise.be\/wp-content\/uploads\/2020\/12\/86087_1.jpeg\" \/>\n\t<meta property=\"og:image:width\" content=\"500\" \/>\n\t<meta property=\"og:image:height\" content=\"500\" \/>\n\t<meta property=\"og:image:type\" content=\"image\/jpeg\" \/>\n<meta name=\"twitter:card\" content=\"summary_large_image\" \/>\n<meta name=\"twitter:label1\" content=\"Est. reading time\" \/>\n\t<meta name=\"twitter:data1\" content=\"1 minute\" \/>\n<script type=\"application\/ld+json\" class=\"yoast-schema-graph\">{\"@context\":\"https:\/\/schema.org\",\"@graph\":[{\"@type\":\"WebPage\",\"@id\":\"https:\/\/la-ptite-cerise.be\/produit\/mangue-chili\/\",\"url\":\"https:\/\/la-ptite-cerise.be\/produit\/mangue-chili\/\",\"name\":\"Mangue-chili - La P&#039;tite Cerise\",\"isPartOf\":{\"@id\":\"https:\/\/la-ptite-cerise.be\/#website\"},\"primaryImageOfPage\":{\"@id\":\"https:\/\/la-ptite-cerise.be\/produit\/mangue-chili\/#primaryimage\"},\"image\":{\"@id\":\"https:\/\/la-ptite-cerise.be\/produit\/mangue-chili\/#primaryimage\"},\"thumbnailUrl\":\"https:\/\/la-ptite-cerise.be\/wp-content\/uploads\/2020\/12\/86087_1.jpeg\",\"datePublished\":\"2020-12-08T15:45:32+00:00\",\"breadcrumb\":{\"@id\":\"https:\/\/la-ptite-cerise.be\/produit\/mangue-chili\/#breadcrumb\"},\"inLanguage\":\"en-US\",\"potentialAction\":[{\"@type\":\"ReadAction\",\"target\":[\"https:\/\/la-ptite-cerise.be\/produit\/mangue-chili\/\"]}]},{\"@type\":\"ImageObject\",\"inLanguage\":\"en-US\",\"@id\":\"https:\/\/la-ptite-cerise.be\/produit\/mangue-chili\/#primaryimage\",\"url\":\"https:\/\/la-ptite-cerise.be\/wp-content\/uploads\/2020\/12\/86087_1.jpeg\",\"contentUrl\":\"https:\/\/la-ptite-cerise.be\/wp-content\/uploads\/2020\/12\/86087_1.jpeg\",\"width\":500,\"height\":500},{\"@type\":\"BreadcrumbList\",\"@id\":\"https:\/\/la-ptite-cerise.be\/produit\/mangue-chili\/#breadcrumb\",\"itemListElement\":[{\"@type\":\"ListItem\",\"position\":1,\"name\":\"Accueil\",\"item\":\"https:\/\/la-ptite-cerise.be\/en\/\"},{\"@type\":\"ListItem\",\"position\":2,\"name\":\"Store\",\"item\":\"https:\/\/la-ptite-cerise.be\/boutique\/\"},{\"@type\":\"ListItem\",\"position\":3,\"name\":\"Mangue-chili\"}]},{\"@type\":\"WebSite\",\"@id\":\"https:\/\/la-ptite-cerise.be\/#website\",\"url\":\"https:\/\/la-ptite-cerise.be\/\",\"name\":\"La P'tite Cerise\",\"description\":\"Artisan torr\u00e9facteur de caf\u00e9 de sp\u00e9cialit\u00e9. S\u00e9lection de th\u00e9s &amp; tisanes.\",\"publisher\":{\"@id\":\"https:\/\/la-ptite-cerise.be\/#organization\"},\"potentialAction\":[{\"@type\":\"SearchAction\",\"target\":{\"@type\":\"EntryPoint\",\"urlTemplate\":\"https:\/\/la-ptite-cerise.be\/?s={search_term_string}\"},\"query-input\":{\"@type\":\"PropertyValueSpecification\",\"valueRequired\":true,\"valueName\":\"search_term_string\"}}],\"inLanguage\":\"en-US\"},{\"@type\":\"Organization\",\"@id\":\"https:\/\/la-ptite-cerise.be\/#organization\",\"name\":\"La P'tite Cerise\",\"url\":\"https:\/\/la-ptite-cerise.be\/\",\"logo\":{\"@type\":\"ImageObject\",\"inLanguage\":\"en-US\",\"@id\":\"https:\/\/la-ptite-cerise.be\/#\/schema\/logo\/image\/\",\"url\":\"https:\/\/la-ptite-cerise.be\/wp-content\/uploads\/2020\/10\/logo-header-01.jpg\",\"contentUrl\":\"https:\/\/la-ptite-cerise.be\/wp-content\/uploads\/2020\/10\/logo-header-01.jpg\",\"width\":176,\"height\":100,\"caption\":\"La P'tite Cerise\"},\"image\":{\"@id\":\"https:\/\/la-ptite-cerise.be\/#\/schema\/logo\/image\/\"},\"sameAs\":[\"https:\/\/www.facebook.com\/laptitecerise\/\",\"https:\/\/www.instagram.com\/la.ptite_cerise\/\"]}]}<\/script>\n<!-- \/ Yoast SEO plugin. -->","yoast_head_json":{"title":"Mangue-chili - La P&#039;tite Cerise","robots":{"index":"index","follow":"follow","max-snippet":"max-snippet:-1","max-image-preview":"max-image-preview:large","max-video-preview":"max-video-preview:-1"},"canonical":"https:\/\/la-ptite-cerise.be\/produit\/mangue-chili\/","og_locale":"en_US","og_type":"article","og_title":"Mangue-chili - La P&#039;tite Cerise","og_description":"Mango &amp; chili infusion. 100 g pouch \u2013 tropical, sweet and lightly spicy.","og_url":"https:\/\/la-ptite-cerise.be\/produit\/mangue-chili\/","og_site_name":"La P&#039;tite Cerise","article_publisher":"https:\/\/www.facebook.com\/laptitecerise\/","og_image":[{"width":500,"height":500,"url":"https:\/\/la-ptite-cerise.be\/wp-content\/uploads\/2020\/12\/86087_1.jpeg","type":"image\/jpeg"}],"twitter_card":"summary_large_image","twitter_misc":{"Est. reading time":"1 minute"},"schema":{"@context":"https:\/\/schema.org","@graph":[{"@type":"WebPage","@id":"https:\/\/la-ptite-cerise.be\/produit\/mangue-chili\/","url":"https:\/\/la-ptite-cerise.be\/produit\/mangue-chili\/","name":"Mangue-chili - La P&#039;tite Cerise","isPartOf":{"@id":"https:\/\/la-ptite-cerise.be\/#website"},"primaryImageOfPage":{"@id":"https:\/\/la-ptite-cerise.be\/produit\/mangue-chili\/#primaryimage"},"image":{"@id":"https:\/\/la-ptite-cerise.be\/produit\/mangue-chili\/#primaryimage"},"thumbnailUrl":"https:\/\/la-ptite-cerise.be\/wp-content\/uploads\/2020\/12\/86087_1.jpeg","datePublished":"2020-12-08T15:45:32+00:00","breadcrumb":{"@id":"https:\/\/la-ptite-cerise.be\/produit\/mangue-chili\/#breadcrumb"},"inLanguage":"en-US","potentialAction":[{"@type":"ReadAction","target":["https:\/\/la-ptite-cerise.be\/produit\/mangue-chili\/"]}]},{"@type":"ImageObject","inLanguage":"en-US","@id":"https:\/\/la-ptite-cerise.be\/produit\/mangue-chili\/#primaryimage","url":"https:\/\/la-ptite-cerise.be\/wp-content\/uploads\/2020\/12\/86087_1.jpeg","contentUrl":"https:\/\/la-ptite-cerise.be\/wp-content\/uploads\/2020\/12\/86087_1.jpeg","width":500,"height":500},{"@type":"BreadcrumbList","@id":"https:\/\/la-ptite-cerise.be\/produit\/mangue-chili\/#breadcrumb","itemListElement":[{"@type":"ListItem","position":1,"name":"Accueil","item":"https:\/\/la-ptite-cerise.be\/en\/"},{"@type":"ListItem","position":2,"name":"Store","item":"https:\/\/la-ptite-cerise.be\/boutique\/"},{"@type":"ListItem","position":3,"name":"Mangue-chili"}]},{"@type":"WebSite","@id":"https:\/\/la-ptite-cerise.be\/#website","url":"https:\/\/la-ptite-cerise.be\/","name":"La P'tite Cerise","description":"Artisan torr\u00e9facteur de caf\u00e9 de sp\u00e9cialit\u00e9. S\u00e9lection de th\u00e9s &amp; tisanes.","publisher":{"@id":"https:\/\/la-ptite-cerise.be\/#organization"},"potentialAction":[{"@type":"SearchAction","target":{"@type":"EntryPoint","urlTemplate":"https:\/\/la-ptite-cerise.be\/?s={search_term_string}"},"query-input":{"@type":"PropertyValueSpecification","valueRequired":true,"valueName":"search_term_string"}}],"inLanguage":"en-US"},{"@type":"Organization","@id":"https:\/\/la-ptite-cerise.be\/#organization","name":"La P'tite Cerise","url":"https:\/\/la-ptite-cerise.be\/","logo":{"@type":"ImageObject","inLanguage":"en-US","@id":"https:\/\/la-ptite-cerise.be\/#\/schema\/logo\/image\/","url":"https:\/\/la-ptite-cerise.be\/wp-content\/uploads\/2020\/10\/logo-header-01.jpg","contentUrl":"https:\/\/la-ptite-cerise.be\/wp-content\/uploads\/2020\/10\/logo-header-01.jpg","width":176,"height":100,"caption":"La P'tite Cerise"},"image":{"@id":"https:\/\/la-ptite-cerise.be\/#\/schema\/logo\/image\/"},"sameAs":["https:\/\/www.facebook.com\/laptitecerise\/","https:\/\/www.instagram.com\/la.ptite_cerise\/"]}]}},"_links":{"self":[{"href":"https:\/\/la-ptite-cerise.be\/en\/wp-json\/wp\/v2\/product\/13773","targetHints":{"allow":["GET"]}}],"collection":[{"href":"https:\/\/la-ptite-cerise.be\/en\/wp-json\/wp\/v2\/product"}],"about":[{"href":"https:\/\/la-ptite-cerise.be\/en\/wp-json\/wp\/v2\/types\/product"}],"wp:featuredmedia":[{"embeddable":true,"href":"https:\/\/la-ptite-cerise.be\/en\/wp-json\/wp\/v2\/media\/13772"}],"wp:attachment":[{"href":"https:\/\/la-ptite-cerise.be\/en\/wp-json\/wp\/v2\/media?parent=13773"}],"wp:term":[{"taxonomy":"product_brand","embeddable":true,"href":"https:\/\/la-ptite-cerise.be\/en\/wp-json\/wp\/v2\/product_brand?post=13773"},{"taxonomy":"product_cat","embeddable":true,"href":"https:\/\/la-ptite-cerise.be\/en\/wp-json\/wp\/v2\/product_cat?post=13773"},{"taxonomy":"product_tag","embeddable":true,"href":"https:\/\/la-ptite-cerise.be\/en\/wp-json\/wp\/v2\/product_tag?post=13773"}],"curies":[{"name":"wp","href":"https:\/\/api.w.org\/{rel}","templated":true}]}}