{"id":13781,"date":"2020-12-08T16:38:30","date_gmt":"2020-12-08T15:38:30","guid":{"rendered":"https:\/\/la-ptite-cerise.be\/produit\/fruits-de-la-foret\/"},"modified":"2020-12-08T16:38:30","modified_gmt":"2020-12-08T15:38:30","slug":"fruits-de-la-foret","status":"publish","type":"product","link":"https:\/\/la-ptite-cerise.be\/en\/produit\/fruits-de-la-foret\/","title":{"rendered":"Fruits de la for\u00eat"},"content":{"rendered":"<h3 class=\"\" data-start=\"1499\" data-end=\"1551\"><strong data-start=\"1508\" data-end=\"1535\">Infusion \u2013 Wild Berries<\/strong> (100 g pouch)<\/h3>\n<p class=\"\" data-start=\"1552\" data-end=\"1619\"><strong data-start=\"1552\" data-end=\"1619\">A naturally sweet and tangy blend of forest fruits and berries.<\/strong><\/p>\n<p class=\"\" data-start=\"1621\" data-end=\"1807\">This caffeine-free herbal infusion combines apple, elderberry, rosehip, wild blueberry, redcurrant, blackcurrant and blackberry for a rich, fruity taste. All-natural and family-friendly.<\/p>\n<p class=\"\" data-start=\"1809\" data-end=\"1864\">\ud83d\udcac <em data-start=\"1812\" data-end=\"1864\">Berry-packed and refreshing \u2013 perfect hot or iced.<\/em><\/p>\n<hr class=\"\" data-start=\"1866\" data-end=\"1869\" \/>\n<h3 class=\"\" data-start=\"1871\" data-end=\"1891\">\u2705 <strong data-start=\"1877\" data-end=\"1891\">Highlights<\/strong><\/h3>\n<ul data-start=\"1892\" data-end=\"1989\">\n<li class=\"\" data-start=\"1892\" data-end=\"1925\">\n<p class=\"\" data-start=\"1894\" data-end=\"1925\">Pure berry and fruit infusion<\/p>\n<\/li>\n<li class=\"\" data-start=\"1926\" data-end=\"1953\">\n<p class=\"\" data-start=\"1928\" data-end=\"1953\">Naturally caffeine-free<\/p>\n<\/li>\n<li class=\"\" data-start=\"1954\" data-end=\"1989\">\n<p class=\"\" data-start=\"1956\" data-end=\"1989\">Ideal for all ages, hot or cold<\/p>\n<\/li>\n<\/ul>\n<hr class=\"\" data-start=\"1991\" data-end=\"1994\" \/>\n<h3 class=\"\" data-start=\"1996\" data-end=\"2020\">\ud83e\uddfe <strong data-start=\"2003\" data-end=\"2018\">Ingredients<\/strong><\/h3>\n<p class=\"\" data-start=\"2021\" data-end=\"2181\">Apple, elderberry, rosehip, wild blueberry, redcurrant, blackberry leaves, mauve, blackcurrant, blackberry<br data-start=\"2127\" data-end=\"2130\" \/><strong data-start=\"2130\" data-end=\"2143\">Allergens<\/strong>: May contain traces of milk and nuts.<\/p>\n<hr class=\"\" data-start=\"2183\" data-end=\"2186\" \/>\n<h3 class=\"\" data-start=\"2188\" data-end=\"2212\">\ud83c\udf7d\ufe0f <strong data-start=\"2196\" data-end=\"2212\">Brewing tips<\/strong><\/h3>\n<ul data-start=\"2213\" data-end=\"2436\">\n<li class=\"\" data-start=\"2213\" data-end=\"2246\">\n<p class=\"\" data-start=\"2215\" data-end=\"2246\"><strong data-start=\"2215\" data-end=\"2236\">Water temperature<\/strong>: 100\u202f\u00b0C<\/p>\n<\/li>\n<li class=\"\" data-start=\"2247\" data-end=\"2283\">\n<p class=\"\" data-start=\"2249\" data-end=\"2283\"><strong data-start=\"2249\" data-end=\"2266\">Steeping time<\/strong>: 10\u201312 minutes<\/p>\n<\/li>\n<li class=\"\" data-start=\"2284\" data-end=\"2350\">\n<p class=\"\" data-start=\"2286\" data-end=\"2299\"><strong data-start=\"2286\" data-end=\"2298\">Quantity<\/strong>:<\/p>\n<ul data-start=\"2302\" data-end=\"2350\">\n<li class=\"\" data-start=\"2302\" data-end=\"2322\">\n<p class=\"\" data-start=\"2304\" data-end=\"2322\">3\u20134 g per 200 ml<\/p>\n<\/li>\n<li class=\"\" data-start=\"2325\" data-end=\"2350\">\n<p class=\"\" data-start=\"2327\" data-end=\"2350\"><strong data-start=\"2327\" data-end=\"2348\">15\u201320 g per litre<\/strong><\/p>\n<\/li>\n<\/ul>\n<\/li>\n<li class=\"\" data-start=\"2351\" data-end=\"2436\">\n<p class=\"\" data-start=\"2353\" data-end=\"2436\"><strong data-start=\"2353\" data-end=\"2375\">Serving suggestion<\/strong>: Great iced with fresh berries, or hot with a touch of honey<\/p>\n<\/li>\n<\/ul>\n","protected":false},"excerpt":{"rendered":"<p>Wild berries infusion. 100 g pouch \u2013 naturally fruity, tangy and caffeine-free.<\/p>\n","protected":false},"featured_media":13779,"template":"","meta":[],"product_brand":[],"product_cat":[143],"product_tag":[],"class_list":{"0":"post-13781","1":"product","2":"type-product","3":"status-publish","4":"has-post-thumbnail","6":"product_cat-tea","8":"first","9":"instock","10":"taxable","11":"shipping-taxable","12":"purchasable","13":"product-type-simple"},"yoast_head":"<!-- This site is optimized with the Yoast SEO plugin v25.7 - https:\/\/yoast.com\/wordpress\/plugins\/seo\/ -->\n<title>Fruits de la for\u00eat - La P&#039;tite Cerise<\/title>\n<meta name=\"robots\" content=\"index, follow, max-snippet:-1, max-image-preview:large, max-video-preview:-1\" \/>\n<link rel=\"canonical\" href=\"https:\/\/la-ptite-cerise.be\/produit\/fruits-de-la-foret\/\" \/>\n<meta property=\"og:locale\" content=\"en_US\" \/>\n<meta property=\"og:type\" content=\"article\" \/>\n<meta property=\"og:title\" content=\"Fruits de la for\u00eat - La P&#039;tite Cerise\" \/>\n<meta property=\"og:description\" content=\"Wild berries infusion. 100 g pouch \u2013 naturally fruity, tangy and caffeine-free.\" \/>\n<meta property=\"og:url\" content=\"https:\/\/la-ptite-cerise.be\/produit\/fruits-de-la-foret\/\" \/>\n<meta property=\"og:site_name\" content=\"La P&#039;tite Cerise\" \/>\n<meta property=\"article:publisher\" content=\"https:\/\/www.facebook.com\/laptitecerise\/\" \/>\n<meta property=\"og:image\" content=\"https:\/\/la-ptite-cerise.be\/wp-content\/uploads\/2020\/12\/86043_1.jpeg\" \/>\n\t<meta property=\"og:image:width\" content=\"500\" \/>\n\t<meta property=\"og:image:height\" content=\"500\" \/>\n\t<meta property=\"og:image:type\" content=\"image\/jpeg\" \/>\n<meta name=\"twitter:card\" content=\"summary_large_image\" \/>\n<meta name=\"twitter:label1\" content=\"Est. reading time\" \/>\n\t<meta name=\"twitter:data1\" content=\"1 minute\" \/>\n<script type=\"application\/ld+json\" class=\"yoast-schema-graph\">{\"@context\":\"https:\/\/schema.org\",\"@graph\":[{\"@type\":\"WebPage\",\"@id\":\"https:\/\/la-ptite-cerise.be\/produit\/fruits-de-la-foret\/\",\"url\":\"https:\/\/la-ptite-cerise.be\/produit\/fruits-de-la-foret\/\",\"name\":\"Fruits de la for\u00eat - La P&#039;tite Cerise\",\"isPartOf\":{\"@id\":\"https:\/\/la-ptite-cerise.be\/#website\"},\"primaryImageOfPage\":{\"@id\":\"https:\/\/la-ptite-cerise.be\/produit\/fruits-de-la-foret\/#primaryimage\"},\"image\":{\"@id\":\"https:\/\/la-ptite-cerise.be\/produit\/fruits-de-la-foret\/#primaryimage\"},\"thumbnailUrl\":\"https:\/\/la-ptite-cerise.be\/wp-content\/uploads\/2020\/12\/86043_1.jpeg\",\"datePublished\":\"2020-12-08T15:38:30+00:00\",\"breadcrumb\":{\"@id\":\"https:\/\/la-ptite-cerise.be\/produit\/fruits-de-la-foret\/#breadcrumb\"},\"inLanguage\":\"en-US\",\"potentialAction\":[{\"@type\":\"ReadAction\",\"target\":[\"https:\/\/la-ptite-cerise.be\/produit\/fruits-de-la-foret\/\"]}]},{\"@type\":\"ImageObject\",\"inLanguage\":\"en-US\",\"@id\":\"https:\/\/la-ptite-cerise.be\/produit\/fruits-de-la-foret\/#primaryimage\",\"url\":\"https:\/\/la-ptite-cerise.be\/wp-content\/uploads\/2020\/12\/86043_1.jpeg\",\"contentUrl\":\"https:\/\/la-ptite-cerise.be\/wp-content\/uploads\/2020\/12\/86043_1.jpeg\",\"width\":500,\"height\":500},{\"@type\":\"BreadcrumbList\",\"@id\":\"https:\/\/la-ptite-cerise.be\/produit\/fruits-de-la-foret\/#breadcrumb\",\"itemListElement\":[{\"@type\":\"ListItem\",\"position\":1,\"name\":\"Accueil\",\"item\":\"https:\/\/la-ptite-cerise.be\/en\/\"},{\"@type\":\"ListItem\",\"position\":2,\"name\":\"Store\",\"item\":\"https:\/\/la-ptite-cerise.be\/boutique\/\"},{\"@type\":\"ListItem\",\"position\":3,\"name\":\"Fruits de la for\u00eat\"}]},{\"@type\":\"WebSite\",\"@id\":\"https:\/\/la-ptite-cerise.be\/#website\",\"url\":\"https:\/\/la-ptite-cerise.be\/\",\"name\":\"La P'tite Cerise\",\"description\":\"Artisan torr\u00e9facteur de caf\u00e9 de sp\u00e9cialit\u00e9. S\u00e9lection de th\u00e9s &amp; tisanes.\",\"publisher\":{\"@id\":\"https:\/\/la-ptite-cerise.be\/#organization\"},\"potentialAction\":[{\"@type\":\"SearchAction\",\"target\":{\"@type\":\"EntryPoint\",\"urlTemplate\":\"https:\/\/la-ptite-cerise.be\/?s={search_term_string}\"},\"query-input\":{\"@type\":\"PropertyValueSpecification\",\"valueRequired\":true,\"valueName\":\"search_term_string\"}}],\"inLanguage\":\"en-US\"},{\"@type\":\"Organization\",\"@id\":\"https:\/\/la-ptite-cerise.be\/#organization\",\"name\":\"La P'tite Cerise\",\"url\":\"https:\/\/la-ptite-cerise.be\/\",\"logo\":{\"@type\":\"ImageObject\",\"inLanguage\":\"en-US\",\"@id\":\"https:\/\/la-ptite-cerise.be\/#\/schema\/logo\/image\/\",\"url\":\"https:\/\/la-ptite-cerise.be\/wp-content\/uploads\/2020\/10\/logo-header-01.jpg\",\"contentUrl\":\"https:\/\/la-ptite-cerise.be\/wp-content\/uploads\/2020\/10\/logo-header-01.jpg\",\"width\":176,\"height\":100,\"caption\":\"La P'tite Cerise\"},\"image\":{\"@id\":\"https:\/\/la-ptite-cerise.be\/#\/schema\/logo\/image\/\"},\"sameAs\":[\"https:\/\/www.facebook.com\/laptitecerise\/\",\"https:\/\/www.instagram.com\/la.ptite_cerise\/\"]}]}<\/script>\n<!-- \/ Yoast SEO plugin. -->","yoast_head_json":{"title":"Fruits de la for\u00eat - La P&#039;tite Cerise","robots":{"index":"index","follow":"follow","max-snippet":"max-snippet:-1","max-image-preview":"max-image-preview:large","max-video-preview":"max-video-preview:-1"},"canonical":"https:\/\/la-ptite-cerise.be\/produit\/fruits-de-la-foret\/","og_locale":"en_US","og_type":"article","og_title":"Fruits de la for\u00eat - La P&#039;tite Cerise","og_description":"Wild berries infusion. 100 g pouch \u2013 naturally fruity, tangy and caffeine-free.","og_url":"https:\/\/la-ptite-cerise.be\/produit\/fruits-de-la-foret\/","og_site_name":"La P&#039;tite Cerise","article_publisher":"https:\/\/www.facebook.com\/laptitecerise\/","og_image":[{"width":500,"height":500,"url":"https:\/\/la-ptite-cerise.be\/wp-content\/uploads\/2020\/12\/86043_1.jpeg","type":"image\/jpeg"}],"twitter_card":"summary_large_image","twitter_misc":{"Est. reading time":"1 minute"},"schema":{"@context":"https:\/\/schema.org","@graph":[{"@type":"WebPage","@id":"https:\/\/la-ptite-cerise.be\/produit\/fruits-de-la-foret\/","url":"https:\/\/la-ptite-cerise.be\/produit\/fruits-de-la-foret\/","name":"Fruits de la for\u00eat - La P&#039;tite Cerise","isPartOf":{"@id":"https:\/\/la-ptite-cerise.be\/#website"},"primaryImageOfPage":{"@id":"https:\/\/la-ptite-cerise.be\/produit\/fruits-de-la-foret\/#primaryimage"},"image":{"@id":"https:\/\/la-ptite-cerise.be\/produit\/fruits-de-la-foret\/#primaryimage"},"thumbnailUrl":"https:\/\/la-ptite-cerise.be\/wp-content\/uploads\/2020\/12\/86043_1.jpeg","datePublished":"2020-12-08T15:38:30+00:00","breadcrumb":{"@id":"https:\/\/la-ptite-cerise.be\/produit\/fruits-de-la-foret\/#breadcrumb"},"inLanguage":"en-US","potentialAction":[{"@type":"ReadAction","target":["https:\/\/la-ptite-cerise.be\/produit\/fruits-de-la-foret\/"]}]},{"@type":"ImageObject","inLanguage":"en-US","@id":"https:\/\/la-ptite-cerise.be\/produit\/fruits-de-la-foret\/#primaryimage","url":"https:\/\/la-ptite-cerise.be\/wp-content\/uploads\/2020\/12\/86043_1.jpeg","contentUrl":"https:\/\/la-ptite-cerise.be\/wp-content\/uploads\/2020\/12\/86043_1.jpeg","width":500,"height":500},{"@type":"BreadcrumbList","@id":"https:\/\/la-ptite-cerise.be\/produit\/fruits-de-la-foret\/#breadcrumb","itemListElement":[{"@type":"ListItem","position":1,"name":"Accueil","item":"https:\/\/la-ptite-cerise.be\/en\/"},{"@type":"ListItem","position":2,"name":"Store","item":"https:\/\/la-ptite-cerise.be\/boutique\/"},{"@type":"ListItem","position":3,"name":"Fruits de la for\u00eat"}]},{"@type":"WebSite","@id":"https:\/\/la-ptite-cerise.be\/#website","url":"https:\/\/la-ptite-cerise.be\/","name":"La P'tite Cerise","description":"Artisan torr\u00e9facteur de caf\u00e9 de sp\u00e9cialit\u00e9. S\u00e9lection de th\u00e9s &amp; tisanes.","publisher":{"@id":"https:\/\/la-ptite-cerise.be\/#organization"},"potentialAction":[{"@type":"SearchAction","target":{"@type":"EntryPoint","urlTemplate":"https:\/\/la-ptite-cerise.be\/?s={search_term_string}"},"query-input":{"@type":"PropertyValueSpecification","valueRequired":true,"valueName":"search_term_string"}}],"inLanguage":"en-US"},{"@type":"Organization","@id":"https:\/\/la-ptite-cerise.be\/#organization","name":"La P'tite Cerise","url":"https:\/\/la-ptite-cerise.be\/","logo":{"@type":"ImageObject","inLanguage":"en-US","@id":"https:\/\/la-ptite-cerise.be\/#\/schema\/logo\/image\/","url":"https:\/\/la-ptite-cerise.be\/wp-content\/uploads\/2020\/10\/logo-header-01.jpg","contentUrl":"https:\/\/la-ptite-cerise.be\/wp-content\/uploads\/2020\/10\/logo-header-01.jpg","width":176,"height":100,"caption":"La P'tite Cerise"},"image":{"@id":"https:\/\/la-ptite-cerise.be\/#\/schema\/logo\/image\/"},"sameAs":["https:\/\/www.facebook.com\/laptitecerise\/","https:\/\/www.instagram.com\/la.ptite_cerise\/"]}]}},"_links":{"self":[{"href":"https:\/\/la-ptite-cerise.be\/en\/wp-json\/wp\/v2\/product\/13781","targetHints":{"allow":["GET"]}}],"collection":[{"href":"https:\/\/la-ptite-cerise.be\/en\/wp-json\/wp\/v2\/product"}],"about":[{"href":"https:\/\/la-ptite-cerise.be\/en\/wp-json\/wp\/v2\/types\/product"}],"wp:featuredmedia":[{"embeddable":true,"href":"https:\/\/la-ptite-cerise.be\/en\/wp-json\/wp\/v2\/media\/13779"}],"wp:attachment":[{"href":"https:\/\/la-ptite-cerise.be\/en\/wp-json\/wp\/v2\/media?parent=13781"}],"wp:term":[{"taxonomy":"product_brand","embeddable":true,"href":"https:\/\/la-ptite-cerise.be\/en\/wp-json\/wp\/v2\/product_brand?post=13781"},{"taxonomy":"product_cat","embeddable":true,"href":"https:\/\/la-ptite-cerise.be\/en\/wp-json\/wp\/v2\/product_cat?post=13781"},{"taxonomy":"product_tag","embeddable":true,"href":"https:\/\/la-ptite-cerise.be\/en\/wp-json\/wp\/v2\/product_tag?post=13781"}],"curies":[{"name":"wp","href":"https:\/\/api.w.org\/{rel}","templated":true}]}}