{"id":13796,"date":"2020-12-08T15:39:54","date_gmt":"2020-12-08T14:39:54","guid":{"rendered":"https:\/\/la-ptite-cerise.be\/produit\/feuilles-de-verveine\/"},"modified":"2020-12-08T15:39:54","modified_gmt":"2020-12-08T14:39:54","slug":"feuilles-de-verveine","status":"publish","type":"product","link":"https:\/\/la-ptite-cerise.be\/en\/produit\/feuilles-de-verveine\/","title":{"rendered":"Feuilles de verveine"},"content":{"rendered":"<h3 class=\"\" data-start=\"1455\" data-end=\"1515\"><strong data-start=\"1464\" data-end=\"1499\">Infusion \u2013 Whole Verbena Leaves<\/strong> (100 g pouch)<\/h3>\n<p class=\"\" data-start=\"1516\" data-end=\"1587\"><strong data-start=\"1516\" data-end=\"1587\">A naturally calming herbal infusion made with whole verbena leaves.<\/strong><\/p>\n<p class=\"\" data-start=\"1589\" data-end=\"1797\">This classic herbal tea has a soft, lemony flavour and is well-known for its relaxing properties. Made with whole leaves, it delivers a richer and more fragrant cup \u2013 perfect for evenings or peaceful moments.<\/p>\n<p class=\"\" data-start=\"1799\" data-end=\"1863\">\ud83d\udcac <em data-start=\"1802\" data-end=\"1863\">Soothing, fresh and caffeine-free \u2013 ideal for winding down.<\/em><\/p>\n<hr class=\"\" data-start=\"1865\" data-end=\"1868\" \/>\n<h3 class=\"\" data-start=\"1870\" data-end=\"1890\">\u2705 <strong data-start=\"1876\" data-end=\"1890\">Highlights<\/strong><\/h3>\n<ul data-start=\"1891\" data-end=\"2000\">\n<li class=\"\" data-start=\"1891\" data-end=\"1940\">\n<p class=\"\" data-start=\"1893\" data-end=\"1940\">Whole-leaf verbena \u2013 better aroma and flavour<\/p>\n<\/li>\n<li class=\"\" data-start=\"1941\" data-end=\"1968\">\n<p class=\"\" data-start=\"1943\" data-end=\"1968\">Naturally caffeine-free<\/p>\n<\/li>\n<li class=\"\" data-start=\"1969\" data-end=\"2000\">\n<p class=\"\" data-start=\"1971\" data-end=\"2000\">Perfect for relaxing breaks<\/p>\n<\/li>\n<\/ul>\n<hr class=\"\" data-start=\"2002\" data-end=\"2005\" \/>\n<h3 class=\"\" data-start=\"2007\" data-end=\"2031\">\ud83e\uddfe <strong data-start=\"2014\" data-end=\"2029\">Ingredients<\/strong><\/h3>\n<p class=\"\" data-start=\"2032\" data-end=\"2106\">Whole verbena leaves<br data-start=\"2052\" data-end=\"2055\" \/><strong data-start=\"2055\" data-end=\"2068\">Allergens<\/strong>: May contain traces of milk and nuts.<\/p>\n<hr class=\"\" data-start=\"2108\" data-end=\"2111\" \/>\n<h3 class=\"\" data-start=\"2113\" data-end=\"2137\">\ud83c\udf7d\ufe0f <strong data-start=\"2121\" data-end=\"2137\">Brewing tips<\/strong><\/h3>\n<ul data-start=\"2138\" data-end=\"2366\">\n<li class=\"\" data-start=\"2138\" data-end=\"2171\">\n<p class=\"\" data-start=\"2140\" data-end=\"2171\"><strong data-start=\"2140\" data-end=\"2161\">Water temperature<\/strong>: 100\u202f\u00b0C<\/p>\n<\/li>\n<li class=\"\" data-start=\"2172\" data-end=\"2207\">\n<p class=\"\" data-start=\"2174\" data-end=\"2207\"><strong data-start=\"2174\" data-end=\"2191\">Steeping time<\/strong>: 7\u201310 minutes<\/p>\n<\/li>\n<li class=\"\" data-start=\"2208\" data-end=\"2276\">\n<p class=\"\" data-start=\"2210\" data-end=\"2223\"><strong data-start=\"2210\" data-end=\"2222\">Quantity<\/strong>:<\/p>\n<ul data-start=\"2226\" data-end=\"2276\">\n<li class=\"\" data-start=\"2226\" data-end=\"2248\">\n<p class=\"\" data-start=\"2228\" data-end=\"2248\">2.5\u20133 g per 200 ml<\/p>\n<\/li>\n<li class=\"\" data-start=\"2251\" data-end=\"2276\">\n<p class=\"\" data-start=\"2253\" data-end=\"2276\"><strong data-start=\"2253\" data-end=\"2274\">12\u201315 g per litre<\/strong><\/p>\n<\/li>\n<\/ul>\n<\/li>\n<li class=\"\" data-start=\"2277\" data-end=\"2366\">\n<p class=\"\" data-start=\"2279\" data-end=\"2366\"><strong data-start=\"2279\" data-end=\"2301\">Serving suggestion<\/strong>: Drink plain or with a touch of honey for a smooth, relaxing cup<\/p>\n<\/li>\n<\/ul>\n","protected":false},"excerpt":{"rendered":"<p>Whole verbena infusion. 100 g pouch \u2013 soft, lemony and caffeine-free.<\/p>\n","protected":false},"featured_media":13794,"template":"","meta":[],"product_brand":[],"product_cat":[143],"product_tag":[],"class_list":{"0":"post-13796","1":"product","2":"type-product","3":"status-publish","4":"has-post-thumbnail","6":"product_cat-tea","8":"first","9":"instock","10":"taxable","11":"shipping-taxable","12":"purchasable","13":"product-type-simple"},"yoast_head":"<!-- This site is optimized with the Yoast SEO plugin v25.7 - https:\/\/yoast.com\/wordpress\/plugins\/seo\/ -->\n<title>Feuilles de verveine - La P&#039;tite Cerise<\/title>\n<meta name=\"robots\" content=\"index, follow, max-snippet:-1, max-image-preview:large, max-video-preview:-1\" \/>\n<link rel=\"canonical\" href=\"https:\/\/la-ptite-cerise.be\/produit\/feuilles-de-verveine\/\" \/>\n<meta property=\"og:locale\" content=\"en_US\" \/>\n<meta property=\"og:type\" content=\"article\" \/>\n<meta property=\"og:title\" content=\"Feuilles de verveine - La P&#039;tite Cerise\" \/>\n<meta property=\"og:description\" content=\"Whole verbena infusion. 100 g pouch \u2013 soft, lemony and caffeine-free.\" \/>\n<meta property=\"og:url\" content=\"https:\/\/la-ptite-cerise.be\/produit\/feuilles-de-verveine\/\" \/>\n<meta property=\"og:site_name\" content=\"La P&#039;tite Cerise\" \/>\n<meta property=\"article:publisher\" content=\"https:\/\/www.facebook.com\/laptitecerise\/\" \/>\n<meta property=\"og:image\" content=\"https:\/\/la-ptite-cerise.be\/wp-content\/uploads\/2020\/12\/82353_1.jpeg\" \/>\n\t<meta property=\"og:image:width\" content=\"500\" \/>\n\t<meta property=\"og:image:height\" content=\"500\" \/>\n\t<meta property=\"og:image:type\" content=\"image\/jpeg\" \/>\n<meta name=\"twitter:card\" content=\"summary_large_image\" \/>\n<meta name=\"twitter:label1\" content=\"Est. reading time\" \/>\n\t<meta name=\"twitter:data1\" content=\"1 minute\" \/>\n<script type=\"application\/ld+json\" class=\"yoast-schema-graph\">{\"@context\":\"https:\/\/schema.org\",\"@graph\":[{\"@type\":\"WebPage\",\"@id\":\"https:\/\/la-ptite-cerise.be\/produit\/feuilles-de-verveine\/\",\"url\":\"https:\/\/la-ptite-cerise.be\/produit\/feuilles-de-verveine\/\",\"name\":\"Feuilles de verveine - La P&#039;tite Cerise\",\"isPartOf\":{\"@id\":\"https:\/\/la-ptite-cerise.be\/#website\"},\"primaryImageOfPage\":{\"@id\":\"https:\/\/la-ptite-cerise.be\/produit\/feuilles-de-verveine\/#primaryimage\"},\"image\":{\"@id\":\"https:\/\/la-ptite-cerise.be\/produit\/feuilles-de-verveine\/#primaryimage\"},\"thumbnailUrl\":\"https:\/\/la-ptite-cerise.be\/wp-content\/uploads\/2020\/12\/82353_1.jpeg\",\"datePublished\":\"2020-12-08T14:39:54+00:00\",\"breadcrumb\":{\"@id\":\"https:\/\/la-ptite-cerise.be\/produit\/feuilles-de-verveine\/#breadcrumb\"},\"inLanguage\":\"en-US\",\"potentialAction\":[{\"@type\":\"ReadAction\",\"target\":[\"https:\/\/la-ptite-cerise.be\/produit\/feuilles-de-verveine\/\"]}]},{\"@type\":\"ImageObject\",\"inLanguage\":\"en-US\",\"@id\":\"https:\/\/la-ptite-cerise.be\/produit\/feuilles-de-verveine\/#primaryimage\",\"url\":\"https:\/\/la-ptite-cerise.be\/wp-content\/uploads\/2020\/12\/82353_1.jpeg\",\"contentUrl\":\"https:\/\/la-ptite-cerise.be\/wp-content\/uploads\/2020\/12\/82353_1.jpeg\",\"width\":500,\"height\":500},{\"@type\":\"BreadcrumbList\",\"@id\":\"https:\/\/la-ptite-cerise.be\/produit\/feuilles-de-verveine\/#breadcrumb\",\"itemListElement\":[{\"@type\":\"ListItem\",\"position\":1,\"name\":\"Accueil\",\"item\":\"https:\/\/la-ptite-cerise.be\/en\/\"},{\"@type\":\"ListItem\",\"position\":2,\"name\":\"Store\",\"item\":\"https:\/\/la-ptite-cerise.be\/boutique\/\"},{\"@type\":\"ListItem\",\"position\":3,\"name\":\"Feuilles de verveine\"}]},{\"@type\":\"WebSite\",\"@id\":\"https:\/\/la-ptite-cerise.be\/#website\",\"url\":\"https:\/\/la-ptite-cerise.be\/\",\"name\":\"La P'tite Cerise\",\"description\":\"Artisan torr\u00e9facteur de caf\u00e9 de sp\u00e9cialit\u00e9. S\u00e9lection de th\u00e9s &amp; tisanes.\",\"publisher\":{\"@id\":\"https:\/\/la-ptite-cerise.be\/#organization\"},\"potentialAction\":[{\"@type\":\"SearchAction\",\"target\":{\"@type\":\"EntryPoint\",\"urlTemplate\":\"https:\/\/la-ptite-cerise.be\/?s={search_term_string}\"},\"query-input\":{\"@type\":\"PropertyValueSpecification\",\"valueRequired\":true,\"valueName\":\"search_term_string\"}}],\"inLanguage\":\"en-US\"},{\"@type\":\"Organization\",\"@id\":\"https:\/\/la-ptite-cerise.be\/#organization\",\"name\":\"La P'tite Cerise\",\"url\":\"https:\/\/la-ptite-cerise.be\/\",\"logo\":{\"@type\":\"ImageObject\",\"inLanguage\":\"en-US\",\"@id\":\"https:\/\/la-ptite-cerise.be\/#\/schema\/logo\/image\/\",\"url\":\"https:\/\/la-ptite-cerise.be\/wp-content\/uploads\/2020\/10\/logo-header-01.jpg\",\"contentUrl\":\"https:\/\/la-ptite-cerise.be\/wp-content\/uploads\/2020\/10\/logo-header-01.jpg\",\"width\":176,\"height\":100,\"caption\":\"La P'tite Cerise\"},\"image\":{\"@id\":\"https:\/\/la-ptite-cerise.be\/#\/schema\/logo\/image\/\"},\"sameAs\":[\"https:\/\/www.facebook.com\/laptitecerise\/\",\"https:\/\/www.instagram.com\/la.ptite_cerise\/\"]}]}<\/script>\n<!-- \/ Yoast SEO plugin. -->","yoast_head_json":{"title":"Feuilles de verveine - La P&#039;tite Cerise","robots":{"index":"index","follow":"follow","max-snippet":"max-snippet:-1","max-image-preview":"max-image-preview:large","max-video-preview":"max-video-preview:-1"},"canonical":"https:\/\/la-ptite-cerise.be\/produit\/feuilles-de-verveine\/","og_locale":"en_US","og_type":"article","og_title":"Feuilles de verveine - La P&#039;tite Cerise","og_description":"Whole verbena infusion. 100 g pouch \u2013 soft, lemony and caffeine-free.","og_url":"https:\/\/la-ptite-cerise.be\/produit\/feuilles-de-verveine\/","og_site_name":"La P&#039;tite Cerise","article_publisher":"https:\/\/www.facebook.com\/laptitecerise\/","og_image":[{"width":500,"height":500,"url":"https:\/\/la-ptite-cerise.be\/wp-content\/uploads\/2020\/12\/82353_1.jpeg","type":"image\/jpeg"}],"twitter_card":"summary_large_image","twitter_misc":{"Est. reading time":"1 minute"},"schema":{"@context":"https:\/\/schema.org","@graph":[{"@type":"WebPage","@id":"https:\/\/la-ptite-cerise.be\/produit\/feuilles-de-verveine\/","url":"https:\/\/la-ptite-cerise.be\/produit\/feuilles-de-verveine\/","name":"Feuilles de verveine - La P&#039;tite Cerise","isPartOf":{"@id":"https:\/\/la-ptite-cerise.be\/#website"},"primaryImageOfPage":{"@id":"https:\/\/la-ptite-cerise.be\/produit\/feuilles-de-verveine\/#primaryimage"},"image":{"@id":"https:\/\/la-ptite-cerise.be\/produit\/feuilles-de-verveine\/#primaryimage"},"thumbnailUrl":"https:\/\/la-ptite-cerise.be\/wp-content\/uploads\/2020\/12\/82353_1.jpeg","datePublished":"2020-12-08T14:39:54+00:00","breadcrumb":{"@id":"https:\/\/la-ptite-cerise.be\/produit\/feuilles-de-verveine\/#breadcrumb"},"inLanguage":"en-US","potentialAction":[{"@type":"ReadAction","target":["https:\/\/la-ptite-cerise.be\/produit\/feuilles-de-verveine\/"]}]},{"@type":"ImageObject","inLanguage":"en-US","@id":"https:\/\/la-ptite-cerise.be\/produit\/feuilles-de-verveine\/#primaryimage","url":"https:\/\/la-ptite-cerise.be\/wp-content\/uploads\/2020\/12\/82353_1.jpeg","contentUrl":"https:\/\/la-ptite-cerise.be\/wp-content\/uploads\/2020\/12\/82353_1.jpeg","width":500,"height":500},{"@type":"BreadcrumbList","@id":"https:\/\/la-ptite-cerise.be\/produit\/feuilles-de-verveine\/#breadcrumb","itemListElement":[{"@type":"ListItem","position":1,"name":"Accueil","item":"https:\/\/la-ptite-cerise.be\/en\/"},{"@type":"ListItem","position":2,"name":"Store","item":"https:\/\/la-ptite-cerise.be\/boutique\/"},{"@type":"ListItem","position":3,"name":"Feuilles de verveine"}]},{"@type":"WebSite","@id":"https:\/\/la-ptite-cerise.be\/#website","url":"https:\/\/la-ptite-cerise.be\/","name":"La P'tite Cerise","description":"Artisan torr\u00e9facteur de caf\u00e9 de sp\u00e9cialit\u00e9. S\u00e9lection de th\u00e9s &amp; tisanes.","publisher":{"@id":"https:\/\/la-ptite-cerise.be\/#organization"},"potentialAction":[{"@type":"SearchAction","target":{"@type":"EntryPoint","urlTemplate":"https:\/\/la-ptite-cerise.be\/?s={search_term_string}"},"query-input":{"@type":"PropertyValueSpecification","valueRequired":true,"valueName":"search_term_string"}}],"inLanguage":"en-US"},{"@type":"Organization","@id":"https:\/\/la-ptite-cerise.be\/#organization","name":"La P'tite Cerise","url":"https:\/\/la-ptite-cerise.be\/","logo":{"@type":"ImageObject","inLanguage":"en-US","@id":"https:\/\/la-ptite-cerise.be\/#\/schema\/logo\/image\/","url":"https:\/\/la-ptite-cerise.be\/wp-content\/uploads\/2020\/10\/logo-header-01.jpg","contentUrl":"https:\/\/la-ptite-cerise.be\/wp-content\/uploads\/2020\/10\/logo-header-01.jpg","width":176,"height":100,"caption":"La P'tite Cerise"},"image":{"@id":"https:\/\/la-ptite-cerise.be\/#\/schema\/logo\/image\/"},"sameAs":["https:\/\/www.facebook.com\/laptitecerise\/","https:\/\/www.instagram.com\/la.ptite_cerise\/"]}]}},"_links":{"self":[{"href":"https:\/\/la-ptite-cerise.be\/en\/wp-json\/wp\/v2\/product\/13796","targetHints":{"allow":["GET"]}}],"collection":[{"href":"https:\/\/la-ptite-cerise.be\/en\/wp-json\/wp\/v2\/product"}],"about":[{"href":"https:\/\/la-ptite-cerise.be\/en\/wp-json\/wp\/v2\/types\/product"}],"wp:featuredmedia":[{"embeddable":true,"href":"https:\/\/la-ptite-cerise.be\/en\/wp-json\/wp\/v2\/media\/13794"}],"wp:attachment":[{"href":"https:\/\/la-ptite-cerise.be\/en\/wp-json\/wp\/v2\/media?parent=13796"}],"wp:term":[{"taxonomy":"product_brand","embeddable":true,"href":"https:\/\/la-ptite-cerise.be\/en\/wp-json\/wp\/v2\/product_brand?post=13796"},{"taxonomy":"product_cat","embeddable":true,"href":"https:\/\/la-ptite-cerise.be\/en\/wp-json\/wp\/v2\/product_cat?post=13796"},{"taxonomy":"product_tag","embeddable":true,"href":"https:\/\/la-ptite-cerise.be\/en\/wp-json\/wp\/v2\/product_tag?post=13796"}],"curies":[{"name":"wp","href":"https:\/\/api.w.org\/{rel}","templated":true}]}}