{"id":13813,"date":"2025-04-18T13:36:51","date_gmt":"2025-04-18T11:36:52","guid":{"rendered":"https:\/\/la-ptite-cerise.be\/?post_type=product&#038;p=13813"},"modified":"2025-04-18T13:40:47","modified_gmt":"2025-04-18T11:40:47","slug":"premium-japan-sencha-konomi-copie","status":"publish","type":"product","link":"https:\/\/la-ptite-cerise.be\/en\/produit\/premium-japan-sencha-konomi-copie\/","title":{"rendered":"Woojeon Green"},"content":{"rendered":"<h3 class=\"\" data-start=\"1672\" data-end=\"1726\"><strong data-start=\"1681\" data-end=\"1710\">Green Tea \u2013 Woojeon Green<\/strong> (100 g pouch)<\/h3>\n<p class=\"\" data-start=\"1727\" data-end=\"1795\"><strong data-start=\"1727\" data-end=\"1795\">A rare Korean green tea, harvested before the first spring rain.<\/strong><\/p>\n<p class=\"\" data-start=\"1797\" data-end=\"2070\">Woojeon is made from only the finest young buds and leaves, picked before \u201cGokwoo\u201d, the grain rain. Its traditional processing yields a beautiful jade-green liquor, smooth and umami-rich, with subtle sweetness and a hint of the sea \u2013 reminiscent of steamed Japanese greens.<\/p>\n<p class=\"\" data-start=\"2072\" data-end=\"2148\">\ud83d\udcac <em data-start=\"2075\" data-end=\"2148\">Elegant, fresh and deeply satisfying \u2013 a premium tea for quiet moments.<\/em><\/p>\n<hr class=\"\" data-start=\"2150\" data-end=\"2153\" \/>\n<h3 class=\"\" data-start=\"2155\" data-end=\"2175\">\u2705 <strong data-start=\"2161\" data-end=\"2175\">Highlights<\/strong><\/h3>\n<ul data-start=\"2176\" data-end=\"2273\">\n<li class=\"\" data-start=\"2176\" data-end=\"2209\">\n<p class=\"\" data-start=\"2178\" data-end=\"2209\">Early spring Korean green tea<\/p>\n<\/li>\n<li class=\"\" data-start=\"2210\" data-end=\"2253\">\n<p class=\"\" data-start=\"2212\" data-end=\"2253\">Naturally sweet, vegetal and umami-rich<\/p>\n<\/li>\n<li class=\"\" data-start=\"2254\" data-end=\"2273\">\n<p class=\"\" data-start=\"2256\" data-end=\"2273\">Low in caffeine<\/p>\n<\/li>\n<\/ul>\n<hr class=\"\" data-start=\"2275\" data-end=\"2278\" \/>\n<h3 class=\"\" data-start=\"2280\" data-end=\"2304\">\ud83e\uddfe <strong data-start=\"2287\" data-end=\"2302\">Ingredients<\/strong><\/h3>\n<p class=\"\" data-start=\"2305\" data-end=\"2376\">Woojeon green tea<br data-start=\"2322\" data-end=\"2325\" \/><strong data-start=\"2325\" data-end=\"2338\">Allergens<\/strong>: May contain traces of milk and nuts.<\/p>\n<hr class=\"\" data-start=\"2378\" data-end=\"2381\" \/>\n<h3 class=\"\" data-start=\"2383\" data-end=\"2407\">\ud83c\udf7d\ufe0f <strong data-start=\"2391\" data-end=\"2407\">Brewing tips<\/strong><\/h3>\n<ul data-start=\"2408\" data-end=\"2640\">\n<li class=\"\" data-start=\"2408\" data-end=\"2443\">\n<p class=\"\" data-start=\"2410\" data-end=\"2443\"><strong data-start=\"2410\" data-end=\"2431\">Water temperature<\/strong>: 70\u201380\u202f\u00b0C<\/p>\n<\/li>\n<li class=\"\" data-start=\"2444\" data-end=\"2480\">\n<p class=\"\" data-start=\"2446\" data-end=\"2480\"><strong data-start=\"2446\" data-end=\"2463\">Steeping time<\/strong>: 1.5\u20133 minutes<\/p>\n<\/li>\n<li class=\"\" data-start=\"2481\" data-end=\"2549\">\n<p class=\"\" data-start=\"2483\" data-end=\"2496\"><strong data-start=\"2483\" data-end=\"2495\">Quantity<\/strong>:<\/p>\n<ul data-start=\"2499\" data-end=\"2549\">\n<li class=\"\" data-start=\"2499\" data-end=\"2521\">\n<p class=\"\" data-start=\"2501\" data-end=\"2521\">2.5\u20133 g per 200 ml<\/p>\n<\/li>\n<li class=\"\" data-start=\"2524\" data-end=\"2549\">\n<p class=\"\" data-start=\"2526\" data-end=\"2549\"><strong data-start=\"2526\" data-end=\"2547\">12\u201315 g per litre<\/strong><\/p>\n<\/li>\n<\/ul>\n<\/li>\n<li class=\"\" data-start=\"2550\" data-end=\"2640\">\n<p class=\"\" data-start=\"2552\" data-end=\"2640\"><strong data-start=\"2552\" data-end=\"2574\">Serving suggestion<\/strong>: Best enjoyed pure, in a small teapot or traditional Korean style<\/p>\n<\/li>\n<\/ul>\n","protected":false},"excerpt":{"rendered":"<p>Early spring Korean green tea. 100 g pouch \u2013 smooth, vegetal and elegant.<\/p>\n","protected":false},"featured_media":13815,"template":"","meta":[],"product_brand":[],"product_cat":[143],"product_tag":[],"class_list":{"0":"post-13813","1":"product","2":"type-product","3":"status-publish","4":"has-post-thumbnail","6":"product_cat-tea","8":"first","9":"instock","10":"taxable","11":"shipping-taxable","12":"purchasable","13":"product-type-simple"},"yoast_head":"<!-- This site is optimized with the Yoast SEO plugin v25.7 - https:\/\/yoast.com\/wordpress\/plugins\/seo\/ -->\n<title>Woojeon Green - La P&#039;tite Cerise<\/title>\n<meta name=\"robots\" content=\"index, follow, max-snippet:-1, max-image-preview:large, max-video-preview:-1\" \/>\n<link rel=\"canonical\" href=\"https:\/\/la-ptite-cerise.be\/produit\/woojeon-green\/\" \/>\n<meta property=\"og:locale\" content=\"en_US\" \/>\n<meta property=\"og:type\" content=\"article\" \/>\n<meta property=\"og:title\" content=\"Woojeon Green - La P&#039;tite Cerise\" \/>\n<meta property=\"og:description\" content=\"Early spring Korean green tea. 100 g pouch \u2013 smooth, vegetal and elegant.\" \/>\n<meta property=\"og:url\" content=\"https:\/\/la-ptite-cerise.be\/produit\/woojeon-green\/\" \/>\n<meta property=\"og:site_name\" content=\"La P&#039;tite Cerise\" \/>\n<meta property=\"article:publisher\" content=\"https:\/\/www.facebook.com\/laptitecerise\/\" \/>\n<meta property=\"article:modified_time\" content=\"2025-04-18T11:40:47+00:00\" \/>\n<meta property=\"og:image\" content=\"https:\/\/la-ptite-cerise.be\/wp-content\/uploads\/2025\/04\/89017_1.jpeg\" \/>\n\t<meta property=\"og:image:width\" content=\"500\" \/>\n\t<meta property=\"og:image:height\" content=\"500\" \/>\n\t<meta property=\"og:image:type\" content=\"image\/jpeg\" \/>\n<meta name=\"twitter:card\" content=\"summary_large_image\" \/>\n<meta name=\"twitter:label1\" content=\"Est. reading time\" \/>\n\t<meta name=\"twitter:data1\" content=\"1 minute\" \/>\n<script type=\"application\/ld+json\" class=\"yoast-schema-graph\">{\"@context\":\"https:\/\/schema.org\",\"@graph\":[{\"@type\":\"WebPage\",\"@id\":\"https:\/\/la-ptite-cerise.be\/produit\/woojeon-green\/\",\"url\":\"https:\/\/la-ptite-cerise.be\/produit\/woojeon-green\/\",\"name\":\"Woojeon Green - La P&#039;tite Cerise\",\"isPartOf\":{\"@id\":\"https:\/\/la-ptite-cerise.be\/#website\"},\"primaryImageOfPage\":{\"@id\":\"https:\/\/la-ptite-cerise.be\/produit\/woojeon-green\/#primaryimage\"},\"image\":{\"@id\":\"https:\/\/la-ptite-cerise.be\/produit\/woojeon-green\/#primaryimage\"},\"thumbnailUrl\":\"https:\/\/la-ptite-cerise.be\/wp-content\/uploads\/2025\/04\/89017_1.jpeg\",\"datePublished\":\"2025-04-18T11:36:52+00:00\",\"dateModified\":\"2025-04-18T11:40:47+00:00\",\"breadcrumb\":{\"@id\":\"https:\/\/la-ptite-cerise.be\/produit\/woojeon-green\/#breadcrumb\"},\"inLanguage\":\"en-US\",\"potentialAction\":[{\"@type\":\"ReadAction\",\"target\":[\"https:\/\/la-ptite-cerise.be\/produit\/woojeon-green\/\"]}]},{\"@type\":\"ImageObject\",\"inLanguage\":\"en-US\",\"@id\":\"https:\/\/la-ptite-cerise.be\/produit\/woojeon-green\/#primaryimage\",\"url\":\"https:\/\/la-ptite-cerise.be\/wp-content\/uploads\/2025\/04\/89017_1.jpeg\",\"contentUrl\":\"https:\/\/la-ptite-cerise.be\/wp-content\/uploads\/2025\/04\/89017_1.jpeg\",\"width\":500,\"height\":500},{\"@type\":\"BreadcrumbList\",\"@id\":\"https:\/\/la-ptite-cerise.be\/produit\/woojeon-green\/#breadcrumb\",\"itemListElement\":[{\"@type\":\"ListItem\",\"position\":1,\"name\":\"Accueil\",\"item\":\"https:\/\/la-ptite-cerise.be\/en\/\"},{\"@type\":\"ListItem\",\"position\":2,\"name\":\"Store\",\"item\":\"https:\/\/la-ptite-cerise.be\/boutique\/\"},{\"@type\":\"ListItem\",\"position\":3,\"name\":\"Woojeon Green\"}]},{\"@type\":\"WebSite\",\"@id\":\"https:\/\/la-ptite-cerise.be\/#website\",\"url\":\"https:\/\/la-ptite-cerise.be\/\",\"name\":\"La P'tite Cerise\",\"description\":\"Artisan torr\u00e9facteur de caf\u00e9 de sp\u00e9cialit\u00e9. S\u00e9lection de th\u00e9s &amp; tisanes.\",\"publisher\":{\"@id\":\"https:\/\/la-ptite-cerise.be\/#organization\"},\"potentialAction\":[{\"@type\":\"SearchAction\",\"target\":{\"@type\":\"EntryPoint\",\"urlTemplate\":\"https:\/\/la-ptite-cerise.be\/?s={search_term_string}\"},\"query-input\":{\"@type\":\"PropertyValueSpecification\",\"valueRequired\":true,\"valueName\":\"search_term_string\"}}],\"inLanguage\":\"en-US\"},{\"@type\":\"Organization\",\"@id\":\"https:\/\/la-ptite-cerise.be\/#organization\",\"name\":\"La P'tite Cerise\",\"url\":\"https:\/\/la-ptite-cerise.be\/\",\"logo\":{\"@type\":\"ImageObject\",\"inLanguage\":\"en-US\",\"@id\":\"https:\/\/la-ptite-cerise.be\/#\/schema\/logo\/image\/\",\"url\":\"https:\/\/la-ptite-cerise.be\/wp-content\/uploads\/2020\/10\/logo-header-01.jpg\",\"contentUrl\":\"https:\/\/la-ptite-cerise.be\/wp-content\/uploads\/2020\/10\/logo-header-01.jpg\",\"width\":176,\"height\":100,\"caption\":\"La P'tite Cerise\"},\"image\":{\"@id\":\"https:\/\/la-ptite-cerise.be\/#\/schema\/logo\/image\/\"},\"sameAs\":[\"https:\/\/www.facebook.com\/laptitecerise\/\",\"https:\/\/www.instagram.com\/la.ptite_cerise\/\"]}]}<\/script>\n<!-- \/ Yoast SEO plugin. -->","yoast_head_json":{"title":"Woojeon Green - La P&#039;tite Cerise","robots":{"index":"index","follow":"follow","max-snippet":"max-snippet:-1","max-image-preview":"max-image-preview:large","max-video-preview":"max-video-preview:-1"},"canonical":"https:\/\/la-ptite-cerise.be\/produit\/woojeon-green\/","og_locale":"en_US","og_type":"article","og_title":"Woojeon Green - La P&#039;tite Cerise","og_description":"Early spring Korean green tea. 100 g pouch \u2013 smooth, vegetal and elegant.","og_url":"https:\/\/la-ptite-cerise.be\/produit\/woojeon-green\/","og_site_name":"La P&#039;tite Cerise","article_publisher":"https:\/\/www.facebook.com\/laptitecerise\/","article_modified_time":"2025-04-18T11:40:47+00:00","og_image":[{"width":500,"height":500,"url":"https:\/\/la-ptite-cerise.be\/wp-content\/uploads\/2025\/04\/89017_1.jpeg","type":"image\/jpeg"}],"twitter_card":"summary_large_image","twitter_misc":{"Est. reading time":"1 minute"},"schema":{"@context":"https:\/\/schema.org","@graph":[{"@type":"WebPage","@id":"https:\/\/la-ptite-cerise.be\/produit\/woojeon-green\/","url":"https:\/\/la-ptite-cerise.be\/produit\/woojeon-green\/","name":"Woojeon Green - La P&#039;tite Cerise","isPartOf":{"@id":"https:\/\/la-ptite-cerise.be\/#website"},"primaryImageOfPage":{"@id":"https:\/\/la-ptite-cerise.be\/produit\/woojeon-green\/#primaryimage"},"image":{"@id":"https:\/\/la-ptite-cerise.be\/produit\/woojeon-green\/#primaryimage"},"thumbnailUrl":"https:\/\/la-ptite-cerise.be\/wp-content\/uploads\/2025\/04\/89017_1.jpeg","datePublished":"2025-04-18T11:36:52+00:00","dateModified":"2025-04-18T11:40:47+00:00","breadcrumb":{"@id":"https:\/\/la-ptite-cerise.be\/produit\/woojeon-green\/#breadcrumb"},"inLanguage":"en-US","potentialAction":[{"@type":"ReadAction","target":["https:\/\/la-ptite-cerise.be\/produit\/woojeon-green\/"]}]},{"@type":"ImageObject","inLanguage":"en-US","@id":"https:\/\/la-ptite-cerise.be\/produit\/woojeon-green\/#primaryimage","url":"https:\/\/la-ptite-cerise.be\/wp-content\/uploads\/2025\/04\/89017_1.jpeg","contentUrl":"https:\/\/la-ptite-cerise.be\/wp-content\/uploads\/2025\/04\/89017_1.jpeg","width":500,"height":500},{"@type":"BreadcrumbList","@id":"https:\/\/la-ptite-cerise.be\/produit\/woojeon-green\/#breadcrumb","itemListElement":[{"@type":"ListItem","position":1,"name":"Accueil","item":"https:\/\/la-ptite-cerise.be\/en\/"},{"@type":"ListItem","position":2,"name":"Store","item":"https:\/\/la-ptite-cerise.be\/boutique\/"},{"@type":"ListItem","position":3,"name":"Woojeon Green"}]},{"@type":"WebSite","@id":"https:\/\/la-ptite-cerise.be\/#website","url":"https:\/\/la-ptite-cerise.be\/","name":"La P'tite Cerise","description":"Artisan torr\u00e9facteur de caf\u00e9 de sp\u00e9cialit\u00e9. S\u00e9lection de th\u00e9s &amp; tisanes.","publisher":{"@id":"https:\/\/la-ptite-cerise.be\/#organization"},"potentialAction":[{"@type":"SearchAction","target":{"@type":"EntryPoint","urlTemplate":"https:\/\/la-ptite-cerise.be\/?s={search_term_string}"},"query-input":{"@type":"PropertyValueSpecification","valueRequired":true,"valueName":"search_term_string"}}],"inLanguage":"en-US"},{"@type":"Organization","@id":"https:\/\/la-ptite-cerise.be\/#organization","name":"La P'tite Cerise","url":"https:\/\/la-ptite-cerise.be\/","logo":{"@type":"ImageObject","inLanguage":"en-US","@id":"https:\/\/la-ptite-cerise.be\/#\/schema\/logo\/image\/","url":"https:\/\/la-ptite-cerise.be\/wp-content\/uploads\/2020\/10\/logo-header-01.jpg","contentUrl":"https:\/\/la-ptite-cerise.be\/wp-content\/uploads\/2020\/10\/logo-header-01.jpg","width":176,"height":100,"caption":"La P'tite Cerise"},"image":{"@id":"https:\/\/la-ptite-cerise.be\/#\/schema\/logo\/image\/"},"sameAs":["https:\/\/www.facebook.com\/laptitecerise\/","https:\/\/www.instagram.com\/la.ptite_cerise\/"]}]}},"_links":{"self":[{"href":"https:\/\/la-ptite-cerise.be\/en\/wp-json\/wp\/v2\/product\/13813","targetHints":{"allow":["GET"]}}],"collection":[{"href":"https:\/\/la-ptite-cerise.be\/en\/wp-json\/wp\/v2\/product"}],"about":[{"href":"https:\/\/la-ptite-cerise.be\/en\/wp-json\/wp\/v2\/types\/product"}],"wp:featuredmedia":[{"embeddable":true,"href":"https:\/\/la-ptite-cerise.be\/en\/wp-json\/wp\/v2\/media\/13815"}],"wp:attachment":[{"href":"https:\/\/la-ptite-cerise.be\/en\/wp-json\/wp\/v2\/media?parent=13813"}],"wp:term":[{"taxonomy":"product_brand","embeddable":true,"href":"https:\/\/la-ptite-cerise.be\/en\/wp-json\/wp\/v2\/product_brand?post=13813"},{"taxonomy":"product_cat","embeddable":true,"href":"https:\/\/la-ptite-cerise.be\/en\/wp-json\/wp\/v2\/product_cat?post=13813"},{"taxonomy":"product_tag","embeddable":true,"href":"https:\/\/la-ptite-cerise.be\/en\/wp-json\/wp\/v2\/product_tag?post=13813"}],"curies":[{"name":"wp","href":"https:\/\/api.w.org\/{rel}","templated":true}]}}