{"id":13817,"date":"2025-04-18T13:41:05","date_gmt":"2025-04-18T11:41:06","guid":{"rendered":"https:\/\/la-ptite-cerise.be\/?post_type=product&#038;p=13817"},"modified":"2025-04-18T13:46:02","modified_gmt":"2025-04-18T11:46:02","slug":"woojeon-green-copie","status":"publish","type":"product","link":"https:\/\/la-ptite-cerise.be\/en\/produit\/woojeon-green-copie\/","title":{"rendered":"Japon Sarrasin grill\u00e9"},"content":{"rendered":"<h3 class=\"\" data-start=\"1592\" data-end=\"1659\"><strong data-start=\"1601\" data-end=\"1643\">Green Tea \u2013 Japanese Roasted Buckwheat<\/strong> (100 g pouch)<\/h3>\n<p class=\"\" data-start=\"1660\" data-end=\"1729\"><strong data-start=\"1660\" data-end=\"1729\">A gourmet twist on Genmaicha, with roasted buckwheat and popcorn.<\/strong><\/p>\n<p class=\"\" data-start=\"1731\" data-end=\"1937\">This Japanese blend combines premium Sencha Mizuki with roasted buckwheat (48%) and popcorn for a smooth, toasty and comforting brew. Mild and satisfying, it&#8217;s low in caffeine and ideal for mindful sipping.<\/p>\n<p class=\"\" data-start=\"1939\" data-end=\"2001\">\ud83d\udcac <em data-start=\"1942\" data-end=\"2001\">Nutty, vegetal and soothing \u2013 a warm, savoury experience.<\/em><\/p>\n<hr class=\"\" data-start=\"2003\" data-end=\"2006\" \/>\n<h3 class=\"\" data-start=\"2008\" data-end=\"2028\">\u2705 <strong data-start=\"2014\" data-end=\"2028\">Highlights<\/strong><\/h3>\n<ul data-start=\"2029\" data-end=\"2129\">\n<li class=\"\" data-start=\"2029\" data-end=\"2071\">\n<p class=\"\" data-start=\"2031\" data-end=\"2071\">Japanese Sencha with roasted buckwheat<\/p>\n<\/li>\n<li class=\"\" data-start=\"2072\" data-end=\"2099\">\n<p class=\"\" data-start=\"2074\" data-end=\"2099\">Cereal and toasty notes<\/p>\n<\/li>\n<li class=\"\" data-start=\"2100\" data-end=\"2129\">\n<p class=\"\" data-start=\"2102\" data-end=\"2129\">Naturally low in caffeine<\/p>\n<\/li>\n<\/ul>\n<hr class=\"\" data-start=\"2131\" data-end=\"2134\" \/>\n<h3 class=\"\" data-start=\"2136\" data-end=\"2160\">\ud83e\uddfe <strong data-start=\"2143\" data-end=\"2158\">Ingredients<\/strong><\/h3>\n<p class=\"\" data-start=\"2161\" data-end=\"2285\">Japan Sencha Mizuki green tea, roasted buckwheat (48%), popcorn<br data-start=\"2224\" data-end=\"2227\" \/><strong data-start=\"2227\" data-end=\"2240\">Allergens<\/strong>: May contain traces of milk, nuts or gluten.<\/p>\n<hr class=\"\" data-start=\"2287\" data-end=\"2290\" \/>\n<h3 class=\"\" data-start=\"2292\" data-end=\"2316\">\ud83c\udf7d\ufe0f <strong data-start=\"2300\" data-end=\"2316\">Brewing tips<\/strong><\/h3>\n<ul data-start=\"2317\" data-end=\"2552\">\n<li class=\"\" data-start=\"2317\" data-end=\"2352\">\n<p class=\"\" data-start=\"2319\" data-end=\"2352\"><strong data-start=\"2319\" data-end=\"2340\">Water temperature<\/strong>: 70\u201380\u202f\u00b0C<\/p>\n<\/li>\n<li class=\"\" data-start=\"2353\" data-end=\"2387\">\n<p class=\"\" data-start=\"2355\" data-end=\"2387\"><strong data-start=\"2355\" data-end=\"2372\">Steeping time<\/strong>: 2\u20133 minutes<\/p>\n<\/li>\n<li class=\"\" data-start=\"2388\" data-end=\"2456\">\n<p class=\"\" data-start=\"2390\" data-end=\"2403\"><strong data-start=\"2390\" data-end=\"2402\">Quantity<\/strong>:<\/p>\n<ul data-start=\"2406\" data-end=\"2456\">\n<li class=\"\" data-start=\"2406\" data-end=\"2428\">\n<p class=\"\" data-start=\"2408\" data-end=\"2428\">2.5\u20133 g per 200 ml<\/p>\n<\/li>\n<li class=\"\" data-start=\"2431\" data-end=\"2456\">\n<p class=\"\" data-start=\"2433\" data-end=\"2456\"><strong data-start=\"2433\" data-end=\"2454\">12\u201315 g per litre<\/strong><\/p>\n<\/li>\n<\/ul>\n<\/li>\n<li class=\"\" data-start=\"2457\" data-end=\"2552\">\n<p class=\"\" data-start=\"2459\" data-end=\"2552\"><strong data-start=\"2459\" data-end=\"2481\">Serving suggestion<\/strong>: Enjoy hot for a warming, cereal-rich cup, or iced for a roasted twist<\/p>\n<\/li>\n<\/ul>\n","protected":false},"excerpt":{"rendered":"<p>Japanese green tea with roasted buckwheat. 100 g pouch \u2013 toasty, smooth and low caffeine.<\/p>\n","protected":false},"featured_media":13819,"template":"","meta":[],"product_brand":[],"product_cat":[143],"product_tag":[],"class_list":{"0":"post-13817","1":"product","2":"type-product","3":"status-publish","4":"has-post-thumbnail","6":"product_cat-tea","8":"first","9":"instock","10":"taxable","11":"shipping-taxable","12":"purchasable","13":"product-type-simple"},"yoast_head":"<!-- This site is optimized with the Yoast SEO plugin v25.7 - https:\/\/yoast.com\/wordpress\/plugins\/seo\/ -->\n<title>Japon Sarrasin grill\u00e9 - La P&#039;tite Cerise<\/title>\n<meta name=\"robots\" content=\"index, follow, max-snippet:-1, max-image-preview:large, max-video-preview:-1\" \/>\n<link rel=\"canonical\" href=\"https:\/\/la-ptite-cerise.be\/produit\/japon-sarrasin-grille\/\" \/>\n<meta property=\"og:locale\" content=\"en_US\" \/>\n<meta property=\"og:type\" content=\"article\" \/>\n<meta property=\"og:title\" content=\"Japon Sarrasin grill\u00e9 - La P&#039;tite Cerise\" \/>\n<meta property=\"og:description\" content=\"Japanese green tea with roasted buckwheat. 100 g pouch \u2013 toasty, smooth and low caffeine.\" \/>\n<meta property=\"og:url\" content=\"https:\/\/la-ptite-cerise.be\/produit\/japon-sarrasin-grille\/\" \/>\n<meta property=\"og:site_name\" content=\"La P&#039;tite Cerise\" \/>\n<meta property=\"article:publisher\" content=\"https:\/\/www.facebook.com\/laptitecerise\/\" \/>\n<meta property=\"article:modified_time\" content=\"2025-04-18T11:46:02+00:00\" \/>\n<meta property=\"og:image\" content=\"https:\/\/la-ptite-cerise.be\/wp-content\/uploads\/2025\/04\/84209_2.jpeg\" \/>\n\t<meta property=\"og:image:width\" content=\"500\" \/>\n\t<meta property=\"og:image:height\" content=\"500\" \/>\n\t<meta property=\"og:image:type\" content=\"image\/jpeg\" \/>\n<meta name=\"twitter:card\" content=\"summary_large_image\" \/>\n<meta name=\"twitter:label1\" content=\"Est. reading time\" \/>\n\t<meta name=\"twitter:data1\" content=\"1 minute\" \/>\n<script type=\"application\/ld+json\" class=\"yoast-schema-graph\">{\"@context\":\"https:\/\/schema.org\",\"@graph\":[{\"@type\":\"WebPage\",\"@id\":\"https:\/\/la-ptite-cerise.be\/produit\/japon-sarrasin-grille\/\",\"url\":\"https:\/\/la-ptite-cerise.be\/produit\/japon-sarrasin-grille\/\",\"name\":\"Japon Sarrasin grill\u00e9 - La P&#039;tite Cerise\",\"isPartOf\":{\"@id\":\"https:\/\/la-ptite-cerise.be\/#website\"},\"primaryImageOfPage\":{\"@id\":\"https:\/\/la-ptite-cerise.be\/produit\/japon-sarrasin-grille\/#primaryimage\"},\"image\":{\"@id\":\"https:\/\/la-ptite-cerise.be\/produit\/japon-sarrasin-grille\/#primaryimage\"},\"thumbnailUrl\":\"https:\/\/la-ptite-cerise.be\/wp-content\/uploads\/2025\/04\/84209_2.jpeg\",\"datePublished\":\"2025-04-18T11:41:06+00:00\",\"dateModified\":\"2025-04-18T11:46:02+00:00\",\"breadcrumb\":{\"@id\":\"https:\/\/la-ptite-cerise.be\/produit\/japon-sarrasin-grille\/#breadcrumb\"},\"inLanguage\":\"en-US\",\"potentialAction\":[{\"@type\":\"ReadAction\",\"target\":[\"https:\/\/la-ptite-cerise.be\/produit\/japon-sarrasin-grille\/\"]}]},{\"@type\":\"ImageObject\",\"inLanguage\":\"en-US\",\"@id\":\"https:\/\/la-ptite-cerise.be\/produit\/japon-sarrasin-grille\/#primaryimage\",\"url\":\"https:\/\/la-ptite-cerise.be\/wp-content\/uploads\/2025\/04\/84209_2.jpeg\",\"contentUrl\":\"https:\/\/la-ptite-cerise.be\/wp-content\/uploads\/2025\/04\/84209_2.jpeg\",\"width\":500,\"height\":500},{\"@type\":\"BreadcrumbList\",\"@id\":\"https:\/\/la-ptite-cerise.be\/produit\/japon-sarrasin-grille\/#breadcrumb\",\"itemListElement\":[{\"@type\":\"ListItem\",\"position\":1,\"name\":\"Accueil\",\"item\":\"https:\/\/la-ptite-cerise.be\/en\/\"},{\"@type\":\"ListItem\",\"position\":2,\"name\":\"Store\",\"item\":\"https:\/\/la-ptite-cerise.be\/boutique\/\"},{\"@type\":\"ListItem\",\"position\":3,\"name\":\"Japon Sarrasin grill\u00e9\"}]},{\"@type\":\"WebSite\",\"@id\":\"https:\/\/la-ptite-cerise.be\/#website\",\"url\":\"https:\/\/la-ptite-cerise.be\/\",\"name\":\"La P'tite Cerise\",\"description\":\"Artisan torr\u00e9facteur de caf\u00e9 de sp\u00e9cialit\u00e9. S\u00e9lection de th\u00e9s &amp; tisanes.\",\"publisher\":{\"@id\":\"https:\/\/la-ptite-cerise.be\/#organization\"},\"potentialAction\":[{\"@type\":\"SearchAction\",\"target\":{\"@type\":\"EntryPoint\",\"urlTemplate\":\"https:\/\/la-ptite-cerise.be\/?s={search_term_string}\"},\"query-input\":{\"@type\":\"PropertyValueSpecification\",\"valueRequired\":true,\"valueName\":\"search_term_string\"}}],\"inLanguage\":\"en-US\"},{\"@type\":\"Organization\",\"@id\":\"https:\/\/la-ptite-cerise.be\/#organization\",\"name\":\"La P'tite Cerise\",\"url\":\"https:\/\/la-ptite-cerise.be\/\",\"logo\":{\"@type\":\"ImageObject\",\"inLanguage\":\"en-US\",\"@id\":\"https:\/\/la-ptite-cerise.be\/#\/schema\/logo\/image\/\",\"url\":\"https:\/\/la-ptite-cerise.be\/wp-content\/uploads\/2020\/10\/logo-header-01.jpg\",\"contentUrl\":\"https:\/\/la-ptite-cerise.be\/wp-content\/uploads\/2020\/10\/logo-header-01.jpg\",\"width\":176,\"height\":100,\"caption\":\"La P'tite Cerise\"},\"image\":{\"@id\":\"https:\/\/la-ptite-cerise.be\/#\/schema\/logo\/image\/\"},\"sameAs\":[\"https:\/\/www.facebook.com\/laptitecerise\/\",\"https:\/\/www.instagram.com\/la.ptite_cerise\/\"]}]}<\/script>\n<!-- \/ Yoast SEO plugin. -->","yoast_head_json":{"title":"Japon Sarrasin grill\u00e9 - La P&#039;tite Cerise","robots":{"index":"index","follow":"follow","max-snippet":"max-snippet:-1","max-image-preview":"max-image-preview:large","max-video-preview":"max-video-preview:-1"},"canonical":"https:\/\/la-ptite-cerise.be\/produit\/japon-sarrasin-grille\/","og_locale":"en_US","og_type":"article","og_title":"Japon Sarrasin grill\u00e9 - La P&#039;tite Cerise","og_description":"Japanese green tea with roasted buckwheat. 100 g pouch \u2013 toasty, smooth and low caffeine.","og_url":"https:\/\/la-ptite-cerise.be\/produit\/japon-sarrasin-grille\/","og_site_name":"La P&#039;tite Cerise","article_publisher":"https:\/\/www.facebook.com\/laptitecerise\/","article_modified_time":"2025-04-18T11:46:02+00:00","og_image":[{"width":500,"height":500,"url":"https:\/\/la-ptite-cerise.be\/wp-content\/uploads\/2025\/04\/84209_2.jpeg","type":"image\/jpeg"}],"twitter_card":"summary_large_image","twitter_misc":{"Est. reading time":"1 minute"},"schema":{"@context":"https:\/\/schema.org","@graph":[{"@type":"WebPage","@id":"https:\/\/la-ptite-cerise.be\/produit\/japon-sarrasin-grille\/","url":"https:\/\/la-ptite-cerise.be\/produit\/japon-sarrasin-grille\/","name":"Japon Sarrasin grill\u00e9 - La P&#039;tite Cerise","isPartOf":{"@id":"https:\/\/la-ptite-cerise.be\/#website"},"primaryImageOfPage":{"@id":"https:\/\/la-ptite-cerise.be\/produit\/japon-sarrasin-grille\/#primaryimage"},"image":{"@id":"https:\/\/la-ptite-cerise.be\/produit\/japon-sarrasin-grille\/#primaryimage"},"thumbnailUrl":"https:\/\/la-ptite-cerise.be\/wp-content\/uploads\/2025\/04\/84209_2.jpeg","datePublished":"2025-04-18T11:41:06+00:00","dateModified":"2025-04-18T11:46:02+00:00","breadcrumb":{"@id":"https:\/\/la-ptite-cerise.be\/produit\/japon-sarrasin-grille\/#breadcrumb"},"inLanguage":"en-US","potentialAction":[{"@type":"ReadAction","target":["https:\/\/la-ptite-cerise.be\/produit\/japon-sarrasin-grille\/"]}]},{"@type":"ImageObject","inLanguage":"en-US","@id":"https:\/\/la-ptite-cerise.be\/produit\/japon-sarrasin-grille\/#primaryimage","url":"https:\/\/la-ptite-cerise.be\/wp-content\/uploads\/2025\/04\/84209_2.jpeg","contentUrl":"https:\/\/la-ptite-cerise.be\/wp-content\/uploads\/2025\/04\/84209_2.jpeg","width":500,"height":500},{"@type":"BreadcrumbList","@id":"https:\/\/la-ptite-cerise.be\/produit\/japon-sarrasin-grille\/#breadcrumb","itemListElement":[{"@type":"ListItem","position":1,"name":"Accueil","item":"https:\/\/la-ptite-cerise.be\/en\/"},{"@type":"ListItem","position":2,"name":"Store","item":"https:\/\/la-ptite-cerise.be\/boutique\/"},{"@type":"ListItem","position":3,"name":"Japon Sarrasin grill\u00e9"}]},{"@type":"WebSite","@id":"https:\/\/la-ptite-cerise.be\/#website","url":"https:\/\/la-ptite-cerise.be\/","name":"La P'tite Cerise","description":"Artisan torr\u00e9facteur de caf\u00e9 de sp\u00e9cialit\u00e9. S\u00e9lection de th\u00e9s &amp; tisanes.","publisher":{"@id":"https:\/\/la-ptite-cerise.be\/#organization"},"potentialAction":[{"@type":"SearchAction","target":{"@type":"EntryPoint","urlTemplate":"https:\/\/la-ptite-cerise.be\/?s={search_term_string}"},"query-input":{"@type":"PropertyValueSpecification","valueRequired":true,"valueName":"search_term_string"}}],"inLanguage":"en-US"},{"@type":"Organization","@id":"https:\/\/la-ptite-cerise.be\/#organization","name":"La P'tite Cerise","url":"https:\/\/la-ptite-cerise.be\/","logo":{"@type":"ImageObject","inLanguage":"en-US","@id":"https:\/\/la-ptite-cerise.be\/#\/schema\/logo\/image\/","url":"https:\/\/la-ptite-cerise.be\/wp-content\/uploads\/2020\/10\/logo-header-01.jpg","contentUrl":"https:\/\/la-ptite-cerise.be\/wp-content\/uploads\/2020\/10\/logo-header-01.jpg","width":176,"height":100,"caption":"La P'tite Cerise"},"image":{"@id":"https:\/\/la-ptite-cerise.be\/#\/schema\/logo\/image\/"},"sameAs":["https:\/\/www.facebook.com\/laptitecerise\/","https:\/\/www.instagram.com\/la.ptite_cerise\/"]}]}},"_links":{"self":[{"href":"https:\/\/la-ptite-cerise.be\/en\/wp-json\/wp\/v2\/product\/13817","targetHints":{"allow":["GET"]}}],"collection":[{"href":"https:\/\/la-ptite-cerise.be\/en\/wp-json\/wp\/v2\/product"}],"about":[{"href":"https:\/\/la-ptite-cerise.be\/en\/wp-json\/wp\/v2\/types\/product"}],"wp:featuredmedia":[{"embeddable":true,"href":"https:\/\/la-ptite-cerise.be\/en\/wp-json\/wp\/v2\/media\/13819"}],"wp:attachment":[{"href":"https:\/\/la-ptite-cerise.be\/en\/wp-json\/wp\/v2\/media?parent=13817"}],"wp:term":[{"taxonomy":"product_brand","embeddable":true,"href":"https:\/\/la-ptite-cerise.be\/en\/wp-json\/wp\/v2\/product_brand?post=13817"},{"taxonomy":"product_cat","embeddable":true,"href":"https:\/\/la-ptite-cerise.be\/en\/wp-json\/wp\/v2\/product_cat?post=13817"},{"taxonomy":"product_tag","embeddable":true,"href":"https:\/\/la-ptite-cerise.be\/en\/wp-json\/wp\/v2\/product_tag?post=13817"}],"curies":[{"name":"wp","href":"https:\/\/api.w.org\/{rel}","templated":true}]}}