{"id":13821,"date":"2025-04-18T13:46:46","date_gmt":"2025-04-18T11:46:47","guid":{"rendered":"https:\/\/la-ptite-cerise.be\/?post_type=product&#038;p=13821"},"modified":"2025-04-18T13:50:42","modified_gmt":"2025-04-18T11:50:42","slug":"the-blanc-flower-party-copie","status":"publish","type":"product","link":"https:\/\/la-ptite-cerise.be\/en\/produit\/the-blanc-flower-party-copie\/","title":{"rendered":"Th\u00e9 du dragon"},"content":{"rendered":"<h3 class=\"\" data-start=\"1700\" data-end=\"1749\"><strong data-start=\"1709\" data-end=\"1733\">Tea \u2013 Dragon\u2019s Blend<\/strong> (100 g pouch)<\/h3>\n<p class=\"\" data-start=\"1750\" data-end=\"1830\"><strong data-start=\"1750\" data-end=\"1830\">A magical blend of green and white teas with lush notes of lychee and peach.<\/strong><\/p>\n<p class=\"\" data-start=\"1832\" data-end=\"2079\">This fragrant mix combines Chinese Chun Mee green tea and white teas (Pai Mu Tan, Mao Feng) with exotic fruits like mango, papaya, lychee, and berries. Finished with jasmine pearls and orange peel, it offers a smooth, aromatic and captivating cup.<\/p>\n<p class=\"\" data-start=\"2081\" data-end=\"2137\">\ud83d\udcac <em data-start=\"2084\" data-end=\"2137\">Elegant and fruity \u2013 a tea that awakens the senses.<\/em><\/p>\n<hr class=\"\" data-start=\"2139\" data-end=\"2142\" \/>\n<h3 class=\"\" data-start=\"2144\" data-end=\"2164\">\u2705 <strong data-start=\"2150\" data-end=\"2164\">Highlights<\/strong><\/h3>\n<ul data-start=\"2165\" data-end=\"2259\">\n<li class=\"\" data-start=\"2165\" data-end=\"2198\">\n<p class=\"\" data-start=\"2167\" data-end=\"2198\">Blend of green and white teas<\/p>\n<\/li>\n<li class=\"\" data-start=\"2199\" data-end=\"2233\">\n<p class=\"\" data-start=\"2201\" data-end=\"2233\">Exotic fruits and floral notes<\/p>\n<\/li>\n<li class=\"\" data-start=\"2234\" data-end=\"2259\">\n<p class=\"\" data-start=\"2236\" data-end=\"2259\">Delicious hot or iced<\/p>\n<\/li>\n<\/ul>\n<hr class=\"\" data-start=\"2261\" data-end=\"2264\" \/>\n<h3 class=\"\" data-start=\"2266\" data-end=\"2290\">\ud83e\uddfe <strong data-start=\"2273\" data-end=\"2288\">Ingredients<\/strong><\/h3>\n<p class=\"\" data-start=\"2291\" data-end=\"2581\">China Chun Mee green tea, Pai Mu Tan white tea, pineapple (pineapple, sugar), Mao Feng white tea, mango (mango, sugar), papaya (papaya, sugar), orange peel, flavouring, China Jasmine Dragon Pearls, strawberry, redcurrant, aronia, cherry<br data-start=\"2527\" data-end=\"2530\" \/><strong data-start=\"2530\" data-end=\"2543\">Allergens<\/strong>: May contain traces of milk and nuts.<\/p>\n<hr class=\"\" data-start=\"2583\" data-end=\"2586\" \/>\n<h3 class=\"\" data-start=\"2588\" data-end=\"2612\">\ud83c\udf7d\ufe0f <strong data-start=\"2596\" data-end=\"2612\">Brewing tips<\/strong><\/h3>\n<ul data-start=\"2613\" data-end=\"2833\">\n<li class=\"\" data-start=\"2613\" data-end=\"2648\">\n<p class=\"\" data-start=\"2615\" data-end=\"2648\"><strong data-start=\"2615\" data-end=\"2636\">Water temperature<\/strong>: 70\u201380\u202f\u00b0C<\/p>\n<\/li>\n<li class=\"\" data-start=\"2649\" data-end=\"2683\">\n<p class=\"\" data-start=\"2651\" data-end=\"2683\"><strong data-start=\"2651\" data-end=\"2668\">Steeping time<\/strong>: 2\u20133 minutes<\/p>\n<\/li>\n<li class=\"\" data-start=\"2684\" data-end=\"2748\">\n<p class=\"\" data-start=\"2686\" data-end=\"2699\"><strong data-start=\"2686\" data-end=\"2698\">Quantity<\/strong>:<\/p>\n<ul data-start=\"2702\" data-end=\"2748\">\n<li class=\"\" data-start=\"2702\" data-end=\"2720\">\n<p class=\"\" data-start=\"2704\" data-end=\"2720\">3 g per 200 ml<\/p>\n<\/li>\n<li class=\"\" data-start=\"2723\" data-end=\"2748\">\n<p class=\"\" data-start=\"2725\" data-end=\"2748\"><strong data-start=\"2725\" data-end=\"2746\">12\u201315 g per litre<\/strong><\/p>\n<\/li>\n<\/ul>\n<\/li>\n<li class=\"\" data-start=\"2749\" data-end=\"2833\">\n<p class=\"\" data-start=\"2751\" data-end=\"2833\"><strong data-start=\"2751\" data-end=\"2773\">Serving suggestion<\/strong>: Enjoy hot for full depth, or iced for a fruity refreshment<\/p>\n<\/li>\n<\/ul>\n","protected":false},"excerpt":{"rendered":"<p>Green &amp; white tea \u2013 lychee &amp; peach. 100 g pouch \u2013 fruity, smooth and aromatic.<\/p>\n","protected":false},"featured_media":13823,"template":"","meta":[],"product_brand":[],"product_cat":[143],"product_tag":[],"class_list":{"0":"post-13821","1":"product","2":"type-product","3":"status-publish","4":"has-post-thumbnail","6":"product_cat-tea","8":"first","9":"instock","10":"taxable","11":"shipping-taxable","12":"purchasable","13":"product-type-simple"},"yoast_head":"<!-- This site is optimized with the Yoast SEO plugin v25.7 - https:\/\/yoast.com\/wordpress\/plugins\/seo\/ -->\n<title>Th\u00e9 du dragon - La P&#039;tite Cerise<\/title>\n<meta name=\"robots\" content=\"index, follow, max-snippet:-1, max-image-preview:large, max-video-preview:-1\" \/>\n<link rel=\"canonical\" href=\"https:\/\/la-ptite-cerise.be\/produit\/the-du-dragon\/\" \/>\n<meta property=\"og:locale\" content=\"en_US\" \/>\n<meta property=\"og:type\" content=\"article\" \/>\n<meta property=\"og:title\" content=\"Th\u00e9 du dragon - La P&#039;tite Cerise\" \/>\n<meta property=\"og:description\" content=\"Green &amp; white tea \u2013 lychee &amp; peach. 100 g pouch \u2013 fruity, smooth and aromatic.\" \/>\n<meta property=\"og:url\" content=\"https:\/\/la-ptite-cerise.be\/produit\/the-du-dragon\/\" \/>\n<meta property=\"og:site_name\" content=\"La P&#039;tite Cerise\" \/>\n<meta property=\"article:publisher\" content=\"https:\/\/www.facebook.com\/laptitecerise\/\" \/>\n<meta property=\"article:modified_time\" content=\"2025-04-18T11:50:42+00:00\" \/>\n<meta property=\"og:image\" content=\"https:\/\/la-ptite-cerise.be\/wp-content\/uploads\/2025\/04\/83416_1.jpeg\" \/>\n\t<meta property=\"og:image:width\" content=\"500\" \/>\n\t<meta property=\"og:image:height\" content=\"500\" \/>\n\t<meta property=\"og:image:type\" content=\"image\/jpeg\" \/>\n<meta name=\"twitter:card\" content=\"summary_large_image\" \/>\n<meta name=\"twitter:label1\" content=\"Est. reading time\" \/>\n\t<meta name=\"twitter:data1\" content=\"1 minute\" \/>\n<script type=\"application\/ld+json\" class=\"yoast-schema-graph\">{\"@context\":\"https:\/\/schema.org\",\"@graph\":[{\"@type\":\"WebPage\",\"@id\":\"https:\/\/la-ptite-cerise.be\/produit\/the-du-dragon\/\",\"url\":\"https:\/\/la-ptite-cerise.be\/produit\/the-du-dragon\/\",\"name\":\"Th\u00e9 du dragon - La P&#039;tite Cerise\",\"isPartOf\":{\"@id\":\"https:\/\/la-ptite-cerise.be\/#website\"},\"primaryImageOfPage\":{\"@id\":\"https:\/\/la-ptite-cerise.be\/produit\/the-du-dragon\/#primaryimage\"},\"image\":{\"@id\":\"https:\/\/la-ptite-cerise.be\/produit\/the-du-dragon\/#primaryimage\"},\"thumbnailUrl\":\"https:\/\/la-ptite-cerise.be\/wp-content\/uploads\/2025\/04\/83416_1.jpeg\",\"datePublished\":\"2025-04-18T11:46:47+00:00\",\"dateModified\":\"2025-04-18T11:50:42+00:00\",\"breadcrumb\":{\"@id\":\"https:\/\/la-ptite-cerise.be\/produit\/the-du-dragon\/#breadcrumb\"},\"inLanguage\":\"en-US\",\"potentialAction\":[{\"@type\":\"ReadAction\",\"target\":[\"https:\/\/la-ptite-cerise.be\/produit\/the-du-dragon\/\"]}]},{\"@type\":\"ImageObject\",\"inLanguage\":\"en-US\",\"@id\":\"https:\/\/la-ptite-cerise.be\/produit\/the-du-dragon\/#primaryimage\",\"url\":\"https:\/\/la-ptite-cerise.be\/wp-content\/uploads\/2025\/04\/83416_1.jpeg\",\"contentUrl\":\"https:\/\/la-ptite-cerise.be\/wp-content\/uploads\/2025\/04\/83416_1.jpeg\",\"width\":500,\"height\":500},{\"@type\":\"BreadcrumbList\",\"@id\":\"https:\/\/la-ptite-cerise.be\/produit\/the-du-dragon\/#breadcrumb\",\"itemListElement\":[{\"@type\":\"ListItem\",\"position\":1,\"name\":\"Accueil\",\"item\":\"https:\/\/la-ptite-cerise.be\/en\/\"},{\"@type\":\"ListItem\",\"position\":2,\"name\":\"Store\",\"item\":\"https:\/\/la-ptite-cerise.be\/boutique\/\"},{\"@type\":\"ListItem\",\"position\":3,\"name\":\"Th\u00e9 du dragon\"}]},{\"@type\":\"WebSite\",\"@id\":\"https:\/\/la-ptite-cerise.be\/#website\",\"url\":\"https:\/\/la-ptite-cerise.be\/\",\"name\":\"La P'tite Cerise\",\"description\":\"Artisan torr\u00e9facteur de caf\u00e9 de sp\u00e9cialit\u00e9. S\u00e9lection de th\u00e9s &amp; tisanes.\",\"publisher\":{\"@id\":\"https:\/\/la-ptite-cerise.be\/#organization\"},\"potentialAction\":[{\"@type\":\"SearchAction\",\"target\":{\"@type\":\"EntryPoint\",\"urlTemplate\":\"https:\/\/la-ptite-cerise.be\/?s={search_term_string}\"},\"query-input\":{\"@type\":\"PropertyValueSpecification\",\"valueRequired\":true,\"valueName\":\"search_term_string\"}}],\"inLanguage\":\"en-US\"},{\"@type\":\"Organization\",\"@id\":\"https:\/\/la-ptite-cerise.be\/#organization\",\"name\":\"La P'tite Cerise\",\"url\":\"https:\/\/la-ptite-cerise.be\/\",\"logo\":{\"@type\":\"ImageObject\",\"inLanguage\":\"en-US\",\"@id\":\"https:\/\/la-ptite-cerise.be\/#\/schema\/logo\/image\/\",\"url\":\"https:\/\/la-ptite-cerise.be\/wp-content\/uploads\/2020\/10\/logo-header-01.jpg\",\"contentUrl\":\"https:\/\/la-ptite-cerise.be\/wp-content\/uploads\/2020\/10\/logo-header-01.jpg\",\"width\":176,\"height\":100,\"caption\":\"La P'tite Cerise\"},\"image\":{\"@id\":\"https:\/\/la-ptite-cerise.be\/#\/schema\/logo\/image\/\"},\"sameAs\":[\"https:\/\/www.facebook.com\/laptitecerise\/\",\"https:\/\/www.instagram.com\/la.ptite_cerise\/\"]}]}<\/script>\n<!-- \/ Yoast SEO plugin. -->","yoast_head_json":{"title":"Th\u00e9 du dragon - La P&#039;tite Cerise","robots":{"index":"index","follow":"follow","max-snippet":"max-snippet:-1","max-image-preview":"max-image-preview:large","max-video-preview":"max-video-preview:-1"},"canonical":"https:\/\/la-ptite-cerise.be\/produit\/the-du-dragon\/","og_locale":"en_US","og_type":"article","og_title":"Th\u00e9 du dragon - La P&#039;tite Cerise","og_description":"Green &amp; white tea \u2013 lychee &amp; peach. 100 g pouch \u2013 fruity, smooth and aromatic.","og_url":"https:\/\/la-ptite-cerise.be\/produit\/the-du-dragon\/","og_site_name":"La P&#039;tite Cerise","article_publisher":"https:\/\/www.facebook.com\/laptitecerise\/","article_modified_time":"2025-04-18T11:50:42+00:00","og_image":[{"width":500,"height":500,"url":"https:\/\/la-ptite-cerise.be\/wp-content\/uploads\/2025\/04\/83416_1.jpeg","type":"image\/jpeg"}],"twitter_card":"summary_large_image","twitter_misc":{"Est. reading time":"1 minute"},"schema":{"@context":"https:\/\/schema.org","@graph":[{"@type":"WebPage","@id":"https:\/\/la-ptite-cerise.be\/produit\/the-du-dragon\/","url":"https:\/\/la-ptite-cerise.be\/produit\/the-du-dragon\/","name":"Th\u00e9 du dragon - La P&#039;tite Cerise","isPartOf":{"@id":"https:\/\/la-ptite-cerise.be\/#website"},"primaryImageOfPage":{"@id":"https:\/\/la-ptite-cerise.be\/produit\/the-du-dragon\/#primaryimage"},"image":{"@id":"https:\/\/la-ptite-cerise.be\/produit\/the-du-dragon\/#primaryimage"},"thumbnailUrl":"https:\/\/la-ptite-cerise.be\/wp-content\/uploads\/2025\/04\/83416_1.jpeg","datePublished":"2025-04-18T11:46:47+00:00","dateModified":"2025-04-18T11:50:42+00:00","breadcrumb":{"@id":"https:\/\/la-ptite-cerise.be\/produit\/the-du-dragon\/#breadcrumb"},"inLanguage":"en-US","potentialAction":[{"@type":"ReadAction","target":["https:\/\/la-ptite-cerise.be\/produit\/the-du-dragon\/"]}]},{"@type":"ImageObject","inLanguage":"en-US","@id":"https:\/\/la-ptite-cerise.be\/produit\/the-du-dragon\/#primaryimage","url":"https:\/\/la-ptite-cerise.be\/wp-content\/uploads\/2025\/04\/83416_1.jpeg","contentUrl":"https:\/\/la-ptite-cerise.be\/wp-content\/uploads\/2025\/04\/83416_1.jpeg","width":500,"height":500},{"@type":"BreadcrumbList","@id":"https:\/\/la-ptite-cerise.be\/produit\/the-du-dragon\/#breadcrumb","itemListElement":[{"@type":"ListItem","position":1,"name":"Accueil","item":"https:\/\/la-ptite-cerise.be\/en\/"},{"@type":"ListItem","position":2,"name":"Store","item":"https:\/\/la-ptite-cerise.be\/boutique\/"},{"@type":"ListItem","position":3,"name":"Th\u00e9 du dragon"}]},{"@type":"WebSite","@id":"https:\/\/la-ptite-cerise.be\/#website","url":"https:\/\/la-ptite-cerise.be\/","name":"La P'tite Cerise","description":"Artisan torr\u00e9facteur de caf\u00e9 de sp\u00e9cialit\u00e9. S\u00e9lection de th\u00e9s &amp; tisanes.","publisher":{"@id":"https:\/\/la-ptite-cerise.be\/#organization"},"potentialAction":[{"@type":"SearchAction","target":{"@type":"EntryPoint","urlTemplate":"https:\/\/la-ptite-cerise.be\/?s={search_term_string}"},"query-input":{"@type":"PropertyValueSpecification","valueRequired":true,"valueName":"search_term_string"}}],"inLanguage":"en-US"},{"@type":"Organization","@id":"https:\/\/la-ptite-cerise.be\/#organization","name":"La P'tite Cerise","url":"https:\/\/la-ptite-cerise.be\/","logo":{"@type":"ImageObject","inLanguage":"en-US","@id":"https:\/\/la-ptite-cerise.be\/#\/schema\/logo\/image\/","url":"https:\/\/la-ptite-cerise.be\/wp-content\/uploads\/2020\/10\/logo-header-01.jpg","contentUrl":"https:\/\/la-ptite-cerise.be\/wp-content\/uploads\/2020\/10\/logo-header-01.jpg","width":176,"height":100,"caption":"La P'tite Cerise"},"image":{"@id":"https:\/\/la-ptite-cerise.be\/#\/schema\/logo\/image\/"},"sameAs":["https:\/\/www.facebook.com\/laptitecerise\/","https:\/\/www.instagram.com\/la.ptite_cerise\/"]}]}},"_links":{"self":[{"href":"https:\/\/la-ptite-cerise.be\/en\/wp-json\/wp\/v2\/product\/13821","targetHints":{"allow":["GET"]}}],"collection":[{"href":"https:\/\/la-ptite-cerise.be\/en\/wp-json\/wp\/v2\/product"}],"about":[{"href":"https:\/\/la-ptite-cerise.be\/en\/wp-json\/wp\/v2\/types\/product"}],"wp:featuredmedia":[{"embeddable":true,"href":"https:\/\/la-ptite-cerise.be\/en\/wp-json\/wp\/v2\/media\/13823"}],"wp:attachment":[{"href":"https:\/\/la-ptite-cerise.be\/en\/wp-json\/wp\/v2\/media?parent=13821"}],"wp:term":[{"taxonomy":"product_brand","embeddable":true,"href":"https:\/\/la-ptite-cerise.be\/en\/wp-json\/wp\/v2\/product_brand?post=13821"},{"taxonomy":"product_cat","embeddable":true,"href":"https:\/\/la-ptite-cerise.be\/en\/wp-json\/wp\/v2\/product_cat?post=13821"},{"taxonomy":"product_tag","embeddable":true,"href":"https:\/\/la-ptite-cerise.be\/en\/wp-json\/wp\/v2\/product_tag?post=13821"}],"curies":[{"name":"wp","href":"https:\/\/api.w.org\/{rel}","templated":true}]}}