{"id":13825,"date":"2025-04-18T13:54:32","date_gmt":"2025-04-18T11:54:32","guid":{"rendered":"https:\/\/la-ptite-cerise.be\/?post_type=product&#038;p=13825"},"modified":"2025-04-18T13:57:47","modified_gmt":"2025-04-18T11:57:47","slug":"live-to-love-copie","status":"publish","type":"product","link":"https:\/\/la-ptite-cerise.be\/en\/produit\/live-to-love-copie\/","title":{"rendered":"Magic Moon"},"content":{"rendered":"<h3 class=\"\" data-start=\"1647\" data-end=\"1695\"><strong data-start=\"1656\" data-end=\"1679\">Tisane \u2013 Magic Moon<\/strong> (100 g pouch)<\/h3>\n<p class=\"\" data-start=\"1696\" data-end=\"1793\"><strong data-start=\"1696\" data-end=\"1793\">A gentle and fragrant herbal tea with citrus and ginger notes \u2013 perfect for peaceful moments.<\/strong><\/p>\n<p class=\"\" data-start=\"1795\" data-end=\"1974\">This blend of lemongrass, ginger, apple, mint, quince and floral notes is naturally caffeine-free and delicately sweet. Ideal for evening relaxation or as a refreshing iced drink.<\/p>\n<p class=\"\" data-start=\"1976\" data-end=\"2049\">\ud83d\udcac <em data-start=\"1979\" data-end=\"2049\">Bright, floral and comforting \u2013 a gentle tisane for any time of day.<\/em><\/p>\n<hr class=\"\" data-start=\"2051\" data-end=\"2054\" \/>\n<h3 class=\"\" data-start=\"2056\" data-end=\"2076\">\u2705 <strong data-start=\"2062\" data-end=\"2076\">Highlights<\/strong><\/h3>\n<ul data-start=\"2077\" data-end=\"2169\">\n<li class=\"\" data-start=\"2077\" data-end=\"2109\">\n<p class=\"\" data-start=\"2079\" data-end=\"2109\">Ginger &amp; citrus herbal blend<\/p>\n<\/li>\n<li class=\"\" data-start=\"2110\" data-end=\"2137\">\n<p class=\"\" data-start=\"2112\" data-end=\"2137\">Naturally caffeine-free<\/p>\n<\/li>\n<li class=\"\" data-start=\"2138\" data-end=\"2169\">\n<p class=\"\" data-start=\"2140\" data-end=\"2169\">Floral, fruity and soothing<\/p>\n<\/li>\n<\/ul>\n<hr class=\"\" data-start=\"2171\" data-end=\"2174\" \/>\n<h3 class=\"\" data-start=\"2176\" data-end=\"2200\">\ud83e\uddfe <strong data-start=\"2183\" data-end=\"2198\">Ingredients<\/strong><\/h3>\n<p class=\"\" data-start=\"2201\" data-end=\"2382\">Lemongrass, ginger, apple, mint, quince, carrot, natural flavouring, whole verbena, apple, cranberry, mallow, cornflower petals<br data-start=\"2328\" data-end=\"2331\" \/><strong data-start=\"2331\" data-end=\"2344\">Allergens<\/strong>: May contain traces of milk and nuts.<\/p>\n<hr class=\"\" data-start=\"2384\" data-end=\"2387\" \/>\n<h3 class=\"\" data-start=\"2389\" data-end=\"2413\">\ud83c\udf7d\ufe0f <strong data-start=\"2397\" data-end=\"2413\">Brewing tips<\/strong><\/h3>\n<ul data-start=\"2414\" data-end=\"2639\">\n<li class=\"\" data-start=\"2414\" data-end=\"2447\">\n<p class=\"\" data-start=\"2416\" data-end=\"2447\"><strong data-start=\"2416\" data-end=\"2437\">Water temperature<\/strong>: 100\u202f\u00b0C<\/p>\n<\/li>\n<li class=\"\" data-start=\"2448\" data-end=\"2483\">\n<p class=\"\" data-start=\"2450\" data-end=\"2483\"><strong data-start=\"2450\" data-end=\"2467\">Steeping time<\/strong>: 7\u201310 minutes<\/p>\n<\/li>\n<li class=\"\" data-start=\"2484\" data-end=\"2550\">\n<p class=\"\" data-start=\"2486\" data-end=\"2499\"><strong data-start=\"2486\" data-end=\"2498\">Quantity<\/strong>:<\/p>\n<ul data-start=\"2502\" data-end=\"2550\">\n<li class=\"\" data-start=\"2502\" data-end=\"2522\">\n<p class=\"\" data-start=\"2504\" data-end=\"2522\">3\u20134 g per 200 ml<\/p>\n<\/li>\n<li class=\"\" data-start=\"2525\" data-end=\"2550\">\n<p class=\"\" data-start=\"2527\" data-end=\"2550\"><strong data-start=\"2527\" data-end=\"2548\">15\u201320 g per litre<\/strong><\/p>\n<\/li>\n<\/ul>\n<\/li>\n<li class=\"\" data-start=\"2551\" data-end=\"2639\">\n<p class=\"\" data-start=\"2553\" data-end=\"2639\"><strong data-start=\"2553\" data-end=\"2575\">Serving suggestion<\/strong>: Enjoy hot or chilled with a slice of lemon for extra freshness<\/p>\n<\/li>\n<\/ul>\n","protected":false},"excerpt":{"rendered":"<p>Ginger &amp; lemon tisane. 100 g pouch \u2013 floral, fresh and caffeine-free.<\/p>\n","protected":false},"featured_media":13827,"template":"","meta":[],"product_brand":[],"product_cat":[143],"product_tag":[],"class_list":{"0":"post-13825","1":"product","2":"type-product","3":"status-publish","4":"has-post-thumbnail","6":"product_cat-tea","8":"first","9":"instock","10":"taxable","11":"shipping-taxable","12":"purchasable","13":"product-type-simple"},"yoast_head":"<!-- This site is optimized with the Yoast SEO plugin v25.7 - https:\/\/yoast.com\/wordpress\/plugins\/seo\/ -->\n<title>Magic Moon - La P&#039;tite Cerise<\/title>\n<meta name=\"robots\" content=\"index, follow, max-snippet:-1, max-image-preview:large, max-video-preview:-1\" \/>\n<link rel=\"canonical\" href=\"https:\/\/la-ptite-cerise.be\/produit\/magic-moon\/\" \/>\n<meta property=\"og:locale\" content=\"en_US\" \/>\n<meta property=\"og:type\" content=\"article\" \/>\n<meta property=\"og:title\" content=\"Magic Moon - La P&#039;tite Cerise\" \/>\n<meta property=\"og:description\" content=\"Ginger &amp; lemon tisane. 100 g pouch \u2013 floral, fresh and caffeine-free.\" \/>\n<meta property=\"og:url\" content=\"https:\/\/la-ptite-cerise.be\/produit\/magic-moon\/\" \/>\n<meta property=\"og:site_name\" content=\"La P&#039;tite Cerise\" \/>\n<meta property=\"article:publisher\" content=\"https:\/\/www.facebook.com\/laptitecerise\/\" \/>\n<meta property=\"article:modified_time\" content=\"2025-04-18T11:57:47+00:00\" \/>\n<meta property=\"og:image\" content=\"https:\/\/la-ptite-cerise.be\/wp-content\/uploads\/2025\/04\/82689_1.jpeg\" \/>\n\t<meta property=\"og:image:width\" content=\"500\" \/>\n\t<meta property=\"og:image:height\" content=\"500\" \/>\n\t<meta property=\"og:image:type\" content=\"image\/jpeg\" \/>\n<meta name=\"twitter:card\" content=\"summary_large_image\" \/>\n<meta name=\"twitter:label1\" content=\"Est. reading time\" \/>\n\t<meta name=\"twitter:data1\" content=\"1 minute\" \/>\n<script type=\"application\/ld+json\" class=\"yoast-schema-graph\">{\"@context\":\"https:\/\/schema.org\",\"@graph\":[{\"@type\":\"WebPage\",\"@id\":\"https:\/\/la-ptite-cerise.be\/produit\/magic-moon\/\",\"url\":\"https:\/\/la-ptite-cerise.be\/produit\/magic-moon\/\",\"name\":\"Magic Moon - La P&#039;tite Cerise\",\"isPartOf\":{\"@id\":\"https:\/\/la-ptite-cerise.be\/#website\"},\"primaryImageOfPage\":{\"@id\":\"https:\/\/la-ptite-cerise.be\/produit\/magic-moon\/#primaryimage\"},\"image\":{\"@id\":\"https:\/\/la-ptite-cerise.be\/produit\/magic-moon\/#primaryimage\"},\"thumbnailUrl\":\"https:\/\/la-ptite-cerise.be\/wp-content\/uploads\/2025\/04\/82689_1.jpeg\",\"datePublished\":\"2025-04-18T11:54:32+00:00\",\"dateModified\":\"2025-04-18T11:57:47+00:00\",\"breadcrumb\":{\"@id\":\"https:\/\/la-ptite-cerise.be\/produit\/magic-moon\/#breadcrumb\"},\"inLanguage\":\"en-US\",\"potentialAction\":[{\"@type\":\"ReadAction\",\"target\":[\"https:\/\/la-ptite-cerise.be\/produit\/magic-moon\/\"]}]},{\"@type\":\"ImageObject\",\"inLanguage\":\"en-US\",\"@id\":\"https:\/\/la-ptite-cerise.be\/produit\/magic-moon\/#primaryimage\",\"url\":\"https:\/\/la-ptite-cerise.be\/wp-content\/uploads\/2025\/04\/82689_1.jpeg\",\"contentUrl\":\"https:\/\/la-ptite-cerise.be\/wp-content\/uploads\/2025\/04\/82689_1.jpeg\",\"width\":500,\"height\":500},{\"@type\":\"BreadcrumbList\",\"@id\":\"https:\/\/la-ptite-cerise.be\/produit\/magic-moon\/#breadcrumb\",\"itemListElement\":[{\"@type\":\"ListItem\",\"position\":1,\"name\":\"Accueil\",\"item\":\"https:\/\/la-ptite-cerise.be\/en\/\"},{\"@type\":\"ListItem\",\"position\":2,\"name\":\"Store\",\"item\":\"https:\/\/la-ptite-cerise.be\/boutique\/\"},{\"@type\":\"ListItem\",\"position\":3,\"name\":\"Magic Moon\"}]},{\"@type\":\"WebSite\",\"@id\":\"https:\/\/la-ptite-cerise.be\/#website\",\"url\":\"https:\/\/la-ptite-cerise.be\/\",\"name\":\"La P'tite Cerise\",\"description\":\"Artisan torr\u00e9facteur de caf\u00e9 de sp\u00e9cialit\u00e9. S\u00e9lection de th\u00e9s &amp; tisanes.\",\"publisher\":{\"@id\":\"https:\/\/la-ptite-cerise.be\/#organization\"},\"potentialAction\":[{\"@type\":\"SearchAction\",\"target\":{\"@type\":\"EntryPoint\",\"urlTemplate\":\"https:\/\/la-ptite-cerise.be\/?s={search_term_string}\"},\"query-input\":{\"@type\":\"PropertyValueSpecification\",\"valueRequired\":true,\"valueName\":\"search_term_string\"}}],\"inLanguage\":\"en-US\"},{\"@type\":\"Organization\",\"@id\":\"https:\/\/la-ptite-cerise.be\/#organization\",\"name\":\"La P'tite Cerise\",\"url\":\"https:\/\/la-ptite-cerise.be\/\",\"logo\":{\"@type\":\"ImageObject\",\"inLanguage\":\"en-US\",\"@id\":\"https:\/\/la-ptite-cerise.be\/#\/schema\/logo\/image\/\",\"url\":\"https:\/\/la-ptite-cerise.be\/wp-content\/uploads\/2020\/10\/logo-header-01.jpg\",\"contentUrl\":\"https:\/\/la-ptite-cerise.be\/wp-content\/uploads\/2020\/10\/logo-header-01.jpg\",\"width\":176,\"height\":100,\"caption\":\"La P'tite Cerise\"},\"image\":{\"@id\":\"https:\/\/la-ptite-cerise.be\/#\/schema\/logo\/image\/\"},\"sameAs\":[\"https:\/\/www.facebook.com\/laptitecerise\/\",\"https:\/\/www.instagram.com\/la.ptite_cerise\/\"]}]}<\/script>\n<!-- \/ Yoast SEO plugin. -->","yoast_head_json":{"title":"Magic Moon - La P&#039;tite Cerise","robots":{"index":"index","follow":"follow","max-snippet":"max-snippet:-1","max-image-preview":"max-image-preview:large","max-video-preview":"max-video-preview:-1"},"canonical":"https:\/\/la-ptite-cerise.be\/produit\/magic-moon\/","og_locale":"en_US","og_type":"article","og_title":"Magic Moon - La P&#039;tite Cerise","og_description":"Ginger &amp; lemon tisane. 100 g pouch \u2013 floral, fresh and caffeine-free.","og_url":"https:\/\/la-ptite-cerise.be\/produit\/magic-moon\/","og_site_name":"La P&#039;tite Cerise","article_publisher":"https:\/\/www.facebook.com\/laptitecerise\/","article_modified_time":"2025-04-18T11:57:47+00:00","og_image":[{"width":500,"height":500,"url":"https:\/\/la-ptite-cerise.be\/wp-content\/uploads\/2025\/04\/82689_1.jpeg","type":"image\/jpeg"}],"twitter_card":"summary_large_image","twitter_misc":{"Est. reading time":"1 minute"},"schema":{"@context":"https:\/\/schema.org","@graph":[{"@type":"WebPage","@id":"https:\/\/la-ptite-cerise.be\/produit\/magic-moon\/","url":"https:\/\/la-ptite-cerise.be\/produit\/magic-moon\/","name":"Magic Moon - La P&#039;tite Cerise","isPartOf":{"@id":"https:\/\/la-ptite-cerise.be\/#website"},"primaryImageOfPage":{"@id":"https:\/\/la-ptite-cerise.be\/produit\/magic-moon\/#primaryimage"},"image":{"@id":"https:\/\/la-ptite-cerise.be\/produit\/magic-moon\/#primaryimage"},"thumbnailUrl":"https:\/\/la-ptite-cerise.be\/wp-content\/uploads\/2025\/04\/82689_1.jpeg","datePublished":"2025-04-18T11:54:32+00:00","dateModified":"2025-04-18T11:57:47+00:00","breadcrumb":{"@id":"https:\/\/la-ptite-cerise.be\/produit\/magic-moon\/#breadcrumb"},"inLanguage":"en-US","potentialAction":[{"@type":"ReadAction","target":["https:\/\/la-ptite-cerise.be\/produit\/magic-moon\/"]}]},{"@type":"ImageObject","inLanguage":"en-US","@id":"https:\/\/la-ptite-cerise.be\/produit\/magic-moon\/#primaryimage","url":"https:\/\/la-ptite-cerise.be\/wp-content\/uploads\/2025\/04\/82689_1.jpeg","contentUrl":"https:\/\/la-ptite-cerise.be\/wp-content\/uploads\/2025\/04\/82689_1.jpeg","width":500,"height":500},{"@type":"BreadcrumbList","@id":"https:\/\/la-ptite-cerise.be\/produit\/magic-moon\/#breadcrumb","itemListElement":[{"@type":"ListItem","position":1,"name":"Accueil","item":"https:\/\/la-ptite-cerise.be\/en\/"},{"@type":"ListItem","position":2,"name":"Store","item":"https:\/\/la-ptite-cerise.be\/boutique\/"},{"@type":"ListItem","position":3,"name":"Magic Moon"}]},{"@type":"WebSite","@id":"https:\/\/la-ptite-cerise.be\/#website","url":"https:\/\/la-ptite-cerise.be\/","name":"La P'tite Cerise","description":"Artisan torr\u00e9facteur de caf\u00e9 de sp\u00e9cialit\u00e9. S\u00e9lection de th\u00e9s &amp; tisanes.","publisher":{"@id":"https:\/\/la-ptite-cerise.be\/#organization"},"potentialAction":[{"@type":"SearchAction","target":{"@type":"EntryPoint","urlTemplate":"https:\/\/la-ptite-cerise.be\/?s={search_term_string}"},"query-input":{"@type":"PropertyValueSpecification","valueRequired":true,"valueName":"search_term_string"}}],"inLanguage":"en-US"},{"@type":"Organization","@id":"https:\/\/la-ptite-cerise.be\/#organization","name":"La P'tite Cerise","url":"https:\/\/la-ptite-cerise.be\/","logo":{"@type":"ImageObject","inLanguage":"en-US","@id":"https:\/\/la-ptite-cerise.be\/#\/schema\/logo\/image\/","url":"https:\/\/la-ptite-cerise.be\/wp-content\/uploads\/2020\/10\/logo-header-01.jpg","contentUrl":"https:\/\/la-ptite-cerise.be\/wp-content\/uploads\/2020\/10\/logo-header-01.jpg","width":176,"height":100,"caption":"La P'tite Cerise"},"image":{"@id":"https:\/\/la-ptite-cerise.be\/#\/schema\/logo\/image\/"},"sameAs":["https:\/\/www.facebook.com\/laptitecerise\/","https:\/\/www.instagram.com\/la.ptite_cerise\/"]}]}},"_links":{"self":[{"href":"https:\/\/la-ptite-cerise.be\/en\/wp-json\/wp\/v2\/product\/13825","targetHints":{"allow":["GET"]}}],"collection":[{"href":"https:\/\/la-ptite-cerise.be\/en\/wp-json\/wp\/v2\/product"}],"about":[{"href":"https:\/\/la-ptite-cerise.be\/en\/wp-json\/wp\/v2\/types\/product"}],"wp:featuredmedia":[{"embeddable":true,"href":"https:\/\/la-ptite-cerise.be\/en\/wp-json\/wp\/v2\/media\/13827"}],"wp:attachment":[{"href":"https:\/\/la-ptite-cerise.be\/en\/wp-json\/wp\/v2\/media?parent=13825"}],"wp:term":[{"taxonomy":"product_brand","embeddable":true,"href":"https:\/\/la-ptite-cerise.be\/en\/wp-json\/wp\/v2\/product_brand?post=13825"},{"taxonomy":"product_cat","embeddable":true,"href":"https:\/\/la-ptite-cerise.be\/en\/wp-json\/wp\/v2\/product_cat?post=13825"},{"taxonomy":"product_tag","embeddable":true,"href":"https:\/\/la-ptite-cerise.be\/en\/wp-json\/wp\/v2\/product_tag?post=13825"}],"curies":[{"name":"wp","href":"https:\/\/api.w.org\/{rel}","templated":true}]}}