{"id":13836,"date":"2023-03-16T13:05:39","date_gmt":"2023-03-16T12:05:39","guid":{"rendered":"https:\/\/la-ptite-cerise.be\/produit\/spicy-inspiration\/"},"modified":"2023-03-16T13:05:39","modified_gmt":"2023-03-16T12:05:39","slug":"spicy-inspiration","status":"publish","type":"product","link":"https:\/\/la-ptite-cerise.be\/en\/produit\/spicy-inspiration\/","title":{"rendered":"Spicy Inspiration"},"content":{"rendered":"<h3 class=\"\" data-start=\"2005\" data-end=\"2077\"><strong data-start=\"2014\" data-end=\"2061\">Spicy Inspiration \u2013 Green &amp; White Tea Blend<\/strong> (100 g pouch)<\/h3>\n<p class=\"\" data-start=\"2078\" data-end=\"2162\"><strong data-start=\"2078\" data-end=\"2162\">A refined and warming blend of green and white teas with a rich array of spices.<\/strong><\/p>\n<p class=\"\" data-start=\"2164\" data-end=\"2361\">Combining China Chun Mee green tea with white Pai Mu Tan and Mao Feng, this blend is enhanced by ginger, cinnamon, cacao, cardamom and more. Naturally bold and smooth, without any added flavouring.<\/p>\n<p class=\"\" data-start=\"2363\" data-end=\"2442\">\ud83d\udcac <em data-start=\"2366\" data-end=\"2442\">Naturally complex, warm and perfectly spiced \u2013 a pure tea lover\u2019s delight.<\/em><\/p>\n<hr class=\"\" data-start=\"2444\" data-end=\"2447\" \/>\n<h3 class=\"\" data-start=\"2449\" data-end=\"2469\">\u2705 <strong data-start=\"2455\" data-end=\"2469\">Highlights<\/strong><\/h3>\n<ul data-start=\"2470\" data-end=\"2578\">\n<li class=\"\" data-start=\"2470\" data-end=\"2506\">\n<p class=\"\" data-start=\"2472\" data-end=\"2506\">Premium green and white tea base<\/p>\n<\/li>\n<li class=\"\" data-start=\"2507\" data-end=\"2539\">\n<p class=\"\" data-start=\"2509\" data-end=\"2539\">100 % natural spice infusion<\/p>\n<\/li>\n<li class=\"\" data-start=\"2540\" data-end=\"2561\">\n<p class=\"\" data-start=\"2542\" data-end=\"2561\">No added flavours<\/p>\n<\/li>\n<li class=\"\" data-start=\"2562\" data-end=\"2578\">\n<p class=\"\" data-start=\"2564\" data-end=\"2578\">Low caffeine<\/p>\n<\/li>\n<\/ul>\n<hr class=\"\" data-start=\"2580\" data-end=\"2583\" \/>\n<h3 class=\"\" data-start=\"2585\" data-end=\"2609\">\ud83e\uddfe <strong data-start=\"2592\" data-end=\"2607\">Ingredients<\/strong><\/h3>\n<p class=\"\" data-start=\"2610\" data-end=\"2956\">Ginger, cinnamon sticks, China Chun Mee green tea, crushed cacao beans, Ceylon cinnamon, anise, lemongrass, Pai Mu Tan white tea, black pepper, turmeric, star anise, pink pepper, Mao Feng white tea, clove, rose petals, cardamom, chili, ground cinnamon, ground ginger, ground cardamom, vanilla<br data-start=\"2902\" data-end=\"2905\" \/><strong data-start=\"2905\" data-end=\"2918\">Allergens<\/strong>: May contain traces of milk and nuts.<\/p>\n<hr class=\"\" data-start=\"2958\" data-end=\"2961\" \/>\n<h3 class=\"\" data-start=\"2963\" data-end=\"2987\">\ud83c\udf7d\ufe0f <strong data-start=\"2971\" data-end=\"2987\">Brewing tips<\/strong><\/h3>\n<ul data-start=\"2988\" data-end=\"3203\">\n<li class=\"\" data-start=\"2988\" data-end=\"3023\">\n<p class=\"\" data-start=\"2990\" data-end=\"3023\"><strong data-start=\"2990\" data-end=\"3011\">Water temperature<\/strong>: 75\u201380\u202f\u00b0C<\/p>\n<\/li>\n<li class=\"\" data-start=\"3024\" data-end=\"3058\">\n<p class=\"\" data-start=\"3026\" data-end=\"3058\"><strong data-start=\"3026\" data-end=\"3043\">Steeping time<\/strong>: 2\u20133 minutes<\/p>\n<\/li>\n<li class=\"\" data-start=\"3059\" data-end=\"3123\">\n<p class=\"\" data-start=\"3061\" data-end=\"3074\"><strong data-start=\"3061\" data-end=\"3073\">Quantity<\/strong>:<\/p>\n<ul data-start=\"3077\" data-end=\"3123\">\n<li class=\"\" data-start=\"3077\" data-end=\"3095\">\n<p class=\"\" data-start=\"3079\" data-end=\"3095\">3 g per 200 ml<\/p>\n<\/li>\n<li class=\"\" data-start=\"3098\" data-end=\"3123\">\n<p class=\"\" data-start=\"3100\" data-end=\"3123\"><strong data-start=\"3100\" data-end=\"3121\">12\u201315 g per litre<\/strong><\/p>\n<\/li>\n<\/ul>\n<\/li>\n<li class=\"\" data-start=\"3124\" data-end=\"3203\">\n<p class=\"\" data-start=\"3126\" data-end=\"3203\"><strong data-start=\"3126\" data-end=\"3148\">Serving suggestion<\/strong>: Great plain or with plant milk for a spiced tea latte<\/p>\n<\/li>\n<\/ul>\n","protected":false},"excerpt":{"rendered":"<p>Spiced green &amp; white tea. 100 g pouch \u2013 bold, natural and flavour-free.<\/p>\n","protected":false},"featured_media":10810,"template":"","meta":[],"product_brand":[],"product_cat":[143],"product_tag":[],"class_list":{"0":"post-13836","1":"product","2":"type-product","3":"status-publish","4":"has-post-thumbnail","6":"product_cat-tea","8":"first","9":"instock","10":"taxable","11":"shipping-taxable","12":"purchasable","13":"product-type-simple"},"yoast_head":"<!-- This site is optimized with the Yoast SEO plugin v25.7 - https:\/\/yoast.com\/wordpress\/plugins\/seo\/ -->\n<title>Spicy Inspiration - La P&#039;tite Cerise<\/title>\n<meta name=\"robots\" content=\"index, follow, max-snippet:-1, max-image-preview:large, max-video-preview:-1\" \/>\n<link rel=\"canonical\" href=\"https:\/\/la-ptite-cerise.be\/en\/produit\/spicy-inspiration\/\" \/>\n<meta property=\"og:locale\" content=\"en_US\" \/>\n<meta property=\"og:type\" content=\"article\" \/>\n<meta property=\"og:title\" content=\"Spicy Inspiration - La P&#039;tite Cerise\" \/>\n<meta property=\"og:description\" content=\"Spiced green &amp; white tea. 100 g pouch \u2013 bold, natural and flavour-free.\" \/>\n<meta property=\"og:url\" content=\"https:\/\/la-ptite-cerise.be\/en\/produit\/spicy-inspiration\/\" \/>\n<meta property=\"og:site_name\" content=\"La P&#039;tite Cerise\" \/>\n<meta property=\"article:publisher\" content=\"https:\/\/www.facebook.com\/laptitecerise\/\" \/>\n<meta property=\"og:image\" content=\"https:\/\/la-ptite-cerise.be\/wp-content\/uploads\/2023\/03\/83063_5191_83063_Spicy-Inspiration-ORGANIC_1-e1678968447444.jpg\" \/>\n\t<meta property=\"og:image:width\" content=\"500\" \/>\n\t<meta property=\"og:image:height\" content=\"500\" \/>\n\t<meta property=\"og:image:type\" content=\"image\/jpeg\" \/>\n<meta name=\"twitter:card\" content=\"summary_large_image\" \/>\n<meta name=\"twitter:label1\" content=\"Est. reading time\" \/>\n\t<meta name=\"twitter:data1\" content=\"1 minute\" \/>\n<script type=\"application\/ld+json\" class=\"yoast-schema-graph\">{\"@context\":\"https:\/\/schema.org\",\"@graph\":[{\"@type\":\"WebPage\",\"@id\":\"https:\/\/la-ptite-cerise.be\/en\/produit\/spicy-inspiration\/\",\"url\":\"https:\/\/la-ptite-cerise.be\/en\/produit\/spicy-inspiration\/\",\"name\":\"Spicy Inspiration - La P&#039;tite Cerise\",\"isPartOf\":{\"@id\":\"https:\/\/la-ptite-cerise.be\/#website\"},\"primaryImageOfPage\":{\"@id\":\"https:\/\/la-ptite-cerise.be\/en\/produit\/spicy-inspiration\/#primaryimage\"},\"image\":{\"@id\":\"https:\/\/la-ptite-cerise.be\/en\/produit\/spicy-inspiration\/#primaryimage\"},\"thumbnailUrl\":\"https:\/\/la-ptite-cerise.be\/wp-content\/uploads\/2023\/03\/83063_5191_83063_Spicy-Inspiration-ORGANIC_1-e1678968447444.jpg\",\"datePublished\":\"2023-03-16T12:05:39+00:00\",\"breadcrumb\":{\"@id\":\"https:\/\/la-ptite-cerise.be\/en\/produit\/spicy-inspiration\/#breadcrumb\"},\"inLanguage\":\"en-US\",\"potentialAction\":[{\"@type\":\"ReadAction\",\"target\":[\"https:\/\/la-ptite-cerise.be\/en\/produit\/spicy-inspiration\/\"]}]},{\"@type\":\"ImageObject\",\"inLanguage\":\"en-US\",\"@id\":\"https:\/\/la-ptite-cerise.be\/en\/produit\/spicy-inspiration\/#primaryimage\",\"url\":\"https:\/\/la-ptite-cerise.be\/wp-content\/uploads\/2023\/03\/83063_5191_83063_Spicy-Inspiration-ORGANIC_1-e1678968447444.jpg\",\"contentUrl\":\"https:\/\/la-ptite-cerise.be\/wp-content\/uploads\/2023\/03\/83063_5191_83063_Spicy-Inspiration-ORGANIC_1-e1678968447444.jpg\",\"width\":500,\"height\":500},{\"@type\":\"BreadcrumbList\",\"@id\":\"https:\/\/la-ptite-cerise.be\/en\/produit\/spicy-inspiration\/#breadcrumb\",\"itemListElement\":[{\"@type\":\"ListItem\",\"position\":1,\"name\":\"Accueil\",\"item\":\"https:\/\/la-ptite-cerise.be\/en\/\"},{\"@type\":\"ListItem\",\"position\":2,\"name\":\"Store\",\"item\":\"https:\/\/la-ptite-cerise.be\/boutique\/\"},{\"@type\":\"ListItem\",\"position\":3,\"name\":\"Spicy Inspiration\"}]},{\"@type\":\"WebSite\",\"@id\":\"https:\/\/la-ptite-cerise.be\/#website\",\"url\":\"https:\/\/la-ptite-cerise.be\/\",\"name\":\"La P'tite Cerise\",\"description\":\"Artisan torr\u00e9facteur de caf\u00e9 de sp\u00e9cialit\u00e9. S\u00e9lection de th\u00e9s &amp; tisanes.\",\"publisher\":{\"@id\":\"https:\/\/la-ptite-cerise.be\/#organization\"},\"potentialAction\":[{\"@type\":\"SearchAction\",\"target\":{\"@type\":\"EntryPoint\",\"urlTemplate\":\"https:\/\/la-ptite-cerise.be\/?s={search_term_string}\"},\"query-input\":{\"@type\":\"PropertyValueSpecification\",\"valueRequired\":true,\"valueName\":\"search_term_string\"}}],\"inLanguage\":\"en-US\"},{\"@type\":\"Organization\",\"@id\":\"https:\/\/la-ptite-cerise.be\/#organization\",\"name\":\"La P'tite Cerise\",\"url\":\"https:\/\/la-ptite-cerise.be\/\",\"logo\":{\"@type\":\"ImageObject\",\"inLanguage\":\"en-US\",\"@id\":\"https:\/\/la-ptite-cerise.be\/#\/schema\/logo\/image\/\",\"url\":\"https:\/\/la-ptite-cerise.be\/wp-content\/uploads\/2020\/10\/logo-header-01.jpg\",\"contentUrl\":\"https:\/\/la-ptite-cerise.be\/wp-content\/uploads\/2020\/10\/logo-header-01.jpg\",\"width\":176,\"height\":100,\"caption\":\"La P'tite Cerise\"},\"image\":{\"@id\":\"https:\/\/la-ptite-cerise.be\/#\/schema\/logo\/image\/\"},\"sameAs\":[\"https:\/\/www.facebook.com\/laptitecerise\/\",\"https:\/\/www.instagram.com\/la.ptite_cerise\/\"]}]}<\/script>\n<!-- \/ Yoast SEO plugin. -->","yoast_head_json":{"title":"Spicy Inspiration - La P&#039;tite Cerise","robots":{"index":"index","follow":"follow","max-snippet":"max-snippet:-1","max-image-preview":"max-image-preview:large","max-video-preview":"max-video-preview:-1"},"canonical":"https:\/\/la-ptite-cerise.be\/en\/produit\/spicy-inspiration\/","og_locale":"en_US","og_type":"article","og_title":"Spicy Inspiration - La P&#039;tite Cerise","og_description":"Spiced green &amp; white tea. 100 g pouch \u2013 bold, natural and flavour-free.","og_url":"https:\/\/la-ptite-cerise.be\/en\/produit\/spicy-inspiration\/","og_site_name":"La P&#039;tite Cerise","article_publisher":"https:\/\/www.facebook.com\/laptitecerise\/","og_image":[{"width":500,"height":500,"url":"https:\/\/la-ptite-cerise.be\/wp-content\/uploads\/2023\/03\/83063_5191_83063_Spicy-Inspiration-ORGANIC_1-e1678968447444.jpg","type":"image\/jpeg"}],"twitter_card":"summary_large_image","twitter_misc":{"Est. reading time":"1 minute"},"schema":{"@context":"https:\/\/schema.org","@graph":[{"@type":"WebPage","@id":"https:\/\/la-ptite-cerise.be\/en\/produit\/spicy-inspiration\/","url":"https:\/\/la-ptite-cerise.be\/en\/produit\/spicy-inspiration\/","name":"Spicy Inspiration - La P&#039;tite Cerise","isPartOf":{"@id":"https:\/\/la-ptite-cerise.be\/#website"},"primaryImageOfPage":{"@id":"https:\/\/la-ptite-cerise.be\/en\/produit\/spicy-inspiration\/#primaryimage"},"image":{"@id":"https:\/\/la-ptite-cerise.be\/en\/produit\/spicy-inspiration\/#primaryimage"},"thumbnailUrl":"https:\/\/la-ptite-cerise.be\/wp-content\/uploads\/2023\/03\/83063_5191_83063_Spicy-Inspiration-ORGANIC_1-e1678968447444.jpg","datePublished":"2023-03-16T12:05:39+00:00","breadcrumb":{"@id":"https:\/\/la-ptite-cerise.be\/en\/produit\/spicy-inspiration\/#breadcrumb"},"inLanguage":"en-US","potentialAction":[{"@type":"ReadAction","target":["https:\/\/la-ptite-cerise.be\/en\/produit\/spicy-inspiration\/"]}]},{"@type":"ImageObject","inLanguage":"en-US","@id":"https:\/\/la-ptite-cerise.be\/en\/produit\/spicy-inspiration\/#primaryimage","url":"https:\/\/la-ptite-cerise.be\/wp-content\/uploads\/2023\/03\/83063_5191_83063_Spicy-Inspiration-ORGANIC_1-e1678968447444.jpg","contentUrl":"https:\/\/la-ptite-cerise.be\/wp-content\/uploads\/2023\/03\/83063_5191_83063_Spicy-Inspiration-ORGANIC_1-e1678968447444.jpg","width":500,"height":500},{"@type":"BreadcrumbList","@id":"https:\/\/la-ptite-cerise.be\/en\/produit\/spicy-inspiration\/#breadcrumb","itemListElement":[{"@type":"ListItem","position":1,"name":"Accueil","item":"https:\/\/la-ptite-cerise.be\/en\/"},{"@type":"ListItem","position":2,"name":"Store","item":"https:\/\/la-ptite-cerise.be\/boutique\/"},{"@type":"ListItem","position":3,"name":"Spicy Inspiration"}]},{"@type":"WebSite","@id":"https:\/\/la-ptite-cerise.be\/#website","url":"https:\/\/la-ptite-cerise.be\/","name":"La P'tite Cerise","description":"Artisan torr\u00e9facteur de caf\u00e9 de sp\u00e9cialit\u00e9. S\u00e9lection de th\u00e9s &amp; tisanes.","publisher":{"@id":"https:\/\/la-ptite-cerise.be\/#organization"},"potentialAction":[{"@type":"SearchAction","target":{"@type":"EntryPoint","urlTemplate":"https:\/\/la-ptite-cerise.be\/?s={search_term_string}"},"query-input":{"@type":"PropertyValueSpecification","valueRequired":true,"valueName":"search_term_string"}}],"inLanguage":"en-US"},{"@type":"Organization","@id":"https:\/\/la-ptite-cerise.be\/#organization","name":"La P'tite Cerise","url":"https:\/\/la-ptite-cerise.be\/","logo":{"@type":"ImageObject","inLanguage":"en-US","@id":"https:\/\/la-ptite-cerise.be\/#\/schema\/logo\/image\/","url":"https:\/\/la-ptite-cerise.be\/wp-content\/uploads\/2020\/10\/logo-header-01.jpg","contentUrl":"https:\/\/la-ptite-cerise.be\/wp-content\/uploads\/2020\/10\/logo-header-01.jpg","width":176,"height":100,"caption":"La P'tite Cerise"},"image":{"@id":"https:\/\/la-ptite-cerise.be\/#\/schema\/logo\/image\/"},"sameAs":["https:\/\/www.facebook.com\/laptitecerise\/","https:\/\/www.instagram.com\/la.ptite_cerise\/"]}]}},"_links":{"self":[{"href":"https:\/\/la-ptite-cerise.be\/en\/wp-json\/wp\/v2\/product\/13836","targetHints":{"allow":["GET"]}}],"collection":[{"href":"https:\/\/la-ptite-cerise.be\/en\/wp-json\/wp\/v2\/product"}],"about":[{"href":"https:\/\/la-ptite-cerise.be\/en\/wp-json\/wp\/v2\/types\/product"}],"wp:featuredmedia":[{"embeddable":true,"href":"https:\/\/la-ptite-cerise.be\/en\/wp-json\/wp\/v2\/media\/10810"}],"wp:attachment":[{"href":"https:\/\/la-ptite-cerise.be\/en\/wp-json\/wp\/v2\/media?parent=13836"}],"wp:term":[{"taxonomy":"product_brand","embeddable":true,"href":"https:\/\/la-ptite-cerise.be\/en\/wp-json\/wp\/v2\/product_brand?post=13836"},{"taxonomy":"product_cat","embeddable":true,"href":"https:\/\/la-ptite-cerise.be\/en\/wp-json\/wp\/v2\/product_cat?post=13836"},{"taxonomy":"product_tag","embeddable":true,"href":"https:\/\/la-ptite-cerise.be\/en\/wp-json\/wp\/v2\/product_tag?post=13836"}],"curies":[{"name":"wp","href":"https:\/\/api.w.org\/{rel}","templated":true}]}}