{"id":13842,"date":"2021-01-02T10:45:55","date_gmt":"2021-01-02T09:45:55","guid":{"rendered":"https:\/\/la-ptite-cerise.be\/produit\/chai-chai-unicorn-bio\/"},"modified":"2025-06-19T12:56:49","modified_gmt":"2025-06-19T10:56:49","slug":"chai-chai-unicorn-bio","status":"publish","type":"product","link":"https:\/\/la-ptite-cerise.be\/en\/produit\/chai-chai-unicorn-bio\/","title":{"rendered":"Chai chai Unicorn BIO"},"content":{"rendered":"<h3 class=\"\" data-start=\"1808\" data-end=\"1893\"><strong data-start=\"1817\" data-end=\"1861\">Chai Chai Unicorn \u2013 Organic Spiced Cocoa<\/strong> (125 g pouch \u2022 Brand: Alveus)<\/h3>\n<p class=\"\" data-start=\"1894\" data-end=\"1960\"><strong data-start=\"1894\" data-end=\"1960\">An energising cocoa blend with warming chai spices and matcha.<\/strong><\/p>\n<p class=\"\" data-start=\"1962\" data-end=\"2142\">Chai Chai Unicorn combines pure organic cocoa with ginger, cinnamon, cardamom, guarana, matcha and maca \u2013 for a naturally spiced and energising drink. No added sugar or flavouring.<\/p>\n<p class=\"\" data-start=\"2144\" data-end=\"2212\">\ud83d\udcac <em data-start=\"2147\" data-end=\"2212\">Rich, bold and stimulating \u2013 a true superfood cocoa experience.<\/em><\/p>\n<hr class=\"\" data-start=\"2214\" data-end=\"2217\" \/>\n<h3 class=\"\" data-start=\"2219\" data-end=\"2239\">\u2705 <strong data-start=\"2225\" data-end=\"2239\">Highlights<\/strong><\/h3>\n<ul data-start=\"2240\" data-end=\"2378\">\n<li class=\"\" data-start=\"2240\" data-end=\"2274\">\n<p class=\"\" data-start=\"2242\" data-end=\"2274\">Organic cocoa with chai spices<\/p>\n<\/li>\n<li class=\"\" data-start=\"2275\" data-end=\"2315\">\n<p class=\"\" data-start=\"2277\" data-end=\"2315\">Enriched with matcha, guarana &amp; maca<\/p>\n<\/li>\n<li class=\"\" data-start=\"2316\" data-end=\"2348\">\n<p class=\"\" data-start=\"2318\" data-end=\"2348\">No added sugar or flavouring<\/p>\n<\/li>\n<li class=\"\" data-start=\"2349\" data-end=\"2378\">\n<p class=\"\" data-start=\"2351\" data-end=\"2378\">Energising and satisfying<\/p>\n<\/li>\n<\/ul>\n<hr class=\"\" data-start=\"2380\" data-end=\"2383\" \/>\n<h3 class=\"\" data-start=\"2385\" data-end=\"2409\">\ud83e\uddfe <strong data-start=\"2392\" data-end=\"2407\">Ingredients<\/strong><\/h3>\n<p class=\"\" data-start=\"2410\" data-end=\"2603\">Cocoa powder*, ground ginger*, guarana*, ground cinnamon*, ground cardamom*, matcha green tea*, clove*, maca root*<br data-start=\"2524\" data-end=\"2527\" \/>*From organic farming<br data-start=\"2549\" data-end=\"2552\" \/><strong data-start=\"2552\" data-end=\"2565\">Allergens<\/strong>: May contain traces of milk and nuts.<\/p>\n<hr class=\"\" data-start=\"2605\" data-end=\"2608\" \/>\n<h3 class=\"\" data-start=\"2610\" data-end=\"2634\">\ud83c\udf7d\ufe0f <strong data-start=\"2618\" data-end=\"2634\">Serving tips<\/strong><\/h3>\n<ul data-start=\"2635\" data-end=\"2863\">\n<li class=\"\" data-start=\"2635\" data-end=\"2714\">\n<p class=\"\" data-start=\"2637\" data-end=\"2660\"><strong data-start=\"2637\" data-end=\"2657\">Recommended dose<\/strong>:<\/p>\n<ul data-start=\"2663\" data-end=\"2714\">\n<li class=\"\" data-start=\"2663\" data-end=\"2714\">\n<p class=\"\" data-start=\"2665\" data-end=\"2714\">12\u201315 g per 250 ml of milk or plant-based drink<\/p>\n<\/li>\n<\/ul>\n<\/li>\n<li class=\"\" data-start=\"2715\" data-end=\"2790\">\n<p class=\"\" data-start=\"2717\" data-end=\"2790\"><strong data-start=\"2717\" data-end=\"2732\">Preparation<\/strong>: Warm the milk, stir in the powder until fully blended.<\/p>\n<\/li>\n<li class=\"\" data-start=\"2791\" data-end=\"2863\">\n<p class=\"\" data-start=\"2793\" data-end=\"2863\"><strong data-start=\"2793\" data-end=\"2807\">Suggestion<\/strong>: Sweeten to taste or add vanilla for a smoother flavour<\/p>\n<\/li>\n<\/ul>\n","protected":false},"excerpt":{"rendered":"<p>Spiced chai cocoa \u2013 organic. 125 g pouch \u2013 energising, bold and unsweetened.<\/p>\n","protected":false},"featured_media":13841,"template":"","meta":[],"product_brand":[],"product_cat":[144],"product_tag":[],"class_list":{"0":"post-13842","1":"product","2":"type-product","3":"status-publish","4":"has-post-thumbnail","6":"product_cat-cocoa","8":"first","9":"instock","10":"taxable","11":"shipping-taxable","12":"purchasable","13":"product-type-simple"},"yoast_head":"<!-- This site is optimized with the Yoast SEO plugin v25.7 - https:\/\/yoast.com\/wordpress\/plugins\/seo\/ -->\n<title>Chai chai Unicorn BIO - La P&#039;tite Cerise<\/title>\n<meta name=\"robots\" content=\"index, follow, max-snippet:-1, max-image-preview:large, max-video-preview:-1\" \/>\n<link rel=\"canonical\" href=\"https:\/\/la-ptite-cerise.be\/produit\/chai-chai-unicorn-bio\/\" \/>\n<meta property=\"og:locale\" content=\"en_US\" \/>\n<meta property=\"og:type\" content=\"article\" \/>\n<meta property=\"og:title\" content=\"Chai chai Unicorn BIO - La P&#039;tite Cerise\" \/>\n<meta property=\"og:description\" content=\"Spiced chai cocoa \u2013 organic. 125 g pouch \u2013 energising, bold and unsweetened.\" \/>\n<meta property=\"og:url\" content=\"https:\/\/la-ptite-cerise.be\/produit\/chai-chai-unicorn-bio\/\" \/>\n<meta property=\"og:site_name\" content=\"La P&#039;tite Cerise\" \/>\n<meta property=\"article:publisher\" content=\"https:\/\/www.facebook.com\/laptitecerise\/\" \/>\n<meta property=\"article:modified_time\" content=\"2025-06-19T10:56:49+00:00\" \/>\n<meta property=\"og:image\" content=\"https:\/\/la-ptite-cerise.be\/wp-content\/uploads\/2021\/01\/72623_1.jpeg\" \/>\n\t<meta property=\"og:image:width\" content=\"500\" \/>\n\t<meta property=\"og:image:height\" content=\"500\" \/>\n\t<meta property=\"og:image:type\" content=\"image\/jpeg\" \/>\n<meta name=\"twitter:card\" content=\"summary_large_image\" \/>\n<meta name=\"twitter:label1\" content=\"Est. reading time\" \/>\n\t<meta name=\"twitter:data1\" content=\"1 minute\" \/>\n<script type=\"application\/ld+json\" class=\"yoast-schema-graph\">{\"@context\":\"https:\/\/schema.org\",\"@graph\":[{\"@type\":\"WebPage\",\"@id\":\"https:\/\/la-ptite-cerise.be\/produit\/chai-chai-unicorn-bio\/\",\"url\":\"https:\/\/la-ptite-cerise.be\/produit\/chai-chai-unicorn-bio\/\",\"name\":\"Chai chai Unicorn BIO - La P&#039;tite Cerise\",\"isPartOf\":{\"@id\":\"https:\/\/la-ptite-cerise.be\/#website\"},\"primaryImageOfPage\":{\"@id\":\"https:\/\/la-ptite-cerise.be\/produit\/chai-chai-unicorn-bio\/#primaryimage\"},\"image\":{\"@id\":\"https:\/\/la-ptite-cerise.be\/produit\/chai-chai-unicorn-bio\/#primaryimage\"},\"thumbnailUrl\":\"https:\/\/la-ptite-cerise.be\/wp-content\/uploads\/2021\/01\/72623_1.jpeg\",\"datePublished\":\"2021-01-02T09:45:55+00:00\",\"dateModified\":\"2025-06-19T10:56:49+00:00\",\"breadcrumb\":{\"@id\":\"https:\/\/la-ptite-cerise.be\/produit\/chai-chai-unicorn-bio\/#breadcrumb\"},\"inLanguage\":\"en-US\",\"potentialAction\":[{\"@type\":\"ReadAction\",\"target\":[\"https:\/\/la-ptite-cerise.be\/produit\/chai-chai-unicorn-bio\/\"]}]},{\"@type\":\"ImageObject\",\"inLanguage\":\"en-US\",\"@id\":\"https:\/\/la-ptite-cerise.be\/produit\/chai-chai-unicorn-bio\/#primaryimage\",\"url\":\"https:\/\/la-ptite-cerise.be\/wp-content\/uploads\/2021\/01\/72623_1.jpeg\",\"contentUrl\":\"https:\/\/la-ptite-cerise.be\/wp-content\/uploads\/2021\/01\/72623_1.jpeg\",\"width\":500,\"height\":500},{\"@type\":\"BreadcrumbList\",\"@id\":\"https:\/\/la-ptite-cerise.be\/produit\/chai-chai-unicorn-bio\/#breadcrumb\",\"itemListElement\":[{\"@type\":\"ListItem\",\"position\":1,\"name\":\"Accueil\",\"item\":\"https:\/\/la-ptite-cerise.be\/en\/\"},{\"@type\":\"ListItem\",\"position\":2,\"name\":\"Store\",\"item\":\"https:\/\/la-ptite-cerise.be\/boutique\/\"},{\"@type\":\"ListItem\",\"position\":3,\"name\":\"Chai chai Unicorn BIO\"}]},{\"@type\":\"WebSite\",\"@id\":\"https:\/\/la-ptite-cerise.be\/#website\",\"url\":\"https:\/\/la-ptite-cerise.be\/\",\"name\":\"La P'tite Cerise\",\"description\":\"Artisan torr\u00e9facteur de caf\u00e9 de sp\u00e9cialit\u00e9. S\u00e9lection de th\u00e9s &amp; tisanes.\",\"publisher\":{\"@id\":\"https:\/\/la-ptite-cerise.be\/#organization\"},\"potentialAction\":[{\"@type\":\"SearchAction\",\"target\":{\"@type\":\"EntryPoint\",\"urlTemplate\":\"https:\/\/la-ptite-cerise.be\/?s={search_term_string}\"},\"query-input\":{\"@type\":\"PropertyValueSpecification\",\"valueRequired\":true,\"valueName\":\"search_term_string\"}}],\"inLanguage\":\"en-US\"},{\"@type\":\"Organization\",\"@id\":\"https:\/\/la-ptite-cerise.be\/#organization\",\"name\":\"La P'tite Cerise\",\"url\":\"https:\/\/la-ptite-cerise.be\/\",\"logo\":{\"@type\":\"ImageObject\",\"inLanguage\":\"en-US\",\"@id\":\"https:\/\/la-ptite-cerise.be\/#\/schema\/logo\/image\/\",\"url\":\"https:\/\/la-ptite-cerise.be\/wp-content\/uploads\/2020\/10\/logo-header-01.jpg\",\"contentUrl\":\"https:\/\/la-ptite-cerise.be\/wp-content\/uploads\/2020\/10\/logo-header-01.jpg\",\"width\":176,\"height\":100,\"caption\":\"La P'tite Cerise\"},\"image\":{\"@id\":\"https:\/\/la-ptite-cerise.be\/#\/schema\/logo\/image\/\"},\"sameAs\":[\"https:\/\/www.facebook.com\/laptitecerise\/\",\"https:\/\/www.instagram.com\/la.ptite_cerise\/\"]}]}<\/script>\n<!-- \/ Yoast SEO plugin. -->","yoast_head_json":{"title":"Chai chai Unicorn BIO - La P&#039;tite Cerise","robots":{"index":"index","follow":"follow","max-snippet":"max-snippet:-1","max-image-preview":"max-image-preview:large","max-video-preview":"max-video-preview:-1"},"canonical":"https:\/\/la-ptite-cerise.be\/produit\/chai-chai-unicorn-bio\/","og_locale":"en_US","og_type":"article","og_title":"Chai chai Unicorn BIO - La P&#039;tite Cerise","og_description":"Spiced chai cocoa \u2013 organic. 125 g pouch \u2013 energising, bold and unsweetened.","og_url":"https:\/\/la-ptite-cerise.be\/produit\/chai-chai-unicorn-bio\/","og_site_name":"La P&#039;tite Cerise","article_publisher":"https:\/\/www.facebook.com\/laptitecerise\/","article_modified_time":"2025-06-19T10:56:49+00:00","og_image":[{"width":500,"height":500,"url":"https:\/\/la-ptite-cerise.be\/wp-content\/uploads\/2021\/01\/72623_1.jpeg","type":"image\/jpeg"}],"twitter_card":"summary_large_image","twitter_misc":{"Est. reading time":"1 minute"},"schema":{"@context":"https:\/\/schema.org","@graph":[{"@type":"WebPage","@id":"https:\/\/la-ptite-cerise.be\/produit\/chai-chai-unicorn-bio\/","url":"https:\/\/la-ptite-cerise.be\/produit\/chai-chai-unicorn-bio\/","name":"Chai chai Unicorn BIO - La P&#039;tite Cerise","isPartOf":{"@id":"https:\/\/la-ptite-cerise.be\/#website"},"primaryImageOfPage":{"@id":"https:\/\/la-ptite-cerise.be\/produit\/chai-chai-unicorn-bio\/#primaryimage"},"image":{"@id":"https:\/\/la-ptite-cerise.be\/produit\/chai-chai-unicorn-bio\/#primaryimage"},"thumbnailUrl":"https:\/\/la-ptite-cerise.be\/wp-content\/uploads\/2021\/01\/72623_1.jpeg","datePublished":"2021-01-02T09:45:55+00:00","dateModified":"2025-06-19T10:56:49+00:00","breadcrumb":{"@id":"https:\/\/la-ptite-cerise.be\/produit\/chai-chai-unicorn-bio\/#breadcrumb"},"inLanguage":"en-US","potentialAction":[{"@type":"ReadAction","target":["https:\/\/la-ptite-cerise.be\/produit\/chai-chai-unicorn-bio\/"]}]},{"@type":"ImageObject","inLanguage":"en-US","@id":"https:\/\/la-ptite-cerise.be\/produit\/chai-chai-unicorn-bio\/#primaryimage","url":"https:\/\/la-ptite-cerise.be\/wp-content\/uploads\/2021\/01\/72623_1.jpeg","contentUrl":"https:\/\/la-ptite-cerise.be\/wp-content\/uploads\/2021\/01\/72623_1.jpeg","width":500,"height":500},{"@type":"BreadcrumbList","@id":"https:\/\/la-ptite-cerise.be\/produit\/chai-chai-unicorn-bio\/#breadcrumb","itemListElement":[{"@type":"ListItem","position":1,"name":"Accueil","item":"https:\/\/la-ptite-cerise.be\/en\/"},{"@type":"ListItem","position":2,"name":"Store","item":"https:\/\/la-ptite-cerise.be\/boutique\/"},{"@type":"ListItem","position":3,"name":"Chai chai Unicorn BIO"}]},{"@type":"WebSite","@id":"https:\/\/la-ptite-cerise.be\/#website","url":"https:\/\/la-ptite-cerise.be\/","name":"La P'tite Cerise","description":"Artisan torr\u00e9facteur de caf\u00e9 de sp\u00e9cialit\u00e9. S\u00e9lection de th\u00e9s &amp; tisanes.","publisher":{"@id":"https:\/\/la-ptite-cerise.be\/#organization"},"potentialAction":[{"@type":"SearchAction","target":{"@type":"EntryPoint","urlTemplate":"https:\/\/la-ptite-cerise.be\/?s={search_term_string}"},"query-input":{"@type":"PropertyValueSpecification","valueRequired":true,"valueName":"search_term_string"}}],"inLanguage":"en-US"},{"@type":"Organization","@id":"https:\/\/la-ptite-cerise.be\/#organization","name":"La P'tite Cerise","url":"https:\/\/la-ptite-cerise.be\/","logo":{"@type":"ImageObject","inLanguage":"en-US","@id":"https:\/\/la-ptite-cerise.be\/#\/schema\/logo\/image\/","url":"https:\/\/la-ptite-cerise.be\/wp-content\/uploads\/2020\/10\/logo-header-01.jpg","contentUrl":"https:\/\/la-ptite-cerise.be\/wp-content\/uploads\/2020\/10\/logo-header-01.jpg","width":176,"height":100,"caption":"La P'tite Cerise"},"image":{"@id":"https:\/\/la-ptite-cerise.be\/#\/schema\/logo\/image\/"},"sameAs":["https:\/\/www.facebook.com\/laptitecerise\/","https:\/\/www.instagram.com\/la.ptite_cerise\/"]}]}},"_links":{"self":[{"href":"https:\/\/la-ptite-cerise.be\/en\/wp-json\/wp\/v2\/product\/13842","targetHints":{"allow":["GET"]}}],"collection":[{"href":"https:\/\/la-ptite-cerise.be\/en\/wp-json\/wp\/v2\/product"}],"about":[{"href":"https:\/\/la-ptite-cerise.be\/en\/wp-json\/wp\/v2\/types\/product"}],"wp:featuredmedia":[{"embeddable":true,"href":"https:\/\/la-ptite-cerise.be\/en\/wp-json\/wp\/v2\/media\/13841"}],"wp:attachment":[{"href":"https:\/\/la-ptite-cerise.be\/en\/wp-json\/wp\/v2\/media?parent=13842"}],"wp:term":[{"taxonomy":"product_brand","embeddable":true,"href":"https:\/\/la-ptite-cerise.be\/en\/wp-json\/wp\/v2\/product_brand?post=13842"},{"taxonomy":"product_cat","embeddable":true,"href":"https:\/\/la-ptite-cerise.be\/en\/wp-json\/wp\/v2\/product_cat?post=13842"},{"taxonomy":"product_tag","embeddable":true,"href":"https:\/\/la-ptite-cerise.be\/en\/wp-json\/wp\/v2\/product_tag?post=13842"}],"curies":[{"name":"wp","href":"https:\/\/api.w.org\/{rel}","templated":true}]}}