{"id":13846,"date":"2024-01-30T12:56:51","date_gmt":"2024-01-30T11:56:51","guid":{"rendered":"https:\/\/la-ptite-cerise.be\/produit\/swirly-hot-chocolate-powder-baru\/"},"modified":"2025-06-19T12:55:57","modified_gmt":"2025-06-19T10:55:57","slug":"swirly-hot-chocolate-powder-baru","status":"publish","type":"product","link":"https:\/\/la-ptite-cerise.be\/en\/produit\/swirly-hot-chocolate-powder-baru\/","title":{"rendered":"Swirly Hot Chocolate Powder BAR\u00da"},"content":{"rendered":"<h3 class=\"\" data-start=\"1683\" data-end=\"1773\"><strong data-start=\"1692\" data-end=\"1745\">Swirly Hot Chocolate Powder \u2013 Belgian-style treat<\/strong> (250 g tin \u2022 Brand: BAR\u00da)<\/h3>\n<p class=\"\" data-start=\"1774\" data-end=\"1863\"><strong data-start=\"1774\" data-end=\"1863\">A creamy, playful hot chocolate made with cocoa and Belgian dark chocolate figurines.<\/strong><\/p>\n<p class=\"\" data-start=\"1865\" data-end=\"2037\">This natural drink mix combines rich cocoa with 10\u202f% Belgian dark chocolate for a fun and comforting experience. No artificial flavours or colours, and suitable for vegans.<\/p>\n<p class=\"\" data-start=\"2039\" data-end=\"2080\">\ud83d\udcac <em data-start=\"2042\" data-end=\"2080\">A fun, indulgent treat for all ages.<\/em><\/p>\n<hr class=\"\" data-start=\"2082\" data-end=\"2085\" \/>\n<h3 class=\"\" data-start=\"2087\" data-end=\"2107\">\u2705 <strong data-start=\"2093\" data-end=\"2107\">Highlights<\/strong><\/h3>\n<ul data-start=\"2108\" data-end=\"2290\">\n<li class=\"\" data-start=\"2108\" data-end=\"2156\">\n<p class=\"\" data-start=\"2110\" data-end=\"2156\">Contains 10 % Belgian dark chocolate figures<\/p>\n<\/li>\n<li class=\"\" data-start=\"2157\" data-end=\"2199\">\n<p class=\"\" data-start=\"2159\" data-end=\"2199\">No artificial flavouring or colourants<\/p>\n<\/li>\n<li class=\"\" data-start=\"2200\" data-end=\"2217\">\n<p class=\"\" data-start=\"2202\" data-end=\"2217\">Palm oil free<\/p>\n<\/li>\n<li class=\"\" data-start=\"2218\" data-end=\"2236\">\n<p class=\"\" data-start=\"2220\" data-end=\"2236\">Vegan-friendly<\/p>\n<\/li>\n<li class=\"\" data-start=\"2237\" data-end=\"2290\">\n<p class=\"\" data-start=\"2239\" data-end=\"2290\">Metal tin format for better storage and freshness<\/p>\n<\/li>\n<\/ul>\n<hr class=\"\" data-start=\"2292\" data-end=\"2295\" \/>\n<h3 class=\"\" data-start=\"2297\" data-end=\"2321\">\ud83e\uddfe <strong data-start=\"2304\" data-end=\"2319\">Ingredients<\/strong><\/h3>\n<p class=\"\" data-start=\"2322\" data-end=\"2589\">Sugar, cocoa powder, dark chocolate (10 %) (cocoa mass, sugar, cocoa butter, emulsifier: soya lecithin, natural vanilla flavour)<br data-start=\"2450\" data-end=\"2453\" \/>Dark chocolate contains at least 53 % cocoa solids<br data-start=\"2503\" data-end=\"2506\" \/><strong data-start=\"2506\" data-end=\"2519\">Allergens<\/strong>: contains soya. May contain traces of milk, nuts, gluten and peanuts.<\/p>\n<hr class=\"\" data-start=\"2591\" data-end=\"2594\" \/>\n<h3 class=\"\" data-start=\"2596\" data-end=\"2620\">\ud83c\udf7d\ufe0f <strong data-start=\"2604\" data-end=\"2620\">Serving tips<\/strong><\/h3>\n<ul data-start=\"2621\" data-end=\"2846\">\n<li class=\"\" data-start=\"2621\" data-end=\"2701\">\n<p class=\"\" data-start=\"2623\" data-end=\"2701\"><strong data-start=\"2623\" data-end=\"2643\">Recommended dose<\/strong>: 21 g per 250 ml of hot milk or plant-based alternative<\/p>\n<\/li>\n<li class=\"\" data-start=\"2702\" data-end=\"2774\">\n<p class=\"\" data-start=\"2704\" data-end=\"2774\"><strong data-start=\"2704\" data-end=\"2719\">Preparation<\/strong>: Heat your milk, add the powder, stir well and enjoy<\/p>\n<\/li>\n<li class=\"\" data-start=\"2775\" data-end=\"2846\">\n<p class=\"\" data-start=\"2777\" data-end=\"2846\"><strong data-start=\"2777\" data-end=\"2789\">Try this<\/strong>: Top with mini marshmallows or cinnamon for a cosy twist<\/p>\n<\/li>\n<\/ul>\n","protected":false},"excerpt":{"rendered":"<p>250 g tin. Hot chocolate mix with cocoa and Belgian chocolate. Natural, no artificial flavours.<\/p>\n","protected":false},"featured_media":13845,"template":"","meta":[],"product_brand":[],"product_cat":[144],"product_tag":[],"class_list":{"0":"post-13846","1":"product","2":"type-product","3":"status-publish","4":"has-post-thumbnail","6":"product_cat-cocoa","8":"first","9":"instock","10":"taxable","11":"shipping-taxable","12":"purchasable","13":"product-type-simple"},"yoast_head":"<!-- This site is optimized with the Yoast SEO plugin v25.7 - https:\/\/yoast.com\/wordpress\/plugins\/seo\/ -->\n<title>Swirly Hot Chocolate Powder BAR\u00da - La P&#039;tite Cerise<\/title>\n<meta name=\"robots\" content=\"index, follow, max-snippet:-1, max-image-preview:large, max-video-preview:-1\" \/>\n<link rel=\"canonical\" href=\"https:\/\/la-ptite-cerise.be\/produit\/baru-swirly-hot-chocolate-powder-baru\/\" \/>\n<meta property=\"og:locale\" content=\"en_US\" \/>\n<meta property=\"og:type\" content=\"article\" \/>\n<meta property=\"og:title\" content=\"Swirly Hot Chocolate Powder BAR\u00da - La P&#039;tite Cerise\" \/>\n<meta property=\"og:description\" content=\"250 g tin. Hot chocolate mix with cocoa and Belgian chocolate. Natural, no artificial flavours.\" \/>\n<meta property=\"og:url\" content=\"https:\/\/la-ptite-cerise.be\/produit\/baru-swirly-hot-chocolate-powder-baru\/\" \/>\n<meta property=\"og:site_name\" content=\"La P&#039;tite Cerise\" \/>\n<meta property=\"article:publisher\" content=\"https:\/\/www.facebook.com\/laptitecerise\/\" \/>\n<meta property=\"article:modified_time\" content=\"2025-06-19T10:55:57+00:00\" \/>\n<meta property=\"og:image\" content=\"https:\/\/la-ptite-cerise.be\/wp-content\/uploads\/2024\/01\/swirly_hot_chocolate_500x500.png\" \/>\n\t<meta property=\"og:image:width\" content=\"500\" \/>\n\t<meta property=\"og:image:height\" content=\"500\" \/>\n\t<meta property=\"og:image:type\" content=\"image\/png\" \/>\n<meta name=\"twitter:card\" content=\"summary_large_image\" \/>\n<meta name=\"twitter:label1\" content=\"Est. reading time\" \/>\n\t<meta name=\"twitter:data1\" content=\"2 minutes\" \/>\n<script type=\"application\/ld+json\" class=\"yoast-schema-graph\">{\"@context\":\"https:\/\/schema.org\",\"@graph\":[{\"@type\":\"WebPage\",\"@id\":\"https:\/\/la-ptite-cerise.be\/produit\/baru-swirly-hot-chocolate-powder-baru\/\",\"url\":\"https:\/\/la-ptite-cerise.be\/produit\/baru-swirly-hot-chocolate-powder-baru\/\",\"name\":\"Swirly Hot Chocolate Powder BAR\u00da - La P&#039;tite Cerise\",\"isPartOf\":{\"@id\":\"https:\/\/la-ptite-cerise.be\/#website\"},\"primaryImageOfPage\":{\"@id\":\"https:\/\/la-ptite-cerise.be\/produit\/baru-swirly-hot-chocolate-powder-baru\/#primaryimage\"},\"image\":{\"@id\":\"https:\/\/la-ptite-cerise.be\/produit\/baru-swirly-hot-chocolate-powder-baru\/#primaryimage\"},\"thumbnailUrl\":\"https:\/\/la-ptite-cerise.be\/wp-content\/uploads\/2024\/01\/swirly_hot_chocolate_500x500.png\",\"datePublished\":\"2024-01-30T11:56:51+00:00\",\"dateModified\":\"2025-06-19T10:55:57+00:00\",\"breadcrumb\":{\"@id\":\"https:\/\/la-ptite-cerise.be\/produit\/baru-swirly-hot-chocolate-powder-baru\/#breadcrumb\"},\"inLanguage\":\"en-US\",\"potentialAction\":[{\"@type\":\"ReadAction\",\"target\":[\"https:\/\/la-ptite-cerise.be\/produit\/baru-swirly-hot-chocolate-powder-baru\/\"]}]},{\"@type\":\"ImageObject\",\"inLanguage\":\"en-US\",\"@id\":\"https:\/\/la-ptite-cerise.be\/produit\/baru-swirly-hot-chocolate-powder-baru\/#primaryimage\",\"url\":\"https:\/\/la-ptite-cerise.be\/wp-content\/uploads\/2024\/01\/swirly_hot_chocolate_500x500.png\",\"contentUrl\":\"https:\/\/la-ptite-cerise.be\/wp-content\/uploads\/2024\/01\/swirly_hot_chocolate_500x500.png\",\"width\":500,\"height\":500},{\"@type\":\"BreadcrumbList\",\"@id\":\"https:\/\/la-ptite-cerise.be\/produit\/baru-swirly-hot-chocolate-powder-baru\/#breadcrumb\",\"itemListElement\":[{\"@type\":\"ListItem\",\"position\":1,\"name\":\"Accueil\",\"item\":\"https:\/\/la-ptite-cerise.be\/en\/\"},{\"@type\":\"ListItem\",\"position\":2,\"name\":\"Store\",\"item\":\"https:\/\/la-ptite-cerise.be\/boutique\/\"},{\"@type\":\"ListItem\",\"position\":3,\"name\":\"Swirly Hot Chocolate Powder BAR\u00da\"}]},{\"@type\":\"WebSite\",\"@id\":\"https:\/\/la-ptite-cerise.be\/#website\",\"url\":\"https:\/\/la-ptite-cerise.be\/\",\"name\":\"La P'tite Cerise\",\"description\":\"Artisan torr\u00e9facteur de caf\u00e9 de sp\u00e9cialit\u00e9. S\u00e9lection de th\u00e9s &amp; tisanes.\",\"publisher\":{\"@id\":\"https:\/\/la-ptite-cerise.be\/#organization\"},\"potentialAction\":[{\"@type\":\"SearchAction\",\"target\":{\"@type\":\"EntryPoint\",\"urlTemplate\":\"https:\/\/la-ptite-cerise.be\/?s={search_term_string}\"},\"query-input\":{\"@type\":\"PropertyValueSpecification\",\"valueRequired\":true,\"valueName\":\"search_term_string\"}}],\"inLanguage\":\"en-US\"},{\"@type\":\"Organization\",\"@id\":\"https:\/\/la-ptite-cerise.be\/#organization\",\"name\":\"La P'tite Cerise\",\"url\":\"https:\/\/la-ptite-cerise.be\/\",\"logo\":{\"@type\":\"ImageObject\",\"inLanguage\":\"en-US\",\"@id\":\"https:\/\/la-ptite-cerise.be\/#\/schema\/logo\/image\/\",\"url\":\"https:\/\/la-ptite-cerise.be\/wp-content\/uploads\/2020\/10\/logo-header-01.jpg\",\"contentUrl\":\"https:\/\/la-ptite-cerise.be\/wp-content\/uploads\/2020\/10\/logo-header-01.jpg\",\"width\":176,\"height\":100,\"caption\":\"La P'tite Cerise\"},\"image\":{\"@id\":\"https:\/\/la-ptite-cerise.be\/#\/schema\/logo\/image\/\"},\"sameAs\":[\"https:\/\/www.facebook.com\/laptitecerise\/\",\"https:\/\/www.instagram.com\/la.ptite_cerise\/\"]}]}<\/script>\n<!-- \/ Yoast SEO plugin. -->","yoast_head_json":{"title":"Swirly Hot Chocolate Powder BAR\u00da - La P&#039;tite Cerise","robots":{"index":"index","follow":"follow","max-snippet":"max-snippet:-1","max-image-preview":"max-image-preview:large","max-video-preview":"max-video-preview:-1"},"canonical":"https:\/\/la-ptite-cerise.be\/produit\/baru-swirly-hot-chocolate-powder-baru\/","og_locale":"en_US","og_type":"article","og_title":"Swirly Hot Chocolate Powder BAR\u00da - La P&#039;tite Cerise","og_description":"250 g tin. Hot chocolate mix with cocoa and Belgian chocolate. Natural, no artificial flavours.","og_url":"https:\/\/la-ptite-cerise.be\/produit\/baru-swirly-hot-chocolate-powder-baru\/","og_site_name":"La P&#039;tite Cerise","article_publisher":"https:\/\/www.facebook.com\/laptitecerise\/","article_modified_time":"2025-06-19T10:55:57+00:00","og_image":[{"width":500,"height":500,"url":"https:\/\/la-ptite-cerise.be\/wp-content\/uploads\/2024\/01\/swirly_hot_chocolate_500x500.png","type":"image\/png"}],"twitter_card":"summary_large_image","twitter_misc":{"Est. reading time":"2 minutes"},"schema":{"@context":"https:\/\/schema.org","@graph":[{"@type":"WebPage","@id":"https:\/\/la-ptite-cerise.be\/produit\/baru-swirly-hot-chocolate-powder-baru\/","url":"https:\/\/la-ptite-cerise.be\/produit\/baru-swirly-hot-chocolate-powder-baru\/","name":"Swirly Hot Chocolate Powder BAR\u00da - La P&#039;tite Cerise","isPartOf":{"@id":"https:\/\/la-ptite-cerise.be\/#website"},"primaryImageOfPage":{"@id":"https:\/\/la-ptite-cerise.be\/produit\/baru-swirly-hot-chocolate-powder-baru\/#primaryimage"},"image":{"@id":"https:\/\/la-ptite-cerise.be\/produit\/baru-swirly-hot-chocolate-powder-baru\/#primaryimage"},"thumbnailUrl":"https:\/\/la-ptite-cerise.be\/wp-content\/uploads\/2024\/01\/swirly_hot_chocolate_500x500.png","datePublished":"2024-01-30T11:56:51+00:00","dateModified":"2025-06-19T10:55:57+00:00","breadcrumb":{"@id":"https:\/\/la-ptite-cerise.be\/produit\/baru-swirly-hot-chocolate-powder-baru\/#breadcrumb"},"inLanguage":"en-US","potentialAction":[{"@type":"ReadAction","target":["https:\/\/la-ptite-cerise.be\/produit\/baru-swirly-hot-chocolate-powder-baru\/"]}]},{"@type":"ImageObject","inLanguage":"en-US","@id":"https:\/\/la-ptite-cerise.be\/produit\/baru-swirly-hot-chocolate-powder-baru\/#primaryimage","url":"https:\/\/la-ptite-cerise.be\/wp-content\/uploads\/2024\/01\/swirly_hot_chocolate_500x500.png","contentUrl":"https:\/\/la-ptite-cerise.be\/wp-content\/uploads\/2024\/01\/swirly_hot_chocolate_500x500.png","width":500,"height":500},{"@type":"BreadcrumbList","@id":"https:\/\/la-ptite-cerise.be\/produit\/baru-swirly-hot-chocolate-powder-baru\/#breadcrumb","itemListElement":[{"@type":"ListItem","position":1,"name":"Accueil","item":"https:\/\/la-ptite-cerise.be\/en\/"},{"@type":"ListItem","position":2,"name":"Store","item":"https:\/\/la-ptite-cerise.be\/boutique\/"},{"@type":"ListItem","position":3,"name":"Swirly Hot Chocolate Powder BAR\u00da"}]},{"@type":"WebSite","@id":"https:\/\/la-ptite-cerise.be\/#website","url":"https:\/\/la-ptite-cerise.be\/","name":"La P'tite Cerise","description":"Artisan torr\u00e9facteur de caf\u00e9 de sp\u00e9cialit\u00e9. S\u00e9lection de th\u00e9s &amp; tisanes.","publisher":{"@id":"https:\/\/la-ptite-cerise.be\/#organization"},"potentialAction":[{"@type":"SearchAction","target":{"@type":"EntryPoint","urlTemplate":"https:\/\/la-ptite-cerise.be\/?s={search_term_string}"},"query-input":{"@type":"PropertyValueSpecification","valueRequired":true,"valueName":"search_term_string"}}],"inLanguage":"en-US"},{"@type":"Organization","@id":"https:\/\/la-ptite-cerise.be\/#organization","name":"La P'tite Cerise","url":"https:\/\/la-ptite-cerise.be\/","logo":{"@type":"ImageObject","inLanguage":"en-US","@id":"https:\/\/la-ptite-cerise.be\/#\/schema\/logo\/image\/","url":"https:\/\/la-ptite-cerise.be\/wp-content\/uploads\/2020\/10\/logo-header-01.jpg","contentUrl":"https:\/\/la-ptite-cerise.be\/wp-content\/uploads\/2020\/10\/logo-header-01.jpg","width":176,"height":100,"caption":"La P'tite Cerise"},"image":{"@id":"https:\/\/la-ptite-cerise.be\/#\/schema\/logo\/image\/"},"sameAs":["https:\/\/www.facebook.com\/laptitecerise\/","https:\/\/www.instagram.com\/la.ptite_cerise\/"]}]}},"_links":{"self":[{"href":"https:\/\/la-ptite-cerise.be\/en\/wp-json\/wp\/v2\/product\/13846","targetHints":{"allow":["GET"]}}],"collection":[{"href":"https:\/\/la-ptite-cerise.be\/en\/wp-json\/wp\/v2\/product"}],"about":[{"href":"https:\/\/la-ptite-cerise.be\/en\/wp-json\/wp\/v2\/types\/product"}],"wp:featuredmedia":[{"embeddable":true,"href":"https:\/\/la-ptite-cerise.be\/en\/wp-json\/wp\/v2\/media\/13845"}],"wp:attachment":[{"href":"https:\/\/la-ptite-cerise.be\/en\/wp-json\/wp\/v2\/media?parent=13846"}],"wp:term":[{"taxonomy":"product_brand","embeddable":true,"href":"https:\/\/la-ptite-cerise.be\/en\/wp-json\/wp\/v2\/product_brand?post=13846"},{"taxonomy":"product_cat","embeddable":true,"href":"https:\/\/la-ptite-cerise.be\/en\/wp-json\/wp\/v2\/product_cat?post=13846"},{"taxonomy":"product_tag","embeddable":true,"href":"https:\/\/la-ptite-cerise.be\/en\/wp-json\/wp\/v2\/product_tag?post=13846"}],"curies":[{"name":"wp","href":"https:\/\/api.w.org\/{rel}","templated":true}]}}