{"id":13860,"date":"2024-01-30T13:04:39","date_gmt":"2024-01-30T12:04:39","guid":{"rendered":"https:\/\/la-ptite-cerise.be\/produit\/dark-hot-chocolate-powder-baru\/"},"modified":"2025-06-19T12:55:11","modified_gmt":"2025-06-19T10:55:11","slug":"dark-hot-chocolate-powder-baru","status":"publish","type":"product","link":"https:\/\/la-ptite-cerise.be\/en\/produit\/dark-hot-chocolate-powder-baru\/","title":{"rendered":"Dark Hot Chocolate Powder BAR\u00da"},"content":{"rendered":"<h3 class=\"\" data-start=\"1296\" data-end=\"1353\"><strong data-start=\"1305\" data-end=\"1351\">Dark Hot Chocolate Powder \u2013 Rich &amp; intense<\/strong><\/h3>\n<p class=\"\" data-start=\"1354\" data-end=\"1480\"><strong data-start=\"1354\" data-end=\"1392\">250\u202fg cardboard tube \u2022 Brand: BAR\u00da<\/strong><br data-start=\"1392\" data-end=\"1395\" \/><strong data-start=\"1395\" data-end=\"1480\">A rich and intense hot chocolate with 64\u202f% cocoa for a deep chocolate experience.<\/strong><\/p>\n<p class=\"\" data-start=\"1482\" data-end=\"1607\"><span class=\"relative -mx-px my-[-0.2rem] rounded px-px py-[0.2rem] transition-colors duration-100 ease-in-out\">BAR\u00da&#8217;s Dark Hot Chocolate Powder is a Belgian cocoa powder with 64\u202f% cocoa, offering a balanced and intense flavor.<\/span> <span class=\"relative -mx-px my-[-0.2rem] rounded px-px py-[0.2rem] transition-colors duration-100 ease-in-out\">Free from artificial flavors or colors, palm oil-free, and 100\u202f% vegan, it&#8217;s perfect for lovers of authentic dark chocolate.<\/span>\u200b<\/p>\n<p class=\"\" data-start=\"1609\" data-end=\"1663\">\ud83d\udcac <em data-start=\"1612\" data-end=\"1663\">Pure and intense pleasure, to be enjoyed anytime.<\/em><\/p>\n<hr class=\"\" data-start=\"1665\" data-end=\"1668\" \/>\n<h3 class=\"\" data-start=\"1670\" data-end=\"1690\">\u2705 <strong data-start=\"1676\" data-end=\"1690\">Highlights<\/strong><\/h3>\n<ul data-start=\"1691\" data-end=\"1954\">\n<li class=\"\" data-start=\"1691\" data-end=\"1734\">\n<p class=\"\" data-start=\"1693\" data-end=\"1734\"><span class=\"relative -mx-px my-[-0.2rem] rounded px-px py-[0.2rem] transition-colors duration-100 ease-in-out\">64\u202f% cocoa for an intense flavor<\/span><\/p>\n<\/li>\n<li class=\"\" data-start=\"1735\" data-end=\"1778\">\n<p class=\"\" data-start=\"1737\" data-end=\"1778\"><span class=\"relative -mx-px my-[-0.2rem] rounded px-px py-[0.2rem] transition-colors duration-100 ease-in-out\">No artificial flavors or colors<\/span><\/p>\n<\/li>\n<li class=\"\" data-start=\"1779\" data-end=\"1822\">\n<p class=\"\" data-start=\"1781\" data-end=\"1822\"><span class=\"relative -mx-px my-[-0.2rem] rounded px-px py-[0.2rem] transition-colors duration-100 ease-in-out\">Palm oil-free<\/span><\/p>\n<\/li>\n<li class=\"\" data-start=\"1823\" data-end=\"1866\">\n<p class=\"\" data-start=\"1825\" data-end=\"1866\"><span class=\"relative -mx-px my-[-0.2rem] rounded px-px py-[0.2rem] transition-colors duration-100 ease-in-out\">Vegan recipe<\/span><\/p>\n<\/li>\n<li class=\"\" data-start=\"1867\" data-end=\"1954\">\n<p class=\"\" data-start=\"1869\" data-end=\"1954\"><span class=\"relative -mx-px my-[-0.2rem] rounded px-px py-[0.2rem] transition-colors duration-100 ease-in-out\">Packaged in a resealable cardboard tube<\/span>\u200b<\/p>\n<\/li>\n<\/ul>\n<hr class=\"\" data-start=\"1956\" data-end=\"1959\" \/>\n<h3 class=\"\" data-start=\"1961\" data-end=\"1985\">\ud83e\uddfe <strong data-start=\"1968\" data-end=\"1983\">Ingredients<\/strong><\/h3>\n<p class=\"\" data-start=\"1986\" data-end=\"2170\"><span class=\"relative -mx-px my-[-0.2rem] rounded px-px py-[0.2rem] transition-colors duration-100 ease-in-out\">Cocoa powder (64\u202f%), sugar.<\/span><br data-start=\"2025\" data-end=\"2028\" \/><span class=\"relative -mx-px my-[-0.2rem] rounded px-px py-[0.2rem] transition-colors duration-100 ease-in-out\">Cocoa solids: 64\u202f% minimum.<\/span><br data-start=\"2067\" data-end=\"2070\" \/><strong data-start=\"2070\" data-end=\"2083\">Allergens<\/strong>: <span class=\"relative -mx-px my-[-0.2rem] rounded px-px py-[0.2rem] transition-colors duration-100 ease-in-out\">may contain traces of milk, nuts, soy, gluten, and peanuts.<\/span>\u200b<\/p>\n<hr class=\"\" data-start=\"2172\" data-end=\"2175\" \/>\n<h3 class=\"\" data-start=\"2177\" data-end=\"2201\">\ud83c\udf7d\ufe0f <strong data-start=\"2185\" data-end=\"2201\">Serving tips<\/strong><\/h3>\n<ul data-start=\"2202\" data-end=\"2434\">\n<li class=\"\" data-start=\"2202\" data-end=\"2269\">\n<p class=\"\" data-start=\"2204\" data-end=\"2269\"><strong data-start=\"2204\" data-end=\"2226\">Recommended amount<\/strong>: <span class=\"relative -mx-px my-[-0.2rem] rounded px-px py-[0.2rem] transition-colors duration-100 ease-in-out\">21\u202fg (\u2248 3 teaspoons) per 250\u202fml of milk or plant-based drink<\/span><\/p>\n<\/li>\n<li class=\"\" data-start=\"2270\" data-end=\"2330\">\n<p class=\"\" data-start=\"2272\" data-end=\"2330\"><strong data-start=\"2272\" data-end=\"2287\">Preparation<\/strong>: <span class=\"relative -mx-px my-[-0.2rem] rounded px-px py-[0.2rem] transition-colors duration-100 ease-in-out\">heat the milk, add the powder, stir until fully dissolved<\/span><\/p>\n<\/li>\n<li class=\"\" data-start=\"2331\" data-end=\"2434\">\n<p class=\"\" data-start=\"2333\" data-end=\"2434\"><strong data-start=\"2333\" data-end=\"2347\">Suggestion<\/strong>: <span class=\"relative -mx-px my-[-0.2rem] rounded px-px py-[0.2rem] transition-colors duration-100 ease-in-out\">add a pinch of cinnamon or nutmeg for a spicy touch<\/span><\/p>\n<\/li>\n<\/ul>\n","protected":false},"excerpt":{"rendered":"<p>250\u202fg cardboard tube. Dark hot chocolate with 64\u202f% cocoa. Natural, no artificial flavors.<\/p>\n","protected":false},"featured_media":13859,"template":"","meta":[],"product_brand":[],"product_cat":[144],"product_tag":[],"class_list":{"0":"post-13860","1":"product","2":"type-product","3":"status-publish","4":"has-post-thumbnail","6":"product_cat-cocoa","8":"first","9":"instock","10":"taxable","11":"shipping-taxable","12":"purchasable","13":"product-type-simple"},"yoast_head":"<!-- This site is optimized with the Yoast SEO plugin v25.7 - https:\/\/yoast.com\/wordpress\/plugins\/seo\/ -->\n<title>Dark Hot Chocolate Powder BAR\u00da - La P&#039;tite Cerise<\/title>\n<meta name=\"robots\" content=\"index, follow, max-snippet:-1, max-image-preview:large, max-video-preview:-1\" \/>\n<link rel=\"canonical\" href=\"https:\/\/la-ptite-cerise.be\/en\/produit\/dark-hot-chocolate-powder-baru\/\" \/>\n<meta property=\"og:locale\" content=\"en_US\" \/>\n<meta property=\"og:type\" content=\"article\" \/>\n<meta property=\"og:title\" content=\"Dark Hot Chocolate Powder BAR\u00da - La P&#039;tite Cerise\" \/>\n<meta property=\"og:description\" content=\"250\u202fg cardboard tube. Dark hot chocolate with 64\u202f% cocoa. Natural, no artificial flavors.\" \/>\n<meta property=\"og:url\" content=\"https:\/\/la-ptite-cerise.be\/en\/produit\/dark-hot-chocolate-powder-baru\/\" \/>\n<meta property=\"og:site_name\" content=\"La P&#039;tite Cerise\" \/>\n<meta property=\"article:publisher\" content=\"https:\/\/www.facebook.com\/laptitecerise\/\" \/>\n<meta property=\"article:modified_time\" content=\"2025-06-19T10:55:11+00:00\" \/>\n<meta property=\"og:image\" content=\"https:\/\/la-ptite-cerise.be\/wp-content\/uploads\/2024\/01\/dark_hot_chocolate_500x500.png\" \/>\n\t<meta property=\"og:image:width\" content=\"500\" \/>\n\t<meta property=\"og:image:height\" content=\"500\" \/>\n\t<meta property=\"og:image:type\" content=\"image\/png\" \/>\n<meta name=\"twitter:card\" content=\"summary_large_image\" \/>\n<meta name=\"twitter:label1\" content=\"Est. reading time\" \/>\n\t<meta name=\"twitter:data1\" content=\"2 minutes\" \/>\n<script type=\"application\/ld+json\" class=\"yoast-schema-graph\">{\"@context\":\"https:\/\/schema.org\",\"@graph\":[{\"@type\":\"WebPage\",\"@id\":\"https:\/\/la-ptite-cerise.be\/en\/produit\/dark-hot-chocolate-powder-baru\/\",\"url\":\"https:\/\/la-ptite-cerise.be\/en\/produit\/dark-hot-chocolate-powder-baru\/\",\"name\":\"Dark Hot Chocolate Powder BAR\u00da - La P&#039;tite Cerise\",\"isPartOf\":{\"@id\":\"https:\/\/la-ptite-cerise.be\/#website\"},\"primaryImageOfPage\":{\"@id\":\"https:\/\/la-ptite-cerise.be\/en\/produit\/dark-hot-chocolate-powder-baru\/#primaryimage\"},\"image\":{\"@id\":\"https:\/\/la-ptite-cerise.be\/en\/produit\/dark-hot-chocolate-powder-baru\/#primaryimage\"},\"thumbnailUrl\":\"https:\/\/la-ptite-cerise.be\/wp-content\/uploads\/2024\/01\/dark_hot_chocolate_500x500.png\",\"datePublished\":\"2024-01-30T12:04:39+00:00\",\"dateModified\":\"2025-06-19T10:55:11+00:00\",\"breadcrumb\":{\"@id\":\"https:\/\/la-ptite-cerise.be\/en\/produit\/dark-hot-chocolate-powder-baru\/#breadcrumb\"},\"inLanguage\":\"en-US\",\"potentialAction\":[{\"@type\":\"ReadAction\",\"target\":[\"https:\/\/la-ptite-cerise.be\/en\/produit\/dark-hot-chocolate-powder-baru\/\"]}]},{\"@type\":\"ImageObject\",\"inLanguage\":\"en-US\",\"@id\":\"https:\/\/la-ptite-cerise.be\/en\/produit\/dark-hot-chocolate-powder-baru\/#primaryimage\",\"url\":\"https:\/\/la-ptite-cerise.be\/wp-content\/uploads\/2024\/01\/dark_hot_chocolate_500x500.png\",\"contentUrl\":\"https:\/\/la-ptite-cerise.be\/wp-content\/uploads\/2024\/01\/dark_hot_chocolate_500x500.png\",\"width\":500,\"height\":500},{\"@type\":\"BreadcrumbList\",\"@id\":\"https:\/\/la-ptite-cerise.be\/en\/produit\/dark-hot-chocolate-powder-baru\/#breadcrumb\",\"itemListElement\":[{\"@type\":\"ListItem\",\"position\":1,\"name\":\"Accueil\",\"item\":\"https:\/\/la-ptite-cerise.be\/en\/\"},{\"@type\":\"ListItem\",\"position\":2,\"name\":\"Store\",\"item\":\"https:\/\/la-ptite-cerise.be\/boutique\/\"},{\"@type\":\"ListItem\",\"position\":3,\"name\":\"Dark Hot Chocolate Powder BAR\u00da\"}]},{\"@type\":\"WebSite\",\"@id\":\"https:\/\/la-ptite-cerise.be\/#website\",\"url\":\"https:\/\/la-ptite-cerise.be\/\",\"name\":\"La P'tite Cerise\",\"description\":\"Artisan torr\u00e9facteur de caf\u00e9 de sp\u00e9cialit\u00e9. S\u00e9lection de th\u00e9s &amp; tisanes.\",\"publisher\":{\"@id\":\"https:\/\/la-ptite-cerise.be\/#organization\"},\"potentialAction\":[{\"@type\":\"SearchAction\",\"target\":{\"@type\":\"EntryPoint\",\"urlTemplate\":\"https:\/\/la-ptite-cerise.be\/?s={search_term_string}\"},\"query-input\":{\"@type\":\"PropertyValueSpecification\",\"valueRequired\":true,\"valueName\":\"search_term_string\"}}],\"inLanguage\":\"en-US\"},{\"@type\":\"Organization\",\"@id\":\"https:\/\/la-ptite-cerise.be\/#organization\",\"name\":\"La P'tite Cerise\",\"url\":\"https:\/\/la-ptite-cerise.be\/\",\"logo\":{\"@type\":\"ImageObject\",\"inLanguage\":\"en-US\",\"@id\":\"https:\/\/la-ptite-cerise.be\/#\/schema\/logo\/image\/\",\"url\":\"https:\/\/la-ptite-cerise.be\/wp-content\/uploads\/2020\/10\/logo-header-01.jpg\",\"contentUrl\":\"https:\/\/la-ptite-cerise.be\/wp-content\/uploads\/2020\/10\/logo-header-01.jpg\",\"width\":176,\"height\":100,\"caption\":\"La P'tite Cerise\"},\"image\":{\"@id\":\"https:\/\/la-ptite-cerise.be\/#\/schema\/logo\/image\/\"},\"sameAs\":[\"https:\/\/www.facebook.com\/laptitecerise\/\",\"https:\/\/www.instagram.com\/la.ptite_cerise\/\"]}]}<\/script>\n<!-- \/ Yoast SEO plugin. -->","yoast_head_json":{"title":"Dark Hot Chocolate Powder BAR\u00da - La P&#039;tite Cerise","robots":{"index":"index","follow":"follow","max-snippet":"max-snippet:-1","max-image-preview":"max-image-preview:large","max-video-preview":"max-video-preview:-1"},"canonical":"https:\/\/la-ptite-cerise.be\/en\/produit\/dark-hot-chocolate-powder-baru\/","og_locale":"en_US","og_type":"article","og_title":"Dark Hot Chocolate Powder BAR\u00da - La P&#039;tite Cerise","og_description":"250\u202fg cardboard tube. Dark hot chocolate with 64\u202f% cocoa. Natural, no artificial flavors.","og_url":"https:\/\/la-ptite-cerise.be\/en\/produit\/dark-hot-chocolate-powder-baru\/","og_site_name":"La P&#039;tite Cerise","article_publisher":"https:\/\/www.facebook.com\/laptitecerise\/","article_modified_time":"2025-06-19T10:55:11+00:00","og_image":[{"width":500,"height":500,"url":"https:\/\/la-ptite-cerise.be\/wp-content\/uploads\/2024\/01\/dark_hot_chocolate_500x500.png","type":"image\/png"}],"twitter_card":"summary_large_image","twitter_misc":{"Est. reading time":"2 minutes"},"schema":{"@context":"https:\/\/schema.org","@graph":[{"@type":"WebPage","@id":"https:\/\/la-ptite-cerise.be\/en\/produit\/dark-hot-chocolate-powder-baru\/","url":"https:\/\/la-ptite-cerise.be\/en\/produit\/dark-hot-chocolate-powder-baru\/","name":"Dark Hot Chocolate Powder BAR\u00da - La P&#039;tite Cerise","isPartOf":{"@id":"https:\/\/la-ptite-cerise.be\/#website"},"primaryImageOfPage":{"@id":"https:\/\/la-ptite-cerise.be\/en\/produit\/dark-hot-chocolate-powder-baru\/#primaryimage"},"image":{"@id":"https:\/\/la-ptite-cerise.be\/en\/produit\/dark-hot-chocolate-powder-baru\/#primaryimage"},"thumbnailUrl":"https:\/\/la-ptite-cerise.be\/wp-content\/uploads\/2024\/01\/dark_hot_chocolate_500x500.png","datePublished":"2024-01-30T12:04:39+00:00","dateModified":"2025-06-19T10:55:11+00:00","breadcrumb":{"@id":"https:\/\/la-ptite-cerise.be\/en\/produit\/dark-hot-chocolate-powder-baru\/#breadcrumb"},"inLanguage":"en-US","potentialAction":[{"@type":"ReadAction","target":["https:\/\/la-ptite-cerise.be\/en\/produit\/dark-hot-chocolate-powder-baru\/"]}]},{"@type":"ImageObject","inLanguage":"en-US","@id":"https:\/\/la-ptite-cerise.be\/en\/produit\/dark-hot-chocolate-powder-baru\/#primaryimage","url":"https:\/\/la-ptite-cerise.be\/wp-content\/uploads\/2024\/01\/dark_hot_chocolate_500x500.png","contentUrl":"https:\/\/la-ptite-cerise.be\/wp-content\/uploads\/2024\/01\/dark_hot_chocolate_500x500.png","width":500,"height":500},{"@type":"BreadcrumbList","@id":"https:\/\/la-ptite-cerise.be\/en\/produit\/dark-hot-chocolate-powder-baru\/#breadcrumb","itemListElement":[{"@type":"ListItem","position":1,"name":"Accueil","item":"https:\/\/la-ptite-cerise.be\/en\/"},{"@type":"ListItem","position":2,"name":"Store","item":"https:\/\/la-ptite-cerise.be\/boutique\/"},{"@type":"ListItem","position":3,"name":"Dark Hot Chocolate Powder BAR\u00da"}]},{"@type":"WebSite","@id":"https:\/\/la-ptite-cerise.be\/#website","url":"https:\/\/la-ptite-cerise.be\/","name":"La P'tite Cerise","description":"Artisan torr\u00e9facteur de caf\u00e9 de sp\u00e9cialit\u00e9. S\u00e9lection de th\u00e9s &amp; tisanes.","publisher":{"@id":"https:\/\/la-ptite-cerise.be\/#organization"},"potentialAction":[{"@type":"SearchAction","target":{"@type":"EntryPoint","urlTemplate":"https:\/\/la-ptite-cerise.be\/?s={search_term_string}"},"query-input":{"@type":"PropertyValueSpecification","valueRequired":true,"valueName":"search_term_string"}}],"inLanguage":"en-US"},{"@type":"Organization","@id":"https:\/\/la-ptite-cerise.be\/#organization","name":"La P'tite Cerise","url":"https:\/\/la-ptite-cerise.be\/","logo":{"@type":"ImageObject","inLanguage":"en-US","@id":"https:\/\/la-ptite-cerise.be\/#\/schema\/logo\/image\/","url":"https:\/\/la-ptite-cerise.be\/wp-content\/uploads\/2020\/10\/logo-header-01.jpg","contentUrl":"https:\/\/la-ptite-cerise.be\/wp-content\/uploads\/2020\/10\/logo-header-01.jpg","width":176,"height":100,"caption":"La P'tite Cerise"},"image":{"@id":"https:\/\/la-ptite-cerise.be\/#\/schema\/logo\/image\/"},"sameAs":["https:\/\/www.facebook.com\/laptitecerise\/","https:\/\/www.instagram.com\/la.ptite_cerise\/"]}]}},"_links":{"self":[{"href":"https:\/\/la-ptite-cerise.be\/en\/wp-json\/wp\/v2\/product\/13860","targetHints":{"allow":["GET"]}}],"collection":[{"href":"https:\/\/la-ptite-cerise.be\/en\/wp-json\/wp\/v2\/product"}],"about":[{"href":"https:\/\/la-ptite-cerise.be\/en\/wp-json\/wp\/v2\/types\/product"}],"wp:featuredmedia":[{"embeddable":true,"href":"https:\/\/la-ptite-cerise.be\/en\/wp-json\/wp\/v2\/media\/13859"}],"wp:attachment":[{"href":"https:\/\/la-ptite-cerise.be\/en\/wp-json\/wp\/v2\/media?parent=13860"}],"wp:term":[{"taxonomy":"product_brand","embeddable":true,"href":"https:\/\/la-ptite-cerise.be\/en\/wp-json\/wp\/v2\/product_brand?post=13860"},{"taxonomy":"product_cat","embeddable":true,"href":"https:\/\/la-ptite-cerise.be\/en\/wp-json\/wp\/v2\/product_cat?post=13860"},{"taxonomy":"product_tag","embeddable":true,"href":"https:\/\/la-ptite-cerise.be\/en\/wp-json\/wp\/v2\/product_tag?post=13860"}],"curies":[{"name":"wp","href":"https:\/\/api.w.org\/{rel}","templated":true}]}}