{"id":13862,"date":"2025-04-18T16:14:28","date_gmt":"2025-04-18T14:14:29","guid":{"rendered":"https:\/\/la-ptite-cerise.be\/?post_type=product&#038;p=13862"},"modified":"2025-04-18T16:33:06","modified_gmt":"2025-04-18T14:33:06","slug":"fantaisie-hivernale-copie-2","status":"publish","type":"product","link":"https:\/\/la-ptite-cerise.be\/en\/produit\/fantaisie-hivernale-copie-2\/","title":{"rendered":"Nuage d\u2019amandes"},"content":{"rendered":"<h2 class=\"\" data-start=\"1543\" data-end=\"1588\">\ud83c\udf30 Infusion \u2013 Almond Cloud (100 g pouch)<\/h2>\n<p class=\"\" data-start=\"1589\" data-end=\"1668\">A smooth and indulgent infusion with notes of roasted almond and exotic fruits.<\/p>\n<p class=\"\" data-start=\"1670\" data-end=\"1842\">This naturally sweet and caffeine-free blend combines apple, pineapple and papaya with creamy coconut and a hint of roasted almond. Perfect for cosy breaks any time of day.<\/p>\n<p class=\"\" data-start=\"1844\" data-end=\"1898\">\ud83d\udcac A warm and comforting infusion to unwind and relax.<\/p>\n<hr class=\"\" data-start=\"1900\" data-end=\"1903\" \/>\n<h3 class=\"\" data-start=\"1905\" data-end=\"1923\">\u2705 Highlights<\/h3>\n<p class=\"\" data-start=\"1924\" data-end=\"2096\">Premium blend made with sustainably grown ingredients and natural flavours<br data-start=\"1998\" data-end=\"2001\" \/>Sweet almond and tropical fruit flavour<br data-start=\"2040\" data-end=\"2043\" \/>Naturally caffeine-free<br data-start=\"2066\" data-end=\"2069\" \/>Suitable for all the family<\/p>\n<hr class=\"\" data-start=\"2098\" data-end=\"2101\" \/>\n<h3 class=\"\" data-start=\"2103\" data-end=\"2123\">\ud83e\uddfe Ingredients<\/h3>\n<p class=\"\" data-start=\"2124\" data-end=\"2395\">Apple, pineapple (pineapple, sugar), papaya (papaya, sugar), raisin (raisin, vegetable oil), coconut (coconut, coconut fat, sugar), beetroot, cinnamon sticks, natural flavouring, almond (2 %), popcorn<br data-start=\"2324\" data-end=\"2327\" \/><strong data-start=\"2327\" data-end=\"2340\">Allergens<\/strong>: contains almond. May contain traces of milk and nuts.<\/p>\n<hr class=\"\" data-start=\"2397\" data-end=\"2400\" \/>\n<h3 class=\"\" data-start=\"2402\" data-end=\"2424\">\ud83c\udf7d\ufe0f Brewing tips<\/h3>\n<p class=\"\" data-start=\"2425\" data-end=\"2556\"><strong data-start=\"2425\" data-end=\"2446\">Water temperature<\/strong>: 100\u202f\u00b0C<br data-start=\"2454\" data-end=\"2457\" \/><strong data-start=\"2457\" data-end=\"2474\">Steeping time<\/strong>: 10\u201312 minutes<br data-start=\"2489\" data-end=\"2492\" \/><strong data-start=\"2492\" data-end=\"2504\">Quantity<\/strong>:<br data-start=\"2505\" data-end=\"2508\" \/>\u2013 3 to 4 g per 200 ml<br data-start=\"2529\" data-end=\"2532\" \/>\u2013 15 to 20 g per litre<\/p>\n<p class=\"\" data-start=\"2558\" data-end=\"2629\"><strong data-start=\"2558\" data-end=\"2580\">Serving suggestion<\/strong>: enjoy warm with a biscuit for a relaxing break.<\/p>\n","protected":false},"excerpt":{"rendered":"<p>Fruity almond infusion. Naturally caffeine-free. 100 g pouch.<\/p>\n","protected":false},"featured_media":13864,"template":"","meta":[],"product_brand":[],"product_cat":[143],"product_tag":[],"class_list":{"0":"post-13862","1":"product","2":"type-product","3":"status-publish","4":"has-post-thumbnail","6":"product_cat-tea","8":"first","9":"instock","10":"taxable","11":"shipping-taxable","12":"purchasable","13":"product-type-simple"},"yoast_head":"<!-- This site is optimized with the Yoast SEO plugin v25.7 - https:\/\/yoast.com\/wordpress\/plugins\/seo\/ -->\n<title>Nuage d\u2019amandes - La P&#039;tite Cerise<\/title>\n<meta name=\"robots\" content=\"index, follow, max-snippet:-1, max-image-preview:large, max-video-preview:-1\" \/>\n<link rel=\"canonical\" href=\"https:\/\/la-ptite-cerise.be\/produit\/nuage-damandes\/\" \/>\n<meta property=\"og:locale\" content=\"en_US\" \/>\n<meta property=\"og:type\" content=\"article\" \/>\n<meta property=\"og:title\" content=\"Nuage d\u2019amandes - La P&#039;tite Cerise\" \/>\n<meta property=\"og:description\" content=\"Fruity almond infusion. Naturally caffeine-free. 100 g pouch.\" \/>\n<meta property=\"og:url\" content=\"https:\/\/la-ptite-cerise.be\/produit\/nuage-damandes\/\" \/>\n<meta property=\"og:site_name\" content=\"La P&#039;tite Cerise\" \/>\n<meta property=\"article:publisher\" content=\"https:\/\/www.facebook.com\/laptitecerise\/\" \/>\n<meta property=\"article:modified_time\" content=\"2025-04-18T14:33:06+00:00\" \/>\n<meta property=\"og:image\" content=\"https:\/\/la-ptite-cerise.be\/wp-content\/uploads\/2025\/04\/86344_1.jpeg\" \/>\n\t<meta property=\"og:image:width\" content=\"500\" \/>\n\t<meta property=\"og:image:height\" content=\"500\" \/>\n\t<meta property=\"og:image:type\" content=\"image\/jpeg\" \/>\n<meta name=\"twitter:card\" content=\"summary_large_image\" \/>\n<meta name=\"twitter:label1\" content=\"Est. reading time\" \/>\n\t<meta name=\"twitter:data1\" content=\"1 minute\" \/>\n<script type=\"application\/ld+json\" class=\"yoast-schema-graph\">{\"@context\":\"https:\/\/schema.org\",\"@graph\":[{\"@type\":\"WebPage\",\"@id\":\"https:\/\/la-ptite-cerise.be\/produit\/nuage-damandes\/\",\"url\":\"https:\/\/la-ptite-cerise.be\/produit\/nuage-damandes\/\",\"name\":\"Nuage d\u2019amandes - La P&#039;tite Cerise\",\"isPartOf\":{\"@id\":\"https:\/\/la-ptite-cerise.be\/#website\"},\"primaryImageOfPage\":{\"@id\":\"https:\/\/la-ptite-cerise.be\/produit\/nuage-damandes\/#primaryimage\"},\"image\":{\"@id\":\"https:\/\/la-ptite-cerise.be\/produit\/nuage-damandes\/#primaryimage\"},\"thumbnailUrl\":\"https:\/\/la-ptite-cerise.be\/wp-content\/uploads\/2025\/04\/86344_1.jpeg\",\"datePublished\":\"2025-04-18T14:14:29+00:00\",\"dateModified\":\"2025-04-18T14:33:06+00:00\",\"breadcrumb\":{\"@id\":\"https:\/\/la-ptite-cerise.be\/produit\/nuage-damandes\/#breadcrumb\"},\"inLanguage\":\"en-US\",\"potentialAction\":[{\"@type\":\"ReadAction\",\"target\":[\"https:\/\/la-ptite-cerise.be\/produit\/nuage-damandes\/\"]}]},{\"@type\":\"ImageObject\",\"inLanguage\":\"en-US\",\"@id\":\"https:\/\/la-ptite-cerise.be\/produit\/nuage-damandes\/#primaryimage\",\"url\":\"https:\/\/la-ptite-cerise.be\/wp-content\/uploads\/2025\/04\/86344_1.jpeg\",\"contentUrl\":\"https:\/\/la-ptite-cerise.be\/wp-content\/uploads\/2025\/04\/86344_1.jpeg\",\"width\":500,\"height\":500},{\"@type\":\"BreadcrumbList\",\"@id\":\"https:\/\/la-ptite-cerise.be\/produit\/nuage-damandes\/#breadcrumb\",\"itemListElement\":[{\"@type\":\"ListItem\",\"position\":1,\"name\":\"Accueil\",\"item\":\"https:\/\/la-ptite-cerise.be\/en\/\"},{\"@type\":\"ListItem\",\"position\":2,\"name\":\"Store\",\"item\":\"https:\/\/la-ptite-cerise.be\/boutique\/\"},{\"@type\":\"ListItem\",\"position\":3,\"name\":\"Nuage d\u2019amandes\"}]},{\"@type\":\"WebSite\",\"@id\":\"https:\/\/la-ptite-cerise.be\/#website\",\"url\":\"https:\/\/la-ptite-cerise.be\/\",\"name\":\"La P'tite Cerise\",\"description\":\"Artisan torr\u00e9facteur de caf\u00e9 de sp\u00e9cialit\u00e9. S\u00e9lection de th\u00e9s &amp; tisanes.\",\"publisher\":{\"@id\":\"https:\/\/la-ptite-cerise.be\/#organization\"},\"potentialAction\":[{\"@type\":\"SearchAction\",\"target\":{\"@type\":\"EntryPoint\",\"urlTemplate\":\"https:\/\/la-ptite-cerise.be\/?s={search_term_string}\"},\"query-input\":{\"@type\":\"PropertyValueSpecification\",\"valueRequired\":true,\"valueName\":\"search_term_string\"}}],\"inLanguage\":\"en-US\"},{\"@type\":\"Organization\",\"@id\":\"https:\/\/la-ptite-cerise.be\/#organization\",\"name\":\"La P'tite Cerise\",\"url\":\"https:\/\/la-ptite-cerise.be\/\",\"logo\":{\"@type\":\"ImageObject\",\"inLanguage\":\"en-US\",\"@id\":\"https:\/\/la-ptite-cerise.be\/#\/schema\/logo\/image\/\",\"url\":\"https:\/\/la-ptite-cerise.be\/wp-content\/uploads\/2020\/10\/logo-header-01.jpg\",\"contentUrl\":\"https:\/\/la-ptite-cerise.be\/wp-content\/uploads\/2020\/10\/logo-header-01.jpg\",\"width\":176,\"height\":100,\"caption\":\"La P'tite Cerise\"},\"image\":{\"@id\":\"https:\/\/la-ptite-cerise.be\/#\/schema\/logo\/image\/\"},\"sameAs\":[\"https:\/\/www.facebook.com\/laptitecerise\/\",\"https:\/\/www.instagram.com\/la.ptite_cerise\/\"]}]}<\/script>\n<!-- \/ Yoast SEO plugin. -->","yoast_head_json":{"title":"Nuage d\u2019amandes - La P&#039;tite Cerise","robots":{"index":"index","follow":"follow","max-snippet":"max-snippet:-1","max-image-preview":"max-image-preview:large","max-video-preview":"max-video-preview:-1"},"canonical":"https:\/\/la-ptite-cerise.be\/produit\/nuage-damandes\/","og_locale":"en_US","og_type":"article","og_title":"Nuage d\u2019amandes - La P&#039;tite Cerise","og_description":"Fruity almond infusion. Naturally caffeine-free. 100 g pouch.","og_url":"https:\/\/la-ptite-cerise.be\/produit\/nuage-damandes\/","og_site_name":"La P&#039;tite Cerise","article_publisher":"https:\/\/www.facebook.com\/laptitecerise\/","article_modified_time":"2025-04-18T14:33:06+00:00","og_image":[{"width":500,"height":500,"url":"https:\/\/la-ptite-cerise.be\/wp-content\/uploads\/2025\/04\/86344_1.jpeg","type":"image\/jpeg"}],"twitter_card":"summary_large_image","twitter_misc":{"Est. reading time":"1 minute"},"schema":{"@context":"https:\/\/schema.org","@graph":[{"@type":"WebPage","@id":"https:\/\/la-ptite-cerise.be\/produit\/nuage-damandes\/","url":"https:\/\/la-ptite-cerise.be\/produit\/nuage-damandes\/","name":"Nuage d\u2019amandes - La P&#039;tite Cerise","isPartOf":{"@id":"https:\/\/la-ptite-cerise.be\/#website"},"primaryImageOfPage":{"@id":"https:\/\/la-ptite-cerise.be\/produit\/nuage-damandes\/#primaryimage"},"image":{"@id":"https:\/\/la-ptite-cerise.be\/produit\/nuage-damandes\/#primaryimage"},"thumbnailUrl":"https:\/\/la-ptite-cerise.be\/wp-content\/uploads\/2025\/04\/86344_1.jpeg","datePublished":"2025-04-18T14:14:29+00:00","dateModified":"2025-04-18T14:33:06+00:00","breadcrumb":{"@id":"https:\/\/la-ptite-cerise.be\/produit\/nuage-damandes\/#breadcrumb"},"inLanguage":"en-US","potentialAction":[{"@type":"ReadAction","target":["https:\/\/la-ptite-cerise.be\/produit\/nuage-damandes\/"]}]},{"@type":"ImageObject","inLanguage":"en-US","@id":"https:\/\/la-ptite-cerise.be\/produit\/nuage-damandes\/#primaryimage","url":"https:\/\/la-ptite-cerise.be\/wp-content\/uploads\/2025\/04\/86344_1.jpeg","contentUrl":"https:\/\/la-ptite-cerise.be\/wp-content\/uploads\/2025\/04\/86344_1.jpeg","width":500,"height":500},{"@type":"BreadcrumbList","@id":"https:\/\/la-ptite-cerise.be\/produit\/nuage-damandes\/#breadcrumb","itemListElement":[{"@type":"ListItem","position":1,"name":"Accueil","item":"https:\/\/la-ptite-cerise.be\/en\/"},{"@type":"ListItem","position":2,"name":"Store","item":"https:\/\/la-ptite-cerise.be\/boutique\/"},{"@type":"ListItem","position":3,"name":"Nuage d\u2019amandes"}]},{"@type":"WebSite","@id":"https:\/\/la-ptite-cerise.be\/#website","url":"https:\/\/la-ptite-cerise.be\/","name":"La P'tite Cerise","description":"Artisan torr\u00e9facteur de caf\u00e9 de sp\u00e9cialit\u00e9. S\u00e9lection de th\u00e9s &amp; tisanes.","publisher":{"@id":"https:\/\/la-ptite-cerise.be\/#organization"},"potentialAction":[{"@type":"SearchAction","target":{"@type":"EntryPoint","urlTemplate":"https:\/\/la-ptite-cerise.be\/?s={search_term_string}"},"query-input":{"@type":"PropertyValueSpecification","valueRequired":true,"valueName":"search_term_string"}}],"inLanguage":"en-US"},{"@type":"Organization","@id":"https:\/\/la-ptite-cerise.be\/#organization","name":"La P'tite Cerise","url":"https:\/\/la-ptite-cerise.be\/","logo":{"@type":"ImageObject","inLanguage":"en-US","@id":"https:\/\/la-ptite-cerise.be\/#\/schema\/logo\/image\/","url":"https:\/\/la-ptite-cerise.be\/wp-content\/uploads\/2020\/10\/logo-header-01.jpg","contentUrl":"https:\/\/la-ptite-cerise.be\/wp-content\/uploads\/2020\/10\/logo-header-01.jpg","width":176,"height":100,"caption":"La P'tite Cerise"},"image":{"@id":"https:\/\/la-ptite-cerise.be\/#\/schema\/logo\/image\/"},"sameAs":["https:\/\/www.facebook.com\/laptitecerise\/","https:\/\/www.instagram.com\/la.ptite_cerise\/"]}]}},"_links":{"self":[{"href":"https:\/\/la-ptite-cerise.be\/en\/wp-json\/wp\/v2\/product\/13862","targetHints":{"allow":["GET"]}}],"collection":[{"href":"https:\/\/la-ptite-cerise.be\/en\/wp-json\/wp\/v2\/product"}],"about":[{"href":"https:\/\/la-ptite-cerise.be\/en\/wp-json\/wp\/v2\/types\/product"}],"wp:featuredmedia":[{"embeddable":true,"href":"https:\/\/la-ptite-cerise.be\/en\/wp-json\/wp\/v2\/media\/13864"}],"wp:attachment":[{"href":"https:\/\/la-ptite-cerise.be\/en\/wp-json\/wp\/v2\/media?parent=13862"}],"wp:term":[{"taxonomy":"product_brand","embeddable":true,"href":"https:\/\/la-ptite-cerise.be\/en\/wp-json\/wp\/v2\/product_brand?post=13862"},{"taxonomy":"product_cat","embeddable":true,"href":"https:\/\/la-ptite-cerise.be\/en\/wp-json\/wp\/v2\/product_cat?post=13862"},{"taxonomy":"product_tag","embeddable":true,"href":"https:\/\/la-ptite-cerise.be\/en\/wp-json\/wp\/v2\/product_tag?post=13862"}],"curies":[{"name":"wp","href":"https:\/\/api.w.org\/{rel}","templated":true}]}}