{"id":13870,"date":"2025-04-18T16:35:49","date_gmt":"2025-04-18T14:35:49","guid":{"rendered":"https:\/\/la-ptite-cerise.be\/?post_type=product&#038;p=13870"},"modified":"2025-04-18T16:48:30","modified_gmt":"2025-04-18T14:48:30","slug":"nuage-damandes-copie","status":"publish","type":"product","link":"https:\/\/la-ptite-cerise.be\/en\/produit\/nuage-damandes-copie\/","title":{"rendered":"Cacao vanille &#8211; chocolate"},"content":{"rendered":"<h2 class=\"\" data-start=\"1582\" data-end=\"1628\">\ud83c\udf6b Infusion \u2013 Cocoa Vanilla (100 g pouch)<\/h2>\n<p class=\"\" data-start=\"1629\" data-end=\"1718\">A smooth and comforting infusion blending cocoa nibs, creamy chocolate and sweet vanilla.<\/p>\n<p class=\"\" data-start=\"1720\" data-end=\"1964\">This naturally caffeine-free blend combines crushed cocoa beans with soft rooibos and a touch of raisin, offering a warm and slightly fruity base. Real chocolate pieces and vanilla add a rich, indulgent finish. Perfect for cosy moments anytime.<\/p>\n<p class=\"\" data-start=\"1966\" data-end=\"2030\">\ud83d\udcac A soft and sweet infusion that feels like a dessert in a cup.<\/p>\n<hr class=\"\" data-start=\"2032\" data-end=\"2035\" \/>\n<h3 class=\"\" data-start=\"2037\" data-end=\"2055\">\u2705 Highlights<\/h3>\n<p class=\"\" data-start=\"2056\" data-end=\"2237\">Premium blend made with sustainably grown ingredients and natural flavours<br data-start=\"2130\" data-end=\"2133\" \/>Cocoa, chocolate and vanilla infusion<br data-start=\"2170\" data-end=\"2173\" \/>Naturally caffeine-free<br data-start=\"2196\" data-end=\"2199\" \/>Perfect for cosy or after-meal moments<\/p>\n<hr class=\"\" data-start=\"2239\" data-end=\"2242\" \/>\n<h3 class=\"\" data-start=\"2244\" data-end=\"2264\">\ud83e\uddfe Ingredients<\/h3>\n<p class=\"\" data-start=\"2265\" data-end=\"2517\">Crushed cocoa nibs (66\u202f%), Super Grade rooibos, raisin (raisin, vegetable oil), chocolate (sugar, cocoa mass, cocoa butter, emulsifier: lecithin (E322)) (4\u202f%), natural flavouring, vanilla (1\u202f%)<br data-start=\"2458\" data-end=\"2461\" \/><strong data-start=\"2461\" data-end=\"2474\">Allergens<\/strong>: may contain traces of milk, nuts and soy.<\/p>\n<hr class=\"\" data-start=\"2519\" data-end=\"2522\" \/>\n<h3 class=\"\" data-start=\"2524\" data-end=\"2546\">\ud83c\udf7d\ufe0f Brewing tips<\/h3>\n<p class=\"\" data-start=\"2547\" data-end=\"2679\"><strong data-start=\"2547\" data-end=\"2568\">Water temperature<\/strong>: 100\u202f\u00b0C<br data-start=\"2576\" data-end=\"2579\" \/><strong data-start=\"2579\" data-end=\"2596\">Steeping time<\/strong>: 5\u201310 minutes<br data-start=\"2610\" data-end=\"2613\" \/><strong data-start=\"2613\" data-end=\"2625\">Quantity<\/strong>:<br data-start=\"2626\" data-end=\"2629\" \/>\u2013 2.5 to 3 g per 200 ml<br data-start=\"2652\" data-end=\"2655\" \/>\u2013 12 to 15 g per litre<\/p>\n<p class=\"\" data-start=\"2681\" data-end=\"2755\"><strong data-start=\"2681\" data-end=\"2703\">Serving suggestion<\/strong>: enjoy in the afternoon or as a dessert-like treat.<\/p>\n","protected":false},"excerpt":{"rendered":"<p>Cocoa, chocolate &amp; vanilla infusion. Naturally caffeine-free. 100 g pouch.<\/p>\n","protected":false},"featured_media":13872,"template":"","meta":[],"product_brand":[],"product_cat":[143],"product_tag":[],"class_list":{"0":"post-13870","1":"product","2":"type-product","3":"status-publish","4":"has-post-thumbnail","6":"product_cat-tea","8":"first","9":"instock","10":"taxable","11":"shipping-taxable","12":"purchasable","13":"product-type-simple"},"yoast_head":"<!-- This site is optimized with the Yoast SEO plugin v25.7 - https:\/\/yoast.com\/wordpress\/plugins\/seo\/ -->\n<title>Cacao vanille - chocolate - La P&#039;tite Cerise<\/title>\n<meta name=\"robots\" content=\"index, follow, max-snippet:-1, max-image-preview:large, max-video-preview:-1\" \/>\n<link rel=\"canonical\" href=\"https:\/\/la-ptite-cerise.be\/produit\/cacao-vanille-chocolate\/\" \/>\n<meta property=\"og:locale\" content=\"en_US\" \/>\n<meta property=\"og:type\" content=\"article\" \/>\n<meta property=\"og:title\" content=\"Cacao vanille - chocolate - La P&#039;tite Cerise\" \/>\n<meta property=\"og:description\" content=\"Cocoa, chocolate &amp; vanilla infusion. Naturally caffeine-free. 100 g pouch.\" \/>\n<meta property=\"og:url\" content=\"https:\/\/la-ptite-cerise.be\/produit\/cacao-vanille-chocolate\/\" \/>\n<meta property=\"og:site_name\" content=\"La P&#039;tite Cerise\" \/>\n<meta property=\"article:publisher\" content=\"https:\/\/www.facebook.com\/laptitecerise\/\" \/>\n<meta property=\"article:modified_time\" content=\"2025-04-18T14:48:30+00:00\" \/>\n<meta property=\"og:image\" content=\"https:\/\/la-ptite-cerise.be\/wp-content\/uploads\/2025\/04\/82237_1.jpeg\" \/>\n\t<meta property=\"og:image:width\" content=\"500\" \/>\n\t<meta property=\"og:image:height\" content=\"500\" \/>\n\t<meta property=\"og:image:type\" content=\"image\/jpeg\" \/>\n<meta name=\"twitter:card\" content=\"summary_large_image\" \/>\n<meta name=\"twitter:label1\" content=\"Est. reading time\" \/>\n\t<meta name=\"twitter:data1\" content=\"1 minute\" \/>\n<script type=\"application\/ld+json\" class=\"yoast-schema-graph\">{\"@context\":\"https:\/\/schema.org\",\"@graph\":[{\"@type\":\"WebPage\",\"@id\":\"https:\/\/la-ptite-cerise.be\/produit\/cacao-vanille-chocolate\/\",\"url\":\"https:\/\/la-ptite-cerise.be\/produit\/cacao-vanille-chocolate\/\",\"name\":\"Cacao vanille - chocolate - La P&#039;tite Cerise\",\"isPartOf\":{\"@id\":\"https:\/\/la-ptite-cerise.be\/#website\"},\"primaryImageOfPage\":{\"@id\":\"https:\/\/la-ptite-cerise.be\/produit\/cacao-vanille-chocolate\/#primaryimage\"},\"image\":{\"@id\":\"https:\/\/la-ptite-cerise.be\/produit\/cacao-vanille-chocolate\/#primaryimage\"},\"thumbnailUrl\":\"https:\/\/la-ptite-cerise.be\/wp-content\/uploads\/2025\/04\/82237_1.jpeg\",\"datePublished\":\"2025-04-18T14:35:49+00:00\",\"dateModified\":\"2025-04-18T14:48:30+00:00\",\"breadcrumb\":{\"@id\":\"https:\/\/la-ptite-cerise.be\/produit\/cacao-vanille-chocolate\/#breadcrumb\"},\"inLanguage\":\"en-US\",\"potentialAction\":[{\"@type\":\"ReadAction\",\"target\":[\"https:\/\/la-ptite-cerise.be\/produit\/cacao-vanille-chocolate\/\"]}]},{\"@type\":\"ImageObject\",\"inLanguage\":\"en-US\",\"@id\":\"https:\/\/la-ptite-cerise.be\/produit\/cacao-vanille-chocolate\/#primaryimage\",\"url\":\"https:\/\/la-ptite-cerise.be\/wp-content\/uploads\/2025\/04\/82237_1.jpeg\",\"contentUrl\":\"https:\/\/la-ptite-cerise.be\/wp-content\/uploads\/2025\/04\/82237_1.jpeg\",\"width\":500,\"height\":500},{\"@type\":\"BreadcrumbList\",\"@id\":\"https:\/\/la-ptite-cerise.be\/produit\/cacao-vanille-chocolate\/#breadcrumb\",\"itemListElement\":[{\"@type\":\"ListItem\",\"position\":1,\"name\":\"Accueil\",\"item\":\"https:\/\/la-ptite-cerise.be\/en\/\"},{\"@type\":\"ListItem\",\"position\":2,\"name\":\"Store\",\"item\":\"https:\/\/la-ptite-cerise.be\/boutique\/\"},{\"@type\":\"ListItem\",\"position\":3,\"name\":\"Cacao vanille &#8211; chocolate\"}]},{\"@type\":\"WebSite\",\"@id\":\"https:\/\/la-ptite-cerise.be\/#website\",\"url\":\"https:\/\/la-ptite-cerise.be\/\",\"name\":\"La P'tite Cerise\",\"description\":\"Artisan torr\u00e9facteur de caf\u00e9 de sp\u00e9cialit\u00e9. S\u00e9lection de th\u00e9s &amp; tisanes.\",\"publisher\":{\"@id\":\"https:\/\/la-ptite-cerise.be\/#organization\"},\"potentialAction\":[{\"@type\":\"SearchAction\",\"target\":{\"@type\":\"EntryPoint\",\"urlTemplate\":\"https:\/\/la-ptite-cerise.be\/?s={search_term_string}\"},\"query-input\":{\"@type\":\"PropertyValueSpecification\",\"valueRequired\":true,\"valueName\":\"search_term_string\"}}],\"inLanguage\":\"en-US\"},{\"@type\":\"Organization\",\"@id\":\"https:\/\/la-ptite-cerise.be\/#organization\",\"name\":\"La P'tite Cerise\",\"url\":\"https:\/\/la-ptite-cerise.be\/\",\"logo\":{\"@type\":\"ImageObject\",\"inLanguage\":\"en-US\",\"@id\":\"https:\/\/la-ptite-cerise.be\/#\/schema\/logo\/image\/\",\"url\":\"https:\/\/la-ptite-cerise.be\/wp-content\/uploads\/2020\/10\/logo-header-01.jpg\",\"contentUrl\":\"https:\/\/la-ptite-cerise.be\/wp-content\/uploads\/2020\/10\/logo-header-01.jpg\",\"width\":176,\"height\":100,\"caption\":\"La P'tite Cerise\"},\"image\":{\"@id\":\"https:\/\/la-ptite-cerise.be\/#\/schema\/logo\/image\/\"},\"sameAs\":[\"https:\/\/www.facebook.com\/laptitecerise\/\",\"https:\/\/www.instagram.com\/la.ptite_cerise\/\"]}]}<\/script>\n<!-- \/ Yoast SEO plugin. -->","yoast_head_json":{"title":"Cacao vanille - chocolate - La P&#039;tite Cerise","robots":{"index":"index","follow":"follow","max-snippet":"max-snippet:-1","max-image-preview":"max-image-preview:large","max-video-preview":"max-video-preview:-1"},"canonical":"https:\/\/la-ptite-cerise.be\/produit\/cacao-vanille-chocolate\/","og_locale":"en_US","og_type":"article","og_title":"Cacao vanille - chocolate - La P&#039;tite Cerise","og_description":"Cocoa, chocolate &amp; vanilla infusion. Naturally caffeine-free. 100 g pouch.","og_url":"https:\/\/la-ptite-cerise.be\/produit\/cacao-vanille-chocolate\/","og_site_name":"La P&#039;tite Cerise","article_publisher":"https:\/\/www.facebook.com\/laptitecerise\/","article_modified_time":"2025-04-18T14:48:30+00:00","og_image":[{"width":500,"height":500,"url":"https:\/\/la-ptite-cerise.be\/wp-content\/uploads\/2025\/04\/82237_1.jpeg","type":"image\/jpeg"}],"twitter_card":"summary_large_image","twitter_misc":{"Est. reading time":"1 minute"},"schema":{"@context":"https:\/\/schema.org","@graph":[{"@type":"WebPage","@id":"https:\/\/la-ptite-cerise.be\/produit\/cacao-vanille-chocolate\/","url":"https:\/\/la-ptite-cerise.be\/produit\/cacao-vanille-chocolate\/","name":"Cacao vanille - chocolate - La P&#039;tite Cerise","isPartOf":{"@id":"https:\/\/la-ptite-cerise.be\/#website"},"primaryImageOfPage":{"@id":"https:\/\/la-ptite-cerise.be\/produit\/cacao-vanille-chocolate\/#primaryimage"},"image":{"@id":"https:\/\/la-ptite-cerise.be\/produit\/cacao-vanille-chocolate\/#primaryimage"},"thumbnailUrl":"https:\/\/la-ptite-cerise.be\/wp-content\/uploads\/2025\/04\/82237_1.jpeg","datePublished":"2025-04-18T14:35:49+00:00","dateModified":"2025-04-18T14:48:30+00:00","breadcrumb":{"@id":"https:\/\/la-ptite-cerise.be\/produit\/cacao-vanille-chocolate\/#breadcrumb"},"inLanguage":"en-US","potentialAction":[{"@type":"ReadAction","target":["https:\/\/la-ptite-cerise.be\/produit\/cacao-vanille-chocolate\/"]}]},{"@type":"ImageObject","inLanguage":"en-US","@id":"https:\/\/la-ptite-cerise.be\/produit\/cacao-vanille-chocolate\/#primaryimage","url":"https:\/\/la-ptite-cerise.be\/wp-content\/uploads\/2025\/04\/82237_1.jpeg","contentUrl":"https:\/\/la-ptite-cerise.be\/wp-content\/uploads\/2025\/04\/82237_1.jpeg","width":500,"height":500},{"@type":"BreadcrumbList","@id":"https:\/\/la-ptite-cerise.be\/produit\/cacao-vanille-chocolate\/#breadcrumb","itemListElement":[{"@type":"ListItem","position":1,"name":"Accueil","item":"https:\/\/la-ptite-cerise.be\/en\/"},{"@type":"ListItem","position":2,"name":"Store","item":"https:\/\/la-ptite-cerise.be\/boutique\/"},{"@type":"ListItem","position":3,"name":"Cacao vanille &#8211; chocolate"}]},{"@type":"WebSite","@id":"https:\/\/la-ptite-cerise.be\/#website","url":"https:\/\/la-ptite-cerise.be\/","name":"La P'tite Cerise","description":"Artisan torr\u00e9facteur de caf\u00e9 de sp\u00e9cialit\u00e9. S\u00e9lection de th\u00e9s &amp; tisanes.","publisher":{"@id":"https:\/\/la-ptite-cerise.be\/#organization"},"potentialAction":[{"@type":"SearchAction","target":{"@type":"EntryPoint","urlTemplate":"https:\/\/la-ptite-cerise.be\/?s={search_term_string}"},"query-input":{"@type":"PropertyValueSpecification","valueRequired":true,"valueName":"search_term_string"}}],"inLanguage":"en-US"},{"@type":"Organization","@id":"https:\/\/la-ptite-cerise.be\/#organization","name":"La P'tite Cerise","url":"https:\/\/la-ptite-cerise.be\/","logo":{"@type":"ImageObject","inLanguage":"en-US","@id":"https:\/\/la-ptite-cerise.be\/#\/schema\/logo\/image\/","url":"https:\/\/la-ptite-cerise.be\/wp-content\/uploads\/2020\/10\/logo-header-01.jpg","contentUrl":"https:\/\/la-ptite-cerise.be\/wp-content\/uploads\/2020\/10\/logo-header-01.jpg","width":176,"height":100,"caption":"La P'tite Cerise"},"image":{"@id":"https:\/\/la-ptite-cerise.be\/#\/schema\/logo\/image\/"},"sameAs":["https:\/\/www.facebook.com\/laptitecerise\/","https:\/\/www.instagram.com\/la.ptite_cerise\/"]}]}},"_links":{"self":[{"href":"https:\/\/la-ptite-cerise.be\/en\/wp-json\/wp\/v2\/product\/13870","targetHints":{"allow":["GET"]}}],"collection":[{"href":"https:\/\/la-ptite-cerise.be\/en\/wp-json\/wp\/v2\/product"}],"about":[{"href":"https:\/\/la-ptite-cerise.be\/en\/wp-json\/wp\/v2\/types\/product"}],"wp:featuredmedia":[{"embeddable":true,"href":"https:\/\/la-ptite-cerise.be\/en\/wp-json\/wp\/v2\/media\/13872"}],"wp:attachment":[{"href":"https:\/\/la-ptite-cerise.be\/en\/wp-json\/wp\/v2\/media?parent=13870"}],"wp:term":[{"taxonomy":"product_brand","embeddable":true,"href":"https:\/\/la-ptite-cerise.be\/en\/wp-json\/wp\/v2\/product_brand?post=13870"},{"taxonomy":"product_cat","embeddable":true,"href":"https:\/\/la-ptite-cerise.be\/en\/wp-json\/wp\/v2\/product_cat?post=13870"},{"taxonomy":"product_tag","embeddable":true,"href":"https:\/\/la-ptite-cerise.be\/en\/wp-json\/wp\/v2\/product_tag?post=13870"}],"curies":[{"name":"wp","href":"https:\/\/api.w.org\/{rel}","templated":true}]}}