{"id":13879,"date":"2025-04-18T17:23:24","date_gmt":"2025-04-18T15:23:24","guid":{"rendered":"https:\/\/la-ptite-cerise.be\/?post_type=product&#038;p=13879"},"modified":"2025-04-18T17:26:38","modified_gmt":"2025-04-18T15:26:38","slug":"temple-de-glace-copie","status":"publish","type":"product","link":"https:\/\/la-ptite-cerise.be\/en\/produit\/temple-de-glace-copie\/","title":{"rendered":"Vanille"},"content":{"rendered":"<h2 class=\"\" data-start=\"1281\" data-end=\"1320\">\ud83c\udf3e Rooibos \u2013 Vanilla (100 g pouch)<\/h2>\n<p class=\"\" data-start=\"1321\" data-end=\"1396\">A naturally sweet rooibos infusion, enhanced with a smooth hint of vanilla.<\/p>\n<p class=\"\" data-start=\"1398\" data-end=\"1581\">This soft and comforting blend brings together pure South African rooibos and real vanilla. Naturally caffeine-free, it\u2019s the perfect cup to enjoy any time, especially in the evening.<\/p>\n<p class=\"\" data-start=\"1583\" data-end=\"1642\">\ud83d\udcac A simple, cosy brew that\u2019s as gentle as it is delicious.<\/p>\n<hr class=\"\" data-start=\"1644\" data-end=\"1647\" \/>\n<h3 class=\"\" data-start=\"1649\" data-end=\"1667\">\u2705 Highlights<\/h3>\n<p class=\"\" data-start=\"1668\" data-end=\"1851\">Premium blend made with sustainably grown ingredients and natural flavours<br data-start=\"1742\" data-end=\"1745\" \/>Smooth rooibos with real vanilla<br data-start=\"1777\" data-end=\"1780\" \/>Naturally caffeine-free<br data-start=\"1803\" data-end=\"1806\" \/>Great on its own or as a creamy rooibos latte<\/p>\n<hr class=\"\" data-start=\"1853\" data-end=\"1856\" \/>\n<h3 class=\"\" data-start=\"1858\" data-end=\"1878\">\ud83e\uddfe Ingredients<\/h3>\n<p class=\"\" data-start=\"1879\" data-end=\"1980\">Natural rooibos, vanilla extract, vanilla (1 %)<br data-start=\"1926\" data-end=\"1929\" \/><strong data-start=\"1929\" data-end=\"1942\">Allergens<\/strong>: may contain traces of milk and nuts.<\/p>\n<hr class=\"\" data-start=\"1982\" data-end=\"1985\" \/>\n<h3 class=\"\" data-start=\"1987\" data-end=\"2009\">\ud83c\udf7d\ufe0f Brewing tips<\/h3>\n<p class=\"\" data-start=\"2010\" data-end=\"2140\"><strong data-start=\"2010\" data-end=\"2031\">Water temperature<\/strong>: 100\u202f\u00b0C<br data-start=\"2039\" data-end=\"2042\" \/><strong data-start=\"2042\" data-end=\"2059\">Steeping time<\/strong>: 7\u201310 minutes<br data-start=\"2073\" data-end=\"2076\" \/><strong data-start=\"2076\" data-end=\"2088\">Quantity<\/strong>:<br data-start=\"2089\" data-end=\"2092\" \/>\u2013 3 to 4 g per 200 ml<br data-start=\"2113\" data-end=\"2116\" \/>\u2013 15 to 20 g per litre<\/p>\n<p class=\"\" data-start=\"2142\" data-end=\"2233\"><strong data-start=\"2142\" data-end=\"2164\">Serving suggestion<\/strong>: perfect plain or with a splash of milk for a vanilla rooibos latte.<\/p>\n","protected":false},"excerpt":{"rendered":"<p>Vanilla rooibos. Naturally caffeine-free. 100 g pouch.<\/p>\n","protected":false},"featured_media":13881,"template":"","meta":[],"product_brand":[],"product_cat":[143],"product_tag":[],"class_list":{"0":"post-13879","1":"product","2":"type-product","3":"status-publish","4":"has-post-thumbnail","6":"product_cat-tea","8":"first","9":"instock","10":"taxable","11":"shipping-taxable","12":"purchasable","13":"product-type-simple"},"yoast_head":"<!-- This site is optimized with the Yoast SEO plugin v25.7 - https:\/\/yoast.com\/wordpress\/plugins\/seo\/ -->\n<title>Vanille - La P&#039;tite Cerise<\/title>\n<meta name=\"robots\" content=\"index, follow, max-snippet:-1, max-image-preview:large, max-video-preview:-1\" \/>\n<link rel=\"canonical\" href=\"https:\/\/la-ptite-cerise.be\/produit\/vanille\/\" \/>\n<meta property=\"og:locale\" content=\"en_US\" \/>\n<meta property=\"og:type\" content=\"article\" \/>\n<meta property=\"og:title\" content=\"Vanille - La P&#039;tite Cerise\" \/>\n<meta property=\"og:description\" content=\"Vanilla rooibos. Naturally caffeine-free. 100 g pouch.\" \/>\n<meta property=\"og:url\" content=\"https:\/\/la-ptite-cerise.be\/produit\/vanille\/\" \/>\n<meta property=\"og:site_name\" content=\"La P&#039;tite Cerise\" \/>\n<meta property=\"article:publisher\" content=\"https:\/\/www.facebook.com\/laptitecerise\/\" \/>\n<meta property=\"article:modified_time\" content=\"2025-04-18T15:26:38+00:00\" \/>\n<meta property=\"og:image\" content=\"https:\/\/la-ptite-cerise.be\/wp-content\/uploads\/2025\/04\/87098_1.jpeg\" \/>\n\t<meta property=\"og:image:width\" content=\"500\" \/>\n\t<meta property=\"og:image:height\" content=\"500\" \/>\n\t<meta property=\"og:image:type\" content=\"image\/jpeg\" \/>\n<meta name=\"twitter:card\" content=\"summary_large_image\" \/>\n<meta name=\"twitter:label1\" content=\"Est. reading time\" \/>\n\t<meta name=\"twitter:data1\" content=\"1 minute\" \/>\n<script type=\"application\/ld+json\" class=\"yoast-schema-graph\">{\"@context\":\"https:\/\/schema.org\",\"@graph\":[{\"@type\":\"WebPage\",\"@id\":\"https:\/\/la-ptite-cerise.be\/produit\/vanille\/\",\"url\":\"https:\/\/la-ptite-cerise.be\/produit\/vanille\/\",\"name\":\"Vanille - La P&#039;tite Cerise\",\"isPartOf\":{\"@id\":\"https:\/\/la-ptite-cerise.be\/#website\"},\"primaryImageOfPage\":{\"@id\":\"https:\/\/la-ptite-cerise.be\/produit\/vanille\/#primaryimage\"},\"image\":{\"@id\":\"https:\/\/la-ptite-cerise.be\/produit\/vanille\/#primaryimage\"},\"thumbnailUrl\":\"https:\/\/la-ptite-cerise.be\/wp-content\/uploads\/2025\/04\/87098_1.jpeg\",\"datePublished\":\"2025-04-18T15:23:24+00:00\",\"dateModified\":\"2025-04-18T15:26:38+00:00\",\"breadcrumb\":{\"@id\":\"https:\/\/la-ptite-cerise.be\/produit\/vanille\/#breadcrumb\"},\"inLanguage\":\"en-US\",\"potentialAction\":[{\"@type\":\"ReadAction\",\"target\":[\"https:\/\/la-ptite-cerise.be\/produit\/vanille\/\"]}]},{\"@type\":\"ImageObject\",\"inLanguage\":\"en-US\",\"@id\":\"https:\/\/la-ptite-cerise.be\/produit\/vanille\/#primaryimage\",\"url\":\"https:\/\/la-ptite-cerise.be\/wp-content\/uploads\/2025\/04\/87098_1.jpeg\",\"contentUrl\":\"https:\/\/la-ptite-cerise.be\/wp-content\/uploads\/2025\/04\/87098_1.jpeg\",\"width\":500,\"height\":500},{\"@type\":\"BreadcrumbList\",\"@id\":\"https:\/\/la-ptite-cerise.be\/produit\/vanille\/#breadcrumb\",\"itemListElement\":[{\"@type\":\"ListItem\",\"position\":1,\"name\":\"Accueil\",\"item\":\"https:\/\/la-ptite-cerise.be\/en\/\"},{\"@type\":\"ListItem\",\"position\":2,\"name\":\"Store\",\"item\":\"https:\/\/la-ptite-cerise.be\/boutique\/\"},{\"@type\":\"ListItem\",\"position\":3,\"name\":\"Vanille\"}]},{\"@type\":\"WebSite\",\"@id\":\"https:\/\/la-ptite-cerise.be\/#website\",\"url\":\"https:\/\/la-ptite-cerise.be\/\",\"name\":\"La P'tite Cerise\",\"description\":\"Artisan torr\u00e9facteur de caf\u00e9 de sp\u00e9cialit\u00e9. S\u00e9lection de th\u00e9s &amp; tisanes.\",\"publisher\":{\"@id\":\"https:\/\/la-ptite-cerise.be\/#organization\"},\"potentialAction\":[{\"@type\":\"SearchAction\",\"target\":{\"@type\":\"EntryPoint\",\"urlTemplate\":\"https:\/\/la-ptite-cerise.be\/?s={search_term_string}\"},\"query-input\":{\"@type\":\"PropertyValueSpecification\",\"valueRequired\":true,\"valueName\":\"search_term_string\"}}],\"inLanguage\":\"en-US\"},{\"@type\":\"Organization\",\"@id\":\"https:\/\/la-ptite-cerise.be\/#organization\",\"name\":\"La P'tite Cerise\",\"url\":\"https:\/\/la-ptite-cerise.be\/\",\"logo\":{\"@type\":\"ImageObject\",\"inLanguage\":\"en-US\",\"@id\":\"https:\/\/la-ptite-cerise.be\/#\/schema\/logo\/image\/\",\"url\":\"https:\/\/la-ptite-cerise.be\/wp-content\/uploads\/2020\/10\/logo-header-01.jpg\",\"contentUrl\":\"https:\/\/la-ptite-cerise.be\/wp-content\/uploads\/2020\/10\/logo-header-01.jpg\",\"width\":176,\"height\":100,\"caption\":\"La P'tite Cerise\"},\"image\":{\"@id\":\"https:\/\/la-ptite-cerise.be\/#\/schema\/logo\/image\/\"},\"sameAs\":[\"https:\/\/www.facebook.com\/laptitecerise\/\",\"https:\/\/www.instagram.com\/la.ptite_cerise\/\"]}]}<\/script>\n<!-- \/ Yoast SEO plugin. -->","yoast_head_json":{"title":"Vanille - La P&#039;tite Cerise","robots":{"index":"index","follow":"follow","max-snippet":"max-snippet:-1","max-image-preview":"max-image-preview:large","max-video-preview":"max-video-preview:-1"},"canonical":"https:\/\/la-ptite-cerise.be\/produit\/vanille\/","og_locale":"en_US","og_type":"article","og_title":"Vanille - La P&#039;tite Cerise","og_description":"Vanilla rooibos. Naturally caffeine-free. 100 g pouch.","og_url":"https:\/\/la-ptite-cerise.be\/produit\/vanille\/","og_site_name":"La P&#039;tite Cerise","article_publisher":"https:\/\/www.facebook.com\/laptitecerise\/","article_modified_time":"2025-04-18T15:26:38+00:00","og_image":[{"width":500,"height":500,"url":"https:\/\/la-ptite-cerise.be\/wp-content\/uploads\/2025\/04\/87098_1.jpeg","type":"image\/jpeg"}],"twitter_card":"summary_large_image","twitter_misc":{"Est. reading time":"1 minute"},"schema":{"@context":"https:\/\/schema.org","@graph":[{"@type":"WebPage","@id":"https:\/\/la-ptite-cerise.be\/produit\/vanille\/","url":"https:\/\/la-ptite-cerise.be\/produit\/vanille\/","name":"Vanille - La P&#039;tite Cerise","isPartOf":{"@id":"https:\/\/la-ptite-cerise.be\/#website"},"primaryImageOfPage":{"@id":"https:\/\/la-ptite-cerise.be\/produit\/vanille\/#primaryimage"},"image":{"@id":"https:\/\/la-ptite-cerise.be\/produit\/vanille\/#primaryimage"},"thumbnailUrl":"https:\/\/la-ptite-cerise.be\/wp-content\/uploads\/2025\/04\/87098_1.jpeg","datePublished":"2025-04-18T15:23:24+00:00","dateModified":"2025-04-18T15:26:38+00:00","breadcrumb":{"@id":"https:\/\/la-ptite-cerise.be\/produit\/vanille\/#breadcrumb"},"inLanguage":"en-US","potentialAction":[{"@type":"ReadAction","target":["https:\/\/la-ptite-cerise.be\/produit\/vanille\/"]}]},{"@type":"ImageObject","inLanguage":"en-US","@id":"https:\/\/la-ptite-cerise.be\/produit\/vanille\/#primaryimage","url":"https:\/\/la-ptite-cerise.be\/wp-content\/uploads\/2025\/04\/87098_1.jpeg","contentUrl":"https:\/\/la-ptite-cerise.be\/wp-content\/uploads\/2025\/04\/87098_1.jpeg","width":500,"height":500},{"@type":"BreadcrumbList","@id":"https:\/\/la-ptite-cerise.be\/produit\/vanille\/#breadcrumb","itemListElement":[{"@type":"ListItem","position":1,"name":"Accueil","item":"https:\/\/la-ptite-cerise.be\/en\/"},{"@type":"ListItem","position":2,"name":"Store","item":"https:\/\/la-ptite-cerise.be\/boutique\/"},{"@type":"ListItem","position":3,"name":"Vanille"}]},{"@type":"WebSite","@id":"https:\/\/la-ptite-cerise.be\/#website","url":"https:\/\/la-ptite-cerise.be\/","name":"La P'tite Cerise","description":"Artisan torr\u00e9facteur de caf\u00e9 de sp\u00e9cialit\u00e9. S\u00e9lection de th\u00e9s &amp; tisanes.","publisher":{"@id":"https:\/\/la-ptite-cerise.be\/#organization"},"potentialAction":[{"@type":"SearchAction","target":{"@type":"EntryPoint","urlTemplate":"https:\/\/la-ptite-cerise.be\/?s={search_term_string}"},"query-input":{"@type":"PropertyValueSpecification","valueRequired":true,"valueName":"search_term_string"}}],"inLanguage":"en-US"},{"@type":"Organization","@id":"https:\/\/la-ptite-cerise.be\/#organization","name":"La P'tite Cerise","url":"https:\/\/la-ptite-cerise.be\/","logo":{"@type":"ImageObject","inLanguage":"en-US","@id":"https:\/\/la-ptite-cerise.be\/#\/schema\/logo\/image\/","url":"https:\/\/la-ptite-cerise.be\/wp-content\/uploads\/2020\/10\/logo-header-01.jpg","contentUrl":"https:\/\/la-ptite-cerise.be\/wp-content\/uploads\/2020\/10\/logo-header-01.jpg","width":176,"height":100,"caption":"La P'tite Cerise"},"image":{"@id":"https:\/\/la-ptite-cerise.be\/#\/schema\/logo\/image\/"},"sameAs":["https:\/\/www.facebook.com\/laptitecerise\/","https:\/\/www.instagram.com\/la.ptite_cerise\/"]}]}},"_links":{"self":[{"href":"https:\/\/la-ptite-cerise.be\/en\/wp-json\/wp\/v2\/product\/13879","targetHints":{"allow":["GET"]}}],"collection":[{"href":"https:\/\/la-ptite-cerise.be\/en\/wp-json\/wp\/v2\/product"}],"about":[{"href":"https:\/\/la-ptite-cerise.be\/en\/wp-json\/wp\/v2\/types\/product"}],"wp:featuredmedia":[{"embeddable":true,"href":"https:\/\/la-ptite-cerise.be\/en\/wp-json\/wp\/v2\/media\/13881"}],"wp:attachment":[{"href":"https:\/\/la-ptite-cerise.be\/en\/wp-json\/wp\/v2\/media?parent=13879"}],"wp:term":[{"taxonomy":"product_brand","embeddable":true,"href":"https:\/\/la-ptite-cerise.be\/en\/wp-json\/wp\/v2\/product_brand?post=13879"},{"taxonomy":"product_cat","embeddable":true,"href":"https:\/\/la-ptite-cerise.be\/en\/wp-json\/wp\/v2\/product_cat?post=13879"},{"taxonomy":"product_tag","embeddable":true,"href":"https:\/\/la-ptite-cerise.be\/en\/wp-json\/wp\/v2\/product_tag?post=13879"}],"curies":[{"name":"wp","href":"https:\/\/api.w.org\/{rel}","templated":true}]}}