{"id":13887,"date":"2024-06-12T11:46:25","date_gmt":"2024-06-12T09:46:25","guid":{"rendered":"https:\/\/la-ptite-cerise.be\/produit\/kamira-espresso\/"},"modified":"2025-11-30T23:00:48","modified_gmt":"2025-11-30T22:00:48","slug":"kamira-espresso","status":"publish","type":"product","link":"https:\/\/la-ptite-cerise.be\/en\/produit\/kamira-espresso\/","title":{"rendered":"Kamira espresso"},"content":{"rendered":"<p class=\"\" data-start=\"2413\" data-end=\"2483\"><strong data-start=\"2413\" data-end=\"2483\">Rich, creamy espresso \u2013 made anywhere, with no waste and no wires.<\/strong><\/p>\n<p class=\"\" data-start=\"2485\" data-end=\"2876\">The Kamira isn\u2019t just another stovetop coffee maker. It\u2019s the clever invention of <strong data-start=\"2567\" data-end=\"2583\">Nino Santoro<\/strong>, a Sicilian craftsman from <strong data-start=\"2611\" data-end=\"2635\">Santa Teresa di Riva<\/strong>, who asked a simple question:<br data-start=\"2665\" data-end=\"2668\" \/><strong data-start=\"2668\" data-end=\"2724\">\u201cWhy can\u2019t we brew great espresso right on the hob?\u201d<\/strong><br data-start=\"2724\" data-end=\"2727\" \/>Tired of throwing away fragile electric machines and frustrated by wasteful capsules, he created a durable, low-tech solution: the <strong data-start=\"2858\" data-end=\"2875\">Kamira System<\/strong>.<\/p>\n<hr class=\"\" data-start=\"2878\" data-end=\"2881\" \/>\n<h4 class=\"\" data-start=\"2883\" data-end=\"2902\">\u2705 Key features<\/h4>\n<ul data-start=\"2904\" data-end=\"3417\">\n<li class=\"\" data-start=\"2904\" data-end=\"2955\">\n<p class=\"\" data-start=\"2906\" data-end=\"2955\"><strong data-start=\"2906\" data-end=\"2953\">Handcrafted in Santa Teresa di Riva, Sicily<\/strong><\/p>\n<\/li>\n<li class=\"\" data-start=\"2956\" data-end=\"3023\">\n<p class=\"\" data-start=\"2958\" data-end=\"3023\"><strong data-start=\"2958\" data-end=\"2982\">100% stainless steel<\/strong> \u2013 no springs, seals or valves to break<\/p>\n<\/li>\n<li class=\"\" data-start=\"3024\" data-end=\"3089\">\n<p class=\"\" data-start=\"3026\" data-end=\"3089\"><strong data-start=\"3026\" data-end=\"3052\">Works on all stovetops<\/strong>: gas, induction, ceramic, electric<\/p>\n<\/li>\n<li class=\"\" data-start=\"3090\" data-end=\"3163\">\n<p class=\"\" data-start=\"3092\" data-end=\"3163\"><strong data-start=\"3092\" data-end=\"3117\">No electricity needed<\/strong> \u2013 perfect for camping, boating and van life<\/p>\n<\/li>\n<li class=\"\" data-start=\"3164\" data-end=\"3216\">\n<p class=\"\" data-start=\"3166\" data-end=\"3216\"><strong data-start=\"3166\" data-end=\"3182\">Eco-friendly<\/strong>: no pods, no capsules, no waste<\/p>\n<\/li>\n<li class=\"\" data-start=\"3217\" data-end=\"3287\">\n<p class=\"\" data-start=\"3219\" data-end=\"3287\"><strong data-start=\"3219\" data-end=\"3268\">Brews a creamy espresso in just 30\u201340 seconds<\/strong> (once preheated)<\/p>\n<\/li>\n<li class=\"\" data-start=\"3288\" data-end=\"3345\">\n<p class=\"\" data-start=\"3290\" data-end=\"3345\"><strong data-start=\"3290\" data-end=\"3325\">Ergonomic heat-resistant handle<\/strong> for safe handling<\/p>\n<\/li>\n<li class=\"\" data-start=\"3346\" data-end=\"3417\">\n<p class=\"\" data-start=\"3348\" data-end=\"3417\"><strong data-start=\"3348\" data-end=\"3372\">Fully disassemblable<\/strong>: parts can be cleaned, replaced, or restored<\/p>\n<\/li>\n<\/ul>\n<hr class=\"\" data-start=\"3419\" data-end=\"3422\" \/>\n<h4 class=\"\" data-start=\"3424\" data-end=\"3456\">\u267b\ufe0f <strong data-start=\"3432\" data-end=\"3456\">A sustainable choice<\/strong><\/h4>\n<p class=\"\" data-start=\"3458\" data-end=\"3671\">With Kamira, you use regular ground coffee \u2013 just like in a moka pot \u2013 allowing full freedom to choose ethical, sustainable blends.<br data-start=\"3589\" data-end=\"3592\" \/>Each espresso costs just <strong data-start=\"3617\" data-end=\"3633\">3 to 6 cents<\/strong> on average. No waste, no constraints.<\/p>\n<hr class=\"\" data-start=\"3673\" data-end=\"3676\" \/>\n<h4 class=\"\" data-start=\"3678\" data-end=\"3730\">\ud83d\udc68\u200d\ud83d\udc69\u200d\ud83d\udc67\u200d\ud83d\udc66 <strong data-start=\"3695\" data-end=\"3730\">Built for home and for the wild<\/strong><\/h4>\n<p class=\"\" data-start=\"3732\" data-end=\"3903\">Whether it\u2019s a family coffee ritual or a campsite morning, Kamira is ready. From short, strong shots to long, light brews or decaf \u2013 it adjusts to your mood and lifestyle.<\/p>\n<hr class=\"\" data-start=\"3905\" data-end=\"3908\" \/>\n<blockquote data-start=\"3910\" data-end=\"3977\">\n<p class=\"\" data-start=\"3912\" data-end=\"3977\"><strong data-start=\"3912\" data-end=\"3977\">Kamira means freedom \u2013 and espresso, wherever life takes you.<\/strong><\/p>\n<\/blockquote>\n<p><iframe loading=\"lazy\" title=\"Kamira, la nuova macchina per l&#039;espresso che funziona sul fornello di casa\" width=\"500\" height=\"281\" src=\"https:\/\/www.youtube.com\/embed\/7ev0mEgovJc?start=3&#038;feature=oembed\" frameborder=\"0\" allow=\"accelerometer; autoplay; clipboard-write; encrypted-media; gyroscope; picture-in-picture; web-share\" referrerpolicy=\"strict-origin-when-cross-origin\" allowfullscreen><\/iframe><\/p>\n<p>&nbsp;<\/p>\n<blockquote class=\"tiktok-embed\" cite=\"https:\/\/www.tiktok.com\/@la_ptite_cerise.be\/video\/7384807218543152416\" data-video-id=\"7384807218543152416\" data-embed-from=\"oembed\" style=\"max-width:605px; min-width:325px;\">\n<section> <a target=\"_blank\" title=\"@la_ptite_cerise.be\" href=\"https:\/\/www.tiktok.com\/@la_ptite_cerise.be?refer=embed\">@la_ptite_cerise.be<\/a> <\/p>\n<p><a title=\"kamira\" target=\"_blank\" href=\"https:\/\/www.tiktok.com\/tag\/kamira?refer=embed\">#kamira<\/a> <a title=\"kamiraespresso\" target=\"_blank\" href=\"https:\/\/www.tiktok.com\/tag\/kamiraespresso?refer=embed\">#kamiraespresso<\/a> <a title=\"kamiraespressocremoso\" target=\"_blank\" href=\"https:\/\/www.tiktok.com\/tag\/kamiraespressocremoso?refer=embed\">#kamiraespressocremoso<\/a> <a title=\"cafedespecialite\" target=\"_blank\" href=\"https:\/\/www.tiktok.com\/tag\/cafedespecialite?refer=embed\">#cafedespecialite<\/a> <a title=\"arabica\" target=\"_blank\" href=\"https:\/\/www.tiktok.com\/tag\/arabica?refer=embed\">#arabica<\/a>  <a title=\"specialtycoffee\" target=\"_blank\" href=\"https:\/\/www.tiktok.com\/tag\/specialtycoffee?refer=embed\">#specialtycoffee<\/a> <a title=\"artisan\" target=\"_blank\" href=\"https:\/\/www.tiktok.com\/tag\/artisan?refer=embed\">#artisan<\/a> <a title=\"artisantorrefacteur\" target=\"_blank\" href=\"https:\/\/www.tiktok.com\/tag\/artisantorrefacteur?refer=embed\">#artisantorrefacteur<\/a> <a title=\"comandante\" target=\"_blank\" href=\"https:\/\/www.tiktok.com\/tag\/comandante?refer=embed\">#comandante<\/a> <a title=\"grinder\" target=\"_blank\" href=\"https:\/\/www.tiktok.com\/tag\/grinder?refer=embed\">#grinder<\/a>  <a title=\"belgium\" target=\"_blank\" href=\"https:\/\/www.tiktok.com\/tag\/belgium?refer=embed\">#belgium<\/a> <a title=\"rixensart\" target=\"_blank\" href=\"https:\/\/www.tiktok.com\/tag\/rixensart?refer=embed\">#rixensart<\/a>  <a title=\"laptitecerise\" target=\"_blank\" href=\"https:\/\/www.tiktok.com\/tag\/laptitecerise?refer=embed\">#laptitecerise<\/a> <a title=\"lpc\" target=\"_blank\" href=\"https:\/\/www.tiktok.com\/tag\/lpc?refer=embed\">#lpc<\/a>  @Kamira Espresso Cremoso <\/p>\n<p> <a target=\"_blank\" title=\"\u266c son original - Jbjumpingggg\" href=\"https:\/\/www.tiktok.com\/music\/son-original-7253837630298409755?refer=embed\">\u266c son original &#8211; Jbjumpingggg<\/a> <\/section>\n<\/blockquote>\n<p> <script async src=\"https:\/\/www.tiktok.com\/embed.js\"><\/script><\/p>\n","protected":false},"excerpt":{"rendered":"<p>Handcrafted espresso maker from Santa Teresa di Riva, Sicily. Electricity-free, works on any stovetop. Creamy, eco-friendly espresso \u2013 wherever you are.<\/p>\n","protected":false},"featured_media":11489,"template":"","meta":[],"product_brand":[],"product_cat":[183,192],"product_tag":[],"class_list":{"0":"post-13887","1":"product","2":"type-product","3":"status-publish","4":"has-post-thumbnail","6":"product_cat-accessories","7":"product_cat-kamira-en","9":"first","10":"outofstock","11":"taxable","12":"shipping-taxable","13":"purchasable","14":"product-type-simple"},"yoast_head":"<!-- This site is optimized with the Yoast SEO plugin v25.7 - https:\/\/yoast.com\/wordpress\/plugins\/seo\/ -->\n<title>Kamira espresso - La P&#039;tite Cerise<\/title>\n<meta name=\"robots\" content=\"index, follow, max-snippet:-1, max-image-preview:large, max-video-preview:-1\" \/>\n<link rel=\"canonical\" href=\"https:\/\/la-ptite-cerise.be\/en\/produit\/kamira-espresso\/\" \/>\n<meta property=\"og:locale\" content=\"en_US\" \/>\n<meta property=\"og:type\" content=\"article\" \/>\n<meta property=\"og:title\" content=\"Kamira espresso - La P&#039;tite Cerise\" \/>\n<meta property=\"og:description\" content=\"Handcrafted espresso maker from Santa Teresa di Riva, Sicily. Electricity-free, works on any stovetop. Creamy, eco-friendly espresso \u2013 wherever you are.\" \/>\n<meta property=\"og:url\" content=\"https:\/\/la-ptite-cerise.be\/en\/produit\/kamira-espresso\/\" \/>\n<meta property=\"og:site_name\" content=\"La P&#039;tite Cerise\" \/>\n<meta property=\"article:publisher\" content=\"https:\/\/www.facebook.com\/laptitecerise\/\" \/>\n<meta property=\"article:modified_time\" content=\"2025-11-30T22:00:48+00:00\" \/>\n<meta property=\"og:image\" content=\"https:\/\/la-ptite-cerise.be\/wp-content\/uploads\/2024\/06\/WhatsApp-Image-2024-06-11-a-17.20.44_ea1aa684.jpg\" \/>\n\t<meta property=\"og:image:width\" content=\"500\" \/>\n\t<meta property=\"og:image:height\" content=\"488\" \/>\n\t<meta property=\"og:image:type\" content=\"image\/jpeg\" \/>\n<meta name=\"twitter:card\" content=\"summary_large_image\" \/>\n<meta name=\"twitter:label1\" content=\"Est. reading time\" \/>\n\t<meta name=\"twitter:data1\" content=\"1 minute\" \/>\n<script type=\"application\/ld+json\" class=\"yoast-schema-graph\">{\"@context\":\"https:\/\/schema.org\",\"@graph\":[{\"@type\":\"WebPage\",\"@id\":\"https:\/\/la-ptite-cerise.be\/en\/produit\/kamira-espresso\/\",\"url\":\"https:\/\/la-ptite-cerise.be\/en\/produit\/kamira-espresso\/\",\"name\":\"Kamira espresso - La P&#039;tite Cerise\",\"isPartOf\":{\"@id\":\"https:\/\/la-ptite-cerise.be\/#website\"},\"primaryImageOfPage\":{\"@id\":\"https:\/\/la-ptite-cerise.be\/en\/produit\/kamira-espresso\/#primaryimage\"},\"image\":{\"@id\":\"https:\/\/la-ptite-cerise.be\/en\/produit\/kamira-espresso\/#primaryimage\"},\"thumbnailUrl\":\"https:\/\/la-ptite-cerise.be\/wp-content\/uploads\/2024\/06\/WhatsApp-Image-2024-06-11-a-17.20.44_ea1aa684.jpg\",\"datePublished\":\"2024-06-12T09:46:25+00:00\",\"dateModified\":\"2025-11-30T22:00:48+00:00\",\"breadcrumb\":{\"@id\":\"https:\/\/la-ptite-cerise.be\/en\/produit\/kamira-espresso\/#breadcrumb\"},\"inLanguage\":\"en-US\",\"potentialAction\":[{\"@type\":\"ReadAction\",\"target\":[\"https:\/\/la-ptite-cerise.be\/en\/produit\/kamira-espresso\/\"]}]},{\"@type\":\"ImageObject\",\"inLanguage\":\"en-US\",\"@id\":\"https:\/\/la-ptite-cerise.be\/en\/produit\/kamira-espresso\/#primaryimage\",\"url\":\"https:\/\/la-ptite-cerise.be\/wp-content\/uploads\/2024\/06\/WhatsApp-Image-2024-06-11-a-17.20.44_ea1aa684.jpg\",\"contentUrl\":\"https:\/\/la-ptite-cerise.be\/wp-content\/uploads\/2024\/06\/WhatsApp-Image-2024-06-11-a-17.20.44_ea1aa684.jpg\",\"width\":500,\"height\":488},{\"@type\":\"BreadcrumbList\",\"@id\":\"https:\/\/la-ptite-cerise.be\/en\/produit\/kamira-espresso\/#breadcrumb\",\"itemListElement\":[{\"@type\":\"ListItem\",\"position\":1,\"name\":\"Accueil\",\"item\":\"https:\/\/la-ptite-cerise.be\/en\/\"},{\"@type\":\"ListItem\",\"position\":2,\"name\":\"Store\",\"item\":\"https:\/\/la-ptite-cerise.be\/boutique\/\"},{\"@type\":\"ListItem\",\"position\":3,\"name\":\"Kamira espresso\"}]},{\"@type\":\"WebSite\",\"@id\":\"https:\/\/la-ptite-cerise.be\/#website\",\"url\":\"https:\/\/la-ptite-cerise.be\/\",\"name\":\"La P'tite Cerise\",\"description\":\"Artisan torr\u00e9facteur de caf\u00e9 de sp\u00e9cialit\u00e9. S\u00e9lection de th\u00e9s &amp; tisanes.\",\"publisher\":{\"@id\":\"https:\/\/la-ptite-cerise.be\/#organization\"},\"potentialAction\":[{\"@type\":\"SearchAction\",\"target\":{\"@type\":\"EntryPoint\",\"urlTemplate\":\"https:\/\/la-ptite-cerise.be\/?s={search_term_string}\"},\"query-input\":{\"@type\":\"PropertyValueSpecification\",\"valueRequired\":true,\"valueName\":\"search_term_string\"}}],\"inLanguage\":\"en-US\"},{\"@type\":\"Organization\",\"@id\":\"https:\/\/la-ptite-cerise.be\/#organization\",\"name\":\"La P'tite Cerise\",\"url\":\"https:\/\/la-ptite-cerise.be\/\",\"logo\":{\"@type\":\"ImageObject\",\"inLanguage\":\"en-US\",\"@id\":\"https:\/\/la-ptite-cerise.be\/#\/schema\/logo\/image\/\",\"url\":\"https:\/\/la-ptite-cerise.be\/wp-content\/uploads\/2020\/10\/logo-header-01.jpg\",\"contentUrl\":\"https:\/\/la-ptite-cerise.be\/wp-content\/uploads\/2020\/10\/logo-header-01.jpg\",\"width\":176,\"height\":100,\"caption\":\"La P'tite Cerise\"},\"image\":{\"@id\":\"https:\/\/la-ptite-cerise.be\/#\/schema\/logo\/image\/\"},\"sameAs\":[\"https:\/\/www.facebook.com\/laptitecerise\/\",\"https:\/\/www.instagram.com\/la.ptite_cerise\/\"]}]}<\/script>\n<!-- \/ Yoast SEO plugin. -->","yoast_head_json":{"title":"Kamira espresso - La P&#039;tite Cerise","robots":{"index":"index","follow":"follow","max-snippet":"max-snippet:-1","max-image-preview":"max-image-preview:large","max-video-preview":"max-video-preview:-1"},"canonical":"https:\/\/la-ptite-cerise.be\/en\/produit\/kamira-espresso\/","og_locale":"en_US","og_type":"article","og_title":"Kamira espresso - La P&#039;tite Cerise","og_description":"Handcrafted espresso maker from Santa Teresa di Riva, Sicily. Electricity-free, works on any stovetop. Creamy, eco-friendly espresso \u2013 wherever you are.","og_url":"https:\/\/la-ptite-cerise.be\/en\/produit\/kamira-espresso\/","og_site_name":"La P&#039;tite Cerise","article_publisher":"https:\/\/www.facebook.com\/laptitecerise\/","article_modified_time":"2025-11-30T22:00:48+00:00","og_image":[{"width":500,"height":488,"url":"https:\/\/la-ptite-cerise.be\/wp-content\/uploads\/2024\/06\/WhatsApp-Image-2024-06-11-a-17.20.44_ea1aa684.jpg","type":"image\/jpeg"}],"twitter_card":"summary_large_image","twitter_misc":{"Est. reading time":"1 minute"},"schema":{"@context":"https:\/\/schema.org","@graph":[{"@type":"WebPage","@id":"https:\/\/la-ptite-cerise.be\/en\/produit\/kamira-espresso\/","url":"https:\/\/la-ptite-cerise.be\/en\/produit\/kamira-espresso\/","name":"Kamira espresso - La P&#039;tite Cerise","isPartOf":{"@id":"https:\/\/la-ptite-cerise.be\/#website"},"primaryImageOfPage":{"@id":"https:\/\/la-ptite-cerise.be\/en\/produit\/kamira-espresso\/#primaryimage"},"image":{"@id":"https:\/\/la-ptite-cerise.be\/en\/produit\/kamira-espresso\/#primaryimage"},"thumbnailUrl":"https:\/\/la-ptite-cerise.be\/wp-content\/uploads\/2024\/06\/WhatsApp-Image-2024-06-11-a-17.20.44_ea1aa684.jpg","datePublished":"2024-06-12T09:46:25+00:00","dateModified":"2025-11-30T22:00:48+00:00","breadcrumb":{"@id":"https:\/\/la-ptite-cerise.be\/en\/produit\/kamira-espresso\/#breadcrumb"},"inLanguage":"en-US","potentialAction":[{"@type":"ReadAction","target":["https:\/\/la-ptite-cerise.be\/en\/produit\/kamira-espresso\/"]}]},{"@type":"ImageObject","inLanguage":"en-US","@id":"https:\/\/la-ptite-cerise.be\/en\/produit\/kamira-espresso\/#primaryimage","url":"https:\/\/la-ptite-cerise.be\/wp-content\/uploads\/2024\/06\/WhatsApp-Image-2024-06-11-a-17.20.44_ea1aa684.jpg","contentUrl":"https:\/\/la-ptite-cerise.be\/wp-content\/uploads\/2024\/06\/WhatsApp-Image-2024-06-11-a-17.20.44_ea1aa684.jpg","width":500,"height":488},{"@type":"BreadcrumbList","@id":"https:\/\/la-ptite-cerise.be\/en\/produit\/kamira-espresso\/#breadcrumb","itemListElement":[{"@type":"ListItem","position":1,"name":"Accueil","item":"https:\/\/la-ptite-cerise.be\/en\/"},{"@type":"ListItem","position":2,"name":"Store","item":"https:\/\/la-ptite-cerise.be\/boutique\/"},{"@type":"ListItem","position":3,"name":"Kamira espresso"}]},{"@type":"WebSite","@id":"https:\/\/la-ptite-cerise.be\/#website","url":"https:\/\/la-ptite-cerise.be\/","name":"La P'tite Cerise","description":"Artisan torr\u00e9facteur de caf\u00e9 de sp\u00e9cialit\u00e9. S\u00e9lection de th\u00e9s &amp; tisanes.","publisher":{"@id":"https:\/\/la-ptite-cerise.be\/#organization"},"potentialAction":[{"@type":"SearchAction","target":{"@type":"EntryPoint","urlTemplate":"https:\/\/la-ptite-cerise.be\/?s={search_term_string}"},"query-input":{"@type":"PropertyValueSpecification","valueRequired":true,"valueName":"search_term_string"}}],"inLanguage":"en-US"},{"@type":"Organization","@id":"https:\/\/la-ptite-cerise.be\/#organization","name":"La P'tite Cerise","url":"https:\/\/la-ptite-cerise.be\/","logo":{"@type":"ImageObject","inLanguage":"en-US","@id":"https:\/\/la-ptite-cerise.be\/#\/schema\/logo\/image\/","url":"https:\/\/la-ptite-cerise.be\/wp-content\/uploads\/2020\/10\/logo-header-01.jpg","contentUrl":"https:\/\/la-ptite-cerise.be\/wp-content\/uploads\/2020\/10\/logo-header-01.jpg","width":176,"height":100,"caption":"La P'tite Cerise"},"image":{"@id":"https:\/\/la-ptite-cerise.be\/#\/schema\/logo\/image\/"},"sameAs":["https:\/\/www.facebook.com\/laptitecerise\/","https:\/\/www.instagram.com\/la.ptite_cerise\/"]}]}},"_links":{"self":[{"href":"https:\/\/la-ptite-cerise.be\/en\/wp-json\/wp\/v2\/product\/13887","targetHints":{"allow":["GET"]}}],"collection":[{"href":"https:\/\/la-ptite-cerise.be\/en\/wp-json\/wp\/v2\/product"}],"about":[{"href":"https:\/\/la-ptite-cerise.be\/en\/wp-json\/wp\/v2\/types\/product"}],"wp:featuredmedia":[{"embeddable":true,"href":"https:\/\/la-ptite-cerise.be\/en\/wp-json\/wp\/v2\/media\/11489"}],"wp:attachment":[{"href":"https:\/\/la-ptite-cerise.be\/en\/wp-json\/wp\/v2\/media?parent=13887"}],"wp:term":[{"taxonomy":"product_brand","embeddable":true,"href":"https:\/\/la-ptite-cerise.be\/en\/wp-json\/wp\/v2\/product_brand?post=13887"},{"taxonomy":"product_cat","embeddable":true,"href":"https:\/\/la-ptite-cerise.be\/en\/wp-json\/wp\/v2\/product_cat?post=13887"},{"taxonomy":"product_tag","embeddable":true,"href":"https:\/\/la-ptite-cerise.be\/en\/wp-json\/wp\/v2\/product_tag?post=13887"}],"curies":[{"name":"wp","href":"https:\/\/api.w.org\/{rel}","templated":true}]}}