{"id":13888,"date":"2024-11-06T15:43:25","date_gmt":"2024-11-06T14:43:25","guid":{"rendered":"https:\/\/la-ptite-cerise.be\/produit\/kamira-cuillere-a-cafe\/"},"modified":"2024-11-06T15:43:25","modified_gmt":"2024-11-06T14:43:25","slug":"kamira-cuillere-a-cafe","status":"publish","type":"product","link":"https:\/\/la-ptite-cerise.be\/en\/produit\/kamira-cuillere-a-cafe\/","title":{"rendered":"Kamira cuill\u00e8re \u00e0 caf\u00e9"},"content":{"rendered":"<p class=\"\" data-start=\"948\" data-end=\"1093\">An essential accessory for Italian-style espresso lovers, the Kamira spoon is crafted from <strong data-start=\"1039\" data-end=\"1064\">18\/10 stainless steel<\/strong> for long-lasting durability.<\/p>\n<ul data-start=\"1095\" data-end=\"1364\">\n<li class=\"\" data-start=\"1095\" data-end=\"1155\">\n<p class=\"\" data-start=\"1097\" data-end=\"1155\"><strong data-start=\"1097\" data-end=\"1114\">2-in-1 design<\/strong>: coffee scoop (7g) and built-in tamper<\/p>\n<\/li>\n<li class=\"\" data-start=\"1156\" data-end=\"1211\">\n<p class=\"\" data-start=\"1158\" data-end=\"1211\"><strong data-start=\"1158\" data-end=\"1209\">High-quality 18\/10 stainless steel construction<\/strong><\/p>\n<\/li>\n<li class=\"\" data-start=\"1212\" data-end=\"1274\">\n<p class=\"\" data-start=\"1214\" data-end=\"1274\"><strong data-start=\"1214\" data-end=\"1233\">Perfectly sized<\/strong> for use with the Kamira espresso maker<\/p>\n<\/li>\n<li class=\"\" data-start=\"1275\" data-end=\"1328\">\n<p class=\"\" data-start=\"1277\" data-end=\"1328\"><strong data-start=\"1277\" data-end=\"1295\">Compact format<\/strong>: great for home use and travel<\/p>\n<\/li>\n<li class=\"\" data-start=\"1329\" data-end=\"1364\">\n<p class=\"\" data-start=\"1331\" data-end=\"1364\"><strong data-start=\"1331\" data-end=\"1348\">Easy to clean<\/strong>, rust-resistant<\/p>\n<\/li>\n<\/ul>\n<p class=\"\" data-start=\"1366\" data-end=\"1464\">Precise, stylish and sturdy \u2013 the ideal tool for consistent dosing and perfect tamping every time.<\/p>\n","protected":false},"excerpt":{"rendered":"<p>18\/10 stainless steel coffee scoop with built-in tamper. Perfect for dosing and tamping ground coffee with your Kamira espresso maker.<\/p>\n","protected":false},"featured_media":11868,"template":"","meta":[],"product_brand":[],"product_cat":[183,192],"product_tag":[],"class_list":{"0":"post-13888","1":"product","2":"type-product","3":"status-publish","4":"has-post-thumbnail","6":"product_cat-accessories","7":"product_cat-kamira-en","9":"first","10":"outofstock","11":"taxable","12":"shipping-taxable","13":"purchasable","14":"product-type-simple"},"yoast_head":"<!-- This site is optimized with the Yoast SEO plugin v25.7 - https:\/\/yoast.com\/wordpress\/plugins\/seo\/ -->\n<title>Kamira cuill\u00e8re \u00e0 caf\u00e9 - La P&#039;tite Cerise<\/title>\n<meta name=\"robots\" content=\"index, follow, max-snippet:-1, max-image-preview:large, max-video-preview:-1\" \/>\n<link rel=\"canonical\" href=\"https:\/\/la-ptite-cerise.be\/produit\/kamira-cuillere\/\" \/>\n<meta property=\"og:locale\" content=\"en_US\" \/>\n<meta property=\"og:type\" content=\"article\" \/>\n<meta property=\"og:title\" content=\"Kamira cuill\u00e8re \u00e0 caf\u00e9 - La P&#039;tite Cerise\" \/>\n<meta property=\"og:description\" content=\"18\/10 stainless steel coffee scoop with built-in tamper. Perfect for dosing and tamping ground coffee with your Kamira espresso maker.\" \/>\n<meta property=\"og:url\" content=\"https:\/\/la-ptite-cerise.be\/produit\/kamira-cuillere\/\" \/>\n<meta property=\"og:site_name\" content=\"La P&#039;tite Cerise\" \/>\n<meta property=\"article:publisher\" content=\"https:\/\/www.facebook.com\/laptitecerise\/\" \/>\n<meta property=\"og:image\" content=\"https:\/\/la-ptite-cerise.be\/wp-content\/uploads\/2024\/11\/20240621191158_doppio-cucchiaio-e1730905403295.png\" \/>\n\t<meta property=\"og:image:width\" content=\"801\" \/>\n\t<meta property=\"og:image:height\" content=\"656\" \/>\n\t<meta property=\"og:image:type\" content=\"image\/png\" \/>\n<meta name=\"twitter:card\" content=\"summary_large_image\" \/>\n<script type=\"application\/ld+json\" class=\"yoast-schema-graph\">{\"@context\":\"https:\/\/schema.org\",\"@graph\":[{\"@type\":\"WebPage\",\"@id\":\"https:\/\/la-ptite-cerise.be\/produit\/kamira-cuillere\/\",\"url\":\"https:\/\/la-ptite-cerise.be\/produit\/kamira-cuillere\/\",\"name\":\"Kamira cuill\u00e8re \u00e0 caf\u00e9 - La P&#039;tite Cerise\",\"isPartOf\":{\"@id\":\"https:\/\/la-ptite-cerise.be\/#website\"},\"primaryImageOfPage\":{\"@id\":\"https:\/\/la-ptite-cerise.be\/produit\/kamira-cuillere\/#primaryimage\"},\"image\":{\"@id\":\"https:\/\/la-ptite-cerise.be\/produit\/kamira-cuillere\/#primaryimage\"},\"thumbnailUrl\":\"https:\/\/la-ptite-cerise.be\/wp-content\/uploads\/2024\/11\/20240621191158_doppio-cucchiaio-e1730905403295.png\",\"datePublished\":\"2024-11-06T14:43:25+00:00\",\"breadcrumb\":{\"@id\":\"https:\/\/la-ptite-cerise.be\/produit\/kamira-cuillere\/#breadcrumb\"},\"inLanguage\":\"en-US\",\"potentialAction\":[{\"@type\":\"ReadAction\",\"target\":[\"https:\/\/la-ptite-cerise.be\/produit\/kamira-cuillere\/\"]}]},{\"@type\":\"ImageObject\",\"inLanguage\":\"en-US\",\"@id\":\"https:\/\/la-ptite-cerise.be\/produit\/kamira-cuillere\/#primaryimage\",\"url\":\"https:\/\/la-ptite-cerise.be\/wp-content\/uploads\/2024\/11\/20240621191158_doppio-cucchiaio-e1730905403295.png\",\"contentUrl\":\"https:\/\/la-ptite-cerise.be\/wp-content\/uploads\/2024\/11\/20240621191158_doppio-cucchiaio-e1730905403295.png\",\"width\":500,\"height\":611},{\"@type\":\"BreadcrumbList\",\"@id\":\"https:\/\/la-ptite-cerise.be\/produit\/kamira-cuillere\/#breadcrumb\",\"itemListElement\":[{\"@type\":\"ListItem\",\"position\":1,\"name\":\"Accueil\",\"item\":\"https:\/\/la-ptite-cerise.be\/en\/\"},{\"@type\":\"ListItem\",\"position\":2,\"name\":\"Store\",\"item\":\"https:\/\/la-ptite-cerise.be\/boutique\/\"},{\"@type\":\"ListItem\",\"position\":3,\"name\":\"Kamira cuill\u00e8re \u00e0 caf\u00e9\"}]},{\"@type\":\"WebSite\",\"@id\":\"https:\/\/la-ptite-cerise.be\/#website\",\"url\":\"https:\/\/la-ptite-cerise.be\/\",\"name\":\"La P'tite Cerise\",\"description\":\"Artisan torr\u00e9facteur de caf\u00e9 de sp\u00e9cialit\u00e9. S\u00e9lection de th\u00e9s &amp; tisanes.\",\"publisher\":{\"@id\":\"https:\/\/la-ptite-cerise.be\/#organization\"},\"potentialAction\":[{\"@type\":\"SearchAction\",\"target\":{\"@type\":\"EntryPoint\",\"urlTemplate\":\"https:\/\/la-ptite-cerise.be\/?s={search_term_string}\"},\"query-input\":{\"@type\":\"PropertyValueSpecification\",\"valueRequired\":true,\"valueName\":\"search_term_string\"}}],\"inLanguage\":\"en-US\"},{\"@type\":\"Organization\",\"@id\":\"https:\/\/la-ptite-cerise.be\/#organization\",\"name\":\"La P'tite Cerise\",\"url\":\"https:\/\/la-ptite-cerise.be\/\",\"logo\":{\"@type\":\"ImageObject\",\"inLanguage\":\"en-US\",\"@id\":\"https:\/\/la-ptite-cerise.be\/#\/schema\/logo\/image\/\",\"url\":\"https:\/\/la-ptite-cerise.be\/wp-content\/uploads\/2020\/10\/logo-header-01.jpg\",\"contentUrl\":\"https:\/\/la-ptite-cerise.be\/wp-content\/uploads\/2020\/10\/logo-header-01.jpg\",\"width\":176,\"height\":100,\"caption\":\"La P'tite Cerise\"},\"image\":{\"@id\":\"https:\/\/la-ptite-cerise.be\/#\/schema\/logo\/image\/\"},\"sameAs\":[\"https:\/\/www.facebook.com\/laptitecerise\/\",\"https:\/\/www.instagram.com\/la.ptite_cerise\/\"]}]}<\/script>\n<!-- \/ Yoast SEO plugin. -->","yoast_head_json":{"title":"Kamira cuill\u00e8re \u00e0 caf\u00e9 - La P&#039;tite Cerise","robots":{"index":"index","follow":"follow","max-snippet":"max-snippet:-1","max-image-preview":"max-image-preview:large","max-video-preview":"max-video-preview:-1"},"canonical":"https:\/\/la-ptite-cerise.be\/produit\/kamira-cuillere\/","og_locale":"en_US","og_type":"article","og_title":"Kamira cuill\u00e8re \u00e0 caf\u00e9 - La P&#039;tite Cerise","og_description":"18\/10 stainless steel coffee scoop with built-in tamper. Perfect for dosing and tamping ground coffee with your Kamira espresso maker.","og_url":"https:\/\/la-ptite-cerise.be\/produit\/kamira-cuillere\/","og_site_name":"La P&#039;tite Cerise","article_publisher":"https:\/\/www.facebook.com\/laptitecerise\/","og_image":[{"width":801,"height":656,"url":"https:\/\/la-ptite-cerise.be\/wp-content\/uploads\/2024\/11\/20240621191158_doppio-cucchiaio-e1730905403295.png","type":"image\/png"}],"twitter_card":"summary_large_image","schema":{"@context":"https:\/\/schema.org","@graph":[{"@type":"WebPage","@id":"https:\/\/la-ptite-cerise.be\/produit\/kamira-cuillere\/","url":"https:\/\/la-ptite-cerise.be\/produit\/kamira-cuillere\/","name":"Kamira cuill\u00e8re \u00e0 caf\u00e9 - La P&#039;tite Cerise","isPartOf":{"@id":"https:\/\/la-ptite-cerise.be\/#website"},"primaryImageOfPage":{"@id":"https:\/\/la-ptite-cerise.be\/produit\/kamira-cuillere\/#primaryimage"},"image":{"@id":"https:\/\/la-ptite-cerise.be\/produit\/kamira-cuillere\/#primaryimage"},"thumbnailUrl":"https:\/\/la-ptite-cerise.be\/wp-content\/uploads\/2024\/11\/20240621191158_doppio-cucchiaio-e1730905403295.png","datePublished":"2024-11-06T14:43:25+00:00","breadcrumb":{"@id":"https:\/\/la-ptite-cerise.be\/produit\/kamira-cuillere\/#breadcrumb"},"inLanguage":"en-US","potentialAction":[{"@type":"ReadAction","target":["https:\/\/la-ptite-cerise.be\/produit\/kamira-cuillere\/"]}]},{"@type":"ImageObject","inLanguage":"en-US","@id":"https:\/\/la-ptite-cerise.be\/produit\/kamira-cuillere\/#primaryimage","url":"https:\/\/la-ptite-cerise.be\/wp-content\/uploads\/2024\/11\/20240621191158_doppio-cucchiaio-e1730905403295.png","contentUrl":"https:\/\/la-ptite-cerise.be\/wp-content\/uploads\/2024\/11\/20240621191158_doppio-cucchiaio-e1730905403295.png","width":500,"height":611},{"@type":"BreadcrumbList","@id":"https:\/\/la-ptite-cerise.be\/produit\/kamira-cuillere\/#breadcrumb","itemListElement":[{"@type":"ListItem","position":1,"name":"Accueil","item":"https:\/\/la-ptite-cerise.be\/en\/"},{"@type":"ListItem","position":2,"name":"Store","item":"https:\/\/la-ptite-cerise.be\/boutique\/"},{"@type":"ListItem","position":3,"name":"Kamira cuill\u00e8re \u00e0 caf\u00e9"}]},{"@type":"WebSite","@id":"https:\/\/la-ptite-cerise.be\/#website","url":"https:\/\/la-ptite-cerise.be\/","name":"La P'tite Cerise","description":"Artisan torr\u00e9facteur de caf\u00e9 de sp\u00e9cialit\u00e9. S\u00e9lection de th\u00e9s &amp; tisanes.","publisher":{"@id":"https:\/\/la-ptite-cerise.be\/#organization"},"potentialAction":[{"@type":"SearchAction","target":{"@type":"EntryPoint","urlTemplate":"https:\/\/la-ptite-cerise.be\/?s={search_term_string}"},"query-input":{"@type":"PropertyValueSpecification","valueRequired":true,"valueName":"search_term_string"}}],"inLanguage":"en-US"},{"@type":"Organization","@id":"https:\/\/la-ptite-cerise.be\/#organization","name":"La P'tite Cerise","url":"https:\/\/la-ptite-cerise.be\/","logo":{"@type":"ImageObject","inLanguage":"en-US","@id":"https:\/\/la-ptite-cerise.be\/#\/schema\/logo\/image\/","url":"https:\/\/la-ptite-cerise.be\/wp-content\/uploads\/2020\/10\/logo-header-01.jpg","contentUrl":"https:\/\/la-ptite-cerise.be\/wp-content\/uploads\/2020\/10\/logo-header-01.jpg","width":176,"height":100,"caption":"La P'tite Cerise"},"image":{"@id":"https:\/\/la-ptite-cerise.be\/#\/schema\/logo\/image\/"},"sameAs":["https:\/\/www.facebook.com\/laptitecerise\/","https:\/\/www.instagram.com\/la.ptite_cerise\/"]}]}},"_links":{"self":[{"href":"https:\/\/la-ptite-cerise.be\/en\/wp-json\/wp\/v2\/product\/13888","targetHints":{"allow":["GET"]}}],"collection":[{"href":"https:\/\/la-ptite-cerise.be\/en\/wp-json\/wp\/v2\/product"}],"about":[{"href":"https:\/\/la-ptite-cerise.be\/en\/wp-json\/wp\/v2\/types\/product"}],"wp:featuredmedia":[{"embeddable":true,"href":"https:\/\/la-ptite-cerise.be\/en\/wp-json\/wp\/v2\/media\/11868"}],"wp:attachment":[{"href":"https:\/\/la-ptite-cerise.be\/en\/wp-json\/wp\/v2\/media?parent=13888"}],"wp:term":[{"taxonomy":"product_brand","embeddable":true,"href":"https:\/\/la-ptite-cerise.be\/en\/wp-json\/wp\/v2\/product_brand?post=13888"},{"taxonomy":"product_cat","embeddable":true,"href":"https:\/\/la-ptite-cerise.be\/en\/wp-json\/wp\/v2\/product_cat?post=13888"},{"taxonomy":"product_tag","embeddable":true,"href":"https:\/\/la-ptite-cerise.be\/en\/wp-json\/wp\/v2\/product_tag?post=13888"}],"curies":[{"name":"wp","href":"https:\/\/api.w.org\/{rel}","templated":true}]}}