{"id":13902,"date":"2025-04-21T16:35:25","date_gmt":"2025-04-21T14:35:25","guid":{"rendered":"https:\/\/la-ptite-cerise.be\/?post_type=product&#038;p=13902"},"modified":"2025-06-19T12:51:54","modified_gmt":"2025-06-19T10:51:54","slug":"masala-chai-latte-chalo-copie","status":"publish","type":"product","link":"https:\/\/la-ptite-cerise.be\/en\/produit\/masala-chai-latte-chalo-copie\/","title":{"rendered":"Vanilla Chai Latte \u2013 CHALO"},"content":{"rendered":"<p class=\"\" data-start=\"1859\" data-end=\"2140\"><strong data-start=\"1859\" data-end=\"1901\">Sweet, smooth and irresistibly spiced.<\/strong><br data-start=\"1901\" data-end=\"1904\" \/>Discover the perfect balance of comforting spices and velvety vanilla in this award-winning Vanilla Chai Latte premix by Chalo. Ready in just minutes, it\u2019s a delicious twist on the classic Indian chai \u2014 warm, creamy and naturally vegan.<\/p>\n<p class=\"\" data-start=\"2142\" data-end=\"2358\">This chai blend features bold Indian black tea and traditional spices, gently softened with natural vanilla flavouring. No milk added, so you\u2019re free to use your favourite: dairy or plant-based \u2014 your chai, your way.<\/p>\n<p class=\"\" data-start=\"2360\" data-end=\"2453\">Ideal for everyday indulgence, whether you&#8217;re starting your morning or winding down your day.<\/p>\n<p class=\"\" data-start=\"2455\" data-end=\"2565\">Presented in a stylish <strong data-start=\"2478\" data-end=\"2502\">300 g refillable tin<\/strong>, perfect for keeping your chai fresh and always close at hand.<\/p>\n<hr class=\"\" data-start=\"2688\" data-end=\"2691\" \/>\n<h3 class=\"\" data-start=\"2693\" data-end=\"2712\">\ud83c\udf1f Key Features<\/h3>\n<ul data-start=\"2714\" data-end=\"2930\">\n<li class=\"\" data-start=\"2714\" data-end=\"2768\">\n<p class=\"\" data-start=\"2716\" data-end=\"2768\">Natural vanilla flavour blended with Indian spices<\/p>\n<\/li>\n<li class=\"\" data-start=\"2769\" data-end=\"2793\">\n<p class=\"\" data-start=\"2771\" data-end=\"2793\">Vegan &amp; lactose-free<\/p>\n<\/li>\n<li class=\"\" data-start=\"2794\" data-end=\"2818\">\n<p class=\"\" data-start=\"2796\" data-end=\"2818\">300 g refillable tin<\/p>\n<\/li>\n<li class=\"\" data-start=\"2819\" data-end=\"2855\">\n<p class=\"\" data-start=\"2821\" data-end=\"2855\">Ready in minutes \u2013 just add milk<\/p>\n<\/li>\n<li class=\"\" data-start=\"2856\" data-end=\"2904\">\n<p class=\"\" data-start=\"2858\" data-end=\"2904\">Smooth, comforting flavour with a spicy kick<\/p>\n<\/li>\n<li class=\"\" data-start=\"2905\" data-end=\"2930\">\n<p class=\"\" data-start=\"2907\" data-end=\"2930\">No artificial additives<\/p>\n<\/li>\n<\/ul>\n<hr class=\"\" data-start=\"2932\" data-end=\"2935\" \/>\n<h3 class=\"\" data-start=\"2937\" data-end=\"2960\">\ud83c\udf75 Preparation Tips<\/h3>\n<p class=\"\" data-start=\"2962\" data-end=\"3066\">Mix 2 teaspoons (10\u201312 g) of powder with 200 ml of hot milk (dairy or plant-based). Stir well and enjoy!<\/p>\n<hr class=\"\" data-start=\"3068\" data-end=\"3071\" \/>\n<h3 class=\"\" data-start=\"3073\" data-end=\"3086\">\ud83d\udce6 Format<\/h3>\n<p class=\"\" data-start=\"3088\" data-end=\"3108\">300 g refillable tin<\/p>\n<hr class=\"\" data-start=\"3110\" data-end=\"3113\" \/>\n<h3 class=\"\" data-start=\"3115\" data-end=\"3133\">\ud83e\uddfe Ingredients<\/h3>\n<p class=\"\" data-start=\"3135\" data-end=\"3236\">Cane sugar, black tea extract (23%), spices (ginger, cardamom, cinnamon), natural vanilla flavouring.<\/p>\n","protected":false},"excerpt":{"rendered":"<p>A smooth and spicy Vanilla Chai premix \u2013 ready in minutes. Just add your favourite milk.<\/p>\n","protected":false},"featured_media":13904,"template":"","meta":[],"product_brand":[],"product_cat":[144],"product_tag":[],"class_list":{"0":"post-13902","1":"product","2":"type-product","3":"status-publish","4":"has-post-thumbnail","6":"product_cat-cocoa","8":"first","9":"instock","10":"taxable","11":"shipping-taxable","12":"purchasable","13":"product-type-simple"},"yoast_head":"<!-- This site is optimized with the Yoast SEO plugin v25.7 - https:\/\/yoast.com\/wordpress\/plugins\/seo\/ -->\n<title>Vanilla Chai Latte \u2013 CHALO - La P&#039;tite Cerise<\/title>\n<meta name=\"robots\" content=\"index, follow, max-snippet:-1, max-image-preview:large, max-video-preview:-1\" \/>\n<link rel=\"canonical\" href=\"https:\/\/la-ptite-cerise.be\/produit\/chai-latte-vanille-chalo\/\" \/>\n<meta property=\"og:locale\" content=\"en_US\" \/>\n<meta property=\"og:type\" content=\"article\" \/>\n<meta property=\"og:title\" content=\"Vanilla Chai Latte \u2013 CHALO - La P&#039;tite Cerise\" \/>\n<meta property=\"og:description\" content=\"A smooth and spicy Vanilla Chai premix \u2013 ready in minutes. Just add your favourite milk.\" \/>\n<meta property=\"og:url\" content=\"https:\/\/la-ptite-cerise.be\/produit\/chai-latte-vanille-chalo\/\" \/>\n<meta property=\"og:site_name\" content=\"La P&#039;tite Cerise\" \/>\n<meta property=\"article:publisher\" content=\"https:\/\/www.facebook.com\/laptitecerise\/\" \/>\n<meta property=\"article:modified_time\" content=\"2025-06-19T10:51:54+00:00\" \/>\n<meta property=\"og:image\" content=\"https:\/\/la-ptite-cerise.be\/wp-content\/uploads\/2025\/04\/Chai-Vanilla-300G-e1745246276317.jpg\" \/>\n\t<meta property=\"og:image:width\" content=\"1200\" \/>\n\t<meta property=\"og:image:height\" content=\"1200\" \/>\n\t<meta property=\"og:image:type\" content=\"image\/jpeg\" \/>\n<meta name=\"twitter:card\" content=\"summary_large_image\" \/>\n<meta name=\"twitter:label1\" content=\"Est. reading time\" \/>\n\t<meta name=\"twitter:data1\" content=\"2 minutes\" \/>\n<script type=\"application\/ld+json\" class=\"yoast-schema-graph\">{\"@context\":\"https:\/\/schema.org\",\"@graph\":[{\"@type\":\"WebPage\",\"@id\":\"https:\/\/la-ptite-cerise.be\/produit\/chai-latte-vanille-chalo\/\",\"url\":\"https:\/\/la-ptite-cerise.be\/produit\/chai-latte-vanille-chalo\/\",\"name\":\"Vanilla Chai Latte \u2013 CHALO - La P&#039;tite Cerise\",\"isPartOf\":{\"@id\":\"https:\/\/la-ptite-cerise.be\/#website\"},\"primaryImageOfPage\":{\"@id\":\"https:\/\/la-ptite-cerise.be\/produit\/chai-latte-vanille-chalo\/#primaryimage\"},\"image\":{\"@id\":\"https:\/\/la-ptite-cerise.be\/produit\/chai-latte-vanille-chalo\/#primaryimage\"},\"thumbnailUrl\":\"https:\/\/la-ptite-cerise.be\/wp-content\/uploads\/2025\/04\/Chai-Vanilla-300G-e1745246276317.jpg\",\"datePublished\":\"2025-04-21T14:35:25+00:00\",\"dateModified\":\"2025-06-19T10:51:54+00:00\",\"breadcrumb\":{\"@id\":\"https:\/\/la-ptite-cerise.be\/produit\/chai-latte-vanille-chalo\/#breadcrumb\"},\"inLanguage\":\"en-US\",\"potentialAction\":[{\"@type\":\"ReadAction\",\"target\":[\"https:\/\/la-ptite-cerise.be\/produit\/chai-latte-vanille-chalo\/\"]}]},{\"@type\":\"ImageObject\",\"inLanguage\":\"en-US\",\"@id\":\"https:\/\/la-ptite-cerise.be\/produit\/chai-latte-vanille-chalo\/#primaryimage\",\"url\":\"https:\/\/la-ptite-cerise.be\/wp-content\/uploads\/2025\/04\/Chai-Vanilla-300G-e1745246276317.jpg\",\"contentUrl\":\"https:\/\/la-ptite-cerise.be\/wp-content\/uploads\/2025\/04\/Chai-Vanilla-300G-e1745246276317.jpg\",\"width\":500,\"height\":500},{\"@type\":\"BreadcrumbList\",\"@id\":\"https:\/\/la-ptite-cerise.be\/produit\/chai-latte-vanille-chalo\/#breadcrumb\",\"itemListElement\":[{\"@type\":\"ListItem\",\"position\":1,\"name\":\"Accueil\",\"item\":\"https:\/\/la-ptite-cerise.be\/en\/\"},{\"@type\":\"ListItem\",\"position\":2,\"name\":\"Store\",\"item\":\"https:\/\/la-ptite-cerise.be\/boutique\/\"},{\"@type\":\"ListItem\",\"position\":3,\"name\":\"Vanilla Chai Latte \u2013 CHALO\"}]},{\"@type\":\"WebSite\",\"@id\":\"https:\/\/la-ptite-cerise.be\/#website\",\"url\":\"https:\/\/la-ptite-cerise.be\/\",\"name\":\"La P'tite Cerise\",\"description\":\"Artisan torr\u00e9facteur de caf\u00e9 de sp\u00e9cialit\u00e9. S\u00e9lection de th\u00e9s &amp; tisanes.\",\"publisher\":{\"@id\":\"https:\/\/la-ptite-cerise.be\/#organization\"},\"potentialAction\":[{\"@type\":\"SearchAction\",\"target\":{\"@type\":\"EntryPoint\",\"urlTemplate\":\"https:\/\/la-ptite-cerise.be\/?s={search_term_string}\"},\"query-input\":{\"@type\":\"PropertyValueSpecification\",\"valueRequired\":true,\"valueName\":\"search_term_string\"}}],\"inLanguage\":\"en-US\"},{\"@type\":\"Organization\",\"@id\":\"https:\/\/la-ptite-cerise.be\/#organization\",\"name\":\"La P'tite Cerise\",\"url\":\"https:\/\/la-ptite-cerise.be\/\",\"logo\":{\"@type\":\"ImageObject\",\"inLanguage\":\"en-US\",\"@id\":\"https:\/\/la-ptite-cerise.be\/#\/schema\/logo\/image\/\",\"url\":\"https:\/\/la-ptite-cerise.be\/wp-content\/uploads\/2020\/10\/logo-header-01.jpg\",\"contentUrl\":\"https:\/\/la-ptite-cerise.be\/wp-content\/uploads\/2020\/10\/logo-header-01.jpg\",\"width\":176,\"height\":100,\"caption\":\"La P'tite Cerise\"},\"image\":{\"@id\":\"https:\/\/la-ptite-cerise.be\/#\/schema\/logo\/image\/\"},\"sameAs\":[\"https:\/\/www.facebook.com\/laptitecerise\/\",\"https:\/\/www.instagram.com\/la.ptite_cerise\/\"]}]}<\/script>\n<!-- \/ Yoast SEO plugin. -->","yoast_head_json":{"title":"Vanilla Chai Latte \u2013 CHALO - La P&#039;tite Cerise","robots":{"index":"index","follow":"follow","max-snippet":"max-snippet:-1","max-image-preview":"max-image-preview:large","max-video-preview":"max-video-preview:-1"},"canonical":"https:\/\/la-ptite-cerise.be\/produit\/chai-latte-vanille-chalo\/","og_locale":"en_US","og_type":"article","og_title":"Vanilla Chai Latte \u2013 CHALO - La P&#039;tite Cerise","og_description":"A smooth and spicy Vanilla Chai premix \u2013 ready in minutes. Just add your favourite milk.","og_url":"https:\/\/la-ptite-cerise.be\/produit\/chai-latte-vanille-chalo\/","og_site_name":"La P&#039;tite Cerise","article_publisher":"https:\/\/www.facebook.com\/laptitecerise\/","article_modified_time":"2025-06-19T10:51:54+00:00","og_image":[{"width":1200,"height":1200,"url":"https:\/\/la-ptite-cerise.be\/wp-content\/uploads\/2025\/04\/Chai-Vanilla-300G-e1745246276317.jpg","type":"image\/jpeg"}],"twitter_card":"summary_large_image","twitter_misc":{"Est. reading time":"2 minutes"},"schema":{"@context":"https:\/\/schema.org","@graph":[{"@type":"WebPage","@id":"https:\/\/la-ptite-cerise.be\/produit\/chai-latte-vanille-chalo\/","url":"https:\/\/la-ptite-cerise.be\/produit\/chai-latte-vanille-chalo\/","name":"Vanilla Chai Latte \u2013 CHALO - La P&#039;tite Cerise","isPartOf":{"@id":"https:\/\/la-ptite-cerise.be\/#website"},"primaryImageOfPage":{"@id":"https:\/\/la-ptite-cerise.be\/produit\/chai-latte-vanille-chalo\/#primaryimage"},"image":{"@id":"https:\/\/la-ptite-cerise.be\/produit\/chai-latte-vanille-chalo\/#primaryimage"},"thumbnailUrl":"https:\/\/la-ptite-cerise.be\/wp-content\/uploads\/2025\/04\/Chai-Vanilla-300G-e1745246276317.jpg","datePublished":"2025-04-21T14:35:25+00:00","dateModified":"2025-06-19T10:51:54+00:00","breadcrumb":{"@id":"https:\/\/la-ptite-cerise.be\/produit\/chai-latte-vanille-chalo\/#breadcrumb"},"inLanguage":"en-US","potentialAction":[{"@type":"ReadAction","target":["https:\/\/la-ptite-cerise.be\/produit\/chai-latte-vanille-chalo\/"]}]},{"@type":"ImageObject","inLanguage":"en-US","@id":"https:\/\/la-ptite-cerise.be\/produit\/chai-latte-vanille-chalo\/#primaryimage","url":"https:\/\/la-ptite-cerise.be\/wp-content\/uploads\/2025\/04\/Chai-Vanilla-300G-e1745246276317.jpg","contentUrl":"https:\/\/la-ptite-cerise.be\/wp-content\/uploads\/2025\/04\/Chai-Vanilla-300G-e1745246276317.jpg","width":500,"height":500},{"@type":"BreadcrumbList","@id":"https:\/\/la-ptite-cerise.be\/produit\/chai-latte-vanille-chalo\/#breadcrumb","itemListElement":[{"@type":"ListItem","position":1,"name":"Accueil","item":"https:\/\/la-ptite-cerise.be\/en\/"},{"@type":"ListItem","position":2,"name":"Store","item":"https:\/\/la-ptite-cerise.be\/boutique\/"},{"@type":"ListItem","position":3,"name":"Vanilla Chai Latte \u2013 CHALO"}]},{"@type":"WebSite","@id":"https:\/\/la-ptite-cerise.be\/#website","url":"https:\/\/la-ptite-cerise.be\/","name":"La P'tite Cerise","description":"Artisan torr\u00e9facteur de caf\u00e9 de sp\u00e9cialit\u00e9. S\u00e9lection de th\u00e9s &amp; tisanes.","publisher":{"@id":"https:\/\/la-ptite-cerise.be\/#organization"},"potentialAction":[{"@type":"SearchAction","target":{"@type":"EntryPoint","urlTemplate":"https:\/\/la-ptite-cerise.be\/?s={search_term_string}"},"query-input":{"@type":"PropertyValueSpecification","valueRequired":true,"valueName":"search_term_string"}}],"inLanguage":"en-US"},{"@type":"Organization","@id":"https:\/\/la-ptite-cerise.be\/#organization","name":"La P'tite Cerise","url":"https:\/\/la-ptite-cerise.be\/","logo":{"@type":"ImageObject","inLanguage":"en-US","@id":"https:\/\/la-ptite-cerise.be\/#\/schema\/logo\/image\/","url":"https:\/\/la-ptite-cerise.be\/wp-content\/uploads\/2020\/10\/logo-header-01.jpg","contentUrl":"https:\/\/la-ptite-cerise.be\/wp-content\/uploads\/2020\/10\/logo-header-01.jpg","width":176,"height":100,"caption":"La P'tite Cerise"},"image":{"@id":"https:\/\/la-ptite-cerise.be\/#\/schema\/logo\/image\/"},"sameAs":["https:\/\/www.facebook.com\/laptitecerise\/","https:\/\/www.instagram.com\/la.ptite_cerise\/"]}]}},"_links":{"self":[{"href":"https:\/\/la-ptite-cerise.be\/en\/wp-json\/wp\/v2\/product\/13902","targetHints":{"allow":["GET"]}}],"collection":[{"href":"https:\/\/la-ptite-cerise.be\/en\/wp-json\/wp\/v2\/product"}],"about":[{"href":"https:\/\/la-ptite-cerise.be\/en\/wp-json\/wp\/v2\/types\/product"}],"wp:featuredmedia":[{"embeddable":true,"href":"https:\/\/la-ptite-cerise.be\/en\/wp-json\/wp\/v2\/media\/13904"}],"wp:attachment":[{"href":"https:\/\/la-ptite-cerise.be\/en\/wp-json\/wp\/v2\/media?parent=13902"}],"wp:term":[{"taxonomy":"product_brand","embeddable":true,"href":"https:\/\/la-ptite-cerise.be\/en\/wp-json\/wp\/v2\/product_brand?post=13902"},{"taxonomy":"product_cat","embeddable":true,"href":"https:\/\/la-ptite-cerise.be\/en\/wp-json\/wp\/v2\/product_cat?post=13902"},{"taxonomy":"product_tag","embeddable":true,"href":"https:\/\/la-ptite-cerise.be\/en\/wp-json\/wp\/v2\/product_tag?post=13902"}],"curies":[{"name":"wp","href":"https:\/\/api.w.org\/{rel}","templated":true}]}}