{"id":13914,"date":"2025-04-21T16:52:54","date_gmt":"2025-04-21T14:52:54","guid":{"rendered":"https:\/\/la-ptite-cerise.be\/?post_type=product&#038;p=13914"},"modified":"2025-06-19T12:49:24","modified_gmt":"2025-06-19T10:49:24","slug":"golden-turmeric-chai-chalo-copie","status":"publish","type":"product","link":"https:\/\/la-ptite-cerise.be\/en\/produit\/golden-turmeric-chai-chalo-copie\/","title":{"rendered":"Lemongrass Indian Chai Latte \u2013 CHALO"},"content":{"rendered":"<p class=\"\" data-start=\"1783\" data-end=\"2067\"><strong data-start=\"1783\" data-end=\"1829\">A bright, zesty twist on traditional chai.<\/strong><br data-start=\"1829\" data-end=\"1832\" \/>Chalo\u2019s Lemongrass Indian Chai Latte brings a refreshing take on the classic Indian spiced tea. The boldness of black tea and warming spices like ginger and cinnamon are perfectly balanced with the vibrant, citrusy notes of lemongrass.<\/p>\n<p class=\"\" data-start=\"2069\" data-end=\"2249\">Naturally vegan and lactose-free, this instant chai mix is ready in minutes \u2014 just add your favourite milk. Perfect for those who love their chai with a fresh and uplifting finish.<\/p>\n<p class=\"\" data-start=\"2251\" data-end=\"2326\">Packed in a handy <strong data-start=\"2269\" data-end=\"2293\">300 g refillable tin<\/strong>, perfect for everyday enjoyment.<\/p>\n<hr class=\"\" data-start=\"2451\" data-end=\"2454\" \/>\n<h3 class=\"\" data-start=\"2456\" data-end=\"2475\">\ud83c\udf1f Key Features<\/h3>\n<ul data-start=\"2477\" data-end=\"2690\">\n<li class=\"\" data-start=\"2477\" data-end=\"2520\">\n<p class=\"\" data-start=\"2479\" data-end=\"2520\">Unique lemongrass twist on classic chai<\/p>\n<\/li>\n<li class=\"\" data-start=\"2521\" data-end=\"2578\">\n<p class=\"\" data-start=\"2523\" data-end=\"2578\">With Indian black tea, ginger, cinnamon, black pepper<\/p>\n<\/li>\n<li class=\"\" data-start=\"2579\" data-end=\"2603\">\n<p class=\"\" data-start=\"2581\" data-end=\"2603\">Vegan &amp; lactose-free<\/p>\n<\/li>\n<li class=\"\" data-start=\"2604\" data-end=\"2628\">\n<p class=\"\" data-start=\"2606\" data-end=\"2628\">300 g refillable tin<\/p>\n<\/li>\n<li class=\"\" data-start=\"2629\" data-end=\"2664\">\n<p class=\"\" data-start=\"2631\" data-end=\"2664\">Fresh and spicy flavour profile<\/p>\n<\/li>\n<li class=\"\" data-start=\"2665\" data-end=\"2690\">\n<p class=\"\" data-start=\"2667\" data-end=\"2690\">No artificial additives<\/p>\n<\/li>\n<\/ul>\n<hr class=\"\" data-start=\"2692\" data-end=\"2695\" \/>\n<h3 class=\"\" data-start=\"2697\" data-end=\"2720\">\ud83c\udf75 Preparation Tips<\/h3>\n<p class=\"\" data-start=\"2722\" data-end=\"2826\">Mix 2 teaspoons (10\u201312 g) of powder with 200 ml of hot milk (dairy or plant-based). Stir well and enjoy!<\/p>\n<hr class=\"\" data-start=\"2828\" data-end=\"2831\" \/>\n<h3 class=\"\" data-start=\"2833\" data-end=\"2846\">\ud83d\udce6 Format<\/h3>\n<p class=\"\" data-start=\"2848\" data-end=\"2868\">300 g refillable tin<\/p>\n<hr class=\"\" data-start=\"2870\" data-end=\"2873\" \/>\n<h3 class=\"\" data-start=\"2875\" data-end=\"2893\">\ud83e\uddfe Ingredients<\/h3>\n<p class=\"\" data-start=\"2895\" data-end=\"3004\">Cane sugar, black tea extract (23%), spices (lemongrass, ginger, cinnamon, black pepper), natural flavouring.<\/p>\n","protected":false},"excerpt":{"rendered":"<p class=\"\" data-start=\"2350\" data-end=\"2427\">Zesty lemongrass meets Indian spices in this refreshing chai blend \u2013 300 g refillable tin.<\/p>\n","protected":false},"featured_media":13916,"template":"","meta":[],"product_brand":[],"product_cat":[144],"product_tag":[],"class_list":{"0":"post-13914","1":"product","2":"type-product","3":"status-publish","4":"has-post-thumbnail","6":"product_cat-cocoa","8":"first","9":"instock","10":"taxable","11":"shipping-taxable","12":"purchasable","13":"product-type-simple"},"yoast_head":"<!-- This site is optimized with the Yoast SEO plugin v25.7 - https:\/\/yoast.com\/wordpress\/plugins\/seo\/ -->\n<title>Lemongrass Indian Chai Latte \u2013 CHALO - La P&#039;tite Cerise<\/title>\n<meta name=\"robots\" content=\"index, follow, max-snippet:-1, max-image-preview:large, max-video-preview:-1\" \/>\n<link rel=\"canonical\" href=\"https:\/\/la-ptite-cerise.be\/produit\/chai-latte-citronnelle-chalo\/\" \/>\n<meta property=\"og:locale\" content=\"en_US\" \/>\n<meta property=\"og:type\" content=\"article\" \/>\n<meta property=\"og:title\" content=\"Lemongrass Indian Chai Latte \u2013 CHALO - La P&#039;tite Cerise\" \/>\n<meta property=\"og:description\" content=\"Zesty lemongrass meets Indian spices in this refreshing chai blend \u2013 300 g refillable tin.\" \/>\n<meta property=\"og:url\" content=\"https:\/\/la-ptite-cerise.be\/produit\/chai-latte-citronnelle-chalo\/\" \/>\n<meta property=\"og:site_name\" content=\"La P&#039;tite Cerise\" \/>\n<meta property=\"article:publisher\" content=\"https:\/\/www.facebook.com\/laptitecerise\/\" \/>\n<meta property=\"article:modified_time\" content=\"2025-06-19T10:49:24+00:00\" \/>\n<meta property=\"og:image\" content=\"https:\/\/la-ptite-cerise.be\/wp-content\/uploads\/2025\/04\/Chai-Lemongrass-300G-e1745247310995.jpg\" \/>\n\t<meta property=\"og:image:width\" content=\"1200\" \/>\n\t<meta property=\"og:image:height\" content=\"1200\" \/>\n\t<meta property=\"og:image:type\" content=\"image\/jpeg\" \/>\n<meta name=\"twitter:card\" content=\"summary_large_image\" \/>\n<meta name=\"twitter:label1\" content=\"Est. reading time\" \/>\n\t<meta name=\"twitter:data1\" content=\"2 minutes\" \/>\n<script type=\"application\/ld+json\" class=\"yoast-schema-graph\">{\"@context\":\"https:\/\/schema.org\",\"@graph\":[{\"@type\":\"WebPage\",\"@id\":\"https:\/\/la-ptite-cerise.be\/produit\/chai-latte-citronnelle-chalo\/\",\"url\":\"https:\/\/la-ptite-cerise.be\/produit\/chai-latte-citronnelle-chalo\/\",\"name\":\"Lemongrass Indian Chai Latte \u2013 CHALO - La P&#039;tite Cerise\",\"isPartOf\":{\"@id\":\"https:\/\/la-ptite-cerise.be\/#website\"},\"primaryImageOfPage\":{\"@id\":\"https:\/\/la-ptite-cerise.be\/produit\/chai-latte-citronnelle-chalo\/#primaryimage\"},\"image\":{\"@id\":\"https:\/\/la-ptite-cerise.be\/produit\/chai-latte-citronnelle-chalo\/#primaryimage\"},\"thumbnailUrl\":\"https:\/\/la-ptite-cerise.be\/wp-content\/uploads\/2025\/04\/Chai-Lemongrass-300G-e1745247310995.jpg\",\"datePublished\":\"2025-04-21T14:52:54+00:00\",\"dateModified\":\"2025-06-19T10:49:24+00:00\",\"breadcrumb\":{\"@id\":\"https:\/\/la-ptite-cerise.be\/produit\/chai-latte-citronnelle-chalo\/#breadcrumb\"},\"inLanguage\":\"en-US\",\"potentialAction\":[{\"@type\":\"ReadAction\",\"target\":[\"https:\/\/la-ptite-cerise.be\/produit\/chai-latte-citronnelle-chalo\/\"]}]},{\"@type\":\"ImageObject\",\"inLanguage\":\"en-US\",\"@id\":\"https:\/\/la-ptite-cerise.be\/produit\/chai-latte-citronnelle-chalo\/#primaryimage\",\"url\":\"https:\/\/la-ptite-cerise.be\/wp-content\/uploads\/2025\/04\/Chai-Lemongrass-300G-e1745247310995.jpg\",\"contentUrl\":\"https:\/\/la-ptite-cerise.be\/wp-content\/uploads\/2025\/04\/Chai-Lemongrass-300G-e1745247310995.jpg\",\"width\":500,\"height\":500},{\"@type\":\"BreadcrumbList\",\"@id\":\"https:\/\/la-ptite-cerise.be\/produit\/chai-latte-citronnelle-chalo\/#breadcrumb\",\"itemListElement\":[{\"@type\":\"ListItem\",\"position\":1,\"name\":\"Accueil\",\"item\":\"https:\/\/la-ptite-cerise.be\/en\/\"},{\"@type\":\"ListItem\",\"position\":2,\"name\":\"Store\",\"item\":\"https:\/\/la-ptite-cerise.be\/boutique\/\"},{\"@type\":\"ListItem\",\"position\":3,\"name\":\"Lemongrass Indian Chai Latte \u2013 CHALO\"}]},{\"@type\":\"WebSite\",\"@id\":\"https:\/\/la-ptite-cerise.be\/#website\",\"url\":\"https:\/\/la-ptite-cerise.be\/\",\"name\":\"La P'tite Cerise\",\"description\":\"Artisan torr\u00e9facteur de caf\u00e9 de sp\u00e9cialit\u00e9. S\u00e9lection de th\u00e9s &amp; tisanes.\",\"publisher\":{\"@id\":\"https:\/\/la-ptite-cerise.be\/#organization\"},\"potentialAction\":[{\"@type\":\"SearchAction\",\"target\":{\"@type\":\"EntryPoint\",\"urlTemplate\":\"https:\/\/la-ptite-cerise.be\/?s={search_term_string}\"},\"query-input\":{\"@type\":\"PropertyValueSpecification\",\"valueRequired\":true,\"valueName\":\"search_term_string\"}}],\"inLanguage\":\"en-US\"},{\"@type\":\"Organization\",\"@id\":\"https:\/\/la-ptite-cerise.be\/#organization\",\"name\":\"La P'tite Cerise\",\"url\":\"https:\/\/la-ptite-cerise.be\/\",\"logo\":{\"@type\":\"ImageObject\",\"inLanguage\":\"en-US\",\"@id\":\"https:\/\/la-ptite-cerise.be\/#\/schema\/logo\/image\/\",\"url\":\"https:\/\/la-ptite-cerise.be\/wp-content\/uploads\/2020\/10\/logo-header-01.jpg\",\"contentUrl\":\"https:\/\/la-ptite-cerise.be\/wp-content\/uploads\/2020\/10\/logo-header-01.jpg\",\"width\":176,\"height\":100,\"caption\":\"La P'tite Cerise\"},\"image\":{\"@id\":\"https:\/\/la-ptite-cerise.be\/#\/schema\/logo\/image\/\"},\"sameAs\":[\"https:\/\/www.facebook.com\/laptitecerise\/\",\"https:\/\/www.instagram.com\/la.ptite_cerise\/\"]}]}<\/script>\n<!-- \/ Yoast SEO plugin. -->","yoast_head_json":{"title":"Lemongrass Indian Chai Latte \u2013 CHALO - La P&#039;tite Cerise","robots":{"index":"index","follow":"follow","max-snippet":"max-snippet:-1","max-image-preview":"max-image-preview:large","max-video-preview":"max-video-preview:-1"},"canonical":"https:\/\/la-ptite-cerise.be\/produit\/chai-latte-citronnelle-chalo\/","og_locale":"en_US","og_type":"article","og_title":"Lemongrass Indian Chai Latte \u2013 CHALO - La P&#039;tite Cerise","og_description":"Zesty lemongrass meets Indian spices in this refreshing chai blend \u2013 300 g refillable tin.","og_url":"https:\/\/la-ptite-cerise.be\/produit\/chai-latte-citronnelle-chalo\/","og_site_name":"La P&#039;tite Cerise","article_publisher":"https:\/\/www.facebook.com\/laptitecerise\/","article_modified_time":"2025-06-19T10:49:24+00:00","og_image":[{"width":1200,"height":1200,"url":"https:\/\/la-ptite-cerise.be\/wp-content\/uploads\/2025\/04\/Chai-Lemongrass-300G-e1745247310995.jpg","type":"image\/jpeg"}],"twitter_card":"summary_large_image","twitter_misc":{"Est. reading time":"2 minutes"},"schema":{"@context":"https:\/\/schema.org","@graph":[{"@type":"WebPage","@id":"https:\/\/la-ptite-cerise.be\/produit\/chai-latte-citronnelle-chalo\/","url":"https:\/\/la-ptite-cerise.be\/produit\/chai-latte-citronnelle-chalo\/","name":"Lemongrass Indian Chai Latte \u2013 CHALO - La P&#039;tite Cerise","isPartOf":{"@id":"https:\/\/la-ptite-cerise.be\/#website"},"primaryImageOfPage":{"@id":"https:\/\/la-ptite-cerise.be\/produit\/chai-latte-citronnelle-chalo\/#primaryimage"},"image":{"@id":"https:\/\/la-ptite-cerise.be\/produit\/chai-latte-citronnelle-chalo\/#primaryimage"},"thumbnailUrl":"https:\/\/la-ptite-cerise.be\/wp-content\/uploads\/2025\/04\/Chai-Lemongrass-300G-e1745247310995.jpg","datePublished":"2025-04-21T14:52:54+00:00","dateModified":"2025-06-19T10:49:24+00:00","breadcrumb":{"@id":"https:\/\/la-ptite-cerise.be\/produit\/chai-latte-citronnelle-chalo\/#breadcrumb"},"inLanguage":"en-US","potentialAction":[{"@type":"ReadAction","target":["https:\/\/la-ptite-cerise.be\/produit\/chai-latte-citronnelle-chalo\/"]}]},{"@type":"ImageObject","inLanguage":"en-US","@id":"https:\/\/la-ptite-cerise.be\/produit\/chai-latte-citronnelle-chalo\/#primaryimage","url":"https:\/\/la-ptite-cerise.be\/wp-content\/uploads\/2025\/04\/Chai-Lemongrass-300G-e1745247310995.jpg","contentUrl":"https:\/\/la-ptite-cerise.be\/wp-content\/uploads\/2025\/04\/Chai-Lemongrass-300G-e1745247310995.jpg","width":500,"height":500},{"@type":"BreadcrumbList","@id":"https:\/\/la-ptite-cerise.be\/produit\/chai-latte-citronnelle-chalo\/#breadcrumb","itemListElement":[{"@type":"ListItem","position":1,"name":"Accueil","item":"https:\/\/la-ptite-cerise.be\/en\/"},{"@type":"ListItem","position":2,"name":"Store","item":"https:\/\/la-ptite-cerise.be\/boutique\/"},{"@type":"ListItem","position":3,"name":"Lemongrass Indian Chai Latte \u2013 CHALO"}]},{"@type":"WebSite","@id":"https:\/\/la-ptite-cerise.be\/#website","url":"https:\/\/la-ptite-cerise.be\/","name":"La P'tite Cerise","description":"Artisan torr\u00e9facteur de caf\u00e9 de sp\u00e9cialit\u00e9. S\u00e9lection de th\u00e9s &amp; tisanes.","publisher":{"@id":"https:\/\/la-ptite-cerise.be\/#organization"},"potentialAction":[{"@type":"SearchAction","target":{"@type":"EntryPoint","urlTemplate":"https:\/\/la-ptite-cerise.be\/?s={search_term_string}"},"query-input":{"@type":"PropertyValueSpecification","valueRequired":true,"valueName":"search_term_string"}}],"inLanguage":"en-US"},{"@type":"Organization","@id":"https:\/\/la-ptite-cerise.be\/#organization","name":"La P'tite Cerise","url":"https:\/\/la-ptite-cerise.be\/","logo":{"@type":"ImageObject","inLanguage":"en-US","@id":"https:\/\/la-ptite-cerise.be\/#\/schema\/logo\/image\/","url":"https:\/\/la-ptite-cerise.be\/wp-content\/uploads\/2020\/10\/logo-header-01.jpg","contentUrl":"https:\/\/la-ptite-cerise.be\/wp-content\/uploads\/2020\/10\/logo-header-01.jpg","width":176,"height":100,"caption":"La P'tite Cerise"},"image":{"@id":"https:\/\/la-ptite-cerise.be\/#\/schema\/logo\/image\/"},"sameAs":["https:\/\/www.facebook.com\/laptitecerise\/","https:\/\/www.instagram.com\/la.ptite_cerise\/"]}]}},"_links":{"self":[{"href":"https:\/\/la-ptite-cerise.be\/en\/wp-json\/wp\/v2\/product\/13914","targetHints":{"allow":["GET"]}}],"collection":[{"href":"https:\/\/la-ptite-cerise.be\/en\/wp-json\/wp\/v2\/product"}],"about":[{"href":"https:\/\/la-ptite-cerise.be\/en\/wp-json\/wp\/v2\/types\/product"}],"wp:featuredmedia":[{"embeddable":true,"href":"https:\/\/la-ptite-cerise.be\/en\/wp-json\/wp\/v2\/media\/13916"}],"wp:attachment":[{"href":"https:\/\/la-ptite-cerise.be\/en\/wp-json\/wp\/v2\/media?parent=13914"}],"wp:term":[{"taxonomy":"product_brand","embeddable":true,"href":"https:\/\/la-ptite-cerise.be\/en\/wp-json\/wp\/v2\/product_brand?post=13914"},{"taxonomy":"product_cat","embeddable":true,"href":"https:\/\/la-ptite-cerise.be\/en\/wp-json\/wp\/v2\/product_cat?post=13914"},{"taxonomy":"product_tag","embeddable":true,"href":"https:\/\/la-ptite-cerise.be\/en\/wp-json\/wp\/v2\/product_tag?post=13914"}],"curies":[{"name":"wp","href":"https:\/\/api.w.org\/{rel}","templated":true}]}}