{"id":13922,"date":"2025-04-21T17:03:04","date_gmt":"2025-04-21T15:03:04","guid":{"rendered":"https:\/\/la-ptite-cerise.be\/?post_type=product&#038;p=13922"},"modified":"2025-06-19T12:47:45","modified_gmt":"2025-06-19T10:47:45","slug":"lemon-iced-chai-chalo-copie","status":"publish","type":"product","link":"https:\/\/la-ptite-cerise.be\/en\/produit\/lemon-iced-chai-chalo-copie\/","title":{"rendered":"Strawberry Iced Chai \u2013 CHALO"},"content":{"rendered":"<p class=\"\" data-start=\"1643\" data-end=\"1874\"><strong data-start=\"1643\" data-end=\"1676\">A pink twist on Indian spice.<\/strong><br data-start=\"1676\" data-end=\"1679\" \/>Chalo\u2019s Strawberry Iced Chai is a bold fusion of traditional chai spices and sweet strawberry notes. Light, fruity and refreshingly spiced, it\u2019s the perfect drink to cool down with on sunny days.<\/p>\n<p class=\"\" data-start=\"1876\" data-end=\"2021\">This instant powder blend mixes easily with cold water or plant-based milk. It\u2019s vegan, lactose-free and ready in seconds \u2014 no steeping, no fuss.<\/p>\n<p class=\"\" data-start=\"2023\" data-end=\"2120\">All packed into a fun, <strong data-start=\"2046\" data-end=\"2070\">300 g refillable tin<\/strong> that keeps your summer chai fresh and flavourful.<\/p>\n<hr class=\"\" data-start=\"2247\" data-end=\"2250\" \/>\n<h3 class=\"\" data-start=\"2252\" data-end=\"2271\">\ud83c\udf1f Key Features<\/h3>\n<ul data-start=\"2273\" data-end=\"2461\">\n<li class=\"\" data-start=\"2273\" data-end=\"2316\">\n<p class=\"\" data-start=\"2275\" data-end=\"2316\">Unique strawberry + spice flavour combo<\/p>\n<\/li>\n<li class=\"\" data-start=\"2317\" data-end=\"2354\">\n<p class=\"\" data-start=\"2319\" data-end=\"2354\">Mix with cold water or plant milk<\/p>\n<\/li>\n<li class=\"\" data-start=\"2355\" data-end=\"2379\">\n<p class=\"\" data-start=\"2357\" data-end=\"2379\">Vegan &amp; lactose-free<\/p>\n<\/li>\n<li class=\"\" data-start=\"2380\" data-end=\"2404\">\n<p class=\"\" data-start=\"2382\" data-end=\"2404\">300 g refillable tin<\/p>\n<\/li>\n<li class=\"\" data-start=\"2405\" data-end=\"2435\">\n<p class=\"\" data-start=\"2407\" data-end=\"2435\">Perfect for summer sipping<\/p>\n<\/li>\n<li class=\"\" data-start=\"2436\" data-end=\"2461\">\n<p class=\"\" data-start=\"2438\" data-end=\"2461\">No artificial additives<\/p>\n<\/li>\n<\/ul>\n<hr class=\"\" data-start=\"2463\" data-end=\"2466\" \/>\n<h3 class=\"\" data-start=\"2468\" data-end=\"2491\">\ud83c\udf79 Preparation Tips<\/h3>\n<p class=\"\" data-start=\"2493\" data-end=\"2606\">Mix 2 teaspoons (10\u201312 g) with 200 ml of cold water or plant-based milk. Stir, add ice\u2026 and enjoy a fruity chill!<\/p>\n<hr class=\"\" data-start=\"2608\" data-end=\"2611\" \/>\n<h3 class=\"\" data-start=\"2613\" data-end=\"2626\">\ud83d\udce6 Format<\/h3>\n<p class=\"\" data-start=\"2628\" data-end=\"2648\">300 g refillable tin<\/p>\n<hr class=\"\" data-start=\"2650\" data-end=\"2653\" \/>\n<h3 class=\"\" data-start=\"2655\" data-end=\"2673\">\ud83e\uddfe Ingredients<\/h3>\n<p class=\"\" data-start=\"2675\" data-end=\"2769\">Cane sugar, black tea extract (23%), spices (ginger, cinnamon), natural strawberry flavouring.<\/p>\n","protected":false},"excerpt":{"rendered":"<p class=\"\" data-start=\"2153\" data-end=\"2245\">Refreshing iced chai with a fruity strawberry twist. Ready in seconds. 300 g refillable tin.<\/p>\n","protected":false},"featured_media":13924,"template":"","meta":[],"product_brand":[],"product_cat":[144],"product_tag":[],"class_list":{"0":"post-13922","1":"product","2":"type-product","3":"status-publish","4":"has-post-thumbnail","6":"product_cat-cocoa","8":"first","9":"instock","10":"taxable","11":"shipping-taxable","12":"purchasable","13":"product-type-simple"},"yoast_head":"<!-- This site is optimized with the Yoast SEO plugin v25.7 - https:\/\/yoast.com\/wordpress\/plugins\/seo\/ -->\n<title>Strawberry Iced Chai \u2013 CHALO - La P&#039;tite Cerise<\/title>\n<meta name=\"robots\" content=\"index, follow, max-snippet:-1, max-image-preview:large, max-video-preview:-1\" \/>\n<link rel=\"canonical\" href=\"https:\/\/la-ptite-cerise.be\/en\/produit\/lemon-iced-chai-chalo-copie\/\" \/>\n<meta property=\"og:locale\" content=\"en_US\" \/>\n<meta property=\"og:type\" content=\"article\" \/>\n<meta property=\"og:title\" content=\"Strawberry Iced Chai \u2013 CHALO - La P&#039;tite Cerise\" \/>\n<meta property=\"og:description\" content=\"Refreshing iced chai with a fruity strawberry twist. Ready in seconds. 300 g refillable tin.\" \/>\n<meta property=\"og:url\" content=\"https:\/\/la-ptite-cerise.be\/en\/produit\/lemon-iced-chai-chalo-copie\/\" \/>\n<meta property=\"og:site_name\" content=\"La P&#039;tite Cerise\" \/>\n<meta property=\"article:publisher\" content=\"https:\/\/www.facebook.com\/laptitecerise\/\" \/>\n<meta property=\"article:modified_time\" content=\"2025-06-19T10:47:45+00:00\" \/>\n<meta property=\"og:image\" content=\"https:\/\/la-ptite-cerise.be\/wp-content\/uploads\/2025\/04\/Iced-Chai-Strawberry-300G-e1745247892683.jpg\" \/>\n\t<meta property=\"og:image:width\" content=\"1200\" \/>\n\t<meta property=\"og:image:height\" content=\"1200\" \/>\n\t<meta property=\"og:image:type\" content=\"image\/jpeg\" \/>\n<meta name=\"twitter:card\" content=\"summary_large_image\" \/>\n<meta name=\"twitter:label1\" content=\"Est. reading time\" \/>\n\t<meta name=\"twitter:data1\" content=\"1 minute\" \/>\n<script type=\"application\/ld+json\" class=\"yoast-schema-graph\">{\"@context\":\"https:\/\/schema.org\",\"@graph\":[{\"@type\":\"WebPage\",\"@id\":\"https:\/\/la-ptite-cerise.be\/en\/produit\/lemon-iced-chai-chalo-copie\/\",\"url\":\"https:\/\/la-ptite-cerise.be\/en\/produit\/lemon-iced-chai-chalo-copie\/\",\"name\":\"Strawberry Iced Chai \u2013 CHALO - La P&#039;tite Cerise\",\"isPartOf\":{\"@id\":\"https:\/\/la-ptite-cerise.be\/#website\"},\"primaryImageOfPage\":{\"@id\":\"https:\/\/la-ptite-cerise.be\/en\/produit\/lemon-iced-chai-chalo-copie\/#primaryimage\"},\"image\":{\"@id\":\"https:\/\/la-ptite-cerise.be\/en\/produit\/lemon-iced-chai-chalo-copie\/#primaryimage\"},\"thumbnailUrl\":\"https:\/\/la-ptite-cerise.be\/wp-content\/uploads\/2025\/04\/Iced-Chai-Strawberry-300G-e1745247892683.jpg\",\"datePublished\":\"2025-04-21T15:03:04+00:00\",\"dateModified\":\"2025-06-19T10:47:45+00:00\",\"breadcrumb\":{\"@id\":\"https:\/\/la-ptite-cerise.be\/en\/produit\/lemon-iced-chai-chalo-copie\/#breadcrumb\"},\"inLanguage\":\"en-US\",\"potentialAction\":[{\"@type\":\"ReadAction\",\"target\":[\"https:\/\/la-ptite-cerise.be\/en\/produit\/lemon-iced-chai-chalo-copie\/\"]}]},{\"@type\":\"ImageObject\",\"inLanguage\":\"en-US\",\"@id\":\"https:\/\/la-ptite-cerise.be\/en\/produit\/lemon-iced-chai-chalo-copie\/#primaryimage\",\"url\":\"https:\/\/la-ptite-cerise.be\/wp-content\/uploads\/2025\/04\/Iced-Chai-Strawberry-300G-e1745247892683.jpg\",\"contentUrl\":\"https:\/\/la-ptite-cerise.be\/wp-content\/uploads\/2025\/04\/Iced-Chai-Strawberry-300G-e1745247892683.jpg\",\"width\":500,\"height\":500},{\"@type\":\"BreadcrumbList\",\"@id\":\"https:\/\/la-ptite-cerise.be\/en\/produit\/lemon-iced-chai-chalo-copie\/#breadcrumb\",\"itemListElement\":[{\"@type\":\"ListItem\",\"position\":1,\"name\":\"Accueil\",\"item\":\"https:\/\/la-ptite-cerise.be\/en\/\"},{\"@type\":\"ListItem\",\"position\":2,\"name\":\"Store\",\"item\":\"https:\/\/la-ptite-cerise.be\/boutique\/\"},{\"@type\":\"ListItem\",\"position\":3,\"name\":\"Strawberry Iced Chai \u2013 CHALO\"}]},{\"@type\":\"WebSite\",\"@id\":\"https:\/\/la-ptite-cerise.be\/#website\",\"url\":\"https:\/\/la-ptite-cerise.be\/\",\"name\":\"La P'tite Cerise\",\"description\":\"Artisan torr\u00e9facteur de caf\u00e9 de sp\u00e9cialit\u00e9. S\u00e9lection de th\u00e9s &amp; tisanes.\",\"publisher\":{\"@id\":\"https:\/\/la-ptite-cerise.be\/#organization\"},\"potentialAction\":[{\"@type\":\"SearchAction\",\"target\":{\"@type\":\"EntryPoint\",\"urlTemplate\":\"https:\/\/la-ptite-cerise.be\/?s={search_term_string}\"},\"query-input\":{\"@type\":\"PropertyValueSpecification\",\"valueRequired\":true,\"valueName\":\"search_term_string\"}}],\"inLanguage\":\"en-US\"},{\"@type\":\"Organization\",\"@id\":\"https:\/\/la-ptite-cerise.be\/#organization\",\"name\":\"La P'tite Cerise\",\"url\":\"https:\/\/la-ptite-cerise.be\/\",\"logo\":{\"@type\":\"ImageObject\",\"inLanguage\":\"en-US\",\"@id\":\"https:\/\/la-ptite-cerise.be\/#\/schema\/logo\/image\/\",\"url\":\"https:\/\/la-ptite-cerise.be\/wp-content\/uploads\/2020\/10\/logo-header-01.jpg\",\"contentUrl\":\"https:\/\/la-ptite-cerise.be\/wp-content\/uploads\/2020\/10\/logo-header-01.jpg\",\"width\":176,\"height\":100,\"caption\":\"La P'tite Cerise\"},\"image\":{\"@id\":\"https:\/\/la-ptite-cerise.be\/#\/schema\/logo\/image\/\"},\"sameAs\":[\"https:\/\/www.facebook.com\/laptitecerise\/\",\"https:\/\/www.instagram.com\/la.ptite_cerise\/\"]}]}<\/script>\n<!-- \/ Yoast SEO plugin. -->","yoast_head_json":{"title":"Strawberry Iced Chai \u2013 CHALO - La P&#039;tite Cerise","robots":{"index":"index","follow":"follow","max-snippet":"max-snippet:-1","max-image-preview":"max-image-preview:large","max-video-preview":"max-video-preview:-1"},"canonical":"https:\/\/la-ptite-cerise.be\/en\/produit\/lemon-iced-chai-chalo-copie\/","og_locale":"en_US","og_type":"article","og_title":"Strawberry Iced Chai \u2013 CHALO - La P&#039;tite Cerise","og_description":"Refreshing iced chai with a fruity strawberry twist. Ready in seconds. 300 g refillable tin.","og_url":"https:\/\/la-ptite-cerise.be\/en\/produit\/lemon-iced-chai-chalo-copie\/","og_site_name":"La P&#039;tite Cerise","article_publisher":"https:\/\/www.facebook.com\/laptitecerise\/","article_modified_time":"2025-06-19T10:47:45+00:00","og_image":[{"width":1200,"height":1200,"url":"https:\/\/la-ptite-cerise.be\/wp-content\/uploads\/2025\/04\/Iced-Chai-Strawberry-300G-e1745247892683.jpg","type":"image\/jpeg"}],"twitter_card":"summary_large_image","twitter_misc":{"Est. reading time":"1 minute"},"schema":{"@context":"https:\/\/schema.org","@graph":[{"@type":"WebPage","@id":"https:\/\/la-ptite-cerise.be\/en\/produit\/lemon-iced-chai-chalo-copie\/","url":"https:\/\/la-ptite-cerise.be\/en\/produit\/lemon-iced-chai-chalo-copie\/","name":"Strawberry Iced Chai \u2013 CHALO - La P&#039;tite Cerise","isPartOf":{"@id":"https:\/\/la-ptite-cerise.be\/#website"},"primaryImageOfPage":{"@id":"https:\/\/la-ptite-cerise.be\/en\/produit\/lemon-iced-chai-chalo-copie\/#primaryimage"},"image":{"@id":"https:\/\/la-ptite-cerise.be\/en\/produit\/lemon-iced-chai-chalo-copie\/#primaryimage"},"thumbnailUrl":"https:\/\/la-ptite-cerise.be\/wp-content\/uploads\/2025\/04\/Iced-Chai-Strawberry-300G-e1745247892683.jpg","datePublished":"2025-04-21T15:03:04+00:00","dateModified":"2025-06-19T10:47:45+00:00","breadcrumb":{"@id":"https:\/\/la-ptite-cerise.be\/en\/produit\/lemon-iced-chai-chalo-copie\/#breadcrumb"},"inLanguage":"en-US","potentialAction":[{"@type":"ReadAction","target":["https:\/\/la-ptite-cerise.be\/en\/produit\/lemon-iced-chai-chalo-copie\/"]}]},{"@type":"ImageObject","inLanguage":"en-US","@id":"https:\/\/la-ptite-cerise.be\/en\/produit\/lemon-iced-chai-chalo-copie\/#primaryimage","url":"https:\/\/la-ptite-cerise.be\/wp-content\/uploads\/2025\/04\/Iced-Chai-Strawberry-300G-e1745247892683.jpg","contentUrl":"https:\/\/la-ptite-cerise.be\/wp-content\/uploads\/2025\/04\/Iced-Chai-Strawberry-300G-e1745247892683.jpg","width":500,"height":500},{"@type":"BreadcrumbList","@id":"https:\/\/la-ptite-cerise.be\/en\/produit\/lemon-iced-chai-chalo-copie\/#breadcrumb","itemListElement":[{"@type":"ListItem","position":1,"name":"Accueil","item":"https:\/\/la-ptite-cerise.be\/en\/"},{"@type":"ListItem","position":2,"name":"Store","item":"https:\/\/la-ptite-cerise.be\/boutique\/"},{"@type":"ListItem","position":3,"name":"Strawberry Iced Chai \u2013 CHALO"}]},{"@type":"WebSite","@id":"https:\/\/la-ptite-cerise.be\/#website","url":"https:\/\/la-ptite-cerise.be\/","name":"La P'tite Cerise","description":"Artisan torr\u00e9facteur de caf\u00e9 de sp\u00e9cialit\u00e9. S\u00e9lection de th\u00e9s &amp; tisanes.","publisher":{"@id":"https:\/\/la-ptite-cerise.be\/#organization"},"potentialAction":[{"@type":"SearchAction","target":{"@type":"EntryPoint","urlTemplate":"https:\/\/la-ptite-cerise.be\/?s={search_term_string}"},"query-input":{"@type":"PropertyValueSpecification","valueRequired":true,"valueName":"search_term_string"}}],"inLanguage":"en-US"},{"@type":"Organization","@id":"https:\/\/la-ptite-cerise.be\/#organization","name":"La P'tite Cerise","url":"https:\/\/la-ptite-cerise.be\/","logo":{"@type":"ImageObject","inLanguage":"en-US","@id":"https:\/\/la-ptite-cerise.be\/#\/schema\/logo\/image\/","url":"https:\/\/la-ptite-cerise.be\/wp-content\/uploads\/2020\/10\/logo-header-01.jpg","contentUrl":"https:\/\/la-ptite-cerise.be\/wp-content\/uploads\/2020\/10\/logo-header-01.jpg","width":176,"height":100,"caption":"La P'tite Cerise"},"image":{"@id":"https:\/\/la-ptite-cerise.be\/#\/schema\/logo\/image\/"},"sameAs":["https:\/\/www.facebook.com\/laptitecerise\/","https:\/\/www.instagram.com\/la.ptite_cerise\/"]}]}},"_links":{"self":[{"href":"https:\/\/la-ptite-cerise.be\/en\/wp-json\/wp\/v2\/product\/13922","targetHints":{"allow":["GET"]}}],"collection":[{"href":"https:\/\/la-ptite-cerise.be\/en\/wp-json\/wp\/v2\/product"}],"about":[{"href":"https:\/\/la-ptite-cerise.be\/en\/wp-json\/wp\/v2\/types\/product"}],"wp:featuredmedia":[{"embeddable":true,"href":"https:\/\/la-ptite-cerise.be\/en\/wp-json\/wp\/v2\/media\/13924"}],"wp:attachment":[{"href":"https:\/\/la-ptite-cerise.be\/en\/wp-json\/wp\/v2\/media?parent=13922"}],"wp:term":[{"taxonomy":"product_brand","embeddable":true,"href":"https:\/\/la-ptite-cerise.be\/en\/wp-json\/wp\/v2\/product_brand?post=13922"},{"taxonomy":"product_cat","embeddable":true,"href":"https:\/\/la-ptite-cerise.be\/en\/wp-json\/wp\/v2\/product_cat?post=13922"},{"taxonomy":"product_tag","embeddable":true,"href":"https:\/\/la-ptite-cerise.be\/en\/wp-json\/wp\/v2\/product_tag?post=13922"}],"curies":[{"name":"wp","href":"https:\/\/api.w.org\/{rel}","templated":true}]}}