{"id":13926,"date":"2025-04-21T17:07:32","date_gmt":"2025-04-21T15:07:33","guid":{"rendered":"https:\/\/la-ptite-cerise.be\/?post_type=product&#038;p=13926"},"modified":"2025-06-19T12:46:48","modified_gmt":"2025-06-19T10:46:48","slug":"strawberry-iced-chai-chalo-copie","status":"publish","type":"product","link":"https:\/\/la-ptite-cerise.be\/en\/produit\/strawberry-iced-chai-chalo-copie\/","title":{"rendered":"Blueberry Iced Chai \u2013 CHALO"},"content":{"rendered":"<p class=\"\" data-start=\"1681\" data-end=\"1900\"><strong data-start=\"1681\" data-end=\"1720\">Spice meets berry in a chill glass.<\/strong><br data-start=\"1720\" data-end=\"1723\" \/>Looking for a cool, fruity twist on traditional chai? Chalo\u2019s Blueberry Iced Chai blends aromatic Indian spices with juicy blueberry notes for a refreshing drink with character.<\/p>\n<p class=\"\" data-start=\"1902\" data-end=\"2160\">This instant mix is vegan, lactose-free and super easy to prepare \u2014 just add cold water or plant-based milk, stir, and enjoy. Whether it\u2019s a hot afternoon or you\u2019re just in the mood for something new, it\u2019s your go-to for fruity refreshment with a spicy edge.<\/p>\n<p class=\"\" data-start=\"2162\" data-end=\"2234\">Packed in a cheerful <strong data-start=\"2183\" data-end=\"2207\">300 g refillable tin<\/strong>, ideal for summer sipping.<\/p>\n<hr class=\"\" data-start=\"2364\" data-end=\"2367\" \/>\n<h3 class=\"\" data-start=\"2369\" data-end=\"2388\">\ud83c\udf1f Key Features<\/h3>\n<ul data-start=\"2390\" data-end=\"2573\">\n<li class=\"\" data-start=\"2390\" data-end=\"2424\">\n<p class=\"\" data-start=\"2392\" data-end=\"2424\">Fruity blueberry + spice blend<\/p>\n<\/li>\n<li class=\"\" data-start=\"2425\" data-end=\"2462\">\n<p class=\"\" data-start=\"2427\" data-end=\"2462\">Mix with cold water or plant milk<\/p>\n<\/li>\n<li class=\"\" data-start=\"2463\" data-end=\"2487\">\n<p class=\"\" data-start=\"2465\" data-end=\"2487\">Vegan &amp; lactose-free<\/p>\n<\/li>\n<li class=\"\" data-start=\"2488\" data-end=\"2512\">\n<p class=\"\" data-start=\"2490\" data-end=\"2512\">300 g refillable tin<\/p>\n<\/li>\n<li class=\"\" data-start=\"2513\" data-end=\"2547\">\n<p class=\"\" data-start=\"2515\" data-end=\"2547\">Refreshing and easy to prepare<\/p>\n<\/li>\n<li class=\"\" data-start=\"2548\" data-end=\"2573\">\n<p class=\"\" data-start=\"2550\" data-end=\"2573\">No artificial additives<\/p>\n<\/li>\n<\/ul>\n<hr class=\"\" data-start=\"2575\" data-end=\"2578\" \/>\n<h3 class=\"\" data-start=\"2580\" data-end=\"2603\">\ud83c\udf79 Preparation Tips<\/h3>\n<p class=\"\" data-start=\"2605\" data-end=\"2721\">Mix 2 teaspoons (10\u201312 g) with 200 ml of cold water or plant-based milk. Stir, add ice, enjoy your cool chai moment!<\/p>\n<hr class=\"\" data-start=\"2723\" data-end=\"2726\" \/>\n<h3 class=\"\" data-start=\"2728\" data-end=\"2741\">\ud83d\udce6 Format<\/h3>\n<p class=\"\" data-start=\"2743\" data-end=\"2763\">300 g refillable tin<\/p>\n<hr class=\"\" data-start=\"2765\" data-end=\"2768\" \/>\n<h3 class=\"\" data-start=\"2770\" data-end=\"2788\">\ud83e\uddfe Ingredients<\/h3>\n<p class=\"\" data-start=\"2790\" data-end=\"2883\">Cane sugar, black tea extract (23%), spices (ginger, cinnamon), natural blueberry flavouring.<\/p>\n","protected":false},"excerpt":{"rendered":"<p class=\"\" data-start=\"2153\" data-end=\"2245\">A chilled chai with blueberry vibes \u2013 fruity, spicy and ready in seconds. 300 g refillable tin.<\/p>\n","protected":false},"featured_media":13928,"template":"","meta":[],"product_brand":[],"product_cat":[144],"product_tag":[],"class_list":{"0":"post-13926","1":"product","2":"type-product","3":"status-publish","4":"has-post-thumbnail","6":"product_cat-cocoa","8":"first","9":"instock","10":"taxable","11":"shipping-taxable","12":"purchasable","13":"product-type-simple"},"yoast_head":"<!-- This site is optimized with the Yoast SEO plugin v25.7 - https:\/\/yoast.com\/wordpress\/plugins\/seo\/ -->\n<title>Blueberry Iced Chai \u2013 CHALO - La P&#039;tite Cerise<\/title>\n<meta name=\"robots\" content=\"index, follow, max-snippet:-1, max-image-preview:large, max-video-preview:-1\" \/>\n<link rel=\"canonical\" href=\"https:\/\/la-ptite-cerise.be\/en\/produit\/strawberry-iced-chai-chalo-copie\/\" \/>\n<meta property=\"og:locale\" content=\"en_US\" \/>\n<meta property=\"og:type\" content=\"article\" \/>\n<meta property=\"og:title\" content=\"Blueberry Iced Chai \u2013 CHALO - La P&#039;tite Cerise\" \/>\n<meta property=\"og:description\" content=\"A chilled chai with blueberry vibes \u2013 fruity, spicy and ready in seconds. 300 g refillable tin.\" \/>\n<meta property=\"og:url\" content=\"https:\/\/la-ptite-cerise.be\/en\/produit\/strawberry-iced-chai-chalo-copie\/\" \/>\n<meta property=\"og:site_name\" content=\"La P&#039;tite Cerise\" \/>\n<meta property=\"article:publisher\" content=\"https:\/\/www.facebook.com\/laptitecerise\/\" \/>\n<meta property=\"article:modified_time\" content=\"2025-06-19T10:46:48+00:00\" \/>\n<meta property=\"og:image\" content=\"https:\/\/la-ptite-cerise.be\/wp-content\/uploads\/2025\/04\/Iced-Chai-Blueberry-300G-e1745248164350.jpg\" \/>\n\t<meta property=\"og:image:width\" content=\"1200\" \/>\n\t<meta property=\"og:image:height\" content=\"1200\" \/>\n\t<meta property=\"og:image:type\" content=\"image\/jpeg\" \/>\n<meta name=\"twitter:card\" content=\"summary_large_image\" \/>\n<meta name=\"twitter:label1\" content=\"Est. reading time\" \/>\n\t<meta name=\"twitter:data1\" content=\"2 minutes\" \/>\n<script type=\"application\/ld+json\" class=\"yoast-schema-graph\">{\"@context\":\"https:\/\/schema.org\",\"@graph\":[{\"@type\":\"WebPage\",\"@id\":\"https:\/\/la-ptite-cerise.be\/en\/produit\/strawberry-iced-chai-chalo-copie\/\",\"url\":\"https:\/\/la-ptite-cerise.be\/en\/produit\/strawberry-iced-chai-chalo-copie\/\",\"name\":\"Blueberry Iced Chai \u2013 CHALO - La P&#039;tite Cerise\",\"isPartOf\":{\"@id\":\"https:\/\/la-ptite-cerise.be\/#website\"},\"primaryImageOfPage\":{\"@id\":\"https:\/\/la-ptite-cerise.be\/en\/produit\/strawberry-iced-chai-chalo-copie\/#primaryimage\"},\"image\":{\"@id\":\"https:\/\/la-ptite-cerise.be\/en\/produit\/strawberry-iced-chai-chalo-copie\/#primaryimage\"},\"thumbnailUrl\":\"https:\/\/la-ptite-cerise.be\/wp-content\/uploads\/2025\/04\/Iced-Chai-Blueberry-300G-e1745248164350.jpg\",\"datePublished\":\"2025-04-21T15:07:33+00:00\",\"dateModified\":\"2025-06-19T10:46:48+00:00\",\"breadcrumb\":{\"@id\":\"https:\/\/la-ptite-cerise.be\/en\/produit\/strawberry-iced-chai-chalo-copie\/#breadcrumb\"},\"inLanguage\":\"en-US\",\"potentialAction\":[{\"@type\":\"ReadAction\",\"target\":[\"https:\/\/la-ptite-cerise.be\/en\/produit\/strawberry-iced-chai-chalo-copie\/\"]}]},{\"@type\":\"ImageObject\",\"inLanguage\":\"en-US\",\"@id\":\"https:\/\/la-ptite-cerise.be\/en\/produit\/strawberry-iced-chai-chalo-copie\/#primaryimage\",\"url\":\"https:\/\/la-ptite-cerise.be\/wp-content\/uploads\/2025\/04\/Iced-Chai-Blueberry-300G-e1745248164350.jpg\",\"contentUrl\":\"https:\/\/la-ptite-cerise.be\/wp-content\/uploads\/2025\/04\/Iced-Chai-Blueberry-300G-e1745248164350.jpg\",\"width\":500,\"height\":500},{\"@type\":\"BreadcrumbList\",\"@id\":\"https:\/\/la-ptite-cerise.be\/en\/produit\/strawberry-iced-chai-chalo-copie\/#breadcrumb\",\"itemListElement\":[{\"@type\":\"ListItem\",\"position\":1,\"name\":\"Accueil\",\"item\":\"https:\/\/la-ptite-cerise.be\/en\/\"},{\"@type\":\"ListItem\",\"position\":2,\"name\":\"Store\",\"item\":\"https:\/\/la-ptite-cerise.be\/boutique\/\"},{\"@type\":\"ListItem\",\"position\":3,\"name\":\"Blueberry Iced Chai \u2013 CHALO\"}]},{\"@type\":\"WebSite\",\"@id\":\"https:\/\/la-ptite-cerise.be\/#website\",\"url\":\"https:\/\/la-ptite-cerise.be\/\",\"name\":\"La P'tite Cerise\",\"description\":\"Artisan torr\u00e9facteur de caf\u00e9 de sp\u00e9cialit\u00e9. S\u00e9lection de th\u00e9s &amp; tisanes.\",\"publisher\":{\"@id\":\"https:\/\/la-ptite-cerise.be\/#organization\"},\"potentialAction\":[{\"@type\":\"SearchAction\",\"target\":{\"@type\":\"EntryPoint\",\"urlTemplate\":\"https:\/\/la-ptite-cerise.be\/?s={search_term_string}\"},\"query-input\":{\"@type\":\"PropertyValueSpecification\",\"valueRequired\":true,\"valueName\":\"search_term_string\"}}],\"inLanguage\":\"en-US\"},{\"@type\":\"Organization\",\"@id\":\"https:\/\/la-ptite-cerise.be\/#organization\",\"name\":\"La P'tite Cerise\",\"url\":\"https:\/\/la-ptite-cerise.be\/\",\"logo\":{\"@type\":\"ImageObject\",\"inLanguage\":\"en-US\",\"@id\":\"https:\/\/la-ptite-cerise.be\/#\/schema\/logo\/image\/\",\"url\":\"https:\/\/la-ptite-cerise.be\/wp-content\/uploads\/2020\/10\/logo-header-01.jpg\",\"contentUrl\":\"https:\/\/la-ptite-cerise.be\/wp-content\/uploads\/2020\/10\/logo-header-01.jpg\",\"width\":176,\"height\":100,\"caption\":\"La P'tite Cerise\"},\"image\":{\"@id\":\"https:\/\/la-ptite-cerise.be\/#\/schema\/logo\/image\/\"},\"sameAs\":[\"https:\/\/www.facebook.com\/laptitecerise\/\",\"https:\/\/www.instagram.com\/la.ptite_cerise\/\"]}]}<\/script>\n<!-- \/ Yoast SEO plugin. -->","yoast_head_json":{"title":"Blueberry Iced Chai \u2013 CHALO - La P&#039;tite Cerise","robots":{"index":"index","follow":"follow","max-snippet":"max-snippet:-1","max-image-preview":"max-image-preview:large","max-video-preview":"max-video-preview:-1"},"canonical":"https:\/\/la-ptite-cerise.be\/en\/produit\/strawberry-iced-chai-chalo-copie\/","og_locale":"en_US","og_type":"article","og_title":"Blueberry Iced Chai \u2013 CHALO - La P&#039;tite Cerise","og_description":"A chilled chai with blueberry vibes \u2013 fruity, spicy and ready in seconds. 300 g refillable tin.","og_url":"https:\/\/la-ptite-cerise.be\/en\/produit\/strawberry-iced-chai-chalo-copie\/","og_site_name":"La P&#039;tite Cerise","article_publisher":"https:\/\/www.facebook.com\/laptitecerise\/","article_modified_time":"2025-06-19T10:46:48+00:00","og_image":[{"width":1200,"height":1200,"url":"https:\/\/la-ptite-cerise.be\/wp-content\/uploads\/2025\/04\/Iced-Chai-Blueberry-300G-e1745248164350.jpg","type":"image\/jpeg"}],"twitter_card":"summary_large_image","twitter_misc":{"Est. reading time":"2 minutes"},"schema":{"@context":"https:\/\/schema.org","@graph":[{"@type":"WebPage","@id":"https:\/\/la-ptite-cerise.be\/en\/produit\/strawberry-iced-chai-chalo-copie\/","url":"https:\/\/la-ptite-cerise.be\/en\/produit\/strawberry-iced-chai-chalo-copie\/","name":"Blueberry Iced Chai \u2013 CHALO - La P&#039;tite Cerise","isPartOf":{"@id":"https:\/\/la-ptite-cerise.be\/#website"},"primaryImageOfPage":{"@id":"https:\/\/la-ptite-cerise.be\/en\/produit\/strawberry-iced-chai-chalo-copie\/#primaryimage"},"image":{"@id":"https:\/\/la-ptite-cerise.be\/en\/produit\/strawberry-iced-chai-chalo-copie\/#primaryimage"},"thumbnailUrl":"https:\/\/la-ptite-cerise.be\/wp-content\/uploads\/2025\/04\/Iced-Chai-Blueberry-300G-e1745248164350.jpg","datePublished":"2025-04-21T15:07:33+00:00","dateModified":"2025-06-19T10:46:48+00:00","breadcrumb":{"@id":"https:\/\/la-ptite-cerise.be\/en\/produit\/strawberry-iced-chai-chalo-copie\/#breadcrumb"},"inLanguage":"en-US","potentialAction":[{"@type":"ReadAction","target":["https:\/\/la-ptite-cerise.be\/en\/produit\/strawberry-iced-chai-chalo-copie\/"]}]},{"@type":"ImageObject","inLanguage":"en-US","@id":"https:\/\/la-ptite-cerise.be\/en\/produit\/strawberry-iced-chai-chalo-copie\/#primaryimage","url":"https:\/\/la-ptite-cerise.be\/wp-content\/uploads\/2025\/04\/Iced-Chai-Blueberry-300G-e1745248164350.jpg","contentUrl":"https:\/\/la-ptite-cerise.be\/wp-content\/uploads\/2025\/04\/Iced-Chai-Blueberry-300G-e1745248164350.jpg","width":500,"height":500},{"@type":"BreadcrumbList","@id":"https:\/\/la-ptite-cerise.be\/en\/produit\/strawberry-iced-chai-chalo-copie\/#breadcrumb","itemListElement":[{"@type":"ListItem","position":1,"name":"Accueil","item":"https:\/\/la-ptite-cerise.be\/en\/"},{"@type":"ListItem","position":2,"name":"Store","item":"https:\/\/la-ptite-cerise.be\/boutique\/"},{"@type":"ListItem","position":3,"name":"Blueberry Iced Chai \u2013 CHALO"}]},{"@type":"WebSite","@id":"https:\/\/la-ptite-cerise.be\/#website","url":"https:\/\/la-ptite-cerise.be\/","name":"La P'tite Cerise","description":"Artisan torr\u00e9facteur de caf\u00e9 de sp\u00e9cialit\u00e9. S\u00e9lection de th\u00e9s &amp; tisanes.","publisher":{"@id":"https:\/\/la-ptite-cerise.be\/#organization"},"potentialAction":[{"@type":"SearchAction","target":{"@type":"EntryPoint","urlTemplate":"https:\/\/la-ptite-cerise.be\/?s={search_term_string}"},"query-input":{"@type":"PropertyValueSpecification","valueRequired":true,"valueName":"search_term_string"}}],"inLanguage":"en-US"},{"@type":"Organization","@id":"https:\/\/la-ptite-cerise.be\/#organization","name":"La P'tite Cerise","url":"https:\/\/la-ptite-cerise.be\/","logo":{"@type":"ImageObject","inLanguage":"en-US","@id":"https:\/\/la-ptite-cerise.be\/#\/schema\/logo\/image\/","url":"https:\/\/la-ptite-cerise.be\/wp-content\/uploads\/2020\/10\/logo-header-01.jpg","contentUrl":"https:\/\/la-ptite-cerise.be\/wp-content\/uploads\/2020\/10\/logo-header-01.jpg","width":176,"height":100,"caption":"La P'tite Cerise"},"image":{"@id":"https:\/\/la-ptite-cerise.be\/#\/schema\/logo\/image\/"},"sameAs":["https:\/\/www.facebook.com\/laptitecerise\/","https:\/\/www.instagram.com\/la.ptite_cerise\/"]}]}},"_links":{"self":[{"href":"https:\/\/la-ptite-cerise.be\/en\/wp-json\/wp\/v2\/product\/13926","targetHints":{"allow":["GET"]}}],"collection":[{"href":"https:\/\/la-ptite-cerise.be\/en\/wp-json\/wp\/v2\/product"}],"about":[{"href":"https:\/\/la-ptite-cerise.be\/en\/wp-json\/wp\/v2\/types\/product"}],"wp:featuredmedia":[{"embeddable":true,"href":"https:\/\/la-ptite-cerise.be\/en\/wp-json\/wp\/v2\/media\/13928"}],"wp:attachment":[{"href":"https:\/\/la-ptite-cerise.be\/en\/wp-json\/wp\/v2\/media?parent=13926"}],"wp:term":[{"taxonomy":"product_brand","embeddable":true,"href":"https:\/\/la-ptite-cerise.be\/en\/wp-json\/wp\/v2\/product_brand?post=13926"},{"taxonomy":"product_cat","embeddable":true,"href":"https:\/\/la-ptite-cerise.be\/en\/wp-json\/wp\/v2\/product_cat?post=13926"},{"taxonomy":"product_tag","embeddable":true,"href":"https:\/\/la-ptite-cerise.be\/en\/wp-json\/wp\/v2\/product_tag?post=13926"}],"curies":[{"name":"wp","href":"https:\/\/api.w.org\/{rel}","templated":true}]}}