{"id":13963,"date":"2021-11-24T16:14:38","date_gmt":"2021-11-24T15:14:38","guid":{"rendered":"https:\/\/la-ptite-cerise.be\/produit\/boite-de-conservation-250g-500g-airscape-acier-inoxydable\/"},"modified":"2021-11-24T16:14:38","modified_gmt":"2021-11-24T15:14:38","slug":"boite-de-conservation-250g-500g-airscape-acier-inoxydable","status":"publish","type":"product","link":"https:\/\/la-ptite-cerise.be\/en\/produit\/boite-de-conservation-250g-500g-airscape-acier-inoxydable\/","title":{"rendered":"Bo\u00eete de conservation 250g-500g Airscape \u2013 Acier inoxydable"},"content":{"rendered":"<p class=\"\" data-start=\"3249\" data-end=\"3634\">Preserve the aroma and freshness of your coffee from the very first day with the patented Airscape\u00ae technology. Crafted from durable stainless steel, this airtight container actively removes air to protect your coffee beans, ground coffee, or other dry goods (tea, cocoa, spices\u2026). Its sleek, robust design, available in various elegant colours, fits seamlessly into any kitchen decor.<\/p>\n<p class=\"\" data-start=\"3636\" data-end=\"3896\">The Airscape container features an inner plunger lid that pushes out excess air with each close, reducing oxidation. Unlike traditional airtight containers that merely lock in air, Airscape evacuates it, significantly extending the shelf life of your products.<\/p>\n<p class=\"\" data-start=\"3898\" data-end=\"4001\">Perfect for storing coffee, tea, sugar, cocoa, or flour, this container is both stylish and functional.<\/p>\n<hr class=\"\" data-start=\"4003\" data-end=\"4006\" \/>\n<h3 class=\"\" data-start=\"4008\" data-end=\"4034\"><strong data-start=\"4012\" data-end=\"4032\">Available sizes:<\/strong><\/h3>\n<ul data-start=\"4035\" data-end=\"4209\">\n<li class=\"\" data-start=\"4035\" data-end=\"4094\">\n<p class=\"\" data-start=\"4037\" data-end=\"4094\"><strong data-start=\"4037\" data-end=\"4046\">250 g<\/strong> (approximate capacity for whole coffee beans)<\/p>\n<\/li>\n<li class=\"\" data-start=\"4095\" data-end=\"4209\">\n<p class=\"\" data-start=\"4097\" data-end=\"4209\"><strong data-start=\"4097\" data-end=\"4106\">500 g<\/strong> (approximate capacity for whole coffee beans)<br data-start=\"4152\" data-end=\"4155\" \/><em data-start=\"4155\" data-end=\"4209\">Capacities may vary depending on the product stored.<\/em><\/p>\n<\/li>\n<\/ul>\n<hr class=\"\" data-start=\"4211\" data-end=\"4214\" \/>\n<h3 class=\"\" data-start=\"4216\" data-end=\"4239\"><strong data-start=\"4220\" data-end=\"4237\">Key features:<\/strong><\/h3>\n<ul data-start=\"4240\" data-end=\"4587\">\n<li class=\"\" data-start=\"4240\" data-end=\"4291\">\n<p class=\"\" data-start=\"4242\" data-end=\"4291\">Patented Airscape\u00ae technology expels excess air<\/p>\n<\/li>\n<li class=\"\" data-start=\"4292\" data-end=\"4343\">\n<p class=\"\" data-start=\"4294\" data-end=\"4343\">Made from durable, long-lasting stainless steel<\/p>\n<\/li>\n<li class=\"\" data-start=\"4344\" data-end=\"4388\">\n<p class=\"\" data-start=\"4346\" data-end=\"4388\">Protects flavours and prolongs freshness<\/p>\n<\/li>\n<li class=\"\" data-start=\"4389\" data-end=\"4429\">\n<p class=\"\" data-start=\"4391\" data-end=\"4429\">Available in various elegant colours<\/p>\n<\/li>\n<li class=\"\" data-start=\"4430\" data-end=\"4483\">\n<p class=\"\" data-start=\"4432\" data-end=\"4483\">Suitable for coffee, tea, cocoa, spices, and more<\/p>\n<\/li>\n<li class=\"\" data-start=\"4484\" data-end=\"4506\">\n<p class=\"\" data-start=\"4486\" data-end=\"4506\">BPA-free inner lid<\/p>\n<\/li>\n<li class=\"\" data-start=\"4507\" data-end=\"4554\">\n<p class=\"\" data-start=\"4509\" data-end=\"4554\">Hand wash recommended (not dishwasher safe)<\/p>\n<\/li>\n<li class=\"\" data-start=\"4555\" data-end=\"4587\">\n<p class=\"\" data-start=\"4557\" data-end=\"4587\">5-year manufacturer warranty<\/p>\n<\/li>\n<\/ul>\n<hr class=\"\" data-start=\"4589\" data-end=\"4592\" \/>\n<h3 class=\"\" data-start=\"4594\" data-end=\"4615\"><strong data-start=\"4598\" data-end=\"4613\">Usage tips:<\/strong><\/h3>\n<ol data-start=\"4616\" data-end=\"4874\">\n<li class=\"\" data-start=\"4616\" data-end=\"4671\">\n<p class=\"\" data-start=\"4619\" data-end=\"4671\">Fill the container with coffee or other dry goods.<\/p>\n<\/li>\n<li class=\"\" data-start=\"4672\" data-end=\"4730\">\n<p class=\"\" data-start=\"4675\" data-end=\"4730\">Insert the plunger lid until it touches the contents.<\/p>\n<\/li>\n<li class=\"\" data-start=\"4731\" data-end=\"4795\">\n<p class=\"\" data-start=\"4734\" data-end=\"4795\">Press gently to expel the air, then close with the top lid.<\/p>\n<\/li>\n<li class=\"\" data-start=\"4796\" data-end=\"4874\">\n<p class=\"\" data-start=\"4799\" data-end=\"4874\">Store in a cool, dry place away from direct sunlight for optimal freshness.<\/p>\n<\/li>\n<\/ol>\n","protected":false},"excerpt":{"rendered":"<p>Keep your coffee fresher for longer with the Airscape stainless steel storage container. A must-have for coffee lovers who care about quality.<\/p>\n","protected":false},"featured_media":9081,"template":"","meta":[],"product_brand":[],"product_cat":[185],"product_tag":[],"class_list":{"0":"post-13963","1":"product","2":"type-product","3":"status-publish","4":"has-post-thumbnail","6":"product_cat-airscape-en","8":"first","9":"instock","10":"taxable","11":"shipping-taxable","12":"purchasable","13":"product-type-variable"},"yoast_head":"<!-- This site is optimized with the Yoast SEO plugin v25.7 - https:\/\/yoast.com\/wordpress\/plugins\/seo\/ -->\n<title>Bo\u00eete de conservation 250g-500g Airscape \u2013 Acier inoxydable - La P&#039;tite Cerise<\/title>\n<meta name=\"robots\" content=\"index, follow, max-snippet:-1, max-image-preview:large, max-video-preview:-1\" \/>\n<link rel=\"canonical\" href=\"https:\/\/la-ptite-cerise.be\/produit\/boite-de-conservation-airscape-acier-inoxydable-250-g-500-g\/\" \/>\n<meta property=\"og:locale\" content=\"en_US\" \/>\n<meta property=\"og:type\" content=\"article\" \/>\n<meta property=\"og:title\" content=\"Bo\u00eete de conservation 250g-500g Airscape \u2013 Acier inoxydable - La P&#039;tite Cerise\" \/>\n<meta property=\"og:description\" content=\"Keep your coffee fresher for longer with the Airscape stainless steel storage container. A must-have for coffee lovers who care about quality.\" \/>\n<meta property=\"og:url\" content=\"https:\/\/la-ptite-cerise.be\/produit\/boite-de-conservation-airscape-acier-inoxydable-250-g-500-g\/\" \/>\n<meta property=\"og:site_name\" content=\"La P&#039;tite Cerise\" \/>\n<meta property=\"article:publisher\" content=\"https:\/\/www.facebook.com\/laptitecerise\/\" \/>\n<meta property=\"og:image\" content=\"https:\/\/la-ptite-cerise.be\/wp-content\/uploads\/2021\/11\/Airscape-black-500g-steel.jpeg\" \/>\n\t<meta property=\"og:image:width\" content=\"500\" \/>\n\t<meta property=\"og:image:height\" content=\"500\" \/>\n\t<meta property=\"og:image:type\" content=\"image\/jpeg\" \/>\n<meta name=\"twitter:card\" content=\"summary_large_image\" \/>\n<meta name=\"twitter:label1\" content=\"Est. reading time\" \/>\n\t<meta name=\"twitter:data1\" content=\"1 minute\" \/>\n<script type=\"application\/ld+json\" class=\"yoast-schema-graph\">{\"@context\":\"https:\/\/schema.org\",\"@graph\":[{\"@type\":\"WebPage\",\"@id\":\"https:\/\/la-ptite-cerise.be\/produit\/boite-de-conservation-airscape-acier-inoxydable-250-g-500-g\/\",\"url\":\"https:\/\/la-ptite-cerise.be\/produit\/boite-de-conservation-airscape-acier-inoxydable-250-g-500-g\/\",\"name\":\"Bo\u00eete de conservation 250g-500g Airscape \u2013 Acier inoxydable - La P&#039;tite Cerise\",\"isPartOf\":{\"@id\":\"https:\/\/la-ptite-cerise.be\/#website\"},\"primaryImageOfPage\":{\"@id\":\"https:\/\/la-ptite-cerise.be\/produit\/boite-de-conservation-airscape-acier-inoxydable-250-g-500-g\/#primaryimage\"},\"image\":{\"@id\":\"https:\/\/la-ptite-cerise.be\/produit\/boite-de-conservation-airscape-acier-inoxydable-250-g-500-g\/#primaryimage\"},\"thumbnailUrl\":\"https:\/\/la-ptite-cerise.be\/wp-content\/uploads\/2021\/11\/Airscape-black-500g-steel.jpeg\",\"datePublished\":\"2021-11-24T15:14:38+00:00\",\"breadcrumb\":{\"@id\":\"https:\/\/la-ptite-cerise.be\/produit\/boite-de-conservation-airscape-acier-inoxydable-250-g-500-g\/#breadcrumb\"},\"inLanguage\":\"en-US\",\"potentialAction\":[{\"@type\":\"ReadAction\",\"target\":[\"https:\/\/la-ptite-cerise.be\/produit\/boite-de-conservation-airscape-acier-inoxydable-250-g-500-g\/\"]}]},{\"@type\":\"ImageObject\",\"inLanguage\":\"en-US\",\"@id\":\"https:\/\/la-ptite-cerise.be\/produit\/boite-de-conservation-airscape-acier-inoxydable-250-g-500-g\/#primaryimage\",\"url\":\"https:\/\/la-ptite-cerise.be\/wp-content\/uploads\/2021\/11\/Airscape-black-500g-steel.jpeg\",\"contentUrl\":\"https:\/\/la-ptite-cerise.be\/wp-content\/uploads\/2021\/11\/Airscape-black-500g-steel.jpeg\",\"width\":500,\"height\":500},{\"@type\":\"BreadcrumbList\",\"@id\":\"https:\/\/la-ptite-cerise.be\/produit\/boite-de-conservation-airscape-acier-inoxydable-250-g-500-g\/#breadcrumb\",\"itemListElement\":[{\"@type\":\"ListItem\",\"position\":1,\"name\":\"Accueil\",\"item\":\"https:\/\/la-ptite-cerise.be\/en\/\"},{\"@type\":\"ListItem\",\"position\":2,\"name\":\"Store\",\"item\":\"https:\/\/la-ptite-cerise.be\/boutique\/\"},{\"@type\":\"ListItem\",\"position\":3,\"name\":\"Bo\u00eete de conservation 250g-500g Airscape \u2013 Acier inoxydable\"}]},{\"@type\":\"WebSite\",\"@id\":\"https:\/\/la-ptite-cerise.be\/#website\",\"url\":\"https:\/\/la-ptite-cerise.be\/\",\"name\":\"La P'tite Cerise\",\"description\":\"Artisan torr\u00e9facteur de caf\u00e9 de sp\u00e9cialit\u00e9. S\u00e9lection de th\u00e9s &amp; tisanes.\",\"publisher\":{\"@id\":\"https:\/\/la-ptite-cerise.be\/#organization\"},\"potentialAction\":[{\"@type\":\"SearchAction\",\"target\":{\"@type\":\"EntryPoint\",\"urlTemplate\":\"https:\/\/la-ptite-cerise.be\/?s={search_term_string}\"},\"query-input\":{\"@type\":\"PropertyValueSpecification\",\"valueRequired\":true,\"valueName\":\"search_term_string\"}}],\"inLanguage\":\"en-US\"},{\"@type\":\"Organization\",\"@id\":\"https:\/\/la-ptite-cerise.be\/#organization\",\"name\":\"La P'tite Cerise\",\"url\":\"https:\/\/la-ptite-cerise.be\/\",\"logo\":{\"@type\":\"ImageObject\",\"inLanguage\":\"en-US\",\"@id\":\"https:\/\/la-ptite-cerise.be\/#\/schema\/logo\/image\/\",\"url\":\"https:\/\/la-ptite-cerise.be\/wp-content\/uploads\/2020\/10\/logo-header-01.jpg\",\"contentUrl\":\"https:\/\/la-ptite-cerise.be\/wp-content\/uploads\/2020\/10\/logo-header-01.jpg\",\"width\":176,\"height\":100,\"caption\":\"La P'tite Cerise\"},\"image\":{\"@id\":\"https:\/\/la-ptite-cerise.be\/#\/schema\/logo\/image\/\"},\"sameAs\":[\"https:\/\/www.facebook.com\/laptitecerise\/\",\"https:\/\/www.instagram.com\/la.ptite_cerise\/\"]}]}<\/script>\n<!-- \/ Yoast SEO plugin. -->","yoast_head_json":{"title":"Bo\u00eete de conservation 250g-500g Airscape \u2013 Acier inoxydable - La P&#039;tite Cerise","robots":{"index":"index","follow":"follow","max-snippet":"max-snippet:-1","max-image-preview":"max-image-preview:large","max-video-preview":"max-video-preview:-1"},"canonical":"https:\/\/la-ptite-cerise.be\/produit\/boite-de-conservation-airscape-acier-inoxydable-250-g-500-g\/","og_locale":"en_US","og_type":"article","og_title":"Bo\u00eete de conservation 250g-500g Airscape \u2013 Acier inoxydable - La P&#039;tite Cerise","og_description":"Keep your coffee fresher for longer with the Airscape stainless steel storage container. A must-have for coffee lovers who care about quality.","og_url":"https:\/\/la-ptite-cerise.be\/produit\/boite-de-conservation-airscape-acier-inoxydable-250-g-500-g\/","og_site_name":"La P&#039;tite Cerise","article_publisher":"https:\/\/www.facebook.com\/laptitecerise\/","og_image":[{"width":500,"height":500,"url":"https:\/\/la-ptite-cerise.be\/wp-content\/uploads\/2021\/11\/Airscape-black-500g-steel.jpeg","type":"image\/jpeg"}],"twitter_card":"summary_large_image","twitter_misc":{"Est. reading time":"1 minute"},"schema":{"@context":"https:\/\/schema.org","@graph":[{"@type":"WebPage","@id":"https:\/\/la-ptite-cerise.be\/produit\/boite-de-conservation-airscape-acier-inoxydable-250-g-500-g\/","url":"https:\/\/la-ptite-cerise.be\/produit\/boite-de-conservation-airscape-acier-inoxydable-250-g-500-g\/","name":"Bo\u00eete de conservation 250g-500g Airscape \u2013 Acier inoxydable - La P&#039;tite Cerise","isPartOf":{"@id":"https:\/\/la-ptite-cerise.be\/#website"},"primaryImageOfPage":{"@id":"https:\/\/la-ptite-cerise.be\/produit\/boite-de-conservation-airscape-acier-inoxydable-250-g-500-g\/#primaryimage"},"image":{"@id":"https:\/\/la-ptite-cerise.be\/produit\/boite-de-conservation-airscape-acier-inoxydable-250-g-500-g\/#primaryimage"},"thumbnailUrl":"https:\/\/la-ptite-cerise.be\/wp-content\/uploads\/2021\/11\/Airscape-black-500g-steel.jpeg","datePublished":"2021-11-24T15:14:38+00:00","breadcrumb":{"@id":"https:\/\/la-ptite-cerise.be\/produit\/boite-de-conservation-airscape-acier-inoxydable-250-g-500-g\/#breadcrumb"},"inLanguage":"en-US","potentialAction":[{"@type":"ReadAction","target":["https:\/\/la-ptite-cerise.be\/produit\/boite-de-conservation-airscape-acier-inoxydable-250-g-500-g\/"]}]},{"@type":"ImageObject","inLanguage":"en-US","@id":"https:\/\/la-ptite-cerise.be\/produit\/boite-de-conservation-airscape-acier-inoxydable-250-g-500-g\/#primaryimage","url":"https:\/\/la-ptite-cerise.be\/wp-content\/uploads\/2021\/11\/Airscape-black-500g-steel.jpeg","contentUrl":"https:\/\/la-ptite-cerise.be\/wp-content\/uploads\/2021\/11\/Airscape-black-500g-steel.jpeg","width":500,"height":500},{"@type":"BreadcrumbList","@id":"https:\/\/la-ptite-cerise.be\/produit\/boite-de-conservation-airscape-acier-inoxydable-250-g-500-g\/#breadcrumb","itemListElement":[{"@type":"ListItem","position":1,"name":"Accueil","item":"https:\/\/la-ptite-cerise.be\/en\/"},{"@type":"ListItem","position":2,"name":"Store","item":"https:\/\/la-ptite-cerise.be\/boutique\/"},{"@type":"ListItem","position":3,"name":"Bo\u00eete de conservation 250g-500g Airscape \u2013 Acier inoxydable"}]},{"@type":"WebSite","@id":"https:\/\/la-ptite-cerise.be\/#website","url":"https:\/\/la-ptite-cerise.be\/","name":"La P'tite Cerise","description":"Artisan torr\u00e9facteur de caf\u00e9 de sp\u00e9cialit\u00e9. S\u00e9lection de th\u00e9s &amp; tisanes.","publisher":{"@id":"https:\/\/la-ptite-cerise.be\/#organization"},"potentialAction":[{"@type":"SearchAction","target":{"@type":"EntryPoint","urlTemplate":"https:\/\/la-ptite-cerise.be\/?s={search_term_string}"},"query-input":{"@type":"PropertyValueSpecification","valueRequired":true,"valueName":"search_term_string"}}],"inLanguage":"en-US"},{"@type":"Organization","@id":"https:\/\/la-ptite-cerise.be\/#organization","name":"La P'tite Cerise","url":"https:\/\/la-ptite-cerise.be\/","logo":{"@type":"ImageObject","inLanguage":"en-US","@id":"https:\/\/la-ptite-cerise.be\/#\/schema\/logo\/image\/","url":"https:\/\/la-ptite-cerise.be\/wp-content\/uploads\/2020\/10\/logo-header-01.jpg","contentUrl":"https:\/\/la-ptite-cerise.be\/wp-content\/uploads\/2020\/10\/logo-header-01.jpg","width":176,"height":100,"caption":"La P'tite Cerise"},"image":{"@id":"https:\/\/la-ptite-cerise.be\/#\/schema\/logo\/image\/"},"sameAs":["https:\/\/www.facebook.com\/laptitecerise\/","https:\/\/www.instagram.com\/la.ptite_cerise\/"]}]}},"_links":{"self":[{"href":"https:\/\/la-ptite-cerise.be\/en\/wp-json\/wp\/v2\/product\/13963","targetHints":{"allow":["GET"]}}],"collection":[{"href":"https:\/\/la-ptite-cerise.be\/en\/wp-json\/wp\/v2\/product"}],"about":[{"href":"https:\/\/la-ptite-cerise.be\/en\/wp-json\/wp\/v2\/types\/product"}],"wp:featuredmedia":[{"embeddable":true,"href":"https:\/\/la-ptite-cerise.be\/en\/wp-json\/wp\/v2\/media\/9081"}],"wp:attachment":[{"href":"https:\/\/la-ptite-cerise.be\/en\/wp-json\/wp\/v2\/media?parent=13963"}],"wp:term":[{"taxonomy":"product_brand","embeddable":true,"href":"https:\/\/la-ptite-cerise.be\/en\/wp-json\/wp\/v2\/product_brand?post=13963"},{"taxonomy":"product_cat","embeddable":true,"href":"https:\/\/la-ptite-cerise.be\/en\/wp-json\/wp\/v2\/product_cat?post=13963"},{"taxonomy":"product_tag","embeddable":true,"href":"https:\/\/la-ptite-cerise.be\/en\/wp-json\/wp\/v2\/product_tag?post=13963"}],"curies":[{"name":"wp","href":"https:\/\/api.w.org\/{rel}","templated":true}]}}