{"id":14005,"date":"2022-09-03T13:05:37","date_gmt":"2022-09-03T11:05:37","guid":{"rendered":"https:\/\/la-ptite-cerise.be\/produit\/cafetiere-italienne-electrique-bialetti-moka-timer-6-tasses-270-ml\/"},"modified":"2022-09-03T13:05:37","modified_gmt":"2022-09-03T11:05:37","slug":"cafetiere-italienne-electrique-bialetti-moka-timer-6-tasses-270-ml","status":"publish","type":"product","link":"https:\/\/la-ptite-cerise.be\/en\/produit\/cafetiere-italienne-electrique-bialetti-moka-timer-6-tasses-270-ml\/","title":{"rendered":"Cafeti\u00e8re italienne \u00e9lectrique Bialetti Moka Timer \u2013 6 tasses (270 ml)"},"content":{"rendered":"<p class=\"\" data-start=\"3229\" data-end=\"3547\">The <strong data-start=\"3233\" data-end=\"3256\">Bialetti Moka Timer<\/strong> brings Italian espresso tradition into the modern age. This electric coffee maker combines the authentic taste of stovetop espresso with the convenience of programmable brewing. With its <strong data-start=\"3444\" data-end=\"3472\">integrated digital timer<\/strong>, you can wake up to the rich aroma of freshly brewed coffee every morning.<\/p>\n<p class=\"\" data-start=\"3549\" data-end=\"3808\">Crafted with Bialetti\u2019s signature <strong data-start=\"3583\" data-end=\"3613\">octagonal aluminium design<\/strong>, the Moka Timer offers both style and performance. Once the coffee is ready, the <strong data-start=\"3695\" data-end=\"3712\">warming plate<\/strong> keeps it hot for up to <strong data-start=\"3736\" data-end=\"3750\">30 minutes<\/strong>, ensuring your espresso stays at the perfect temperature.<\/p>\n<p class=\"\" data-start=\"3810\" data-end=\"3880\">With a <strong data-start=\"3817\" data-end=\"3835\">6-cup (270 ml)<\/strong> capacity, it\u2019s ideal for home or office use.<\/p>\n<hr class=\"\" data-start=\"3882\" data-end=\"3885\" \/>\n<h3 class=\"\" data-start=\"3887\" data-end=\"3910\"><strong data-start=\"3891\" data-end=\"3908\">Key features:<\/strong><\/h3>\n<ul data-start=\"3911\" data-end=\"4278\">\n<li class=\"\" data-start=\"3911\" data-end=\"3969\">\n<p class=\"\" data-start=\"3913\" data-end=\"3969\">Easy programming with the <strong data-start=\"3939\" data-end=\"3967\">integrated digital timer<\/strong><\/p>\n<\/li>\n<li class=\"\" data-start=\"3970\" data-end=\"4022\">\n<p class=\"\" data-start=\"3972\" data-end=\"4022\">Capacity: <strong data-start=\"3982\" data-end=\"3992\">6 cups<\/strong> \u2013 270 ml (Italian espresso)<\/p>\n<\/li>\n<li class=\"\" data-start=\"4023\" data-end=\"4081\">\n<p class=\"\" data-start=\"4025\" data-end=\"4081\">Food-grade aluminium compliant with European standards<\/p>\n<\/li>\n<li class=\"\" data-start=\"4082\" data-end=\"4118\">\n<p class=\"\" data-start=\"4084\" data-end=\"4118\">Iconic Bialetti octagonal design<\/p>\n<\/li>\n<li class=\"\" data-start=\"4119\" data-end=\"4159\">\n<p class=\"\" data-start=\"4121\" data-end=\"4159\"><strong data-start=\"4121\" data-end=\"4157\">Keeps coffee warm for 30 minutes<\/strong><\/p>\n<\/li>\n<li class=\"\" data-start=\"4160\" data-end=\"4202\">\n<p class=\"\" data-start=\"4162\" data-end=\"4202\">Audible alert when brewing is complete<\/p>\n<\/li>\n<li class=\"\" data-start=\"4203\" data-end=\"4243\">\n<p class=\"\" data-start=\"4205\" data-end=\"4243\">Easy to clean with a detachable base<\/p>\n<\/li>\n<li class=\"\" data-start=\"4244\" data-end=\"4278\">\n<p class=\"\" data-start=\"4246\" data-end=\"4278\">Perfect for home or office use<\/p>\n<\/li>\n<\/ul>\n<hr class=\"\" data-start=\"4280\" data-end=\"4283\" \/>\n<h3 class=\"\" data-start=\"4285\" data-end=\"4306\"><strong data-start=\"4289\" data-end=\"4304\">Usage tips:<\/strong><\/h3>\n<ol data-start=\"4307\" data-end=\"4649\">\n<li class=\"\" data-start=\"4307\" data-end=\"4370\">\n<p class=\"\" data-start=\"4310\" data-end=\"4370\">Fill the bottom chamber with water up to the safety valve.<\/p>\n<\/li>\n<li class=\"\" data-start=\"4371\" data-end=\"4448\">\n<p class=\"\" data-start=\"4374\" data-end=\"4448\">Add ground coffee (moka grind) into the filter without pressing it down.<\/p>\n<\/li>\n<li class=\"\" data-start=\"4449\" data-end=\"4525\">\n<p class=\"\" data-start=\"4452\" data-end=\"4525\">Assemble the two parts and place the coffee maker on its electric base.<\/p>\n<\/li>\n<li class=\"\" data-start=\"4526\" data-end=\"4593\">\n<p class=\"\" data-start=\"4529\" data-end=\"4593\">Set the desired time with the digital timer or start manually.<\/p>\n<\/li>\n<li class=\"\" data-start=\"4594\" data-end=\"4649\">\n<p class=\"\" data-start=\"4597\" data-end=\"4649\">Enjoy a perfectly brewed espresso whenever you want!<\/p>\n<\/li>\n<\/ol>\n<p class=\"\" data-start=\"4651\" data-end=\"4810\"><strong data-start=\"4651\" data-end=\"4665\">Care note:<\/strong><br data-start=\"4665\" data-end=\"4668\" \/>Hand wash only. Always unplug before cleaning. Do not immerse the electric base in water. Rinse thoroughly with clear water and dry carefully.<\/p>\n","protected":false},"excerpt":{"rendered":"<p>Enjoy Italian espresso at your convenience with the <strong data-start=\"3094\" data-end=\"3117\">Bialetti Moka Timer<\/strong>, the electric coffee maker with a built-in timer. Capacity: 6 cups (270 ml).<\/p>\n","protected":false},"featured_media":10359,"template":"","meta":[],"product_brand":[],"product_cat":[186],"product_tag":[],"class_list":{"0":"post-14005","1":"product","2":"type-product","3":"status-publish","4":"has-post-thumbnail","6":"product_cat-bialetti-en","8":"first","9":"onbackorder","10":"taxable","11":"shipping-taxable","12":"purchasable","13":"product-type-simple"},"yoast_head":"<!-- This site is optimized with the Yoast SEO plugin v25.7 - https:\/\/yoast.com\/wordpress\/plugins\/seo\/ -->\n<title>Cafeti\u00e8re italienne \u00e9lectrique Bialetti Moka Timer \u2013 6 tasses (270 ml) - La P&#039;tite Cerise<\/title>\n<meta name=\"robots\" content=\"index, follow, max-snippet:-1, max-image-preview:large, max-video-preview:-1\" \/>\n<link rel=\"canonical\" href=\"https:\/\/la-ptite-cerise.be\/produit\/cafetiere-italienne-electrique-bialetti-moka-timer-6-tasses-270-ml\/\" \/>\n<meta property=\"og:locale\" content=\"en_US\" \/>\n<meta property=\"og:type\" content=\"article\" \/>\n<meta property=\"og:title\" content=\"Cafeti\u00e8re italienne \u00e9lectrique Bialetti Moka Timer \u2013 6 tasses (270 ml) - La P&#039;tite Cerise\" \/>\n<meta property=\"og:description\" content=\"Enjoy Italian espresso at your convenience with the Bialetti Moka Timer, the electric coffee maker with a built-in timer. Capacity: 6 cups (270 ml).\" \/>\n<meta property=\"og:url\" content=\"https:\/\/la-ptite-cerise.be\/produit\/cafetiere-italienne-electrique-bialetti-moka-timer-6-tasses-270-ml\/\" \/>\n<meta property=\"og:site_name\" content=\"La P&#039;tite Cerise\" \/>\n<meta property=\"article:publisher\" content=\"https:\/\/www.facebook.com\/laptitecerise\/\" \/>\n<meta property=\"og:image\" content=\"https:\/\/la-ptite-cerise.be\/wp-content\/uploads\/2022\/09\/51OQCg3dvL._AC_SS450_.jpg\" \/>\n\t<meta property=\"og:image:width\" content=\"500\" \/>\n\t<meta property=\"og:image:height\" content=\"500\" \/>\n\t<meta property=\"og:image:type\" content=\"image\/jpeg\" \/>\n<meta name=\"twitter:card\" content=\"summary_large_image\" \/>\n<meta name=\"twitter:label1\" content=\"Est. reading time\" \/>\n\t<meta name=\"twitter:data1\" content=\"1 minute\" \/>\n<script type=\"application\/ld+json\" class=\"yoast-schema-graph\">{\"@context\":\"https:\/\/schema.org\",\"@graph\":[{\"@type\":\"WebPage\",\"@id\":\"https:\/\/la-ptite-cerise.be\/produit\/cafetiere-italienne-electrique-bialetti-moka-timer-6-tasses-270-ml\/\",\"url\":\"https:\/\/la-ptite-cerise.be\/produit\/cafetiere-italienne-electrique-bialetti-moka-timer-6-tasses-270-ml\/\",\"name\":\"Cafeti\u00e8re italienne \u00e9lectrique Bialetti Moka Timer \u2013 6 tasses (270 ml) - La P&#039;tite Cerise\",\"isPartOf\":{\"@id\":\"https:\/\/la-ptite-cerise.be\/#website\"},\"primaryImageOfPage\":{\"@id\":\"https:\/\/la-ptite-cerise.be\/produit\/cafetiere-italienne-electrique-bialetti-moka-timer-6-tasses-270-ml\/#primaryimage\"},\"image\":{\"@id\":\"https:\/\/la-ptite-cerise.be\/produit\/cafetiere-italienne-electrique-bialetti-moka-timer-6-tasses-270-ml\/#primaryimage\"},\"thumbnailUrl\":\"https:\/\/la-ptite-cerise.be\/wp-content\/uploads\/2022\/09\/51OQCg3dvL._AC_SS450_.jpg\",\"datePublished\":\"2022-09-03T11:05:37+00:00\",\"breadcrumb\":{\"@id\":\"https:\/\/la-ptite-cerise.be\/produit\/cafetiere-italienne-electrique-bialetti-moka-timer-6-tasses-270-ml\/#breadcrumb\"},\"inLanguage\":\"en-US\",\"potentialAction\":[{\"@type\":\"ReadAction\",\"target\":[\"https:\/\/la-ptite-cerise.be\/produit\/cafetiere-italienne-electrique-bialetti-moka-timer-6-tasses-270-ml\/\"]}]},{\"@type\":\"ImageObject\",\"inLanguage\":\"en-US\",\"@id\":\"https:\/\/la-ptite-cerise.be\/produit\/cafetiere-italienne-electrique-bialetti-moka-timer-6-tasses-270-ml\/#primaryimage\",\"url\":\"https:\/\/la-ptite-cerise.be\/wp-content\/uploads\/2022\/09\/51OQCg3dvL._AC_SS450_.jpg\",\"contentUrl\":\"https:\/\/la-ptite-cerise.be\/wp-content\/uploads\/2022\/09\/51OQCg3dvL._AC_SS450_.jpg\",\"width\":500,\"height\":500},{\"@type\":\"BreadcrumbList\",\"@id\":\"https:\/\/la-ptite-cerise.be\/produit\/cafetiere-italienne-electrique-bialetti-moka-timer-6-tasses-270-ml\/#breadcrumb\",\"itemListElement\":[{\"@type\":\"ListItem\",\"position\":1,\"name\":\"Accueil\",\"item\":\"https:\/\/la-ptite-cerise.be\/en\/\"},{\"@type\":\"ListItem\",\"position\":2,\"name\":\"Store\",\"item\":\"https:\/\/la-ptite-cerise.be\/boutique\/\"},{\"@type\":\"ListItem\",\"position\":3,\"name\":\"Cafeti\u00e8re italienne \u00e9lectrique Bialetti Moka Timer \u2013 6 tasses (270 ml)\"}]},{\"@type\":\"WebSite\",\"@id\":\"https:\/\/la-ptite-cerise.be\/#website\",\"url\":\"https:\/\/la-ptite-cerise.be\/\",\"name\":\"La P'tite Cerise\",\"description\":\"Artisan torr\u00e9facteur de caf\u00e9 de sp\u00e9cialit\u00e9. S\u00e9lection de th\u00e9s &amp; tisanes.\",\"publisher\":{\"@id\":\"https:\/\/la-ptite-cerise.be\/#organization\"},\"potentialAction\":[{\"@type\":\"SearchAction\",\"target\":{\"@type\":\"EntryPoint\",\"urlTemplate\":\"https:\/\/la-ptite-cerise.be\/?s={search_term_string}\"},\"query-input\":{\"@type\":\"PropertyValueSpecification\",\"valueRequired\":true,\"valueName\":\"search_term_string\"}}],\"inLanguage\":\"en-US\"},{\"@type\":\"Organization\",\"@id\":\"https:\/\/la-ptite-cerise.be\/#organization\",\"name\":\"La P'tite Cerise\",\"url\":\"https:\/\/la-ptite-cerise.be\/\",\"logo\":{\"@type\":\"ImageObject\",\"inLanguage\":\"en-US\",\"@id\":\"https:\/\/la-ptite-cerise.be\/#\/schema\/logo\/image\/\",\"url\":\"https:\/\/la-ptite-cerise.be\/wp-content\/uploads\/2020\/10\/logo-header-01.jpg\",\"contentUrl\":\"https:\/\/la-ptite-cerise.be\/wp-content\/uploads\/2020\/10\/logo-header-01.jpg\",\"width\":176,\"height\":100,\"caption\":\"La P'tite Cerise\"},\"image\":{\"@id\":\"https:\/\/la-ptite-cerise.be\/#\/schema\/logo\/image\/\"},\"sameAs\":[\"https:\/\/www.facebook.com\/laptitecerise\/\",\"https:\/\/www.instagram.com\/la.ptite_cerise\/\"]}]}<\/script>\n<!-- \/ Yoast SEO plugin. -->","yoast_head_json":{"title":"Cafeti\u00e8re italienne \u00e9lectrique Bialetti Moka Timer \u2013 6 tasses (270 ml) - La P&#039;tite Cerise","robots":{"index":"index","follow":"follow","max-snippet":"max-snippet:-1","max-image-preview":"max-image-preview:large","max-video-preview":"max-video-preview:-1"},"canonical":"https:\/\/la-ptite-cerise.be\/produit\/cafetiere-italienne-electrique-bialetti-moka-timer-6-tasses-270-ml\/","og_locale":"en_US","og_type":"article","og_title":"Cafeti\u00e8re italienne \u00e9lectrique Bialetti Moka Timer \u2013 6 tasses (270 ml) - La P&#039;tite Cerise","og_description":"Enjoy Italian espresso at your convenience with the Bialetti Moka Timer, the electric coffee maker with a built-in timer. Capacity: 6 cups (270 ml).","og_url":"https:\/\/la-ptite-cerise.be\/produit\/cafetiere-italienne-electrique-bialetti-moka-timer-6-tasses-270-ml\/","og_site_name":"La P&#039;tite Cerise","article_publisher":"https:\/\/www.facebook.com\/laptitecerise\/","og_image":[{"width":500,"height":500,"url":"https:\/\/la-ptite-cerise.be\/wp-content\/uploads\/2022\/09\/51OQCg3dvL._AC_SS450_.jpg","type":"image\/jpeg"}],"twitter_card":"summary_large_image","twitter_misc":{"Est. reading time":"1 minute"},"schema":{"@context":"https:\/\/schema.org","@graph":[{"@type":"WebPage","@id":"https:\/\/la-ptite-cerise.be\/produit\/cafetiere-italienne-electrique-bialetti-moka-timer-6-tasses-270-ml\/","url":"https:\/\/la-ptite-cerise.be\/produit\/cafetiere-italienne-electrique-bialetti-moka-timer-6-tasses-270-ml\/","name":"Cafeti\u00e8re italienne \u00e9lectrique Bialetti Moka Timer \u2013 6 tasses (270 ml) - La P&#039;tite Cerise","isPartOf":{"@id":"https:\/\/la-ptite-cerise.be\/#website"},"primaryImageOfPage":{"@id":"https:\/\/la-ptite-cerise.be\/produit\/cafetiere-italienne-electrique-bialetti-moka-timer-6-tasses-270-ml\/#primaryimage"},"image":{"@id":"https:\/\/la-ptite-cerise.be\/produit\/cafetiere-italienne-electrique-bialetti-moka-timer-6-tasses-270-ml\/#primaryimage"},"thumbnailUrl":"https:\/\/la-ptite-cerise.be\/wp-content\/uploads\/2022\/09\/51OQCg3dvL._AC_SS450_.jpg","datePublished":"2022-09-03T11:05:37+00:00","breadcrumb":{"@id":"https:\/\/la-ptite-cerise.be\/produit\/cafetiere-italienne-electrique-bialetti-moka-timer-6-tasses-270-ml\/#breadcrumb"},"inLanguage":"en-US","potentialAction":[{"@type":"ReadAction","target":["https:\/\/la-ptite-cerise.be\/produit\/cafetiere-italienne-electrique-bialetti-moka-timer-6-tasses-270-ml\/"]}]},{"@type":"ImageObject","inLanguage":"en-US","@id":"https:\/\/la-ptite-cerise.be\/produit\/cafetiere-italienne-electrique-bialetti-moka-timer-6-tasses-270-ml\/#primaryimage","url":"https:\/\/la-ptite-cerise.be\/wp-content\/uploads\/2022\/09\/51OQCg3dvL._AC_SS450_.jpg","contentUrl":"https:\/\/la-ptite-cerise.be\/wp-content\/uploads\/2022\/09\/51OQCg3dvL._AC_SS450_.jpg","width":500,"height":500},{"@type":"BreadcrumbList","@id":"https:\/\/la-ptite-cerise.be\/produit\/cafetiere-italienne-electrique-bialetti-moka-timer-6-tasses-270-ml\/#breadcrumb","itemListElement":[{"@type":"ListItem","position":1,"name":"Accueil","item":"https:\/\/la-ptite-cerise.be\/en\/"},{"@type":"ListItem","position":2,"name":"Store","item":"https:\/\/la-ptite-cerise.be\/boutique\/"},{"@type":"ListItem","position":3,"name":"Cafeti\u00e8re italienne \u00e9lectrique Bialetti Moka Timer \u2013 6 tasses (270 ml)"}]},{"@type":"WebSite","@id":"https:\/\/la-ptite-cerise.be\/#website","url":"https:\/\/la-ptite-cerise.be\/","name":"La P'tite Cerise","description":"Artisan torr\u00e9facteur de caf\u00e9 de sp\u00e9cialit\u00e9. S\u00e9lection de th\u00e9s &amp; tisanes.","publisher":{"@id":"https:\/\/la-ptite-cerise.be\/#organization"},"potentialAction":[{"@type":"SearchAction","target":{"@type":"EntryPoint","urlTemplate":"https:\/\/la-ptite-cerise.be\/?s={search_term_string}"},"query-input":{"@type":"PropertyValueSpecification","valueRequired":true,"valueName":"search_term_string"}}],"inLanguage":"en-US"},{"@type":"Organization","@id":"https:\/\/la-ptite-cerise.be\/#organization","name":"La P'tite Cerise","url":"https:\/\/la-ptite-cerise.be\/","logo":{"@type":"ImageObject","inLanguage":"en-US","@id":"https:\/\/la-ptite-cerise.be\/#\/schema\/logo\/image\/","url":"https:\/\/la-ptite-cerise.be\/wp-content\/uploads\/2020\/10\/logo-header-01.jpg","contentUrl":"https:\/\/la-ptite-cerise.be\/wp-content\/uploads\/2020\/10\/logo-header-01.jpg","width":176,"height":100,"caption":"La P'tite Cerise"},"image":{"@id":"https:\/\/la-ptite-cerise.be\/#\/schema\/logo\/image\/"},"sameAs":["https:\/\/www.facebook.com\/laptitecerise\/","https:\/\/www.instagram.com\/la.ptite_cerise\/"]}]}},"_links":{"self":[{"href":"https:\/\/la-ptite-cerise.be\/en\/wp-json\/wp\/v2\/product\/14005","targetHints":{"allow":["GET"]}}],"collection":[{"href":"https:\/\/la-ptite-cerise.be\/en\/wp-json\/wp\/v2\/product"}],"about":[{"href":"https:\/\/la-ptite-cerise.be\/en\/wp-json\/wp\/v2\/types\/product"}],"wp:featuredmedia":[{"embeddable":true,"href":"https:\/\/la-ptite-cerise.be\/en\/wp-json\/wp\/v2\/media\/10359"}],"wp:attachment":[{"href":"https:\/\/la-ptite-cerise.be\/en\/wp-json\/wp\/v2\/media?parent=14005"}],"wp:term":[{"taxonomy":"product_brand","embeddable":true,"href":"https:\/\/la-ptite-cerise.be\/en\/wp-json\/wp\/v2\/product_brand?post=14005"},{"taxonomy":"product_cat","embeddable":true,"href":"https:\/\/la-ptite-cerise.be\/en\/wp-json\/wp\/v2\/product_cat?post=14005"},{"taxonomy":"product_tag","embeddable":true,"href":"https:\/\/la-ptite-cerise.be\/en\/wp-json\/wp\/v2\/product_tag?post=14005"}],"curies":[{"name":"wp","href":"https:\/\/api.w.org\/{rel}","templated":true}]}}