{"id":14026,"date":"2025-04-22T17:40:58","date_gmt":"2025-04-22T15:40:58","guid":{"rendered":"https:\/\/la-ptite-cerise.be\/?post_type=product&#038;p=14026"},"modified":"2025-04-22T17:45:33","modified_gmt":"2025-04-22T15:45:33","slug":"aeropress-originale-cafetiere-a-pression-manuelle-copie","status":"publish","type":"product","link":"https:\/\/la-ptite-cerise.be\/en\/produit\/aeropress-originale-cafetiere-a-pression-manuelle-copie\/","title":{"rendered":"AeroPress Clear \u2013 Cafeti\u00e8re manuelle transparente"},"content":{"rendered":"<p class=\"\" data-start=\"2912\" data-end=\"3115\">The <strong data-start=\"2916\" data-end=\"2935\">AeroPress Clear<\/strong> offers everything that makes the Original AeroPress great, with an added touch of modern elegance: its <strong data-start=\"3039\" data-end=\"3069\">crystal-clear Tritan\u2122 body<\/strong> allows you to see the entire brewing process.<\/p>\n<p class=\"\" data-start=\"3117\" data-end=\"3371\">Compact, lightweight, and durable, it delivers a <strong data-start=\"3166\" data-end=\"3189\">smooth, rich coffee<\/strong> free from bitterness or excess acidity in <strong data-start=\"3232\" data-end=\"3253\">under two minutes<\/strong>. Whether brewing filter coffee, a light espresso-style drink, or cold brew, the AeroPress Clear adapts to your style.<\/p>\n<p class=\"\" data-start=\"3373\" data-end=\"3459\">Made without BPA or BPS, it brings together aesthetic design and reliable performance.<\/p>\n<hr class=\"\" data-start=\"3461\" data-end=\"3464\" \/>\n<h3 class=\"\" data-start=\"3466\" data-end=\"3489\"><strong data-start=\"3470\" data-end=\"3487\">Key features:<\/strong><\/h3>\n<ul data-start=\"3490\" data-end=\"3853\">\n<li class=\"\" data-start=\"3490\" data-end=\"3527\">\n<p class=\"\" data-start=\"3492\" data-end=\"3527\">Fast, gentle extraction (\u2248 2 min)<\/p>\n<\/li>\n<li class=\"\" data-start=\"3528\" data-end=\"3588\">\n<p class=\"\" data-start=\"3530\" data-end=\"3588\"><strong data-start=\"3530\" data-end=\"3558\">Transparent Tritan\u2122 body<\/strong>, ultra-durable and BPA-free<\/p>\n<\/li>\n<li class=\"\" data-start=\"3589\" data-end=\"3630\">\n<p class=\"\" data-start=\"3591\" data-end=\"3630\">Visual control of the brewing process<\/p>\n<\/li>\n<li class=\"\" data-start=\"3631\" data-end=\"3686\">\n<p class=\"\" data-start=\"3633\" data-end=\"3686\">Versatile: filter coffee, espresso-style, cold brew<\/p>\n<\/li>\n<li class=\"\" data-start=\"3687\" data-end=\"3724\">\n<p class=\"\" data-start=\"3689\" data-end=\"3724\">Compact, lightweight, and durable<\/p>\n<\/li>\n<li class=\"\" data-start=\"3725\" data-end=\"3750\">\n<p class=\"\" data-start=\"3727\" data-end=\"3750\">Easy to use and clean<\/p>\n<\/li>\n<li class=\"\" data-start=\"3751\" data-end=\"3790\">\n<p class=\"\" data-start=\"3753\" data-end=\"3790\"><strong data-start=\"3753\" data-end=\"3788\">Capacity: up to 3 cups per brew<\/strong><\/p>\n<\/li>\n<li class=\"\" data-start=\"3791\" data-end=\"3853\">\n<p class=\"\" data-start=\"3793\" data-end=\"3853\">Includes: 350 paper filters, filter holder, scoop, stirrer<\/p>\n<\/li>\n<\/ul>\n<hr class=\"\" data-start=\"3855\" data-end=\"3858\" \/>\n<h3 class=\"\" data-start=\"3860\" data-end=\"3881\"><strong data-start=\"3864\" data-end=\"3879\">Usage tips:<\/strong><\/h3>\n<ol data-start=\"3882\" data-end=\"4139\">\n<li class=\"\" data-start=\"3882\" data-end=\"3940\">\n<p class=\"\" data-start=\"3885\" data-end=\"3940\">Place a paper filter in the filter cap and attach it.<\/p>\n<\/li>\n<li class=\"\" data-start=\"3941\" data-end=\"4013\">\n<p class=\"\" data-start=\"3944\" data-end=\"4013\">Add ground coffee (medium-fine grind) into the transparent chamber.<\/p>\n<\/li>\n<li class=\"\" data-start=\"4014\" data-end=\"4076\">\n<p class=\"\" data-start=\"4017\" data-end=\"4076\">Pour hot water (80-90\u00b0C) and observe the brewing process.<\/p>\n<\/li>\n<li class=\"\" data-start=\"4077\" data-end=\"4129\">\n<p class=\"\" data-start=\"4080\" data-end=\"4129\">Gently press the plunger to extract the coffee.<\/p>\n<\/li>\n<li class=\"\" data-start=\"4130\" data-end=\"4139\">\n<p class=\"\" data-start=\"4133\" data-end=\"4139\">Enjoy!<\/p>\n<\/li>\n<\/ol>\n<p class=\"\" data-start=\"4141\" data-end=\"4236\"><strong data-start=\"4141\" data-end=\"4155\">Care note:<\/strong><br data-start=\"4155\" data-end=\"4158\" \/>Rinse with clear water after each use. Dishwasher safe (top rack recommended).<\/p>\n","protected":false},"excerpt":{"rendered":"<p>The <strong data-start=\"2724\" data-end=\"2743\">AeroPress Clear<\/strong> combines performance and style with its transparent Tritan\u2122 body, letting you observe the brewing process for precise, smooth coffee.<\/p>\n","protected":false},"featured_media":14028,"template":"","meta":[],"product_brand":[],"product_cat":[184],"product_tag":[],"class_list":{"0":"post-14026","1":"product","2":"type-product","3":"status-publish","4":"has-post-thumbnail","6":"product_cat-aeropress-en","8":"first","9":"instock","10":"taxable","11":"shipping-taxable","12":"purchasable","13":"product-type-simple"},"yoast_head":"<!-- This site is optimized with the Yoast SEO plugin v25.7 - https:\/\/yoast.com\/wordpress\/plugins\/seo\/ -->\n<title>AeroPress Clear \u2013 Cafeti\u00e8re manuelle transparente - La P&#039;tite Cerise<\/title>\n<meta name=\"robots\" content=\"index, follow, max-snippet:-1, max-image-preview:large, max-video-preview:-1\" \/>\n<link rel=\"canonical\" href=\"https:\/\/la-ptite-cerise.be\/en\/produit\/aeropress-originale-cafetiere-a-pression-manuelle-copie\/\" \/>\n<meta property=\"og:locale\" content=\"en_US\" \/>\n<meta property=\"og:type\" content=\"article\" \/>\n<meta property=\"og:title\" content=\"AeroPress Clear \u2013 Cafeti\u00e8re manuelle transparente - La P&#039;tite Cerise\" \/>\n<meta property=\"og:description\" content=\"The AeroPress Clear combines performance and style with its transparent Tritan\u2122 body, letting you observe the brewing process for precise, smooth coffee.\" \/>\n<meta property=\"og:url\" content=\"https:\/\/la-ptite-cerise.be\/en\/produit\/aeropress-originale-cafetiere-a-pression-manuelle-copie\/\" \/>\n<meta property=\"og:site_name\" content=\"La P&#039;tite Cerise\" \/>\n<meta property=\"article:publisher\" content=\"https:\/\/www.facebook.com\/laptitecerise\/\" \/>\n<meta property=\"article:modified_time\" content=\"2025-04-22T15:45:33+00:00\" \/>\n<meta property=\"og:image\" content=\"https:\/\/la-ptite-cerise.be\/wp-content\/uploads\/2025\/04\/614UdUfNj3L-e1745336581151.jpg\" \/>\n\t<meta property=\"og:image:width\" content=\"1500\" \/>\n\t<meta property=\"og:image:height\" content=\"1500\" \/>\n\t<meta property=\"og:image:type\" content=\"image\/jpeg\" \/>\n<meta name=\"twitter:card\" content=\"summary_large_image\" \/>\n<meta name=\"twitter:label1\" content=\"Est. reading time\" \/>\n\t<meta name=\"twitter:data1\" content=\"1 minute\" \/>\n<script type=\"application\/ld+json\" class=\"yoast-schema-graph\">{\"@context\":\"https:\/\/schema.org\",\"@graph\":[{\"@type\":\"WebPage\",\"@id\":\"https:\/\/la-ptite-cerise.be\/en\/produit\/aeropress-originale-cafetiere-a-pression-manuelle-copie\/\",\"url\":\"https:\/\/la-ptite-cerise.be\/en\/produit\/aeropress-originale-cafetiere-a-pression-manuelle-copie\/\",\"name\":\"AeroPress Clear \u2013 Cafeti\u00e8re manuelle transparente - La P&#039;tite Cerise\",\"isPartOf\":{\"@id\":\"https:\/\/la-ptite-cerise.be\/#website\"},\"primaryImageOfPage\":{\"@id\":\"https:\/\/la-ptite-cerise.be\/en\/produit\/aeropress-originale-cafetiere-a-pression-manuelle-copie\/#primaryimage\"},\"image\":{\"@id\":\"https:\/\/la-ptite-cerise.be\/en\/produit\/aeropress-originale-cafetiere-a-pression-manuelle-copie\/#primaryimage\"},\"thumbnailUrl\":\"https:\/\/la-ptite-cerise.be\/wp-content\/uploads\/2025\/04\/614UdUfNj3L-e1745336581151.jpg\",\"datePublished\":\"2025-04-22T15:40:58+00:00\",\"dateModified\":\"2025-04-22T15:45:33+00:00\",\"breadcrumb\":{\"@id\":\"https:\/\/la-ptite-cerise.be\/en\/produit\/aeropress-originale-cafetiere-a-pression-manuelle-copie\/#breadcrumb\"},\"inLanguage\":\"en-US\",\"potentialAction\":[{\"@type\":\"ReadAction\",\"target\":[\"https:\/\/la-ptite-cerise.be\/en\/produit\/aeropress-originale-cafetiere-a-pression-manuelle-copie\/\"]}]},{\"@type\":\"ImageObject\",\"inLanguage\":\"en-US\",\"@id\":\"https:\/\/la-ptite-cerise.be\/en\/produit\/aeropress-originale-cafetiere-a-pression-manuelle-copie\/#primaryimage\",\"url\":\"https:\/\/la-ptite-cerise.be\/wp-content\/uploads\/2025\/04\/614UdUfNj3L-e1745336581151.jpg\",\"contentUrl\":\"https:\/\/la-ptite-cerise.be\/wp-content\/uploads\/2025\/04\/614UdUfNj3L-e1745336581151.jpg\",\"width\":500,\"height\":500},{\"@type\":\"BreadcrumbList\",\"@id\":\"https:\/\/la-ptite-cerise.be\/en\/produit\/aeropress-originale-cafetiere-a-pression-manuelle-copie\/#breadcrumb\",\"itemListElement\":[{\"@type\":\"ListItem\",\"position\":1,\"name\":\"Accueil\",\"item\":\"https:\/\/la-ptite-cerise.be\/en\/\"},{\"@type\":\"ListItem\",\"position\":2,\"name\":\"Store\",\"item\":\"https:\/\/la-ptite-cerise.be\/boutique\/\"},{\"@type\":\"ListItem\",\"position\":3,\"name\":\"AeroPress Clear \u2013 Cafeti\u00e8re manuelle transparente\"}]},{\"@type\":\"WebSite\",\"@id\":\"https:\/\/la-ptite-cerise.be\/#website\",\"url\":\"https:\/\/la-ptite-cerise.be\/\",\"name\":\"La P'tite Cerise\",\"description\":\"Artisan torr\u00e9facteur de caf\u00e9 de sp\u00e9cialit\u00e9. S\u00e9lection de th\u00e9s &amp; tisanes.\",\"publisher\":{\"@id\":\"https:\/\/la-ptite-cerise.be\/#organization\"},\"potentialAction\":[{\"@type\":\"SearchAction\",\"target\":{\"@type\":\"EntryPoint\",\"urlTemplate\":\"https:\/\/la-ptite-cerise.be\/?s={search_term_string}\"},\"query-input\":{\"@type\":\"PropertyValueSpecification\",\"valueRequired\":true,\"valueName\":\"search_term_string\"}}],\"inLanguage\":\"en-US\"},{\"@type\":\"Organization\",\"@id\":\"https:\/\/la-ptite-cerise.be\/#organization\",\"name\":\"La P'tite Cerise\",\"url\":\"https:\/\/la-ptite-cerise.be\/\",\"logo\":{\"@type\":\"ImageObject\",\"inLanguage\":\"en-US\",\"@id\":\"https:\/\/la-ptite-cerise.be\/#\/schema\/logo\/image\/\",\"url\":\"https:\/\/la-ptite-cerise.be\/wp-content\/uploads\/2020\/10\/logo-header-01.jpg\",\"contentUrl\":\"https:\/\/la-ptite-cerise.be\/wp-content\/uploads\/2020\/10\/logo-header-01.jpg\",\"width\":176,\"height\":100,\"caption\":\"La P'tite Cerise\"},\"image\":{\"@id\":\"https:\/\/la-ptite-cerise.be\/#\/schema\/logo\/image\/\"},\"sameAs\":[\"https:\/\/www.facebook.com\/laptitecerise\/\",\"https:\/\/www.instagram.com\/la.ptite_cerise\/\"]}]}<\/script>\n<!-- \/ Yoast SEO plugin. -->","yoast_head_json":{"title":"AeroPress Clear \u2013 Cafeti\u00e8re manuelle transparente - La P&#039;tite Cerise","robots":{"index":"index","follow":"follow","max-snippet":"max-snippet:-1","max-image-preview":"max-image-preview:large","max-video-preview":"max-video-preview:-1"},"canonical":"https:\/\/la-ptite-cerise.be\/en\/produit\/aeropress-originale-cafetiere-a-pression-manuelle-copie\/","og_locale":"en_US","og_type":"article","og_title":"AeroPress Clear \u2013 Cafeti\u00e8re manuelle transparente - La P&#039;tite Cerise","og_description":"The AeroPress Clear combines performance and style with its transparent Tritan\u2122 body, letting you observe the brewing process for precise, smooth coffee.","og_url":"https:\/\/la-ptite-cerise.be\/en\/produit\/aeropress-originale-cafetiere-a-pression-manuelle-copie\/","og_site_name":"La P&#039;tite Cerise","article_publisher":"https:\/\/www.facebook.com\/laptitecerise\/","article_modified_time":"2025-04-22T15:45:33+00:00","og_image":[{"width":1500,"height":1500,"url":"https:\/\/la-ptite-cerise.be\/wp-content\/uploads\/2025\/04\/614UdUfNj3L-e1745336581151.jpg","type":"image\/jpeg"}],"twitter_card":"summary_large_image","twitter_misc":{"Est. reading time":"1 minute"},"schema":{"@context":"https:\/\/schema.org","@graph":[{"@type":"WebPage","@id":"https:\/\/la-ptite-cerise.be\/en\/produit\/aeropress-originale-cafetiere-a-pression-manuelle-copie\/","url":"https:\/\/la-ptite-cerise.be\/en\/produit\/aeropress-originale-cafetiere-a-pression-manuelle-copie\/","name":"AeroPress Clear \u2013 Cafeti\u00e8re manuelle transparente - La P&#039;tite Cerise","isPartOf":{"@id":"https:\/\/la-ptite-cerise.be\/#website"},"primaryImageOfPage":{"@id":"https:\/\/la-ptite-cerise.be\/en\/produit\/aeropress-originale-cafetiere-a-pression-manuelle-copie\/#primaryimage"},"image":{"@id":"https:\/\/la-ptite-cerise.be\/en\/produit\/aeropress-originale-cafetiere-a-pression-manuelle-copie\/#primaryimage"},"thumbnailUrl":"https:\/\/la-ptite-cerise.be\/wp-content\/uploads\/2025\/04\/614UdUfNj3L-e1745336581151.jpg","datePublished":"2025-04-22T15:40:58+00:00","dateModified":"2025-04-22T15:45:33+00:00","breadcrumb":{"@id":"https:\/\/la-ptite-cerise.be\/en\/produit\/aeropress-originale-cafetiere-a-pression-manuelle-copie\/#breadcrumb"},"inLanguage":"en-US","potentialAction":[{"@type":"ReadAction","target":["https:\/\/la-ptite-cerise.be\/en\/produit\/aeropress-originale-cafetiere-a-pression-manuelle-copie\/"]}]},{"@type":"ImageObject","inLanguage":"en-US","@id":"https:\/\/la-ptite-cerise.be\/en\/produit\/aeropress-originale-cafetiere-a-pression-manuelle-copie\/#primaryimage","url":"https:\/\/la-ptite-cerise.be\/wp-content\/uploads\/2025\/04\/614UdUfNj3L-e1745336581151.jpg","contentUrl":"https:\/\/la-ptite-cerise.be\/wp-content\/uploads\/2025\/04\/614UdUfNj3L-e1745336581151.jpg","width":500,"height":500},{"@type":"BreadcrumbList","@id":"https:\/\/la-ptite-cerise.be\/en\/produit\/aeropress-originale-cafetiere-a-pression-manuelle-copie\/#breadcrumb","itemListElement":[{"@type":"ListItem","position":1,"name":"Accueil","item":"https:\/\/la-ptite-cerise.be\/en\/"},{"@type":"ListItem","position":2,"name":"Store","item":"https:\/\/la-ptite-cerise.be\/boutique\/"},{"@type":"ListItem","position":3,"name":"AeroPress Clear \u2013 Cafeti\u00e8re manuelle transparente"}]},{"@type":"WebSite","@id":"https:\/\/la-ptite-cerise.be\/#website","url":"https:\/\/la-ptite-cerise.be\/","name":"La P'tite Cerise","description":"Artisan torr\u00e9facteur de caf\u00e9 de sp\u00e9cialit\u00e9. S\u00e9lection de th\u00e9s &amp; tisanes.","publisher":{"@id":"https:\/\/la-ptite-cerise.be\/#organization"},"potentialAction":[{"@type":"SearchAction","target":{"@type":"EntryPoint","urlTemplate":"https:\/\/la-ptite-cerise.be\/?s={search_term_string}"},"query-input":{"@type":"PropertyValueSpecification","valueRequired":true,"valueName":"search_term_string"}}],"inLanguage":"en-US"},{"@type":"Organization","@id":"https:\/\/la-ptite-cerise.be\/#organization","name":"La P'tite Cerise","url":"https:\/\/la-ptite-cerise.be\/","logo":{"@type":"ImageObject","inLanguage":"en-US","@id":"https:\/\/la-ptite-cerise.be\/#\/schema\/logo\/image\/","url":"https:\/\/la-ptite-cerise.be\/wp-content\/uploads\/2020\/10\/logo-header-01.jpg","contentUrl":"https:\/\/la-ptite-cerise.be\/wp-content\/uploads\/2020\/10\/logo-header-01.jpg","width":176,"height":100,"caption":"La P'tite Cerise"},"image":{"@id":"https:\/\/la-ptite-cerise.be\/#\/schema\/logo\/image\/"},"sameAs":["https:\/\/www.facebook.com\/laptitecerise\/","https:\/\/www.instagram.com\/la.ptite_cerise\/"]}]}},"_links":{"self":[{"href":"https:\/\/la-ptite-cerise.be\/en\/wp-json\/wp\/v2\/product\/14026","targetHints":{"allow":["GET"]}}],"collection":[{"href":"https:\/\/la-ptite-cerise.be\/en\/wp-json\/wp\/v2\/product"}],"about":[{"href":"https:\/\/la-ptite-cerise.be\/en\/wp-json\/wp\/v2\/types\/product"}],"wp:featuredmedia":[{"embeddable":true,"href":"https:\/\/la-ptite-cerise.be\/en\/wp-json\/wp\/v2\/media\/14028"}],"wp:attachment":[{"href":"https:\/\/la-ptite-cerise.be\/en\/wp-json\/wp\/v2\/media?parent=14026"}],"wp:term":[{"taxonomy":"product_brand","embeddable":true,"href":"https:\/\/la-ptite-cerise.be\/en\/wp-json\/wp\/v2\/product_brand?post=14026"},{"taxonomy":"product_cat","embeddable":true,"href":"https:\/\/la-ptite-cerise.be\/en\/wp-json\/wp\/v2\/product_cat?post=14026"},{"taxonomy":"product_tag","embeddable":true,"href":"https:\/\/la-ptite-cerise.be\/en\/wp-json\/wp\/v2\/product_tag?post=14026"}],"curies":[{"name":"wp","href":"https:\/\/api.w.org\/{rel}","templated":true}]}}