{"id":14034,"date":"2025-04-22T17:55:34","date_gmt":"2025-04-22T15:55:34","guid":{"rendered":"https:\/\/la-ptite-cerise.be\/?post_type=product&#038;p=14034"},"modified":"2025-05-09T16:57:25","modified_gmt":"2025-05-09T14:57:25","slug":"aeropress-clear-cafetiere-manuelle-transparente-copie-copie","status":"publish","type":"product","link":"https:\/\/la-ptite-cerise.be\/en\/produit\/aeropress-clear-cafetiere-manuelle-transparente-copie-copie\/","title":{"rendered":"AeroPress Micro-Filters White \u2013 350 filtres papier"},"content":{"rendered":"<p class=\"\" data-start=\"2685\" data-end=\"2955\">The <strong data-start=\"2689\" data-end=\"2722\">AeroPress Micro-Filters White<\/strong> are designed to deliver a <strong data-start=\"2749\" data-end=\"2770\">smooth, clean cup<\/strong> of coffee. Made from high-quality paper, these filters trap fine particles while allowing essential coffee oils to pass through, achieving a perfect balance between clarity and flavor.<\/p>\n<p class=\"\" data-start=\"2957\" data-end=\"3197\">Compatible with <strong data-start=\"2973\" data-end=\"2997\">all AeroPress models<\/strong> (Original, Clear, Go, Go Plus), these disposable filters offer convenience and consistency in every brew. With this <strong data-start=\"3114\" data-end=\"3126\">350-pack<\/strong>, you&#8217;re ready for many coffee sessions at home, at work, or on the go.<\/p>\n<hr class=\"\" data-start=\"3199\" data-end=\"3202\" \/>\n<h3 class=\"\" data-start=\"3204\" data-end=\"3227\"><strong data-start=\"3208\" data-end=\"3225\">Key features:<\/strong><\/h3>\n<ul data-start=\"3228\" data-end=\"3481\">\n<li class=\"\" data-start=\"3228\" data-end=\"3265\">\n<p class=\"\" data-start=\"3230\" data-end=\"3265\">High-quality paper, neutral taste<\/p>\n<\/li>\n<li class=\"\" data-start=\"3266\" data-end=\"3314\">\n<p class=\"\" data-start=\"3268\" data-end=\"3314\">Fine filtration for a clean cup without grit<\/p>\n<\/li>\n<li class=\"\" data-start=\"3315\" data-end=\"3369\">\n<p class=\"\" data-start=\"3317\" data-end=\"3369\">Allows coffee oils to pass through for full flavor<\/p>\n<\/li>\n<li class=\"\" data-start=\"3370\" data-end=\"3414\">\n<p class=\"\" data-start=\"3372\" data-end=\"3414\"><strong data-start=\"3372\" data-end=\"3412\">Compatible with all AeroPress models<\/strong><\/p>\n<\/li>\n<li class=\"\" data-start=\"3415\" data-end=\"3464\">\n<p class=\"\" data-start=\"3417\" data-end=\"3464\">Economical pack of <strong data-start=\"3436\" data-end=\"3462\">350 disposable filters<\/strong><\/p>\n<\/li>\n<li class=\"\" data-start=\"3465\" data-end=\"3481\">\n<p class=\"\" data-start=\"3467\" data-end=\"3481\">BPA &amp; BPS free<\/p>\n<\/li>\n<\/ul>\n<hr class=\"\" data-start=\"3483\" data-end=\"3486\" \/>\n<h3 class=\"\" data-start=\"3488\" data-end=\"3509\"><strong data-start=\"3492\" data-end=\"3507\">Usage tips:<\/strong><\/h3>\n<ol data-start=\"3510\" data-end=\"3668\">\n<li class=\"\" data-start=\"3510\" data-end=\"3562\">\n<p class=\"\" data-start=\"3513\" data-end=\"3562\">Place one filter into the AeroPress filter cap.<\/p>\n<\/li>\n<li class=\"\" data-start=\"3563\" data-end=\"3638\">\n<p class=\"\" data-start=\"3566\" data-end=\"3638\">Optionally, rinse the filter with hot water to remove any paper taste.<\/p>\n<\/li>\n<li class=\"\" data-start=\"3639\" data-end=\"3668\">\n<p class=\"\" data-start=\"3642\" data-end=\"3668\">Brew your coffee as usual.<\/p>\n<\/li>\n<\/ol>\n","protected":false},"excerpt":{"rendered":"<p>Ensure a clean, grit-free cup with <strong data-start=\"2556\" data-end=\"2589\">AeroPress Micro-Filters White<\/strong>. Pack of <strong data-start=\"2599\" data-end=\"2620\">350 paper filters<\/strong> for perfect brews every time.<\/p>\n","protected":false},"featured_media":14036,"template":"","meta":[],"product_brand":[],"product_cat":[184],"product_tag":[],"class_list":{"0":"post-14034","1":"product","2":"type-product","3":"status-publish","4":"has-post-thumbnail","6":"product_cat-aeropress-en","8":"first","9":"instock","10":"taxable","11":"shipping-taxable","12":"purchasable","13":"product-type-simple"},"yoast_head":"<!-- This site is optimized with the Yoast SEO plugin v25.7 - https:\/\/yoast.com\/wordpress\/plugins\/seo\/ -->\n<title>AeroPress Micro-Filters White \u2013 350 filtres papier - La P&#039;tite Cerise<\/title>\n<meta name=\"robots\" content=\"index, follow, max-snippet:-1, max-image-preview:large, max-video-preview:-1\" \/>\n<link rel=\"canonical\" href=\"https:\/\/la-ptite-cerise.be\/en\/produit\/aeropress-clear-cafetiere-manuelle-transparente-copie-copie\/\" \/>\n<meta property=\"og:locale\" content=\"en_US\" \/>\n<meta property=\"og:type\" content=\"article\" \/>\n<meta property=\"og:title\" content=\"AeroPress Micro-Filters White \u2013 350 filtres papier - La P&#039;tite Cerise\" \/>\n<meta property=\"og:description\" content=\"Ensure a clean, grit-free cup with AeroPress Micro-Filters White. Pack of 350 paper filters for perfect brews every time.\" \/>\n<meta property=\"og:url\" content=\"https:\/\/la-ptite-cerise.be\/en\/produit\/aeropress-clear-cafetiere-manuelle-transparente-copie-copie\/\" \/>\n<meta property=\"og:site_name\" content=\"La P&#039;tite Cerise\" \/>\n<meta property=\"article:publisher\" content=\"https:\/\/www.facebook.com\/laptitecerise\/\" \/>\n<meta property=\"article:modified_time\" content=\"2025-05-09T14:57:25+00:00\" \/>\n<meta property=\"og:image\" content=\"https:\/\/la-ptite-cerise.be\/wp-content\/uploads\/2025\/04\/microfilters-e1745337506116.jpg\" \/>\n\t<meta property=\"og:image:width\" content=\"1500\" \/>\n\t<meta property=\"og:image:height\" content=\"1500\" \/>\n\t<meta property=\"og:image:type\" content=\"image\/jpeg\" \/>\n<meta name=\"twitter:card\" content=\"summary_large_image\" \/>\n<meta name=\"twitter:label1\" content=\"Est. reading time\" \/>\n\t<meta name=\"twitter:data1\" content=\"1 minute\" \/>\n<script type=\"application\/ld+json\" class=\"yoast-schema-graph\">{\"@context\":\"https:\/\/schema.org\",\"@graph\":[{\"@type\":\"WebPage\",\"@id\":\"https:\/\/la-ptite-cerise.be\/en\/produit\/aeropress-clear-cafetiere-manuelle-transparente-copie-copie\/\",\"url\":\"https:\/\/la-ptite-cerise.be\/en\/produit\/aeropress-clear-cafetiere-manuelle-transparente-copie-copie\/\",\"name\":\"AeroPress Micro-Filters White \u2013 350 filtres papier - La P&#039;tite Cerise\",\"isPartOf\":{\"@id\":\"https:\/\/la-ptite-cerise.be\/#website\"},\"primaryImageOfPage\":{\"@id\":\"https:\/\/la-ptite-cerise.be\/en\/produit\/aeropress-clear-cafetiere-manuelle-transparente-copie-copie\/#primaryimage\"},\"image\":{\"@id\":\"https:\/\/la-ptite-cerise.be\/en\/produit\/aeropress-clear-cafetiere-manuelle-transparente-copie-copie\/#primaryimage\"},\"thumbnailUrl\":\"https:\/\/la-ptite-cerise.be\/wp-content\/uploads\/2025\/04\/microfilters-e1745337506116.jpg\",\"datePublished\":\"2025-04-22T15:55:34+00:00\",\"dateModified\":\"2025-05-09T14:57:25+00:00\",\"breadcrumb\":{\"@id\":\"https:\/\/la-ptite-cerise.be\/en\/produit\/aeropress-clear-cafetiere-manuelle-transparente-copie-copie\/#breadcrumb\"},\"inLanguage\":\"en-US\",\"potentialAction\":[{\"@type\":\"ReadAction\",\"target\":[\"https:\/\/la-ptite-cerise.be\/en\/produit\/aeropress-clear-cafetiere-manuelle-transparente-copie-copie\/\"]}]},{\"@type\":\"ImageObject\",\"inLanguage\":\"en-US\",\"@id\":\"https:\/\/la-ptite-cerise.be\/en\/produit\/aeropress-clear-cafetiere-manuelle-transparente-copie-copie\/#primaryimage\",\"url\":\"https:\/\/la-ptite-cerise.be\/wp-content\/uploads\/2025\/04\/microfilters-e1745337506116.jpg\",\"contentUrl\":\"https:\/\/la-ptite-cerise.be\/wp-content\/uploads\/2025\/04\/microfilters-e1745337506116.jpg\",\"width\":500,\"height\":500,\"caption\":\"Version 1.0.0\"},{\"@type\":\"BreadcrumbList\",\"@id\":\"https:\/\/la-ptite-cerise.be\/en\/produit\/aeropress-clear-cafetiere-manuelle-transparente-copie-copie\/#breadcrumb\",\"itemListElement\":[{\"@type\":\"ListItem\",\"position\":1,\"name\":\"Accueil\",\"item\":\"https:\/\/la-ptite-cerise.be\/en\/\"},{\"@type\":\"ListItem\",\"position\":2,\"name\":\"Store\",\"item\":\"https:\/\/la-ptite-cerise.be\/boutique\/\"},{\"@type\":\"ListItem\",\"position\":3,\"name\":\"AeroPress Micro-Filters White \u2013 350 filtres papier\"}]},{\"@type\":\"WebSite\",\"@id\":\"https:\/\/la-ptite-cerise.be\/#website\",\"url\":\"https:\/\/la-ptite-cerise.be\/\",\"name\":\"La P'tite Cerise\",\"description\":\"Artisan torr\u00e9facteur de caf\u00e9 de sp\u00e9cialit\u00e9. S\u00e9lection de th\u00e9s &amp; tisanes.\",\"publisher\":{\"@id\":\"https:\/\/la-ptite-cerise.be\/#organization\"},\"potentialAction\":[{\"@type\":\"SearchAction\",\"target\":{\"@type\":\"EntryPoint\",\"urlTemplate\":\"https:\/\/la-ptite-cerise.be\/?s={search_term_string}\"},\"query-input\":{\"@type\":\"PropertyValueSpecification\",\"valueRequired\":true,\"valueName\":\"search_term_string\"}}],\"inLanguage\":\"en-US\"},{\"@type\":\"Organization\",\"@id\":\"https:\/\/la-ptite-cerise.be\/#organization\",\"name\":\"La P'tite Cerise\",\"url\":\"https:\/\/la-ptite-cerise.be\/\",\"logo\":{\"@type\":\"ImageObject\",\"inLanguage\":\"en-US\",\"@id\":\"https:\/\/la-ptite-cerise.be\/#\/schema\/logo\/image\/\",\"url\":\"https:\/\/la-ptite-cerise.be\/wp-content\/uploads\/2020\/10\/logo-header-01.jpg\",\"contentUrl\":\"https:\/\/la-ptite-cerise.be\/wp-content\/uploads\/2020\/10\/logo-header-01.jpg\",\"width\":176,\"height\":100,\"caption\":\"La P'tite Cerise\"},\"image\":{\"@id\":\"https:\/\/la-ptite-cerise.be\/#\/schema\/logo\/image\/\"},\"sameAs\":[\"https:\/\/www.facebook.com\/laptitecerise\/\",\"https:\/\/www.instagram.com\/la.ptite_cerise\/\"]}]}<\/script>\n<!-- \/ Yoast SEO plugin. -->","yoast_head_json":{"title":"AeroPress Micro-Filters White \u2013 350 filtres papier - La P&#039;tite Cerise","robots":{"index":"index","follow":"follow","max-snippet":"max-snippet:-1","max-image-preview":"max-image-preview:large","max-video-preview":"max-video-preview:-1"},"canonical":"https:\/\/la-ptite-cerise.be\/en\/produit\/aeropress-clear-cafetiere-manuelle-transparente-copie-copie\/","og_locale":"en_US","og_type":"article","og_title":"AeroPress Micro-Filters White \u2013 350 filtres papier - La P&#039;tite Cerise","og_description":"Ensure a clean, grit-free cup with AeroPress Micro-Filters White. Pack of 350 paper filters for perfect brews every time.","og_url":"https:\/\/la-ptite-cerise.be\/en\/produit\/aeropress-clear-cafetiere-manuelle-transparente-copie-copie\/","og_site_name":"La P&#039;tite Cerise","article_publisher":"https:\/\/www.facebook.com\/laptitecerise\/","article_modified_time":"2025-05-09T14:57:25+00:00","og_image":[{"width":1500,"height":1500,"url":"https:\/\/la-ptite-cerise.be\/wp-content\/uploads\/2025\/04\/microfilters-e1745337506116.jpg","type":"image\/jpeg"}],"twitter_card":"summary_large_image","twitter_misc":{"Est. reading time":"1 minute"},"schema":{"@context":"https:\/\/schema.org","@graph":[{"@type":"WebPage","@id":"https:\/\/la-ptite-cerise.be\/en\/produit\/aeropress-clear-cafetiere-manuelle-transparente-copie-copie\/","url":"https:\/\/la-ptite-cerise.be\/en\/produit\/aeropress-clear-cafetiere-manuelle-transparente-copie-copie\/","name":"AeroPress Micro-Filters White \u2013 350 filtres papier - La P&#039;tite Cerise","isPartOf":{"@id":"https:\/\/la-ptite-cerise.be\/#website"},"primaryImageOfPage":{"@id":"https:\/\/la-ptite-cerise.be\/en\/produit\/aeropress-clear-cafetiere-manuelle-transparente-copie-copie\/#primaryimage"},"image":{"@id":"https:\/\/la-ptite-cerise.be\/en\/produit\/aeropress-clear-cafetiere-manuelle-transparente-copie-copie\/#primaryimage"},"thumbnailUrl":"https:\/\/la-ptite-cerise.be\/wp-content\/uploads\/2025\/04\/microfilters-e1745337506116.jpg","datePublished":"2025-04-22T15:55:34+00:00","dateModified":"2025-05-09T14:57:25+00:00","breadcrumb":{"@id":"https:\/\/la-ptite-cerise.be\/en\/produit\/aeropress-clear-cafetiere-manuelle-transparente-copie-copie\/#breadcrumb"},"inLanguage":"en-US","potentialAction":[{"@type":"ReadAction","target":["https:\/\/la-ptite-cerise.be\/en\/produit\/aeropress-clear-cafetiere-manuelle-transparente-copie-copie\/"]}]},{"@type":"ImageObject","inLanguage":"en-US","@id":"https:\/\/la-ptite-cerise.be\/en\/produit\/aeropress-clear-cafetiere-manuelle-transparente-copie-copie\/#primaryimage","url":"https:\/\/la-ptite-cerise.be\/wp-content\/uploads\/2025\/04\/microfilters-e1745337506116.jpg","contentUrl":"https:\/\/la-ptite-cerise.be\/wp-content\/uploads\/2025\/04\/microfilters-e1745337506116.jpg","width":500,"height":500,"caption":"Version 1.0.0"},{"@type":"BreadcrumbList","@id":"https:\/\/la-ptite-cerise.be\/en\/produit\/aeropress-clear-cafetiere-manuelle-transparente-copie-copie\/#breadcrumb","itemListElement":[{"@type":"ListItem","position":1,"name":"Accueil","item":"https:\/\/la-ptite-cerise.be\/en\/"},{"@type":"ListItem","position":2,"name":"Store","item":"https:\/\/la-ptite-cerise.be\/boutique\/"},{"@type":"ListItem","position":3,"name":"AeroPress Micro-Filters White \u2013 350 filtres papier"}]},{"@type":"WebSite","@id":"https:\/\/la-ptite-cerise.be\/#website","url":"https:\/\/la-ptite-cerise.be\/","name":"La P'tite Cerise","description":"Artisan torr\u00e9facteur de caf\u00e9 de sp\u00e9cialit\u00e9. S\u00e9lection de th\u00e9s &amp; tisanes.","publisher":{"@id":"https:\/\/la-ptite-cerise.be\/#organization"},"potentialAction":[{"@type":"SearchAction","target":{"@type":"EntryPoint","urlTemplate":"https:\/\/la-ptite-cerise.be\/?s={search_term_string}"},"query-input":{"@type":"PropertyValueSpecification","valueRequired":true,"valueName":"search_term_string"}}],"inLanguage":"en-US"},{"@type":"Organization","@id":"https:\/\/la-ptite-cerise.be\/#organization","name":"La P'tite Cerise","url":"https:\/\/la-ptite-cerise.be\/","logo":{"@type":"ImageObject","inLanguage":"en-US","@id":"https:\/\/la-ptite-cerise.be\/#\/schema\/logo\/image\/","url":"https:\/\/la-ptite-cerise.be\/wp-content\/uploads\/2020\/10\/logo-header-01.jpg","contentUrl":"https:\/\/la-ptite-cerise.be\/wp-content\/uploads\/2020\/10\/logo-header-01.jpg","width":176,"height":100,"caption":"La P'tite Cerise"},"image":{"@id":"https:\/\/la-ptite-cerise.be\/#\/schema\/logo\/image\/"},"sameAs":["https:\/\/www.facebook.com\/laptitecerise\/","https:\/\/www.instagram.com\/la.ptite_cerise\/"]}]}},"_links":{"self":[{"href":"https:\/\/la-ptite-cerise.be\/en\/wp-json\/wp\/v2\/product\/14034","targetHints":{"allow":["GET"]}}],"collection":[{"href":"https:\/\/la-ptite-cerise.be\/en\/wp-json\/wp\/v2\/product"}],"about":[{"href":"https:\/\/la-ptite-cerise.be\/en\/wp-json\/wp\/v2\/types\/product"}],"wp:featuredmedia":[{"embeddable":true,"href":"https:\/\/la-ptite-cerise.be\/en\/wp-json\/wp\/v2\/media\/14036"}],"wp:attachment":[{"href":"https:\/\/la-ptite-cerise.be\/en\/wp-json\/wp\/v2\/media?parent=14034"}],"wp:term":[{"taxonomy":"product_brand","embeddable":true,"href":"https:\/\/la-ptite-cerise.be\/en\/wp-json\/wp\/v2\/product_brand?post=14034"},{"taxonomy":"product_cat","embeddable":true,"href":"https:\/\/la-ptite-cerise.be\/en\/wp-json\/wp\/v2\/product_cat?post=14034"},{"taxonomy":"product_tag","embeddable":true,"href":"https:\/\/la-ptite-cerise.be\/en\/wp-json\/wp\/v2\/product_tag?post=14034"}],"curies":[{"name":"wp","href":"https:\/\/api.w.org\/{rel}","templated":true}]}}