{"id":14038,"date":"2022-07-01T14:03:57","date_gmt":"2022-07-01T12:03:57","guid":{"rendered":"https:\/\/la-ptite-cerise.be\/produit\/wilfa-classic-aroma-cgws-130b-moulin-a-cafe-electrique\/"},"modified":"2022-07-01T14:03:57","modified_gmt":"2022-07-01T12:03:57","slug":"wilfa-classic-aroma-cgws-130b-moulin-a-cafe-electrique","status":"publish","type":"product","link":"https:\/\/la-ptite-cerise.be\/en\/produit\/wilfa-classic-aroma-cgws-130b-moulin-a-cafe-electrique\/","title":{"rendered":"Wilfa Classic Aroma CGWS-130B \u2013 Moulin \u00e0 caf\u00e9 \u00e9lectrique"},"content":{"rendered":"<p class=\"\" data-start=\"3831\" data-end=\"4060\">he <strong data-start=\"3835\" data-end=\"3868\">Wilfa Classic Aroma CGWS-130B<\/strong> is designed for coffee lovers who prefer <strong data-start=\"3910\" data-end=\"3936\">gentle brewing methods<\/strong> and <strong data-start=\"3941\" data-end=\"3954\">Moka pots<\/strong>. With <strong data-start=\"3961\" data-end=\"3994\">stainless steel conical burrs<\/strong>, it provides consistent grinding while preserving coffee flavors.<\/p>\n<p class=\"\" data-start=\"4062\" data-end=\"4307\">Its <strong data-start=\"4066\" data-end=\"4085\">low-speed motor<\/strong> prevents overheating, maintaining aroma quality. The <strong data-start=\"4139\" data-end=\"4155\">250 g hopper<\/strong> with a <strong data-start=\"4163\" data-end=\"4184\">UV-protective lid<\/strong> safeguards beans from air, moisture, and light. Thanks to its <strong data-start=\"4247\" data-end=\"4268\">34 grind settings<\/strong>, it suits a variety of brew methods:<\/p>\n<ul data-start=\"4308\" data-end=\"4454\">\n<li class=\"\" data-start=\"4308\" data-end=\"4343\">\n<p class=\"\" data-start=\"4310\" data-end=\"4343\"><strong data-start=\"4310\" data-end=\"4320\">Coarse<\/strong> for <strong data-start=\"4325\" data-end=\"4341\">French Press<\/strong><\/p>\n<\/li>\n<li class=\"\" data-start=\"4344\" data-end=\"4416\">\n<p class=\"\" data-start=\"4346\" data-end=\"4416\"><strong data-start=\"4346\" data-end=\"4356\">Medium<\/strong> for <strong data-start=\"4361\" data-end=\"4378\">filter coffee<\/strong>, <strong data-start=\"4380\" data-end=\"4390\">Chemex<\/strong>, <strong data-start=\"4392\" data-end=\"4399\">V60<\/strong>, <strong data-start=\"4401\" data-end=\"4414\">AeroPress<\/strong><\/p>\n<\/li>\n<li class=\"\" data-start=\"4417\" data-end=\"4454\">\n<p class=\"\" data-start=\"4419\" data-end=\"4454\"><strong data-start=\"4419\" data-end=\"4434\">Medium-fine<\/strong> for <strong data-start=\"4439\" data-end=\"4452\">Moka pots<\/strong><\/p>\n<\/li>\n<\/ul>\n<p class=\"\" data-start=\"4456\" data-end=\"4538\">Covered by a <strong data-start=\"4469\" data-end=\"4501\">5-year manufacturer warranty<\/strong>, it\u2019s built for lasting performance.<\/p>\n<hr class=\"\" data-start=\"4540\" data-end=\"4543\" \/>\n<h3 class=\"\" data-start=\"4545\" data-end=\"4568\"><strong data-start=\"4549\" data-end=\"4566\">Key features:<\/strong><\/h3>\n<ul data-start=\"4569\" data-end=\"4935\">\n<li class=\"\" data-start=\"4569\" data-end=\"4623\">\n<p class=\"\" data-start=\"4571\" data-end=\"4623\">Stainless steel conical burrs for uniform grinding<\/p>\n<\/li>\n<li class=\"\" data-start=\"4624\" data-end=\"4669\">\n<p class=\"\" data-start=\"4626\" data-end=\"4669\">Low-speed motor to preserve coffee aromas<\/p>\n<\/li>\n<li class=\"\" data-start=\"4670\" data-end=\"4742\">\n<p class=\"\" data-start=\"4672\" data-end=\"4742\"><strong data-start=\"4672\" data-end=\"4693\">34 grind settings<\/strong>: French Press, filter, Chemex, AeroPress, Moka<\/p>\n<\/li>\n<li class=\"\" data-start=\"4743\" data-end=\"4786\">\n<p class=\"\" data-start=\"4745\" data-end=\"4786\"><strong data-start=\"4745\" data-end=\"4761\">250 g hopper<\/strong> with UV-protective lid<\/p>\n<\/li>\n<li class=\"\" data-start=\"4787\" data-end=\"4826\">\n<p class=\"\" data-start=\"4789\" data-end=\"4826\">Integrated timer for precise dosing<\/p>\n<\/li>\n<li class=\"\" data-start=\"4827\" data-end=\"4858\">\n<p class=\"\" data-start=\"4829\" data-end=\"4858\">Compact, matte black design<\/p>\n<\/li>\n<li class=\"\" data-start=\"4859\" data-end=\"4882\">\n<p class=\"\" data-start=\"4861\" data-end=\"4882\"><strong data-start=\"4861\" data-end=\"4880\">5-year warranty<\/strong><\/p>\n<\/li>\n<li class=\"\" data-start=\"4883\" data-end=\"4918\">\n<p class=\"\" data-start=\"4885\" data-end=\"4918\">Easy to clean with a soft brush<\/p>\n<\/li>\n<li class=\"\" data-start=\"4919\" data-end=\"4935\">\n<p class=\"\" data-start=\"4921\" data-end=\"4935\">Weight: 1.9 kg<\/p>\n<\/li>\n<\/ul>\n<hr class=\"\" data-start=\"4937\" data-end=\"4940\" \/>\n<h3 class=\"\" data-start=\"82\" data-end=\"103\"><strong data-start=\"86\" data-end=\"101\">Usage tips:<\/strong><\/h3>\n<ol data-start=\"104\" data-end=\"505\">\n<li class=\"\" data-start=\"104\" data-end=\"157\">\n<p class=\"\" data-start=\"107\" data-end=\"157\">Fill the hopper with coffee beans (up to 250 g).<\/p>\n<\/li>\n<li class=\"\" data-start=\"158\" data-end=\"332\">\n<p class=\"\" data-start=\"161\" data-end=\"200\">Select the appropriate grind setting:<\/p>\n<ul data-start=\"204\" data-end=\"332\">\n<li class=\"\" data-start=\"204\" data-end=\"235\">\n<p class=\"\" data-start=\"206\" data-end=\"235\"><strong data-start=\"206\" data-end=\"216\">Coarse<\/strong> for French Press<\/p>\n<\/li>\n<li class=\"\" data-start=\"239\" data-end=\"295\">\n<p class=\"\" data-start=\"241\" data-end=\"295\"><strong data-start=\"241\" data-end=\"251\">Medium<\/strong> for filter coffee, Chemex, V60, AeroPress<\/p>\n<\/li>\n<li class=\"\" data-start=\"299\" data-end=\"332\">\n<p class=\"\" data-start=\"301\" data-end=\"332\"><strong data-start=\"301\" data-end=\"316\">Medium-fine<\/strong> for Moka pots<\/p>\n<\/li>\n<\/ul>\n<\/li>\n<li class=\"\" data-start=\"333\" data-end=\"386\">\n<p class=\"\" data-start=\"336\" data-end=\"386\">Set the timer according to the desired quantity.<\/p>\n<\/li>\n<li class=\"\" data-start=\"387\" data-end=\"433\">\n<p class=\"\" data-start=\"390\" data-end=\"433\">Press the start button to begin grinding.<\/p>\n<\/li>\n<li class=\"\" data-start=\"434\" data-end=\"505\">\n<p class=\"\" data-start=\"437\" data-end=\"505\">Clean the burrs regularly with a soft brush to maintain performance.<\/p>\n<\/li>\n<\/ol>\n<hr class=\"\" data-start=\"4993\" data-end=\"4996\" \/>\n<h3 class=\"\" data-start=\"4998\" data-end=\"5023\"><strong data-start=\"5002\" data-end=\"5021\">Important note:<\/strong><\/h3>\n<p class=\"\" data-start=\"5024\" data-end=\"5231\">The <strong data-start=\"5028\" data-end=\"5061\">Wilfa Classic Aroma CGWS-130B<\/strong> is <strong data-start=\"5065\" data-end=\"5111\">not suitable for fine or extra-fine grinds<\/strong> required for <strong data-start=\"5125\" data-end=\"5146\">espresso machines<\/strong> or <strong data-start=\"5150\" data-end=\"5168\">Turkish coffee<\/strong>. It is optimized for <strong data-start=\"5190\" data-end=\"5230\">gentle brewing methods and Moka pots<\/strong>.<\/p>\n","protected":false},"excerpt":{"rendered":"<p>The <strong data-start=\"3634\" data-end=\"3667\">Wilfa Classic Aroma CGWS-130B<\/strong> is an electric coffee grinder with conical burrs, perfect for gentle brewing methods and Moka pots. Backed by a 5-year warranty.<\/p>\n","protected":false},"featured_media":10124,"template":"","meta":[],"product_brand":[],"product_cat":[202],"product_tag":[],"class_list":{"0":"post-14038","1":"product","2":"type-product","3":"status-publish","4":"has-post-thumbnail","6":"product_cat-wilfa-en","8":"first","9":"instock","10":"taxable","11":"shipping-taxable","12":"purchasable","13":"product-type-simple"},"yoast_head":"<!-- This site is optimized with the Yoast SEO plugin v25.7 - https:\/\/yoast.com\/wordpress\/plugins\/seo\/ -->\n<title>Wilfa Classic Aroma CGWS-130B \u2013 Moulin \u00e0 caf\u00e9 \u00e9lectrique - La P&#039;tite Cerise<\/title>\n<meta name=\"robots\" content=\"index, follow, max-snippet:-1, max-image-preview:large, max-video-preview:-1\" \/>\n<link rel=\"canonical\" href=\"https:\/\/la-ptite-cerise.be\/produit\/wilfa-classic-aroma-cgws-130b-moulin-a-cafe-electrique\/\" \/>\n<meta property=\"og:locale\" content=\"en_US\" \/>\n<meta property=\"og:type\" content=\"article\" \/>\n<meta property=\"og:title\" content=\"Wilfa Classic Aroma CGWS-130B \u2013 Moulin \u00e0 caf\u00e9 \u00e9lectrique - La P&#039;tite Cerise\" \/>\n<meta property=\"og:description\" content=\"The Wilfa Classic Aroma CGWS-130B is an electric coffee grinder with conical burrs, perfect for gentle brewing methods and Moka pots. Backed by a 5-year warranty.\" \/>\n<meta property=\"og:url\" content=\"https:\/\/la-ptite-cerise.be\/produit\/wilfa-classic-aroma-cgws-130b-moulin-a-cafe-electrique\/\" \/>\n<meta property=\"og:site_name\" content=\"La P&#039;tite Cerise\" \/>\n<meta property=\"article:publisher\" content=\"https:\/\/www.facebook.com\/laptitecerise\/\" \/>\n<meta property=\"og:image\" content=\"https:\/\/la-ptite-cerise.be\/wp-content\/uploads\/2022\/07\/wilfa-cgws-130b-appareil-a-moudre-le-cafe-moulin-a-cafe-noir.jpg\" \/>\n\t<meta property=\"og:image:width\" content=\"500\" \/>\n\t<meta property=\"og:image:height\" content=\"500\" \/>\n\t<meta property=\"og:image:type\" content=\"image\/jpeg\" \/>\n<meta name=\"twitter:card\" content=\"summary_large_image\" \/>\n<meta name=\"twitter:label1\" content=\"Est. reading time\" \/>\n\t<meta name=\"twitter:data1\" content=\"1 minute\" \/>\n<script type=\"application\/ld+json\" class=\"yoast-schema-graph\">{\"@context\":\"https:\/\/schema.org\",\"@graph\":[{\"@type\":\"WebPage\",\"@id\":\"https:\/\/la-ptite-cerise.be\/produit\/wilfa-classic-aroma-cgws-130b-moulin-a-cafe-electrique\/\",\"url\":\"https:\/\/la-ptite-cerise.be\/produit\/wilfa-classic-aroma-cgws-130b-moulin-a-cafe-electrique\/\",\"name\":\"Wilfa Classic Aroma CGWS-130B \u2013 Moulin \u00e0 caf\u00e9 \u00e9lectrique - La P&#039;tite Cerise\",\"isPartOf\":{\"@id\":\"https:\/\/la-ptite-cerise.be\/#website\"},\"primaryImageOfPage\":{\"@id\":\"https:\/\/la-ptite-cerise.be\/produit\/wilfa-classic-aroma-cgws-130b-moulin-a-cafe-electrique\/#primaryimage\"},\"image\":{\"@id\":\"https:\/\/la-ptite-cerise.be\/produit\/wilfa-classic-aroma-cgws-130b-moulin-a-cafe-electrique\/#primaryimage\"},\"thumbnailUrl\":\"https:\/\/la-ptite-cerise.be\/wp-content\/uploads\/2022\/07\/wilfa-cgws-130b-appareil-a-moudre-le-cafe-moulin-a-cafe-noir.jpg\",\"datePublished\":\"2022-07-01T12:03:57+00:00\",\"breadcrumb\":{\"@id\":\"https:\/\/la-ptite-cerise.be\/produit\/wilfa-classic-aroma-cgws-130b-moulin-a-cafe-electrique\/#breadcrumb\"},\"inLanguage\":\"en-US\",\"potentialAction\":[{\"@type\":\"ReadAction\",\"target\":[\"https:\/\/la-ptite-cerise.be\/produit\/wilfa-classic-aroma-cgws-130b-moulin-a-cafe-electrique\/\"]}]},{\"@type\":\"ImageObject\",\"inLanguage\":\"en-US\",\"@id\":\"https:\/\/la-ptite-cerise.be\/produit\/wilfa-classic-aroma-cgws-130b-moulin-a-cafe-electrique\/#primaryimage\",\"url\":\"https:\/\/la-ptite-cerise.be\/wp-content\/uploads\/2022\/07\/wilfa-cgws-130b-appareil-a-moudre-le-cafe-moulin-a-cafe-noir.jpg\",\"contentUrl\":\"https:\/\/la-ptite-cerise.be\/wp-content\/uploads\/2022\/07\/wilfa-cgws-130b-appareil-a-moudre-le-cafe-moulin-a-cafe-noir.jpg\",\"width\":500,\"height\":500},{\"@type\":\"BreadcrumbList\",\"@id\":\"https:\/\/la-ptite-cerise.be\/produit\/wilfa-classic-aroma-cgws-130b-moulin-a-cafe-electrique\/#breadcrumb\",\"itemListElement\":[{\"@type\":\"ListItem\",\"position\":1,\"name\":\"Accueil\",\"item\":\"https:\/\/la-ptite-cerise.be\/en\/\"},{\"@type\":\"ListItem\",\"position\":2,\"name\":\"Store\",\"item\":\"https:\/\/la-ptite-cerise.be\/boutique\/\"},{\"@type\":\"ListItem\",\"position\":3,\"name\":\"Wilfa Classic Aroma CGWS-130B \u2013 Moulin \u00e0 caf\u00e9 \u00e9lectrique\"}]},{\"@type\":\"WebSite\",\"@id\":\"https:\/\/la-ptite-cerise.be\/#website\",\"url\":\"https:\/\/la-ptite-cerise.be\/\",\"name\":\"La P'tite Cerise\",\"description\":\"Artisan torr\u00e9facteur de caf\u00e9 de sp\u00e9cialit\u00e9. S\u00e9lection de th\u00e9s &amp; tisanes.\",\"publisher\":{\"@id\":\"https:\/\/la-ptite-cerise.be\/#organization\"},\"potentialAction\":[{\"@type\":\"SearchAction\",\"target\":{\"@type\":\"EntryPoint\",\"urlTemplate\":\"https:\/\/la-ptite-cerise.be\/?s={search_term_string}\"},\"query-input\":{\"@type\":\"PropertyValueSpecification\",\"valueRequired\":true,\"valueName\":\"search_term_string\"}}],\"inLanguage\":\"en-US\"},{\"@type\":\"Organization\",\"@id\":\"https:\/\/la-ptite-cerise.be\/#organization\",\"name\":\"La P'tite Cerise\",\"url\":\"https:\/\/la-ptite-cerise.be\/\",\"logo\":{\"@type\":\"ImageObject\",\"inLanguage\":\"en-US\",\"@id\":\"https:\/\/la-ptite-cerise.be\/#\/schema\/logo\/image\/\",\"url\":\"https:\/\/la-ptite-cerise.be\/wp-content\/uploads\/2020\/10\/logo-header-01.jpg\",\"contentUrl\":\"https:\/\/la-ptite-cerise.be\/wp-content\/uploads\/2020\/10\/logo-header-01.jpg\",\"width\":176,\"height\":100,\"caption\":\"La P'tite Cerise\"},\"image\":{\"@id\":\"https:\/\/la-ptite-cerise.be\/#\/schema\/logo\/image\/\"},\"sameAs\":[\"https:\/\/www.facebook.com\/laptitecerise\/\",\"https:\/\/www.instagram.com\/la.ptite_cerise\/\"]}]}<\/script>\n<!-- \/ Yoast SEO plugin. -->","yoast_head_json":{"title":"Wilfa Classic Aroma CGWS-130B \u2013 Moulin \u00e0 caf\u00e9 \u00e9lectrique - La P&#039;tite Cerise","robots":{"index":"index","follow":"follow","max-snippet":"max-snippet:-1","max-image-preview":"max-image-preview:large","max-video-preview":"max-video-preview:-1"},"canonical":"https:\/\/la-ptite-cerise.be\/produit\/wilfa-classic-aroma-cgws-130b-moulin-a-cafe-electrique\/","og_locale":"en_US","og_type":"article","og_title":"Wilfa Classic Aroma CGWS-130B \u2013 Moulin \u00e0 caf\u00e9 \u00e9lectrique - La P&#039;tite Cerise","og_description":"The Wilfa Classic Aroma CGWS-130B is an electric coffee grinder with conical burrs, perfect for gentle brewing methods and Moka pots. Backed by a 5-year warranty.","og_url":"https:\/\/la-ptite-cerise.be\/produit\/wilfa-classic-aroma-cgws-130b-moulin-a-cafe-electrique\/","og_site_name":"La P&#039;tite Cerise","article_publisher":"https:\/\/www.facebook.com\/laptitecerise\/","og_image":[{"width":500,"height":500,"url":"https:\/\/la-ptite-cerise.be\/wp-content\/uploads\/2022\/07\/wilfa-cgws-130b-appareil-a-moudre-le-cafe-moulin-a-cafe-noir.jpg","type":"image\/jpeg"}],"twitter_card":"summary_large_image","twitter_misc":{"Est. reading time":"1 minute"},"schema":{"@context":"https:\/\/schema.org","@graph":[{"@type":"WebPage","@id":"https:\/\/la-ptite-cerise.be\/produit\/wilfa-classic-aroma-cgws-130b-moulin-a-cafe-electrique\/","url":"https:\/\/la-ptite-cerise.be\/produit\/wilfa-classic-aroma-cgws-130b-moulin-a-cafe-electrique\/","name":"Wilfa Classic Aroma CGWS-130B \u2013 Moulin \u00e0 caf\u00e9 \u00e9lectrique - La P&#039;tite Cerise","isPartOf":{"@id":"https:\/\/la-ptite-cerise.be\/#website"},"primaryImageOfPage":{"@id":"https:\/\/la-ptite-cerise.be\/produit\/wilfa-classic-aroma-cgws-130b-moulin-a-cafe-electrique\/#primaryimage"},"image":{"@id":"https:\/\/la-ptite-cerise.be\/produit\/wilfa-classic-aroma-cgws-130b-moulin-a-cafe-electrique\/#primaryimage"},"thumbnailUrl":"https:\/\/la-ptite-cerise.be\/wp-content\/uploads\/2022\/07\/wilfa-cgws-130b-appareil-a-moudre-le-cafe-moulin-a-cafe-noir.jpg","datePublished":"2022-07-01T12:03:57+00:00","breadcrumb":{"@id":"https:\/\/la-ptite-cerise.be\/produit\/wilfa-classic-aroma-cgws-130b-moulin-a-cafe-electrique\/#breadcrumb"},"inLanguage":"en-US","potentialAction":[{"@type":"ReadAction","target":["https:\/\/la-ptite-cerise.be\/produit\/wilfa-classic-aroma-cgws-130b-moulin-a-cafe-electrique\/"]}]},{"@type":"ImageObject","inLanguage":"en-US","@id":"https:\/\/la-ptite-cerise.be\/produit\/wilfa-classic-aroma-cgws-130b-moulin-a-cafe-electrique\/#primaryimage","url":"https:\/\/la-ptite-cerise.be\/wp-content\/uploads\/2022\/07\/wilfa-cgws-130b-appareil-a-moudre-le-cafe-moulin-a-cafe-noir.jpg","contentUrl":"https:\/\/la-ptite-cerise.be\/wp-content\/uploads\/2022\/07\/wilfa-cgws-130b-appareil-a-moudre-le-cafe-moulin-a-cafe-noir.jpg","width":500,"height":500},{"@type":"BreadcrumbList","@id":"https:\/\/la-ptite-cerise.be\/produit\/wilfa-classic-aroma-cgws-130b-moulin-a-cafe-electrique\/#breadcrumb","itemListElement":[{"@type":"ListItem","position":1,"name":"Accueil","item":"https:\/\/la-ptite-cerise.be\/en\/"},{"@type":"ListItem","position":2,"name":"Store","item":"https:\/\/la-ptite-cerise.be\/boutique\/"},{"@type":"ListItem","position":3,"name":"Wilfa Classic Aroma CGWS-130B \u2013 Moulin \u00e0 caf\u00e9 \u00e9lectrique"}]},{"@type":"WebSite","@id":"https:\/\/la-ptite-cerise.be\/#website","url":"https:\/\/la-ptite-cerise.be\/","name":"La P'tite Cerise","description":"Artisan torr\u00e9facteur de caf\u00e9 de sp\u00e9cialit\u00e9. S\u00e9lection de th\u00e9s &amp; tisanes.","publisher":{"@id":"https:\/\/la-ptite-cerise.be\/#organization"},"potentialAction":[{"@type":"SearchAction","target":{"@type":"EntryPoint","urlTemplate":"https:\/\/la-ptite-cerise.be\/?s={search_term_string}"},"query-input":{"@type":"PropertyValueSpecification","valueRequired":true,"valueName":"search_term_string"}}],"inLanguage":"en-US"},{"@type":"Organization","@id":"https:\/\/la-ptite-cerise.be\/#organization","name":"La P'tite Cerise","url":"https:\/\/la-ptite-cerise.be\/","logo":{"@type":"ImageObject","inLanguage":"en-US","@id":"https:\/\/la-ptite-cerise.be\/#\/schema\/logo\/image\/","url":"https:\/\/la-ptite-cerise.be\/wp-content\/uploads\/2020\/10\/logo-header-01.jpg","contentUrl":"https:\/\/la-ptite-cerise.be\/wp-content\/uploads\/2020\/10\/logo-header-01.jpg","width":176,"height":100,"caption":"La P'tite Cerise"},"image":{"@id":"https:\/\/la-ptite-cerise.be\/#\/schema\/logo\/image\/"},"sameAs":["https:\/\/www.facebook.com\/laptitecerise\/","https:\/\/www.instagram.com\/la.ptite_cerise\/"]}]}},"_links":{"self":[{"href":"https:\/\/la-ptite-cerise.be\/en\/wp-json\/wp\/v2\/product\/14038","targetHints":{"allow":["GET"]}}],"collection":[{"href":"https:\/\/la-ptite-cerise.be\/en\/wp-json\/wp\/v2\/product"}],"about":[{"href":"https:\/\/la-ptite-cerise.be\/en\/wp-json\/wp\/v2\/types\/product"}],"wp:featuredmedia":[{"embeddable":true,"href":"https:\/\/la-ptite-cerise.be\/en\/wp-json\/wp\/v2\/media\/10124"}],"wp:attachment":[{"href":"https:\/\/la-ptite-cerise.be\/en\/wp-json\/wp\/v2\/media?parent=14038"}],"wp:term":[{"taxonomy":"product_brand","embeddable":true,"href":"https:\/\/la-ptite-cerise.be\/en\/wp-json\/wp\/v2\/product_brand?post=14038"},{"taxonomy":"product_cat","embeddable":true,"href":"https:\/\/la-ptite-cerise.be\/en\/wp-json\/wp\/v2\/product_cat?post=14038"},{"taxonomy":"product_tag","embeddable":true,"href":"https:\/\/la-ptite-cerise.be\/en\/wp-json\/wp\/v2\/product_tag?post=14038"}],"curies":[{"name":"wp","href":"https:\/\/api.w.org\/{rel}","templated":true}]}}