{"id":14493,"date":"2025-06-15T17:48:32","date_gmt":"2025-06-15T15:48:32","guid":{"rendered":"https:\/\/la-ptite-cerise.be\/?post_type=product&#038;p=14493"},"modified":"2025-06-15T18:29:17","modified_gmt":"2025-06-15T16:29:17","slug":"perou-san-pedro-lave-copie","status":"publish","type":"product","link":"https:\/\/la-ptite-cerise.be\/en\/produit\/perou-san-pedro-lave-copie\/","title":{"rendered":"BURUNDI Shikankoni LAVE"},"content":{"rendered":"<h2 data-start=\"2487\" data-end=\"2559\">\ud83c\udf3f A vibrant washed micro-lot from Burundi \u2013 Shikankoni by Cafex<\/h2>\n<p data-start=\"2561\" data-end=\"2889\"><strong data-start=\"2561\" data-end=\"2580\">Washing station<\/strong>: Cafex<br data-start=\"2587\" data-end=\"2590\" \/><strong data-start=\"2590\" data-end=\"2603\">Producers<\/strong>: Smallholders from the Shikankoni hill<br data-start=\"2642\" data-end=\"2645\" \/><strong data-start=\"2645\" data-end=\"2655\">Region<\/strong>: Kayanza, Burundi<br data-start=\"2673\" data-end=\"2676\" \/><strong data-start=\"2676\" data-end=\"2688\">Altitude<\/strong>: 1450 \u2013 1750 m<br data-start=\"2703\" data-end=\"2706\" \/><strong data-start=\"2706\" data-end=\"2717\">Species<\/strong>: Arabica<br data-start=\"2726\" data-end=\"2729\" \/><strong data-start=\"2729\" data-end=\"2740\">Variety<\/strong>: Bourbon Mayaguez 139<br data-start=\"2762\" data-end=\"2765\" \/><strong data-start=\"2765\" data-end=\"2776\">Harvest<\/strong>: April to July<br data-start=\"2791\" data-end=\"2794\" \/><strong data-start=\"2794\" data-end=\"2812\">Picking method<\/strong>: Hand-picked<br data-start=\"2825\" data-end=\"2828\" \/><strong data-start=\"2828\" data-end=\"2839\">Process<\/strong>: Fully washed<br data-start=\"2853\" data-end=\"2856\" \/><strong data-start=\"2856\" data-end=\"2866\">Drying<\/strong>: Raised beds (20 days)<\/p>\n<hr data-start=\"2891\" data-end=\"2894\" \/>\n<h3 data-start=\"2896\" data-end=\"2917\">About this coffee<\/h3>\n<p data-start=\"2919\" data-end=\"3213\">Shikankoni marks a new chapter in our Burundian offering. This washed lot comes from smallholders cultivating the hills surrounding Cafex washing station, in the Kayanza province. Rich soils, high altitude and a favourable microclimate make this region ideal for producing high-quality Bourbon.<\/p>\n<p data-start=\"3215\" data-end=\"3583\">Founded in 2006 by a Belgian-Burundian couple, Cafex is more than just a washing station\u2014it\u2019s a long-term agricultural and social project. Since its creation, Cafex has championed sustainable farming practices and community development. Today, a local committee of 200 experienced producers runs the station with a focus on equity, precision and environmental respect.<\/p>\n<p data-start=\"3585\" data-end=\"3904\">Each day, ripe cherries are hand-picked and floated to sort by density. They are then pulped, fermented for 12 to 18 hours, thoroughly washed, and sun-dried on raised beds for around 20 days. Final hulling is handled at Ikawa Nziza, a high-altitude dry mill known for its meticulous processing and quality preservation.<\/p>\n<p data-start=\"3906\" data-end=\"4079\">In the cup, Shikankoni offers a beautiful balance between liveliness and roundness. Delicate green notes and lemon brightness meet a soft honey sweetness and biscuit finish.<\/p>\n<p data-start=\"4081\" data-end=\"4163\">A traceable, fresh and luminous coffee \u2013 just like the Cafex initiative behind it.<\/p>\n","protected":false},"excerpt":{"rendered":"<h4>(42\u20ac\/kg)<\/h4>\n<p><strong data-start=\"4170\" data-end=\"4190\">SCA score: 84.25<\/strong><br data-start=\"4190\" data-end=\"4193\" \/><strong data-start=\"4193\" data-end=\"4210\">Tasting notes<\/strong>: Green, honey, biscuit, lemon<\/p>\n","protected":false},"featured_media":14516,"template":"","meta":[],"product_brand":[],"product_cat":[139],"product_tag":[],"class_list":{"0":"post-14493","1":"product","2":"type-product","3":"status-publish","4":"has-post-thumbnail","6":"product_cat-coffee","8":"first","9":"outofstock","10":"taxable","11":"shipping-taxable","12":"purchasable","13":"product-type-variable"},"yoast_head":"<!-- This site is optimized with the Yoast SEO plugin v25.7 - https:\/\/yoast.com\/wordpress\/plugins\/seo\/ -->\n<title>BURUNDI Shikankoni LAVE - La P&#039;tite Cerise<\/title>\n<meta name=\"robots\" content=\"index, follow, max-snippet:-1, max-image-preview:large, max-video-preview:-1\" \/>\n<link rel=\"canonical\" href=\"https:\/\/la-ptite-cerise.be\/en\/produit\/perou-san-pedro-lave-copie\/\" \/>\n<meta property=\"og:locale\" content=\"en_US\" \/>\n<meta property=\"og:type\" content=\"article\" \/>\n<meta property=\"og:title\" content=\"BURUNDI Shikankoni LAVE - La P&#039;tite Cerise\" \/>\n<meta property=\"og:description\" content=\"(42\u20ac\/kg) SCA score: 84.25Tasting notes: Green, honey, biscuit, lemon\" \/>\n<meta property=\"og:url\" content=\"https:\/\/la-ptite-cerise.be\/en\/produit\/perou-san-pedro-lave-copie\/\" \/>\n<meta property=\"og:site_name\" content=\"La P&#039;tite Cerise\" \/>\n<meta property=\"article:publisher\" content=\"https:\/\/www.facebook.com\/laptitecerise\/\" \/>\n<meta property=\"article:modified_time\" content=\"2025-06-15T16:29:17+00:00\" \/>\n<meta property=\"og:image\" content=\"https:\/\/la-ptite-cerise.be\/wp-content\/uploads\/2025\/06\/\u2022Etiquettes-500x500px-Shikankoni.png\" \/>\n\t<meta property=\"og:image:width\" content=\"500\" \/>\n\t<meta property=\"og:image:height\" content=\"500\" \/>\n\t<meta property=\"og:image:type\" content=\"image\/png\" \/>\n<meta name=\"twitter:card\" content=\"summary_large_image\" \/>\n<meta name=\"twitter:label1\" content=\"Est. reading time\" \/>\n\t<meta name=\"twitter:data1\" content=\"1 minute\" \/>\n<script type=\"application\/ld+json\" class=\"yoast-schema-graph\">{\"@context\":\"https:\/\/schema.org\",\"@graph\":[{\"@type\":\"WebPage\",\"@id\":\"https:\/\/la-ptite-cerise.be\/en\/produit\/perou-san-pedro-lave-copie\/\",\"url\":\"https:\/\/la-ptite-cerise.be\/en\/produit\/perou-san-pedro-lave-copie\/\",\"name\":\"BURUNDI Shikankoni LAVE - La P&#039;tite Cerise\",\"isPartOf\":{\"@id\":\"https:\/\/la-ptite-cerise.be\/#website\"},\"primaryImageOfPage\":{\"@id\":\"https:\/\/la-ptite-cerise.be\/en\/produit\/perou-san-pedro-lave-copie\/#primaryimage\"},\"image\":{\"@id\":\"https:\/\/la-ptite-cerise.be\/en\/produit\/perou-san-pedro-lave-copie\/#primaryimage\"},\"thumbnailUrl\":\"https:\/\/la-ptite-cerise.be\/wp-content\/uploads\/2025\/06\/\u2022Etiquettes-500x500px-Shikankoni.png\",\"datePublished\":\"2025-06-15T15:48:32+00:00\",\"dateModified\":\"2025-06-15T16:29:17+00:00\",\"breadcrumb\":{\"@id\":\"https:\/\/la-ptite-cerise.be\/en\/produit\/perou-san-pedro-lave-copie\/#breadcrumb\"},\"inLanguage\":\"en-US\",\"potentialAction\":[{\"@type\":\"ReadAction\",\"target\":[\"https:\/\/la-ptite-cerise.be\/en\/produit\/perou-san-pedro-lave-copie\/\"]}]},{\"@type\":\"ImageObject\",\"inLanguage\":\"en-US\",\"@id\":\"https:\/\/la-ptite-cerise.be\/en\/produit\/perou-san-pedro-lave-copie\/#primaryimage\",\"url\":\"https:\/\/la-ptite-cerise.be\/wp-content\/uploads\/2025\/06\/\u2022Etiquettes-500x500px-Shikankoni.png\",\"contentUrl\":\"https:\/\/la-ptite-cerise.be\/wp-content\/uploads\/2025\/06\/\u2022Etiquettes-500x500px-Shikankoni.png\",\"width\":500,\"height\":500},{\"@type\":\"BreadcrumbList\",\"@id\":\"https:\/\/la-ptite-cerise.be\/en\/produit\/perou-san-pedro-lave-copie\/#breadcrumb\",\"itemListElement\":[{\"@type\":\"ListItem\",\"position\":1,\"name\":\"Accueil\",\"item\":\"https:\/\/la-ptite-cerise.be\/en\/\"},{\"@type\":\"ListItem\",\"position\":2,\"name\":\"Store\",\"item\":\"https:\/\/la-ptite-cerise.be\/boutique\/\"},{\"@type\":\"ListItem\",\"position\":3,\"name\":\"BURUNDI Shikankoni LAVE\"}]},{\"@type\":\"WebSite\",\"@id\":\"https:\/\/la-ptite-cerise.be\/#website\",\"url\":\"https:\/\/la-ptite-cerise.be\/\",\"name\":\"La P'tite Cerise\",\"description\":\"Artisan torr\u00e9facteur de caf\u00e9 de sp\u00e9cialit\u00e9. S\u00e9lection de th\u00e9s &amp; tisanes.\",\"publisher\":{\"@id\":\"https:\/\/la-ptite-cerise.be\/#organization\"},\"potentialAction\":[{\"@type\":\"SearchAction\",\"target\":{\"@type\":\"EntryPoint\",\"urlTemplate\":\"https:\/\/la-ptite-cerise.be\/?s={search_term_string}\"},\"query-input\":{\"@type\":\"PropertyValueSpecification\",\"valueRequired\":true,\"valueName\":\"search_term_string\"}}],\"inLanguage\":\"en-US\"},{\"@type\":\"Organization\",\"@id\":\"https:\/\/la-ptite-cerise.be\/#organization\",\"name\":\"La P'tite Cerise\",\"url\":\"https:\/\/la-ptite-cerise.be\/\",\"logo\":{\"@type\":\"ImageObject\",\"inLanguage\":\"en-US\",\"@id\":\"https:\/\/la-ptite-cerise.be\/#\/schema\/logo\/image\/\",\"url\":\"https:\/\/la-ptite-cerise.be\/wp-content\/uploads\/2020\/10\/logo-header-01.jpg\",\"contentUrl\":\"https:\/\/la-ptite-cerise.be\/wp-content\/uploads\/2020\/10\/logo-header-01.jpg\",\"width\":176,\"height\":100,\"caption\":\"La P'tite Cerise\"},\"image\":{\"@id\":\"https:\/\/la-ptite-cerise.be\/#\/schema\/logo\/image\/\"},\"sameAs\":[\"https:\/\/www.facebook.com\/laptitecerise\/\",\"https:\/\/www.instagram.com\/la.ptite_cerise\/\"]}]}<\/script>\n<!-- \/ Yoast SEO plugin. -->","yoast_head_json":{"title":"BURUNDI Shikankoni LAVE - La P&#039;tite Cerise","robots":{"index":"index","follow":"follow","max-snippet":"max-snippet:-1","max-image-preview":"max-image-preview:large","max-video-preview":"max-video-preview:-1"},"canonical":"https:\/\/la-ptite-cerise.be\/en\/produit\/perou-san-pedro-lave-copie\/","og_locale":"en_US","og_type":"article","og_title":"BURUNDI Shikankoni LAVE - La P&#039;tite Cerise","og_description":"(42\u20ac\/kg) SCA score: 84.25Tasting notes: Green, honey, biscuit, lemon","og_url":"https:\/\/la-ptite-cerise.be\/en\/produit\/perou-san-pedro-lave-copie\/","og_site_name":"La P&#039;tite Cerise","article_publisher":"https:\/\/www.facebook.com\/laptitecerise\/","article_modified_time":"2025-06-15T16:29:17+00:00","og_image":[{"width":500,"height":500,"url":"https:\/\/la-ptite-cerise.be\/wp-content\/uploads\/2025\/06\/\u2022Etiquettes-500x500px-Shikankoni.png","type":"image\/png"}],"twitter_card":"summary_large_image","twitter_misc":{"Est. reading time":"1 minute"},"schema":{"@context":"https:\/\/schema.org","@graph":[{"@type":"WebPage","@id":"https:\/\/la-ptite-cerise.be\/en\/produit\/perou-san-pedro-lave-copie\/","url":"https:\/\/la-ptite-cerise.be\/en\/produit\/perou-san-pedro-lave-copie\/","name":"BURUNDI Shikankoni LAVE - La P&#039;tite Cerise","isPartOf":{"@id":"https:\/\/la-ptite-cerise.be\/#website"},"primaryImageOfPage":{"@id":"https:\/\/la-ptite-cerise.be\/en\/produit\/perou-san-pedro-lave-copie\/#primaryimage"},"image":{"@id":"https:\/\/la-ptite-cerise.be\/en\/produit\/perou-san-pedro-lave-copie\/#primaryimage"},"thumbnailUrl":"https:\/\/la-ptite-cerise.be\/wp-content\/uploads\/2025\/06\/\u2022Etiquettes-500x500px-Shikankoni.png","datePublished":"2025-06-15T15:48:32+00:00","dateModified":"2025-06-15T16:29:17+00:00","breadcrumb":{"@id":"https:\/\/la-ptite-cerise.be\/en\/produit\/perou-san-pedro-lave-copie\/#breadcrumb"},"inLanguage":"en-US","potentialAction":[{"@type":"ReadAction","target":["https:\/\/la-ptite-cerise.be\/en\/produit\/perou-san-pedro-lave-copie\/"]}]},{"@type":"ImageObject","inLanguage":"en-US","@id":"https:\/\/la-ptite-cerise.be\/en\/produit\/perou-san-pedro-lave-copie\/#primaryimage","url":"https:\/\/la-ptite-cerise.be\/wp-content\/uploads\/2025\/06\/\u2022Etiquettes-500x500px-Shikankoni.png","contentUrl":"https:\/\/la-ptite-cerise.be\/wp-content\/uploads\/2025\/06\/\u2022Etiquettes-500x500px-Shikankoni.png","width":500,"height":500},{"@type":"BreadcrumbList","@id":"https:\/\/la-ptite-cerise.be\/en\/produit\/perou-san-pedro-lave-copie\/#breadcrumb","itemListElement":[{"@type":"ListItem","position":1,"name":"Accueil","item":"https:\/\/la-ptite-cerise.be\/en\/"},{"@type":"ListItem","position":2,"name":"Store","item":"https:\/\/la-ptite-cerise.be\/boutique\/"},{"@type":"ListItem","position":3,"name":"BURUNDI Shikankoni LAVE"}]},{"@type":"WebSite","@id":"https:\/\/la-ptite-cerise.be\/#website","url":"https:\/\/la-ptite-cerise.be\/","name":"La P'tite Cerise","description":"Artisan torr\u00e9facteur de caf\u00e9 de sp\u00e9cialit\u00e9. S\u00e9lection de th\u00e9s &amp; tisanes.","publisher":{"@id":"https:\/\/la-ptite-cerise.be\/#organization"},"potentialAction":[{"@type":"SearchAction","target":{"@type":"EntryPoint","urlTemplate":"https:\/\/la-ptite-cerise.be\/?s={search_term_string}"},"query-input":{"@type":"PropertyValueSpecification","valueRequired":true,"valueName":"search_term_string"}}],"inLanguage":"en-US"},{"@type":"Organization","@id":"https:\/\/la-ptite-cerise.be\/#organization","name":"La P'tite Cerise","url":"https:\/\/la-ptite-cerise.be\/","logo":{"@type":"ImageObject","inLanguage":"en-US","@id":"https:\/\/la-ptite-cerise.be\/#\/schema\/logo\/image\/","url":"https:\/\/la-ptite-cerise.be\/wp-content\/uploads\/2020\/10\/logo-header-01.jpg","contentUrl":"https:\/\/la-ptite-cerise.be\/wp-content\/uploads\/2020\/10\/logo-header-01.jpg","width":176,"height":100,"caption":"La P'tite Cerise"},"image":{"@id":"https:\/\/la-ptite-cerise.be\/#\/schema\/logo\/image\/"},"sameAs":["https:\/\/www.facebook.com\/laptitecerise\/","https:\/\/www.instagram.com\/la.ptite_cerise\/"]}]}},"_links":{"self":[{"href":"https:\/\/la-ptite-cerise.be\/en\/wp-json\/wp\/v2\/product\/14493","targetHints":{"allow":["GET"]}}],"collection":[{"href":"https:\/\/la-ptite-cerise.be\/en\/wp-json\/wp\/v2\/product"}],"about":[{"href":"https:\/\/la-ptite-cerise.be\/en\/wp-json\/wp\/v2\/types\/product"}],"wp:featuredmedia":[{"embeddable":true,"href":"https:\/\/la-ptite-cerise.be\/en\/wp-json\/wp\/v2\/media\/14516"}],"wp:attachment":[{"href":"https:\/\/la-ptite-cerise.be\/en\/wp-json\/wp\/v2\/media?parent=14493"}],"wp:term":[{"taxonomy":"product_brand","embeddable":true,"href":"https:\/\/la-ptite-cerise.be\/en\/wp-json\/wp\/v2\/product_brand?post=14493"},{"taxonomy":"product_cat","embeddable":true,"href":"https:\/\/la-ptite-cerise.be\/en\/wp-json\/wp\/v2\/product_cat?post=14493"},{"taxonomy":"product_tag","embeddable":true,"href":"https:\/\/la-ptite-cerise.be\/en\/wp-json\/wp\/v2\/product_tag?post=14493"}],"curies":[{"name":"wp","href":"https:\/\/api.w.org\/{rel}","templated":true}]}}