{"id":14724,"date":"2025-06-19T12:16:08","date_gmt":"2025-06-19T10:16:08","guid":{"rendered":"https:\/\/la-ptite-cerise.be\/?post_type=product&#038;p=14724"},"modified":"2025-06-19T12:28:49","modified_gmt":"2025-06-19T10:28:49","slug":"parfum-dorient-copie","status":"publish","type":"product","link":"https:\/\/la-ptite-cerise.be\/en\/produit\/parfum-dorient-copie\/","title":{"rendered":"Biscuits de riz"},"content":{"rendered":"<h2 data-start=\"1885\" data-end=\"1930\">\ud83c\udf3e Green Tea \u2013 Rice Biscuits (100 g pouch)<\/h2>\n<p data-start=\"1932\" data-end=\"2001\">A gourmet green tea with notes of pistachio, citrus and sweet ginger.<\/p>\n<p data-start=\"2003\" data-end=\"2227\">Inspired by Japanese Genmaicha, Rice Biscuits blends puffed rice crunch with the smoothness of Chinese Sencha. Hints of pistachio, sweet ginger, cardamom and orange slices give it a warm, creamy and slightly zesty character.<\/p>\n<p data-start=\"2229\" data-end=\"2302\">\ud83d\udcac A comforting tea with biscuit-like flavours \u2013 perfect for cosy breaks.<\/p>\n<hr data-start=\"2304\" data-end=\"2307\" \/>\n<h3 data-start=\"2309\" data-end=\"2325\">\u2705 Highlights<\/h3>\n<ul data-start=\"2327\" data-end=\"2555\">\n<li data-start=\"2327\" data-end=\"2408\">\n<p data-start=\"2329\" data-end=\"2408\">Premium blend made with sustainably grown ingredients and natural flavourings<\/p>\n<\/li>\n<li data-start=\"2409\" data-end=\"2454\">\n<p data-start=\"2411\" data-end=\"2454\">Unique pairing of Genmaicha and pistachio<\/p>\n<\/li>\n<li data-start=\"2455\" data-end=\"2504\">\n<p data-start=\"2457\" data-end=\"2504\">Natural aromas of ginger, cardamom and orange<\/p>\n<\/li>\n<li data-start=\"2505\" data-end=\"2555\">\n<p data-start=\"2507\" data-end=\"2555\">Ideal for autumn moments or relaxing tea times<\/p>\n<\/li>\n<\/ul>\n<hr data-start=\"2557\" data-end=\"2560\" \/>\n<h3 data-start=\"2562\" data-end=\"2582\">\ud83e\uddfe Ingredients<\/h3>\n<p data-start=\"2583\" data-end=\"2789\">China Sencha extra green tea, China Genmaicha green tea, ginger (ginger, raw cane sugar), orange slices, natural flavouring, cardamom, rose petals.<br data-start=\"2730\" data-end=\"2733\" \/><strong data-start=\"2733\" data-end=\"2746\">Allergens<\/strong>: May contain traces of milk and tree nuts.<\/p>\n<hr data-start=\"2791\" data-end=\"2794\" \/>\n<h3 data-start=\"2796\" data-end=\"2826\">\ud83c\udf7d\ufe0f Brewing instructions<\/h3>\n<ul data-start=\"2828\" data-end=\"3042\">\n<li data-start=\"2828\" data-end=\"2863\">\n<p data-start=\"2830\" data-end=\"2863\"><strong data-start=\"2830\" data-end=\"2851\">Water temperature<\/strong>: 70\u201380\u202f\u00b0C<\/p>\n<\/li>\n<li data-start=\"2864\" data-end=\"2901\">\n<p data-start=\"2866\" data-end=\"2901\"><strong data-start=\"2866\" data-end=\"2883\">Steeping time<\/strong>: 2 to 3 minutes<\/p>\n<\/li>\n<li data-start=\"2902\" data-end=\"2962\">\n<p data-start=\"2904\" data-end=\"2917\"><strong data-start=\"2904\" data-end=\"2914\">Dosage<\/strong>:<\/p>\n<ul data-start=\"2920\" data-end=\"2962\">\n<li data-start=\"2920\" data-end=\"2938\">\n<p data-start=\"2922\" data-end=\"2938\">3 g for 200 ml<\/p>\n<\/li>\n<li data-start=\"2941\" data-end=\"2962\">\n<p data-start=\"2943\" data-end=\"2962\">12\u201315 g per litre<\/p>\n<\/li>\n<\/ul>\n<\/li>\n<li data-start=\"2963\" data-end=\"3042\">\n<p data-start=\"2965\" data-end=\"3042\"><strong data-start=\"2965\" data-end=\"2979\">Suggestion<\/strong>: best enjoyed hot to reveal its biscuit-like depth and warmth.<\/p>\n<\/li>\n<\/ul>\n","protected":false},"excerpt":{"rendered":"<p>Green tea with puffed rice &amp; pistachio. 100 g pouch. Smooth, creamy, slightly spiced.<\/p>\n","protected":false},"featured_media":14726,"template":"","meta":[],"product_brand":[],"product_cat":[143],"product_tag":[],"class_list":{"0":"post-14724","1":"product","2":"type-product","3":"status-publish","4":"has-post-thumbnail","6":"product_cat-tea","8":"first","9":"instock","10":"taxable","11":"shipping-taxable","12":"purchasable","13":"product-type-simple"},"yoast_head":"<!-- This site is optimized with the Yoast SEO plugin v25.7 - https:\/\/yoast.com\/wordpress\/plugins\/seo\/ -->\n<title>Biscuits de riz - La P&#039;tite Cerise<\/title>\n<meta name=\"robots\" content=\"index, follow, max-snippet:-1, max-image-preview:large, max-video-preview:-1\" \/>\n<link rel=\"canonical\" href=\"https:\/\/la-ptite-cerise.be\/produit\/biscuits-de-riz\/\" \/>\n<meta property=\"og:locale\" content=\"en_US\" \/>\n<meta property=\"og:type\" content=\"article\" \/>\n<meta property=\"og:title\" content=\"Biscuits de riz - La P&#039;tite Cerise\" \/>\n<meta property=\"og:description\" content=\"Green tea with puffed rice &amp; pistachio. 100 g pouch. Smooth, creamy, slightly spiced.\" \/>\n<meta property=\"og:url\" content=\"https:\/\/la-ptite-cerise.be\/produit\/biscuits-de-riz\/\" \/>\n<meta property=\"og:site_name\" content=\"La P&#039;tite Cerise\" \/>\n<meta property=\"article:publisher\" content=\"https:\/\/www.facebook.com\/laptitecerise\/\" \/>\n<meta property=\"article:modified_time\" content=\"2025-06-19T10:28:49+00:00\" \/>\n<meta property=\"og:image\" content=\"https:\/\/la-ptite-cerise.be\/wp-content\/uploads\/2025\/06\/84456_1.png\" \/>\n\t<meta property=\"og:image:width\" content=\"500\" \/>\n\t<meta property=\"og:image:height\" content=\"500\" \/>\n\t<meta property=\"og:image:type\" content=\"image\/png\" \/>\n<meta name=\"twitter:card\" content=\"summary_large_image\" \/>\n<meta name=\"twitter:label1\" content=\"Est. reading time\" \/>\n\t<meta name=\"twitter:data1\" content=\"1 minute\" \/>\n<script type=\"application\/ld+json\" class=\"yoast-schema-graph\">{\"@context\":\"https:\/\/schema.org\",\"@graph\":[{\"@type\":\"WebPage\",\"@id\":\"https:\/\/la-ptite-cerise.be\/produit\/biscuits-de-riz\/\",\"url\":\"https:\/\/la-ptite-cerise.be\/produit\/biscuits-de-riz\/\",\"name\":\"Biscuits de riz - La P&#039;tite Cerise\",\"isPartOf\":{\"@id\":\"https:\/\/la-ptite-cerise.be\/#website\"},\"primaryImageOfPage\":{\"@id\":\"https:\/\/la-ptite-cerise.be\/produit\/biscuits-de-riz\/#primaryimage\"},\"image\":{\"@id\":\"https:\/\/la-ptite-cerise.be\/produit\/biscuits-de-riz\/#primaryimage\"},\"thumbnailUrl\":\"https:\/\/la-ptite-cerise.be\/wp-content\/uploads\/2025\/06\/84456_1.png\",\"datePublished\":\"2025-06-19T10:16:08+00:00\",\"dateModified\":\"2025-06-19T10:28:49+00:00\",\"breadcrumb\":{\"@id\":\"https:\/\/la-ptite-cerise.be\/produit\/biscuits-de-riz\/#breadcrumb\"},\"inLanguage\":\"en-US\",\"potentialAction\":[{\"@type\":\"ReadAction\",\"target\":[\"https:\/\/la-ptite-cerise.be\/produit\/biscuits-de-riz\/\"]}]},{\"@type\":\"ImageObject\",\"inLanguage\":\"en-US\",\"@id\":\"https:\/\/la-ptite-cerise.be\/produit\/biscuits-de-riz\/#primaryimage\",\"url\":\"https:\/\/la-ptite-cerise.be\/wp-content\/uploads\/2025\/06\/84456_1.png\",\"contentUrl\":\"https:\/\/la-ptite-cerise.be\/wp-content\/uploads\/2025\/06\/84456_1.png\",\"width\":500,\"height\":500},{\"@type\":\"BreadcrumbList\",\"@id\":\"https:\/\/la-ptite-cerise.be\/produit\/biscuits-de-riz\/#breadcrumb\",\"itemListElement\":[{\"@type\":\"ListItem\",\"position\":1,\"name\":\"Accueil\",\"item\":\"https:\/\/la-ptite-cerise.be\/en\/\"},{\"@type\":\"ListItem\",\"position\":2,\"name\":\"Store\",\"item\":\"https:\/\/la-ptite-cerise.be\/boutique\/\"},{\"@type\":\"ListItem\",\"position\":3,\"name\":\"Biscuits de riz\"}]},{\"@type\":\"WebSite\",\"@id\":\"https:\/\/la-ptite-cerise.be\/#website\",\"url\":\"https:\/\/la-ptite-cerise.be\/\",\"name\":\"La P'tite Cerise\",\"description\":\"Artisan torr\u00e9facteur de caf\u00e9 de sp\u00e9cialit\u00e9. S\u00e9lection de th\u00e9s &amp; tisanes.\",\"publisher\":{\"@id\":\"https:\/\/la-ptite-cerise.be\/#organization\"},\"potentialAction\":[{\"@type\":\"SearchAction\",\"target\":{\"@type\":\"EntryPoint\",\"urlTemplate\":\"https:\/\/la-ptite-cerise.be\/?s={search_term_string}\"},\"query-input\":{\"@type\":\"PropertyValueSpecification\",\"valueRequired\":true,\"valueName\":\"search_term_string\"}}],\"inLanguage\":\"en-US\"},{\"@type\":\"Organization\",\"@id\":\"https:\/\/la-ptite-cerise.be\/#organization\",\"name\":\"La P'tite Cerise\",\"url\":\"https:\/\/la-ptite-cerise.be\/\",\"logo\":{\"@type\":\"ImageObject\",\"inLanguage\":\"en-US\",\"@id\":\"https:\/\/la-ptite-cerise.be\/#\/schema\/logo\/image\/\",\"url\":\"https:\/\/la-ptite-cerise.be\/wp-content\/uploads\/2020\/10\/logo-header-01.jpg\",\"contentUrl\":\"https:\/\/la-ptite-cerise.be\/wp-content\/uploads\/2020\/10\/logo-header-01.jpg\",\"width\":176,\"height\":100,\"caption\":\"La P'tite Cerise\"},\"image\":{\"@id\":\"https:\/\/la-ptite-cerise.be\/#\/schema\/logo\/image\/\"},\"sameAs\":[\"https:\/\/www.facebook.com\/laptitecerise\/\",\"https:\/\/www.instagram.com\/la.ptite_cerise\/\"]}]}<\/script>\n<!-- \/ Yoast SEO plugin. -->","yoast_head_json":{"title":"Biscuits de riz - La P&#039;tite Cerise","robots":{"index":"index","follow":"follow","max-snippet":"max-snippet:-1","max-image-preview":"max-image-preview:large","max-video-preview":"max-video-preview:-1"},"canonical":"https:\/\/la-ptite-cerise.be\/produit\/biscuits-de-riz\/","og_locale":"en_US","og_type":"article","og_title":"Biscuits de riz - La P&#039;tite Cerise","og_description":"Green tea with puffed rice &amp; pistachio. 100 g pouch. Smooth, creamy, slightly spiced.","og_url":"https:\/\/la-ptite-cerise.be\/produit\/biscuits-de-riz\/","og_site_name":"La P&#039;tite Cerise","article_publisher":"https:\/\/www.facebook.com\/laptitecerise\/","article_modified_time":"2025-06-19T10:28:49+00:00","og_image":[{"width":500,"height":500,"url":"https:\/\/la-ptite-cerise.be\/wp-content\/uploads\/2025\/06\/84456_1.png","type":"image\/png"}],"twitter_card":"summary_large_image","twitter_misc":{"Est. reading time":"1 minute"},"schema":{"@context":"https:\/\/schema.org","@graph":[{"@type":"WebPage","@id":"https:\/\/la-ptite-cerise.be\/produit\/biscuits-de-riz\/","url":"https:\/\/la-ptite-cerise.be\/produit\/biscuits-de-riz\/","name":"Biscuits de riz - La P&#039;tite Cerise","isPartOf":{"@id":"https:\/\/la-ptite-cerise.be\/#website"},"primaryImageOfPage":{"@id":"https:\/\/la-ptite-cerise.be\/produit\/biscuits-de-riz\/#primaryimage"},"image":{"@id":"https:\/\/la-ptite-cerise.be\/produit\/biscuits-de-riz\/#primaryimage"},"thumbnailUrl":"https:\/\/la-ptite-cerise.be\/wp-content\/uploads\/2025\/06\/84456_1.png","datePublished":"2025-06-19T10:16:08+00:00","dateModified":"2025-06-19T10:28:49+00:00","breadcrumb":{"@id":"https:\/\/la-ptite-cerise.be\/produit\/biscuits-de-riz\/#breadcrumb"},"inLanguage":"en-US","potentialAction":[{"@type":"ReadAction","target":["https:\/\/la-ptite-cerise.be\/produit\/biscuits-de-riz\/"]}]},{"@type":"ImageObject","inLanguage":"en-US","@id":"https:\/\/la-ptite-cerise.be\/produit\/biscuits-de-riz\/#primaryimage","url":"https:\/\/la-ptite-cerise.be\/wp-content\/uploads\/2025\/06\/84456_1.png","contentUrl":"https:\/\/la-ptite-cerise.be\/wp-content\/uploads\/2025\/06\/84456_1.png","width":500,"height":500},{"@type":"BreadcrumbList","@id":"https:\/\/la-ptite-cerise.be\/produit\/biscuits-de-riz\/#breadcrumb","itemListElement":[{"@type":"ListItem","position":1,"name":"Accueil","item":"https:\/\/la-ptite-cerise.be\/en\/"},{"@type":"ListItem","position":2,"name":"Store","item":"https:\/\/la-ptite-cerise.be\/boutique\/"},{"@type":"ListItem","position":3,"name":"Biscuits de riz"}]},{"@type":"WebSite","@id":"https:\/\/la-ptite-cerise.be\/#website","url":"https:\/\/la-ptite-cerise.be\/","name":"La P'tite Cerise","description":"Artisan torr\u00e9facteur de caf\u00e9 de sp\u00e9cialit\u00e9. S\u00e9lection de th\u00e9s &amp; tisanes.","publisher":{"@id":"https:\/\/la-ptite-cerise.be\/#organization"},"potentialAction":[{"@type":"SearchAction","target":{"@type":"EntryPoint","urlTemplate":"https:\/\/la-ptite-cerise.be\/?s={search_term_string}"},"query-input":{"@type":"PropertyValueSpecification","valueRequired":true,"valueName":"search_term_string"}}],"inLanguage":"en-US"},{"@type":"Organization","@id":"https:\/\/la-ptite-cerise.be\/#organization","name":"La P'tite Cerise","url":"https:\/\/la-ptite-cerise.be\/","logo":{"@type":"ImageObject","inLanguage":"en-US","@id":"https:\/\/la-ptite-cerise.be\/#\/schema\/logo\/image\/","url":"https:\/\/la-ptite-cerise.be\/wp-content\/uploads\/2020\/10\/logo-header-01.jpg","contentUrl":"https:\/\/la-ptite-cerise.be\/wp-content\/uploads\/2020\/10\/logo-header-01.jpg","width":176,"height":100,"caption":"La P'tite Cerise"},"image":{"@id":"https:\/\/la-ptite-cerise.be\/#\/schema\/logo\/image\/"},"sameAs":["https:\/\/www.facebook.com\/laptitecerise\/","https:\/\/www.instagram.com\/la.ptite_cerise\/"]}]}},"_links":{"self":[{"href":"https:\/\/la-ptite-cerise.be\/en\/wp-json\/wp\/v2\/product\/14724","targetHints":{"allow":["GET"]}}],"collection":[{"href":"https:\/\/la-ptite-cerise.be\/en\/wp-json\/wp\/v2\/product"}],"about":[{"href":"https:\/\/la-ptite-cerise.be\/en\/wp-json\/wp\/v2\/types\/product"}],"wp:featuredmedia":[{"embeddable":true,"href":"https:\/\/la-ptite-cerise.be\/en\/wp-json\/wp\/v2\/media\/14726"}],"wp:attachment":[{"href":"https:\/\/la-ptite-cerise.be\/en\/wp-json\/wp\/v2\/media?parent=14724"}],"wp:term":[{"taxonomy":"product_brand","embeddable":true,"href":"https:\/\/la-ptite-cerise.be\/en\/wp-json\/wp\/v2\/product_brand?post=14724"},{"taxonomy":"product_cat","embeddable":true,"href":"https:\/\/la-ptite-cerise.be\/en\/wp-json\/wp\/v2\/product_cat?post=14724"},{"taxonomy":"product_tag","embeddable":true,"href":"https:\/\/la-ptite-cerise.be\/en\/wp-json\/wp\/v2\/product_tag?post=14724"}],"curies":[{"name":"wp","href":"https:\/\/api.w.org\/{rel}","templated":true}]}}