{"id":14728,"date":"2025-06-19T12:24:57","date_gmt":"2025-06-19T10:24:57","guid":{"rendered":"https:\/\/la-ptite-cerise.be\/?post_type=product&#038;p=14728"},"modified":"2025-06-19T12:28:01","modified_gmt":"2025-06-19T10:28:01","slug":"parfum-dorient-copie-copie","status":"publish","type":"product","link":"https:\/\/la-ptite-cerise.be\/en\/produit\/parfum-dorient-copie-copie\/","title":{"rendered":"Exotic Cream"},"content":{"rendered":"<h2 data-start=\"1865\" data-end=\"1909\">\ud83c\udf51 Green Tea \u2013 Exotic Cream (100 g pouch)<\/h2>\n<p data-start=\"1911\" data-end=\"1990\">A soft and sunny green tea with velvety notes of peach, pear and passion fruit.<\/p>\n<p data-start=\"1992\" data-end=\"2233\">Exotic Cream is a tropical escape in a cup. This smooth blend of Sencha green tea, honeybush and exotic fruits delights with its creamy mouthfeel and juicy aromas of peach, maracuja and pear. Ideal for a fruity, soothing break \u2013 hot or iced.<\/p>\n<p data-start=\"2235\" data-end=\"2308\">\ud83d\udcac A generous tea with exotic flair \u2013 fruity, mellow and naturally sweet.<\/p>\n<hr data-start=\"2310\" data-end=\"2313\" \/>\n<h3 data-start=\"2315\" data-end=\"2331\">\u2705 Highlights<\/h3>\n<ul data-start=\"2333\" data-end=\"2587\">\n<li data-start=\"2333\" data-end=\"2414\">\n<p data-start=\"2335\" data-end=\"2414\">Premium blend made with sustainably grown ingredients and natural flavourings<\/p>\n<\/li>\n<li data-start=\"2415\" data-end=\"2477\">\n<p data-start=\"2417\" data-end=\"2477\">Unique pairing of green tea, honeybush and tropical fruits<\/p>\n<\/li>\n<li data-start=\"2478\" data-end=\"2531\">\n<p data-start=\"2480\" data-end=\"2531\">Natural flavours of peach, pear and passion fruit<\/p>\n<\/li>\n<li data-start=\"2532\" data-end=\"2587\">\n<p data-start=\"2534\" data-end=\"2587\">Enjoy hot or iced for a smooth, tropical experience<\/p>\n<\/li>\n<\/ul>\n<hr data-start=\"2589\" data-end=\"2592\" \/>\n<h3 data-start=\"2594\" data-end=\"2614\">\ud83e\uddfe Ingredients<\/h3>\n<p data-start=\"2615\" data-end=\"2773\">China Sencha green tea, honeybush, natural flavouring, pear, passion fruit, peach, marigold petals.<br data-start=\"2714\" data-end=\"2717\" \/><strong data-start=\"2717\" data-end=\"2730\">Allergens<\/strong>: May contain traces of milk and tree nuts.<\/p>\n<hr data-start=\"2775\" data-end=\"2778\" \/>\n<h3 data-start=\"2780\" data-end=\"2810\">\ud83c\udf7d\ufe0f Brewing instructions<\/h3>\n<ul data-start=\"2812\" data-end=\"3015\">\n<li data-start=\"2812\" data-end=\"2847\">\n<p data-start=\"2814\" data-end=\"2847\"><strong data-start=\"2814\" data-end=\"2835\">Water temperature<\/strong>: 70\u201380\u202f\u00b0C<\/p>\n<\/li>\n<li data-start=\"2848\" data-end=\"2885\">\n<p data-start=\"2850\" data-end=\"2885\"><strong data-start=\"2850\" data-end=\"2867\">Steeping time<\/strong>: 2 to 3 minutes<\/p>\n<\/li>\n<li data-start=\"2886\" data-end=\"2946\">\n<p data-start=\"2888\" data-end=\"2901\"><strong data-start=\"2888\" data-end=\"2898\">Dosage<\/strong>:<\/p>\n<ul data-start=\"2904\" data-end=\"2946\">\n<li data-start=\"2904\" data-end=\"2922\">\n<p data-start=\"2906\" data-end=\"2922\">3 g for 200 ml<\/p>\n<\/li>\n<li data-start=\"2925\" data-end=\"2946\">\n<p data-start=\"2927\" data-end=\"2946\">12\u201315 g per litre<\/p>\n<\/li>\n<\/ul>\n<\/li>\n<li data-start=\"2947\" data-end=\"3015\">\n<p data-start=\"2949\" data-end=\"3015\"><strong data-start=\"2949\" data-end=\"2963\">Suggestion<\/strong>: perfect iced to highlight its tropical fruitiness.<\/p>\n<\/li>\n<\/ul>\n","protected":false},"excerpt":{"rendered":"<p>Green tea with peach, pear &amp; maracuja. 100 g pouch. Fruity, creamy and tropical.<\/p>\n","protected":false},"featured_media":14730,"template":"","meta":[],"product_brand":[],"product_cat":[143],"product_tag":[],"class_list":{"0":"post-14728","1":"product","2":"type-product","3":"status-publish","4":"has-post-thumbnail","6":"product_cat-tea","8":"first","9":"instock","10":"taxable","11":"shipping-taxable","12":"purchasable","13":"product-type-simple"},"yoast_head":"<!-- This site is optimized with the Yoast SEO plugin v25.7 - https:\/\/yoast.com\/wordpress\/plugins\/seo\/ -->\n<title>Exotic Cream - La P&#039;tite Cerise<\/title>\n<meta name=\"robots\" content=\"index, follow, max-snippet:-1, max-image-preview:large, max-video-preview:-1\" \/>\n<link rel=\"canonical\" href=\"https:\/\/la-ptite-cerise.be\/produit\/exotic-cream\/\" \/>\n<meta property=\"og:locale\" content=\"en_US\" \/>\n<meta property=\"og:type\" content=\"article\" \/>\n<meta property=\"og:title\" content=\"Exotic Cream - La P&#039;tite Cerise\" \/>\n<meta property=\"og:description\" content=\"Green tea with peach, pear &amp; maracuja. 100 g pouch. Fruity, creamy and tropical.\" \/>\n<meta property=\"og:url\" content=\"https:\/\/la-ptite-cerise.be\/produit\/exotic-cream\/\" \/>\n<meta property=\"og:site_name\" content=\"La P&#039;tite Cerise\" \/>\n<meta property=\"article:publisher\" content=\"https:\/\/www.facebook.com\/laptitecerise\/\" \/>\n<meta property=\"article:modified_time\" content=\"2025-06-19T10:28:01+00:00\" \/>\n<meta property=\"og:image\" content=\"https:\/\/la-ptite-cerise.be\/wp-content\/uploads\/2025\/06\/84488_1.jpg\" \/>\n\t<meta property=\"og:image:width\" content=\"500\" \/>\n\t<meta property=\"og:image:height\" content=\"500\" \/>\n\t<meta property=\"og:image:type\" content=\"image\/jpeg\" \/>\n<meta name=\"twitter:card\" content=\"summary_large_image\" \/>\n<meta name=\"twitter:label1\" content=\"Est. reading time\" \/>\n\t<meta name=\"twitter:data1\" content=\"1 minute\" \/>\n<script type=\"application\/ld+json\" class=\"yoast-schema-graph\">{\"@context\":\"https:\/\/schema.org\",\"@graph\":[{\"@type\":\"WebPage\",\"@id\":\"https:\/\/la-ptite-cerise.be\/produit\/exotic-cream\/\",\"url\":\"https:\/\/la-ptite-cerise.be\/produit\/exotic-cream\/\",\"name\":\"Exotic Cream - La P&#039;tite Cerise\",\"isPartOf\":{\"@id\":\"https:\/\/la-ptite-cerise.be\/#website\"},\"primaryImageOfPage\":{\"@id\":\"https:\/\/la-ptite-cerise.be\/produit\/exotic-cream\/#primaryimage\"},\"image\":{\"@id\":\"https:\/\/la-ptite-cerise.be\/produit\/exotic-cream\/#primaryimage\"},\"thumbnailUrl\":\"https:\/\/la-ptite-cerise.be\/wp-content\/uploads\/2025\/06\/84488_1.jpg\",\"datePublished\":\"2025-06-19T10:24:57+00:00\",\"dateModified\":\"2025-06-19T10:28:01+00:00\",\"breadcrumb\":{\"@id\":\"https:\/\/la-ptite-cerise.be\/produit\/exotic-cream\/#breadcrumb\"},\"inLanguage\":\"en-US\",\"potentialAction\":[{\"@type\":\"ReadAction\",\"target\":[\"https:\/\/la-ptite-cerise.be\/produit\/exotic-cream\/\"]}]},{\"@type\":\"ImageObject\",\"inLanguage\":\"en-US\",\"@id\":\"https:\/\/la-ptite-cerise.be\/produit\/exotic-cream\/#primaryimage\",\"url\":\"https:\/\/la-ptite-cerise.be\/wp-content\/uploads\/2025\/06\/84488_1.jpg\",\"contentUrl\":\"https:\/\/la-ptite-cerise.be\/wp-content\/uploads\/2025\/06\/84488_1.jpg\",\"width\":500,\"height\":500},{\"@type\":\"BreadcrumbList\",\"@id\":\"https:\/\/la-ptite-cerise.be\/produit\/exotic-cream\/#breadcrumb\",\"itemListElement\":[{\"@type\":\"ListItem\",\"position\":1,\"name\":\"Accueil\",\"item\":\"https:\/\/la-ptite-cerise.be\/en\/\"},{\"@type\":\"ListItem\",\"position\":2,\"name\":\"Store\",\"item\":\"https:\/\/la-ptite-cerise.be\/boutique\/\"},{\"@type\":\"ListItem\",\"position\":3,\"name\":\"Exotic Cream\"}]},{\"@type\":\"WebSite\",\"@id\":\"https:\/\/la-ptite-cerise.be\/#website\",\"url\":\"https:\/\/la-ptite-cerise.be\/\",\"name\":\"La P'tite Cerise\",\"description\":\"Artisan torr\u00e9facteur de caf\u00e9 de sp\u00e9cialit\u00e9. S\u00e9lection de th\u00e9s &amp; tisanes.\",\"publisher\":{\"@id\":\"https:\/\/la-ptite-cerise.be\/#organization\"},\"potentialAction\":[{\"@type\":\"SearchAction\",\"target\":{\"@type\":\"EntryPoint\",\"urlTemplate\":\"https:\/\/la-ptite-cerise.be\/?s={search_term_string}\"},\"query-input\":{\"@type\":\"PropertyValueSpecification\",\"valueRequired\":true,\"valueName\":\"search_term_string\"}}],\"inLanguage\":\"en-US\"},{\"@type\":\"Organization\",\"@id\":\"https:\/\/la-ptite-cerise.be\/#organization\",\"name\":\"La P'tite Cerise\",\"url\":\"https:\/\/la-ptite-cerise.be\/\",\"logo\":{\"@type\":\"ImageObject\",\"inLanguage\":\"en-US\",\"@id\":\"https:\/\/la-ptite-cerise.be\/#\/schema\/logo\/image\/\",\"url\":\"https:\/\/la-ptite-cerise.be\/wp-content\/uploads\/2020\/10\/logo-header-01.jpg\",\"contentUrl\":\"https:\/\/la-ptite-cerise.be\/wp-content\/uploads\/2020\/10\/logo-header-01.jpg\",\"width\":176,\"height\":100,\"caption\":\"La P'tite Cerise\"},\"image\":{\"@id\":\"https:\/\/la-ptite-cerise.be\/#\/schema\/logo\/image\/\"},\"sameAs\":[\"https:\/\/www.facebook.com\/laptitecerise\/\",\"https:\/\/www.instagram.com\/la.ptite_cerise\/\"]}]}<\/script>\n<!-- \/ Yoast SEO plugin. -->","yoast_head_json":{"title":"Exotic Cream - La P&#039;tite Cerise","robots":{"index":"index","follow":"follow","max-snippet":"max-snippet:-1","max-image-preview":"max-image-preview:large","max-video-preview":"max-video-preview:-1"},"canonical":"https:\/\/la-ptite-cerise.be\/produit\/exotic-cream\/","og_locale":"en_US","og_type":"article","og_title":"Exotic Cream - La P&#039;tite Cerise","og_description":"Green tea with peach, pear &amp; maracuja. 100 g pouch. Fruity, creamy and tropical.","og_url":"https:\/\/la-ptite-cerise.be\/produit\/exotic-cream\/","og_site_name":"La P&#039;tite Cerise","article_publisher":"https:\/\/www.facebook.com\/laptitecerise\/","article_modified_time":"2025-06-19T10:28:01+00:00","og_image":[{"width":500,"height":500,"url":"https:\/\/la-ptite-cerise.be\/wp-content\/uploads\/2025\/06\/84488_1.jpg","type":"image\/jpeg"}],"twitter_card":"summary_large_image","twitter_misc":{"Est. reading time":"1 minute"},"schema":{"@context":"https:\/\/schema.org","@graph":[{"@type":"WebPage","@id":"https:\/\/la-ptite-cerise.be\/produit\/exotic-cream\/","url":"https:\/\/la-ptite-cerise.be\/produit\/exotic-cream\/","name":"Exotic Cream - La P&#039;tite Cerise","isPartOf":{"@id":"https:\/\/la-ptite-cerise.be\/#website"},"primaryImageOfPage":{"@id":"https:\/\/la-ptite-cerise.be\/produit\/exotic-cream\/#primaryimage"},"image":{"@id":"https:\/\/la-ptite-cerise.be\/produit\/exotic-cream\/#primaryimage"},"thumbnailUrl":"https:\/\/la-ptite-cerise.be\/wp-content\/uploads\/2025\/06\/84488_1.jpg","datePublished":"2025-06-19T10:24:57+00:00","dateModified":"2025-06-19T10:28:01+00:00","breadcrumb":{"@id":"https:\/\/la-ptite-cerise.be\/produit\/exotic-cream\/#breadcrumb"},"inLanguage":"en-US","potentialAction":[{"@type":"ReadAction","target":["https:\/\/la-ptite-cerise.be\/produit\/exotic-cream\/"]}]},{"@type":"ImageObject","inLanguage":"en-US","@id":"https:\/\/la-ptite-cerise.be\/produit\/exotic-cream\/#primaryimage","url":"https:\/\/la-ptite-cerise.be\/wp-content\/uploads\/2025\/06\/84488_1.jpg","contentUrl":"https:\/\/la-ptite-cerise.be\/wp-content\/uploads\/2025\/06\/84488_1.jpg","width":500,"height":500},{"@type":"BreadcrumbList","@id":"https:\/\/la-ptite-cerise.be\/produit\/exotic-cream\/#breadcrumb","itemListElement":[{"@type":"ListItem","position":1,"name":"Accueil","item":"https:\/\/la-ptite-cerise.be\/en\/"},{"@type":"ListItem","position":2,"name":"Store","item":"https:\/\/la-ptite-cerise.be\/boutique\/"},{"@type":"ListItem","position":3,"name":"Exotic Cream"}]},{"@type":"WebSite","@id":"https:\/\/la-ptite-cerise.be\/#website","url":"https:\/\/la-ptite-cerise.be\/","name":"La P'tite Cerise","description":"Artisan torr\u00e9facteur de caf\u00e9 de sp\u00e9cialit\u00e9. S\u00e9lection de th\u00e9s &amp; tisanes.","publisher":{"@id":"https:\/\/la-ptite-cerise.be\/#organization"},"potentialAction":[{"@type":"SearchAction","target":{"@type":"EntryPoint","urlTemplate":"https:\/\/la-ptite-cerise.be\/?s={search_term_string}"},"query-input":{"@type":"PropertyValueSpecification","valueRequired":true,"valueName":"search_term_string"}}],"inLanguage":"en-US"},{"@type":"Organization","@id":"https:\/\/la-ptite-cerise.be\/#organization","name":"La P'tite Cerise","url":"https:\/\/la-ptite-cerise.be\/","logo":{"@type":"ImageObject","inLanguage":"en-US","@id":"https:\/\/la-ptite-cerise.be\/#\/schema\/logo\/image\/","url":"https:\/\/la-ptite-cerise.be\/wp-content\/uploads\/2020\/10\/logo-header-01.jpg","contentUrl":"https:\/\/la-ptite-cerise.be\/wp-content\/uploads\/2020\/10\/logo-header-01.jpg","width":176,"height":100,"caption":"La P'tite Cerise"},"image":{"@id":"https:\/\/la-ptite-cerise.be\/#\/schema\/logo\/image\/"},"sameAs":["https:\/\/www.facebook.com\/laptitecerise\/","https:\/\/www.instagram.com\/la.ptite_cerise\/"]}]}},"_links":{"self":[{"href":"https:\/\/la-ptite-cerise.be\/en\/wp-json\/wp\/v2\/product\/14728","targetHints":{"allow":["GET"]}}],"collection":[{"href":"https:\/\/la-ptite-cerise.be\/en\/wp-json\/wp\/v2\/product"}],"about":[{"href":"https:\/\/la-ptite-cerise.be\/en\/wp-json\/wp\/v2\/types\/product"}],"wp:featuredmedia":[{"embeddable":true,"href":"https:\/\/la-ptite-cerise.be\/en\/wp-json\/wp\/v2\/media\/14730"}],"wp:attachment":[{"href":"https:\/\/la-ptite-cerise.be\/en\/wp-json\/wp\/v2\/media?parent=14728"}],"wp:term":[{"taxonomy":"product_brand","embeddable":true,"href":"https:\/\/la-ptite-cerise.be\/en\/wp-json\/wp\/v2\/product_brand?post=14728"},{"taxonomy":"product_cat","embeddable":true,"href":"https:\/\/la-ptite-cerise.be\/en\/wp-json\/wp\/v2\/product_cat?post=14728"},{"taxonomy":"product_tag","embeddable":true,"href":"https:\/\/la-ptite-cerise.be\/en\/wp-json\/wp\/v2\/product_tag?post=14728"}],"curies":[{"name":"wp","href":"https:\/\/api.w.org\/{rel}","templated":true}]}}