{"id":14764,"date":"2025-06-23T15:47:14","date_gmt":"2025-06-23T13:47:14","guid":{"rendered":"https:\/\/la-ptite-cerise.be\/?post_type=product&#038;p=14764"},"modified":"2025-06-23T16:05:19","modified_gmt":"2025-06-23T14:05:19","slug":"coffee-subscription-4-x-250-g-month-copie","status":"publish","type":"product","link":"https:\/\/la-ptite-cerise.be\/en\/produit\/coffee-subscription-4-x-250-g-month-copie\/","title":{"rendered":"Coffee Subscription \u2013 Blend Maison \u2013 1 kg \/ month"},"content":{"rendered":"<p data-start=\"522\" data-end=\"618\">Our <strong data-start=\"526\" data-end=\"542\">Blend Maison<\/strong> is a 100% arabica creation that brings together two complementary terroirs:<\/p>\n<ul data-start=\"620\" data-end=\"779\">\n<li data-start=\"620\" data-end=\"693\">\n<p data-start=\"622\" data-end=\"693\"><strong data-start=\"622\" data-end=\"652\">50% Colombia \u2013 Bucaramanga<\/strong>: chocolatey roundness and velvety body<\/p>\n<\/li>\n<li data-start=\"694\" data-end=\"779\">\n<p data-start=\"696\" data-end=\"779\"><strong data-start=\"696\" data-end=\"733\">50% DRC \u2013 Idjwi Island, Lake Kivu<\/strong>: lively structure, sweet spices, stewed fruit<\/p>\n<\/li>\n<\/ul>\n<p data-start=\"781\" data-end=\"964\">Freshly roasted by us, this blend is designed for espresso or moka brewing and delivers a cup that is both smooth and structured. A soft intensity, clean attack, and lingering finish.<\/p>\n<p data-start=\"966\" data-end=\"1050\">\u2615 <strong data-start=\"968\" data-end=\"987\">Flavour profile<\/strong>:<br data-start=\"988\" data-end=\"991\" \/>Dark chocolate \u2013 Stewed plum \u2013 Mild spices \u2013 Roasted almond<\/p>\n<p data-start=\"1052\" data-end=\"1074\">\ud83d\udccd <strong data-start=\"1055\" data-end=\"1073\">Coffee details<\/strong>:<\/p>\n<ul data-start=\"1075\" data-end=\"1322\">\n<li data-start=\"1075\" data-end=\"1125\">\n<p data-start=\"1077\" data-end=\"1125\"><strong data-start=\"1077\" data-end=\"1088\">Origins<\/strong>: Colombia (Bucaramanga) &amp; DRC (Kivu)<\/p>\n<\/li>\n<li data-start=\"1126\" data-end=\"1155\">\n<p data-start=\"1128\" data-end=\"1155\"><strong data-start=\"1128\" data-end=\"1140\">Altitude<\/strong>: 1350 \u2013 2000 m<\/p>\n<\/li>\n<li data-start=\"1156\" data-end=\"1183\">\n<p data-start=\"1158\" data-end=\"1183\"><strong data-start=\"1158\" data-end=\"1169\">Species<\/strong>: 100% Arabica<\/p>\n<\/li>\n<li data-start=\"1184\" data-end=\"1247\">\n<p data-start=\"1186\" data-end=\"1247\"><strong data-start=\"1186\" data-end=\"1199\">Varieties<\/strong>: Caturra, Castillo, Colombia \/ Bourbon, Catimor<\/p>\n<\/li>\n<li data-start=\"1248\" data-end=\"1269\">\n<p data-start=\"1250\" data-end=\"1269\"><strong data-start=\"1250\" data-end=\"1261\">Process<\/strong>: Washed<\/p>\n<\/li>\n<li data-start=\"1270\" data-end=\"1322\">\n<p data-start=\"1272\" data-end=\"1322\"><strong data-start=\"1272\" data-end=\"1282\">Drying<\/strong>: Patio (Colombia) \/ Raised beds (Congo)<\/p>\n<\/li>\n<\/ul>\n<p data-start=\"1324\" data-end=\"1392\">\ud83d\udce6 <strong data-start=\"1327\" data-end=\"1352\">Free monthly delivery<\/strong> via Bpost to your door or pickup point.<\/p>\n<p data-start=\"1394\" data-end=\"1417\">\ud83d\udca1 <strong data-start=\"1397\" data-end=\"1416\">What\u2019s included<\/strong>:<\/p>\n<ul data-start=\"1418\" data-end=\"1560\">\n<li data-start=\"1418\" data-end=\"1461\">\n<p data-start=\"1420\" data-end=\"1461\">1 kg of freshly roasted whole bean coffee<\/p>\n<\/li>\n<li data-start=\"1462\" data-end=\"1518\">\n<p data-start=\"1464\" data-end=\"1518\">Zip-lock bag with QR code linking to full product info<\/p>\n<\/li>\n<li data-start=\"1519\" data-end=\"1560\">\n<p data-start=\"1521\" data-end=\"1560\">No commitment: modify or cancel anytime<\/p>\n<\/li>\n<\/ul>\n<p data-start=\"1562\" data-end=\"1588\">\ud83d\udd01 <strong data-start=\"1565\" data-end=\"1587\">Subscription terms<\/strong>:<\/p>\n<ul data-start=\"1589\" data-end=\"1670\">\n<li data-start=\"1589\" data-end=\"1616\">\n<p data-start=\"1591\" data-end=\"1616\">Monthly automatic billing<\/p>\n<\/li>\n<li data-start=\"1617\" data-end=\"1670\">\n<p data-start=\"1619\" data-end=\"1670\">Flexible and cancellable from your customer account<\/p>\n<\/li>\n<\/ul>\n","protected":false},"excerpt":{"rendered":"<p>Every month, receive 1 kg of our signature house blend \u2013 a smooth and expressive 100% arabica coffee. Freshly roasted by us, delivered free via Bpost. Zip-lock bag with QR code included.<\/p>\n","protected":false},"featured_media":14884,"template":"","meta":[],"product_brand":[],"product_cat":[15],"product_tag":[],"class_list":{"0":"post-14764","1":"product","2":"type-product","3":"status-publish","4":"has-post-thumbnail","6":"product_cat-uncategorized","8":"first","9":"instock","10":"taxable","11":"shipping-taxable","12":"purchasable","13":"product-type-simple"},"yoast_head":"<!-- This site is optimized with the Yoast SEO plugin v25.7 - https:\/\/yoast.com\/wordpress\/plugins\/seo\/ -->\n<title>Coffee Subscription \u2013 Blend Maison \u2013 1 kg \/ month - La P&#039;tite Cerise<\/title>\n<meta name=\"robots\" content=\"index, follow, max-snippet:-1, max-image-preview:large, max-video-preview:-1\" \/>\n<link rel=\"canonical\" href=\"https:\/\/la-ptite-cerise.be\/produit\/abonnement-cafe-grains-blend-maison-1-kg-mois\/\" \/>\n<meta property=\"og:locale\" content=\"en_US\" \/>\n<meta property=\"og:type\" content=\"article\" \/>\n<meta property=\"og:title\" content=\"Coffee Subscription \u2013 Blend Maison \u2013 1 kg \/ month - La P&#039;tite Cerise\" \/>\n<meta property=\"og:description\" content=\"Every month, receive 1 kg of our signature house blend \u2013 a smooth and expressive 100% arabica coffee. Freshly roasted by us, delivered free via Bpost. Zip-lock bag with QR code included.\" \/>\n<meta property=\"og:url\" content=\"https:\/\/la-ptite-cerise.be\/produit\/abonnement-cafe-grains-blend-maison-1-kg-mois\/\" \/>\n<meta property=\"og:site_name\" content=\"La P&#039;tite Cerise\" \/>\n<meta property=\"article:publisher\" content=\"https:\/\/www.facebook.com\/laptitecerise\/\" \/>\n<meta property=\"article:modified_time\" content=\"2025-06-23T14:05:19+00:00\" \/>\n<meta property=\"og:image\" content=\"https:\/\/la-ptite-cerise.be\/wp-content\/uploads\/2025\/06\/Abonnement-Blend-maison.png\" \/>\n\t<meta property=\"og:image:width\" content=\"500\" \/>\n\t<meta property=\"og:image:height\" content=\"500\" \/>\n\t<meta property=\"og:image:type\" content=\"image\/png\" \/>\n<meta name=\"twitter:card\" content=\"summary_large_image\" \/>\n<meta name=\"twitter:label1\" content=\"Est. reading time\" \/>\n\t<meta name=\"twitter:data1\" content=\"1 minute\" \/>\n<script type=\"application\/ld+json\" class=\"yoast-schema-graph\">{\"@context\":\"https:\/\/schema.org\",\"@graph\":[{\"@type\":\"WebPage\",\"@id\":\"https:\/\/la-ptite-cerise.be\/produit\/abonnement-cafe-grains-blend-maison-1-kg-mois\/\",\"url\":\"https:\/\/la-ptite-cerise.be\/produit\/abonnement-cafe-grains-blend-maison-1-kg-mois\/\",\"name\":\"Coffee Subscription \u2013 Blend Maison \u2013 1 kg \/ month - La P&#039;tite Cerise\",\"isPartOf\":{\"@id\":\"https:\/\/la-ptite-cerise.be\/#website\"},\"primaryImageOfPage\":{\"@id\":\"https:\/\/la-ptite-cerise.be\/produit\/abonnement-cafe-grains-blend-maison-1-kg-mois\/#primaryimage\"},\"image\":{\"@id\":\"https:\/\/la-ptite-cerise.be\/produit\/abonnement-cafe-grains-blend-maison-1-kg-mois\/#primaryimage\"},\"thumbnailUrl\":\"https:\/\/la-ptite-cerise.be\/wp-content\/uploads\/2025\/06\/Abonnement-Blend-maison.png\",\"datePublished\":\"2025-06-23T13:47:14+00:00\",\"dateModified\":\"2025-06-23T14:05:19+00:00\",\"breadcrumb\":{\"@id\":\"https:\/\/la-ptite-cerise.be\/produit\/abonnement-cafe-grains-blend-maison-1-kg-mois\/#breadcrumb\"},\"inLanguage\":\"en-US\",\"potentialAction\":[{\"@type\":\"ReadAction\",\"target\":[\"https:\/\/la-ptite-cerise.be\/produit\/abonnement-cafe-grains-blend-maison-1-kg-mois\/\"]}]},{\"@type\":\"ImageObject\",\"inLanguage\":\"en-US\",\"@id\":\"https:\/\/la-ptite-cerise.be\/produit\/abonnement-cafe-grains-blend-maison-1-kg-mois\/#primaryimage\",\"url\":\"https:\/\/la-ptite-cerise.be\/wp-content\/uploads\/2025\/06\/Abonnement-Blend-maison.png\",\"contentUrl\":\"https:\/\/la-ptite-cerise.be\/wp-content\/uploads\/2025\/06\/Abonnement-Blend-maison.png\",\"width\":500,\"height\":500},{\"@type\":\"BreadcrumbList\",\"@id\":\"https:\/\/la-ptite-cerise.be\/produit\/abonnement-cafe-grains-blend-maison-1-kg-mois\/#breadcrumb\",\"itemListElement\":[{\"@type\":\"ListItem\",\"position\":1,\"name\":\"Accueil\",\"item\":\"https:\/\/la-ptite-cerise.be\/en\/\"},{\"@type\":\"ListItem\",\"position\":2,\"name\":\"Store\",\"item\":\"https:\/\/la-ptite-cerise.be\/boutique\/\"},{\"@type\":\"ListItem\",\"position\":3,\"name\":\"Coffee Subscription \u2013 Blend Maison \u2013 1 kg \/ month\"}]},{\"@type\":\"WebSite\",\"@id\":\"https:\/\/la-ptite-cerise.be\/#website\",\"url\":\"https:\/\/la-ptite-cerise.be\/\",\"name\":\"La P'tite Cerise\",\"description\":\"Artisan torr\u00e9facteur de caf\u00e9 de sp\u00e9cialit\u00e9. S\u00e9lection de th\u00e9s &amp; tisanes.\",\"publisher\":{\"@id\":\"https:\/\/la-ptite-cerise.be\/#organization\"},\"potentialAction\":[{\"@type\":\"SearchAction\",\"target\":{\"@type\":\"EntryPoint\",\"urlTemplate\":\"https:\/\/la-ptite-cerise.be\/?s={search_term_string}\"},\"query-input\":{\"@type\":\"PropertyValueSpecification\",\"valueRequired\":true,\"valueName\":\"search_term_string\"}}],\"inLanguage\":\"en-US\"},{\"@type\":\"Organization\",\"@id\":\"https:\/\/la-ptite-cerise.be\/#organization\",\"name\":\"La P'tite Cerise\",\"url\":\"https:\/\/la-ptite-cerise.be\/\",\"logo\":{\"@type\":\"ImageObject\",\"inLanguage\":\"en-US\",\"@id\":\"https:\/\/la-ptite-cerise.be\/#\/schema\/logo\/image\/\",\"url\":\"https:\/\/la-ptite-cerise.be\/wp-content\/uploads\/2020\/10\/logo-header-01.jpg\",\"contentUrl\":\"https:\/\/la-ptite-cerise.be\/wp-content\/uploads\/2020\/10\/logo-header-01.jpg\",\"width\":176,\"height\":100,\"caption\":\"La P'tite Cerise\"},\"image\":{\"@id\":\"https:\/\/la-ptite-cerise.be\/#\/schema\/logo\/image\/\"},\"sameAs\":[\"https:\/\/www.facebook.com\/laptitecerise\/\",\"https:\/\/www.instagram.com\/la.ptite_cerise\/\"]}]}<\/script>\n<!-- \/ Yoast SEO plugin. -->","yoast_head_json":{"title":"Coffee Subscription \u2013 Blend Maison \u2013 1 kg \/ month - La P&#039;tite Cerise","robots":{"index":"index","follow":"follow","max-snippet":"max-snippet:-1","max-image-preview":"max-image-preview:large","max-video-preview":"max-video-preview:-1"},"canonical":"https:\/\/la-ptite-cerise.be\/produit\/abonnement-cafe-grains-blend-maison-1-kg-mois\/","og_locale":"en_US","og_type":"article","og_title":"Coffee Subscription \u2013 Blend Maison \u2013 1 kg \/ month - La P&#039;tite Cerise","og_description":"Every month, receive 1 kg of our signature house blend \u2013 a smooth and expressive 100% arabica coffee. Freshly roasted by us, delivered free via Bpost. Zip-lock bag with QR code included.","og_url":"https:\/\/la-ptite-cerise.be\/produit\/abonnement-cafe-grains-blend-maison-1-kg-mois\/","og_site_name":"La P&#039;tite Cerise","article_publisher":"https:\/\/www.facebook.com\/laptitecerise\/","article_modified_time":"2025-06-23T14:05:19+00:00","og_image":[{"width":500,"height":500,"url":"https:\/\/la-ptite-cerise.be\/wp-content\/uploads\/2025\/06\/Abonnement-Blend-maison.png","type":"image\/png"}],"twitter_card":"summary_large_image","twitter_misc":{"Est. reading time":"1 minute"},"schema":{"@context":"https:\/\/schema.org","@graph":[{"@type":"WebPage","@id":"https:\/\/la-ptite-cerise.be\/produit\/abonnement-cafe-grains-blend-maison-1-kg-mois\/","url":"https:\/\/la-ptite-cerise.be\/produit\/abonnement-cafe-grains-blend-maison-1-kg-mois\/","name":"Coffee Subscription \u2013 Blend Maison \u2013 1 kg \/ month - La P&#039;tite Cerise","isPartOf":{"@id":"https:\/\/la-ptite-cerise.be\/#website"},"primaryImageOfPage":{"@id":"https:\/\/la-ptite-cerise.be\/produit\/abonnement-cafe-grains-blend-maison-1-kg-mois\/#primaryimage"},"image":{"@id":"https:\/\/la-ptite-cerise.be\/produit\/abonnement-cafe-grains-blend-maison-1-kg-mois\/#primaryimage"},"thumbnailUrl":"https:\/\/la-ptite-cerise.be\/wp-content\/uploads\/2025\/06\/Abonnement-Blend-maison.png","datePublished":"2025-06-23T13:47:14+00:00","dateModified":"2025-06-23T14:05:19+00:00","breadcrumb":{"@id":"https:\/\/la-ptite-cerise.be\/produit\/abonnement-cafe-grains-blend-maison-1-kg-mois\/#breadcrumb"},"inLanguage":"en-US","potentialAction":[{"@type":"ReadAction","target":["https:\/\/la-ptite-cerise.be\/produit\/abonnement-cafe-grains-blend-maison-1-kg-mois\/"]}]},{"@type":"ImageObject","inLanguage":"en-US","@id":"https:\/\/la-ptite-cerise.be\/produit\/abonnement-cafe-grains-blend-maison-1-kg-mois\/#primaryimage","url":"https:\/\/la-ptite-cerise.be\/wp-content\/uploads\/2025\/06\/Abonnement-Blend-maison.png","contentUrl":"https:\/\/la-ptite-cerise.be\/wp-content\/uploads\/2025\/06\/Abonnement-Blend-maison.png","width":500,"height":500},{"@type":"BreadcrumbList","@id":"https:\/\/la-ptite-cerise.be\/produit\/abonnement-cafe-grains-blend-maison-1-kg-mois\/#breadcrumb","itemListElement":[{"@type":"ListItem","position":1,"name":"Accueil","item":"https:\/\/la-ptite-cerise.be\/en\/"},{"@type":"ListItem","position":2,"name":"Store","item":"https:\/\/la-ptite-cerise.be\/boutique\/"},{"@type":"ListItem","position":3,"name":"Coffee Subscription \u2013 Blend Maison \u2013 1 kg \/ month"}]},{"@type":"WebSite","@id":"https:\/\/la-ptite-cerise.be\/#website","url":"https:\/\/la-ptite-cerise.be\/","name":"La P'tite Cerise","description":"Artisan torr\u00e9facteur de caf\u00e9 de sp\u00e9cialit\u00e9. S\u00e9lection de th\u00e9s &amp; tisanes.","publisher":{"@id":"https:\/\/la-ptite-cerise.be\/#organization"},"potentialAction":[{"@type":"SearchAction","target":{"@type":"EntryPoint","urlTemplate":"https:\/\/la-ptite-cerise.be\/?s={search_term_string}"},"query-input":{"@type":"PropertyValueSpecification","valueRequired":true,"valueName":"search_term_string"}}],"inLanguage":"en-US"},{"@type":"Organization","@id":"https:\/\/la-ptite-cerise.be\/#organization","name":"La P'tite Cerise","url":"https:\/\/la-ptite-cerise.be\/","logo":{"@type":"ImageObject","inLanguage":"en-US","@id":"https:\/\/la-ptite-cerise.be\/#\/schema\/logo\/image\/","url":"https:\/\/la-ptite-cerise.be\/wp-content\/uploads\/2020\/10\/logo-header-01.jpg","contentUrl":"https:\/\/la-ptite-cerise.be\/wp-content\/uploads\/2020\/10\/logo-header-01.jpg","width":176,"height":100,"caption":"La P'tite Cerise"},"image":{"@id":"https:\/\/la-ptite-cerise.be\/#\/schema\/logo\/image\/"},"sameAs":["https:\/\/www.facebook.com\/laptitecerise\/","https:\/\/www.instagram.com\/la.ptite_cerise\/"]}]}},"_links":{"self":[{"href":"https:\/\/la-ptite-cerise.be\/en\/wp-json\/wp\/v2\/product\/14764","targetHints":{"allow":["GET"]}}],"collection":[{"href":"https:\/\/la-ptite-cerise.be\/en\/wp-json\/wp\/v2\/product"}],"about":[{"href":"https:\/\/la-ptite-cerise.be\/en\/wp-json\/wp\/v2\/types\/product"}],"wp:featuredmedia":[{"embeddable":true,"href":"https:\/\/la-ptite-cerise.be\/en\/wp-json\/wp\/v2\/media\/14884"}],"wp:attachment":[{"href":"https:\/\/la-ptite-cerise.be\/en\/wp-json\/wp\/v2\/media?parent=14764"}],"wp:term":[{"taxonomy":"product_brand","embeddable":true,"href":"https:\/\/la-ptite-cerise.be\/en\/wp-json\/wp\/v2\/product_brand?post=14764"},{"taxonomy":"product_cat","embeddable":true,"href":"https:\/\/la-ptite-cerise.be\/en\/wp-json\/wp\/v2\/product_cat?post=14764"},{"taxonomy":"product_tag","embeddable":true,"href":"https:\/\/la-ptite-cerise.be\/en\/wp-json\/wp\/v2\/product_tag?post=14764"}],"curies":[{"name":"wp","href":"https:\/\/api.w.org\/{rel}","templated":true}]}}