{"id":14768,"date":"2025-06-23T15:57:28","date_gmt":"2025-06-23T13:57:28","guid":{"rendered":"https:\/\/la-ptite-cerise.be\/?post_type=product&#038;p=14768"},"modified":"2025-06-23T16:01:39","modified_gmt":"2025-06-23T14:01:39","slug":"coffee-subscription-4-x-250-g-month-copie-copie-copie","status":"publish","type":"product","link":"https:\/\/la-ptite-cerise.be\/en\/produit\/coffee-subscription-4-x-250-g-month-copie-copie-copie\/","title":{"rendered":"Coffee Subscription \u2013 Brazil Daterra \u2013 Espresso Collection \u2013 1 kg \/ month"},"content":{"rendered":"<p data-start=\"585\" data-end=\"806\"><strong data-start=\"585\" data-end=\"596\">Daterra<\/strong> is one of Brazil\u2019s most renowned coffee producers. Located in the Cerrado region, the farm benefits from an ideal climate: dry, cool winters and warm, humid summers \u2013 perfect for growing high-quality arabicas.<\/p>\n<p data-start=\"808\" data-end=\"951\">Certified Rainforest Alliance and deeply committed to sustainability and innovation, Daterra has been producing exceptional coffees since 1976.<\/p>\n<p data-start=\"953\" data-end=\"1086\">This lot belongs to their <strong data-start=\"979\" data-end=\"1002\">Espresso Collection<\/strong>, designed for balance and clarity in the cup. It combines two processing methods:<\/p>\n<ul data-start=\"1087\" data-end=\"1181\">\n<li data-start=\"1087\" data-end=\"1134\">\n<p data-start=\"1089\" data-end=\"1134\">cherries picked at peak ripeness and pulped<\/p>\n<\/li>\n<li data-start=\"1135\" data-end=\"1181\">\n<p data-start=\"1137\" data-end=\"1181\">and others left to dry naturally on the tree<\/p>\n<\/li>\n<\/ul>\n<p data-start=\"1183\" data-end=\"1303\">The result? A cup that\u2019s rich, clean and dense \u2013 with elegant notes of <strong data-start=\"1254\" data-end=\"1302\">dark chocolate, ripe orange and dried cherry<\/strong>.<\/p>\n<p data-start=\"1305\" data-end=\"1327\">\ud83d\udccd <strong data-start=\"1308\" data-end=\"1326\">Coffee details<\/strong>:<\/p>\n<ul data-start=\"1328\" data-end=\"1662\">\n<li data-start=\"1328\" data-end=\"1359\">\n<p data-start=\"1330\" data-end=\"1359\"><strong data-start=\"1330\" data-end=\"1338\">Farm<\/strong>: Daterra \u2013 Tabu\u00f5es<\/p>\n<\/li>\n<li data-start=\"1360\" data-end=\"1391\">\n<p data-start=\"1362\" data-end=\"1391\"><strong data-start=\"1362\" data-end=\"1372\">Region<\/strong>: Cerrado, Brazil<\/p>\n<\/li>\n<li data-start=\"1392\" data-end=\"1416\">\n<p data-start=\"1394\" data-end=\"1416\"><strong data-start=\"1394\" data-end=\"1406\">Altitude<\/strong>: 1150 m<\/p>\n<\/li>\n<li data-start=\"1417\" data-end=\"1441\">\n<p data-start=\"1419\" data-end=\"1441\"><strong data-start=\"1419\" data-end=\"1430\">Species<\/strong>: Arabica<\/p>\n<\/li>\n<li data-start=\"1442\" data-end=\"1499\">\n<p data-start=\"1444\" data-end=\"1499\"><strong data-start=\"1444\" data-end=\"1457\">Varieties<\/strong>: Yellow &amp; Red Catua\u00ed, Acaia, Mundo Novo<\/p>\n<\/li>\n<li data-start=\"1500\" data-end=\"1533\">\n<p data-start=\"1502\" data-end=\"1533\"><strong data-start=\"1502\" data-end=\"1513\">Harvest<\/strong>: May to September<\/p>\n<\/li>\n<li data-start=\"1534\" data-end=\"1571\">\n<p data-start=\"1536\" data-end=\"1571\"><strong data-start=\"1536\" data-end=\"1547\">Picking<\/strong>: Selective mechanical<\/p>\n<\/li>\n<li data-start=\"1572\" data-end=\"1629\">\n<p data-start=\"1574\" data-end=\"1629\"><strong data-start=\"1574\" data-end=\"1588\">Processing<\/strong>: Natural (with partial pulped natural)<\/p>\n<\/li>\n<li data-start=\"1630\" data-end=\"1662\">\n<p data-start=\"1632\" data-end=\"1662\"><strong data-start=\"1632\" data-end=\"1642\">Drying<\/strong>: Patio + drum dryer<\/p>\n<\/li>\n<\/ul>\n<p data-start=\"1664\" data-end=\"1733\">\ud83d\udce6 <strong data-start=\"1667\" data-end=\"1692\">Free monthly delivery<\/strong> via Bpost, to your home or pickup point.<\/p>\n<p data-start=\"1735\" data-end=\"1758\">\ud83d\udca1 <strong data-start=\"1738\" data-end=\"1757\">What\u2019s included<\/strong>:<\/p>\n<ul data-start=\"1759\" data-end=\"1948\">\n<li data-start=\"1759\" data-end=\"1802\">\n<p data-start=\"1761\" data-end=\"1802\">1 kg of freshly roasted whole bean coffee<\/p>\n<\/li>\n<li data-start=\"1803\" data-end=\"1862\">\n<p data-start=\"1805\" data-end=\"1862\">Zip-lock bag with QR code linking to detailed coffee info<\/p>\n<\/li>\n<li data-start=\"1863\" data-end=\"1906\">\n<p data-start=\"1865\" data-end=\"1906\">Espresso-ready \u2013 balanced, rich and clean<\/p>\n<\/li>\n<li data-start=\"1907\" data-end=\"1948\">\n<p data-start=\"1909\" data-end=\"1948\">No commitment: cancel or modify anytime<\/p>\n<\/li>\n<\/ul>\n<p data-start=\"1950\" data-end=\"1976\">\ud83d\udd01 <strong data-start=\"1953\" data-end=\"1975\">Subscription terms<\/strong>:<\/p>\n<ul data-start=\"1977\" data-end=\"2047\">\n<li data-start=\"1977\" data-end=\"1994\">\n<p data-start=\"1979\" data-end=\"1994\">Monthly billing<\/p>\n<\/li>\n<li data-start=\"1995\" data-end=\"2047\">\n<p data-start=\"1997\" data-end=\"2047\">Flexible and cancellable anytime from your account<\/p>\n<\/li>\n<\/ul>\n","protected":false},"excerpt":{"rendered":"<p>Receive 1 kg of Brazil Daterra&#8217;s Espresso Collection each month \u2013 a clean and structured cup with notes of dark chocolate, ripe orange, and dried cherry. Freshly roasted, delivered free via Bpost. Zip-lock bag with QR code included.<\/p>\n","protected":false},"featured_media":14880,"template":"","meta":[],"product_brand":[],"product_cat":[15],"product_tag":[],"class_list":{"0":"post-14768","1":"product","2":"type-product","3":"status-publish","4":"has-post-thumbnail","6":"product_cat-uncategorized","8":"first","9":"instock","10":"taxable","11":"shipping-taxable","12":"purchasable","13":"product-type-simple"},"yoast_head":"<!-- This site is optimized with the Yoast SEO plugin v25.7 - https:\/\/yoast.com\/wordpress\/plugins\/seo\/ -->\n<title>Coffee Subscription \u2013 Brazil Daterra \u2013 Espresso Collection \u2013 1 kg \/ month - La P&#039;tite Cerise<\/title>\n<meta name=\"robots\" content=\"index, follow, max-snippet:-1, max-image-preview:large, max-video-preview:-1\" \/>\n<link rel=\"canonical\" href=\"https:\/\/la-ptite-cerise.be\/produit\/abonnement-cafe-grains-bresil-daterra-espresso-1-kg-mois\/\" \/>\n<meta property=\"og:locale\" content=\"en_US\" \/>\n<meta property=\"og:type\" content=\"article\" \/>\n<meta property=\"og:title\" content=\"Coffee Subscription \u2013 Brazil Daterra \u2013 Espresso Collection \u2013 1 kg \/ month - La P&#039;tite Cerise\" \/>\n<meta property=\"og:description\" content=\"Receive 1 kg of Brazil Daterra&#039;s Espresso Collection each month \u2013 a clean and structured cup with notes of dark chocolate, ripe orange, and dried cherry. Freshly roasted, delivered free via Bpost. Zip-lock bag with QR code included.\" \/>\n<meta property=\"og:url\" content=\"https:\/\/la-ptite-cerise.be\/produit\/abonnement-cafe-grains-bresil-daterra-espresso-1-kg-mois\/\" \/>\n<meta property=\"og:site_name\" content=\"La P&#039;tite Cerise\" \/>\n<meta property=\"article:publisher\" content=\"https:\/\/www.facebook.com\/laptitecerise\/\" \/>\n<meta property=\"article:modified_time\" content=\"2025-06-23T14:01:39+00:00\" \/>\n<meta property=\"og:image\" content=\"https:\/\/la-ptite-cerise.be\/wp-content\/uploads\/2025\/06\/Abonnement-Bresil-Daterra.png\" \/>\n\t<meta property=\"og:image:width\" content=\"500\" \/>\n\t<meta property=\"og:image:height\" content=\"500\" \/>\n\t<meta property=\"og:image:type\" content=\"image\/png\" \/>\n<meta name=\"twitter:card\" content=\"summary_large_image\" \/>\n<meta name=\"twitter:label1\" content=\"Est. reading time\" \/>\n\t<meta name=\"twitter:data1\" content=\"1 minute\" \/>\n<script type=\"application\/ld+json\" class=\"yoast-schema-graph\">{\"@context\":\"https:\/\/schema.org\",\"@graph\":[{\"@type\":\"WebPage\",\"@id\":\"https:\/\/la-ptite-cerise.be\/produit\/abonnement-cafe-grains-bresil-daterra-espresso-1-kg-mois\/\",\"url\":\"https:\/\/la-ptite-cerise.be\/produit\/abonnement-cafe-grains-bresil-daterra-espresso-1-kg-mois\/\",\"name\":\"Coffee Subscription \u2013 Brazil Daterra \u2013 Espresso Collection \u2013 1 kg \/ month - La P&#039;tite Cerise\",\"isPartOf\":{\"@id\":\"https:\/\/la-ptite-cerise.be\/#website\"},\"primaryImageOfPage\":{\"@id\":\"https:\/\/la-ptite-cerise.be\/produit\/abonnement-cafe-grains-bresil-daterra-espresso-1-kg-mois\/#primaryimage\"},\"image\":{\"@id\":\"https:\/\/la-ptite-cerise.be\/produit\/abonnement-cafe-grains-bresil-daterra-espresso-1-kg-mois\/#primaryimage\"},\"thumbnailUrl\":\"https:\/\/la-ptite-cerise.be\/wp-content\/uploads\/2025\/06\/Abonnement-Bresil-Daterra.png\",\"datePublished\":\"2025-06-23T13:57:28+00:00\",\"dateModified\":\"2025-06-23T14:01:39+00:00\",\"breadcrumb\":{\"@id\":\"https:\/\/la-ptite-cerise.be\/produit\/abonnement-cafe-grains-bresil-daterra-espresso-1-kg-mois\/#breadcrumb\"},\"inLanguage\":\"en-US\",\"potentialAction\":[{\"@type\":\"ReadAction\",\"target\":[\"https:\/\/la-ptite-cerise.be\/produit\/abonnement-cafe-grains-bresil-daterra-espresso-1-kg-mois\/\"]}]},{\"@type\":\"ImageObject\",\"inLanguage\":\"en-US\",\"@id\":\"https:\/\/la-ptite-cerise.be\/produit\/abonnement-cafe-grains-bresil-daterra-espresso-1-kg-mois\/#primaryimage\",\"url\":\"https:\/\/la-ptite-cerise.be\/wp-content\/uploads\/2025\/06\/Abonnement-Bresil-Daterra.png\",\"contentUrl\":\"https:\/\/la-ptite-cerise.be\/wp-content\/uploads\/2025\/06\/Abonnement-Bresil-Daterra.png\",\"width\":500,\"height\":500},{\"@type\":\"BreadcrumbList\",\"@id\":\"https:\/\/la-ptite-cerise.be\/produit\/abonnement-cafe-grains-bresil-daterra-espresso-1-kg-mois\/#breadcrumb\",\"itemListElement\":[{\"@type\":\"ListItem\",\"position\":1,\"name\":\"Accueil\",\"item\":\"https:\/\/la-ptite-cerise.be\/en\/\"},{\"@type\":\"ListItem\",\"position\":2,\"name\":\"Store\",\"item\":\"https:\/\/la-ptite-cerise.be\/boutique\/\"},{\"@type\":\"ListItem\",\"position\":3,\"name\":\"Coffee Subscription \u2013 Brazil Daterra \u2013 Espresso Collection \u2013 1 kg \/ month\"}]},{\"@type\":\"WebSite\",\"@id\":\"https:\/\/la-ptite-cerise.be\/#website\",\"url\":\"https:\/\/la-ptite-cerise.be\/\",\"name\":\"La P'tite Cerise\",\"description\":\"Artisan torr\u00e9facteur de caf\u00e9 de sp\u00e9cialit\u00e9. S\u00e9lection de th\u00e9s &amp; tisanes.\",\"publisher\":{\"@id\":\"https:\/\/la-ptite-cerise.be\/#organization\"},\"potentialAction\":[{\"@type\":\"SearchAction\",\"target\":{\"@type\":\"EntryPoint\",\"urlTemplate\":\"https:\/\/la-ptite-cerise.be\/?s={search_term_string}\"},\"query-input\":{\"@type\":\"PropertyValueSpecification\",\"valueRequired\":true,\"valueName\":\"search_term_string\"}}],\"inLanguage\":\"en-US\"},{\"@type\":\"Organization\",\"@id\":\"https:\/\/la-ptite-cerise.be\/#organization\",\"name\":\"La P'tite Cerise\",\"url\":\"https:\/\/la-ptite-cerise.be\/\",\"logo\":{\"@type\":\"ImageObject\",\"inLanguage\":\"en-US\",\"@id\":\"https:\/\/la-ptite-cerise.be\/#\/schema\/logo\/image\/\",\"url\":\"https:\/\/la-ptite-cerise.be\/wp-content\/uploads\/2020\/10\/logo-header-01.jpg\",\"contentUrl\":\"https:\/\/la-ptite-cerise.be\/wp-content\/uploads\/2020\/10\/logo-header-01.jpg\",\"width\":176,\"height\":100,\"caption\":\"La P'tite Cerise\"},\"image\":{\"@id\":\"https:\/\/la-ptite-cerise.be\/#\/schema\/logo\/image\/\"},\"sameAs\":[\"https:\/\/www.facebook.com\/laptitecerise\/\",\"https:\/\/www.instagram.com\/la.ptite_cerise\/\"]}]}<\/script>\n<!-- \/ Yoast SEO plugin. -->","yoast_head_json":{"title":"Coffee Subscription \u2013 Brazil Daterra \u2013 Espresso Collection \u2013 1 kg \/ month - La P&#039;tite Cerise","robots":{"index":"index","follow":"follow","max-snippet":"max-snippet:-1","max-image-preview":"max-image-preview:large","max-video-preview":"max-video-preview:-1"},"canonical":"https:\/\/la-ptite-cerise.be\/produit\/abonnement-cafe-grains-bresil-daterra-espresso-1-kg-mois\/","og_locale":"en_US","og_type":"article","og_title":"Coffee Subscription \u2013 Brazil Daterra \u2013 Espresso Collection \u2013 1 kg \/ month - La P&#039;tite Cerise","og_description":"Receive 1 kg of Brazil Daterra's Espresso Collection each month \u2013 a clean and structured cup with notes of dark chocolate, ripe orange, and dried cherry. Freshly roasted, delivered free via Bpost. Zip-lock bag with QR code included.","og_url":"https:\/\/la-ptite-cerise.be\/produit\/abonnement-cafe-grains-bresil-daterra-espresso-1-kg-mois\/","og_site_name":"La P&#039;tite Cerise","article_publisher":"https:\/\/www.facebook.com\/laptitecerise\/","article_modified_time":"2025-06-23T14:01:39+00:00","og_image":[{"width":500,"height":500,"url":"https:\/\/la-ptite-cerise.be\/wp-content\/uploads\/2025\/06\/Abonnement-Bresil-Daterra.png","type":"image\/png"}],"twitter_card":"summary_large_image","twitter_misc":{"Est. reading time":"1 minute"},"schema":{"@context":"https:\/\/schema.org","@graph":[{"@type":"WebPage","@id":"https:\/\/la-ptite-cerise.be\/produit\/abonnement-cafe-grains-bresil-daterra-espresso-1-kg-mois\/","url":"https:\/\/la-ptite-cerise.be\/produit\/abonnement-cafe-grains-bresil-daterra-espresso-1-kg-mois\/","name":"Coffee Subscription \u2013 Brazil Daterra \u2013 Espresso Collection \u2013 1 kg \/ month - La P&#039;tite Cerise","isPartOf":{"@id":"https:\/\/la-ptite-cerise.be\/#website"},"primaryImageOfPage":{"@id":"https:\/\/la-ptite-cerise.be\/produit\/abonnement-cafe-grains-bresil-daterra-espresso-1-kg-mois\/#primaryimage"},"image":{"@id":"https:\/\/la-ptite-cerise.be\/produit\/abonnement-cafe-grains-bresil-daterra-espresso-1-kg-mois\/#primaryimage"},"thumbnailUrl":"https:\/\/la-ptite-cerise.be\/wp-content\/uploads\/2025\/06\/Abonnement-Bresil-Daterra.png","datePublished":"2025-06-23T13:57:28+00:00","dateModified":"2025-06-23T14:01:39+00:00","breadcrumb":{"@id":"https:\/\/la-ptite-cerise.be\/produit\/abonnement-cafe-grains-bresil-daterra-espresso-1-kg-mois\/#breadcrumb"},"inLanguage":"en-US","potentialAction":[{"@type":"ReadAction","target":["https:\/\/la-ptite-cerise.be\/produit\/abonnement-cafe-grains-bresil-daterra-espresso-1-kg-mois\/"]}]},{"@type":"ImageObject","inLanguage":"en-US","@id":"https:\/\/la-ptite-cerise.be\/produit\/abonnement-cafe-grains-bresil-daterra-espresso-1-kg-mois\/#primaryimage","url":"https:\/\/la-ptite-cerise.be\/wp-content\/uploads\/2025\/06\/Abonnement-Bresil-Daterra.png","contentUrl":"https:\/\/la-ptite-cerise.be\/wp-content\/uploads\/2025\/06\/Abonnement-Bresil-Daterra.png","width":500,"height":500},{"@type":"BreadcrumbList","@id":"https:\/\/la-ptite-cerise.be\/produit\/abonnement-cafe-grains-bresil-daterra-espresso-1-kg-mois\/#breadcrumb","itemListElement":[{"@type":"ListItem","position":1,"name":"Accueil","item":"https:\/\/la-ptite-cerise.be\/en\/"},{"@type":"ListItem","position":2,"name":"Store","item":"https:\/\/la-ptite-cerise.be\/boutique\/"},{"@type":"ListItem","position":3,"name":"Coffee Subscription \u2013 Brazil Daterra \u2013 Espresso Collection \u2013 1 kg \/ month"}]},{"@type":"WebSite","@id":"https:\/\/la-ptite-cerise.be\/#website","url":"https:\/\/la-ptite-cerise.be\/","name":"La P'tite Cerise","description":"Artisan torr\u00e9facteur de caf\u00e9 de sp\u00e9cialit\u00e9. S\u00e9lection de th\u00e9s &amp; tisanes.","publisher":{"@id":"https:\/\/la-ptite-cerise.be\/#organization"},"potentialAction":[{"@type":"SearchAction","target":{"@type":"EntryPoint","urlTemplate":"https:\/\/la-ptite-cerise.be\/?s={search_term_string}"},"query-input":{"@type":"PropertyValueSpecification","valueRequired":true,"valueName":"search_term_string"}}],"inLanguage":"en-US"},{"@type":"Organization","@id":"https:\/\/la-ptite-cerise.be\/#organization","name":"La P'tite Cerise","url":"https:\/\/la-ptite-cerise.be\/","logo":{"@type":"ImageObject","inLanguage":"en-US","@id":"https:\/\/la-ptite-cerise.be\/#\/schema\/logo\/image\/","url":"https:\/\/la-ptite-cerise.be\/wp-content\/uploads\/2020\/10\/logo-header-01.jpg","contentUrl":"https:\/\/la-ptite-cerise.be\/wp-content\/uploads\/2020\/10\/logo-header-01.jpg","width":176,"height":100,"caption":"La P'tite Cerise"},"image":{"@id":"https:\/\/la-ptite-cerise.be\/#\/schema\/logo\/image\/"},"sameAs":["https:\/\/www.facebook.com\/laptitecerise\/","https:\/\/www.instagram.com\/la.ptite_cerise\/"]}]}},"_links":{"self":[{"href":"https:\/\/la-ptite-cerise.be\/en\/wp-json\/wp\/v2\/product\/14768","targetHints":{"allow":["GET"]}}],"collection":[{"href":"https:\/\/la-ptite-cerise.be\/en\/wp-json\/wp\/v2\/product"}],"about":[{"href":"https:\/\/la-ptite-cerise.be\/en\/wp-json\/wp\/v2\/types\/product"}],"wp:featuredmedia":[{"embeddable":true,"href":"https:\/\/la-ptite-cerise.be\/en\/wp-json\/wp\/v2\/media\/14880"}],"wp:attachment":[{"href":"https:\/\/la-ptite-cerise.be\/en\/wp-json\/wp\/v2\/media?parent=14768"}],"wp:term":[{"taxonomy":"product_brand","embeddable":true,"href":"https:\/\/la-ptite-cerise.be\/en\/wp-json\/wp\/v2\/product_brand?post=14768"},{"taxonomy":"product_cat","embeddable":true,"href":"https:\/\/la-ptite-cerise.be\/en\/wp-json\/wp\/v2\/product_cat?post=14768"},{"taxonomy":"product_tag","embeddable":true,"href":"https:\/\/la-ptite-cerise.be\/en\/wp-json\/wp\/v2\/product_tag?post=14768"}],"curies":[{"name":"wp","href":"https:\/\/api.w.org\/{rel}","templated":true}]}}