{"id":14804,"date":"2025-06-23T16:11:45","date_gmt":"2025-06-23T14:11:45","guid":{"rendered":"https:\/\/la-ptite-cerise.be\/?post_type=product&#038;p=14804"},"modified":"2025-06-23T16:27:29","modified_gmt":"2025-06-23T14:27:29","slug":"kenya-massai-double-lave-copie","status":"publish","type":"product","link":"https:\/\/la-ptite-cerise.be\/en\/produit\/kenya-massai-double-lave-copie\/","title":{"rendered":"KENYA Massai DOUBLE LAVE (Copie)"},"content":{"rendered":"<h3 data-start=\"1408\" data-end=\"1458\"><strong data-start=\"1417\" data-end=\"1458\">INDONESIA \u2013 KAYUMAS ANAEROBIC NATURAL<\/strong><\/h3>\n<p data-start=\"1460\" data-end=\"1871\"><strong data-start=\"1460\" data-end=\"1479\">Farm \/ Station:<\/strong> Serba Usaha Surya Abadi Kayumas<br data-start=\"1511\" data-end=\"1514\" \/><strong data-start=\"1514\" data-end=\"1525\">Region:<\/strong> Kayumas, Situbondo, East Java<br data-start=\"1555\" data-end=\"1558\" \/><strong data-start=\"1558\" data-end=\"1571\">Altitude:<\/strong> 1000 \u2013 1300 m.a.s.l.<br data-start=\"1592\" data-end=\"1595\" \/><strong data-start=\"1595\" data-end=\"1607\">Species:<\/strong> Arabica<br data-start=\"1615\" data-end=\"1618\" \/><strong data-start=\"1618\" data-end=\"1632\">Varieties:<\/strong> Lini S-795, Typica, Catimor<br data-start=\"1660\" data-end=\"1663\" \/><strong data-start=\"1663\" data-end=\"1675\">Harvest:<\/strong> May to October<br data-start=\"1690\" data-end=\"1693\" \/><strong data-start=\"1693\" data-end=\"1712\">Picking Method:<\/strong> Manual<br data-start=\"1719\" data-end=\"1722\" \/><strong data-start=\"1722\" data-end=\"1734\">Process:<\/strong> Natural Anaerobic (72h fermentation)<br data-start=\"1771\" data-end=\"1774\" \/><strong data-start=\"1774\" data-end=\"1785\">Drying:<\/strong> Patio (14\u201321 days)<br data-start=\"1804\" data-end=\"1807\" \/><strong data-start=\"1807\" data-end=\"1821\">SCA Score:<\/strong> 84<br data-start=\"1824\" data-end=\"1827\" \/><strong data-start=\"1827\" data-end=\"1845\">Flavour Notes:<\/strong> Red fruits, Orange peel<\/p>\n<hr data-start=\"1873\" data-end=\"1876\" \/>\n<h3 data-start=\"1878\" data-end=\"1902\">\ud83d\udcdd About this coffee<\/h3>\n<p data-start=\"1904\" data-end=\"2075\">This anaerobic natural lot comes from the volcanic highlands of Kayumas, in East Java. The region offers warm and humid conditions, ideal for slow, even cherry maturation.<\/p>\n<p data-start=\"2077\" data-end=\"2333\">The anaerobic process begins by fermenting ripe red cherries in sealed barrels for 72 hours. This oxygen-free environment intensifies fruity flavours. The cherries are then dried on patios for 14 to 21 days until they reach a moisture level of 12.5 to 13%.<\/p>\n<p data-start=\"2335\" data-end=\"2425\">The result is a lively and balanced cup with distinct notes of red fruits and orange peel.<\/p>\n","protected":false},"excerpt":{"rendered":"<h4>(48\u20ac\/kg)<\/h4>\n<p><strong data-start=\"1899\" data-end=\"1918\">SCA score: 84<\/strong><br data-start=\"1918\" data-end=\"1921\" \/><strong data-start=\"1921\" data-end=\"1938\">Tasting notes<\/strong>: Red fruits, Orange peel<\/p>\n","protected":false},"featured_media":14839,"template":"","meta":[],"product_brand":[],"product_cat":[139],"product_tag":[],"class_list":{"0":"post-14804","1":"product","2":"type-product","3":"status-publish","4":"has-post-thumbnail","6":"product_cat-coffee","8":"first","9":"instock","10":"taxable","11":"shipping-taxable","12":"purchasable","13":"product-type-variable"},"yoast_head":"<!-- This site is optimized with the Yoast SEO plugin v25.7 - https:\/\/yoast.com\/wordpress\/plugins\/seo\/ -->\n<title>KENYA Massai DOUBLE LAVE (Copie) - La P&#039;tite Cerise<\/title>\n<meta name=\"robots\" content=\"index, follow, max-snippet:-1, max-image-preview:large, max-video-preview:-1\" \/>\n<link rel=\"canonical\" href=\"https:\/\/la-ptite-cerise.be\/produit\/indonesie-kayumas-nature-anaerobic\/\" \/>\n<meta property=\"og:locale\" content=\"en_US\" \/>\n<meta property=\"og:type\" content=\"article\" \/>\n<meta property=\"og:title\" content=\"KENYA Massai DOUBLE LAVE (Copie) - La P&#039;tite Cerise\" \/>\n<meta property=\"og:description\" content=\"(48\u20ac\/kg) SCA score: 84Tasting notes: Red fruits, Orange peel\" \/>\n<meta property=\"og:url\" content=\"https:\/\/la-ptite-cerise.be\/produit\/indonesie-kayumas-nature-anaerobic\/\" \/>\n<meta property=\"og:site_name\" content=\"La P&#039;tite Cerise\" \/>\n<meta property=\"article:publisher\" content=\"https:\/\/www.facebook.com\/laptitecerise\/\" \/>\n<meta property=\"article:modified_time\" content=\"2025-06-23T14:27:29+00:00\" \/>\n<meta property=\"og:image\" content=\"https:\/\/la-ptite-cerise.be\/wp-content\/uploads\/2025\/06\/Etiquettes-500x500px-Kayumas.png\" \/>\n\t<meta property=\"og:image:width\" content=\"500\" \/>\n\t<meta property=\"og:image:height\" content=\"500\" \/>\n\t<meta property=\"og:image:type\" content=\"image\/png\" \/>\n<meta name=\"twitter:card\" content=\"summary_large_image\" \/>\n<meta name=\"twitter:label1\" content=\"Est. reading time\" \/>\n\t<meta name=\"twitter:data1\" content=\"1 minute\" \/>\n<script type=\"application\/ld+json\" class=\"yoast-schema-graph\">{\"@context\":\"https:\/\/schema.org\",\"@graph\":[{\"@type\":\"WebPage\",\"@id\":\"https:\/\/la-ptite-cerise.be\/produit\/indonesie-kayumas-nature-anaerobic\/\",\"url\":\"https:\/\/la-ptite-cerise.be\/produit\/indonesie-kayumas-nature-anaerobic\/\",\"name\":\"KENYA Massai DOUBLE LAVE (Copie) - La P&#039;tite Cerise\",\"isPartOf\":{\"@id\":\"https:\/\/la-ptite-cerise.be\/#website\"},\"primaryImageOfPage\":{\"@id\":\"https:\/\/la-ptite-cerise.be\/produit\/indonesie-kayumas-nature-anaerobic\/#primaryimage\"},\"image\":{\"@id\":\"https:\/\/la-ptite-cerise.be\/produit\/indonesie-kayumas-nature-anaerobic\/#primaryimage\"},\"thumbnailUrl\":\"https:\/\/la-ptite-cerise.be\/wp-content\/uploads\/2025\/06\/Etiquettes-500x500px-Kayumas.png\",\"datePublished\":\"2025-06-23T14:11:45+00:00\",\"dateModified\":\"2025-06-23T14:27:29+00:00\",\"breadcrumb\":{\"@id\":\"https:\/\/la-ptite-cerise.be\/produit\/indonesie-kayumas-nature-anaerobic\/#breadcrumb\"},\"inLanguage\":\"en-US\",\"potentialAction\":[{\"@type\":\"ReadAction\",\"target\":[\"https:\/\/la-ptite-cerise.be\/produit\/indonesie-kayumas-nature-anaerobic\/\"]}]},{\"@type\":\"ImageObject\",\"inLanguage\":\"en-US\",\"@id\":\"https:\/\/la-ptite-cerise.be\/produit\/indonesie-kayumas-nature-anaerobic\/#primaryimage\",\"url\":\"https:\/\/la-ptite-cerise.be\/wp-content\/uploads\/2025\/06\/Etiquettes-500x500px-Kayumas.png\",\"contentUrl\":\"https:\/\/la-ptite-cerise.be\/wp-content\/uploads\/2025\/06\/Etiquettes-500x500px-Kayumas.png\",\"width\":500,\"height\":500},{\"@type\":\"BreadcrumbList\",\"@id\":\"https:\/\/la-ptite-cerise.be\/produit\/indonesie-kayumas-nature-anaerobic\/#breadcrumb\",\"itemListElement\":[{\"@type\":\"ListItem\",\"position\":1,\"name\":\"Accueil\",\"item\":\"https:\/\/la-ptite-cerise.be\/en\/\"},{\"@type\":\"ListItem\",\"position\":2,\"name\":\"Store\",\"item\":\"https:\/\/la-ptite-cerise.be\/boutique\/\"},{\"@type\":\"ListItem\",\"position\":3,\"name\":\"KENYA Massai DOUBLE LAVE (Copie)\"}]},{\"@type\":\"WebSite\",\"@id\":\"https:\/\/la-ptite-cerise.be\/#website\",\"url\":\"https:\/\/la-ptite-cerise.be\/\",\"name\":\"La P'tite Cerise\",\"description\":\"Artisan torr\u00e9facteur de caf\u00e9 de sp\u00e9cialit\u00e9. S\u00e9lection de th\u00e9s &amp; tisanes.\",\"publisher\":{\"@id\":\"https:\/\/la-ptite-cerise.be\/#organization\"},\"potentialAction\":[{\"@type\":\"SearchAction\",\"target\":{\"@type\":\"EntryPoint\",\"urlTemplate\":\"https:\/\/la-ptite-cerise.be\/?s={search_term_string}\"},\"query-input\":{\"@type\":\"PropertyValueSpecification\",\"valueRequired\":true,\"valueName\":\"search_term_string\"}}],\"inLanguage\":\"en-US\"},{\"@type\":\"Organization\",\"@id\":\"https:\/\/la-ptite-cerise.be\/#organization\",\"name\":\"La P'tite Cerise\",\"url\":\"https:\/\/la-ptite-cerise.be\/\",\"logo\":{\"@type\":\"ImageObject\",\"inLanguage\":\"en-US\",\"@id\":\"https:\/\/la-ptite-cerise.be\/#\/schema\/logo\/image\/\",\"url\":\"https:\/\/la-ptite-cerise.be\/wp-content\/uploads\/2020\/10\/logo-header-01.jpg\",\"contentUrl\":\"https:\/\/la-ptite-cerise.be\/wp-content\/uploads\/2020\/10\/logo-header-01.jpg\",\"width\":176,\"height\":100,\"caption\":\"La P'tite Cerise\"},\"image\":{\"@id\":\"https:\/\/la-ptite-cerise.be\/#\/schema\/logo\/image\/\"},\"sameAs\":[\"https:\/\/www.facebook.com\/laptitecerise\/\",\"https:\/\/www.instagram.com\/la.ptite_cerise\/\"]}]}<\/script>\n<!-- \/ Yoast SEO plugin. -->","yoast_head_json":{"title":"KENYA Massai DOUBLE LAVE (Copie) - La P&#039;tite Cerise","robots":{"index":"index","follow":"follow","max-snippet":"max-snippet:-1","max-image-preview":"max-image-preview:large","max-video-preview":"max-video-preview:-1"},"canonical":"https:\/\/la-ptite-cerise.be\/produit\/indonesie-kayumas-nature-anaerobic\/","og_locale":"en_US","og_type":"article","og_title":"KENYA Massai DOUBLE LAVE (Copie) - La P&#039;tite Cerise","og_description":"(48\u20ac\/kg) SCA score: 84Tasting notes: Red fruits, Orange peel","og_url":"https:\/\/la-ptite-cerise.be\/produit\/indonesie-kayumas-nature-anaerobic\/","og_site_name":"La P&#039;tite Cerise","article_publisher":"https:\/\/www.facebook.com\/laptitecerise\/","article_modified_time":"2025-06-23T14:27:29+00:00","og_image":[{"width":500,"height":500,"url":"https:\/\/la-ptite-cerise.be\/wp-content\/uploads\/2025\/06\/Etiquettes-500x500px-Kayumas.png","type":"image\/png"}],"twitter_card":"summary_large_image","twitter_misc":{"Est. reading time":"1 minute"},"schema":{"@context":"https:\/\/schema.org","@graph":[{"@type":"WebPage","@id":"https:\/\/la-ptite-cerise.be\/produit\/indonesie-kayumas-nature-anaerobic\/","url":"https:\/\/la-ptite-cerise.be\/produit\/indonesie-kayumas-nature-anaerobic\/","name":"KENYA Massai DOUBLE LAVE (Copie) - La P&#039;tite Cerise","isPartOf":{"@id":"https:\/\/la-ptite-cerise.be\/#website"},"primaryImageOfPage":{"@id":"https:\/\/la-ptite-cerise.be\/produit\/indonesie-kayumas-nature-anaerobic\/#primaryimage"},"image":{"@id":"https:\/\/la-ptite-cerise.be\/produit\/indonesie-kayumas-nature-anaerobic\/#primaryimage"},"thumbnailUrl":"https:\/\/la-ptite-cerise.be\/wp-content\/uploads\/2025\/06\/Etiquettes-500x500px-Kayumas.png","datePublished":"2025-06-23T14:11:45+00:00","dateModified":"2025-06-23T14:27:29+00:00","breadcrumb":{"@id":"https:\/\/la-ptite-cerise.be\/produit\/indonesie-kayumas-nature-anaerobic\/#breadcrumb"},"inLanguage":"en-US","potentialAction":[{"@type":"ReadAction","target":["https:\/\/la-ptite-cerise.be\/produit\/indonesie-kayumas-nature-anaerobic\/"]}]},{"@type":"ImageObject","inLanguage":"en-US","@id":"https:\/\/la-ptite-cerise.be\/produit\/indonesie-kayumas-nature-anaerobic\/#primaryimage","url":"https:\/\/la-ptite-cerise.be\/wp-content\/uploads\/2025\/06\/Etiquettes-500x500px-Kayumas.png","contentUrl":"https:\/\/la-ptite-cerise.be\/wp-content\/uploads\/2025\/06\/Etiquettes-500x500px-Kayumas.png","width":500,"height":500},{"@type":"BreadcrumbList","@id":"https:\/\/la-ptite-cerise.be\/produit\/indonesie-kayumas-nature-anaerobic\/#breadcrumb","itemListElement":[{"@type":"ListItem","position":1,"name":"Accueil","item":"https:\/\/la-ptite-cerise.be\/en\/"},{"@type":"ListItem","position":2,"name":"Store","item":"https:\/\/la-ptite-cerise.be\/boutique\/"},{"@type":"ListItem","position":3,"name":"KENYA Massai DOUBLE LAVE (Copie)"}]},{"@type":"WebSite","@id":"https:\/\/la-ptite-cerise.be\/#website","url":"https:\/\/la-ptite-cerise.be\/","name":"La P'tite Cerise","description":"Artisan torr\u00e9facteur de caf\u00e9 de sp\u00e9cialit\u00e9. S\u00e9lection de th\u00e9s &amp; tisanes.","publisher":{"@id":"https:\/\/la-ptite-cerise.be\/#organization"},"potentialAction":[{"@type":"SearchAction","target":{"@type":"EntryPoint","urlTemplate":"https:\/\/la-ptite-cerise.be\/?s={search_term_string}"},"query-input":{"@type":"PropertyValueSpecification","valueRequired":true,"valueName":"search_term_string"}}],"inLanguage":"en-US"},{"@type":"Organization","@id":"https:\/\/la-ptite-cerise.be\/#organization","name":"La P'tite Cerise","url":"https:\/\/la-ptite-cerise.be\/","logo":{"@type":"ImageObject","inLanguage":"en-US","@id":"https:\/\/la-ptite-cerise.be\/#\/schema\/logo\/image\/","url":"https:\/\/la-ptite-cerise.be\/wp-content\/uploads\/2020\/10\/logo-header-01.jpg","contentUrl":"https:\/\/la-ptite-cerise.be\/wp-content\/uploads\/2020\/10\/logo-header-01.jpg","width":176,"height":100,"caption":"La P'tite Cerise"},"image":{"@id":"https:\/\/la-ptite-cerise.be\/#\/schema\/logo\/image\/"},"sameAs":["https:\/\/www.facebook.com\/laptitecerise\/","https:\/\/www.instagram.com\/la.ptite_cerise\/"]}]}},"_links":{"self":[{"href":"https:\/\/la-ptite-cerise.be\/en\/wp-json\/wp\/v2\/product\/14804","targetHints":{"allow":["GET"]}}],"collection":[{"href":"https:\/\/la-ptite-cerise.be\/en\/wp-json\/wp\/v2\/product"}],"about":[{"href":"https:\/\/la-ptite-cerise.be\/en\/wp-json\/wp\/v2\/types\/product"}],"wp:featuredmedia":[{"embeddable":true,"href":"https:\/\/la-ptite-cerise.be\/en\/wp-json\/wp\/v2\/media\/14839"}],"wp:attachment":[{"href":"https:\/\/la-ptite-cerise.be\/en\/wp-json\/wp\/v2\/media?parent=14804"}],"wp:term":[{"taxonomy":"product_brand","embeddable":true,"href":"https:\/\/la-ptite-cerise.be\/en\/wp-json\/wp\/v2\/product_brand?post=14804"},{"taxonomy":"product_cat","embeddable":true,"href":"https:\/\/la-ptite-cerise.be\/en\/wp-json\/wp\/v2\/product_cat?post=14804"},{"taxonomy":"product_tag","embeddable":true,"href":"https:\/\/la-ptite-cerise.be\/en\/wp-json\/wp\/v2\/product_tag?post=14804"}],"curies":[{"name":"wp","href":"https:\/\/api.w.org\/{rel}","templated":true}]}}